{"id":43714,"date":"2025-07-27T21:06:03","date_gmt":"2025-07-27T19:06:03","guid":{"rendered":"https:\/\/spawlab.pl\/?post_type=product&#038;p=43714"},"modified":"2026-01-15T08:44:58","modified_gmt":"2026-01-15T07:44:58","slug":"castolin-castotig-1701-dc","status":"publish","type":"product","link":"https:\/\/spawlab.pl\/en\/produkt\/castolin-castotig-1701-dc\/","title":{"rendered":"Castolin Castotig 1701 DC"},"content":{"rendered":"<div style=\"font-family: Arial, sans-serif; line-height: 1.6; color: #333;\">\n<div style=\"border: 1px solid #ddd; padding: 15px; margin-bottom: 25px; border-radius: 5px; background-color: #f9f9f9; text-align: center;\">\n<p style=\"margin: 0; font-size: 16px;\"><b>Oferujemy wysokiej klasy u\u017cywany sprz\u0119t spawalniczy od renomowanych producent\u00f3w. Ka\u017cde urz\u0105dzenie jest przez nas weryfikowane. Zapewniamy fachowe doradztwo przy wyborze.<\/b><\/p>\n<\/div>\n<div style=\"border-left: 5px solid #C4122E; padding: 20px; margin-bottom: 30px; background-color: #f8f9fa; box-shadow: 0 2px 4px rgba(0,0,0,0.05);\">\n<h1 style=\"margin-top: 0; color: #c4122e; font-size: 28px;\">Castolin CastoTig 1701 DC \u2013 Legendarna Trwa\u0142o\u015b\u0107 i Pe\u0142na Wszechstronno\u015b\u0107<\/h1>\n<p style=\"font-size: 18px; margin-bottom: 0;\">Poznaj przemys\u0142owego konia roboczego, stworzonego w oparciu o szwajcarsk\u0105 filozofi\u0119 ?? <b>\u201eNaprawiaj, nie wymieniaj\u201d<\/b>. CastoTig 1701 DC to nie jest zwyk\u0142a spawarka. To precyzyjny aplikator do rozwi\u0105zywania najtrudniejszych problem\u00f3w materia\u0142owych, kt\u00f3ry swoj\u0105 niezawodno\u015bci\u0105 zawstydza wsp\u00f3\u0142czesne konstrukcje. Oferowany egzemplarz to wyj\u0105tkowa okazja dla profesjonalisty, kt\u00f3ry ceni sobie bezkompromisow\u0105 jako\u015b\u0107 wykonania i pe\u0142ne spektrum mo\u017cliwo\u015bci w jednym, sprawdzonym w boju urz\u0105dzeniu.<\/p>\n<\/div>\n<h2 style=\"font-size: 24px; color: #333; border-bottom: 3px solid #C4122E; padding-bottom: 10px; margin-top: 40px; margin-bottom: 20px;\">Pe\u0142ne Spektrum Mo\u017cliwo\u015bci Technicznych<\/h2>\n<p style=\"font-size: 16px;\">CastoTig 1701 DC to urz\u0105dzenie dwuprocesowe, kt\u00f3re oferuje kompletny zestaw funkcji niezb\u0119dnych do profesjonalnej pracy zar\u00f3wno w warsztacie, jak i w terenie. Zosta\u0142o zaprojektowane, aby da\u0107 operatorowi pe\u0142n\u0105 kontrol\u0119 i niezawodno\u015b\u0107 w ka\u017cdej sytuacji.<\/p>\n<div style=\"background-color: #f9f9f9; padding: 20px; border-radius: 5px; margin-bottom: 20px;\">\n<h3 style=\"margin-top: 0; color: #c4122e; font-size: 20px;\">Proces TIG DC \u2013 Precyzja i Kontrola<\/h3>\n<ul style=\"list-style-type: '\u2713'; padding-left: 20px;\">\n<li style=\"padding-left: 10px; margin-bottom: 15px;\"><b>Bezstykowe Zajarzenie \u0141uku (HF):<\/b> Gwarantuje idealnie czysty start spawania bez dotykania materia\u0142u. Eliminuje to ryzyko zanieczyszczenia spoiny elektrod\u0105 wolframow\u0105, co jest absolutnie kluczowe przy pracy ze stal\u0105 nierdzewn\u0105, miedzi\u0105 czy tytanem.<\/li>\n<li style=\"padding-left: 10px; margin-bottom: 15px;\"><b>Stykowe Zajarzenie \u0141uku (Lift TIG):<\/b> Alternatywna metoda startu, idealna do pracy w \u015brodowiskach wra\u017cliwych na zak\u0142\u00f3cenia elektromagnetyczne (np. w pobli\u017cu czu\u0142ej elektroniki). Zapewnia pe\u0142n\u0105 kontrol\u0119 i bezpiecze\u0144stwo.<\/li>\n<li style=\"padding-left: 10px; margin-bottom: 15px;\"><b>Sterowanie w Trybie 2T\/4T:<\/b> Niezb\u0119dna funkcja dla profesjonalist\u00f3w. Tryb <b>2T (dwutakt)<\/b> pozwala na pe\u0142n\u0105 kontrol\u0119 przy kr\u00f3tkich spoinach. Tryb <b>4T (czterotakt)<\/b> umo\u017cliwia zablokowanie przycisku, co radykalnie zwi\u0119ksza komfort i stabilno\u015b\u0107 r\u0119ki podczas wykonywania d\u0142ugich, wymagaj\u0105cych po\u0142\u0105cze\u0144, np. na ruroci\u0105gach.<\/li>\n<li style=\"padding-left: 10px; margin-bottom: 15px;\"><b>Zintegrowany Elektrozaw\u00f3r Gazu:<\/b> Urz\u0105dzenie automatycznie zarz\u0105dza przep\u0142ywem gazu os\u0142onowego. Chroni to jeziorko spawalnicze przed utlenieniem zar\u00f3wno przed zajarzeniem, jak i po wygaszeniu \u0142uku, zapewniaj\u0105c najwy\u017csz\u0105 jako\u015b\u0107 i czysto\u015b\u0107 spoiny.<\/li>\n<\/ul>\n<\/div>\n<div style=\"background-color: #f9f9f9; padding: 20px; border-radius: 5px; margin-bottom: 20px;\">\n<h3 style=\"margin-top: 0; color: #c4122e; font-size: 20px;\">Proces MMA \u2013 Moc i Niezawodno\u015b\u0107 w Terenie<\/h3>\n<ul style=\"list-style-type: '\u2713'; padding-left: 20px;\">\n<li style=\"padding-left: 10px; margin-bottom: 15px;\"><b>Pot\u0119\u017cne Napi\u0119cie Biegu Ja\u0142owego (93V):<\/b> To sekretna bro\u0144 tego urz\u0105dzenia. Tak wysokie napi\u0119cie gwarantuje natychmiastowe zajarzenie \u0142uku z praktycznie ka\u017cd\u0105 elektrod\u0105 otulon\u0105 \u2013 rutylow\u0105, zasadow\u0105, celulozow\u0105, a przede wszystkim ze specjalistycznymi elektrodami do napraw.<\/li>\n<li style=\"padding-left: 10px; margin-bottom: 15px;\"><b>Wszechstronno\u015b\u0107 Elektrod:<\/b> Dzi\u0119ki stabilnemu \u0142ukowi i wysokiemu OCV, spawarka doskonale radzi sobie z elektrodami do stali nierdzewnych, \u017celiwa, napawania twardego (regeneracji) oraz \u0142\u0105czenia stali trudnospawalnych. To czyni j\u0105 idealnym narz\u0119dziem dla dzia\u0142\u00f3w utrzymania ruchu.<\/li>\n<\/ul>\n<\/div>\n<div style=\"background-color: #f9f9f9; padding: 20px; border-radius: 5px; margin-bottom: 20px;\">\n<h3 style=\"margin-top: 0; color: #c4122e; font-size: 20px;\">?\ufe0f Funkcje Gwarantuj\u0105ce Trwa\u0142o\u015b\u0107 i Bezpiecze\u0144stwo<\/h3>\n<ul style=\"list-style-type: '\u2713'; padding-left: 20px;\">\n<li style=\"padding-left: 10px; margin-bottom: 15px;\"><b>Przemys\u0142owy Cykl Pracy:<\/b> Urz\u0105dzenie jest testowane w temperaturze <b>40\u00b0C<\/b>, co gwarantuje 100% sprawno\u015bci przy pr\u0105dzie 115 A. Mo\u017cesz spawa\u0107 bez obaw o przegrzanie w realnych warunkach warsztatowych.<\/li>\n<li style=\"padding-left: 10px; margin-bottom: 15px;\"><b>Stopie\u0144 Ochrony IP23:<\/b> Obudowa jest odporna na cia\u0142a sta\u0142e i natryskiwanie wod\u0105, co pozwala na bezpieczn\u0105 prac\u0119 w warunkach polowych i przemys\u0142owych.<\/li>\n<li style=\"padding-left: 10px; margin-bottom: 15px;\"><b>Odporno\u015b\u0107 na Wahania Napi\u0119cia:<\/b> Du\u017ca tolerancja (\u00b115-20%) zapewnia stabiln\u0105 prac\u0119 nawet na d\u0142ugich przed\u0142u\u017caczach lub przy zasilaniu z agregatu pr\u0105dotw\u00f3rczego.<\/li>\n<\/ul>\n<\/div>\n<h2 style=\"font-size: 24px; color: #333; border-bottom: 3px solid #C4122E; padding-bottom: 10px; margin-top: 40px; margin-bottom: 20px;\">Aplikator Rozwi\u0105za\u0144 Metalurgicznych Castolin<\/h2>\n<p style=\"font-size: 16px;\">Prawdziwa si\u0142a CastoTig 1701 DC wykracza poza standardowe spawanie. To precyzyjne narz\u0119dzie stworzone do synergii z unikalnymi materia\u0142ami eksploatacyjnymi Castolin, pozwalaj\u0105ce na realizacj\u0119 najbardziej zaawansowanych zada\u0144 naprawczych i regeneracyjnych.<\/p>\n<ul style=\"list-style: none; padding-left: 0;\">\n<li style=\"margin-bottom: 15px;\"><b><span style=\"color: #c4122e;\">\u25cf<\/span> Naprawa p\u0119kni\u0119\u0107 w stalach trudnospawalnych:<\/b> Bezproblemowa praca z elektrodami <b>XHD 6868<\/b> do tworzenia warstw buforowych i \u0142\u0105czenia stali o wysokiej wytrzyma\u0142o\u015bci.<\/li>\n<li style=\"margin-bottom: 15px;\"><b><span style=\"color: #c4122e;\">\u25cf<\/span> Regeneracja korpus\u00f3w \u017celiwnych:<\/b> Dzi\u0119ki wysokiemu OCV, urz\u0105dzenie idealnie wsp\u00f3\u0142pracuje z elektrodami <b>7330 D<\/b> do naprawy blok\u00f3w silnik\u00f3w i maszyn.<\/li>\n<li style=\"margin-bottom: 15px;\"><b><span style=\"color: #c4122e;\">\u25cf<\/span> \u0141\u0105czenie stali r\u00f3\u017cnoimiennych:<\/b> Mo\u017cliwo\u015b\u0107 precyzyjnego spawania TIG z pr\u0119tami <b>45507WS<\/b> do \u0142\u0105czenia stali nierdzewnej ze stal\u0105 w\u0119glow\u0105.<\/li>\n<li style=\"margin-bottom: 15px;\"><b><span style=\"color: #c4122e;\">\u25cf<\/span> Napawanie powierzchni \u017caroodpornych:<\/b> Precyzyjna aplikacja pr\u0119t\u00f3w TIG <b>45513WS<\/b> do tworzenia pow\u0142ok odpornych na temperatur\u0119 do 1200\u00b0C.<\/li>\n<li style=\"margin-bottom: 15px;\"><b><span style=\"color: #c4122e;\">\u25cf<\/span> Praca ze stalami Duplex:<\/b> Zdolno\u015b\u0107 do spawania MMA elektrodami <b>E 2209-17<\/b>, stosowanymi w przemy\u015ble chemicznym i morskim.<\/li>\n<\/ul>\n<h2 style=\"font-size: 24px; color: #333; border-bottom: 3px solid #C4122E; padding-bottom: 10px; margin-top: 40px; margin-bottom: 20px;\">Specyfikacja Techniczna<\/h2>\n<table style=\"width: 100%; border-collapse: collapse; margin-bottom: 30px;\">\n<tbody>\n<tr style=\"background-color: #f2f2f2;\">\n<td style=\"padding: 12px; border: 1px solid #ddd; font-weight: bold;\">Napi\u0119cie zasilania<\/td>\n<td style=\"padding: 12px; border: 1px solid #ddd;\">230 V \/ 50\/60 Hz (Tolerancja -20% | +15%)<\/td>\n<\/tr>\n<tr>\n<td style=\"padding: 12px; border: 1px solid #ddd; font-weight: bold;\">Maksymalny pr\u0105d spawania<\/td>\n<td style=\"padding: 12px; border: 1px solid #ddd;\">170 A<\/td>\n<\/tr>\n<tr style=\"background-color: #f2f2f2;\">\n<td style=\"padding: 12px; border: 1px solid #ddd; font-weight: bold;\">Cykl pracy (przemys\u0142owy, w 40\u00b0C)<\/td>\n<td style=\"padding: 12px; border: 1px solid #ddd;\"><b>100% @ 115 A<\/b> \/ 50% @ 170 A<\/td>\n<\/tr>\n<tr>\n<td style=\"padding: 12px; border: 1px solid #ddd; font-weight: bold;\">Napi\u0119cie biegu ja\u0142owego (OCV)<\/td>\n<td style=\"padding: 12px; border: 1px solid #ddd;\">93 V<\/td>\n<\/tr>\n<tr style=\"background-color: #f2f2f2;\">\n<td style=\"padding: 12px; border: 1px solid #ddd; font-weight: bold;\">Metody spawania<\/td>\n<td style=\"padding: 12px; border: 1px solid #ddd;\">TIG DC (zajarzenie HF \/ Lift) \/ MMA<\/td>\n<\/tr>\n<tr>\n<td style=\"padding: 12px; border: 1px solid #ddd; font-weight: bold;\">Stopie\u0144 ochrony<\/td>\n<td style=\"padding: 12px; border: 1px solid #ddd;\">IP23 (praca w warunkach terenowych)<\/td>\n<\/tr>\n<tr style=\"background-color: #f2f2f2;\">\n<td style=\"padding: 12px; border: 1px solid #ddd; font-weight: bold;\">Waga<\/td>\n<td style=\"padding: 12px; border: 1px solid #ddd;\">ok. 10 kg<\/td>\n<\/tr>\n<\/tbody>\n<\/table>\n<div style=\"text-align: center; padding: 20px; margin-top: 30px; background-color: #c4122e; color: white; border-radius: 5px;\">\n<p style=\"font-size: 18px; margin: 0;\"><b>Nie przegap okazji! Zainwestuj w legendarn\u0105 jako\u015b\u0107 i pe\u0142n\u0105 wszechstronno\u015b\u0107. Skontaktuj si\u0119 z nami, aby om\u00f3wi\u0107 szczeg\u00f3\u0142y.<\/b><\/p>\n<\/div>\n<\/div>\n<p>W zestawie: uchwyt tig 8m , przew\u00f3d masowy 5m, urz\u0105dzenie spawalnicze<\/p>\n","protected":false},"excerpt":{"rendered":"<p>Castolin CastoTig 1701 DC \u2013 legendarny, przemys\u0142owy ko\u0144 roboczy do spawania TIG\/MMA. Szwajcarska precyzja i pancerna konstrukcja. Niezr\u00f3wnany w spawaniu MMA dzi\u0119ki wysokiemu napi\u0119ciu 93V \u2013 idealny do elektrod specjalistycznych (\u017celiwo, napawanie). Precyzyjny TIG z zajarzeniem HF. Sprawdzony, w pe\u0142ni sprawny. Wyj\u0105tkowa okazja dla profesjonalisty ceni\u0105cego niezawodno\u015b\u0107.<\/p>\n","protected":false},"featured_media":43671,"template":"","meta":{"inline_featured_image":false},"product_brand":[810],"product_cat":[284,282,20,17],"product_tag":[4482,14177,14180,7501,808,14181,14186,681,2258,14179,644,990,1507,704,14178,776,1317,2418],"class_list":{"0":"post-43714","1":"product","2":"type-product","3":"status-publish","4":"has-post-thumbnail","6":"product_brand-castolin","7":"product_cat-chlodzone-gazem-dc-1","8":"product_cat-dc-1","9":"product_cat-tig1","10":"product_cat-uzywane","11":"product_tag-castolin","12":"product_tag-castotig-1701-dc","13":"product_tag-eutectic","14":"product_tag-napawanie","15":"product_tag-profesjonalna-spawarka","16":"product_tag-regeneracja","17":"product_tag-serwis-castolin-gliwice","18":"product_tag-spawanie-stali-nierdzewnej","19":"product_tag-spawanie-zeliwa","20":"product_tag-spawarka-castolin","21":"product_tag-spawarka-inwertorowa","22":"product_tag-spawarka-mma","23":"product_tag-spawarka-przemyslowa","24":"product_tag-spawarka-tig","25":"product_tag-spawarka-uzywana","26":"product_tag-sprzet-spawalniczy","27":"product_tag-tig-dc","28":"product_tag-zajarzenie-hf","30":"first","31":"instock","32":"taxable","33":"shipping-taxable","34":"purchasable","35":"product-type-simple"},"yoast_head":"<!-- This site is optimized with the Yoast SEO Premium plugin v27.0 (Yoast SEO v27.3) - https:\/\/yoast.com\/product\/yoast-seo-premium-wordpress\/ -->\n<title>U\u017cywana Spawarka Castolin CastoTig 1701 DC | TIG\/MMA | Gwarancja<\/title>\n<meta name=\"description\" content=\"Szukasz niezawodnej spawarki? Sprawd\u017a Castolin CastoTig 1701 DC. Profesjonalna maszyna TIG\/MMA, idealna do napraw i spawania \u017celiwa. Zobacz ofert\u0119!\" \/>\n<meta name=\"robots\" content=\"index, follow, max-snippet:-1, max-image-preview:large, max-video-preview:-1\" \/>\n<link rel=\"canonical\" href=\"https:\/\/spawlab.pl\/en\/produkt\/castolin-castotig-1701-dc\/\" \/>\n<meta property=\"og:locale\" content=\"en_US\" \/>\n<meta property=\"og:type\" content=\"article\" \/>\n<meta property=\"og:title\" content=\"U\u017cywana Spawarka Castolin CastoTig 1701 DC | TIG\/MMA | Gwarancja\" \/>\n<meta property=\"og:description\" content=\"Na sprzeda\u017c legendarna spawarka Castolin CastoTig 1701 DC! ?? To prawdziwy ko\u0144 roboczy do najci\u0119\u017cszych zada\u0144 TIG i MMA. S\u0142ynie z niezawodno\u015bci i rewelacyjnego spawania elektrodami do \u017celiwa. Sprawdzony sprz\u0119t dla prawdziwego fachowca. Zainteresowany? Daj zna\u0107! #Castolin #Spawarka #TIG #MMA #Spawalnictwo #Warsztat #Sprz\u0119tU\u017cywany\" \/>\n<meta property=\"og:url\" content=\"https:\/\/spawlab.pl\/en\/produkt\/castolin-castotig-1701-dc\/\" \/>\n<meta property=\"og:site_name\" content=\"SpawLab - Welding equipment and plasma cutters - store and service\" \/>\n<meta property=\"article:publisher\" content=\"https:\/\/www.facebook.com\/Spawlab\/\" \/>\n<meta property=\"article:modified_time\" content=\"2026-01-15T07:44:58+00:00\" \/>\n<meta property=\"og:image\" content=\"https:\/\/spawlab.pl\/wp-content\/uploads\/2025\/07\/20250724_160445-scaled.jpg\" \/>\n\t<meta property=\"og:image:width\" content=\"1920\" \/>\n\t<meta property=\"og:image:height\" content=\"2560\" \/>\n\t<meta property=\"og:image:type\" content=\"image\/jpeg\" \/>\n<meta name=\"twitter:label1\" content=\"Price\" \/>\n\t<meta name=\"twitter:data1\" content=\"4 920,00&nbsp;&#122;&#322; (4 000,00&nbsp;&#122;&#322; netto)\" \/>\n\t<meta name=\"twitter:label2\" content=\"Availability\" \/>\n\t<meta name=\"twitter:data2\" content=\"In stock\" \/>\n<script type=\"application\/ld+json\" class=\"yoast-schema-graph\">{\"@context\":\"https:\\\/\\\/schema.org\",\"@graph\":[{\"@type\":[\"WebPage\",\"ItemPage\"],\"@id\":\"https:\\\/\\\/spawlab.pl\\\/en\\\/produkt\\\/castolin-castotig-1701-dc\\\/\",\"url\":\"https:\\\/\\\/spawlab.pl\\\/en\\\/produkt\\\/castolin-castotig-1701-dc\\\/\",\"name\":\"U\u017cywana Spawarka Castolin CastoTig 1701 DC | TIG\\\/MMA | Gwarancja\",\"isPartOf\":{\"@id\":\"https:\\\/\\\/spawlab.pl\\\/en\\\/#website\"},\"primaryImageOfPage\":{\"@id\":\"https:\\\/\\\/spawlab.pl\\\/en\\\/produkt\\\/castolin-castotig-1701-dc\\\/#primaryimage\"},\"image\":{\"@id\":\"https:\\\/\\\/spawlab.pl\\\/en\\\/produkt\\\/castolin-castotig-1701-dc\\\/#primaryimage\"},\"thumbnailUrl\":\"https:\\\/\\\/spawlab.pl\\\/wp-content\\\/uploads\\\/2025\\\/07\\\/20250724_160445-scaled.jpg\",\"datePublished\":\"2025-07-27T19:06:03+00:00\",\"dateModified\":\"2026-01-15T07:44:58+00:00\",\"description\":\"Szukasz niezawodnej spawarki? Sprawd\u017a Castolin CastoTig 1701 DC. Profesjonalna maszyna TIG\\\/MMA, idealna do napraw i spawania \u017celiwa. Zobacz ofert\u0119!\",\"breadcrumb\":{\"@id\":\"https:\\\/\\\/spawlab.pl\\\/en\\\/produkt\\\/castolin-castotig-1701-dc\\\/#breadcrumb\"},\"inLanguage\":\"en-US\",\"potentialAction\":[{\"@type\":\"ReadAction\",\"target\":[\"https:\\\/\\\/spawlab.pl\\\/en\\\/produkt\\\/castolin-castotig-1701-dc\\\/\"]}]},{\"@type\":\"ImageObject\",\"inLanguage\":\"en-US\",\"@id\":\"https:\\\/\\\/spawlab.pl\\\/en\\\/produkt\\\/castolin-castotig-1701-dc\\\/#primaryimage\",\"url\":\"https:\\\/\\\/spawlab.pl\\\/wp-content\\\/uploads\\\/2025\\\/07\\\/20250724_160445-scaled.jpg\",\"contentUrl\":\"https:\\\/\\\/spawlab.pl\\\/wp-content\\\/uploads\\\/2025\\\/07\\\/20250724_160445-scaled.jpg\",\"width\":1920,\"height\":2560},{\"@type\":\"BreadcrumbList\",\"@id\":\"https:\\\/\\\/spawlab.pl\\\/en\\\/produkt\\\/castolin-castotig-1701-dc\\\/#breadcrumb\",\"itemListElement\":[{\"@type\":\"ListItem\",\"position\":1,\"name\":\"Strona g\u0142\u00f3wna\",\"item\":\"https:\\\/\\\/spawlab.pl\\\/en\\\/\"},{\"@type\":\"ListItem\",\"position\":2,\"name\":\"Store\",\"item\":\"https:\\\/\\\/spawlab.pl\\\/en\\\/shop\\\/\"},{\"@type\":\"ListItem\",\"position\":3,\"name\":\"Castolin Castotig 1701 DC\"}]},{\"@type\":\"WebSite\",\"@id\":\"https:\\\/\\\/spawlab.pl\\\/en\\\/#website\",\"url\":\"https:\\\/\\\/spawlab.pl\\\/en\\\/\",\"name\":\"Spawlab.pl Lider - Spawarki, Przecinarki Plazmowe, Kompresory\",\"description\":\"Urz\u0105dzenia spawalnicze i Przecinarki plazmowe\\\/ nowe i u\u017cywane \\\/ Profesjonalny serwis\",\"publisher\":{\"@id\":\"https:\\\/\\\/spawlab.pl\\\/en\\\/#organization\"},\"alternateName\":\"Spawlab.pl - Dystrybutor Premium i Serwis na Polske Migatronic, Gys, Voestalpine Bohler Welding\",\"potentialAction\":[{\"@type\":\"SearchAction\",\"target\":{\"@type\":\"EntryPoint\",\"urlTemplate\":\"https:\\\/\\\/spawlab.pl\\\/en\\\/?s={search_term_string}\"},\"query-input\":{\"@type\":\"PropertyValueSpecification\",\"valueRequired\":true,\"valueName\":\"search_term_string\"}}],\"inLanguage\":\"en-US\"},{\"@type\":[\"Organization\",\"Place\"],\"@id\":\"https:\\\/\\\/spawlab.pl\\\/en\\\/#organization\",\"name\":\"Spawlab.pl\",\"url\":\"https:\\\/\\\/spawlab.pl\\\/en\\\/\",\"logo\":{\"@id\":\"https:\\\/\\\/spawlab.pl\\\/en\\\/produkt\\\/castolin-castotig-1701-dc\\\/#local-main-organization-logo\"},\"image\":{\"@id\":\"https:\\\/\\\/spawlab.pl\\\/en\\\/produkt\\\/castolin-castotig-1701-dc\\\/#local-main-organization-logo\"},\"sameAs\":[\"https:\\\/\\\/www.facebook.com\\\/Spawlab\\\/\",\"https:\\\/\\\/www.linkedin.com\\\/company\\\/spawlab\",\"https:\\\/\\\/www.instagram.com\\\/spawlab.pl\",\"https:\\\/\\\/www.tiktok.com\\\/@spawlab\"],\"description\":\"Lider sprzeda\u017cy, Oficjalny Dystrybutor Premium i Serwis na Polsk\u0119 Migatronic, Gys, Voestalpine Bohler Welding. Nowe i u\u017cywane Spawarki, Przecinarki Plazmowe, Kompresory. Mgr in\u017c. Jaros\u0142aw Ko\u0142aski, IWE\",\"hasMerchantReturnPolicy\":{\"@type\":\"MerchantReturnPolicy\",\"merchantReturnLink\":\"https:\\\/\\\/spawlab.pl\\\/polityka-prywatnosci-2\\\/\"},\"telephone\":[],\"openingHoursSpecification\":[{\"@type\":\"OpeningHoursSpecification\",\"dayOfWeek\":[\"Monday\",\"Tuesday\",\"Wednesday\",\"Thursday\",\"Friday\",\"Saturday\",\"Sunday\"],\"opens\":\"09:00\",\"closes\":\"17:00\"}]},{\"@type\":\"ImageObject\",\"inLanguage\":\"en-US\",\"@id\":\"https:\\\/\\\/spawlab.pl\\\/en\\\/produkt\\\/castolin-castotig-1701-dc\\\/#local-main-organization-logo\",\"url\":\"https:\\\/\\\/spawlab.pl\\\/wp-content\\\/uploads\\\/2022\\\/01\\\/olx.jpg\",\"contentUrl\":\"https:\\\/\\\/spawlab.pl\\\/wp-content\\\/uploads\\\/2022\\\/01\\\/olx.jpg\",\"width\":200,\"height\":200,\"caption\":\"Spawlab.pl\"}]}<\/script>\n<meta property=\"product:brand\" content=\"Castolin\" \/>\n<meta property=\"product:price:amount\" content=\"4920.00\" \/>\n<meta property=\"product:price:currency\" content=\"PLN\" \/>\n<meta property=\"og:availability\" content=\"instock\" \/>\n<meta property=\"product:availability\" content=\"instock\" \/>\n<meta property=\"product:condition\" content=\"new\" \/>\n<!-- \/ Yoast SEO Premium plugin. -->","yoast_head_json":{"title":"U\u017cywana Spawarka Castolin CastoTig 1701 DC | TIG\/MMA | Gwarancja","description":"Szukasz niezawodnej spawarki? Sprawd\u017a Castolin CastoTig 1701 DC. Profesjonalna maszyna TIG\/MMA, idealna do napraw i spawania \u017celiwa. Zobacz ofert\u0119!","robots":{"index":"index","follow":"follow","max-snippet":"max-snippet:-1","max-image-preview":"max-image-preview:large","max-video-preview":"max-video-preview:-1"},"canonical":"https:\/\/spawlab.pl\/en\/produkt\/castolin-castotig-1701-dc\/","og_locale":"en_US","og_type":"article","og_title":"U\u017cywana Spawarka Castolin CastoTig 1701 DC | TIG\/MMA | Gwarancja","og_description":"Na sprzeda\u017c legendarna spawarka Castolin CastoTig 1701 DC! ?? To prawdziwy ko\u0144 roboczy do najci\u0119\u017cszych zada\u0144 TIG i MMA. S\u0142ynie z niezawodno\u015bci i rewelacyjnego spawania elektrodami do \u017celiwa. Sprawdzony sprz\u0119t dla prawdziwego fachowca. Zainteresowany? Daj zna\u0107! #Castolin #Spawarka #TIG #MMA #Spawalnictwo #Warsztat #Sprz\u0119tU\u017cywany","og_url":"https:\/\/spawlab.pl\/en\/produkt\/castolin-castotig-1701-dc\/","og_site_name":"SpawLab - Welding equipment and plasma cutters - store and service","article_publisher":"https:\/\/www.facebook.com\/Spawlab\/","article_modified_time":"2026-01-15T07:44:58+00:00","og_image":[{"width":1920,"height":2560,"url":"https:\/\/spawlab.pl\/wp-content\/uploads\/2025\/07\/20250724_160445-scaled.jpg","type":"image\/jpeg"}],"twitter_misc":{"Price":"4 920,00&nbsp;&#122;&#322; (4 000,00&nbsp;&#122;&#322; netto)","Availability":"In stock"},"schema":{"@context":"https:\/\/schema.org","@graph":[{"@type":["WebPage","ItemPage"],"@id":"https:\/\/spawlab.pl\/en\/produkt\/castolin-castotig-1701-dc\/","url":"https:\/\/spawlab.pl\/en\/produkt\/castolin-castotig-1701-dc\/","name":"U\u017cywana Spawarka Castolin CastoTig 1701 DC | TIG\/MMA | Gwarancja","isPartOf":{"@id":"https:\/\/spawlab.pl\/en\/#website"},"primaryImageOfPage":{"@id":"https:\/\/spawlab.pl\/en\/produkt\/castolin-castotig-1701-dc\/#primaryimage"},"image":{"@id":"https:\/\/spawlab.pl\/en\/produkt\/castolin-castotig-1701-dc\/#primaryimage"},"thumbnailUrl":"https:\/\/spawlab.pl\/wp-content\/uploads\/2025\/07\/20250724_160445-scaled.jpg","datePublished":"2025-07-27T19:06:03+00:00","dateModified":"2026-01-15T07:44:58+00:00","description":"Szukasz niezawodnej spawarki? Sprawd\u017a Castolin CastoTig 1701 DC. Profesjonalna maszyna TIG\/MMA, idealna do napraw i spawania \u017celiwa. Zobacz ofert\u0119!","breadcrumb":{"@id":"https:\/\/spawlab.pl\/en\/produkt\/castolin-castotig-1701-dc\/#breadcrumb"},"inLanguage":"en-US","potentialAction":[{"@type":"ReadAction","target":["https:\/\/spawlab.pl\/en\/produkt\/castolin-castotig-1701-dc\/"]}]},{"@type":"ImageObject","inLanguage":"en-US","@id":"https:\/\/spawlab.pl\/en\/produkt\/castolin-castotig-1701-dc\/#primaryimage","url":"https:\/\/spawlab.pl\/wp-content\/uploads\/2025\/07\/20250724_160445-scaled.jpg","contentUrl":"https:\/\/spawlab.pl\/wp-content\/uploads\/2025\/07\/20250724_160445-scaled.jpg","width":1920,"height":2560},{"@type":"BreadcrumbList","@id":"https:\/\/spawlab.pl\/en\/produkt\/castolin-castotig-1701-dc\/#breadcrumb","itemListElement":[{"@type":"ListItem","position":1,"name":"Strona g\u0142\u00f3wna","item":"https:\/\/spawlab.pl\/en\/"},{"@type":"ListItem","position":2,"name":"Store","item":"https:\/\/spawlab.pl\/en\/shop\/"},{"@type":"ListItem","position":3,"name":"Castolin Castotig 1701 DC"}]},{"@type":"WebSite","@id":"https:\/\/spawlab.pl\/en\/#website","url":"https:\/\/spawlab.pl\/en\/","name":"Spawlab.pl Lider - Spawarki, Przecinarki Plazmowe, Kompresory","description":"Urz\u0105dzenia spawalnicze i Przecinarki plazmowe\/ nowe i u\u017cywane \/ Profesjonalny serwis","publisher":{"@id":"https:\/\/spawlab.pl\/en\/#organization"},"alternateName":"Spawlab.pl - Dystrybutor Premium i Serwis na Polske Migatronic, Gys, Voestalpine Bohler Welding","potentialAction":[{"@type":"SearchAction","target":{"@type":"EntryPoint","urlTemplate":"https:\/\/spawlab.pl\/en\/?s={search_term_string}"},"query-input":{"@type":"PropertyValueSpecification","valueRequired":true,"valueName":"search_term_string"}}],"inLanguage":"en-US"},{"@type":["Organization","Place"],"@id":"https:\/\/spawlab.pl\/en\/#organization","name":"Spawlab.pl","url":"https:\/\/spawlab.pl\/en\/","logo":{"@id":"https:\/\/spawlab.pl\/en\/produkt\/castolin-castotig-1701-dc\/#local-main-organization-logo"},"image":{"@id":"https:\/\/spawlab.pl\/en\/produkt\/castolin-castotig-1701-dc\/#local-main-organization-logo"},"sameAs":["https:\/\/www.facebook.com\/Spawlab\/","https:\/\/www.linkedin.com\/company\/spawlab","https:\/\/www.instagram.com\/spawlab.pl","https:\/\/www.tiktok.com\/@spawlab"],"description":"Lider sprzeda\u017cy, Oficjalny Dystrybutor Premium i Serwis na Polsk\u0119 Migatronic, Gys, Voestalpine Bohler Welding. Nowe i u\u017cywane Spawarki, Przecinarki Plazmowe, Kompresory. Mgr in\u017c. Jaros\u0142aw Ko\u0142aski, IWE","hasMerchantReturnPolicy":{"@type":"MerchantReturnPolicy","merchantReturnLink":"https:\/\/spawlab.pl\/polityka-prywatnosci-2\/"},"telephone":[],"openingHoursSpecification":[{"@type":"OpeningHoursSpecification","dayOfWeek":["Monday","Tuesday","Wednesday","Thursday","Friday","Saturday","Sunday"],"opens":"09:00","closes":"17:00"}]},{"@type":"ImageObject","inLanguage":"en-US","@id":"https:\/\/spawlab.pl\/en\/produkt\/castolin-castotig-1701-dc\/#local-main-organization-logo","url":"https:\/\/spawlab.pl\/wp-content\/uploads\/2022\/01\/olx.jpg","contentUrl":"https:\/\/spawlab.pl\/wp-content\/uploads\/2022\/01\/olx.jpg","width":200,"height":200,"caption":"Spawlab.pl"}]},"product_brand":"Castolin","product_price_amount":"4920.00","product_price_currency":"PLN","og_availability":"instock","product_availability":"instock","product_condition":"new"},"_links":{"self":[{"href":"https:\/\/spawlab.pl\/en\/wp-json\/wp\/v2\/product\/43714","targetHints":{"allow":["GET"]}}],"collection":[{"href":"https:\/\/spawlab.pl\/en\/wp-json\/wp\/v2\/product"}],"about":[{"href":"https:\/\/spawlab.pl\/en\/wp-json\/wp\/v2\/types\/product"}],"wp:featuredmedia":[{"embeddable":true,"href":"https:\/\/spawlab.pl\/en\/wp-json\/wp\/v2\/media\/43671"}],"wp:attachment":[{"href":"https:\/\/spawlab.pl\/en\/wp-json\/wp\/v2\/media?parent=43714"}],"wp:term":[{"taxonomy":"product_brand","embeddable":true,"href":"https:\/\/spawlab.pl\/en\/wp-json\/wp\/v2\/product_brand?post=43714"},{"taxonomy":"product_cat","embeddable":true,"href":"https:\/\/spawlab.pl\/en\/wp-json\/wp\/v2\/product_cat?post=43714"},{"taxonomy":"product_tag","embeddable":true,"href":"https:\/\/spawlab.pl\/en\/wp-json\/wp\/v2\/product_tag?post=43714"}],"curies":[{"name":"wp","href":"https:\/\/api.w.org\/{rel}","templated":true}]}}