{"id":48108,"date":"2025-10-10T10:12:35","date_gmt":"2025-10-10T08:12:35","guid":{"rendered":"https:\/\/spawlab.pl\/?post_type=product&#038;p=48108"},"modified":"2025-10-10T10:50:24","modified_gmt":"2025-10-10T08:50:24","slug":"migatronic-pi-250-tig-ac-dc-w-kopia-kopia-kopia-kopia-2","status":"publish","type":"product","link":"https:\/\/spawlab.pl\/en\/produkt\/migatronic-pi-250-tig-ac-dc-w-kopia-kopia-kopia-kopia-2\/","title":{"rendered":"Migatronic Pi 250 TIG Ac\/Dc W (Kopia) (Kopia) (Kopia) (Kopia)"},"content":{"rendered":"<p>NEW PULSE SOUND WITH SYNERGY PLUS\u2122 FUNCTION In addition to traditional pulse and high-speed pulse in DC TIG technology, Pi machines are equipped with a Migatronic invention called Synergy PLUS\u2122, a special pulse function that allows automatic and dynamic setting of all main pulse parameters during synergy welding.<br \/>\nThus, with the Synergy PLUS\u2122 function, the traditional pulse welding sound has been replaced by a pure metallic sound.<\/p>\n<p>UP TO 4 X 64 PROGRAM SETTINGS All Pi 350-500 TIG welders<br \/>\nallow you to enter 64 program settings for each welding technique: TIG DC, TIG AC, MMA DC and MMA AC, so the welder can quickly and safely recall<br \/>\ncustomized settings, which is very helpful for repetitive tasks. The Pi 200 &#8211; 250 TIG welders allow 10 program settings for each welding technique <\/p>\n<p>TIG LIFTIG\u00ae IN THE STANDARD EQUIPMENT OF ALL SPAWARDS All Pi TIG and MMA machines come standard with the TIG LIFTIG\u00ae function (HF-free &#8211; high-frequency ignition) for TIG welding in voltage-sensitive environments.<\/p>\n<p>WELDING MODES IN THE SUBMENU The user-friendly panels of the Pi welders offer many shortcuts to make welding much easier. The submenus contain a variety of different options for making custom settings for the welding process. <\/p>\n<p>TIG-A-TACK\u2122 &#8211; THE PINNACLE OF TACK WELDING<\/p>\n<p>TIG-A-Tack\u2122 (standard) is Migatronic&#8217;s newly developed feature for making extremely small and precise tack welds quickly. It makes it possible to reduce the risk of distortion and material damage. <\/p>\n<p>REDUCTION OF FAN NOISE AND ENERGY CONSUMPTION<\/p>\n<p>Migatronic Pi was developed with respect for both the environment and the working environment. The infinitely adjustable fan operates with precision and adjusts automatically to the current load\/cooling degree required of the machine. The result is reduced fan noise, lower energy consumption and dust absorption, as well as longer welder life.  <\/p>\n<p>AC WELDING: ONE BUTTON &#8211; FOUR PARAMETERS<br \/>\nThe art of simplification: the PI AC\/DC versions allow the welder to adjust four main AC parameters with just one button:<\/p>\n<p>1 Balanced time &#8211; overall control of the cleaning effect<\/p>\n<p>2 Frequency of alternating current &#8211; control of the arc and lake<br \/>\n3 Preheating of the electrode- perfect ignition and reduction of electrode wear &#8211; device prepared to work with new types of gases<br \/>\n4 Balance of current &#8211; thanks to it, the tip of the tungsten electrode behaves as in the case of direct current &#8211; we get the correct focus of the arc<\/p>\n<p>D.O.C\u00ae &#8211; Faster Alternating Current Welding All Pi AC welders feature D.O.C.\u00ae (Dynamic Oxide Control), a Migatronic patent that ensures that a controlled, narrow cleaning zone is maintained. The result is an increase in welding speed of up to 30%, and a corresponding reduction in both energy and tungsten electrode consumption.<\/p>\n<p><img fetchpriority=\"high\" decoding=\"async\" class=\"alignnone wp-image-6437\" src=\"https:\/\/spawlab.pl\/wp-content\/smush-avif\/2022\/02\/pi.jpg.avif\" sizes=\"(max-width: 580px) 100vw, 580px\" srcset=\"https:\/\/spawlab.pl\/wp-content\/smush-avif\/2022\/02\/pi.jpg.avif 1394w, https:\/\/spawlab.pl\/wp-content\/uploads\/2022\/02\/xpi-300x241.jpg.pagespeed.ic.SpGlnEM5hV.webp 300w, https:\/\/spawlab.pl\/wp-content\/uploads\/2022\/02\/xpi-1024x823.jpg.pagespeed.ic.kaR2ggwXx2.webp 1024w, https:\/\/spawlab.pl\/wp-content\/uploads\/2022\/02\/xpi-768x618.jpg.pagespeed.ic.PaydR5KO_y.webp 768w, https:\/\/spawlab.pl\/wp-content\/smush-avif\/2022\/02\/pi-1320x1061.jpg.avif 1320w, https:\/\/spawlab.pl\/wp-content\/uploads\/2022\/02\/xpi-600x482.jpg.pagespeed.ic.HrMU4CunAG.webp 600w, https:\/\/spawlab.pl\/wp-content\/uploads\/2022\/02\/xpi-64x51.jpg.pagespeed.ic.NCTl7D1Y7Q.webp 64w\" alt=\"\" width=\"580\" height=\"466\" data-pagespeed-url-hash=\"1352980171\" data-smush-avif-fallback=\"{&quot;src&quot;:&quot;https:\\\/\\\/spawlab.pl\\\/wp-content\\\/uploads\\\/2022\\\/02\\\/pi.jpg&quot;,&quot;srcset&quot;:&quot;https:\\\/\\\/spawlab.pl\\\/wp-content\\\/uploads\\\/2022\\\/02\\\/pi.jpg 1394w, https:\\\/\\\/spawlab.pl\\\/wp-content\\\/uploads\\\/2022\\\/02\\\/xpi-300x241.jpg.pagespeed.ic.SpGlnEM5hV.webp 300w, https:\\\/\\\/spawlab.pl\\\/wp-content\\\/uploads\\\/2022\\\/02\\\/xpi-1024x823.jpg.pagespeed.ic.kaR2ggwXx2.webp 1024w, https:\\\/\\\/spawlab.pl\\\/wp-content\\\/uploads\\\/2022\\\/02\\\/xpi-768x618.jpg.pagespeed.ic.PaydR5KO_y.webp 768w, https:\\\/\\\/spawlab.pl\\\/wp-content\\\/uploads\\\/2022\\\/02\\\/pi-1320x1061.jpg 1320w, https:\\\/\\\/spawlab.pl\\\/wp-content\\\/uploads\\\/2022\\\/02\\\/xpi-600x482.jpg.pagespeed.ic.HrMU4CunAG.webp 600w, https:\\\/\\\/spawlab.pl\\\/wp-content\\\/uploads\\\/2022\\\/02\\\/xpi-64x51.jpg.pagespeed.ic.NCTl7D1Y7Q.webp 64w&quot;}\"><\/p>\n<p>&nbsp;<\/p>\n<p><strong>The price of the new one is 37 400 PLN gross<\/strong><\/p>\n<p>RECOMMEND!<br \/>\nJaroslaw Kolaski, M.Sc., IWE<br \/>\nIWE-International Welding Engineer <\/p>\n","protected":false},"excerpt":{"rendered":"<p>NEW PULSE SOUND WITH SYNERGY PLUS\u2122 FUNCTION In addition to traditional pulse and high-speed pulse in DC TIG technology, Pi machines are equipped with a Migatronic invention called Synergy PLUS\u2122, a special pulse function that allows automatic and dynamic setting of all main pulse parameters during synergy welding. Thus, with the Synergy PLUS\u2122 function, the [&hellip;]<\/p>\n","protected":false},"featured_media":49903,"template":"","meta":{"inline_featured_image":false},"product_brand":[],"product_cat":[482,493,473],"product_tag":[4503,4501,3471,3522,3444,3572,3506,10846,8369,4474,4428,3600,6448],"class_list":{"0":"post-48108","1":"product","2":"type-product","3":"status-publish","4":"has-post-thumbnail","6":"product_cat-gas-cooled-en-3","7":"product_cat-mig-mag-en","8":"product_cat-used","9":"product_tag-400a-welder","10":"product_tag-industrial-welder","11":"product_tag-inverter-welder","12":"product_tag-mig-mag-welder","13":"product_tag-mma-welding","14":"product_tag-professional-welder","15":"product_tag-semi-automatic-welder","16":"product_tag-spawlab-en","17":"product_tag-three-phase-welder","18":"product_tag-used-welding-equipment","19":"product_tag-used-welding-machine","20":"product_tag-welding-of-steel","21":"product_tag-wire-feeder-en","23":"first","24":"outofstock","25":"taxable","26":"shipping-taxable","27":"purchasable","28":"product-type-simple"},"yoast_head":"<!-- This site is optimized with the Yoast SEO Premium plugin v27.5 (Yoast SEO v27.6) - https:\/\/yoast.com\/product\/yoast-seo-premium-wordpress\/ -->\n<title>Migatronic Pi 250 TIG Ac\/Dc W (Kopia) (Kopia) (Kopia) (Kopia) - SpawLab - Welding equipment and plasma cutters - store and service<\/title>\n<meta name=\"description\" content=\"Lider sprzeda\u017cy, Oficjalny Dystrybutor Premium i Serwis na Polsk\u0119 Migatronic, Gys, Voestalpine Bohler Welding. Nowe i u\u017cywane Spawarki, Przecinarki Plazmowe, Kompresory. Mgr in\u017c. Jaros\u0142aw Ko\u0142aski, IWE\" \/>\n<meta name=\"robots\" content=\"index, follow, max-snippet:-1, max-image-preview:large, max-video-preview:-1\" \/>\n<link rel=\"canonical\" href=\"https:\/\/spawlab.pl\/en\/produkt\/migatronic-pi-250-tig-ac-dc-w-kopia-kopia-kopia-kopia-2\/\" \/>\n<meta property=\"og:locale\" content=\"en_US\" \/>\n<meta property=\"og:type\" content=\"article\" \/>\n<meta property=\"og:title\" content=\"Migatronic Pi 250 TIG Ac\/Dc W (Kopia) (Kopia) (Kopia) (Kopia)\" \/>\n<meta property=\"og:description\" content=\"Lider sprzeda\u017cy, Oficjalny Dystrybutor Premium i Serwis na Polsk\u0119 Migatronic, Gys, Voestalpine Bohler Welding. Nowe i u\u017cywane Spawarki, Przecinarki Plazmowe, Kompresory. Mgr in\u017c. Jaros\u0142aw Ko\u0142aski, IWE\" \/>\n<meta property=\"og:url\" content=\"https:\/\/spawlab.pl\/en\/produkt\/migatronic-pi-250-tig-ac-dc-w-kopia-kopia-kopia-kopia-2\/\" \/>\n<meta property=\"og:site_name\" content=\"SpawLab - Welding equipment and plasma cutters - store and service\" \/>\n<meta property=\"article:publisher\" content=\"https:\/\/www.facebook.com\/Spawlab\/\" \/>\n<meta property=\"article:modified_time\" content=\"2025-10-10T08:50:24+00:00\" \/>\n<meta property=\"og:image\" content=\"https:\/\/spawlab.pl\/wp-content\/uploads\/2025\/10\/20250306_131646-scaled.jpg\" \/>\n\t<meta property=\"og:image:width\" content=\"1920\" \/>\n\t<meta property=\"og:image:height\" content=\"2560\" \/>\n\t<meta property=\"og:image:type\" content=\"image\/jpeg\" \/>\n<meta name=\"twitter:label1\" content=\"Price\" \/>\n\t<meta name=\"twitter:data1\" content=\"7 380,00&nbsp;&#122;&#322; (6 000,00&nbsp;&#122;&#322; netto)\" \/>\n\t<meta name=\"twitter:label2\" content=\"Availability\" \/>\n\t<meta name=\"twitter:data2\" content=\"Out of stock\" \/>\n<script type=\"application\/ld+json\" class=\"yoast-schema-graph\">{\"@context\":\"https:\\\/\\\/schema.org\",\"@graph\":[{\"@type\":[\"WebPage\",\"ItemPage\"],\"@id\":\"https:\\\/\\\/spawlab.pl\\\/en\\\/produkt\\\/migatronic-pi-250-tig-ac-dc-w-kopia-kopia-kopia-kopia-2\\\/\",\"url\":\"https:\\\/\\\/spawlab.pl\\\/en\\\/produkt\\\/migatronic-pi-250-tig-ac-dc-w-kopia-kopia-kopia-kopia-2\\\/\",\"name\":\"Migatronic Pi 250 TIG Ac\\\/Dc W (Kopia) (Kopia) (Kopia) (Kopia) - SpawLab - Welding equipment and plasma cutters - store and service\",\"isPartOf\":{\"@id\":\"https:\\\/\\\/spawlab.pl\\\/en\\\/#website\"},\"primaryImageOfPage\":{\"@id\":\"https:\\\/\\\/spawlab.pl\\\/en\\\/produkt\\\/migatronic-pi-250-tig-ac-dc-w-kopia-kopia-kopia-kopia-2\\\/#primaryimage\"},\"image\":{\"@id\":\"https:\\\/\\\/spawlab.pl\\\/en\\\/produkt\\\/migatronic-pi-250-tig-ac-dc-w-kopia-kopia-kopia-kopia-2\\\/#primaryimage\"},\"thumbnailUrl\":\"https:\\\/\\\/spawlab.pl\\\/wp-content\\\/uploads\\\/2025\\\/10\\\/20250306_131646-scaled.jpg\",\"datePublished\":\"2025-10-10T08:12:35+00:00\",\"dateModified\":\"2025-10-10T08:50:24+00:00\",\"description\":\"Lider sprzeda\u017cy, Oficjalny Dystrybutor Premium i Serwis na Polsk\u0119 Migatronic, Gys, Voestalpine Bohler Welding. Nowe i u\u017cywane Spawarki, Przecinarki Plazmowe, Kompresory. Mgr in\u017c. Jaros\u0142aw Ko\u0142aski, IWE\",\"breadcrumb\":{\"@id\":\"https:\\\/\\\/spawlab.pl\\\/en\\\/produkt\\\/migatronic-pi-250-tig-ac-dc-w-kopia-kopia-kopia-kopia-2\\\/#breadcrumb\"},\"inLanguage\":\"en-US\",\"potentialAction\":[{\"@type\":\"ReadAction\",\"target\":[\"https:\\\/\\\/spawlab.pl\\\/en\\\/produkt\\\/migatronic-pi-250-tig-ac-dc-w-kopia-kopia-kopia-kopia-2\\\/\"]}]},{\"@type\":\"ImageObject\",\"inLanguage\":\"en-US\",\"@id\":\"https:\\\/\\\/spawlab.pl\\\/en\\\/produkt\\\/migatronic-pi-250-tig-ac-dc-w-kopia-kopia-kopia-kopia-2\\\/#primaryimage\",\"url\":\"https:\\\/\\\/spawlab.pl\\\/wp-content\\\/uploads\\\/2025\\\/10\\\/20250306_131646-scaled.jpg\",\"contentUrl\":\"https:\\\/\\\/spawlab.pl\\\/wp-content\\\/uploads\\\/2025\\\/10\\\/20250306_131646-scaled.jpg\",\"width\":1920,\"height\":2560},{\"@type\":\"BreadcrumbList\",\"@id\":\"https:\\\/\\\/spawlab.pl\\\/en\\\/produkt\\\/migatronic-pi-250-tig-ac-dc-w-kopia-kopia-kopia-kopia-2\\\/#breadcrumb\",\"itemListElement\":[{\"@type\":\"ListItem\",\"position\":1,\"name\":\"Strona g\u0142\u00f3wna\",\"item\":\"https:\\\/\\\/spawlab.pl\\\/en\\\/\"},{\"@type\":\"ListItem\",\"position\":2,\"name\":\"Store\",\"item\":\"https:\\\/\\\/spawlab.pl\\\/en\\\/shop\\\/\"},{\"@type\":\"ListItem\",\"position\":3,\"name\":\"Migatronic Pi 250 TIG Ac\\\/Dc W (Kopia) (Kopia) (Kopia) (Kopia)\"}]},{\"@type\":\"WebSite\",\"@id\":\"https:\\\/\\\/spawlab.pl\\\/en\\\/#website\",\"url\":\"https:\\\/\\\/spawlab.pl\\\/en\\\/\",\"name\":\"Spawlab.pl Lider - Spawarki, Przecinarki Plazmowe, Kompresory\",\"description\":\"Urz\u0105dzenia spawalnicze i Przecinarki plazmowe\\\/ nowe i u\u017cywane \\\/ Profesjonalny serwis\",\"publisher\":{\"@id\":\"https:\\\/\\\/spawlab.pl\\\/en\\\/#organization\"},\"alternateName\":\"Spawlab.pl - Dystrybutor Premium i Serwis na Polske Migatronic, Gys, Voestalpine Bohler Welding\",\"potentialAction\":[{\"@type\":\"SearchAction\",\"target\":{\"@type\":\"EntryPoint\",\"urlTemplate\":\"https:\\\/\\\/spawlab.pl\\\/en\\\/?s={search_term_string}\"},\"query-input\":{\"@type\":\"PropertyValueSpecification\",\"valueRequired\":true,\"valueName\":\"search_term_string\"}}],\"inLanguage\":\"en-US\"},{\"@type\":[\"Organization\",\"Place\"],\"@id\":\"https:\\\/\\\/spawlab.pl\\\/en\\\/#organization\",\"name\":\"Spawlab.pl\",\"url\":\"https:\\\/\\\/spawlab.pl\\\/en\\\/\",\"logo\":{\"@id\":\"https:\\\/\\\/spawlab.pl\\\/en\\\/produkt\\\/migatronic-pi-250-tig-ac-dc-w-kopia-kopia-kopia-kopia-2\\\/#local-main-organization-logo\"},\"image\":{\"@id\":\"https:\\\/\\\/spawlab.pl\\\/en\\\/produkt\\\/migatronic-pi-250-tig-ac-dc-w-kopia-kopia-kopia-kopia-2\\\/#local-main-organization-logo\"},\"sameAs\":[\"https:\\\/\\\/www.facebook.com\\\/Spawlab\\\/\",\"https:\\\/\\\/www.linkedin.com\\\/company\\\/spawlab\",\"https:\\\/\\\/www.instagram.com\\\/spawlab.pl\",\"https:\\\/\\\/www.tiktok.com\\\/@spawlab\"],\"description\":\"Lider sprzeda\u017cy, Oficjalny Dystrybutor Premium i Serwis na Polsk\u0119 Migatronic, Gys, Voestalpine Bohler Welding. Nowe i u\u017cywane Spawarki, Przecinarki Plazmowe, Kompresory. Mgr in\u017c. Jaros\u0142aw Ko\u0142aski, IWE\",\"hasMerchantReturnPolicy\":{\"@type\":\"MerchantReturnPolicy\",\"merchantReturnLink\":\"https:\\\/\\\/spawlab.pl\\\/polityka-prywatnosci-2\\\/\"},\"telephone\":[],\"openingHoursSpecification\":[{\"@type\":\"OpeningHoursSpecification\",\"dayOfWeek\":[\"Monday\",\"Tuesday\",\"Wednesday\",\"Thursday\",\"Friday\",\"Saturday\",\"Sunday\"],\"opens\":\"09:00\",\"closes\":\"17:00\"}]},{\"@type\":\"ImageObject\",\"inLanguage\":\"en-US\",\"@id\":\"https:\\\/\\\/spawlab.pl\\\/en\\\/produkt\\\/migatronic-pi-250-tig-ac-dc-w-kopia-kopia-kopia-kopia-2\\\/#local-main-organization-logo\",\"url\":\"https:\\\/\\\/spawlab.pl\\\/wp-content\\\/uploads\\\/2022\\\/01\\\/olx.jpg\",\"contentUrl\":\"https:\\\/\\\/spawlab.pl\\\/wp-content\\\/uploads\\\/2022\\\/01\\\/olx.jpg\",\"width\":200,\"height\":200,\"caption\":\"Spawlab.pl\"}]}<\/script>\n<meta property=\"product:brand\" content=\"Kemppi\" \/>\n<meta property=\"product:price:amount\" content=\"7380.00\" \/>\n<meta property=\"product:price:currency\" content=\"PLN\" \/>\n<meta property=\"og:availability\" content=\"out of stock\" \/>\n<meta property=\"product:availability\" content=\"out of stock\" \/>\n<meta property=\"product:condition\" content=\"new\" \/>\n<!-- \/ Yoast SEO Premium plugin. -->","yoast_head_json":{"title":"Migatronic Pi 250 TIG Ac\/Dc W (Kopia) (Kopia) (Kopia) (Kopia) - SpawLab - Welding equipment and plasma cutters - store and service","description":"Lider sprzeda\u017cy, Oficjalny Dystrybutor Premium i Serwis na Polsk\u0119 Migatronic, Gys, Voestalpine Bohler Welding. Nowe i u\u017cywane Spawarki, Przecinarki Plazmowe, Kompresory. Mgr in\u017c. Jaros\u0142aw Ko\u0142aski, IWE","robots":{"index":"index","follow":"follow","max-snippet":"max-snippet:-1","max-image-preview":"max-image-preview:large","max-video-preview":"max-video-preview:-1"},"canonical":"https:\/\/spawlab.pl\/en\/produkt\/migatronic-pi-250-tig-ac-dc-w-kopia-kopia-kopia-kopia-2\/","og_locale":"en_US","og_type":"article","og_title":"Migatronic Pi 250 TIG Ac\/Dc W (Kopia) (Kopia) (Kopia) (Kopia)","og_description":"Lider sprzeda\u017cy, Oficjalny Dystrybutor Premium i Serwis na Polsk\u0119 Migatronic, Gys, Voestalpine Bohler Welding. Nowe i u\u017cywane Spawarki, Przecinarki Plazmowe, Kompresory. Mgr in\u017c. Jaros\u0142aw Ko\u0142aski, IWE","og_url":"https:\/\/spawlab.pl\/en\/produkt\/migatronic-pi-250-tig-ac-dc-w-kopia-kopia-kopia-kopia-2\/","og_site_name":"SpawLab - Welding equipment and plasma cutters - store and service","article_publisher":"https:\/\/www.facebook.com\/Spawlab\/","article_modified_time":"2025-10-10T08:50:24+00:00","og_image":[{"width":1920,"height":2560,"url":"https:\/\/spawlab.pl\/wp-content\/uploads\/2025\/10\/20250306_131646-scaled.jpg","type":"image\/jpeg"}],"twitter_misc":{"Price":"7 380,00&nbsp;&#122;&#322; (6 000,00&nbsp;&#122;&#322; netto)","Availability":"Out of stock"},"schema":{"@context":"https:\/\/schema.org","@graph":[{"@type":["WebPage","ItemPage"],"@id":"https:\/\/spawlab.pl\/en\/produkt\/migatronic-pi-250-tig-ac-dc-w-kopia-kopia-kopia-kopia-2\/","url":"https:\/\/spawlab.pl\/en\/produkt\/migatronic-pi-250-tig-ac-dc-w-kopia-kopia-kopia-kopia-2\/","name":"Migatronic Pi 250 TIG Ac\/Dc W (Kopia) (Kopia) (Kopia) (Kopia) - SpawLab - Welding equipment and plasma cutters - store and service","isPartOf":{"@id":"https:\/\/spawlab.pl\/en\/#website"},"primaryImageOfPage":{"@id":"https:\/\/spawlab.pl\/en\/produkt\/migatronic-pi-250-tig-ac-dc-w-kopia-kopia-kopia-kopia-2\/#primaryimage"},"image":{"@id":"https:\/\/spawlab.pl\/en\/produkt\/migatronic-pi-250-tig-ac-dc-w-kopia-kopia-kopia-kopia-2\/#primaryimage"},"thumbnailUrl":"https:\/\/spawlab.pl\/wp-content\/uploads\/2025\/10\/20250306_131646-scaled.jpg","datePublished":"2025-10-10T08:12:35+00:00","dateModified":"2025-10-10T08:50:24+00:00","description":"Lider sprzeda\u017cy, Oficjalny Dystrybutor Premium i Serwis na Polsk\u0119 Migatronic, Gys, Voestalpine Bohler Welding. Nowe i u\u017cywane Spawarki, Przecinarki Plazmowe, Kompresory. Mgr in\u017c. Jaros\u0142aw Ko\u0142aski, IWE","breadcrumb":{"@id":"https:\/\/spawlab.pl\/en\/produkt\/migatronic-pi-250-tig-ac-dc-w-kopia-kopia-kopia-kopia-2\/#breadcrumb"},"inLanguage":"en-US","potentialAction":[{"@type":"ReadAction","target":["https:\/\/spawlab.pl\/en\/produkt\/migatronic-pi-250-tig-ac-dc-w-kopia-kopia-kopia-kopia-2\/"]}]},{"@type":"ImageObject","inLanguage":"en-US","@id":"https:\/\/spawlab.pl\/en\/produkt\/migatronic-pi-250-tig-ac-dc-w-kopia-kopia-kopia-kopia-2\/#primaryimage","url":"https:\/\/spawlab.pl\/wp-content\/uploads\/2025\/10\/20250306_131646-scaled.jpg","contentUrl":"https:\/\/spawlab.pl\/wp-content\/uploads\/2025\/10\/20250306_131646-scaled.jpg","width":1920,"height":2560},{"@type":"BreadcrumbList","@id":"https:\/\/spawlab.pl\/en\/produkt\/migatronic-pi-250-tig-ac-dc-w-kopia-kopia-kopia-kopia-2\/#breadcrumb","itemListElement":[{"@type":"ListItem","position":1,"name":"Strona g\u0142\u00f3wna","item":"https:\/\/spawlab.pl\/en\/"},{"@type":"ListItem","position":2,"name":"Store","item":"https:\/\/spawlab.pl\/en\/shop\/"},{"@type":"ListItem","position":3,"name":"Migatronic Pi 250 TIG Ac\/Dc W (Kopia) (Kopia) (Kopia) (Kopia)"}]},{"@type":"WebSite","@id":"https:\/\/spawlab.pl\/en\/#website","url":"https:\/\/spawlab.pl\/en\/","name":"Spawlab.pl Lider - Spawarki, Przecinarki Plazmowe, Kompresory","description":"Urz\u0105dzenia spawalnicze i Przecinarki plazmowe\/ nowe i u\u017cywane \/ Profesjonalny serwis","publisher":{"@id":"https:\/\/spawlab.pl\/en\/#organization"},"alternateName":"Spawlab.pl - Dystrybutor Premium i Serwis na Polske Migatronic, Gys, Voestalpine Bohler Welding","potentialAction":[{"@type":"SearchAction","target":{"@type":"EntryPoint","urlTemplate":"https:\/\/spawlab.pl\/en\/?s={search_term_string}"},"query-input":{"@type":"PropertyValueSpecification","valueRequired":true,"valueName":"search_term_string"}}],"inLanguage":"en-US"},{"@type":["Organization","Place"],"@id":"https:\/\/spawlab.pl\/en\/#organization","name":"Spawlab.pl","url":"https:\/\/spawlab.pl\/en\/","logo":{"@id":"https:\/\/spawlab.pl\/en\/produkt\/migatronic-pi-250-tig-ac-dc-w-kopia-kopia-kopia-kopia-2\/#local-main-organization-logo"},"image":{"@id":"https:\/\/spawlab.pl\/en\/produkt\/migatronic-pi-250-tig-ac-dc-w-kopia-kopia-kopia-kopia-2\/#local-main-organization-logo"},"sameAs":["https:\/\/www.facebook.com\/Spawlab\/","https:\/\/www.linkedin.com\/company\/spawlab","https:\/\/www.instagram.com\/spawlab.pl","https:\/\/www.tiktok.com\/@spawlab"],"description":"Lider sprzeda\u017cy, Oficjalny Dystrybutor Premium i Serwis na Polsk\u0119 Migatronic, Gys, Voestalpine Bohler Welding. Nowe i u\u017cywane Spawarki, Przecinarki Plazmowe, Kompresory. Mgr in\u017c. Jaros\u0142aw Ko\u0142aski, IWE","hasMerchantReturnPolicy":{"@type":"MerchantReturnPolicy","merchantReturnLink":"https:\/\/spawlab.pl\/polityka-prywatnosci-2\/"},"telephone":[],"openingHoursSpecification":[{"@type":"OpeningHoursSpecification","dayOfWeek":["Monday","Tuesday","Wednesday","Thursday","Friday","Saturday","Sunday"],"opens":"09:00","closes":"17:00"}]},{"@type":"ImageObject","inLanguage":"en-US","@id":"https:\/\/spawlab.pl\/en\/produkt\/migatronic-pi-250-tig-ac-dc-w-kopia-kopia-kopia-kopia-2\/#local-main-organization-logo","url":"https:\/\/spawlab.pl\/wp-content\/uploads\/2022\/01\/olx.jpg","contentUrl":"https:\/\/spawlab.pl\/wp-content\/uploads\/2022\/01\/olx.jpg","width":200,"height":200,"caption":"Spawlab.pl"}]},"product_brand":"Kemppi","product_price_amount":"7380.00","product_price_currency":"PLN","og_availability":"out of stock","product_availability":"out of stock","product_condition":"new"},"_links":{"self":[{"href":"https:\/\/spawlab.pl\/en\/wp-json\/wp\/v2\/product\/48108","targetHints":{"allow":["GET"]}}],"collection":[{"href":"https:\/\/spawlab.pl\/en\/wp-json\/wp\/v2\/product"}],"about":[{"href":"https:\/\/spawlab.pl\/en\/wp-json\/wp\/v2\/types\/product"}],"wp:featuredmedia":[{"embeddable":true,"href":"https:\/\/spawlab.pl\/en\/wp-json\/wp\/v2\/media\/49903"}],"wp:attachment":[{"href":"https:\/\/spawlab.pl\/en\/wp-json\/wp\/v2\/media?parent=48108"}],"wp:term":[{"taxonomy":"product_brand","embeddable":true,"href":"https:\/\/spawlab.pl\/en\/wp-json\/wp\/v2\/product_brand?post=48108"},{"taxonomy":"product_cat","embeddable":true,"href":"https:\/\/spawlab.pl\/en\/wp-json\/wp\/v2\/product_cat?post=48108"},{"taxonomy":"product_tag","embeddable":true,"href":"https:\/\/spawlab.pl\/en\/wp-json\/wp\/v2\/product_tag?post=48108"}],"curies":[{"name":"wp","href":"https:\/\/api.w.org\/{rel}","templated":true}]}}