{"id":50706,"date":"2026-03-14T13:30:46","date_gmt":"2026-03-14T12:30:46","guid":{"rendered":"https:\/\/spawlab.pl\/?post_type=product&#038;p=50706"},"modified":"2026-03-14T13:30:46","modified_gmt":"2026-03-14T12:30:46","slug":"spartus-przybica-spartus-pro-301x-szara-z-kaskiem-i-adapterem","status":"publish","type":"product","link":"https:\/\/spawlab.pl\/en\/produkt\/spartus-przybica-spartus-pro-301x-szara-z-kaskiem-i-adapterem\/","title":{"rendered":"Spartus Przy&#x142;bica SPARTUS&#xAE; Pro 301X (szara) z kaskiem i adapterem"},"content":{"rendered":"<p><![CDATA[ \n\n<p>Przy&#x142;bica spawalnicza SPARTUS<sup>&reg;<\/sup> Pro 301X. Zaprojektowana i wyprodukowana dla ochrony oczu i twarzy spawacza przed szkodliwym promieniowaniem i odpryskami spawalniczymi podczas spawania TIG, MIG\/MAG oraz MMA. Dodatkowo posiada funkcj&#x119; szlifowania.<\/p>\n\n<br \/>&#xD;\n<br \/>&#xD;\n\n\n<p>Automatyczny filtr spawalniczy posiada&nbsp;<b>najwy&#x17C;sz&#x105; klas&#x119; optyczn&#x105; 1\/1\/1\/1&nbsp;<\/b>co w po&#x142;&#x105;czeniu z du&#x17C;ym polem widzenia<b>&nbsp;100 x 65 mm&nbsp;<\/b>zapewnia idealn&#x105; widoczno&#x15B;&#x107;. Wbudowane 4 nowoczesne fotosensory gwarantuj&#x105; najwy&#x17C;sz&#x105; czu&#x142;o&#x15B;&#x107; filtra.&nbsp;<b>Minimalny pr&#x105;d spawania dla metody TIG wynosi 3A.<\/b>&nbsp;Filtr posiada regulacj&#x119;: stopnia zaciemnienia, czasu rozja&#x15B;niania, czu&#x142;o&#x15B;ci oraz funkcj&#x119; TEST.<\/p>\n\n<br \/>&#xD;\n<br \/>&#xD;\n\n\n<p>Przy&#x142;bica spawalnicza SPARTUS<sup>&reg;<\/sup> Pro 301X to wysokiej klasy produkt przeznaczony dla najbardziej wymagaj&#x105;cych spawaczy. Wykonana jest zgodnie ze &#x15B;wiatowymi standardami jako&#x15B;ci. Posiada doskona&#x142;e parametry techniczne i u&#x17C;ytkowe.<\/p>\n\n<br \/>&#xD;\n<br \/>&#xD;\n\n\n<p class=\"dane-p2\"><strong>Charakterystyka automatycznego filtra 301X:<\/strong><\/p>\n\n<br \/>&#xD;\n<br \/>&#xD;\n\n\n<ul>&#xD;\n\t\n\n<li class=\"dane-p3\">Intuicyjny<\/li>\n\n<br \/>&#xD;\n\t\n\n<li class=\"dane-p3\">P&#x142;ynna regulacja stopnia zacienienia DIN 4 &#8211; 8 lub DIN 9 &ndash; 13<\/li>\n\n<br \/>&#xD;\n\t\n\n<li class=\"dane-p3\">P&#x142;ynna regulacja czu&#x142;o&#x15B;ci fotosensor&oacute;w<\/li>\n\n<br \/>&#xD;\n\t\n\n<li class=\"dane-p3\">P&#x142;ynna regulacja op&oacute;&#x17A;nienia rozja&#x15B;niania filtra<\/li>\n\n<br \/>&#xD;\n\t\n\n<li class=\"dane-p3\">Przycisk TEST<\/li>\n\n<br \/>&#xD;\n\t\n\n<li class=\"dane-p3\">Czynne pole widzenia 100x65mm<\/li>\n\n<br \/>&#xD;\n<\/ul>\n\n<br \/>&#xD;\n<br \/>&#xD;\n\n\n<p>W wielu sytuacjach przepisy BHP wymagaj&#x105; stosowania kasku ochronnego do zabezpieczenia g&#x142;owy operatora przed urazami. Do takich sytuacji zaliczy&#x107; mo&#x17C;na np. prace na mostach, na konstrukcjach stalowych, w du&#x17C;ych zbiornikach oraz prace remontowo-monta&#x17C;owe przy kot&#x142;ach i ich instalacjach.<\/p>\n\n<br \/>&#xD;\n<br \/>&#xD;\n\n\n<p>Stosowanie przy&#x142;bicy <b>SPARTUS<sup>&reg;<\/sup> Pro 301X z kaskiem<\/b> po&#x142;&#x105;czonym za po&#x15B;rednictwem specjalnego adaptera, zapewnia zwi&#x119;kszona ochron&#x119; spawacza przed niebezpiecznymi nast&#x119;pstwami ewentualnych uraz&oacute;w g&#x142;owy.<\/p>\n\n<br \/>&#xD;\n<br \/>&#xD;\n\n\n<p>Osoba, kt&oacute;ra stosuje przy&#x142;bic&#x119; z kaskiem ochronnym, spe&#x142;nia rygorystyczne wymagania przepis&oacute;w BHP w miejscu pracy. Opr&oacute;cz walor&oacute;w ochronnych w kwestiach bezpiecze&#x144;stwa zdrowia i w kwestiach formalnych, przy&#x142;bica <b>SPARTUS<sup>&reg;<\/sup> Pro z kaskiem<\/b> zapewnia odpowiedni komfort pracy podczas wielogodzinnego u&#x17C;ytkowania przy&#x142;bicy.<\/p>\n\n<br \/> ]]><\/p>\n","protected":false},"excerpt":{"rendered":"<p> Przy&#x142;bica SPARTUS Pro 301X (szara skorupa) z kaskiem i adapterem <\/p>\n","protected":false},"featured_media":50707,"template":"","meta":{"inline_featured_image":false},"product_brand":[17523],"product_cat":[21888,81,21897,21901,17524,3342],"product_tag":[],"class_list":{"0":"post-50706","1":"product","2":"type-product","3":"status-publish","4":"has-post-thumbnail","6":"product_brand-spartus","7":"product_cat-akcesoria","8":"product_cat-akcesoria-czesci","9":"product_cat-bhp","10":"product_cat-przybice-spawalnicze","11":"product_cat-spartus","12":"product_cat-strefa-marki","13":"pa_czas-rozjaniania-0-3-0-9s","14":"pa_czas-zaciemniania-1-30-000-s","15":"pa_klasa-filtra-1-1-1-1","16":"pa_liczba-sensorw-17603","17":"pa_stopie-ochrony-przed-uv-ir-do-din16","18":"pa_wymiary-filtra-122-x-125-x-9mm","19":"pa_zaciemnienie-stan-gotowoci-din-4","20":"pa_zaciemnienie-stan-pracy-din-4-8-lub-din-9-13","21":"pa_zastosowanie-mig-mag","22":"pa_zastosowanie-spawanie-ukowe-mma","23":"pa_zastosowanie-szlifowanie","24":"pa_zastosowanie-tig","26":"first","27":"instock","28":"taxable","29":"shipping-taxable","30":"purchasable","31":"product-type-simple"},"yoast_head":"<!-- This site is optimized with the Yoast SEO Premium plugin v27.0 (Yoast SEO v27.3) - https:\/\/yoast.com\/product\/yoast-seo-premium-wordpress\/ -->\n<title>Spartus Przy&#x142;bica SPARTUS&#xAE; Pro 301X (szara) z kaskiem i adapterem - SpawLab - Welding equipment and plasma cutters - store and service<\/title>\n<meta name=\"description\" content=\"Lider sprzeda\u017cy, Oficjalny Dystrybutor Premium i Serwis na Polsk\u0119 Migatronic, Gys, Voestalpine Bohler Welding. Nowe i u\u017cywane Spawarki, Przecinarki Plazmowe, Kompresory. Mgr in\u017c. Jaros\u0142aw Ko\u0142aski, IWE\" \/>\n<meta name=\"robots\" content=\"index, follow, max-snippet:-1, max-image-preview:large, max-video-preview:-1\" \/>\n<link rel=\"canonical\" href=\"https:\/\/spawlab.pl\/en\/produkt\/spartus-przybica-spartus-pro-301x-szara-z-kaskiem-i-adapterem\/\" \/>\n<meta property=\"og:locale\" content=\"en_US\" \/>\n<meta property=\"og:type\" content=\"article\" \/>\n<meta property=\"og:title\" content=\"Spartus Przy&#x142;bica SPARTUS&#xAE; Pro 301X (szara) z kaskiem i adapterem\" \/>\n<meta property=\"og:description\" content=\"Lider sprzeda\u017cy, Oficjalny Dystrybutor Premium i Serwis na Polsk\u0119 Migatronic, Gys, Voestalpine Bohler Welding. Nowe i u\u017cywane Spawarki, Przecinarki Plazmowe, Kompresory. Mgr in\u017c. Jaros\u0142aw Ko\u0142aski, IWE\" \/>\n<meta property=\"og:url\" content=\"https:\/\/spawlab.pl\/en\/produkt\/spartus-przybica-spartus-pro-301x-szara-z-kaskiem-i-adapterem\/\" \/>\n<meta property=\"og:site_name\" content=\"SpawLab - Welding equipment and plasma cutters - store and service\" \/>\n<meta property=\"article:publisher\" content=\"https:\/\/www.facebook.com\/Spawlab\/\" \/>\n<meta property=\"og:image\" content=\"https:\/\/spawlab.pl\/wp-content\/uploads\/2025\/10\/080-10-301gk_a-1.jpg\" \/>\n\t<meta property=\"og:image:width\" content=\"1000\" \/>\n\t<meta property=\"og:image:height\" content=\"1000\" \/>\n\t<meta property=\"og:image:type\" content=\"image\/jpeg\" \/>\n<meta name=\"twitter:label1\" content=\"Price\" \/>\n\t<meta name=\"twitter:data1\" content=\"557,44&nbsp;&#122;&#322; (453,20&nbsp;&#122;&#322; netto)\" \/>\n\t<meta name=\"twitter:label2\" content=\"Availability\" \/>\n\t<meta name=\"twitter:data2\" content=\"In stock\" \/>\n<script type=\"application\/ld+json\" class=\"yoast-schema-graph\">{\"@context\":\"https:\\\/\\\/schema.org\",\"@graph\":[{\"@type\":[\"WebPage\",\"ItemPage\"],\"@id\":\"https:\\\/\\\/spawlab.pl\\\/en\\\/produkt\\\/spartus-przybica-spartus-pro-301x-szara-z-kaskiem-i-adapterem\\\/\",\"url\":\"https:\\\/\\\/spawlab.pl\\\/en\\\/produkt\\\/spartus-przybica-spartus-pro-301x-szara-z-kaskiem-i-adapterem\\\/\",\"name\":\"Spartus Przy&#x142;bica SPARTUS&#xAE; Pro 301X (szara) z kaskiem i adapterem - SpawLab - Welding equipment and plasma cutters - store and service\",\"isPartOf\":{\"@id\":\"https:\\\/\\\/spawlab.pl\\\/en\\\/#website\"},\"primaryImageOfPage\":{\"@id\":\"https:\\\/\\\/spawlab.pl\\\/en\\\/produkt\\\/spartus-przybica-spartus-pro-301x-szara-z-kaskiem-i-adapterem\\\/#primaryimage\"},\"image\":{\"@id\":\"https:\\\/\\\/spawlab.pl\\\/en\\\/produkt\\\/spartus-przybica-spartus-pro-301x-szara-z-kaskiem-i-adapterem\\\/#primaryimage\"},\"thumbnailUrl\":\"https:\\\/\\\/spawlab.pl\\\/wp-content\\\/uploads\\\/2025\\\/10\\\/080-10-301gk_a-1.jpg\",\"datePublished\":\"2026-03-14T12:30:46+00:00\",\"description\":\"Lider sprzeda\u017cy, Oficjalny Dystrybutor Premium i Serwis na Polsk\u0119 Migatronic, Gys, Voestalpine Bohler Welding. Nowe i u\u017cywane Spawarki, Przecinarki Plazmowe, Kompresory. Mgr in\u017c. Jaros\u0142aw Ko\u0142aski, IWE\",\"breadcrumb\":{\"@id\":\"https:\\\/\\\/spawlab.pl\\\/en\\\/produkt\\\/spartus-przybica-spartus-pro-301x-szara-z-kaskiem-i-adapterem\\\/#breadcrumb\"},\"inLanguage\":\"en-US\",\"potentialAction\":[{\"@type\":\"ReadAction\",\"target\":[\"https:\\\/\\\/spawlab.pl\\\/en\\\/produkt\\\/spartus-przybica-spartus-pro-301x-szara-z-kaskiem-i-adapterem\\\/\"]}]},{\"@type\":\"ImageObject\",\"inLanguage\":\"en-US\",\"@id\":\"https:\\\/\\\/spawlab.pl\\\/en\\\/produkt\\\/spartus-przybica-spartus-pro-301x-szara-z-kaskiem-i-adapterem\\\/#primaryimage\",\"url\":\"https:\\\/\\\/spawlab.pl\\\/wp-content\\\/uploads\\\/2025\\\/10\\\/080-10-301gk_a-1.jpg\",\"contentUrl\":\"https:\\\/\\\/spawlab.pl\\\/wp-content\\\/uploads\\\/2025\\\/10\\\/080-10-301gk_a-1.jpg\",\"width\":1000,\"height\":1000},{\"@type\":\"BreadcrumbList\",\"@id\":\"https:\\\/\\\/spawlab.pl\\\/en\\\/produkt\\\/spartus-przybica-spartus-pro-301x-szara-z-kaskiem-i-adapterem\\\/#breadcrumb\",\"itemListElement\":[{\"@type\":\"ListItem\",\"position\":1,\"name\":\"Strona g\u0142\u00f3wna\",\"item\":\"https:\\\/\\\/spawlab.pl\\\/en\\\/\"},{\"@type\":\"ListItem\",\"position\":2,\"name\":\"Store\",\"item\":\"https:\\\/\\\/spawlab.pl\\\/en\\\/shop\\\/\"},{\"@type\":\"ListItem\",\"position\":3,\"name\":\"Spartus Przy&#x142;bica SPARTUS&#xAE; Pro 301X (szara) z kaskiem i adapterem\"}]},{\"@type\":\"WebSite\",\"@id\":\"https:\\\/\\\/spawlab.pl\\\/en\\\/#website\",\"url\":\"https:\\\/\\\/spawlab.pl\\\/en\\\/\",\"name\":\"Spawlab.pl Lider - Spawarki, Przecinarki Plazmowe, Kompresory\",\"description\":\"Urz\u0105dzenia spawalnicze i Przecinarki plazmowe\\\/ nowe i u\u017cywane \\\/ Profesjonalny serwis\",\"publisher\":{\"@id\":\"https:\\\/\\\/spawlab.pl\\\/en\\\/#organization\"},\"alternateName\":\"Spawlab.pl - Dystrybutor Premium i Serwis na Polske Migatronic, Gys, Voestalpine Bohler Welding\",\"potentialAction\":[{\"@type\":\"SearchAction\",\"target\":{\"@type\":\"EntryPoint\",\"urlTemplate\":\"https:\\\/\\\/spawlab.pl\\\/en\\\/?s={search_term_string}\"},\"query-input\":{\"@type\":\"PropertyValueSpecification\",\"valueRequired\":true,\"valueName\":\"search_term_string\"}}],\"inLanguage\":\"en-US\"},{\"@type\":[\"Organization\",\"Place\"],\"@id\":\"https:\\\/\\\/spawlab.pl\\\/en\\\/#organization\",\"name\":\"Spawlab.pl\",\"url\":\"https:\\\/\\\/spawlab.pl\\\/en\\\/\",\"logo\":{\"@id\":\"https:\\\/\\\/spawlab.pl\\\/en\\\/produkt\\\/spartus-przybica-spartus-pro-301x-szara-z-kaskiem-i-adapterem\\\/#local-main-organization-logo\"},\"image\":{\"@id\":\"https:\\\/\\\/spawlab.pl\\\/en\\\/produkt\\\/spartus-przybica-spartus-pro-301x-szara-z-kaskiem-i-adapterem\\\/#local-main-organization-logo\"},\"sameAs\":[\"https:\\\/\\\/www.facebook.com\\\/Spawlab\\\/\",\"https:\\\/\\\/www.linkedin.com\\\/company\\\/spawlab\",\"https:\\\/\\\/www.instagram.com\\\/spawlab.pl\",\"https:\\\/\\\/www.tiktok.com\\\/@spawlab\"],\"description\":\"Lider sprzeda\u017cy, Oficjalny Dystrybutor Premium i Serwis na Polsk\u0119 Migatronic, Gys, Voestalpine Bohler Welding. Nowe i u\u017cywane Spawarki, Przecinarki Plazmowe, Kompresory. Mgr in\u017c. Jaros\u0142aw Ko\u0142aski, IWE\",\"hasMerchantReturnPolicy\":{\"@type\":\"MerchantReturnPolicy\",\"merchantReturnLink\":\"https:\\\/\\\/spawlab.pl\\\/polityka-prywatnosci-2\\\/\"},\"telephone\":[],\"openingHoursSpecification\":[{\"@type\":\"OpeningHoursSpecification\",\"dayOfWeek\":[\"Monday\",\"Tuesday\",\"Wednesday\",\"Thursday\",\"Friday\",\"Saturday\",\"Sunday\"],\"opens\":\"09:00\",\"closes\":\"17:00\"}]},{\"@type\":\"ImageObject\",\"inLanguage\":\"en-US\",\"@id\":\"https:\\\/\\\/spawlab.pl\\\/en\\\/produkt\\\/spartus-przybica-spartus-pro-301x-szara-z-kaskiem-i-adapterem\\\/#local-main-organization-logo\",\"url\":\"https:\\\/\\\/spawlab.pl\\\/wp-content\\\/uploads\\\/2022\\\/01\\\/olx.jpg\",\"contentUrl\":\"https:\\\/\\\/spawlab.pl\\\/wp-content\\\/uploads\\\/2022\\\/01\\\/olx.jpg\",\"width\":200,\"height\":200,\"caption\":\"Spawlab.pl\"}]}<\/script>\n<meta property=\"product:price:amount\" content=\"557.44\" \/>\n<meta property=\"product:price:currency\" content=\"PLN\" \/>\n<meta property=\"og:availability\" content=\"instock\" \/>\n<meta property=\"product:availability\" content=\"instock\" \/>\n<meta property=\"product:retailer_item_id\" content=\"080-10-301GK\" \/>\n<meta property=\"product:condition\" content=\"new\" \/>\n<!-- \/ Yoast SEO Premium plugin. -->","yoast_head_json":{"title":"Spartus Przy&#x142;bica SPARTUS&#xAE; Pro 301X (szara) z kaskiem i adapterem - SpawLab - Welding equipment and plasma cutters - store and service","description":"Lider sprzeda\u017cy, Oficjalny Dystrybutor Premium i Serwis na Polsk\u0119 Migatronic, Gys, Voestalpine Bohler Welding. Nowe i u\u017cywane Spawarki, Przecinarki Plazmowe, Kompresory. Mgr in\u017c. Jaros\u0142aw Ko\u0142aski, IWE","robots":{"index":"index","follow":"follow","max-snippet":"max-snippet:-1","max-image-preview":"max-image-preview:large","max-video-preview":"max-video-preview:-1"},"canonical":"https:\/\/spawlab.pl\/en\/produkt\/spartus-przybica-spartus-pro-301x-szara-z-kaskiem-i-adapterem\/","og_locale":"en_US","og_type":"article","og_title":"Spartus Przy&#x142;bica SPARTUS&#xAE; Pro 301X (szara) z kaskiem i adapterem","og_description":"Lider sprzeda\u017cy, Oficjalny Dystrybutor Premium i Serwis na Polsk\u0119 Migatronic, Gys, Voestalpine Bohler Welding. Nowe i u\u017cywane Spawarki, Przecinarki Plazmowe, Kompresory. Mgr in\u017c. Jaros\u0142aw Ko\u0142aski, IWE","og_url":"https:\/\/spawlab.pl\/en\/produkt\/spartus-przybica-spartus-pro-301x-szara-z-kaskiem-i-adapterem\/","og_site_name":"SpawLab - Welding equipment and plasma cutters - store and service","article_publisher":"https:\/\/www.facebook.com\/Spawlab\/","og_image":[{"width":1000,"height":1000,"url":"https:\/\/spawlab.pl\/wp-content\/uploads\/2025\/10\/080-10-301gk_a-1.jpg","type":"image\/jpeg"}],"twitter_misc":{"Price":"557,44&nbsp;&#122;&#322; (453,20&nbsp;&#122;&#322; netto)","Availability":"In stock"},"schema":{"@context":"https:\/\/schema.org","@graph":[{"@type":["WebPage","ItemPage"],"@id":"https:\/\/spawlab.pl\/en\/produkt\/spartus-przybica-spartus-pro-301x-szara-z-kaskiem-i-adapterem\/","url":"https:\/\/spawlab.pl\/en\/produkt\/spartus-przybica-spartus-pro-301x-szara-z-kaskiem-i-adapterem\/","name":"Spartus Przy&#x142;bica SPARTUS&#xAE; Pro 301X (szara) z kaskiem i adapterem - SpawLab - Welding equipment and plasma cutters - store and service","isPartOf":{"@id":"https:\/\/spawlab.pl\/en\/#website"},"primaryImageOfPage":{"@id":"https:\/\/spawlab.pl\/en\/produkt\/spartus-przybica-spartus-pro-301x-szara-z-kaskiem-i-adapterem\/#primaryimage"},"image":{"@id":"https:\/\/spawlab.pl\/en\/produkt\/spartus-przybica-spartus-pro-301x-szara-z-kaskiem-i-adapterem\/#primaryimage"},"thumbnailUrl":"https:\/\/spawlab.pl\/wp-content\/uploads\/2025\/10\/080-10-301gk_a-1.jpg","datePublished":"2026-03-14T12:30:46+00:00","description":"Lider sprzeda\u017cy, Oficjalny Dystrybutor Premium i Serwis na Polsk\u0119 Migatronic, Gys, Voestalpine Bohler Welding. Nowe i u\u017cywane Spawarki, Przecinarki Plazmowe, Kompresory. Mgr in\u017c. Jaros\u0142aw Ko\u0142aski, IWE","breadcrumb":{"@id":"https:\/\/spawlab.pl\/en\/produkt\/spartus-przybica-spartus-pro-301x-szara-z-kaskiem-i-adapterem\/#breadcrumb"},"inLanguage":"en-US","potentialAction":[{"@type":"ReadAction","target":["https:\/\/spawlab.pl\/en\/produkt\/spartus-przybica-spartus-pro-301x-szara-z-kaskiem-i-adapterem\/"]}]},{"@type":"ImageObject","inLanguage":"en-US","@id":"https:\/\/spawlab.pl\/en\/produkt\/spartus-przybica-spartus-pro-301x-szara-z-kaskiem-i-adapterem\/#primaryimage","url":"https:\/\/spawlab.pl\/wp-content\/uploads\/2025\/10\/080-10-301gk_a-1.jpg","contentUrl":"https:\/\/spawlab.pl\/wp-content\/uploads\/2025\/10\/080-10-301gk_a-1.jpg","width":1000,"height":1000},{"@type":"BreadcrumbList","@id":"https:\/\/spawlab.pl\/en\/produkt\/spartus-przybica-spartus-pro-301x-szara-z-kaskiem-i-adapterem\/#breadcrumb","itemListElement":[{"@type":"ListItem","position":1,"name":"Strona g\u0142\u00f3wna","item":"https:\/\/spawlab.pl\/en\/"},{"@type":"ListItem","position":2,"name":"Store","item":"https:\/\/spawlab.pl\/en\/shop\/"},{"@type":"ListItem","position":3,"name":"Spartus Przy&#x142;bica SPARTUS&#xAE; Pro 301X (szara) z kaskiem i adapterem"}]},{"@type":"WebSite","@id":"https:\/\/spawlab.pl\/en\/#website","url":"https:\/\/spawlab.pl\/en\/","name":"Spawlab.pl Lider - Spawarki, Przecinarki Plazmowe, Kompresory","description":"Urz\u0105dzenia spawalnicze i Przecinarki plazmowe\/ nowe i u\u017cywane \/ Profesjonalny serwis","publisher":{"@id":"https:\/\/spawlab.pl\/en\/#organization"},"alternateName":"Spawlab.pl - Dystrybutor Premium i Serwis na Polske Migatronic, Gys, Voestalpine Bohler Welding","potentialAction":[{"@type":"SearchAction","target":{"@type":"EntryPoint","urlTemplate":"https:\/\/spawlab.pl\/en\/?s={search_term_string}"},"query-input":{"@type":"PropertyValueSpecification","valueRequired":true,"valueName":"search_term_string"}}],"inLanguage":"en-US"},{"@type":["Organization","Place"],"@id":"https:\/\/spawlab.pl\/en\/#organization","name":"Spawlab.pl","url":"https:\/\/spawlab.pl\/en\/","logo":{"@id":"https:\/\/spawlab.pl\/en\/produkt\/spartus-przybica-spartus-pro-301x-szara-z-kaskiem-i-adapterem\/#local-main-organization-logo"},"image":{"@id":"https:\/\/spawlab.pl\/en\/produkt\/spartus-przybica-spartus-pro-301x-szara-z-kaskiem-i-adapterem\/#local-main-organization-logo"},"sameAs":["https:\/\/www.facebook.com\/Spawlab\/","https:\/\/www.linkedin.com\/company\/spawlab","https:\/\/www.instagram.com\/spawlab.pl","https:\/\/www.tiktok.com\/@spawlab"],"description":"Lider sprzeda\u017cy, Oficjalny Dystrybutor Premium i Serwis na Polsk\u0119 Migatronic, Gys, Voestalpine Bohler Welding. Nowe i u\u017cywane Spawarki, Przecinarki Plazmowe, Kompresory. Mgr in\u017c. Jaros\u0142aw Ko\u0142aski, IWE","hasMerchantReturnPolicy":{"@type":"MerchantReturnPolicy","merchantReturnLink":"https:\/\/spawlab.pl\/polityka-prywatnosci-2\/"},"telephone":[],"openingHoursSpecification":[{"@type":"OpeningHoursSpecification","dayOfWeek":["Monday","Tuesday","Wednesday","Thursday","Friday","Saturday","Sunday"],"opens":"09:00","closes":"17:00"}]},{"@type":"ImageObject","inLanguage":"en-US","@id":"https:\/\/spawlab.pl\/en\/produkt\/spartus-przybica-spartus-pro-301x-szara-z-kaskiem-i-adapterem\/#local-main-organization-logo","url":"https:\/\/spawlab.pl\/wp-content\/uploads\/2022\/01\/olx.jpg","contentUrl":"https:\/\/spawlab.pl\/wp-content\/uploads\/2022\/01\/olx.jpg","width":200,"height":200,"caption":"Spawlab.pl"}]},"product_price_amount":"557.44","product_price_currency":"PLN","og_availability":"instock","product_availability":"instock","product_retailer_item_id":"080-10-301GK","product_condition":"new"},"_links":{"self":[{"href":"https:\/\/spawlab.pl\/en\/wp-json\/wp\/v2\/product\/50706","targetHints":{"allow":["GET"]}}],"collection":[{"href":"https:\/\/spawlab.pl\/en\/wp-json\/wp\/v2\/product"}],"about":[{"href":"https:\/\/spawlab.pl\/en\/wp-json\/wp\/v2\/types\/product"}],"wp:featuredmedia":[{"embeddable":true,"href":"https:\/\/spawlab.pl\/en\/wp-json\/wp\/v2\/media\/50707"}],"wp:attachment":[{"href":"https:\/\/spawlab.pl\/en\/wp-json\/wp\/v2\/media?parent=50706"}],"wp:term":[{"taxonomy":"product_brand","embeddable":true,"href":"https:\/\/spawlab.pl\/en\/wp-json\/wp\/v2\/product_brand?post=50706"},{"taxonomy":"product_cat","embeddable":true,"href":"https:\/\/spawlab.pl\/en\/wp-json\/wp\/v2\/product_cat?post=50706"},{"taxonomy":"product_tag","embeddable":true,"href":"https:\/\/spawlab.pl\/en\/wp-json\/wp\/v2\/product_tag?post=50706"}],"curies":[{"name":"wp","href":"https:\/\/api.w.org\/{rel}","templated":true}]}}