{"id":53136,"date":"2026-04-01T13:00:47","date_gmt":"2026-04-01T11:00:47","guid":{"rendered":"https:\/\/spawlab.pl\/?post_type=product&#038;p=53136"},"modified":"2026-04-01T13:00:47","modified_gmt":"2026-04-01T11:00:47","slug":"spartus-easymig-225-pakiet","status":"publish","type":"product","link":"https:\/\/spawlab.pl\/en\/produkt\/spartus-easymig-225-pakiet\/","title":{"rendered":"Spartus EasyMIG 225 pakiet"},"content":{"rendered":"<p><![CDATA[ \n\n<p style=\"text-align: center;\"><span style=\"font-size:24px;\"><strong>SYNERGICZNY MIG Z WY&#x15A;WIETLACZEM LCD<\/strong><\/span><\/p>\n\n<br \/>&#xD;\n<br \/>&#xD;\n\n\n<p><strong>SPARTUS<sup>&reg;<\/sup>&nbsp;EasyMIG 225<\/strong>&nbsp;to nowoczesny, inwertorowy p&oacute;&#x142;automat spawalniczy, skonstruowany w oparciu o tranzystory IGBT. Posiada funkcj&#x119; spawania w os&#x142;onie gaz&oacute;w oboj&#x119;tnych i aktywnych (MIG\/MAG), spawanie elektrod&#x105; otulon&#x105; (MMA) oraz spawanie TIG Lift z zajarzeniem &#x142;uku przez potarcie.<\/p>\n\n<br \/>&#xD;\n<br \/>&#xD;\n\n\n<p>&#x141;atwa zmiana biegunowo&#x15B;ci umo&#x17C;liwia spawanie drutem samoos&#x142;onowym bez gazu. Maksymalny pr&#x105;d spawania dla metod MIG\/MAG\/TIG wynosi 220A oraz 200A dla metody MMA. Urz&#x105;dzenie zasilanie jest z sieci jednofazowej 230V.<\/p>\n\n<br \/>&#xD;\n<br \/>&#xD;\n\n\n<p>SPARTUS<sup>&reg;<\/sup>&nbsp;EasyMIG 225 wyposa&#x17C;ony jest w&nbsp;synergiczny system do spawania MIG\/MAG&nbsp;drutami stalowymi o &#x15B;rednicy 0,6 \/ 0,8 \/1,0 mm i aluminium 1,0mm z mo&#x17C;liwo&#x15B;ci&#x105; wprowadzenia r&#x119;cznej korekty parametr&oacute;w. Do wyboru u&#x17C;ytkownik posiada programy: stal CO2, stal mieszanka, aluminium, spawanie drutem proszkowym. Urz&#x105;dzenie pracuje r&oacute;wnie&#x17C; w&nbsp;trybie spawania manualnego.<\/p>\n\n<br \/>&#xD;\n<br \/>&#xD;\n\n\n<p>Dzi&#x119;ki wykorzystaniu nowoczesnych rozwi&#x105;za&#x144; technologicznych spawarka posiada szereg funkcji wspieraj&#x105;cych proces spawania:<\/p>\n\n<br \/>&#xD;\n<br \/>&#xD;\n\n\n<ul>&#xD;\n\t\n\n<li><strong>2T\/4T<\/strong>&nbsp;&ndash; mo&#x17C;liwo&#x15B;&#x107; wyboru jednego z dw&oacute;ch tryb&oacute;w pracy (MIG\/MAG)<\/li>\n\n<br \/>&#xD;\n\t\n\n<li><strong>regulacja indukcyjno&#x15B;ci spawania&nbsp;<\/strong>&ndash; kontrola szeroko&#x15B;ci lica i g&#x142;&#x119;boko&#x15B;ci wtopienia (MIG\/MAG), ograniczenie ilo&#x15B;ci odprysk&oacute;w spawalniczych<\/li>\n\n<br \/>&#xD;\n\t\n\n<li><strong>Hot Start&nbsp;<\/strong>&ndash; &#x142;atwiejsze zajarzenie elektrody (MMA)<\/li>\n\n<br \/>&#xD;\n\t\n\n<li><strong>Arc Force<\/strong>&nbsp;&ndash; &#x142;atwiejsze spawanie w pozycjach wymuszonych (MMA)<\/li>\n\n<br \/>&#xD;\n\t\n\n<li><strong>VRD&nbsp;<\/strong>&ndash; obni&#x17C;one napi&#x119;cie biegu ja&#x142;owego (MMA)<\/li>\n\n<br \/>&#xD;\n<\/ul>\n\n<br \/>&#xD;\n<br \/>&#xD;\n\n\n<p>Nowoczesny wy&#x15B;wietlacz LCD pozwala na &#x142;atwe i szybkie ustawienie napi&#x119;cia pr&#x105;du spawania oraz zarz&#x105;dzanie funkcjami urz&#x105;dzenia. W trakcie korekty parametr&oacute;w wy&#x15B;wietlacz podpowiada kszta&#x142;t spoiny oraz graficznie wskazuje rekomendowan&#x105; grubo&#x15B;&#x107; materia&#x142;u dla wybranego pr&#x105;du.<\/p>\n\n<br \/>&#xD;\n<br \/>&#xD;\n\n\n<p>Profesjonalny dwurolkowy podajnik, zapewnia p&#x142;ynne i r&oacute;wnomierne podawanie drutu spawalniczego.&nbsp;<strong>Mimo niewielkich kompaktowych rozmiar&oacute;w i wagi urz&#x105;dzenie kompatybilne jest ze standardowymi szpulami z drutem spawalniczym D200 i D300 o masie do 15kg<\/strong>.&nbsp;Stabilne parametry wyj&#x15B;ciowe gwarantuj&#x105; uzyskanie wysokiej jako&#x15B;ci spoiny.<\/p>\n\n<br \/>&#xD;\n<br \/>&#xD;\n\n\n<p>Przyk&#x142;adowe zastosowania: przemys&#x142; lekki, prace remontowe w terenie, prace warsztatowe, motoryzacja, spawanie t&#x142;umik&oacute;w.<\/p>\n\n<br \/> ]]><\/p>\n","protected":false},"excerpt":{"rendered":"<p> EasyMIG 225 pakiet <\/p>\n","protected":false},"featured_media":53137,"template":"","meta":{"inline_featured_image":false},"product_brand":[17523],"product_cat":[81,21931,17524,3342,21895],"product_tag":[],"class_list":{"0":"post-53136","1":"product","2":"type-product","3":"status-publish","4":"has-post-thumbnail","6":"product_brand-spartus","7":"product_cat-akcesoria-czesci","8":"product_cat-mig","9":"product_cat-spartus","10":"product_cat-strefa-marki","11":"product_cat-urzdzenia","12":"pa_cykl-pracy-mig-17733","13":"pa_hot-start-17737","14":"pa_napicie-wyjciowe-pracy-16-5-25v","15":"pa_napicie-zasilania-1-230v-10-50-60-hz","16":"pa_prd-spawania-mig-50-220a","17":"pa_prdko-podawania-drutu-2-12-5m-min","18":"pa_szpula-drutu-15kg-200-300mm","19":"pa_tig-lift-17909","20":"pa_typ-podajnika-wbudowany-2-rolkowy","22":"first","23":"instock","24":"taxable","25":"shipping-taxable","26":"purchasable","27":"product-type-simple"},"yoast_head":"<!-- This site is optimized with the Yoast SEO Premium plugin v27.0 (Yoast SEO v27.3) - https:\/\/yoast.com\/product\/yoast-seo-premium-wordpress\/ -->\n<title>Spartus EasyMIG 225 pakiet - SpawLab - Welding equipment and plasma cutters - store and service<\/title>\n<meta name=\"description\" content=\"Lider sprzeda\u017cy, Oficjalny Dystrybutor Premium i Serwis na Polsk\u0119 Migatronic, Gys, Voestalpine Bohler Welding. Nowe i u\u017cywane Spawarki, Przecinarki Plazmowe, Kompresory. Mgr in\u017c. Jaros\u0142aw Ko\u0142aski, IWE\" \/>\n<meta name=\"robots\" content=\"index, follow, max-snippet:-1, max-image-preview:large, max-video-preview:-1\" \/>\n<link rel=\"canonical\" href=\"https:\/\/spawlab.pl\/en\/produkt\/spartus-easymig-225-pakiet\/\" \/>\n<meta property=\"og:locale\" content=\"en_US\" \/>\n<meta property=\"og:type\" content=\"article\" \/>\n<meta property=\"og:title\" content=\"Spartus EasyMIG 225 pakiet\" \/>\n<meta property=\"og:description\" content=\"Lider sprzeda\u017cy, Oficjalny Dystrybutor Premium i Serwis na Polsk\u0119 Migatronic, Gys, Voestalpine Bohler Welding. Nowe i u\u017cywane Spawarki, Przecinarki Plazmowe, Kompresory. Mgr in\u017c. Jaros\u0142aw Ko\u0142aski, IWE\" \/>\n<meta property=\"og:url\" content=\"https:\/\/spawlab.pl\/en\/produkt\/spartus-easymig-225-pakiet\/\" \/>\n<meta property=\"og:site_name\" content=\"SpawLab - Welding equipment and plasma cutters - store and service\" \/>\n<meta property=\"article:publisher\" content=\"https:\/\/www.facebook.com\/Spawlab\/\" \/>\n<meta property=\"og:image\" content=\"https:\/\/spawlab.pl\/wp-content\/uploads\/2025\/10\/01_easymig225_a04.jpg\" \/>\n\t<meta property=\"og:image:width\" content=\"1000\" \/>\n\t<meta property=\"og:image:height\" content=\"1000\" \/>\n\t<meta property=\"og:image:type\" content=\"image\/jpeg\" \/>\n<meta name=\"twitter:label1\" content=\"Price\" \/>\n\t<meta name=\"twitter:data1\" content=\"2 876,97&nbsp;&#122;&#322; (2 339,00&nbsp;&#122;&#322; netto)\" \/>\n\t<meta name=\"twitter:label2\" content=\"Availability\" \/>\n\t<meta name=\"twitter:data2\" content=\"In stock\" \/>\n<script type=\"application\/ld+json\" class=\"yoast-schema-graph\">{\"@context\":\"https:\\\/\\\/schema.org\",\"@graph\":[{\"@type\":[\"WebPage\",\"ItemPage\"],\"@id\":\"https:\\\/\\\/spawlab.pl\\\/en\\\/produkt\\\/spartus-easymig-225-pakiet\\\/\",\"url\":\"https:\\\/\\\/spawlab.pl\\\/en\\\/produkt\\\/spartus-easymig-225-pakiet\\\/\",\"name\":\"Spartus EasyMIG 225 pakiet - SpawLab - Welding equipment and plasma cutters - store and service\",\"isPartOf\":{\"@id\":\"https:\\\/\\\/spawlab.pl\\\/en\\\/#website\"},\"primaryImageOfPage\":{\"@id\":\"https:\\\/\\\/spawlab.pl\\\/en\\\/produkt\\\/spartus-easymig-225-pakiet\\\/#primaryimage\"},\"image\":{\"@id\":\"https:\\\/\\\/spawlab.pl\\\/en\\\/produkt\\\/spartus-easymig-225-pakiet\\\/#primaryimage\"},\"thumbnailUrl\":\"https:\\\/\\\/spawlab.pl\\\/wp-content\\\/uploads\\\/2025\\\/10\\\/01_easymig225_a04.jpg\",\"datePublished\":\"2026-04-01T11:00:47+00:00\",\"description\":\"Lider sprzeda\u017cy, Oficjalny Dystrybutor Premium i Serwis na Polsk\u0119 Migatronic, Gys, Voestalpine Bohler Welding. Nowe i u\u017cywane Spawarki, Przecinarki Plazmowe, Kompresory. Mgr in\u017c. Jaros\u0142aw Ko\u0142aski, IWE\",\"breadcrumb\":{\"@id\":\"https:\\\/\\\/spawlab.pl\\\/en\\\/produkt\\\/spartus-easymig-225-pakiet\\\/#breadcrumb\"},\"inLanguage\":\"en-US\",\"potentialAction\":[{\"@type\":\"ReadAction\",\"target\":[\"https:\\\/\\\/spawlab.pl\\\/en\\\/produkt\\\/spartus-easymig-225-pakiet\\\/\"]}]},{\"@type\":\"ImageObject\",\"inLanguage\":\"en-US\",\"@id\":\"https:\\\/\\\/spawlab.pl\\\/en\\\/produkt\\\/spartus-easymig-225-pakiet\\\/#primaryimage\",\"url\":\"https:\\\/\\\/spawlab.pl\\\/wp-content\\\/uploads\\\/2025\\\/10\\\/01_easymig225_a04.jpg\",\"contentUrl\":\"https:\\\/\\\/spawlab.pl\\\/wp-content\\\/uploads\\\/2025\\\/10\\\/01_easymig225_a04.jpg\",\"width\":1000,\"height\":1000},{\"@type\":\"BreadcrumbList\",\"@id\":\"https:\\\/\\\/spawlab.pl\\\/en\\\/produkt\\\/spartus-easymig-225-pakiet\\\/#breadcrumb\",\"itemListElement\":[{\"@type\":\"ListItem\",\"position\":1,\"name\":\"Strona g\u0142\u00f3wna\",\"item\":\"https:\\\/\\\/spawlab.pl\\\/en\\\/\"},{\"@type\":\"ListItem\",\"position\":2,\"name\":\"Store\",\"item\":\"https:\\\/\\\/spawlab.pl\\\/en\\\/shop\\\/\"},{\"@type\":\"ListItem\",\"position\":3,\"name\":\"Spartus EasyMIG 225 pakiet\"}]},{\"@type\":\"WebSite\",\"@id\":\"https:\\\/\\\/spawlab.pl\\\/en\\\/#website\",\"url\":\"https:\\\/\\\/spawlab.pl\\\/en\\\/\",\"name\":\"Spawlab.pl Lider - Spawarki, Przecinarki Plazmowe, Kompresory\",\"description\":\"Urz\u0105dzenia spawalnicze i Przecinarki plazmowe\\\/ nowe i u\u017cywane \\\/ Profesjonalny serwis\",\"publisher\":{\"@id\":\"https:\\\/\\\/spawlab.pl\\\/en\\\/#organization\"},\"alternateName\":\"Spawlab.pl - Dystrybutor Premium i Serwis na Polske Migatronic, Gys, Voestalpine Bohler Welding\",\"potentialAction\":[{\"@type\":\"SearchAction\",\"target\":{\"@type\":\"EntryPoint\",\"urlTemplate\":\"https:\\\/\\\/spawlab.pl\\\/en\\\/?s={search_term_string}\"},\"query-input\":{\"@type\":\"PropertyValueSpecification\",\"valueRequired\":true,\"valueName\":\"search_term_string\"}}],\"inLanguage\":\"en-US\"},{\"@type\":[\"Organization\",\"Place\"],\"@id\":\"https:\\\/\\\/spawlab.pl\\\/en\\\/#organization\",\"name\":\"Spawlab.pl\",\"url\":\"https:\\\/\\\/spawlab.pl\\\/en\\\/\",\"logo\":{\"@id\":\"https:\\\/\\\/spawlab.pl\\\/en\\\/produkt\\\/spartus-easymig-225-pakiet\\\/#local-main-organization-logo\"},\"image\":{\"@id\":\"https:\\\/\\\/spawlab.pl\\\/en\\\/produkt\\\/spartus-easymig-225-pakiet\\\/#local-main-organization-logo\"},\"sameAs\":[\"https:\\\/\\\/www.facebook.com\\\/Spawlab\\\/\",\"https:\\\/\\\/www.linkedin.com\\\/company\\\/spawlab\",\"https:\\\/\\\/www.instagram.com\\\/spawlab.pl\",\"https:\\\/\\\/www.tiktok.com\\\/@spawlab\"],\"description\":\"Lider sprzeda\u017cy, Oficjalny Dystrybutor Premium i Serwis na Polsk\u0119 Migatronic, Gys, Voestalpine Bohler Welding. Nowe i u\u017cywane Spawarki, Przecinarki Plazmowe, Kompresory. Mgr in\u017c. Jaros\u0142aw Ko\u0142aski, IWE\",\"hasMerchantReturnPolicy\":{\"@type\":\"MerchantReturnPolicy\",\"merchantReturnLink\":\"https:\\\/\\\/spawlab.pl\\\/polityka-prywatnosci-2\\\/\"},\"telephone\":[],\"openingHoursSpecification\":[{\"@type\":\"OpeningHoursSpecification\",\"dayOfWeek\":[\"Monday\",\"Tuesday\",\"Wednesday\",\"Thursday\",\"Friday\",\"Saturday\",\"Sunday\"],\"opens\":\"09:00\",\"closes\":\"17:00\"}]},{\"@type\":\"ImageObject\",\"inLanguage\":\"en-US\",\"@id\":\"https:\\\/\\\/spawlab.pl\\\/en\\\/produkt\\\/spartus-easymig-225-pakiet\\\/#local-main-organization-logo\",\"url\":\"https:\\\/\\\/spawlab.pl\\\/wp-content\\\/uploads\\\/2022\\\/01\\\/olx.jpg\",\"contentUrl\":\"https:\\\/\\\/spawlab.pl\\\/wp-content\\\/uploads\\\/2022\\\/01\\\/olx.jpg\",\"width\":200,\"height\":200,\"caption\":\"Spawlab.pl\"}]}<\/script>\n<meta property=\"product:price:amount\" content=\"2876.97\" \/>\n<meta property=\"product:price:currency\" content=\"PLN\" \/>\n<meta property=\"og:availability\" content=\"instock\" \/>\n<meta property=\"product:availability\" content=\"instock\" \/>\n<meta property=\"product:retailer_item_id\" content=\"EASYMIG225-PAK-15-3\" \/>\n<meta property=\"product:condition\" content=\"new\" \/>\n<!-- \/ Yoast SEO Premium plugin. -->","yoast_head_json":{"title":"Spartus EasyMIG 225 pakiet - SpawLab - Welding equipment and plasma cutters - store and service","description":"Lider sprzeda\u017cy, Oficjalny Dystrybutor Premium i Serwis na Polsk\u0119 Migatronic, Gys, Voestalpine Bohler Welding. Nowe i u\u017cywane Spawarki, Przecinarki Plazmowe, Kompresory. Mgr in\u017c. Jaros\u0142aw Ko\u0142aski, IWE","robots":{"index":"index","follow":"follow","max-snippet":"max-snippet:-1","max-image-preview":"max-image-preview:large","max-video-preview":"max-video-preview:-1"},"canonical":"https:\/\/spawlab.pl\/en\/produkt\/spartus-easymig-225-pakiet\/","og_locale":"en_US","og_type":"article","og_title":"Spartus EasyMIG 225 pakiet","og_description":"Lider sprzeda\u017cy, Oficjalny Dystrybutor Premium i Serwis na Polsk\u0119 Migatronic, Gys, Voestalpine Bohler Welding. Nowe i u\u017cywane Spawarki, Przecinarki Plazmowe, Kompresory. Mgr in\u017c. Jaros\u0142aw Ko\u0142aski, IWE","og_url":"https:\/\/spawlab.pl\/en\/produkt\/spartus-easymig-225-pakiet\/","og_site_name":"SpawLab - Welding equipment and plasma cutters - store and service","article_publisher":"https:\/\/www.facebook.com\/Spawlab\/","og_image":[{"width":1000,"height":1000,"url":"https:\/\/spawlab.pl\/wp-content\/uploads\/2025\/10\/01_easymig225_a04.jpg","type":"image\/jpeg"}],"twitter_misc":{"Price":"2 876,97&nbsp;&#122;&#322; (2 339,00&nbsp;&#122;&#322; netto)","Availability":"In stock"},"schema":{"@context":"https:\/\/schema.org","@graph":[{"@type":["WebPage","ItemPage"],"@id":"https:\/\/spawlab.pl\/en\/produkt\/spartus-easymig-225-pakiet\/","url":"https:\/\/spawlab.pl\/en\/produkt\/spartus-easymig-225-pakiet\/","name":"Spartus EasyMIG 225 pakiet - SpawLab - Welding equipment and plasma cutters - store and service","isPartOf":{"@id":"https:\/\/spawlab.pl\/en\/#website"},"primaryImageOfPage":{"@id":"https:\/\/spawlab.pl\/en\/produkt\/spartus-easymig-225-pakiet\/#primaryimage"},"image":{"@id":"https:\/\/spawlab.pl\/en\/produkt\/spartus-easymig-225-pakiet\/#primaryimage"},"thumbnailUrl":"https:\/\/spawlab.pl\/wp-content\/uploads\/2025\/10\/01_easymig225_a04.jpg","datePublished":"2026-04-01T11:00:47+00:00","description":"Lider sprzeda\u017cy, Oficjalny Dystrybutor Premium i Serwis na Polsk\u0119 Migatronic, Gys, Voestalpine Bohler Welding. Nowe i u\u017cywane Spawarki, Przecinarki Plazmowe, Kompresory. Mgr in\u017c. Jaros\u0142aw Ko\u0142aski, IWE","breadcrumb":{"@id":"https:\/\/spawlab.pl\/en\/produkt\/spartus-easymig-225-pakiet\/#breadcrumb"},"inLanguage":"en-US","potentialAction":[{"@type":"ReadAction","target":["https:\/\/spawlab.pl\/en\/produkt\/spartus-easymig-225-pakiet\/"]}]},{"@type":"ImageObject","inLanguage":"en-US","@id":"https:\/\/spawlab.pl\/en\/produkt\/spartus-easymig-225-pakiet\/#primaryimage","url":"https:\/\/spawlab.pl\/wp-content\/uploads\/2025\/10\/01_easymig225_a04.jpg","contentUrl":"https:\/\/spawlab.pl\/wp-content\/uploads\/2025\/10\/01_easymig225_a04.jpg","width":1000,"height":1000},{"@type":"BreadcrumbList","@id":"https:\/\/spawlab.pl\/en\/produkt\/spartus-easymig-225-pakiet\/#breadcrumb","itemListElement":[{"@type":"ListItem","position":1,"name":"Strona g\u0142\u00f3wna","item":"https:\/\/spawlab.pl\/en\/"},{"@type":"ListItem","position":2,"name":"Store","item":"https:\/\/spawlab.pl\/en\/shop\/"},{"@type":"ListItem","position":3,"name":"Spartus EasyMIG 225 pakiet"}]},{"@type":"WebSite","@id":"https:\/\/spawlab.pl\/en\/#website","url":"https:\/\/spawlab.pl\/en\/","name":"Spawlab.pl Lider - Spawarki, Przecinarki Plazmowe, Kompresory","description":"Urz\u0105dzenia spawalnicze i Przecinarki plazmowe\/ nowe i u\u017cywane \/ Profesjonalny serwis","publisher":{"@id":"https:\/\/spawlab.pl\/en\/#organization"},"alternateName":"Spawlab.pl - Dystrybutor Premium i Serwis na Polske Migatronic, Gys, Voestalpine Bohler Welding","potentialAction":[{"@type":"SearchAction","target":{"@type":"EntryPoint","urlTemplate":"https:\/\/spawlab.pl\/en\/?s={search_term_string}"},"query-input":{"@type":"PropertyValueSpecification","valueRequired":true,"valueName":"search_term_string"}}],"inLanguage":"en-US"},{"@type":["Organization","Place"],"@id":"https:\/\/spawlab.pl\/en\/#organization","name":"Spawlab.pl","url":"https:\/\/spawlab.pl\/en\/","logo":{"@id":"https:\/\/spawlab.pl\/en\/produkt\/spartus-easymig-225-pakiet\/#local-main-organization-logo"},"image":{"@id":"https:\/\/spawlab.pl\/en\/produkt\/spartus-easymig-225-pakiet\/#local-main-organization-logo"},"sameAs":["https:\/\/www.facebook.com\/Spawlab\/","https:\/\/www.linkedin.com\/company\/spawlab","https:\/\/www.instagram.com\/spawlab.pl","https:\/\/www.tiktok.com\/@spawlab"],"description":"Lider sprzeda\u017cy, Oficjalny Dystrybutor Premium i Serwis na Polsk\u0119 Migatronic, Gys, Voestalpine Bohler Welding. Nowe i u\u017cywane Spawarki, Przecinarki Plazmowe, Kompresory. Mgr in\u017c. Jaros\u0142aw Ko\u0142aski, IWE","hasMerchantReturnPolicy":{"@type":"MerchantReturnPolicy","merchantReturnLink":"https:\/\/spawlab.pl\/polityka-prywatnosci-2\/"},"telephone":[],"openingHoursSpecification":[{"@type":"OpeningHoursSpecification","dayOfWeek":["Monday","Tuesday","Wednesday","Thursday","Friday","Saturday","Sunday"],"opens":"09:00","closes":"17:00"}]},{"@type":"ImageObject","inLanguage":"en-US","@id":"https:\/\/spawlab.pl\/en\/produkt\/spartus-easymig-225-pakiet\/#local-main-organization-logo","url":"https:\/\/spawlab.pl\/wp-content\/uploads\/2022\/01\/olx.jpg","contentUrl":"https:\/\/spawlab.pl\/wp-content\/uploads\/2022\/01\/olx.jpg","width":200,"height":200,"caption":"Spawlab.pl"}]},"product_price_amount":"2876.97","product_price_currency":"PLN","og_availability":"instock","product_availability":"instock","product_retailer_item_id":"EASYMIG225-PAK-15-3","product_condition":"new"},"_links":{"self":[{"href":"https:\/\/spawlab.pl\/en\/wp-json\/wp\/v2\/product\/53136","targetHints":{"allow":["GET"]}}],"collection":[{"href":"https:\/\/spawlab.pl\/en\/wp-json\/wp\/v2\/product"}],"about":[{"href":"https:\/\/spawlab.pl\/en\/wp-json\/wp\/v2\/types\/product"}],"wp:featuredmedia":[{"embeddable":true,"href":"https:\/\/spawlab.pl\/en\/wp-json\/wp\/v2\/media\/53137"}],"wp:attachment":[{"href":"https:\/\/spawlab.pl\/en\/wp-json\/wp\/v2\/media?parent=53136"}],"wp:term":[{"taxonomy":"product_brand","embeddable":true,"href":"https:\/\/spawlab.pl\/en\/wp-json\/wp\/v2\/product_brand?post=53136"},{"taxonomy":"product_cat","embeddable":true,"href":"https:\/\/spawlab.pl\/en\/wp-json\/wp\/v2\/product_cat?post=53136"},{"taxonomy":"product_tag","embeddable":true,"href":"https:\/\/spawlab.pl\/en\/wp-json\/wp\/v2\/product_tag?post=53136"}],"curies":[{"name":"wp","href":"https:\/\/api.w.org\/{rel}","templated":true}]}}