{"id":54059,"date":"2026-03-14T13:31:47","date_gmt":"2026-03-14T12:31:47","guid":{"rendered":"https:\/\/spawlab.pl\/?post_type=product&#038;p=54059"},"modified":"2026-03-14T13:31:50","modified_gmt":"2026-03-14T12:31:50","slug":"spartus-przybica-spartus-pro-330xt-z-filtrem-true-color-z-kaskiem","status":"publish","type":"product","link":"https:\/\/spawlab.pl\/en\/produkt\/spartus-przybica-spartus-pro-330xt-z-filtrem-true-color-z-kaskiem\/","title":{"rendered":"Spartus Przy&#x142;bica SPARTUS&#xAE; Pro 330XT  z filtrem true color &#8211; z kaskiem"},"content":{"rendered":"<p><![CDATA[ \n\n<p>Przy&#x142;bica spawalnicza <strong>SPARTUS&reg; Pro 330XT<\/strong> zaprojektowana dla ochrony oczu i twarzy spawacza przed szkodliwym promieniowaniem i odpryskami spawalniczymi.&nbsp; Znakomicie sprawdzi si&#x119; podczas spawania TIG, MIG\/MAG oraz MMA. Dodatkowo posiada funkcj&#x119; szlifowania.<\/p>\n\n<br \/>&#xD;\n<br \/>&#xD;\n\n\n<p>Automatyczny filtr spawalniczy posiada <strong>najwy&#x17C;sz&#x105; klas&#x119; optyczn&#x105; 1\/1\/1\/1<\/strong> co w po&#x142;&#x105;czeniu z <strong>du&#x17C;ym polem widzenia 100 x 65mm<\/strong> zapewnia idealn&#x105; widoczno&#x15B;&#x107;. Wbudowane 4 nowoczesne sensory gwarantuj&#x105; najwy&#x17C;sz&#x105; czu&#x142;o&#x15B;&#x107;, kt&oacute;ra jest istotnym czynnikiem podczas spawania niskimi pr&#x105;dami. Filtr posiada p&#x142;ynn&#x105; regulacj&#x119;: stopnia zaciemnienia, czasu rozja&#x15B;niania, czu&#x142;o&#x15B;ci oraz funkcj&#x119; TEST. Podglad obrazu prezentowany jest w kolorach rzeczywistych <strong>(true color)<\/strong>&nbsp;<\/p>\n\n<br \/>&#xD;\n<br \/>&#xD;\n\n\n<p>Przy&#x142;bica spawalnicza<strong> SPARTUS&reg; Pro 330XT<\/strong> to wysokiej klasy produkt przeznaczony dla najbardziej wymagaj&#x105;cych spawaczy. &nbsp;Wielostopniowa regulacja nag&#x142;owia umo&#x17C;liwia idealne dopasowanie do kszta&#x142;tu g&#x142;owy spawacza.&nbsp; Wykonana jest zgodnie ze &#x15B;wiatowymi standardami jako&#x15B;ci. Posiada doskona&#x142;e parametry techniczne i u&#x17C;ytkowe.<\/p>\n\n<br \/>&#xD;\n<br \/>&#xD;\n\n\n<p>W wielu sytuacjach przepisy BHP wymagaj&#x105; stosowania kasku ochronnego do zabezpieczenia g&#x142;owy operatora przed urazami. Do takich sytuacji zaliczy&#x107; mo&#x17C;na np. prace na mostach, na konstrukcjach stalowych, w du&#x17C;ych zbiornikach oraz prace remontowo-monta&#x17C;owe przy kot&#x142;ach i ich instalacjach.<\/p>\n\n<br \/>&#xD;\n<br \/>&#xD;\n\n\n<p>Stosowanie przy&#x142;bicy <b>SPARTUS<sup>&reg;<\/sup> Pro 330XT z kaskiem<\/b> po&#x142;&#x105;czonym za po&#x15B;rednictwem specjalnego adaptera, zapewnia zwi&#x119;kszona ochron&#x119; spawacza przed niebezpiecznymi nast&#x119;pstwami ewentualnych uraz&oacute;w g&#x142;owy.<\/p>\n\n<br \/>&#xD;\n<br \/>&#xD;\n\n\n<p>Osoba, kt&oacute;ra stosuje przy&#x142;bic&#x119; z kaskiem ochronnym, spe&#x142;nia rygorystyczne wymagania przepis&oacute;w BHP w miejscu pracy. Opr&oacute;cz walor&oacute;w ochronnych w kwestiach bezpiecze&#x144;stwa zdrowia i w kwestiach formalnych, przy&#x142;bica <b>SPARTUS<sup>&reg;<\/sup> Pro z kaskiem<\/b> zapewnia odpowiedni komfort pracy podczas wielogodzinnego u&#x17C;ytkowania przy&#x142;bicy.<\/p>\n\n<br \/> ]]><\/p>\n","protected":false},"excerpt":{"rendered":"<p> Przy&#x142;bica SPARTUS Pro 330XT (filtr true color) z kaskiem <\/p>\n","protected":false},"featured_media":54060,"template":"","meta":{"inline_featured_image":false},"product_brand":[17523],"product_cat":[21888,81,21897,21901,17524,3342],"product_tag":[],"class_list":{"0":"post-54059","1":"product","2":"type-product","3":"status-publish","4":"has-post-thumbnail","6":"product_brand-spartus","7":"product_cat-akcesoria","8":"product_cat-akcesoria-czesci","9":"product_cat-bhp","10":"product_cat-przybice-spawalnicze","11":"product_cat-spartus","12":"product_cat-strefa-marki","13":"pa_czas-rozjaniania-0-3-0-9","14":"pa_czas-zaciemniania-1-30-000","15":"pa_klasa-filtra-1-1-1-1","16":"pa_liczba-sensorw-17603","17":"pa_stopie-ochrony-przed-uv-ir-do-din16","18":"pa_wymiary-filtra-122-x-125-x-9","19":"pa_zaciemnienie-stan-gotowoci-din-4","20":"pa_zaciemnienie-stan-pracy-din-4-8-lub-din-9-13","21":"pa_zastosowanie-mig-mag","22":"pa_zastosowanie-spawanie-ukowe-mma","23":"pa_zastosowanie-tig","25":"first","26":"instock","27":"taxable","28":"shipping-taxable","29":"purchasable","30":"product-type-simple"},"yoast_head":"<!-- This site is optimized with the Yoast SEO Premium plugin v27.0 (Yoast SEO v27.3) - https:\/\/yoast.com\/product\/yoast-seo-premium-wordpress\/ -->\n<title>Spartus Przy&#x142;bica SPARTUS&#xAE; Pro 330XT z filtrem true color - z kaskiem - SpawLab - Welding equipment and plasma cutters - store and service<\/title>\n<meta name=\"description\" content=\"Lider sprzeda\u017cy, Oficjalny Dystrybutor Premium i Serwis na Polsk\u0119 Migatronic, Gys, Voestalpine Bohler Welding. Nowe i u\u017cywane Spawarki, Przecinarki Plazmowe, Kompresory. Mgr in\u017c. Jaros\u0142aw Ko\u0142aski, IWE\" \/>\n<meta name=\"robots\" content=\"index, follow, max-snippet:-1, max-image-preview:large, max-video-preview:-1\" \/>\n<link rel=\"canonical\" href=\"https:\/\/spawlab.pl\/en\/produkt\/spartus-przybica-spartus-pro-330xt-z-filtrem-true-color-z-kaskiem\/\" \/>\n<meta property=\"og:locale\" content=\"en_US\" \/>\n<meta property=\"og:type\" content=\"article\" \/>\n<meta property=\"og:title\" content=\"Spartus Przy&#x142;bica SPARTUS&#xAE; Pro 330XT z filtrem true color - z kaskiem\" \/>\n<meta property=\"og:description\" content=\"Lider sprzeda\u017cy, Oficjalny Dystrybutor Premium i Serwis na Polsk\u0119 Migatronic, Gys, Voestalpine Bohler Welding. Nowe i u\u017cywane Spawarki, Przecinarki Plazmowe, Kompresory. Mgr in\u017c. Jaros\u0142aw Ko\u0142aski, IWE\" \/>\n<meta property=\"og:url\" content=\"https:\/\/spawlab.pl\/en\/produkt\/spartus-przybica-spartus-pro-330xt-z-filtrem-true-color-z-kaskiem\/\" \/>\n<meta property=\"og:site_name\" content=\"SpawLab - Welding equipment and plasma cutters - store and service\" \/>\n<meta property=\"article:publisher\" content=\"https:\/\/www.facebook.com\/Spawlab\/\" \/>\n<meta property=\"article:modified_time\" content=\"2026-03-14T12:31:50+00:00\" \/>\n<meta property=\"og:image\" content=\"https:\/\/spawlab.pl\/wp-content\/uploads\/2025\/10\/1-330xtk.jpg\" \/>\n\t<meta property=\"og:image:width\" content=\"1000\" \/>\n\t<meta property=\"og:image:height\" content=\"1000\" \/>\n\t<meta property=\"og:image:type\" content=\"image\/jpeg\" \/>\n<meta name=\"twitter:label1\" content=\"Price\" \/>\n\t<meta name=\"twitter:data1\" content=\"573,83&nbsp;&#122;&#322; (466,53&nbsp;&#122;&#322; netto)\" \/>\n\t<meta name=\"twitter:label2\" content=\"Availability\" \/>\n\t<meta name=\"twitter:data2\" content=\"In stock\" \/>\n<script type=\"application\/ld+json\" class=\"yoast-schema-graph\">{\"@context\":\"https:\\\/\\\/schema.org\",\"@graph\":[{\"@type\":[\"WebPage\",\"ItemPage\"],\"@id\":\"https:\\\/\\\/spawlab.pl\\\/en\\\/produkt\\\/spartus-przybica-spartus-pro-330xt-z-filtrem-true-color-z-kaskiem\\\/\",\"url\":\"https:\\\/\\\/spawlab.pl\\\/en\\\/produkt\\\/spartus-przybica-spartus-pro-330xt-z-filtrem-true-color-z-kaskiem\\\/\",\"name\":\"Spartus Przy&#x142;bica SPARTUS&#xAE; Pro 330XT z filtrem true color - z kaskiem - SpawLab - Welding equipment and plasma cutters - store and service\",\"isPartOf\":{\"@id\":\"https:\\\/\\\/spawlab.pl\\\/en\\\/#website\"},\"primaryImageOfPage\":{\"@id\":\"https:\\\/\\\/spawlab.pl\\\/en\\\/produkt\\\/spartus-przybica-spartus-pro-330xt-z-filtrem-true-color-z-kaskiem\\\/#primaryimage\"},\"image\":{\"@id\":\"https:\\\/\\\/spawlab.pl\\\/en\\\/produkt\\\/spartus-przybica-spartus-pro-330xt-z-filtrem-true-color-z-kaskiem\\\/#primaryimage\"},\"thumbnailUrl\":\"https:\\\/\\\/spawlab.pl\\\/wp-content\\\/uploads\\\/2025\\\/10\\\/1-330xtk.jpg\",\"datePublished\":\"2026-03-14T12:31:47+00:00\",\"dateModified\":\"2026-03-14T12:31:50+00:00\",\"description\":\"Lider sprzeda\u017cy, Oficjalny Dystrybutor Premium i Serwis na Polsk\u0119 Migatronic, Gys, Voestalpine Bohler Welding. Nowe i u\u017cywane Spawarki, Przecinarki Plazmowe, Kompresory. Mgr in\u017c. Jaros\u0142aw Ko\u0142aski, IWE\",\"breadcrumb\":{\"@id\":\"https:\\\/\\\/spawlab.pl\\\/en\\\/produkt\\\/spartus-przybica-spartus-pro-330xt-z-filtrem-true-color-z-kaskiem\\\/#breadcrumb\"},\"inLanguage\":\"en-US\",\"potentialAction\":[{\"@type\":\"ReadAction\",\"target\":[\"https:\\\/\\\/spawlab.pl\\\/en\\\/produkt\\\/spartus-przybica-spartus-pro-330xt-z-filtrem-true-color-z-kaskiem\\\/\"]}]},{\"@type\":\"ImageObject\",\"inLanguage\":\"en-US\",\"@id\":\"https:\\\/\\\/spawlab.pl\\\/en\\\/produkt\\\/spartus-przybica-spartus-pro-330xt-z-filtrem-true-color-z-kaskiem\\\/#primaryimage\",\"url\":\"https:\\\/\\\/spawlab.pl\\\/wp-content\\\/uploads\\\/2025\\\/10\\\/1-330xtk.jpg\",\"contentUrl\":\"https:\\\/\\\/spawlab.pl\\\/wp-content\\\/uploads\\\/2025\\\/10\\\/1-330xtk.jpg\",\"width\":1000,\"height\":1000},{\"@type\":\"BreadcrumbList\",\"@id\":\"https:\\\/\\\/spawlab.pl\\\/en\\\/produkt\\\/spartus-przybica-spartus-pro-330xt-z-filtrem-true-color-z-kaskiem\\\/#breadcrumb\",\"itemListElement\":[{\"@type\":\"ListItem\",\"position\":1,\"name\":\"Strona g\u0142\u00f3wna\",\"item\":\"https:\\\/\\\/spawlab.pl\\\/en\\\/\"},{\"@type\":\"ListItem\",\"position\":2,\"name\":\"Store\",\"item\":\"https:\\\/\\\/spawlab.pl\\\/en\\\/shop\\\/\"},{\"@type\":\"ListItem\",\"position\":3,\"name\":\"Spartus Przy&#x142;bica SPARTUS&#xAE; Pro 330XT z filtrem true color - z kaskiem\"}]},{\"@type\":\"WebSite\",\"@id\":\"https:\\\/\\\/spawlab.pl\\\/en\\\/#website\",\"url\":\"https:\\\/\\\/spawlab.pl\\\/en\\\/\",\"name\":\"Spawlab.pl Lider - Spawarki, Przecinarki Plazmowe, Kompresory\",\"description\":\"Urz\u0105dzenia spawalnicze i Przecinarki plazmowe\\\/ nowe i u\u017cywane \\\/ Profesjonalny serwis\",\"publisher\":{\"@id\":\"https:\\\/\\\/spawlab.pl\\\/en\\\/#organization\"},\"alternateName\":\"Spawlab.pl - Dystrybutor Premium i Serwis na Polske Migatronic, Gys, Voestalpine Bohler Welding\",\"potentialAction\":[{\"@type\":\"SearchAction\",\"target\":{\"@type\":\"EntryPoint\",\"urlTemplate\":\"https:\\\/\\\/spawlab.pl\\\/en\\\/?s={search_term_string}\"},\"query-input\":{\"@type\":\"PropertyValueSpecification\",\"valueRequired\":true,\"valueName\":\"search_term_string\"}}],\"inLanguage\":\"en-US\"},{\"@type\":[\"Organization\",\"Place\"],\"@id\":\"https:\\\/\\\/spawlab.pl\\\/en\\\/#organization\",\"name\":\"Spawlab.pl\",\"url\":\"https:\\\/\\\/spawlab.pl\\\/en\\\/\",\"logo\":{\"@id\":\"https:\\\/\\\/spawlab.pl\\\/en\\\/produkt\\\/spartus-przybica-spartus-pro-330xt-z-filtrem-true-color-z-kaskiem\\\/#local-main-organization-logo\"},\"image\":{\"@id\":\"https:\\\/\\\/spawlab.pl\\\/en\\\/produkt\\\/spartus-przybica-spartus-pro-330xt-z-filtrem-true-color-z-kaskiem\\\/#local-main-organization-logo\"},\"sameAs\":[\"https:\\\/\\\/www.facebook.com\\\/Spawlab\\\/\",\"https:\\\/\\\/www.linkedin.com\\\/company\\\/spawlab\",\"https:\\\/\\\/www.instagram.com\\\/spawlab.pl\",\"https:\\\/\\\/www.tiktok.com\\\/@spawlab\"],\"description\":\"Lider sprzeda\u017cy, Oficjalny Dystrybutor Premium i Serwis na Polsk\u0119 Migatronic, Gys, Voestalpine Bohler Welding. Nowe i u\u017cywane Spawarki, Przecinarki Plazmowe, Kompresory. Mgr in\u017c. Jaros\u0142aw Ko\u0142aski, IWE\",\"hasMerchantReturnPolicy\":{\"@type\":\"MerchantReturnPolicy\",\"merchantReturnLink\":\"https:\\\/\\\/spawlab.pl\\\/polityka-prywatnosci-2\\\/\"},\"telephone\":[],\"openingHoursSpecification\":[{\"@type\":\"OpeningHoursSpecification\",\"dayOfWeek\":[\"Monday\",\"Tuesday\",\"Wednesday\",\"Thursday\",\"Friday\",\"Saturday\",\"Sunday\"],\"opens\":\"09:00\",\"closes\":\"17:00\"}]},{\"@type\":\"ImageObject\",\"inLanguage\":\"en-US\",\"@id\":\"https:\\\/\\\/spawlab.pl\\\/en\\\/produkt\\\/spartus-przybica-spartus-pro-330xt-z-filtrem-true-color-z-kaskiem\\\/#local-main-organization-logo\",\"url\":\"https:\\\/\\\/spawlab.pl\\\/wp-content\\\/uploads\\\/2022\\\/01\\\/olx.jpg\",\"contentUrl\":\"https:\\\/\\\/spawlab.pl\\\/wp-content\\\/uploads\\\/2022\\\/01\\\/olx.jpg\",\"width\":200,\"height\":200,\"caption\":\"Spawlab.pl\"}]}<\/script>\n<meta property=\"product:price:amount\" content=\"573.83\" \/>\n<meta property=\"product:price:currency\" content=\"PLN\" \/>\n<meta property=\"og:availability\" content=\"instock\" \/>\n<meta property=\"product:availability\" content=\"instock\" \/>\n<meta property=\"product:retailer_item_id\" content=\"080-10-330XTK\" \/>\n<meta property=\"product:condition\" content=\"new\" \/>\n<!-- \/ Yoast SEO Premium plugin. -->","yoast_head_json":{"title":"Spartus Przy&#x142;bica SPARTUS&#xAE; Pro 330XT z filtrem true color - z kaskiem - SpawLab - Welding equipment and plasma cutters - store and service","description":"Lider sprzeda\u017cy, Oficjalny Dystrybutor Premium i Serwis na Polsk\u0119 Migatronic, Gys, Voestalpine Bohler Welding. Nowe i u\u017cywane Spawarki, Przecinarki Plazmowe, Kompresory. Mgr in\u017c. Jaros\u0142aw Ko\u0142aski, IWE","robots":{"index":"index","follow":"follow","max-snippet":"max-snippet:-1","max-image-preview":"max-image-preview:large","max-video-preview":"max-video-preview:-1"},"canonical":"https:\/\/spawlab.pl\/en\/produkt\/spartus-przybica-spartus-pro-330xt-z-filtrem-true-color-z-kaskiem\/","og_locale":"en_US","og_type":"article","og_title":"Spartus Przy&#x142;bica SPARTUS&#xAE; Pro 330XT z filtrem true color - z kaskiem","og_description":"Lider sprzeda\u017cy, Oficjalny Dystrybutor Premium i Serwis na Polsk\u0119 Migatronic, Gys, Voestalpine Bohler Welding. Nowe i u\u017cywane Spawarki, Przecinarki Plazmowe, Kompresory. Mgr in\u017c. Jaros\u0142aw Ko\u0142aski, IWE","og_url":"https:\/\/spawlab.pl\/en\/produkt\/spartus-przybica-spartus-pro-330xt-z-filtrem-true-color-z-kaskiem\/","og_site_name":"SpawLab - Welding equipment and plasma cutters - store and service","article_publisher":"https:\/\/www.facebook.com\/Spawlab\/","article_modified_time":"2026-03-14T12:31:50+00:00","og_image":[{"width":1000,"height":1000,"url":"https:\/\/spawlab.pl\/wp-content\/uploads\/2025\/10\/1-330xtk.jpg","type":"image\/jpeg"}],"twitter_misc":{"Price":"573,83&nbsp;&#122;&#322; (466,53&nbsp;&#122;&#322; netto)","Availability":"In stock"},"schema":{"@context":"https:\/\/schema.org","@graph":[{"@type":["WebPage","ItemPage"],"@id":"https:\/\/spawlab.pl\/en\/produkt\/spartus-przybica-spartus-pro-330xt-z-filtrem-true-color-z-kaskiem\/","url":"https:\/\/spawlab.pl\/en\/produkt\/spartus-przybica-spartus-pro-330xt-z-filtrem-true-color-z-kaskiem\/","name":"Spartus Przy&#x142;bica SPARTUS&#xAE; Pro 330XT z filtrem true color - z kaskiem - SpawLab - Welding equipment and plasma cutters - store and service","isPartOf":{"@id":"https:\/\/spawlab.pl\/en\/#website"},"primaryImageOfPage":{"@id":"https:\/\/spawlab.pl\/en\/produkt\/spartus-przybica-spartus-pro-330xt-z-filtrem-true-color-z-kaskiem\/#primaryimage"},"image":{"@id":"https:\/\/spawlab.pl\/en\/produkt\/spartus-przybica-spartus-pro-330xt-z-filtrem-true-color-z-kaskiem\/#primaryimage"},"thumbnailUrl":"https:\/\/spawlab.pl\/wp-content\/uploads\/2025\/10\/1-330xtk.jpg","datePublished":"2026-03-14T12:31:47+00:00","dateModified":"2026-03-14T12:31:50+00:00","description":"Lider sprzeda\u017cy, Oficjalny Dystrybutor Premium i Serwis na Polsk\u0119 Migatronic, Gys, Voestalpine Bohler Welding. Nowe i u\u017cywane Spawarki, Przecinarki Plazmowe, Kompresory. Mgr in\u017c. Jaros\u0142aw Ko\u0142aski, IWE","breadcrumb":{"@id":"https:\/\/spawlab.pl\/en\/produkt\/spartus-przybica-spartus-pro-330xt-z-filtrem-true-color-z-kaskiem\/#breadcrumb"},"inLanguage":"en-US","potentialAction":[{"@type":"ReadAction","target":["https:\/\/spawlab.pl\/en\/produkt\/spartus-przybica-spartus-pro-330xt-z-filtrem-true-color-z-kaskiem\/"]}]},{"@type":"ImageObject","inLanguage":"en-US","@id":"https:\/\/spawlab.pl\/en\/produkt\/spartus-przybica-spartus-pro-330xt-z-filtrem-true-color-z-kaskiem\/#primaryimage","url":"https:\/\/spawlab.pl\/wp-content\/uploads\/2025\/10\/1-330xtk.jpg","contentUrl":"https:\/\/spawlab.pl\/wp-content\/uploads\/2025\/10\/1-330xtk.jpg","width":1000,"height":1000},{"@type":"BreadcrumbList","@id":"https:\/\/spawlab.pl\/en\/produkt\/spartus-przybica-spartus-pro-330xt-z-filtrem-true-color-z-kaskiem\/#breadcrumb","itemListElement":[{"@type":"ListItem","position":1,"name":"Strona g\u0142\u00f3wna","item":"https:\/\/spawlab.pl\/en\/"},{"@type":"ListItem","position":2,"name":"Store","item":"https:\/\/spawlab.pl\/en\/shop\/"},{"@type":"ListItem","position":3,"name":"Spartus Przy&#x142;bica SPARTUS&#xAE; Pro 330XT z filtrem true color - z kaskiem"}]},{"@type":"WebSite","@id":"https:\/\/spawlab.pl\/en\/#website","url":"https:\/\/spawlab.pl\/en\/","name":"Spawlab.pl Lider - Spawarki, Przecinarki Plazmowe, Kompresory","description":"Urz\u0105dzenia spawalnicze i Przecinarki plazmowe\/ nowe i u\u017cywane \/ Profesjonalny serwis","publisher":{"@id":"https:\/\/spawlab.pl\/en\/#organization"},"alternateName":"Spawlab.pl - Dystrybutor Premium i Serwis na Polske Migatronic, Gys, Voestalpine Bohler Welding","potentialAction":[{"@type":"SearchAction","target":{"@type":"EntryPoint","urlTemplate":"https:\/\/spawlab.pl\/en\/?s={search_term_string}"},"query-input":{"@type":"PropertyValueSpecification","valueRequired":true,"valueName":"search_term_string"}}],"inLanguage":"en-US"},{"@type":["Organization","Place"],"@id":"https:\/\/spawlab.pl\/en\/#organization","name":"Spawlab.pl","url":"https:\/\/spawlab.pl\/en\/","logo":{"@id":"https:\/\/spawlab.pl\/en\/produkt\/spartus-przybica-spartus-pro-330xt-z-filtrem-true-color-z-kaskiem\/#local-main-organization-logo"},"image":{"@id":"https:\/\/spawlab.pl\/en\/produkt\/spartus-przybica-spartus-pro-330xt-z-filtrem-true-color-z-kaskiem\/#local-main-organization-logo"},"sameAs":["https:\/\/www.facebook.com\/Spawlab\/","https:\/\/www.linkedin.com\/company\/spawlab","https:\/\/www.instagram.com\/spawlab.pl","https:\/\/www.tiktok.com\/@spawlab"],"description":"Lider sprzeda\u017cy, Oficjalny Dystrybutor Premium i Serwis na Polsk\u0119 Migatronic, Gys, Voestalpine Bohler Welding. Nowe i u\u017cywane Spawarki, Przecinarki Plazmowe, Kompresory. Mgr in\u017c. Jaros\u0142aw Ko\u0142aski, IWE","hasMerchantReturnPolicy":{"@type":"MerchantReturnPolicy","merchantReturnLink":"https:\/\/spawlab.pl\/polityka-prywatnosci-2\/"},"telephone":[],"openingHoursSpecification":[{"@type":"OpeningHoursSpecification","dayOfWeek":["Monday","Tuesday","Wednesday","Thursday","Friday","Saturday","Sunday"],"opens":"09:00","closes":"17:00"}]},{"@type":"ImageObject","inLanguage":"en-US","@id":"https:\/\/spawlab.pl\/en\/produkt\/spartus-przybica-spartus-pro-330xt-z-filtrem-true-color-z-kaskiem\/#local-main-organization-logo","url":"https:\/\/spawlab.pl\/wp-content\/uploads\/2022\/01\/olx.jpg","contentUrl":"https:\/\/spawlab.pl\/wp-content\/uploads\/2022\/01\/olx.jpg","width":200,"height":200,"caption":"Spawlab.pl"}]},"product_price_amount":"573.83","product_price_currency":"PLN","og_availability":"instock","product_availability":"instock","product_retailer_item_id":"080-10-330XTK","product_condition":"new"},"_links":{"self":[{"href":"https:\/\/spawlab.pl\/en\/wp-json\/wp\/v2\/product\/54059","targetHints":{"allow":["GET"]}}],"collection":[{"href":"https:\/\/spawlab.pl\/en\/wp-json\/wp\/v2\/product"}],"about":[{"href":"https:\/\/spawlab.pl\/en\/wp-json\/wp\/v2\/types\/product"}],"wp:featuredmedia":[{"embeddable":true,"href":"https:\/\/spawlab.pl\/en\/wp-json\/wp\/v2\/media\/54060"}],"wp:attachment":[{"href":"https:\/\/spawlab.pl\/en\/wp-json\/wp\/v2\/media?parent=54059"}],"wp:term":[{"taxonomy":"product_brand","embeddable":true,"href":"https:\/\/spawlab.pl\/en\/wp-json\/wp\/v2\/product_brand?post=54059"},{"taxonomy":"product_cat","embeddable":true,"href":"https:\/\/spawlab.pl\/en\/wp-json\/wp\/v2\/product_cat?post=54059"},{"taxonomy":"product_tag","embeddable":true,"href":"https:\/\/spawlab.pl\/en\/wp-json\/wp\/v2\/product_tag?post=54059"}],"curies":[{"name":"wp","href":"https:\/\/api.w.org\/{rel}","templated":true}]}}