{"id":55441,"date":"2026-04-04T02:01:31","date_gmt":"2026-04-04T00:01:31","guid":{"rendered":"https:\/\/spawlab.pl\/?post_type=product&#038;p=55441"},"modified":"2026-04-04T02:01:33","modified_gmt":"2026-04-04T00:01:33","slug":"spartus-promig-535-dual-pulse-rdo-chodnica-podajnik-przewd-zespolony-wzek-pakiet-z-uchwytem-spp501-3m","status":"publish","type":"product","link":"https:\/\/spawlab.pl\/en\/produkt\/spartus-promig-535-dual-pulse-rdo-chodnica-podajnik-przewd-zespolony-wzek-pakiet-z-uchwytem-spp501-3m\/","title":{"rendered":"Spartus ProMIG 535 DUAL PULSE  [&#x17A;r&#xF3;d&#x142;o, ch&#x142;odnica, podajnik, przew&#xF3;d zespolony, w&#xF3;zek] pakiet z uchwytem SPP501 &#8211; 3m"},"content":{"rendered":"<p><![CDATA[ \n\n<p><strong><span style=\"font-size:22px;\">SYNERGICZNY MIG Z PODW&Oacute;JNYM PULSEM.<\/span><\/strong><\/p>\n\n<br \/>&#xD;\n<br \/>&#xD;\n\n\n<p><strong>SPARTUS<sup>&reg; <\/sup>ProMIG 535 DP<\/strong> to wysokiej klasy, nowoczesna spawarka inwertorowa, skonstruowana w oparciu o zaawansowan&#x105; technologi&#x119; PWM i profesjonalne tranzystory IGBT. Umo&#x17C;liwia spawanie MIG \/ TIG DC oraz MMA, pr&#x105;dem o nat&#x119;&#x17C;eniu do 500A. Zasilana jest z sieci tr&oacute;jfazowej 400V.&nbsp;Urz&#x105;dzenie daje szeroki wachlarz mo&#x17C;liwo&#x15B;ci dla wy&#x17C;ej wymienionych metod &#x142;&#x105;czenia metali.<\/p>\n\n<br \/>&#xD;\n<br \/>&#xD;\n\n\n<p><strong>Spawanie MIG<\/strong>\n\n&#xD;\nProMIG 535 DP wyposa&#x17C;ony jest w synergiczny system do spawania MIG\/MAG z mo&#x17C;liwo&#x15B;ci&#x105; wyboru nast&#x119;puj&#x105;cych program&oacute;w: do spawania stali, stali nierdzewnej, aluminium; spawania drutem samoos&#x142;onowym i lutospawanie. Urz&#x105;dzenie pracuje r&oacute;wnie&#x17C; w trybie manual.\n\n&#xD;\nDodatkowo spawarka posiada szereg funkcjonalno&#x15B;ci wspieraj&#x105;cych proces spawania w metodzie&nbsp;MIG:\n\n&#xD;\n&ndash; 1P (Pulse) &ndash; spawanie MIG\/MAG z pulsacj&#x105;, kt&oacute;ra znacz&#x105;ca u&#x142;atwia uzyskanie &#x142;uku natryskowego,\n\n&#xD;\n&ndash; 2P (Dual Pulse) &ndash; spawanie z podw&oacute;jn&#x105; pulsacj&#x105; &ndash; spawanie MIG\/MAG w jako&#x15B;ci TIG,\n\n&#xD;\n&ndash; tryb JOB &ndash; mo&#x17C;liwo&#x15B;&#x107; zapisania 10&nbsp;program&oacute;w,\n\n&#xD;\n&ndash; tryb pracy 2T\/4T \/ s4T \/ SPOT,\n\n&#xD;\n&ndash; Burn Back,\n\n&#xD;\n&ndash; Slow Feed,\n\n&#xD;\n&ndash; pre-gaz i post-gaz.<\/p>\n\n<br \/>&#xD;\n<br \/>&#xD;\n\n\n<p>Wydzielony wysokiej klasy czterorolkowy podajnik, zapewnia stabilne podawanie drutu. Dodatkow&#x105; zalet&#x105; jest r&oacute;wnie&#x17C; mo&#x17C;liwo&#x15B;&#x107; spawania uchwytem Spool Gun.<\/p>\n\n<br \/>&#xD;\n<br \/>&#xD;\n\n\n<p><strong>Spawanie TIG<\/strong>\n\n&#xD;\nDzi&#x119;ki zastosowanym rozwi&#x105;zaniom ProMIG 535 DP umo&#x17C;liwia r&oacute;wnie&#x17C; zaawansowane spawanie&nbsp;metod&#x105; TIG Lift.\n\n&#xD;\nProMIG 535 DP posiada r&oacute;wnie&#x17C; funkcje wspieraj&#x105;ce proces spawania w metodzie TIG:\n\n&#xD;\n&ndash; tryb pracy 2T\/4T,\n\n&#xD;\n&ndash; Down Slope.<\/p>\n\n<br \/>&#xD;\n<br \/>&#xD;\n\n\n<p><strong>Spawanie MMA<\/strong>\n\n&#xD;\nProces &#x142;&#x105;czenia metali w tej metodzie dodatkowo wspieraj&#x105; funkcje:\n\n&#xD;\n&ndash; Arc Force,\n\n&#xD;\n&ndash; Hot Start.<\/p>\n\n<br \/>&#xD;\n<br \/>&#xD;\n\n\n<p>Nowoczesny design, panel funkcyjny LCD w po&#x142;&#x105;czeniu z zaawansowanymi technologicznie podzespo&#x142;ami stawia urz&#x105;dzenie SPARTUS&reg; ProMIG 535 DP w czo&#x142;&oacute;wce najlepszych maszyn w tej klasie na rynku.&nbsp;Profesjonalne urz&#x105;dzenie linii <strong>SPARTUS<sup>&reg;<\/sup> Pro<\/strong> doskonale sprawdzi si&#x119; w sektorze produkcyjnym i przemy&#x15B;le.<\/p>\n\n<br \/> ]]><\/p>\n","protected":false},"excerpt":{"rendered":"<p> ProMIG 535 DUAL PULSE  [&#x17A;r&#xF3;d&#x142;o, ch&#x142;odnica, podajnik, przew&#xF3;d zespolony, w&#xF3;zek] pakiet z uchwytem SPP501 &#8211; 3m <\/p>\n","protected":false},"featured_media":55442,"template":"","meta":{"inline_featured_image":false},"product_brand":[17523],"product_cat":[81,21931,17524,3342,21895],"product_tag":[],"class_list":{"0":"post-55441","1":"product","2":"type-product","3":"status-publish","4":"has-post-thumbnail","6":"product_brand-spartus","7":"product_cat-akcesoria-czesci","8":"product_cat-mig","9":"product_cat-spartus","10":"product_cat-strefa-marki","11":"product_cat-urzdzenia","12":"pa_cykl-pracy-mig-17733","13":"pa_hot-start-17737","14":"pa_napicie-zasilania-3-400v-10-50-60-hz","15":"pa_pojemno-zbiornika-5l","16":"pa_prd-spawania-mig-10-500a","17":"pa_prdko-podawania-drutu-1-5-24-m-min","18":"pa_synergia-18402","19":"pa_szpula-drutu-15kg-200-300mm","20":"pa_typ-podajnika-wydzielony-4-rolkowy","22":"first","23":"instock","24":"taxable","25":"shipping-taxable","26":"purchasable","27":"product-type-simple"},"yoast_head":"<!-- This site is optimized with the Yoast SEO Premium plugin v27.0 (Yoast SEO v27.3) - https:\/\/yoast.com\/product\/yoast-seo-premium-wordpress\/ -->\n<title>Spartus ProMIG 535 DUAL PULSE [&#x17A;r&#xF3;d&#x142;o, ch&#x142;odnica, podajnik, przew&#xF3;d zespolony, w&#xF3;zek] pakiet z uchwytem SPP501 - 3m - SpawLab - Welding equipment and plasma cutters - store and service<\/title>\n<meta name=\"description\" content=\"Lider sprzeda\u017cy, Oficjalny Dystrybutor Premium i Serwis na Polsk\u0119 Migatronic, Gys, Voestalpine Bohler Welding. Nowe i u\u017cywane Spawarki, Przecinarki Plazmowe, Kompresory. Mgr in\u017c. Jaros\u0142aw Ko\u0142aski, IWE\" \/>\n<meta name=\"robots\" content=\"index, follow, max-snippet:-1, max-image-preview:large, max-video-preview:-1\" \/>\n<link rel=\"canonical\" href=\"https:\/\/spawlab.pl\/en\/produkt\/spartus-promig-535-dual-pulse-rdo-chodnica-podajnik-przewd-zespolony-wzek-pakiet-z-uchwytem-spp501-3m\/\" \/>\n<meta property=\"og:locale\" content=\"en_US\" \/>\n<meta property=\"og:type\" content=\"article\" \/>\n<meta property=\"og:title\" content=\"Spartus ProMIG 535 DUAL PULSE [&#x17A;r&#xF3;d&#x142;o, ch&#x142;odnica, podajnik, przew&#xF3;d zespolony, w&#xF3;zek] pakiet z uchwytem SPP501 - 3m\" \/>\n<meta property=\"og:description\" content=\"Lider sprzeda\u017cy, Oficjalny Dystrybutor Premium i Serwis na Polsk\u0119 Migatronic, Gys, Voestalpine Bohler Welding. Nowe i u\u017cywane Spawarki, Przecinarki Plazmowe, Kompresory. Mgr in\u017c. Jaros\u0142aw Ko\u0142aski, IWE\" \/>\n<meta property=\"og:url\" content=\"https:\/\/spawlab.pl\/en\/produkt\/spartus-promig-535-dual-pulse-rdo-chodnica-podajnik-przewd-zespolony-wzek-pakiet-z-uchwytem-spp501-3m\/\" \/>\n<meta property=\"og:site_name\" content=\"SpawLab - Welding equipment and plasma cutters - store and service\" \/>\n<meta property=\"article:publisher\" content=\"https:\/\/www.facebook.com\/Spawlab\/\" \/>\n<meta property=\"article:modified_time\" content=\"2026-04-04T00:01:33+00:00\" \/>\n<meta property=\"og:image\" content=\"https:\/\/spawlab.pl\/wp-content\/uploads\/2025\/10\/promig535dp-01bb.jpg\" \/>\n\t<meta property=\"og:image:width\" content=\"1000\" \/>\n\t<meta property=\"og:image:height\" content=\"1000\" \/>\n\t<meta property=\"og:image:type\" content=\"image\/jpeg\" \/>\n<meta name=\"twitter:label1\" content=\"Price\" \/>\n\t<meta name=\"twitter:data1\" content=\"24 546,02&nbsp;&#122;&#322; (19 956,11&nbsp;&#122;&#322; netto)\" \/>\n\t<meta name=\"twitter:label2\" content=\"Availability\" \/>\n\t<meta name=\"twitter:data2\" content=\"In stock\" \/>\n<script type=\"application\/ld+json\" class=\"yoast-schema-graph\">{\"@context\":\"https:\\\/\\\/schema.org\",\"@graph\":[{\"@type\":[\"WebPage\",\"ItemPage\"],\"@id\":\"https:\\\/\\\/spawlab.pl\\\/en\\\/produkt\\\/spartus-promig-535-dual-pulse-rdo-chodnica-podajnik-przewd-zespolony-wzek-pakiet-z-uchwytem-spp501-3m\\\/\",\"url\":\"https:\\\/\\\/spawlab.pl\\\/en\\\/produkt\\\/spartus-promig-535-dual-pulse-rdo-chodnica-podajnik-przewd-zespolony-wzek-pakiet-z-uchwytem-spp501-3m\\\/\",\"name\":\"Spartus ProMIG 535 DUAL PULSE [&#x17A;r&#xF3;d&#x142;o, ch&#x142;odnica, podajnik, przew&#xF3;d zespolony, w&#xF3;zek] pakiet z uchwytem SPP501 - 3m - SpawLab - Welding equipment and plasma cutters - store and service\",\"isPartOf\":{\"@id\":\"https:\\\/\\\/spawlab.pl\\\/en\\\/#website\"},\"primaryImageOfPage\":{\"@id\":\"https:\\\/\\\/spawlab.pl\\\/en\\\/produkt\\\/spartus-promig-535-dual-pulse-rdo-chodnica-podajnik-przewd-zespolony-wzek-pakiet-z-uchwytem-spp501-3m\\\/#primaryimage\"},\"image\":{\"@id\":\"https:\\\/\\\/spawlab.pl\\\/en\\\/produkt\\\/spartus-promig-535-dual-pulse-rdo-chodnica-podajnik-przewd-zespolony-wzek-pakiet-z-uchwytem-spp501-3m\\\/#primaryimage\"},\"thumbnailUrl\":\"https:\\\/\\\/spawlab.pl\\\/wp-content\\\/uploads\\\/2025\\\/10\\\/promig535dp-01bb.jpg\",\"datePublished\":\"2026-04-04T00:01:31+00:00\",\"dateModified\":\"2026-04-04T00:01:33+00:00\",\"description\":\"Lider sprzeda\u017cy, Oficjalny Dystrybutor Premium i Serwis na Polsk\u0119 Migatronic, Gys, Voestalpine Bohler Welding. Nowe i u\u017cywane Spawarki, Przecinarki Plazmowe, Kompresory. Mgr in\u017c. Jaros\u0142aw Ko\u0142aski, IWE\",\"breadcrumb\":{\"@id\":\"https:\\\/\\\/spawlab.pl\\\/en\\\/produkt\\\/spartus-promig-535-dual-pulse-rdo-chodnica-podajnik-przewd-zespolony-wzek-pakiet-z-uchwytem-spp501-3m\\\/#breadcrumb\"},\"inLanguage\":\"en-US\",\"potentialAction\":[{\"@type\":\"ReadAction\",\"target\":[\"https:\\\/\\\/spawlab.pl\\\/en\\\/produkt\\\/spartus-promig-535-dual-pulse-rdo-chodnica-podajnik-przewd-zespolony-wzek-pakiet-z-uchwytem-spp501-3m\\\/\"]}]},{\"@type\":\"ImageObject\",\"inLanguage\":\"en-US\",\"@id\":\"https:\\\/\\\/spawlab.pl\\\/en\\\/produkt\\\/spartus-promig-535-dual-pulse-rdo-chodnica-podajnik-przewd-zespolony-wzek-pakiet-z-uchwytem-spp501-3m\\\/#primaryimage\",\"url\":\"https:\\\/\\\/spawlab.pl\\\/wp-content\\\/uploads\\\/2025\\\/10\\\/promig535dp-01bb.jpg\",\"contentUrl\":\"https:\\\/\\\/spawlab.pl\\\/wp-content\\\/uploads\\\/2025\\\/10\\\/promig535dp-01bb.jpg\",\"width\":1000,\"height\":1000},{\"@type\":\"BreadcrumbList\",\"@id\":\"https:\\\/\\\/spawlab.pl\\\/en\\\/produkt\\\/spartus-promig-535-dual-pulse-rdo-chodnica-podajnik-przewd-zespolony-wzek-pakiet-z-uchwytem-spp501-3m\\\/#breadcrumb\",\"itemListElement\":[{\"@type\":\"ListItem\",\"position\":1,\"name\":\"Strona g\u0142\u00f3wna\",\"item\":\"https:\\\/\\\/spawlab.pl\\\/en\\\/\"},{\"@type\":\"ListItem\",\"position\":2,\"name\":\"Store\",\"item\":\"https:\\\/\\\/spawlab.pl\\\/en\\\/shop\\\/\"},{\"@type\":\"ListItem\",\"position\":3,\"name\":\"Spartus ProMIG 535 DUAL PULSE [&#x17A;r&#xF3;d&#x142;o, ch&#x142;odnica, podajnik, przew&#xF3;d zespolony, w&#xF3;zek] pakiet z uchwytem SPP501 - 3m\"}]},{\"@type\":\"WebSite\",\"@id\":\"https:\\\/\\\/spawlab.pl\\\/en\\\/#website\",\"url\":\"https:\\\/\\\/spawlab.pl\\\/en\\\/\",\"name\":\"Spawlab.pl Lider - Spawarki, Przecinarki Plazmowe, Kompresory\",\"description\":\"Urz\u0105dzenia spawalnicze i Przecinarki plazmowe\\\/ nowe i u\u017cywane \\\/ Profesjonalny serwis\",\"publisher\":{\"@id\":\"https:\\\/\\\/spawlab.pl\\\/en\\\/#organization\"},\"alternateName\":\"Spawlab.pl - Dystrybutor Premium i Serwis na Polske Migatronic, Gys, Voestalpine Bohler Welding\",\"potentialAction\":[{\"@type\":\"SearchAction\",\"target\":{\"@type\":\"EntryPoint\",\"urlTemplate\":\"https:\\\/\\\/spawlab.pl\\\/en\\\/?s={search_term_string}\"},\"query-input\":{\"@type\":\"PropertyValueSpecification\",\"valueRequired\":true,\"valueName\":\"search_term_string\"}}],\"inLanguage\":\"en-US\"},{\"@type\":[\"Organization\",\"Place\"],\"@id\":\"https:\\\/\\\/spawlab.pl\\\/en\\\/#organization\",\"name\":\"Spawlab.pl\",\"url\":\"https:\\\/\\\/spawlab.pl\\\/en\\\/\",\"logo\":{\"@id\":\"https:\\\/\\\/spawlab.pl\\\/en\\\/produkt\\\/spartus-promig-535-dual-pulse-rdo-chodnica-podajnik-przewd-zespolony-wzek-pakiet-z-uchwytem-spp501-3m\\\/#local-main-organization-logo\"},\"image\":{\"@id\":\"https:\\\/\\\/spawlab.pl\\\/en\\\/produkt\\\/spartus-promig-535-dual-pulse-rdo-chodnica-podajnik-przewd-zespolony-wzek-pakiet-z-uchwytem-spp501-3m\\\/#local-main-organization-logo\"},\"sameAs\":[\"https:\\\/\\\/www.facebook.com\\\/Spawlab\\\/\",\"https:\\\/\\\/www.linkedin.com\\\/company\\\/spawlab\",\"https:\\\/\\\/www.instagram.com\\\/spawlab.pl\",\"https:\\\/\\\/www.tiktok.com\\\/@spawlab\"],\"description\":\"Lider sprzeda\u017cy, Oficjalny Dystrybutor Premium i Serwis na Polsk\u0119 Migatronic, Gys, Voestalpine Bohler Welding. Nowe i u\u017cywane Spawarki, Przecinarki Plazmowe, Kompresory. Mgr in\u017c. Jaros\u0142aw Ko\u0142aski, IWE\",\"hasMerchantReturnPolicy\":{\"@type\":\"MerchantReturnPolicy\",\"merchantReturnLink\":\"https:\\\/\\\/spawlab.pl\\\/polityka-prywatnosci-2\\\/\"},\"telephone\":[],\"openingHoursSpecification\":[{\"@type\":\"OpeningHoursSpecification\",\"dayOfWeek\":[\"Monday\",\"Tuesday\",\"Wednesday\",\"Thursday\",\"Friday\",\"Saturday\",\"Sunday\"],\"opens\":\"09:00\",\"closes\":\"17:00\"}]},{\"@type\":\"ImageObject\",\"inLanguage\":\"en-US\",\"@id\":\"https:\\\/\\\/spawlab.pl\\\/en\\\/produkt\\\/spartus-promig-535-dual-pulse-rdo-chodnica-podajnik-przewd-zespolony-wzek-pakiet-z-uchwytem-spp501-3m\\\/#local-main-organization-logo\",\"url\":\"https:\\\/\\\/spawlab.pl\\\/wp-content\\\/uploads\\\/2022\\\/01\\\/olx.jpg\",\"contentUrl\":\"https:\\\/\\\/spawlab.pl\\\/wp-content\\\/uploads\\\/2022\\\/01\\\/olx.jpg\",\"width\":200,\"height\":200,\"caption\":\"Spawlab.pl\"}]}<\/script>\n<meta property=\"product:price:amount\" content=\"24546.02\" \/>\n<meta property=\"product:price:currency\" content=\"PLN\" \/>\n<meta property=\"og:availability\" content=\"instock\" \/>\n<meta property=\"product:availability\" content=\"instock\" \/>\n<meta property=\"product:retailer_item_id\" content=\"PROMIG535DP-PAK-501-3\" \/>\n<meta property=\"product:condition\" content=\"new\" \/>\n<!-- \/ Yoast SEO Premium plugin. -->","yoast_head_json":{"title":"Spartus ProMIG 535 DUAL PULSE [&#x17A;r&#xF3;d&#x142;o, ch&#x142;odnica, podajnik, przew&#xF3;d zespolony, w&#xF3;zek] pakiet z uchwytem SPP501 - 3m - SpawLab - Welding equipment and plasma cutters - store and service","description":"Lider sprzeda\u017cy, Oficjalny Dystrybutor Premium i Serwis na Polsk\u0119 Migatronic, Gys, Voestalpine Bohler Welding. Nowe i u\u017cywane Spawarki, Przecinarki Plazmowe, Kompresory. Mgr in\u017c. Jaros\u0142aw Ko\u0142aski, IWE","robots":{"index":"index","follow":"follow","max-snippet":"max-snippet:-1","max-image-preview":"max-image-preview:large","max-video-preview":"max-video-preview:-1"},"canonical":"https:\/\/spawlab.pl\/en\/produkt\/spartus-promig-535-dual-pulse-rdo-chodnica-podajnik-przewd-zespolony-wzek-pakiet-z-uchwytem-spp501-3m\/","og_locale":"en_US","og_type":"article","og_title":"Spartus ProMIG 535 DUAL PULSE [&#x17A;r&#xF3;d&#x142;o, ch&#x142;odnica, podajnik, przew&#xF3;d zespolony, w&#xF3;zek] pakiet z uchwytem SPP501 - 3m","og_description":"Lider sprzeda\u017cy, Oficjalny Dystrybutor Premium i Serwis na Polsk\u0119 Migatronic, Gys, Voestalpine Bohler Welding. Nowe i u\u017cywane Spawarki, Przecinarki Plazmowe, Kompresory. Mgr in\u017c. Jaros\u0142aw Ko\u0142aski, IWE","og_url":"https:\/\/spawlab.pl\/en\/produkt\/spartus-promig-535-dual-pulse-rdo-chodnica-podajnik-przewd-zespolony-wzek-pakiet-z-uchwytem-spp501-3m\/","og_site_name":"SpawLab - Welding equipment and plasma cutters - store and service","article_publisher":"https:\/\/www.facebook.com\/Spawlab\/","article_modified_time":"2026-04-04T00:01:33+00:00","og_image":[{"width":1000,"height":1000,"url":"https:\/\/spawlab.pl\/wp-content\/uploads\/2025\/10\/promig535dp-01bb.jpg","type":"image\/jpeg"}],"twitter_misc":{"Price":"24 546,02&nbsp;&#122;&#322; (19 956,11&nbsp;&#122;&#322; netto)","Availability":"In stock"},"schema":{"@context":"https:\/\/schema.org","@graph":[{"@type":["WebPage","ItemPage"],"@id":"https:\/\/spawlab.pl\/en\/produkt\/spartus-promig-535-dual-pulse-rdo-chodnica-podajnik-przewd-zespolony-wzek-pakiet-z-uchwytem-spp501-3m\/","url":"https:\/\/spawlab.pl\/en\/produkt\/spartus-promig-535-dual-pulse-rdo-chodnica-podajnik-przewd-zespolony-wzek-pakiet-z-uchwytem-spp501-3m\/","name":"Spartus ProMIG 535 DUAL PULSE [&#x17A;r&#xF3;d&#x142;o, ch&#x142;odnica, podajnik, przew&#xF3;d zespolony, w&#xF3;zek] pakiet z uchwytem SPP501 - 3m - SpawLab - Welding equipment and plasma cutters - store and service","isPartOf":{"@id":"https:\/\/spawlab.pl\/en\/#website"},"primaryImageOfPage":{"@id":"https:\/\/spawlab.pl\/en\/produkt\/spartus-promig-535-dual-pulse-rdo-chodnica-podajnik-przewd-zespolony-wzek-pakiet-z-uchwytem-spp501-3m\/#primaryimage"},"image":{"@id":"https:\/\/spawlab.pl\/en\/produkt\/spartus-promig-535-dual-pulse-rdo-chodnica-podajnik-przewd-zespolony-wzek-pakiet-z-uchwytem-spp501-3m\/#primaryimage"},"thumbnailUrl":"https:\/\/spawlab.pl\/wp-content\/uploads\/2025\/10\/promig535dp-01bb.jpg","datePublished":"2026-04-04T00:01:31+00:00","dateModified":"2026-04-04T00:01:33+00:00","description":"Lider sprzeda\u017cy, Oficjalny Dystrybutor Premium i Serwis na Polsk\u0119 Migatronic, Gys, Voestalpine Bohler Welding. Nowe i u\u017cywane Spawarki, Przecinarki Plazmowe, Kompresory. Mgr in\u017c. Jaros\u0142aw Ko\u0142aski, IWE","breadcrumb":{"@id":"https:\/\/spawlab.pl\/en\/produkt\/spartus-promig-535-dual-pulse-rdo-chodnica-podajnik-przewd-zespolony-wzek-pakiet-z-uchwytem-spp501-3m\/#breadcrumb"},"inLanguage":"en-US","potentialAction":[{"@type":"ReadAction","target":["https:\/\/spawlab.pl\/en\/produkt\/spartus-promig-535-dual-pulse-rdo-chodnica-podajnik-przewd-zespolony-wzek-pakiet-z-uchwytem-spp501-3m\/"]}]},{"@type":"ImageObject","inLanguage":"en-US","@id":"https:\/\/spawlab.pl\/en\/produkt\/spartus-promig-535-dual-pulse-rdo-chodnica-podajnik-przewd-zespolony-wzek-pakiet-z-uchwytem-spp501-3m\/#primaryimage","url":"https:\/\/spawlab.pl\/wp-content\/uploads\/2025\/10\/promig535dp-01bb.jpg","contentUrl":"https:\/\/spawlab.pl\/wp-content\/uploads\/2025\/10\/promig535dp-01bb.jpg","width":1000,"height":1000},{"@type":"BreadcrumbList","@id":"https:\/\/spawlab.pl\/en\/produkt\/spartus-promig-535-dual-pulse-rdo-chodnica-podajnik-przewd-zespolony-wzek-pakiet-z-uchwytem-spp501-3m\/#breadcrumb","itemListElement":[{"@type":"ListItem","position":1,"name":"Strona g\u0142\u00f3wna","item":"https:\/\/spawlab.pl\/en\/"},{"@type":"ListItem","position":2,"name":"Store","item":"https:\/\/spawlab.pl\/en\/shop\/"},{"@type":"ListItem","position":3,"name":"Spartus ProMIG 535 DUAL PULSE [&#x17A;r&#xF3;d&#x142;o, ch&#x142;odnica, podajnik, przew&#xF3;d zespolony, w&#xF3;zek] pakiet z uchwytem SPP501 - 3m"}]},{"@type":"WebSite","@id":"https:\/\/spawlab.pl\/en\/#website","url":"https:\/\/spawlab.pl\/en\/","name":"Spawlab.pl Lider - Spawarki, Przecinarki Plazmowe, Kompresory","description":"Urz\u0105dzenia spawalnicze i Przecinarki plazmowe\/ nowe i u\u017cywane \/ Profesjonalny serwis","publisher":{"@id":"https:\/\/spawlab.pl\/en\/#organization"},"alternateName":"Spawlab.pl - Dystrybutor Premium i Serwis na Polske Migatronic, Gys, Voestalpine Bohler Welding","potentialAction":[{"@type":"SearchAction","target":{"@type":"EntryPoint","urlTemplate":"https:\/\/spawlab.pl\/en\/?s={search_term_string}"},"query-input":{"@type":"PropertyValueSpecification","valueRequired":true,"valueName":"search_term_string"}}],"inLanguage":"en-US"},{"@type":["Organization","Place"],"@id":"https:\/\/spawlab.pl\/en\/#organization","name":"Spawlab.pl","url":"https:\/\/spawlab.pl\/en\/","logo":{"@id":"https:\/\/spawlab.pl\/en\/produkt\/spartus-promig-535-dual-pulse-rdo-chodnica-podajnik-przewd-zespolony-wzek-pakiet-z-uchwytem-spp501-3m\/#local-main-organization-logo"},"image":{"@id":"https:\/\/spawlab.pl\/en\/produkt\/spartus-promig-535-dual-pulse-rdo-chodnica-podajnik-przewd-zespolony-wzek-pakiet-z-uchwytem-spp501-3m\/#local-main-organization-logo"},"sameAs":["https:\/\/www.facebook.com\/Spawlab\/","https:\/\/www.linkedin.com\/company\/spawlab","https:\/\/www.instagram.com\/spawlab.pl","https:\/\/www.tiktok.com\/@spawlab"],"description":"Lider sprzeda\u017cy, Oficjalny Dystrybutor Premium i Serwis na Polsk\u0119 Migatronic, Gys, Voestalpine Bohler Welding. Nowe i u\u017cywane Spawarki, Przecinarki Plazmowe, Kompresory. Mgr in\u017c. Jaros\u0142aw Ko\u0142aski, IWE","hasMerchantReturnPolicy":{"@type":"MerchantReturnPolicy","merchantReturnLink":"https:\/\/spawlab.pl\/polityka-prywatnosci-2\/"},"telephone":[],"openingHoursSpecification":[{"@type":"OpeningHoursSpecification","dayOfWeek":["Monday","Tuesday","Wednesday","Thursday","Friday","Saturday","Sunday"],"opens":"09:00","closes":"17:00"}]},{"@type":"ImageObject","inLanguage":"en-US","@id":"https:\/\/spawlab.pl\/en\/produkt\/spartus-promig-535-dual-pulse-rdo-chodnica-podajnik-przewd-zespolony-wzek-pakiet-z-uchwytem-spp501-3m\/#local-main-organization-logo","url":"https:\/\/spawlab.pl\/wp-content\/uploads\/2022\/01\/olx.jpg","contentUrl":"https:\/\/spawlab.pl\/wp-content\/uploads\/2022\/01\/olx.jpg","width":200,"height":200,"caption":"Spawlab.pl"}]},"product_price_amount":"24546.02","product_price_currency":"PLN","og_availability":"instock","product_availability":"instock","product_retailer_item_id":"PROMIG535DP-PAK-501-3","product_condition":"new"},"_links":{"self":[{"href":"https:\/\/spawlab.pl\/en\/wp-json\/wp\/v2\/product\/55441","targetHints":{"allow":["GET"]}}],"collection":[{"href":"https:\/\/spawlab.pl\/en\/wp-json\/wp\/v2\/product"}],"about":[{"href":"https:\/\/spawlab.pl\/en\/wp-json\/wp\/v2\/types\/product"}],"wp:featuredmedia":[{"embeddable":true,"href":"https:\/\/spawlab.pl\/en\/wp-json\/wp\/v2\/media\/55442"}],"wp:attachment":[{"href":"https:\/\/spawlab.pl\/en\/wp-json\/wp\/v2\/media?parent=55441"}],"wp:term":[{"taxonomy":"product_brand","embeddable":true,"href":"https:\/\/spawlab.pl\/en\/wp-json\/wp\/v2\/product_brand?post=55441"},{"taxonomy":"product_cat","embeddable":true,"href":"https:\/\/spawlab.pl\/en\/wp-json\/wp\/v2\/product_cat?post=55441"},{"taxonomy":"product_tag","embeddable":true,"href":"https:\/\/spawlab.pl\/en\/wp-json\/wp\/v2\/product_tag?post=55441"}],"curies":[{"name":"wp","href":"https:\/\/api.w.org\/{rel}","templated":true}]}}