{"id":55726,"date":"2026-03-14T13:32:26","date_gmt":"2026-03-14T12:32:26","guid":{"rendered":"https:\/\/spawlab.pl\/?post_type=product&#038;p=55726"},"modified":"2026-03-14T13:32:30","modified_gmt":"2026-03-14T12:32:30","slug":"spartus-easymig-210led-pakiet","status":"publish","type":"product","link":"https:\/\/spawlab.pl\/en\/produkt\/spartus-easymig-210led-pakiet\/","title":{"rendered":"Spartus EasyMIG 210LED pakiet"},"content":{"rendered":"<p><![CDATA[ \n\n<h3><span style=\"font-size:26px;\"><span style=\"color:#2980b9;\"><strong>EasyMIG 210LED<\/strong><\/span> <\/span><span style=\"font-size:20px;\">&ndash; NIEWIELKA I PROSTA SYNERGICZNA SPAWARKA INWERTOROWA<img decoding=\"async\" alt=\"\" data-src=\"https:\/\/novweld24.pl\/\/upload\/getfile\/201526270\/easymig210led_a2.jpg\" style=\"margin: 20px; float: right; width: 350px; height: 491px;\" \/\" src=\"data:image\/svg+xml;base64,PHN2ZyB3aWR0aD0iMSIgaGVpZ2h0PSIxIiB4bWxucz0iaHR0cDovL3d3dy53My5vcmcvMjAwMC9zdmciPjwvc3ZnPg==\" class=\"lazyload\"> <\/span><\/h3>\n\n<br \/>&#xD;\n<br \/>&#xD;\n\n\n<p><strong>SPARTUS&reg; EasyMIG 210LED <\/strong>to niewielki p&oacute;&#x142;automat spawalniczy, skonstruowany w oparciu o tranzystory IGBT. Umo&#x17C;liwia spawanie metodami MIG\/MAG, TIG Lift pr&#x105;dem o nat&#x119;&#x17C;eniu do 200A &nbsp;oraz MMA do 160A. Zasilany jest z sieci jednofazowej 230V.<\/p>\n\n<br \/>&#xD;\n<br \/>&#xD;\n\n\n<h3>&nbsp;<\/h3>\n\n<br \/>&#xD;\n<br \/>&#xD;\n\n\n<h3><span style=\"font-size:20px;\">PRZENO&#x15A;NA SPAWARKA INWERTOROWA DLA KA&#x17B;DEGO<\/span><\/h3>\n\n<br \/>&#xD;\n<br \/>&#xD;\n\n\n<p><strong>EasyMIG 210LED<\/strong> to intuicyjne urz&#x105;dzenie spawalnicze charakteryzuj&#x105;ce si&#x119; prostot&#x105;, kt&oacute;r&#x105; z pewno&#x15B;ci&#x105; doceni&#x105; pocz&#x105;tkuj&#x105;cy spawacze. Dzi&#x119;ki niewielkiej wadze oraz kompaktowej budowie &nbsp;doskonale sprawdzi si&#x119; jako przeno&#x15B;ny p&oacute;&#x142;automat spawalniczy. Wszelkie prace remontowe w terenie s&#x105; idealnym zadaniem dla tej maszyny.<\/p>\n\n<br \/>&#xD;\n<br \/>&#xD;\n\n\n<p>Prosty i intuicyjny wy&#x15B;wietlacz LED pozwala na &#x142;atwe zarz&#x105;dzanie parametrami spawarki.<\/p>\n\n<br \/>&#xD;\n<br \/>&#xD;\n\n\n<h3>&nbsp;<\/h3>\n\n<br \/>&#xD;\n<br \/>&#xD;\n\n\n<h3><strong><span style=\"font-size:20px;\">3 METODY SPAWANIA W JEDNYM URZ&#x104;DZENIU<\/span><\/strong><\/h3>\n\n<br \/>&#xD;\n<br \/>&#xD;\n\n\n<h3><span style=\"font-size:18px;\"><strong>SPAWANIE MIG SYNERGIA<\/strong><\/span><\/h3>\n\n<br \/>&#xD;\n<br \/>&#xD;\n\n\n<p><strong>EasyMIG 210LED<\/strong> wyposa&#x17C;ony jest w prosty synergiczny system do spawania MIG\/MAG drutami stalowymi o &#x15B;rednicy 0,6 \/ 0,8 \/ 1,0 mm z mo&#x17C;liwo&#x15B;ci&#x105; wprowadzenia r&#x119;cznej korekty parametr&oacute;w.\n\n&#xD;\nUrz&#x105;dzenie posiada r&oacute;wnie&#x17C; funkcje wspieraj&#x105;ce proces spawania dla metod MIG\/MAG:<\/p>\n\n<br \/>&#xD;\n<br \/>&#xD;\n\n\n<ul>&#xD;\n\t\n\n<li style=\"text-align: justify;\"><strong>Indukcyjno&#x15B;&#x107;<\/strong> &ndash; kontrola szeroko&#x15B;ci lica i g&#x142;&#x119;boko&#x15B;ci wtopienia, ogranicza ilo&#x15B;ci odprysk&oacute;w spawalniczych<\/li>\n\n<br \/>&#xD;\n\t\n\n<li style=\"text-align: justify;\">Mo&#x17C;liwo&#x15B;&#x107; spawania w dw&oacute;ch trybach: <strong>2T\/4T<\/strong>.<strong><strong>&nbsp;<\/strong><\/strong><\/li>\n\n<br \/>&#xD;\n<\/ul>\n\n<br \/>&#xD;\n<br \/>&#xD;\n\n\n<p style=\"text-align: justify;\"><strong><strong><strong><span style=\"color:#c0392b;\"><strong>Tryb manual&nbsp;&nbsp;&nbsp;&nbsp;&nbsp;<\/strong><\/span><\/strong><\/strong><\/strong>\n\n&#xD;\nUrz&#x105;dzenie &nbsp;pracuje r&oacute;wnie&#x17C; w trybie manual, kt&oacute;ry pozwala na ustawienie wszystkich parametr&oacute;w spawania zgodnie z indywidualnymi wymaganiami u&#x17C;ytkownika.&nbsp;&nbsp;&nbsp;<\/p>\n\n<br \/>&#xD;\n<br \/>&#xD;\n\n\n<p style=\"text-align: justify;\"><strong><span style=\"color:#c0392b;\"><strong>Zmiana biegunowo&#x15B;ci<\/strong><\/span><\/strong>\n\n&#xD;\nZewn&#x119;trzna zmiana biegunowo&#x15B;ci spawania w EasyMIG 210LED, umo&#x17C;liwia spawanie drutami samoos&#x142;onowymi bez gazu.<\/p>\n\n<br \/>&#xD;\n<br \/>&#xD;\n\n\n<p style=\"text-align: justify;\"><img decoding=\"async\" alt=\"\" data-src=\"https:\/\/novweld24.pl\/\/upload\/getfile\/719957398\/easymig210led_b.jpg\" style=\"margin: 20px; float: left; width: 350px; height: 309px;\" \/\" src=\"data:image\/svg+xml;base64,PHN2ZyB3aWR0aD0iMSIgaGVpZ2h0PSIxIiB4bWxucz0iaHR0cDovL3d3dy53My5vcmcvMjAwMC9zdmciPjwvc3ZnPg==\" class=\"lazyload\"><\/p>\n\n<br \/>&#xD;\n<br \/>&#xD;\n\n\n<p>&nbsp;<\/p>\n\n<br \/>&#xD;\n<br \/>&#xD;\n\n\n<p>&nbsp;<\/p>\n\n<br \/>&#xD;\n<br \/>&#xD;\n\n\n<p>&nbsp;<\/p>\n\n<br \/>&#xD;\n<br \/>&#xD;\n\n\n<p><strong><span style=\"color:#c0392b;\"><strong>Podajnik drutu<\/strong><\/span><\/strong>\n\n&#xD;\nWbudowany, dwurolkowy podajnik zapewnia stabilne podawanie drutu spawalniczego. Niewielka szpula znacznie odci&#x105;&#x17C;a maszyn&#x119;, co jest niew&#x105;tpliw&#x105; zalet&#x105; podczas transportu.<\/p>\n\n<br \/>&#xD;\n<br \/>&#xD;\n\n\n<h3>&nbsp;<\/h3>\n\n<br \/>&#xD;\n<br \/>&#xD;\n\n\n<h3>&nbsp;<\/h3>\n\n<br \/>&#xD;\n<br \/>&#xD;\n\n\n<h3>&nbsp;<\/h3>\n\n<br \/>&#xD;\n<br \/>&#xD;\n\n\n<h3>&nbsp;<\/h3>\n\n<br \/>&#xD;\n<br \/>&#xD;\n\n\n<h3><strong><span style=\"font-size:18px;\">SPAWANIE TIG Lift<\/span><\/strong><\/h3>\n\n<br \/>&#xD;\n<br \/>&#xD;\n\n\n<p style=\"text-align: justify;\"><strong>EasyMIG 210LED <\/strong>umo&#x17C;liwia spawanie metod&#x105; TIG Lift 200A, przy wysokim 60% cyklu pracy. &nbsp;Urz&#x105;dzenie wsp&oacute;&#x142;pracuje z uchwytem spawalniczym TIG z zaworkiem<strong> <\/strong><span style=\"color:#27ae60;\"> (rekomendowany&nbsp;SPE17V-4-H100-X-SK35<\/span><span style=\"color:#27ae60;\">)&nbsp;&nbsp;&nbsp;<\/span>&nbsp;&nbsp;&nbsp;&nbsp;&nbsp;&nbsp;&nbsp;&nbsp;&nbsp;<\/p>\n\n<br \/>&#xD;\n<br \/>&#xD;\n\n\n<h3 style=\"text-align: justify;\"><strong><span style=\"font-size:18px;\">SPAWANIE MMA&nbsp;&nbsp;&nbsp;<\/span>&nbsp;&nbsp;&nbsp;&nbsp;&nbsp;&nbsp;&nbsp;&nbsp;<\/strong><\/h3>\n\n<br \/>&#xD;\n<br \/>&#xD;\n\n\n<p style=\"text-align: justify;\">Urz&#x105;dzenie pozwala r&oacute;wnie&#x17C; na podstawowe spawanie metod&#x105; MMA. Wbudowane funkcje wspieraj&#x105;ce ten proces to:<\/p>\n\n<br \/>&#xD;\n<br \/>&#xD;\n\n\n<ul style=\"margin-left: 40px;\">&#xD;\n\t\n\n<li>&#xD;\n\t\n\n<p style=\"text-align: justify;\"><strong>Hot Start<\/strong> &ndash; tzw. gor&#x105;cy start &#8211; u&#x142;atwione zajarzenie elektrody<\/p>\n\n<br \/>&#xD;\n\t<\/li>\n\n<br \/>&#xD;\n\t\n\n<li>&#xD;\n\t\n\n<p style=\"text-align: justify;\"><strong>Arc Force <\/strong>&ndash; regulacja dynamiki &#x142;uku &ndash; u&#x142;atwione spawanie w pozycjach wymuszonych<\/p>\n\n<br \/>&#xD;\n\t<\/li>\n\n<br \/>&#xD;\n\t\n\n<li>&#xD;\n\t\n\n<p style=\"text-align: justify;\"><strong>VRD <\/strong>&ndash; obni&#x17C;one napi&#x119;cie biegu ja&#x142;owego, zwi&#x119;kszone bezpiecze&#x144;stwo pracy.<\/p>\n\n<br \/>&#xD;\n\t<\/li>\n\n<br \/>&#xD;\n<\/ul>\n\n<br \/>&#xD;\n<br \/>&#xD;\n\n\n<h3 style=\"text-align: justify;\">&nbsp;<\/h3>\n\n<br \/>&#xD;\n<br \/>&#xD;\n\n\n<h3 style=\"text-align: justify;\"><strong><span style=\"font-size:20px;\">ZASTOSOWANIE<\/span><\/strong><\/h3>\n\n<br \/>&#xD;\n<br \/>&#xD;\n\n\n<p style=\"margin-left: 40px; text-align: justify;\"><img decoding=\"async\" alt=\"\" data-src=\"https:\/\/novweld24.pl\/\/upload\/getfile\/350166394\/easymig210led_04.jpg\" style=\"margin-left: 25px; margin-right: 25px; float: left; width: 450px; height: 450px;\" \/\" src=\"data:image\/svg+xml;base64,PHN2ZyB3aWR0aD0iMSIgaGVpZ2h0PSIxIiB4bWxucz0iaHR0cDovL3d3dy53My5vcmcvMjAwMC9zdmciPjwvc3ZnPg==\" class=\"lazyload\"><\/p>\n\n<br \/>&#xD;\n<br \/>&#xD;\n\n\n<p style=\"margin-left: 40px; text-align: justify;\">&nbsp;<\/p>\n\n<br \/>&#xD;\n<br \/>&#xD;\n\n\n<p style=\"margin-left: 40px; text-align: justify;\">&nbsp;<\/p>\n\n<br \/>&#xD;\n<br \/>&#xD;\n\n\n<p style=\"margin-left: 40px; text-align: justify;\"><strong>SPARTUS&reg; EasyMIG 210LED <\/strong>wykonany jest zgodnie z najnowszymi trendami w produkcji urz&#x105;dze&#x144; spawalniczych. Kompaktowe rozmiary i prostota czyni&#x105; z tej spawarki doskona&#x142;e urz&#x105;dzenie do wykonywania drobnych napraw i remont&oacute;w. Znajdzie r&oacute;wnie&#x17C; zastosowanie w szeroko rozumianych pracach hobbystycznych i warsztatowych.<\/p>\n\n<br \/>&#xD;\n<br \/>&#xD;\n\n\n<h3 style=\"text-align: justify;\">&nbsp;<\/h3>\n\n<br \/>&#xD;\n<br \/>&#xD;\n\n\n<h3 style=\"text-align: justify;\">&nbsp;<\/h3>\n\n<br \/>&#xD;\n<br \/>&#xD;\n\n\n<h3 style=\"text-align: justify;\">&nbsp;<\/h3>\n\n<br \/>&#xD;\n<br \/>&#xD;\n\n\n<p>&nbsp;<\/p>\n\n<br \/>&#xD;\n<br \/>&#xD;\n\n\n<h3 style=\"text-align: justify;\">&nbsp;<\/h3>\n\n<br \/>&#xD;\n<br \/>&#xD;\n\n\n<h3 style=\"text-align: justify;\">&nbsp;<\/h3>\n\n<br \/>&#xD;\n<br \/>&#xD;\n\n\n<h3 style=\"text-align: justify;\">&nbsp;<\/h3>\n\n<br \/>&#xD;\n<br \/>&#xD;\n\n\n<h3 style=\"text-align: justify;\"><strong><span style=\"font-size:20px;\">WYPOSA&#x17B;ENIE<\/span><\/strong><\/h3>\n\n<br \/>&#xD;\n<br \/>&#xD;\n\n\n<p><strong>SPARTUS&reg; EasyMIG 210LED <\/strong>dost&#x119;pny jest w dedykowanym pakiecie. Opr&oacute;cz &#x17A;r&oacute;d&#x142;a pakiet zawiera komplet przewod&oacute;w MMA, w&#x119;&#x17C;yk gazowy oraz uchwyt spawalniczy EasyMIG 150. Tak skomponowany zestaw sprawia, &#x17C;e urz&#x105;dzenie EasyMIG 210LED jest w pe&#x142;ni gotowe do pracy.<\/p>\n\n<br \/>&#xD;\n<br \/>&#xD;\n\n\n<p>&nbsp;<\/p>\n\n<br \/> ]]><\/p>\n","protected":false},"excerpt":{"rendered":"<p> EasyMIG 210LED pakiet <\/p>\n","protected":false},"featured_media":55727,"template":"","meta":{"inline_featured_image":false},"product_brand":[17523],"product_cat":[81,21931,17524,3342,21895],"product_tag":[],"class_list":{"0":"post-55726","1":"product","2":"type-product","3":"status-publish","4":"has-post-thumbnail","6":"product_brand-spartus","7":"product_cat-akcesoria-czesci","8":"product_cat-mig","9":"product_cat-spartus","10":"product_cat-strefa-marki","11":"product_cat-urzdzenia","12":"pa_cykl-pracy-mig-17733","13":"pa_hot-start-17737","14":"pa_napicie-wyjciowe-pracy-16-5-24v","15":"pa_napicie-zasilania-1-230v-10-50-60-hz","16":"pa_prd-spawania-mig-50-200a","17":"pa_prdko-podawania-drutu-2-12-5m-min","18":"pa_synergia-18402","19":"pa_szpula-drutu-5kg-200mm","20":"pa_typ-podajnika-wbudowany-2-rolkowy","22":"first","23":"instock","24":"taxable","25":"shipping-taxable","26":"purchasable","27":"product-type-simple"},"yoast_head":"<!-- This site is optimized with the Yoast SEO Premium plugin v27.0 (Yoast SEO v27.3) - https:\/\/yoast.com\/product\/yoast-seo-premium-wordpress\/ -->\n<title>Spartus EasyMIG 210LED pakiet - SpawLab - Welding equipment and plasma cutters - store and service<\/title>\n<meta name=\"description\" content=\"Lider sprzeda\u017cy, Oficjalny Dystrybutor Premium i Serwis na Polsk\u0119 Migatronic, Gys, Voestalpine Bohler Welding. Nowe i u\u017cywane Spawarki, Przecinarki Plazmowe, Kompresory. Mgr in\u017c. Jaros\u0142aw Ko\u0142aski, IWE\" \/>\n<meta name=\"robots\" content=\"index, follow, max-snippet:-1, max-image-preview:large, max-video-preview:-1\" \/>\n<link rel=\"canonical\" href=\"https:\/\/spawlab.pl\/en\/produkt\/spartus-easymig-210led-pakiet\/\" \/>\n<meta property=\"og:locale\" content=\"en_US\" \/>\n<meta property=\"og:type\" content=\"article\" \/>\n<meta property=\"og:title\" content=\"Spartus EasyMIG 210LED pakiet\" \/>\n<meta property=\"og:description\" content=\"Lider sprzeda\u017cy, Oficjalny Dystrybutor Premium i Serwis na Polsk\u0119 Migatronic, Gys, Voestalpine Bohler Welding. Nowe i u\u017cywane Spawarki, Przecinarki Plazmowe, Kompresory. Mgr in\u017c. Jaros\u0142aw Ko\u0142aski, IWE\" \/>\n<meta property=\"og:url\" content=\"https:\/\/spawlab.pl\/en\/produkt\/spartus-easymig-210led-pakiet\/\" \/>\n<meta property=\"og:site_name\" content=\"SpawLab - Welding equipment and plasma cutters - store and service\" \/>\n<meta property=\"article:publisher\" content=\"https:\/\/www.facebook.com\/Spawlab\/\" \/>\n<meta property=\"article:modified_time\" content=\"2026-03-14T12:32:30+00:00\" \/>\n<meta property=\"og:image\" content=\"https:\/\/spawlab.pl\/wp-content\/uploads\/2025\/10\/01_easymig210led_04.jpg\" \/>\n\t<meta property=\"og:image:width\" content=\"1000\" \/>\n\t<meta property=\"og:image:height\" content=\"1000\" \/>\n\t<meta property=\"og:image:type\" content=\"image\/jpeg\" \/>\n<meta name=\"twitter:label1\" content=\"Price\" \/>\n\t<meta name=\"twitter:data1\" content=\"1 536,27&nbsp;&#122;&#322; (1 249,00&nbsp;&#122;&#322; netto)\" \/>\n\t<meta name=\"twitter:label2\" content=\"Availability\" \/>\n\t<meta name=\"twitter:data2\" content=\"In stock\" \/>\n<script type=\"application\/ld+json\" class=\"yoast-schema-graph\">{\"@context\":\"https:\\\/\\\/schema.org\",\"@graph\":[{\"@type\":[\"WebPage\",\"ItemPage\"],\"@id\":\"https:\\\/\\\/spawlab.pl\\\/en\\\/produkt\\\/spartus-easymig-210led-pakiet\\\/\",\"url\":\"https:\\\/\\\/spawlab.pl\\\/en\\\/produkt\\\/spartus-easymig-210led-pakiet\\\/\",\"name\":\"Spartus EasyMIG 210LED pakiet - SpawLab - Welding equipment and plasma cutters - store and service\",\"isPartOf\":{\"@id\":\"https:\\\/\\\/spawlab.pl\\\/en\\\/#website\"},\"primaryImageOfPage\":{\"@id\":\"https:\\\/\\\/spawlab.pl\\\/en\\\/produkt\\\/spartus-easymig-210led-pakiet\\\/#primaryimage\"},\"image\":{\"@id\":\"https:\\\/\\\/spawlab.pl\\\/en\\\/produkt\\\/spartus-easymig-210led-pakiet\\\/#primaryimage\"},\"thumbnailUrl\":\"https:\\\/\\\/spawlab.pl\\\/wp-content\\\/uploads\\\/2025\\\/10\\\/01_easymig210led_04.jpg\",\"datePublished\":\"2026-03-14T12:32:26+00:00\",\"dateModified\":\"2026-03-14T12:32:30+00:00\",\"description\":\"Lider sprzeda\u017cy, Oficjalny Dystrybutor Premium i Serwis na Polsk\u0119 Migatronic, Gys, Voestalpine Bohler Welding. Nowe i u\u017cywane Spawarki, Przecinarki Plazmowe, Kompresory. Mgr in\u017c. Jaros\u0142aw Ko\u0142aski, IWE\",\"breadcrumb\":{\"@id\":\"https:\\\/\\\/spawlab.pl\\\/en\\\/produkt\\\/spartus-easymig-210led-pakiet\\\/#breadcrumb\"},\"inLanguage\":\"en-US\",\"potentialAction\":[{\"@type\":\"ReadAction\",\"target\":[\"https:\\\/\\\/spawlab.pl\\\/en\\\/produkt\\\/spartus-easymig-210led-pakiet\\\/\"]}]},{\"@type\":\"ImageObject\",\"inLanguage\":\"en-US\",\"@id\":\"https:\\\/\\\/spawlab.pl\\\/en\\\/produkt\\\/spartus-easymig-210led-pakiet\\\/#primaryimage\",\"url\":\"https:\\\/\\\/spawlab.pl\\\/wp-content\\\/uploads\\\/2025\\\/10\\\/01_easymig210led_04.jpg\",\"contentUrl\":\"https:\\\/\\\/spawlab.pl\\\/wp-content\\\/uploads\\\/2025\\\/10\\\/01_easymig210led_04.jpg\",\"width\":1000,\"height\":1000},{\"@type\":\"BreadcrumbList\",\"@id\":\"https:\\\/\\\/spawlab.pl\\\/en\\\/produkt\\\/spartus-easymig-210led-pakiet\\\/#breadcrumb\",\"itemListElement\":[{\"@type\":\"ListItem\",\"position\":1,\"name\":\"Strona g\u0142\u00f3wna\",\"item\":\"https:\\\/\\\/spawlab.pl\\\/en\\\/\"},{\"@type\":\"ListItem\",\"position\":2,\"name\":\"Store\",\"item\":\"https:\\\/\\\/spawlab.pl\\\/en\\\/shop\\\/\"},{\"@type\":\"ListItem\",\"position\":3,\"name\":\"Spartus EasyMIG 210LED pakiet\"}]},{\"@type\":\"WebSite\",\"@id\":\"https:\\\/\\\/spawlab.pl\\\/en\\\/#website\",\"url\":\"https:\\\/\\\/spawlab.pl\\\/en\\\/\",\"name\":\"Spawlab.pl Lider - Spawarki, Przecinarki Plazmowe, Kompresory\",\"description\":\"Urz\u0105dzenia spawalnicze i Przecinarki plazmowe\\\/ nowe i u\u017cywane \\\/ Profesjonalny serwis\",\"publisher\":{\"@id\":\"https:\\\/\\\/spawlab.pl\\\/en\\\/#organization\"},\"alternateName\":\"Spawlab.pl - Dystrybutor Premium i Serwis na Polske Migatronic, Gys, Voestalpine Bohler Welding\",\"potentialAction\":[{\"@type\":\"SearchAction\",\"target\":{\"@type\":\"EntryPoint\",\"urlTemplate\":\"https:\\\/\\\/spawlab.pl\\\/en\\\/?s={search_term_string}\"},\"query-input\":{\"@type\":\"PropertyValueSpecification\",\"valueRequired\":true,\"valueName\":\"search_term_string\"}}],\"inLanguage\":\"en-US\"},{\"@type\":[\"Organization\",\"Place\"],\"@id\":\"https:\\\/\\\/spawlab.pl\\\/en\\\/#organization\",\"name\":\"Spawlab.pl\",\"url\":\"https:\\\/\\\/spawlab.pl\\\/en\\\/\",\"logo\":{\"@id\":\"https:\\\/\\\/spawlab.pl\\\/en\\\/produkt\\\/spartus-easymig-210led-pakiet\\\/#local-main-organization-logo\"},\"image\":{\"@id\":\"https:\\\/\\\/spawlab.pl\\\/en\\\/produkt\\\/spartus-easymig-210led-pakiet\\\/#local-main-organization-logo\"},\"sameAs\":[\"https:\\\/\\\/www.facebook.com\\\/Spawlab\\\/\",\"https:\\\/\\\/www.linkedin.com\\\/company\\\/spawlab\",\"https:\\\/\\\/www.instagram.com\\\/spawlab.pl\",\"https:\\\/\\\/www.tiktok.com\\\/@spawlab\"],\"description\":\"Lider sprzeda\u017cy, Oficjalny Dystrybutor Premium i Serwis na Polsk\u0119 Migatronic, Gys, Voestalpine Bohler Welding. Nowe i u\u017cywane Spawarki, Przecinarki Plazmowe, Kompresory. Mgr in\u017c. Jaros\u0142aw Ko\u0142aski, IWE\",\"hasMerchantReturnPolicy\":{\"@type\":\"MerchantReturnPolicy\",\"merchantReturnLink\":\"https:\\\/\\\/spawlab.pl\\\/polityka-prywatnosci-2\\\/\"},\"telephone\":[],\"openingHoursSpecification\":[{\"@type\":\"OpeningHoursSpecification\",\"dayOfWeek\":[\"Monday\",\"Tuesday\",\"Wednesday\",\"Thursday\",\"Friday\",\"Saturday\",\"Sunday\"],\"opens\":\"09:00\",\"closes\":\"17:00\"}]},{\"@type\":\"ImageObject\",\"inLanguage\":\"en-US\",\"@id\":\"https:\\\/\\\/spawlab.pl\\\/en\\\/produkt\\\/spartus-easymig-210led-pakiet\\\/#local-main-organization-logo\",\"url\":\"https:\\\/\\\/spawlab.pl\\\/wp-content\\\/uploads\\\/2022\\\/01\\\/olx.jpg\",\"contentUrl\":\"https:\\\/\\\/spawlab.pl\\\/wp-content\\\/uploads\\\/2022\\\/01\\\/olx.jpg\",\"width\":200,\"height\":200,\"caption\":\"Spawlab.pl\"}]}<\/script>\n<meta property=\"product:price:amount\" content=\"1536.27\" \/>\n<meta property=\"product:price:currency\" content=\"PLN\" \/>\n<meta property=\"og:availability\" content=\"instock\" \/>\n<meta property=\"product:availability\" content=\"instock\" \/>\n<meta property=\"product:retailer_item_id\" content=\"EASYMIG210LED-PAK-15-3\" \/>\n<meta property=\"product:condition\" content=\"new\" \/>\n<!-- \/ Yoast SEO Premium plugin. -->","yoast_head_json":{"title":"Spartus EasyMIG 210LED pakiet - SpawLab - Welding equipment and plasma cutters - store and service","description":"Lider sprzeda\u017cy, Oficjalny Dystrybutor Premium i Serwis na Polsk\u0119 Migatronic, Gys, Voestalpine Bohler Welding. Nowe i u\u017cywane Spawarki, Przecinarki Plazmowe, Kompresory. Mgr in\u017c. Jaros\u0142aw Ko\u0142aski, IWE","robots":{"index":"index","follow":"follow","max-snippet":"max-snippet:-1","max-image-preview":"max-image-preview:large","max-video-preview":"max-video-preview:-1"},"canonical":"https:\/\/spawlab.pl\/en\/produkt\/spartus-easymig-210led-pakiet\/","og_locale":"en_US","og_type":"article","og_title":"Spartus EasyMIG 210LED pakiet","og_description":"Lider sprzeda\u017cy, Oficjalny Dystrybutor Premium i Serwis na Polsk\u0119 Migatronic, Gys, Voestalpine Bohler Welding. Nowe i u\u017cywane Spawarki, Przecinarki Plazmowe, Kompresory. Mgr in\u017c. Jaros\u0142aw Ko\u0142aski, IWE","og_url":"https:\/\/spawlab.pl\/en\/produkt\/spartus-easymig-210led-pakiet\/","og_site_name":"SpawLab - Welding equipment and plasma cutters - store and service","article_publisher":"https:\/\/www.facebook.com\/Spawlab\/","article_modified_time":"2026-03-14T12:32:30+00:00","og_image":[{"width":1000,"height":1000,"url":"https:\/\/spawlab.pl\/wp-content\/uploads\/2025\/10\/01_easymig210led_04.jpg","type":"image\/jpeg"}],"twitter_misc":{"Price":"1 536,27&nbsp;&#122;&#322; (1 249,00&nbsp;&#122;&#322; netto)","Availability":"In stock"},"schema":{"@context":"https:\/\/schema.org","@graph":[{"@type":["WebPage","ItemPage"],"@id":"https:\/\/spawlab.pl\/en\/produkt\/spartus-easymig-210led-pakiet\/","url":"https:\/\/spawlab.pl\/en\/produkt\/spartus-easymig-210led-pakiet\/","name":"Spartus EasyMIG 210LED pakiet - SpawLab - Welding equipment and plasma cutters - store and service","isPartOf":{"@id":"https:\/\/spawlab.pl\/en\/#website"},"primaryImageOfPage":{"@id":"https:\/\/spawlab.pl\/en\/produkt\/spartus-easymig-210led-pakiet\/#primaryimage"},"image":{"@id":"https:\/\/spawlab.pl\/en\/produkt\/spartus-easymig-210led-pakiet\/#primaryimage"},"thumbnailUrl":"https:\/\/spawlab.pl\/wp-content\/uploads\/2025\/10\/01_easymig210led_04.jpg","datePublished":"2026-03-14T12:32:26+00:00","dateModified":"2026-03-14T12:32:30+00:00","description":"Lider sprzeda\u017cy, Oficjalny Dystrybutor Premium i Serwis na Polsk\u0119 Migatronic, Gys, Voestalpine Bohler Welding. Nowe i u\u017cywane Spawarki, Przecinarki Plazmowe, Kompresory. Mgr in\u017c. Jaros\u0142aw Ko\u0142aski, IWE","breadcrumb":{"@id":"https:\/\/spawlab.pl\/en\/produkt\/spartus-easymig-210led-pakiet\/#breadcrumb"},"inLanguage":"en-US","potentialAction":[{"@type":"ReadAction","target":["https:\/\/spawlab.pl\/en\/produkt\/spartus-easymig-210led-pakiet\/"]}]},{"@type":"ImageObject","inLanguage":"en-US","@id":"https:\/\/spawlab.pl\/en\/produkt\/spartus-easymig-210led-pakiet\/#primaryimage","url":"https:\/\/spawlab.pl\/wp-content\/uploads\/2025\/10\/01_easymig210led_04.jpg","contentUrl":"https:\/\/spawlab.pl\/wp-content\/uploads\/2025\/10\/01_easymig210led_04.jpg","width":1000,"height":1000},{"@type":"BreadcrumbList","@id":"https:\/\/spawlab.pl\/en\/produkt\/spartus-easymig-210led-pakiet\/#breadcrumb","itemListElement":[{"@type":"ListItem","position":1,"name":"Strona g\u0142\u00f3wna","item":"https:\/\/spawlab.pl\/en\/"},{"@type":"ListItem","position":2,"name":"Store","item":"https:\/\/spawlab.pl\/en\/shop\/"},{"@type":"ListItem","position":3,"name":"Spartus EasyMIG 210LED pakiet"}]},{"@type":"WebSite","@id":"https:\/\/spawlab.pl\/en\/#website","url":"https:\/\/spawlab.pl\/en\/","name":"Spawlab.pl Lider - Spawarki, Przecinarki Plazmowe, Kompresory","description":"Urz\u0105dzenia spawalnicze i Przecinarki plazmowe\/ nowe i u\u017cywane \/ Profesjonalny serwis","publisher":{"@id":"https:\/\/spawlab.pl\/en\/#organization"},"alternateName":"Spawlab.pl - Dystrybutor Premium i Serwis na Polske Migatronic, Gys, Voestalpine Bohler Welding","potentialAction":[{"@type":"SearchAction","target":{"@type":"EntryPoint","urlTemplate":"https:\/\/spawlab.pl\/en\/?s={search_term_string}"},"query-input":{"@type":"PropertyValueSpecification","valueRequired":true,"valueName":"search_term_string"}}],"inLanguage":"en-US"},{"@type":["Organization","Place"],"@id":"https:\/\/spawlab.pl\/en\/#organization","name":"Spawlab.pl","url":"https:\/\/spawlab.pl\/en\/","logo":{"@id":"https:\/\/spawlab.pl\/en\/produkt\/spartus-easymig-210led-pakiet\/#local-main-organization-logo"},"image":{"@id":"https:\/\/spawlab.pl\/en\/produkt\/spartus-easymig-210led-pakiet\/#local-main-organization-logo"},"sameAs":["https:\/\/www.facebook.com\/Spawlab\/","https:\/\/www.linkedin.com\/company\/spawlab","https:\/\/www.instagram.com\/spawlab.pl","https:\/\/www.tiktok.com\/@spawlab"],"description":"Lider sprzeda\u017cy, Oficjalny Dystrybutor Premium i Serwis na Polsk\u0119 Migatronic, Gys, Voestalpine Bohler Welding. Nowe i u\u017cywane Spawarki, Przecinarki Plazmowe, Kompresory. Mgr in\u017c. Jaros\u0142aw Ko\u0142aski, IWE","hasMerchantReturnPolicy":{"@type":"MerchantReturnPolicy","merchantReturnLink":"https:\/\/spawlab.pl\/polityka-prywatnosci-2\/"},"telephone":[],"openingHoursSpecification":[{"@type":"OpeningHoursSpecification","dayOfWeek":["Monday","Tuesday","Wednesday","Thursday","Friday","Saturday","Sunday"],"opens":"09:00","closes":"17:00"}]},{"@type":"ImageObject","inLanguage":"en-US","@id":"https:\/\/spawlab.pl\/en\/produkt\/spartus-easymig-210led-pakiet\/#local-main-organization-logo","url":"https:\/\/spawlab.pl\/wp-content\/uploads\/2022\/01\/olx.jpg","contentUrl":"https:\/\/spawlab.pl\/wp-content\/uploads\/2022\/01\/olx.jpg","width":200,"height":200,"caption":"Spawlab.pl"}]},"product_price_amount":"1536.27","product_price_currency":"PLN","og_availability":"instock","product_availability":"instock","product_retailer_item_id":"EASYMIG210LED-PAK-15-3","product_condition":"new"},"_links":{"self":[{"href":"https:\/\/spawlab.pl\/en\/wp-json\/wp\/v2\/product\/55726","targetHints":{"allow":["GET"]}}],"collection":[{"href":"https:\/\/spawlab.pl\/en\/wp-json\/wp\/v2\/product"}],"about":[{"href":"https:\/\/spawlab.pl\/en\/wp-json\/wp\/v2\/types\/product"}],"wp:featuredmedia":[{"embeddable":true,"href":"https:\/\/spawlab.pl\/en\/wp-json\/wp\/v2\/media\/55727"}],"wp:attachment":[{"href":"https:\/\/spawlab.pl\/en\/wp-json\/wp\/v2\/media?parent=55726"}],"wp:term":[{"taxonomy":"product_brand","embeddable":true,"href":"https:\/\/spawlab.pl\/en\/wp-json\/wp\/v2\/product_brand?post=55726"},{"taxonomy":"product_cat","embeddable":true,"href":"https:\/\/spawlab.pl\/en\/wp-json\/wp\/v2\/product_cat?post=55726"},{"taxonomy":"product_tag","embeddable":true,"href":"https:\/\/spawlab.pl\/en\/wp-json\/wp\/v2\/product_tag?post=55726"}],"curies":[{"name":"wp","href":"https:\/\/api.w.org\/{rel}","templated":true}]}}