{"id":56089,"date":"2026-03-31T17:15:55","date_gmt":"2026-03-31T15:15:55","guid":{"rendered":"https:\/\/spawlab.pl\/?post_type=product&#038;p=56089"},"modified":"2026-03-31T17:15:57","modified_gmt":"2026-03-31T15:15:57","slug":"spartus-promig-335-dual-pulse-rdo-chodnica-wzek","status":"publish","type":"product","link":"https:\/\/spawlab.pl\/en\/produkt\/spartus-promig-335-dual-pulse-rdo-chodnica-wzek\/","title":{"rendered":"Spartus ProMIG 335 DUAL PULSE [&#x17A;r&#xF3;d&#x142;o, ch&#x142;odnica, w&#xF3;zek]"},"content":{"rendered":"<p><![CDATA[ \n\n<p><strong>SPARTUS<sup>&reg;<\/sup> ProMIG 335DP<\/strong> to wysokiej klasy nowoczesna spawarka inwertorowa umo&#x17C;liwiaj&#x105;ca: &nbsp;<\/p>\n\n<br \/>&#xD;\n<br \/>&#xD;\n\n\n<ul>&#xD;\n\t\n\n<li>Synergiczne spawanie MIG\/MAG z podw&oacute;jn&#x105; pulsacj&#x105;<\/li>\n\n<br \/>&#xD;\n\t\n\n<li>Synergiczne spawanie MIG\/MAG z pulsacj&#x105;<\/li>\n\n<br \/>&#xD;\n\t\n\n<li>Spawanie MIG\/MAG w trybie synergicznym<\/li>\n\n<br \/>&#xD;\n\t\n\n<li>Spawanie MIG\/MAG w trybie ustawie&#x144; r&#x119;cznych<\/li>\n\n<br \/>&#xD;\n\t\n\n<li>Spawanie TIG Lift<\/li>\n\n<br \/>&#xD;\n\t\n\n<li>Spawanie elektrod&#x105; otulon&#x105; MMA<\/li>\n\n<br \/>&#xD;\n<\/ul>\n\n<br \/>&#xD;\n<br \/>&#xD;\n\n\n<p>Przy wysokim 60% cyklu pracy maksymalne nat&#x119;&#x17C;enie pr&#x105;du spawania wynosi 300A. Urz&#x105;dzenie zasilane z sieci tr&oacute;jfazowej 400V.\n\n&#xD;\n\n\n&#xD;\nWysokiej klasy wbudowany czterorolkowy podajnik zapewnia stabilne prowadzenie drutu spawalniczego. ProMIG 335DP z ch&#x142;odnic&#x105; cieczy montowany jest na specjalnym w&oacute;zku transportowym zapewniaj&#x105;cym pe&#x142;n&#x105; mobilno&#x15B;&#x107; zestawu.\n\n&#xD;\n&nbsp;<\/p>\n\n<br \/>&#xD;\n<br \/>&#xD;\n\n\n<p><strong>Spawanie MIG\/MAG<\/strong>\n\n&#xD;\nProMIG 335DP w synergicznym systemie do spawania MIG\/MAG pozwala na wyb&oacute;r rodzaju i &#x15B;rednicy drutu spawalniczego. Dzi&#x119;ki temu daje mo&#x17C;liwo&#x15B;&#x107; spawania: stali, stali nierdzewnej, aluminium, spawania drutem samoos&#x142;onowym i lutospawania. Dodatkowo posiada funkcje wspieraj&#x105;ce proces spawania:<\/p>\n\n<br \/>&#xD;\n<br \/>&#xD;\n\n\n<ul>&#xD;\n\t\n\n<li>Tryb pracy: 2T\/4T\/ s4T \/SPOT<\/li>\n\n<br \/>&#xD;\n\t\n\n<li>Pre Gaz<\/li>\n\n<br \/>&#xD;\n\t\n\n<li>Post Gaz<\/li>\n\n<br \/>&#xD;\n\t\n\n<li>Slow Feed<\/li>\n\n<br \/>&#xD;\n\t\n\n<li>BurnBack<\/li>\n\n<br \/>&#xD;\n<\/ul>\n\n<br \/>&#xD;\n<br \/>&#xD;\n\n\n<p>Dla zaawansowanego synergicznego spawania MIG z pulsacj&#x105; i MIG z podw&oacute;jn&#x105; pulsacj&#x105; daje mo&#x17C;liwo&#x15B;&#x107; ustawienia:<\/p>\n\n<br \/>&#xD;\n<br \/>&#xD;\n\n\n<ul>&#xD;\n\t\n\n<li>delty pr&#x105;du pulsuj&#x105;cego<\/li>\n\n<br \/>&#xD;\n\t\n\n<li>cz&#x119;stotliwo&#x15B;ci pulsu<\/li>\n\n<br \/>&#xD;\n\t\n\n<li>szeroko&#x15B;ci pulsu<\/li>\n\n<br \/>&#xD;\n\t\n\n<li>pr&#x105;du bazowego<\/li>\n\n<br \/>&#xD;\n<\/ul>\n\n<br \/>&#xD;\n<br \/>&#xD;\n\n\n<p>Spawanie MIG\/MAG w trybie ustawie&#x144; r&#x119;cznych czyni ProMIG 335DP doskona&#x142;ym urz&#x105;dzeniem, kt&oacute;re zaspokoi oczekiwania nawet najbardziej wymagaj&#x105;cego u&#x17C;ytkownika. Dodatkowym atutem jest r&oacute;wnie&#x17C; mo&#x17C;liwo&#x15B;&#x107; spawania uchwytem Spool Gun.<\/p>\n\n<br \/>&#xD;\n<br \/>&#xD;\n\n\n<p><strong>Spawanie TIG Lift<\/strong>\n\n&#xD;\nDzi&#x119;ki zastosowanym rozwi&#x105;zaniom ProMIG 335DP umo&#x17C;liwia r&oacute;wnie&#x17C; spawanie metod&#x105; TIG Lift z mo&#x17C;liwo&#x15B;ci&#x105; wyboru trybu pracy mikrowy&#x142;&#x105;cznika 2T\/4T oraz ustawieniem funkcji Down Slope i Post Gaz<\/p>\n\n<br \/>&#xD;\n<br \/>&#xD;\n\n\n<p><strong>Spawanie MMA<\/strong>\n\n&#xD;\nProces &#x142;&#x105;czenia metali w tej metodzie dodatkowo wspieraj&#x105; funkcje Arc Force i Hot Start.<\/p>\n\n<br \/>&#xD;\n<br \/>&#xD;\n\n\n<p>SPARTUS<sup>&reg; <\/sup>ProMIG 335DP&nbsp; wyposa&#x17C;ony w 10 kana&#x142;&oacute;w pami&#x119;ci, pozwala na szybki wyb&oacute;r zapisanych wcze&#x15B;niej parametr&oacute;w spawania.<\/p>\n\n<br \/>&#xD;\n<br \/>&#xD;\n\n\n<p>Nowoczesny design, jasny i czytelny panel funkcyjny LCD w po&#x142;&#x105;czeniu z zaawansowanymi technologicznie podzespo&#x142;ami stawia urz&#x105;dzenie SPARTUS&reg; ProMIG 335DP w czo&#x142;&oacute;wce najlepszych maszyn w tej klasie na rynku.<\/p>\n\n<br \/>&#xD;\n<br \/>&#xD;\n\n\n<p>Profesjonalne urz&#x105;dzenia linii SPARTUS<sup>&reg;<\/sup> Pro dzi&#x119;ki swojej jako&#x15B;ci, gwarancji oraz wsparciu technicznemu doskonale sprawdz&#x105; si&#x119; w sektorze produkcyjnym i przemy&#x15B;le.<\/p>\n\n<br \/> ]]><\/p>\n","protected":false},"excerpt":{"rendered":"<p> ProMIG 335 DUAL PULSE [&#x17A;r&#xF3;d&#x142;o, ch&#x142;odnica, w&#xF3;zek] <\/p>\n","protected":false},"featured_media":56090,"template":"","meta":{"inline_featured_image":false},"product_brand":[17523],"product_cat":[81,21931,17524,3342,21895],"product_tag":[],"class_list":{"0":"post-56089","1":"product","2":"type-product","3":"status-publish","4":"has-post-thumbnail","6":"product_brand-spartus","7":"product_cat-akcesoria-czesci","8":"product_cat-mig","9":"product_cat-spartus","10":"product_cat-strefa-marki","11":"product_cat-urzdzenia","12":"pa_cykl-pracy-mig-17733","13":"pa_hot-start-17737","14":"pa_napicie-wyjciowe-pracy-15-0-29v","15":"pa_napicie-zasilania-3-400v-10-50-60-hz","16":"pa_prd-spawania-mig-20-300a","17":"pa_prdko-podawania-drutu-2-24m-min","18":"pa_synergia-18402","19":"pa_szpula-drutu-15kg-200-300mm","20":"pa_typ-podajnika-wbudowany-4-rolkowy","22":"first","23":"outofstock","24":"taxable","25":"shipping-taxable","26":"purchasable","27":"product-type-simple"},"yoast_head":"<!-- This site is optimized with the Yoast SEO Premium plugin v27.0 (Yoast SEO v27.3) - https:\/\/yoast.com\/product\/yoast-seo-premium-wordpress\/ -->\n<title>Spartus ProMIG 335 DUAL PULSE [&#x17A;r&#xF3;d&#x142;o, ch&#x142;odnica, w&#xF3;zek] - SpawLab - Welding equipment and plasma cutters - store and service<\/title>\n<meta name=\"description\" content=\"Lider sprzeda\u017cy, Oficjalny Dystrybutor Premium i Serwis na Polsk\u0119 Migatronic, Gys, Voestalpine Bohler Welding. Nowe i u\u017cywane Spawarki, Przecinarki Plazmowe, Kompresory. Mgr in\u017c. Jaros\u0142aw Ko\u0142aski, IWE\" \/>\n<meta name=\"robots\" content=\"index, follow, max-snippet:-1, max-image-preview:large, max-video-preview:-1\" \/>\n<link rel=\"canonical\" href=\"https:\/\/spawlab.pl\/en\/produkt\/spartus-promig-335-dual-pulse-rdo-chodnica-wzek\/\" \/>\n<meta property=\"og:locale\" content=\"en_US\" \/>\n<meta property=\"og:type\" content=\"article\" \/>\n<meta property=\"og:title\" content=\"Spartus ProMIG 335 DUAL PULSE [&#x17A;r&#xF3;d&#x142;o, ch&#x142;odnica, w&#xF3;zek]\" \/>\n<meta property=\"og:description\" content=\"Lider sprzeda\u017cy, Oficjalny Dystrybutor Premium i Serwis na Polsk\u0119 Migatronic, Gys, Voestalpine Bohler Welding. Nowe i u\u017cywane Spawarki, Przecinarki Plazmowe, Kompresory. Mgr in\u017c. Jaros\u0142aw Ko\u0142aski, IWE\" \/>\n<meta property=\"og:url\" content=\"https:\/\/spawlab.pl\/en\/produkt\/spartus-promig-335-dual-pulse-rdo-chodnica-wzek\/\" \/>\n<meta property=\"og:site_name\" content=\"SpawLab - Welding equipment and plasma cutters - store and service\" \/>\n<meta property=\"article:publisher\" content=\"https:\/\/www.facebook.com\/Spawlab\/\" \/>\n<meta property=\"article:modified_time\" content=\"2026-03-31T15:15:57+00:00\" \/>\n<meta property=\"og:image\" content=\"https:\/\/spawlab.pl\/wp-content\/uploads\/2025\/10\/promig335dp_1bb.jpg\" \/>\n\t<meta property=\"og:image:width\" content=\"1000\" \/>\n\t<meta property=\"og:image:height\" content=\"1000\" \/>\n\t<meta property=\"og:image:type\" content=\"image\/jpeg\" \/>\n<meta name=\"twitter:label1\" content=\"Price\" \/>\n\t<meta name=\"twitter:data1\" content=\"12 348,28&nbsp;&#122;&#322; (10 039,25&nbsp;&#122;&#322; netto)\" \/>\n\t<meta name=\"twitter:label2\" content=\"Availability\" \/>\n\t<meta name=\"twitter:data2\" content=\"Out of stock\" \/>\n<script type=\"application\/ld+json\" class=\"yoast-schema-graph\">{\"@context\":\"https:\\\/\\\/schema.org\",\"@graph\":[{\"@type\":[\"WebPage\",\"ItemPage\"],\"@id\":\"https:\\\/\\\/spawlab.pl\\\/en\\\/produkt\\\/spartus-promig-335-dual-pulse-rdo-chodnica-wzek\\\/\",\"url\":\"https:\\\/\\\/spawlab.pl\\\/en\\\/produkt\\\/spartus-promig-335-dual-pulse-rdo-chodnica-wzek\\\/\",\"name\":\"Spartus ProMIG 335 DUAL PULSE [&#x17A;r&#xF3;d&#x142;o, ch&#x142;odnica, w&#xF3;zek] - SpawLab - Welding equipment and plasma cutters - store and service\",\"isPartOf\":{\"@id\":\"https:\\\/\\\/spawlab.pl\\\/en\\\/#website\"},\"primaryImageOfPage\":{\"@id\":\"https:\\\/\\\/spawlab.pl\\\/en\\\/produkt\\\/spartus-promig-335-dual-pulse-rdo-chodnica-wzek\\\/#primaryimage\"},\"image\":{\"@id\":\"https:\\\/\\\/spawlab.pl\\\/en\\\/produkt\\\/spartus-promig-335-dual-pulse-rdo-chodnica-wzek\\\/#primaryimage\"},\"thumbnailUrl\":\"https:\\\/\\\/spawlab.pl\\\/wp-content\\\/uploads\\\/2025\\\/10\\\/promig335dp_1bb.jpg\",\"datePublished\":\"2026-03-31T15:15:55+00:00\",\"dateModified\":\"2026-03-31T15:15:57+00:00\",\"description\":\"Lider sprzeda\u017cy, Oficjalny Dystrybutor Premium i Serwis na Polsk\u0119 Migatronic, Gys, Voestalpine Bohler Welding. Nowe i u\u017cywane Spawarki, Przecinarki Plazmowe, Kompresory. Mgr in\u017c. Jaros\u0142aw Ko\u0142aski, IWE\",\"breadcrumb\":{\"@id\":\"https:\\\/\\\/spawlab.pl\\\/en\\\/produkt\\\/spartus-promig-335-dual-pulse-rdo-chodnica-wzek\\\/#breadcrumb\"},\"inLanguage\":\"en-US\",\"potentialAction\":[{\"@type\":\"ReadAction\",\"target\":[\"https:\\\/\\\/spawlab.pl\\\/en\\\/produkt\\\/spartus-promig-335-dual-pulse-rdo-chodnica-wzek\\\/\"]}]},{\"@type\":\"ImageObject\",\"inLanguage\":\"en-US\",\"@id\":\"https:\\\/\\\/spawlab.pl\\\/en\\\/produkt\\\/spartus-promig-335-dual-pulse-rdo-chodnica-wzek\\\/#primaryimage\",\"url\":\"https:\\\/\\\/spawlab.pl\\\/wp-content\\\/uploads\\\/2025\\\/10\\\/promig335dp_1bb.jpg\",\"contentUrl\":\"https:\\\/\\\/spawlab.pl\\\/wp-content\\\/uploads\\\/2025\\\/10\\\/promig335dp_1bb.jpg\",\"width\":1000,\"height\":1000},{\"@type\":\"BreadcrumbList\",\"@id\":\"https:\\\/\\\/spawlab.pl\\\/en\\\/produkt\\\/spartus-promig-335-dual-pulse-rdo-chodnica-wzek\\\/#breadcrumb\",\"itemListElement\":[{\"@type\":\"ListItem\",\"position\":1,\"name\":\"Strona g\u0142\u00f3wna\",\"item\":\"https:\\\/\\\/spawlab.pl\\\/en\\\/\"},{\"@type\":\"ListItem\",\"position\":2,\"name\":\"Store\",\"item\":\"https:\\\/\\\/spawlab.pl\\\/en\\\/shop\\\/\"},{\"@type\":\"ListItem\",\"position\":3,\"name\":\"Spartus ProMIG 335 DUAL PULSE [&#x17A;r&#xF3;d&#x142;o, ch&#x142;odnica, w&#xF3;zek]\"}]},{\"@type\":\"WebSite\",\"@id\":\"https:\\\/\\\/spawlab.pl\\\/en\\\/#website\",\"url\":\"https:\\\/\\\/spawlab.pl\\\/en\\\/\",\"name\":\"Spawlab.pl Lider - Spawarki, Przecinarki Plazmowe, Kompresory\",\"description\":\"Urz\u0105dzenia spawalnicze i Przecinarki plazmowe\\\/ nowe i u\u017cywane \\\/ Profesjonalny serwis\",\"publisher\":{\"@id\":\"https:\\\/\\\/spawlab.pl\\\/en\\\/#organization\"},\"alternateName\":\"Spawlab.pl - Dystrybutor Premium i Serwis na Polske Migatronic, Gys, Voestalpine Bohler Welding\",\"potentialAction\":[{\"@type\":\"SearchAction\",\"target\":{\"@type\":\"EntryPoint\",\"urlTemplate\":\"https:\\\/\\\/spawlab.pl\\\/en\\\/?s={search_term_string}\"},\"query-input\":{\"@type\":\"PropertyValueSpecification\",\"valueRequired\":true,\"valueName\":\"search_term_string\"}}],\"inLanguage\":\"en-US\"},{\"@type\":[\"Organization\",\"Place\"],\"@id\":\"https:\\\/\\\/spawlab.pl\\\/en\\\/#organization\",\"name\":\"Spawlab.pl\",\"url\":\"https:\\\/\\\/spawlab.pl\\\/en\\\/\",\"logo\":{\"@id\":\"https:\\\/\\\/spawlab.pl\\\/en\\\/produkt\\\/spartus-promig-335-dual-pulse-rdo-chodnica-wzek\\\/#local-main-organization-logo\"},\"image\":{\"@id\":\"https:\\\/\\\/spawlab.pl\\\/en\\\/produkt\\\/spartus-promig-335-dual-pulse-rdo-chodnica-wzek\\\/#local-main-organization-logo\"},\"sameAs\":[\"https:\\\/\\\/www.facebook.com\\\/Spawlab\\\/\",\"https:\\\/\\\/www.linkedin.com\\\/company\\\/spawlab\",\"https:\\\/\\\/www.instagram.com\\\/spawlab.pl\",\"https:\\\/\\\/www.tiktok.com\\\/@spawlab\"],\"description\":\"Lider sprzeda\u017cy, Oficjalny Dystrybutor Premium i Serwis na Polsk\u0119 Migatronic, Gys, Voestalpine Bohler Welding. Nowe i u\u017cywane Spawarki, Przecinarki Plazmowe, Kompresory. Mgr in\u017c. Jaros\u0142aw Ko\u0142aski, IWE\",\"hasMerchantReturnPolicy\":{\"@type\":\"MerchantReturnPolicy\",\"merchantReturnLink\":\"https:\\\/\\\/spawlab.pl\\\/polityka-prywatnosci-2\\\/\"},\"telephone\":[],\"openingHoursSpecification\":[{\"@type\":\"OpeningHoursSpecification\",\"dayOfWeek\":[\"Monday\",\"Tuesday\",\"Wednesday\",\"Thursday\",\"Friday\",\"Saturday\",\"Sunday\"],\"opens\":\"09:00\",\"closes\":\"17:00\"}]},{\"@type\":\"ImageObject\",\"inLanguage\":\"en-US\",\"@id\":\"https:\\\/\\\/spawlab.pl\\\/en\\\/produkt\\\/spartus-promig-335-dual-pulse-rdo-chodnica-wzek\\\/#local-main-organization-logo\",\"url\":\"https:\\\/\\\/spawlab.pl\\\/wp-content\\\/uploads\\\/2022\\\/01\\\/olx.jpg\",\"contentUrl\":\"https:\\\/\\\/spawlab.pl\\\/wp-content\\\/uploads\\\/2022\\\/01\\\/olx.jpg\",\"width\":200,\"height\":200,\"caption\":\"Spawlab.pl\"}]}<\/script>\n<meta property=\"product:price:amount\" content=\"12348.28\" \/>\n<meta property=\"product:price:currency\" content=\"PLN\" \/>\n<meta property=\"og:availability\" content=\"out of stock\" \/>\n<meta property=\"product:availability\" content=\"out of stock\" \/>\n<meta property=\"product:retailer_item_id\" content=\"PROMIG335DP-TOWER\" \/>\n<meta property=\"product:condition\" content=\"new\" \/>\n<!-- \/ Yoast SEO Premium plugin. -->","yoast_head_json":{"title":"Spartus ProMIG 335 DUAL PULSE [&#x17A;r&#xF3;d&#x142;o, ch&#x142;odnica, w&#xF3;zek] - SpawLab - Welding equipment and plasma cutters - store and service","description":"Lider sprzeda\u017cy, Oficjalny Dystrybutor Premium i Serwis na Polsk\u0119 Migatronic, Gys, Voestalpine Bohler Welding. Nowe i u\u017cywane Spawarki, Przecinarki Plazmowe, Kompresory. Mgr in\u017c. Jaros\u0142aw Ko\u0142aski, IWE","robots":{"index":"index","follow":"follow","max-snippet":"max-snippet:-1","max-image-preview":"max-image-preview:large","max-video-preview":"max-video-preview:-1"},"canonical":"https:\/\/spawlab.pl\/en\/produkt\/spartus-promig-335-dual-pulse-rdo-chodnica-wzek\/","og_locale":"en_US","og_type":"article","og_title":"Spartus ProMIG 335 DUAL PULSE [&#x17A;r&#xF3;d&#x142;o, ch&#x142;odnica, w&#xF3;zek]","og_description":"Lider sprzeda\u017cy, Oficjalny Dystrybutor Premium i Serwis na Polsk\u0119 Migatronic, Gys, Voestalpine Bohler Welding. Nowe i u\u017cywane Spawarki, Przecinarki Plazmowe, Kompresory. Mgr in\u017c. Jaros\u0142aw Ko\u0142aski, IWE","og_url":"https:\/\/spawlab.pl\/en\/produkt\/spartus-promig-335-dual-pulse-rdo-chodnica-wzek\/","og_site_name":"SpawLab - Welding equipment and plasma cutters - store and service","article_publisher":"https:\/\/www.facebook.com\/Spawlab\/","article_modified_time":"2026-03-31T15:15:57+00:00","og_image":[{"width":1000,"height":1000,"url":"https:\/\/spawlab.pl\/wp-content\/uploads\/2025\/10\/promig335dp_1bb.jpg","type":"image\/jpeg"}],"twitter_misc":{"Price":"12 348,28&nbsp;&#122;&#322; (10 039,25&nbsp;&#122;&#322; netto)","Availability":"Out of stock"},"schema":{"@context":"https:\/\/schema.org","@graph":[{"@type":["WebPage","ItemPage"],"@id":"https:\/\/spawlab.pl\/en\/produkt\/spartus-promig-335-dual-pulse-rdo-chodnica-wzek\/","url":"https:\/\/spawlab.pl\/en\/produkt\/spartus-promig-335-dual-pulse-rdo-chodnica-wzek\/","name":"Spartus ProMIG 335 DUAL PULSE [&#x17A;r&#xF3;d&#x142;o, ch&#x142;odnica, w&#xF3;zek] - SpawLab - Welding equipment and plasma cutters - store and service","isPartOf":{"@id":"https:\/\/spawlab.pl\/en\/#website"},"primaryImageOfPage":{"@id":"https:\/\/spawlab.pl\/en\/produkt\/spartus-promig-335-dual-pulse-rdo-chodnica-wzek\/#primaryimage"},"image":{"@id":"https:\/\/spawlab.pl\/en\/produkt\/spartus-promig-335-dual-pulse-rdo-chodnica-wzek\/#primaryimage"},"thumbnailUrl":"https:\/\/spawlab.pl\/wp-content\/uploads\/2025\/10\/promig335dp_1bb.jpg","datePublished":"2026-03-31T15:15:55+00:00","dateModified":"2026-03-31T15:15:57+00:00","description":"Lider sprzeda\u017cy, Oficjalny Dystrybutor Premium i Serwis na Polsk\u0119 Migatronic, Gys, Voestalpine Bohler Welding. Nowe i u\u017cywane Spawarki, Przecinarki Plazmowe, Kompresory. Mgr in\u017c. Jaros\u0142aw Ko\u0142aski, IWE","breadcrumb":{"@id":"https:\/\/spawlab.pl\/en\/produkt\/spartus-promig-335-dual-pulse-rdo-chodnica-wzek\/#breadcrumb"},"inLanguage":"en-US","potentialAction":[{"@type":"ReadAction","target":["https:\/\/spawlab.pl\/en\/produkt\/spartus-promig-335-dual-pulse-rdo-chodnica-wzek\/"]}]},{"@type":"ImageObject","inLanguage":"en-US","@id":"https:\/\/spawlab.pl\/en\/produkt\/spartus-promig-335-dual-pulse-rdo-chodnica-wzek\/#primaryimage","url":"https:\/\/spawlab.pl\/wp-content\/uploads\/2025\/10\/promig335dp_1bb.jpg","contentUrl":"https:\/\/spawlab.pl\/wp-content\/uploads\/2025\/10\/promig335dp_1bb.jpg","width":1000,"height":1000},{"@type":"BreadcrumbList","@id":"https:\/\/spawlab.pl\/en\/produkt\/spartus-promig-335-dual-pulse-rdo-chodnica-wzek\/#breadcrumb","itemListElement":[{"@type":"ListItem","position":1,"name":"Strona g\u0142\u00f3wna","item":"https:\/\/spawlab.pl\/en\/"},{"@type":"ListItem","position":2,"name":"Store","item":"https:\/\/spawlab.pl\/en\/shop\/"},{"@type":"ListItem","position":3,"name":"Spartus ProMIG 335 DUAL PULSE [&#x17A;r&#xF3;d&#x142;o, ch&#x142;odnica, w&#xF3;zek]"}]},{"@type":"WebSite","@id":"https:\/\/spawlab.pl\/en\/#website","url":"https:\/\/spawlab.pl\/en\/","name":"Spawlab.pl Lider - Spawarki, Przecinarki Plazmowe, Kompresory","description":"Urz\u0105dzenia spawalnicze i Przecinarki plazmowe\/ nowe i u\u017cywane \/ Profesjonalny serwis","publisher":{"@id":"https:\/\/spawlab.pl\/en\/#organization"},"alternateName":"Spawlab.pl - Dystrybutor Premium i Serwis na Polske Migatronic, Gys, Voestalpine Bohler Welding","potentialAction":[{"@type":"SearchAction","target":{"@type":"EntryPoint","urlTemplate":"https:\/\/spawlab.pl\/en\/?s={search_term_string}"},"query-input":{"@type":"PropertyValueSpecification","valueRequired":true,"valueName":"search_term_string"}}],"inLanguage":"en-US"},{"@type":["Organization","Place"],"@id":"https:\/\/spawlab.pl\/en\/#organization","name":"Spawlab.pl","url":"https:\/\/spawlab.pl\/en\/","logo":{"@id":"https:\/\/spawlab.pl\/en\/produkt\/spartus-promig-335-dual-pulse-rdo-chodnica-wzek\/#local-main-organization-logo"},"image":{"@id":"https:\/\/spawlab.pl\/en\/produkt\/spartus-promig-335-dual-pulse-rdo-chodnica-wzek\/#local-main-organization-logo"},"sameAs":["https:\/\/www.facebook.com\/Spawlab\/","https:\/\/www.linkedin.com\/company\/spawlab","https:\/\/www.instagram.com\/spawlab.pl","https:\/\/www.tiktok.com\/@spawlab"],"description":"Lider sprzeda\u017cy, Oficjalny Dystrybutor Premium i Serwis na Polsk\u0119 Migatronic, Gys, Voestalpine Bohler Welding. Nowe i u\u017cywane Spawarki, Przecinarki Plazmowe, Kompresory. Mgr in\u017c. Jaros\u0142aw Ko\u0142aski, IWE","hasMerchantReturnPolicy":{"@type":"MerchantReturnPolicy","merchantReturnLink":"https:\/\/spawlab.pl\/polityka-prywatnosci-2\/"},"telephone":[],"openingHoursSpecification":[{"@type":"OpeningHoursSpecification","dayOfWeek":["Monday","Tuesday","Wednesday","Thursday","Friday","Saturday","Sunday"],"opens":"09:00","closes":"17:00"}]},{"@type":"ImageObject","inLanguage":"en-US","@id":"https:\/\/spawlab.pl\/en\/produkt\/spartus-promig-335-dual-pulse-rdo-chodnica-wzek\/#local-main-organization-logo","url":"https:\/\/spawlab.pl\/wp-content\/uploads\/2022\/01\/olx.jpg","contentUrl":"https:\/\/spawlab.pl\/wp-content\/uploads\/2022\/01\/olx.jpg","width":200,"height":200,"caption":"Spawlab.pl"}]},"product_price_amount":"12348.28","product_price_currency":"PLN","og_availability":"out of stock","product_availability":"out of stock","product_retailer_item_id":"PROMIG335DP-TOWER","product_condition":"new"},"_links":{"self":[{"href":"https:\/\/spawlab.pl\/en\/wp-json\/wp\/v2\/product\/56089","targetHints":{"allow":["GET"]}}],"collection":[{"href":"https:\/\/spawlab.pl\/en\/wp-json\/wp\/v2\/product"}],"about":[{"href":"https:\/\/spawlab.pl\/en\/wp-json\/wp\/v2\/types\/product"}],"wp:featuredmedia":[{"embeddable":true,"href":"https:\/\/spawlab.pl\/en\/wp-json\/wp\/v2\/media\/56090"}],"wp:attachment":[{"href":"https:\/\/spawlab.pl\/en\/wp-json\/wp\/v2\/media?parent=56089"}],"wp:term":[{"taxonomy":"product_brand","embeddable":true,"href":"https:\/\/spawlab.pl\/en\/wp-json\/wp\/v2\/product_brand?post=56089"},{"taxonomy":"product_cat","embeddable":true,"href":"https:\/\/spawlab.pl\/en\/wp-json\/wp\/v2\/product_cat?post=56089"},{"taxonomy":"product_tag","embeddable":true,"href":"https:\/\/spawlab.pl\/en\/wp-json\/wp\/v2\/product_tag?post=56089"}],"curies":[{"name":"wp","href":"https:\/\/api.w.org\/{rel}","templated":true}]}}