{"id":56199,"date":"2026-03-31T17:15:57","date_gmt":"2026-03-31T15:15:57","guid":{"rendered":"https:\/\/spawlab.pl\/?post_type=product&#038;p=56199"},"modified":"2026-03-31T17:15:57","modified_gmt":"2026-03-31T15:15:57","slug":"spartus-protig-321p-dc-rdo","status":"publish","type":"product","link":"https:\/\/spawlab.pl\/en\/produkt\/spartus-protig-321p-dc-rdo\/","title":{"rendered":"Spartus ProTIG 321P DC &#x17A;r&#xF3;d&#x142;o"},"content":{"rendered":"<p><![CDATA[ \n\n<p style=\"text-align: center;\"><span style=\"font-size:24px;\"><strong>PRZEMYS&#x141;OWY TIG Z PULSEM<\/strong><\/span><\/p>\n\n<br \/>&#xD;\n<br \/>&#xD;\n\n\n<p><strong>SPARTUS<sup>&reg;<\/sup>&nbsp;ProTIG 321P DC<\/strong>&nbsp;to nowoczesna spawarka inwertorowa, do produkcji kt&oacute;rej zosta&#x142;a wykorzystana najnowsza technologia modulacji szeroko&#x15B;ci impulsu PWM wraz z modu&#x142;em mocy tranzystora IGBT.<\/p>\n\n<br \/>&#xD;\n<br \/>&#xD;\n\n\n<p>Umo&#x17C;liwia spawanie TIG DC oraz MMA DC pr&#x105;dem o nat&#x119;&#x17C;eniu do 320A. Zasilana jest z sieci tr&oacute;jfazowej 400V.<\/p>\n\n<br \/>&#xD;\n<br \/>&#xD;\n\n\n<p>Wysokiej klasy &#x17A;r&oacute;d&#x142;o pozwala na ustawienie nast&#x119;puj&#x105;cych parametr&oacute;w w metodzie TIG:<\/p>\n\n<br \/>&#xD;\n<br \/>&#xD;\n\n\n<p>&nbsp;&nbsp;&bull; czas narastania\/opadania pr&#x105;du,\n\n&#xD;\n&nbsp;&nbsp;&bull; dla TIG Puls: pr&#x105;d impulsu, pr&#x105;d bazowy, cz&#x119;stotliwo&#x15B;&#x107; pulsu, szeroko&#x15B;&#x107; impulsu,\n\n&#xD;\n&nbsp;&nbsp;&bull; wyb&oacute;r trybu pracy 2T\/4T \/ SPOT,\n\n&#xD;\n&nbsp;&nbsp;&bull; pre gaz, post gaz,<\/p>\n\n<br \/>&#xD;\n<br \/>&#xD;\n\n\n<p>w metodzie MMA:<\/p>\n\n<br \/>&#xD;\n<br \/>&#xD;\n\n\n<p>&nbsp;&nbsp;&bull; nat&#x119;&#x17C;enie pr&#x105;du spawania,\n\n&#xD;\n&nbsp;&nbsp;&bull; Arc Force,\n\n&#xD;\n&nbsp;&nbsp;&bull; Hot Start.<\/p>\n\n<br \/>&#xD;\n<br \/>&#xD;\n\n\n<p>Obs&#x142;uga <strong>SPARTUS<sup>&reg;&nbsp;<\/sup>ProTIG 321P DC<\/strong> odbywa si&#x119; przy u&#x17C;yciu nowoczesnego wy&#x15B;wietlacza LCD. U&#x142;atwia to nie tylko sterowanie, ale dzi&#x119;ki temu, &#x17C;e w spos&oacute;b ci&#x105;g&#x142;y i bezstopniowy mo&#x17C;na regulowa&#x107; parametry, pozwala na precyzyjne ustawienie i kontrol&#x119; zaawansowanych funkcji.<\/p>\n\n<br \/>&#xD;\n<br \/>&#xD;\n\n\n<p>Dzi&#x119;ki opcji TIG Puls urz&#x105;dzenie znakomicie nadaje si&#x119; do spawania bardzo cienkich blach. <strong>ProTIG 321P DC<\/strong> posiada 10 kana&#x142;&oacute;w pami&#x119;ci. U&#x17C;ytkownik mo&#x17C;e w prosty spos&oacute;b zapisa&#x107; i wywo&#x142;a&#x107; najcz&#x119;&#x15B;ciej u&#x17C;ywane ustawienia.<\/p>\n\n<br \/>&#xD;\n<br \/>&#xD;\n\n\n<p>Nowoczesny design, panel funkcyjny LCD oraz mo&#x17C;liwo&#x15B;&#x107; sterowania bezprzewodowego w po&#x142;&#x105;czeniu z wysokiej klasy podzespo&#x142;ami, wyr&oacute;&#x17C;nia urz&#x105;dzenie ProTIG 321P DC na rynku.<\/p>\n\n<br \/>&#xD;\n<br \/>&#xD;\n\n\n<p>Profesjonalne urz&#x105;dzenie linii SPARTUS<sup>&reg;<\/sup>&nbsp;Pro doskonale sprawdzi si&#x119; w sektorze produkcyjnym i przemy&#x15B;le.<\/p>\n\n<br \/> ]]><\/p>\n","protected":false},"excerpt":{"rendered":"<p> ProTIG 321P DC &#x17A;r&#xF3;d&#x142;o <\/p>\n","protected":false},"featured_media":56200,"template":"","meta":{"inline_featured_image":false},"product_brand":[17523],"product_cat":[21933,81,17524,3342,21895],"product_tag":[],"class_list":{"0":"post-56199","1":"product","2":"type-product","3":"status-publish","4":"has-post-thumbnail","6":"product_brand-spartus","7":"product_cat-tig","8":"product_cat-akcesoria-czesci","9":"product_cat-spartus","10":"product_cat-strefa-marki","11":"product_cat-urzdzenia","12":"pa_czas-narastania-prdu-0-10s","13":"pa_hot-start-17737","14":"pa_napicie-zasilania-3-400v-10-50-60-hz","15":"pa_prd-spawania-mma-10-320a","16":"pa_prd-spawania-tig-10-320a","17":"pa_przycze-9spa-spartus","18":"pa_sprawno-17974","19":"pa_tryb-pracy-2t-4t-17752","20":"pa_wspczynnik-mocy-cos-0-7","22":"first","23":"outofstock","24":"taxable","25":"shipping-taxable","26":"purchasable","27":"product-type-simple"},"yoast_head":"<!-- This site is optimized with the Yoast SEO Premium plugin v27.0 (Yoast SEO v27.3) - https:\/\/yoast.com\/product\/yoast-seo-premium-wordpress\/ -->\n<title>Spartus ProTIG 321P DC &#x17A;r&#xF3;d&#x142;o - SpawLab - Welding equipment and plasma cutters - store and service<\/title>\n<meta name=\"description\" content=\"Lider sprzeda\u017cy, Oficjalny Dystrybutor Premium i Serwis na Polsk\u0119 Migatronic, Gys, Voestalpine Bohler Welding. Nowe i u\u017cywane Spawarki, Przecinarki Plazmowe, Kompresory. Mgr in\u017c. Jaros\u0142aw Ko\u0142aski, IWE\" \/>\n<meta name=\"robots\" content=\"index, follow, max-snippet:-1, max-image-preview:large, max-video-preview:-1\" \/>\n<link rel=\"canonical\" href=\"https:\/\/spawlab.pl\/en\/produkt\/spartus-protig-321p-dc-rdo\/\" \/>\n<meta property=\"og:locale\" content=\"en_US\" \/>\n<meta property=\"og:type\" content=\"article\" \/>\n<meta property=\"og:title\" content=\"Spartus ProTIG 321P DC &#x17A;r&#xF3;d&#x142;o\" \/>\n<meta property=\"og:description\" content=\"Lider sprzeda\u017cy, Oficjalny Dystrybutor Premium i Serwis na Polsk\u0119 Migatronic, Gys, Voestalpine Bohler Welding. Nowe i u\u017cywane Spawarki, Przecinarki Plazmowe, Kompresory. Mgr in\u017c. Jaros\u0142aw Ko\u0142aski, IWE\" \/>\n<meta property=\"og:url\" content=\"https:\/\/spawlab.pl\/en\/produkt\/spartus-protig-321p-dc-rdo\/\" \/>\n<meta property=\"og:site_name\" content=\"SpawLab - Welding equipment and plasma cutters - store and service\" \/>\n<meta property=\"article:publisher\" content=\"https:\/\/www.facebook.com\/Spawlab\/\" \/>\n<meta property=\"og:image\" content=\"https:\/\/spawlab.pl\/wp-content\/uploads\/2025\/10\/protig321pdc_1.jpg\" \/>\n\t<meta property=\"og:image:width\" content=\"1000\" \/>\n\t<meta property=\"og:image:height\" content=\"1000\" \/>\n\t<meta property=\"og:image:type\" content=\"image\/jpeg\" \/>\n<meta name=\"twitter:label1\" content=\"Price\" \/>\n\t<meta name=\"twitter:data1\" content=\"4 344,36&nbsp;&#122;&#322; (3 532,00&nbsp;&#122;&#322; netto)\" \/>\n\t<meta name=\"twitter:label2\" content=\"Availability\" \/>\n\t<meta name=\"twitter:data2\" content=\"Out of stock\" \/>\n<script type=\"application\/ld+json\" class=\"yoast-schema-graph\">{\"@context\":\"https:\\\/\\\/schema.org\",\"@graph\":[{\"@type\":[\"WebPage\",\"ItemPage\"],\"@id\":\"https:\\\/\\\/spawlab.pl\\\/en\\\/produkt\\\/spartus-protig-321p-dc-rdo\\\/\",\"url\":\"https:\\\/\\\/spawlab.pl\\\/en\\\/produkt\\\/spartus-protig-321p-dc-rdo\\\/\",\"name\":\"Spartus ProTIG 321P DC &#x17A;r&#xF3;d&#x142;o - SpawLab - Welding equipment and plasma cutters - store and service\",\"isPartOf\":{\"@id\":\"https:\\\/\\\/spawlab.pl\\\/en\\\/#website\"},\"primaryImageOfPage\":{\"@id\":\"https:\\\/\\\/spawlab.pl\\\/en\\\/produkt\\\/spartus-protig-321p-dc-rdo\\\/#primaryimage\"},\"image\":{\"@id\":\"https:\\\/\\\/spawlab.pl\\\/en\\\/produkt\\\/spartus-protig-321p-dc-rdo\\\/#primaryimage\"},\"thumbnailUrl\":\"https:\\\/\\\/spawlab.pl\\\/wp-content\\\/uploads\\\/2025\\\/10\\\/protig321pdc_1.jpg\",\"datePublished\":\"2026-03-31T15:15:57+00:00\",\"description\":\"Lider sprzeda\u017cy, Oficjalny Dystrybutor Premium i Serwis na Polsk\u0119 Migatronic, Gys, Voestalpine Bohler Welding. Nowe i u\u017cywane Spawarki, Przecinarki Plazmowe, Kompresory. Mgr in\u017c. Jaros\u0142aw Ko\u0142aski, IWE\",\"breadcrumb\":{\"@id\":\"https:\\\/\\\/spawlab.pl\\\/en\\\/produkt\\\/spartus-protig-321p-dc-rdo\\\/#breadcrumb\"},\"inLanguage\":\"en-US\",\"potentialAction\":[{\"@type\":\"ReadAction\",\"target\":[\"https:\\\/\\\/spawlab.pl\\\/en\\\/produkt\\\/spartus-protig-321p-dc-rdo\\\/\"]}]},{\"@type\":\"ImageObject\",\"inLanguage\":\"en-US\",\"@id\":\"https:\\\/\\\/spawlab.pl\\\/en\\\/produkt\\\/spartus-protig-321p-dc-rdo\\\/#primaryimage\",\"url\":\"https:\\\/\\\/spawlab.pl\\\/wp-content\\\/uploads\\\/2025\\\/10\\\/protig321pdc_1.jpg\",\"contentUrl\":\"https:\\\/\\\/spawlab.pl\\\/wp-content\\\/uploads\\\/2025\\\/10\\\/protig321pdc_1.jpg\",\"width\":1000,\"height\":1000},{\"@type\":\"BreadcrumbList\",\"@id\":\"https:\\\/\\\/spawlab.pl\\\/en\\\/produkt\\\/spartus-protig-321p-dc-rdo\\\/#breadcrumb\",\"itemListElement\":[{\"@type\":\"ListItem\",\"position\":1,\"name\":\"Strona g\u0142\u00f3wna\",\"item\":\"https:\\\/\\\/spawlab.pl\\\/en\\\/\"},{\"@type\":\"ListItem\",\"position\":2,\"name\":\"Store\",\"item\":\"https:\\\/\\\/spawlab.pl\\\/en\\\/shop\\\/\"},{\"@type\":\"ListItem\",\"position\":3,\"name\":\"Spartus ProTIG 321P DC &#x17A;r&#xF3;d&#x142;o\"}]},{\"@type\":\"WebSite\",\"@id\":\"https:\\\/\\\/spawlab.pl\\\/en\\\/#website\",\"url\":\"https:\\\/\\\/spawlab.pl\\\/en\\\/\",\"name\":\"Spawlab.pl Lider - Spawarki, Przecinarki Plazmowe, Kompresory\",\"description\":\"Urz\u0105dzenia spawalnicze i Przecinarki plazmowe\\\/ nowe i u\u017cywane \\\/ Profesjonalny serwis\",\"publisher\":{\"@id\":\"https:\\\/\\\/spawlab.pl\\\/en\\\/#organization\"},\"alternateName\":\"Spawlab.pl - Dystrybutor Premium i Serwis na Polske Migatronic, Gys, Voestalpine Bohler Welding\",\"potentialAction\":[{\"@type\":\"SearchAction\",\"target\":{\"@type\":\"EntryPoint\",\"urlTemplate\":\"https:\\\/\\\/spawlab.pl\\\/en\\\/?s={search_term_string}\"},\"query-input\":{\"@type\":\"PropertyValueSpecification\",\"valueRequired\":true,\"valueName\":\"search_term_string\"}}],\"inLanguage\":\"en-US\"},{\"@type\":[\"Organization\",\"Place\"],\"@id\":\"https:\\\/\\\/spawlab.pl\\\/en\\\/#organization\",\"name\":\"Spawlab.pl\",\"url\":\"https:\\\/\\\/spawlab.pl\\\/en\\\/\",\"logo\":{\"@id\":\"https:\\\/\\\/spawlab.pl\\\/en\\\/produkt\\\/spartus-protig-321p-dc-rdo\\\/#local-main-organization-logo\"},\"image\":{\"@id\":\"https:\\\/\\\/spawlab.pl\\\/en\\\/produkt\\\/spartus-protig-321p-dc-rdo\\\/#local-main-organization-logo\"},\"sameAs\":[\"https:\\\/\\\/www.facebook.com\\\/Spawlab\\\/\",\"https:\\\/\\\/www.linkedin.com\\\/company\\\/spawlab\",\"https:\\\/\\\/www.instagram.com\\\/spawlab.pl\",\"https:\\\/\\\/www.tiktok.com\\\/@spawlab\"],\"description\":\"Lider sprzeda\u017cy, Oficjalny Dystrybutor Premium i Serwis na Polsk\u0119 Migatronic, Gys, Voestalpine Bohler Welding. Nowe i u\u017cywane Spawarki, Przecinarki Plazmowe, Kompresory. Mgr in\u017c. Jaros\u0142aw Ko\u0142aski, IWE\",\"hasMerchantReturnPolicy\":{\"@type\":\"MerchantReturnPolicy\",\"merchantReturnLink\":\"https:\\\/\\\/spawlab.pl\\\/polityka-prywatnosci-2\\\/\"},\"telephone\":[],\"openingHoursSpecification\":[{\"@type\":\"OpeningHoursSpecification\",\"dayOfWeek\":[\"Monday\",\"Tuesday\",\"Wednesday\",\"Thursday\",\"Friday\",\"Saturday\",\"Sunday\"],\"opens\":\"09:00\",\"closes\":\"17:00\"}]},{\"@type\":\"ImageObject\",\"inLanguage\":\"en-US\",\"@id\":\"https:\\\/\\\/spawlab.pl\\\/en\\\/produkt\\\/spartus-protig-321p-dc-rdo\\\/#local-main-organization-logo\",\"url\":\"https:\\\/\\\/spawlab.pl\\\/wp-content\\\/uploads\\\/2022\\\/01\\\/olx.jpg\",\"contentUrl\":\"https:\\\/\\\/spawlab.pl\\\/wp-content\\\/uploads\\\/2022\\\/01\\\/olx.jpg\",\"width\":200,\"height\":200,\"caption\":\"Spawlab.pl\"}]}<\/script>\n<meta property=\"product:price:amount\" content=\"4344.36\" \/>\n<meta property=\"product:price:currency\" content=\"PLN\" \/>\n<meta property=\"og:availability\" content=\"out of stock\" \/>\n<meta property=\"product:availability\" content=\"out of stock\" \/>\n<meta property=\"product:retailer_item_id\" content=\"PROTIG321PDC-SOURCE\" \/>\n<meta property=\"product:condition\" content=\"new\" \/>\n<!-- \/ Yoast SEO Premium plugin. -->","yoast_head_json":{"title":"Spartus ProTIG 321P DC &#x17A;r&#xF3;d&#x142;o - SpawLab - Welding equipment and plasma cutters - store and service","description":"Lider sprzeda\u017cy, Oficjalny Dystrybutor Premium i Serwis na Polsk\u0119 Migatronic, Gys, Voestalpine Bohler Welding. Nowe i u\u017cywane Spawarki, Przecinarki Plazmowe, Kompresory. Mgr in\u017c. Jaros\u0142aw Ko\u0142aski, IWE","robots":{"index":"index","follow":"follow","max-snippet":"max-snippet:-1","max-image-preview":"max-image-preview:large","max-video-preview":"max-video-preview:-1"},"canonical":"https:\/\/spawlab.pl\/en\/produkt\/spartus-protig-321p-dc-rdo\/","og_locale":"en_US","og_type":"article","og_title":"Spartus ProTIG 321P DC &#x17A;r&#xF3;d&#x142;o","og_description":"Lider sprzeda\u017cy, Oficjalny Dystrybutor Premium i Serwis na Polsk\u0119 Migatronic, Gys, Voestalpine Bohler Welding. Nowe i u\u017cywane Spawarki, Przecinarki Plazmowe, Kompresory. Mgr in\u017c. Jaros\u0142aw Ko\u0142aski, IWE","og_url":"https:\/\/spawlab.pl\/en\/produkt\/spartus-protig-321p-dc-rdo\/","og_site_name":"SpawLab - Welding equipment and plasma cutters - store and service","article_publisher":"https:\/\/www.facebook.com\/Spawlab\/","og_image":[{"width":1000,"height":1000,"url":"https:\/\/spawlab.pl\/wp-content\/uploads\/2025\/10\/protig321pdc_1.jpg","type":"image\/jpeg"}],"twitter_misc":{"Price":"4 344,36&nbsp;&#122;&#322; (3 532,00&nbsp;&#122;&#322; netto)","Availability":"Out of stock"},"schema":{"@context":"https:\/\/schema.org","@graph":[{"@type":["WebPage","ItemPage"],"@id":"https:\/\/spawlab.pl\/en\/produkt\/spartus-protig-321p-dc-rdo\/","url":"https:\/\/spawlab.pl\/en\/produkt\/spartus-protig-321p-dc-rdo\/","name":"Spartus ProTIG 321P DC &#x17A;r&#xF3;d&#x142;o - SpawLab - Welding equipment and plasma cutters - store and service","isPartOf":{"@id":"https:\/\/spawlab.pl\/en\/#website"},"primaryImageOfPage":{"@id":"https:\/\/spawlab.pl\/en\/produkt\/spartus-protig-321p-dc-rdo\/#primaryimage"},"image":{"@id":"https:\/\/spawlab.pl\/en\/produkt\/spartus-protig-321p-dc-rdo\/#primaryimage"},"thumbnailUrl":"https:\/\/spawlab.pl\/wp-content\/uploads\/2025\/10\/protig321pdc_1.jpg","datePublished":"2026-03-31T15:15:57+00:00","description":"Lider sprzeda\u017cy, Oficjalny Dystrybutor Premium i Serwis na Polsk\u0119 Migatronic, Gys, Voestalpine Bohler Welding. Nowe i u\u017cywane Spawarki, Przecinarki Plazmowe, Kompresory. Mgr in\u017c. Jaros\u0142aw Ko\u0142aski, IWE","breadcrumb":{"@id":"https:\/\/spawlab.pl\/en\/produkt\/spartus-protig-321p-dc-rdo\/#breadcrumb"},"inLanguage":"en-US","potentialAction":[{"@type":"ReadAction","target":["https:\/\/spawlab.pl\/en\/produkt\/spartus-protig-321p-dc-rdo\/"]}]},{"@type":"ImageObject","inLanguage":"en-US","@id":"https:\/\/spawlab.pl\/en\/produkt\/spartus-protig-321p-dc-rdo\/#primaryimage","url":"https:\/\/spawlab.pl\/wp-content\/uploads\/2025\/10\/protig321pdc_1.jpg","contentUrl":"https:\/\/spawlab.pl\/wp-content\/uploads\/2025\/10\/protig321pdc_1.jpg","width":1000,"height":1000},{"@type":"BreadcrumbList","@id":"https:\/\/spawlab.pl\/en\/produkt\/spartus-protig-321p-dc-rdo\/#breadcrumb","itemListElement":[{"@type":"ListItem","position":1,"name":"Strona g\u0142\u00f3wna","item":"https:\/\/spawlab.pl\/en\/"},{"@type":"ListItem","position":2,"name":"Store","item":"https:\/\/spawlab.pl\/en\/shop\/"},{"@type":"ListItem","position":3,"name":"Spartus ProTIG 321P DC &#x17A;r&#xF3;d&#x142;o"}]},{"@type":"WebSite","@id":"https:\/\/spawlab.pl\/en\/#website","url":"https:\/\/spawlab.pl\/en\/","name":"Spawlab.pl Lider - Spawarki, Przecinarki Plazmowe, Kompresory","description":"Urz\u0105dzenia spawalnicze i Przecinarki plazmowe\/ nowe i u\u017cywane \/ Profesjonalny serwis","publisher":{"@id":"https:\/\/spawlab.pl\/en\/#organization"},"alternateName":"Spawlab.pl - Dystrybutor Premium i Serwis na Polske Migatronic, Gys, Voestalpine Bohler Welding","potentialAction":[{"@type":"SearchAction","target":{"@type":"EntryPoint","urlTemplate":"https:\/\/spawlab.pl\/en\/?s={search_term_string}"},"query-input":{"@type":"PropertyValueSpecification","valueRequired":true,"valueName":"search_term_string"}}],"inLanguage":"en-US"},{"@type":["Organization","Place"],"@id":"https:\/\/spawlab.pl\/en\/#organization","name":"Spawlab.pl","url":"https:\/\/spawlab.pl\/en\/","logo":{"@id":"https:\/\/spawlab.pl\/en\/produkt\/spartus-protig-321p-dc-rdo\/#local-main-organization-logo"},"image":{"@id":"https:\/\/spawlab.pl\/en\/produkt\/spartus-protig-321p-dc-rdo\/#local-main-organization-logo"},"sameAs":["https:\/\/www.facebook.com\/Spawlab\/","https:\/\/www.linkedin.com\/company\/spawlab","https:\/\/www.instagram.com\/spawlab.pl","https:\/\/www.tiktok.com\/@spawlab"],"description":"Lider sprzeda\u017cy, Oficjalny Dystrybutor Premium i Serwis na Polsk\u0119 Migatronic, Gys, Voestalpine Bohler Welding. Nowe i u\u017cywane Spawarki, Przecinarki Plazmowe, Kompresory. Mgr in\u017c. Jaros\u0142aw Ko\u0142aski, IWE","hasMerchantReturnPolicy":{"@type":"MerchantReturnPolicy","merchantReturnLink":"https:\/\/spawlab.pl\/polityka-prywatnosci-2\/"},"telephone":[],"openingHoursSpecification":[{"@type":"OpeningHoursSpecification","dayOfWeek":["Monday","Tuesday","Wednesday","Thursday","Friday","Saturday","Sunday"],"opens":"09:00","closes":"17:00"}]},{"@type":"ImageObject","inLanguage":"en-US","@id":"https:\/\/spawlab.pl\/en\/produkt\/spartus-protig-321p-dc-rdo\/#local-main-organization-logo","url":"https:\/\/spawlab.pl\/wp-content\/uploads\/2022\/01\/olx.jpg","contentUrl":"https:\/\/spawlab.pl\/wp-content\/uploads\/2022\/01\/olx.jpg","width":200,"height":200,"caption":"Spawlab.pl"}]},"product_price_amount":"4344.36","product_price_currency":"PLN","og_availability":"out of stock","product_availability":"out of stock","product_retailer_item_id":"PROTIG321PDC-SOURCE","product_condition":"new"},"_links":{"self":[{"href":"https:\/\/spawlab.pl\/en\/wp-json\/wp\/v2\/product\/56199","targetHints":{"allow":["GET"]}}],"collection":[{"href":"https:\/\/spawlab.pl\/en\/wp-json\/wp\/v2\/product"}],"about":[{"href":"https:\/\/spawlab.pl\/en\/wp-json\/wp\/v2\/types\/product"}],"wp:featuredmedia":[{"embeddable":true,"href":"https:\/\/spawlab.pl\/en\/wp-json\/wp\/v2\/media\/56200"}],"wp:attachment":[{"href":"https:\/\/spawlab.pl\/en\/wp-json\/wp\/v2\/media?parent=56199"}],"wp:term":[{"taxonomy":"product_brand","embeddable":true,"href":"https:\/\/spawlab.pl\/en\/wp-json\/wp\/v2\/product_brand?post=56199"},{"taxonomy":"product_cat","embeddable":true,"href":"https:\/\/spawlab.pl\/en\/wp-json\/wp\/v2\/product_cat?post=56199"},{"taxonomy":"product_tag","embeddable":true,"href":"https:\/\/spawlab.pl\/en\/wp-json\/wp\/v2\/product_tag?post=56199"}],"curies":[{"name":"wp","href":"https:\/\/api.w.org\/{rel}","templated":true}]}}