{"id":56210,"date":"2026-03-31T17:15:57","date_gmt":"2026-03-31T15:15:57","guid":{"rendered":"https:\/\/spawlab.pl\/?post_type=product&#038;p=56210"},"modified":"2026-03-31T17:15:58","modified_gmt":"2026-03-31T15:15:58","slug":"spartus-protig-321pw-dc-rdo-chodnica-wzek","status":"publish","type":"product","link":"https:\/\/spawlab.pl\/en\/produkt\/spartus-protig-321pw-dc-rdo-chodnica-wzek\/","title":{"rendered":"Spartus ProTIG 321PW DC [&#x17A;r&#xF3;d&#x142;o, ch&#x142;odnica, w&#xF3;zek]"},"content":{"rendered":"<p><![CDATA[ \n\n<p style=\"text-align: center;\"><span style=\"font-size:24px;\"><strong>PRZEMYS&#x141;OWY TIG Z PULSEM<\/strong><\/span><\/p>\n\n<br \/>&#xD;\n<br \/>&#xD;\n\n\n<p><strong>SPARTUS<sup>&reg;<\/sup>&nbsp;ProTIG 321PW DC<\/strong>&nbsp;To nowoczesna spawarka inwertorowa, do produkcji kt&oacute;rej zosta&#x142;a wykorzystana najnowsza technologia modulacji szeroko&#x15B;ci impulsu PWM wraz z modu&#x142;em mocy tranzystora IGBT.\n\n&#xD;\n\n\n&#xD;\nUmo&#x17C;liwia spawanie TIG DC oraz MMA DC pr&#x105;dem o nat&#x119;&#x17C;eniu do 320A. Zasilana jest z sieci tr&oacute;jfazowej 400V.\n\n&#xD;\n\n\n&#xD;\n\n\n&#xD;\nWysokiej klasy &#x17A;r&oacute;d&#x142;o pozwala na ustawienie nast&#x119;puj&#x105;cych parametr&oacute;w w metodzie TIG:\n\n&#xD;\n\n\n&#xD;\n&nbsp;&nbsp;&bull; czas narastania\/opadania pr&#x105;du,\n\n&#xD;\n&nbsp;&nbsp;&bull; dla TIG Puls: pr&#x105;d impulsu, pr&#x105;d bazowy, cz&#x119;stotliwo&#x15B;&#x107; pulsu, szeroko&#x15B;&#x107; impulsu,\n\n&#xD;\n&nbsp;&nbsp;&bull; wyb&oacute;r trybu pracy 2T\/4T \/ SPOT,\n\n&#xD;\n&nbsp;&nbsp;&bull; pre gaz, post gaz,\n\n&#xD;\n\n\n&#xD;\n\n\n&#xD;\nw metodzie MMA:\n\n&#xD;\n\n\n&#xD;\n&nbsp;&nbsp;&bull; nat&#x119;&#x17C;enie pr&#x105;du spawania,\n\n&#xD;\n&nbsp;&nbsp;&bull; Arc Force,\n\n&#xD;\n&nbsp;&nbsp;&bull; Hot Start.\n\n&#xD;\n\n\n&#xD;\nObs&#x142;uga SPARTUS<sup>&reg;<\/sup>&nbsp;ProTIG 321PW DC odbywa si&#x119; przy u&#x17C;yciu nowoczesnego wy&#x15B;wietlacza LCD. U&#x142;atwia to nie tylko sterowanie, ale dzi&#x119;ki temu, &#x17C;e w spos&oacute;b ci&#x105;g&#x142;y i bezstopniowy mo&#x17C;na regulowa&#x107; parametry, pozwala na precyzyjne ustawienie i kontrol&#x119; zaawansowanych funkcji.\n\n&#xD;\n\n\n&#xD;\nDzi&#x119;ki opcji TIG Puls urz&#x105;dzenie znakomicie nadaje si&#x119; do spawania bardzo cienkich blach. ProTIG 321PW DC posiada 10 kana&#x142;&oacute;w pami&#x119;ci. U&#x17C;ytkownik mo&#x17C;e w prosty spos&oacute;b zapisa&#x107; i wywo&#x142;a&#x107; najcz&#x119;&#x15B;ciej u&#x17C;ywane ustawienia.\n\n&#xD;\n\n\n&#xD;\nModel ProTIG 321PW DC dodatkowo wyposa&#x17C;ony jest w zintegrowan&#x105; ch&#x142;odnic&#x119; cieczy, kt&oacute;ra zapewnia wydajne ch&#x142;odzenie uchwytu podczas spawania du&#x17C;ymi pr&#x105;dami. Ca&#x142;o&#x15B;&#x107; umieszczona jest na w&oacute;zku transportowym z miejscem na butl&#x119; z gazem os&#x142;onowym.\n\n&#xD;\n\n\n&#xD;\nNowoczesny design, panel funkcyjny LCD oraz mo&#x17C;liwo&#x15B;&#x107; sterowania bezprzewodowego w po&#x142;&#x105;czeniu z wysokiej klasy podzespo&#x142;ami, wyr&oacute;&#x17C;nia urz&#x105;dzenie ProTIG 321PW DC na rynku.\n\n&#xD;\n\n\n&#xD;\nProfesjonalne urz&#x105;dzenie linii SPARTUS<sup>&reg;<\/sup>&nbsp;Pro doskonale sprawdzi si&#x119; w sektorze produkcyjnym i przemy&#x15B;le.<\/p>\n\n<br \/> ]]><\/p>\n","protected":false},"excerpt":{"rendered":"<p> ProTIG 321PW DC [&#x17A;r&#xF3;d&#x142;o, ch&#x142;odnica, w&#xF3;zek] <\/p>\n","protected":false},"featured_media":56211,"template":"","meta":{"inline_featured_image":false},"product_brand":[17523],"product_cat":[21933,81,17524,3342,21895],"product_tag":[],"class_list":{"0":"post-56210","1":"product","2":"type-product","3":"status-publish","4":"has-post-thumbnail","6":"product_brand-spartus","7":"product_cat-tig","8":"product_cat-akcesoria-czesci","9":"product_cat-spartus","10":"product_cat-strefa-marki","11":"product_cat-urzdzenia","12":"pa_cykl-pracy-tig-18317","13":"pa_czas-narastania-prdu-0-10s","14":"pa_hot-start-17737","15":"pa_napicie-zasilania-3-400v-10-50-60-hz","16":"pa_prd-spawania-mma-10-320a","17":"pa_prd-spawania-tig-10-320a","18":"pa_przycze-9spa-spartus","19":"pa_tryb-pracy-2t-4t-17752","20":"pa_wspczynnik-mocy-cos-0-7","22":"first","23":"outofstock","24":"taxable","25":"shipping-taxable","26":"purchasable","27":"product-type-simple"},"yoast_head":"<!-- This site is optimized with the Yoast SEO Premium plugin v27.0 (Yoast SEO v27.3) - https:\/\/yoast.com\/product\/yoast-seo-premium-wordpress\/ -->\n<title>Spartus ProTIG 321PW DC [&#x17A;r&#xF3;d&#x142;o, ch&#x142;odnica, w&#xF3;zek] - SpawLab - Welding equipment and plasma cutters - store and service<\/title>\n<meta name=\"description\" content=\"Lider sprzeda\u017cy, Oficjalny Dystrybutor Premium i Serwis na Polsk\u0119 Migatronic, Gys, Voestalpine Bohler Welding. Nowe i u\u017cywane Spawarki, Przecinarki Plazmowe, Kompresory. Mgr in\u017c. Jaros\u0142aw Ko\u0142aski, IWE\" \/>\n<meta name=\"robots\" content=\"index, follow, max-snippet:-1, max-image-preview:large, max-video-preview:-1\" \/>\n<link rel=\"canonical\" href=\"https:\/\/spawlab.pl\/en\/produkt\/spartus-protig-321pw-dc-rdo-chodnica-wzek\/\" \/>\n<meta property=\"og:locale\" content=\"en_US\" \/>\n<meta property=\"og:type\" content=\"article\" \/>\n<meta property=\"og:title\" content=\"Spartus ProTIG 321PW DC [&#x17A;r&#xF3;d&#x142;o, ch&#x142;odnica, w&#xF3;zek]\" \/>\n<meta property=\"og:description\" content=\"Lider sprzeda\u017cy, Oficjalny Dystrybutor Premium i Serwis na Polsk\u0119 Migatronic, Gys, Voestalpine Bohler Welding. Nowe i u\u017cywane Spawarki, Przecinarki Plazmowe, Kompresory. Mgr in\u017c. Jaros\u0142aw Ko\u0142aski, IWE\" \/>\n<meta property=\"og:url\" content=\"https:\/\/spawlab.pl\/en\/produkt\/spartus-protig-321pw-dc-rdo-chodnica-wzek\/\" \/>\n<meta property=\"og:site_name\" content=\"SpawLab - Welding equipment and plasma cutters - store and service\" \/>\n<meta property=\"article:publisher\" content=\"https:\/\/www.facebook.com\/Spawlab\/\" \/>\n<meta property=\"article:modified_time\" content=\"2026-03-31T15:15:58+00:00\" \/>\n<meta property=\"og:image\" content=\"https:\/\/spawlab.pl\/wp-content\/uploads\/2025\/10\/protig321pwdc_01.jpg\" \/>\n\t<meta property=\"og:image:width\" content=\"1000\" \/>\n\t<meta property=\"og:image:height\" content=\"1000\" \/>\n\t<meta property=\"og:image:type\" content=\"image\/jpeg\" \/>\n<meta name=\"twitter:label1\" content=\"Price\" \/>\n\t<meta name=\"twitter:data1\" content=\"9 478,27&nbsp;&#122;&#322; (7 705,91&nbsp;&#122;&#322; netto)\" \/>\n\t<meta name=\"twitter:label2\" content=\"Availability\" \/>\n\t<meta name=\"twitter:data2\" content=\"Out of stock\" \/>\n<script type=\"application\/ld+json\" class=\"yoast-schema-graph\">{\"@context\":\"https:\\\/\\\/schema.org\",\"@graph\":[{\"@type\":[\"WebPage\",\"ItemPage\"],\"@id\":\"https:\\\/\\\/spawlab.pl\\\/en\\\/produkt\\\/spartus-protig-321pw-dc-rdo-chodnica-wzek\\\/\",\"url\":\"https:\\\/\\\/spawlab.pl\\\/en\\\/produkt\\\/spartus-protig-321pw-dc-rdo-chodnica-wzek\\\/\",\"name\":\"Spartus ProTIG 321PW DC [&#x17A;r&#xF3;d&#x142;o, ch&#x142;odnica, w&#xF3;zek] - SpawLab - Welding equipment and plasma cutters - store and service\",\"isPartOf\":{\"@id\":\"https:\\\/\\\/spawlab.pl\\\/en\\\/#website\"},\"primaryImageOfPage\":{\"@id\":\"https:\\\/\\\/spawlab.pl\\\/en\\\/produkt\\\/spartus-protig-321pw-dc-rdo-chodnica-wzek\\\/#primaryimage\"},\"image\":{\"@id\":\"https:\\\/\\\/spawlab.pl\\\/en\\\/produkt\\\/spartus-protig-321pw-dc-rdo-chodnica-wzek\\\/#primaryimage\"},\"thumbnailUrl\":\"https:\\\/\\\/spawlab.pl\\\/wp-content\\\/uploads\\\/2025\\\/10\\\/protig321pwdc_01.jpg\",\"datePublished\":\"2026-03-31T15:15:57+00:00\",\"dateModified\":\"2026-03-31T15:15:58+00:00\",\"description\":\"Lider sprzeda\u017cy, Oficjalny Dystrybutor Premium i Serwis na Polsk\u0119 Migatronic, Gys, Voestalpine Bohler Welding. Nowe i u\u017cywane Spawarki, Przecinarki Plazmowe, Kompresory. Mgr in\u017c. Jaros\u0142aw Ko\u0142aski, IWE\",\"breadcrumb\":{\"@id\":\"https:\\\/\\\/spawlab.pl\\\/en\\\/produkt\\\/spartus-protig-321pw-dc-rdo-chodnica-wzek\\\/#breadcrumb\"},\"inLanguage\":\"en-US\",\"potentialAction\":[{\"@type\":\"ReadAction\",\"target\":[\"https:\\\/\\\/spawlab.pl\\\/en\\\/produkt\\\/spartus-protig-321pw-dc-rdo-chodnica-wzek\\\/\"]}]},{\"@type\":\"ImageObject\",\"inLanguage\":\"en-US\",\"@id\":\"https:\\\/\\\/spawlab.pl\\\/en\\\/produkt\\\/spartus-protig-321pw-dc-rdo-chodnica-wzek\\\/#primaryimage\",\"url\":\"https:\\\/\\\/spawlab.pl\\\/wp-content\\\/uploads\\\/2025\\\/10\\\/protig321pwdc_01.jpg\",\"contentUrl\":\"https:\\\/\\\/spawlab.pl\\\/wp-content\\\/uploads\\\/2025\\\/10\\\/protig321pwdc_01.jpg\",\"width\":1000,\"height\":1000},{\"@type\":\"BreadcrumbList\",\"@id\":\"https:\\\/\\\/spawlab.pl\\\/en\\\/produkt\\\/spartus-protig-321pw-dc-rdo-chodnica-wzek\\\/#breadcrumb\",\"itemListElement\":[{\"@type\":\"ListItem\",\"position\":1,\"name\":\"Strona g\u0142\u00f3wna\",\"item\":\"https:\\\/\\\/spawlab.pl\\\/en\\\/\"},{\"@type\":\"ListItem\",\"position\":2,\"name\":\"Store\",\"item\":\"https:\\\/\\\/spawlab.pl\\\/en\\\/shop\\\/\"},{\"@type\":\"ListItem\",\"position\":3,\"name\":\"Spartus ProTIG 321PW DC [&#x17A;r&#xF3;d&#x142;o, ch&#x142;odnica, w&#xF3;zek]\"}]},{\"@type\":\"WebSite\",\"@id\":\"https:\\\/\\\/spawlab.pl\\\/en\\\/#website\",\"url\":\"https:\\\/\\\/spawlab.pl\\\/en\\\/\",\"name\":\"Spawlab.pl Lider - Spawarki, Przecinarki Plazmowe, Kompresory\",\"description\":\"Urz\u0105dzenia spawalnicze i Przecinarki plazmowe\\\/ nowe i u\u017cywane \\\/ Profesjonalny serwis\",\"publisher\":{\"@id\":\"https:\\\/\\\/spawlab.pl\\\/en\\\/#organization\"},\"alternateName\":\"Spawlab.pl - Dystrybutor Premium i Serwis na Polske Migatronic, Gys, Voestalpine Bohler Welding\",\"potentialAction\":[{\"@type\":\"SearchAction\",\"target\":{\"@type\":\"EntryPoint\",\"urlTemplate\":\"https:\\\/\\\/spawlab.pl\\\/en\\\/?s={search_term_string}\"},\"query-input\":{\"@type\":\"PropertyValueSpecification\",\"valueRequired\":true,\"valueName\":\"search_term_string\"}}],\"inLanguage\":\"en-US\"},{\"@type\":[\"Organization\",\"Place\"],\"@id\":\"https:\\\/\\\/spawlab.pl\\\/en\\\/#organization\",\"name\":\"Spawlab.pl\",\"url\":\"https:\\\/\\\/spawlab.pl\\\/en\\\/\",\"logo\":{\"@id\":\"https:\\\/\\\/spawlab.pl\\\/en\\\/produkt\\\/spartus-protig-321pw-dc-rdo-chodnica-wzek\\\/#local-main-organization-logo\"},\"image\":{\"@id\":\"https:\\\/\\\/spawlab.pl\\\/en\\\/produkt\\\/spartus-protig-321pw-dc-rdo-chodnica-wzek\\\/#local-main-organization-logo\"},\"sameAs\":[\"https:\\\/\\\/www.facebook.com\\\/Spawlab\\\/\",\"https:\\\/\\\/www.linkedin.com\\\/company\\\/spawlab\",\"https:\\\/\\\/www.instagram.com\\\/spawlab.pl\",\"https:\\\/\\\/www.tiktok.com\\\/@spawlab\"],\"description\":\"Lider sprzeda\u017cy, Oficjalny Dystrybutor Premium i Serwis na Polsk\u0119 Migatronic, Gys, Voestalpine Bohler Welding. Nowe i u\u017cywane Spawarki, Przecinarki Plazmowe, Kompresory. Mgr in\u017c. Jaros\u0142aw Ko\u0142aski, IWE\",\"hasMerchantReturnPolicy\":{\"@type\":\"MerchantReturnPolicy\",\"merchantReturnLink\":\"https:\\\/\\\/spawlab.pl\\\/polityka-prywatnosci-2\\\/\"},\"telephone\":[],\"openingHoursSpecification\":[{\"@type\":\"OpeningHoursSpecification\",\"dayOfWeek\":[\"Monday\",\"Tuesday\",\"Wednesday\",\"Thursday\",\"Friday\",\"Saturday\",\"Sunday\"],\"opens\":\"09:00\",\"closes\":\"17:00\"}]},{\"@type\":\"ImageObject\",\"inLanguage\":\"en-US\",\"@id\":\"https:\\\/\\\/spawlab.pl\\\/en\\\/produkt\\\/spartus-protig-321pw-dc-rdo-chodnica-wzek\\\/#local-main-organization-logo\",\"url\":\"https:\\\/\\\/spawlab.pl\\\/wp-content\\\/uploads\\\/2022\\\/01\\\/olx.jpg\",\"contentUrl\":\"https:\\\/\\\/spawlab.pl\\\/wp-content\\\/uploads\\\/2022\\\/01\\\/olx.jpg\",\"width\":200,\"height\":200,\"caption\":\"Spawlab.pl\"}]}<\/script>\n<meta property=\"product:price:amount\" content=\"9478.27\" \/>\n<meta property=\"product:price:currency\" content=\"PLN\" \/>\n<meta property=\"og:availability\" content=\"out of stock\" \/>\n<meta property=\"product:availability\" content=\"out of stock\" \/>\n<meta property=\"product:retailer_item_id\" content=\"PROTIG321PWDC-TOWER\" \/>\n<meta property=\"product:condition\" content=\"new\" \/>\n<!-- \/ Yoast SEO Premium plugin. -->","yoast_head_json":{"title":"Spartus ProTIG 321PW DC [&#x17A;r&#xF3;d&#x142;o, ch&#x142;odnica, w&#xF3;zek] - SpawLab - Welding equipment and plasma cutters - store and service","description":"Lider sprzeda\u017cy, Oficjalny Dystrybutor Premium i Serwis na Polsk\u0119 Migatronic, Gys, Voestalpine Bohler Welding. Nowe i u\u017cywane Spawarki, Przecinarki Plazmowe, Kompresory. Mgr in\u017c. Jaros\u0142aw Ko\u0142aski, IWE","robots":{"index":"index","follow":"follow","max-snippet":"max-snippet:-1","max-image-preview":"max-image-preview:large","max-video-preview":"max-video-preview:-1"},"canonical":"https:\/\/spawlab.pl\/en\/produkt\/spartus-protig-321pw-dc-rdo-chodnica-wzek\/","og_locale":"en_US","og_type":"article","og_title":"Spartus ProTIG 321PW DC [&#x17A;r&#xF3;d&#x142;o, ch&#x142;odnica, w&#xF3;zek]","og_description":"Lider sprzeda\u017cy, Oficjalny Dystrybutor Premium i Serwis na Polsk\u0119 Migatronic, Gys, Voestalpine Bohler Welding. Nowe i u\u017cywane Spawarki, Przecinarki Plazmowe, Kompresory. Mgr in\u017c. Jaros\u0142aw Ko\u0142aski, IWE","og_url":"https:\/\/spawlab.pl\/en\/produkt\/spartus-protig-321pw-dc-rdo-chodnica-wzek\/","og_site_name":"SpawLab - Welding equipment and plasma cutters - store and service","article_publisher":"https:\/\/www.facebook.com\/Spawlab\/","article_modified_time":"2026-03-31T15:15:58+00:00","og_image":[{"width":1000,"height":1000,"url":"https:\/\/spawlab.pl\/wp-content\/uploads\/2025\/10\/protig321pwdc_01.jpg","type":"image\/jpeg"}],"twitter_misc":{"Price":"9 478,27&nbsp;&#122;&#322; (7 705,91&nbsp;&#122;&#322; netto)","Availability":"Out of stock"},"schema":{"@context":"https:\/\/schema.org","@graph":[{"@type":["WebPage","ItemPage"],"@id":"https:\/\/spawlab.pl\/en\/produkt\/spartus-protig-321pw-dc-rdo-chodnica-wzek\/","url":"https:\/\/spawlab.pl\/en\/produkt\/spartus-protig-321pw-dc-rdo-chodnica-wzek\/","name":"Spartus ProTIG 321PW DC [&#x17A;r&#xF3;d&#x142;o, ch&#x142;odnica, w&#xF3;zek] - SpawLab - Welding equipment and plasma cutters - store and service","isPartOf":{"@id":"https:\/\/spawlab.pl\/en\/#website"},"primaryImageOfPage":{"@id":"https:\/\/spawlab.pl\/en\/produkt\/spartus-protig-321pw-dc-rdo-chodnica-wzek\/#primaryimage"},"image":{"@id":"https:\/\/spawlab.pl\/en\/produkt\/spartus-protig-321pw-dc-rdo-chodnica-wzek\/#primaryimage"},"thumbnailUrl":"https:\/\/spawlab.pl\/wp-content\/uploads\/2025\/10\/protig321pwdc_01.jpg","datePublished":"2026-03-31T15:15:57+00:00","dateModified":"2026-03-31T15:15:58+00:00","description":"Lider sprzeda\u017cy, Oficjalny Dystrybutor Premium i Serwis na Polsk\u0119 Migatronic, Gys, Voestalpine Bohler Welding. Nowe i u\u017cywane Spawarki, Przecinarki Plazmowe, Kompresory. Mgr in\u017c. Jaros\u0142aw Ko\u0142aski, IWE","breadcrumb":{"@id":"https:\/\/spawlab.pl\/en\/produkt\/spartus-protig-321pw-dc-rdo-chodnica-wzek\/#breadcrumb"},"inLanguage":"en-US","potentialAction":[{"@type":"ReadAction","target":["https:\/\/spawlab.pl\/en\/produkt\/spartus-protig-321pw-dc-rdo-chodnica-wzek\/"]}]},{"@type":"ImageObject","inLanguage":"en-US","@id":"https:\/\/spawlab.pl\/en\/produkt\/spartus-protig-321pw-dc-rdo-chodnica-wzek\/#primaryimage","url":"https:\/\/spawlab.pl\/wp-content\/uploads\/2025\/10\/protig321pwdc_01.jpg","contentUrl":"https:\/\/spawlab.pl\/wp-content\/uploads\/2025\/10\/protig321pwdc_01.jpg","width":1000,"height":1000},{"@type":"BreadcrumbList","@id":"https:\/\/spawlab.pl\/en\/produkt\/spartus-protig-321pw-dc-rdo-chodnica-wzek\/#breadcrumb","itemListElement":[{"@type":"ListItem","position":1,"name":"Strona g\u0142\u00f3wna","item":"https:\/\/spawlab.pl\/en\/"},{"@type":"ListItem","position":2,"name":"Store","item":"https:\/\/spawlab.pl\/en\/shop\/"},{"@type":"ListItem","position":3,"name":"Spartus ProTIG 321PW DC [&#x17A;r&#xF3;d&#x142;o, ch&#x142;odnica, w&#xF3;zek]"}]},{"@type":"WebSite","@id":"https:\/\/spawlab.pl\/en\/#website","url":"https:\/\/spawlab.pl\/en\/","name":"Spawlab.pl Lider - Spawarki, Przecinarki Plazmowe, Kompresory","description":"Urz\u0105dzenia spawalnicze i Przecinarki plazmowe\/ nowe i u\u017cywane \/ Profesjonalny serwis","publisher":{"@id":"https:\/\/spawlab.pl\/en\/#organization"},"alternateName":"Spawlab.pl - Dystrybutor Premium i Serwis na Polske Migatronic, Gys, Voestalpine Bohler Welding","potentialAction":[{"@type":"SearchAction","target":{"@type":"EntryPoint","urlTemplate":"https:\/\/spawlab.pl\/en\/?s={search_term_string}"},"query-input":{"@type":"PropertyValueSpecification","valueRequired":true,"valueName":"search_term_string"}}],"inLanguage":"en-US"},{"@type":["Organization","Place"],"@id":"https:\/\/spawlab.pl\/en\/#organization","name":"Spawlab.pl","url":"https:\/\/spawlab.pl\/en\/","logo":{"@id":"https:\/\/spawlab.pl\/en\/produkt\/spartus-protig-321pw-dc-rdo-chodnica-wzek\/#local-main-organization-logo"},"image":{"@id":"https:\/\/spawlab.pl\/en\/produkt\/spartus-protig-321pw-dc-rdo-chodnica-wzek\/#local-main-organization-logo"},"sameAs":["https:\/\/www.facebook.com\/Spawlab\/","https:\/\/www.linkedin.com\/company\/spawlab","https:\/\/www.instagram.com\/spawlab.pl","https:\/\/www.tiktok.com\/@spawlab"],"description":"Lider sprzeda\u017cy, Oficjalny Dystrybutor Premium i Serwis na Polsk\u0119 Migatronic, Gys, Voestalpine Bohler Welding. Nowe i u\u017cywane Spawarki, Przecinarki Plazmowe, Kompresory. Mgr in\u017c. Jaros\u0142aw Ko\u0142aski, IWE","hasMerchantReturnPolicy":{"@type":"MerchantReturnPolicy","merchantReturnLink":"https:\/\/spawlab.pl\/polityka-prywatnosci-2\/"},"telephone":[],"openingHoursSpecification":[{"@type":"OpeningHoursSpecification","dayOfWeek":["Monday","Tuesday","Wednesday","Thursday","Friday","Saturday","Sunday"],"opens":"09:00","closes":"17:00"}]},{"@type":"ImageObject","inLanguage":"en-US","@id":"https:\/\/spawlab.pl\/en\/produkt\/spartus-protig-321pw-dc-rdo-chodnica-wzek\/#local-main-organization-logo","url":"https:\/\/spawlab.pl\/wp-content\/uploads\/2022\/01\/olx.jpg","contentUrl":"https:\/\/spawlab.pl\/wp-content\/uploads\/2022\/01\/olx.jpg","width":200,"height":200,"caption":"Spawlab.pl"}]},"product_price_amount":"9478.27","product_price_currency":"PLN","og_availability":"out of stock","product_availability":"out of stock","product_retailer_item_id":"PROTIG321PWDC-TOWER","product_condition":"new"},"_links":{"self":[{"href":"https:\/\/spawlab.pl\/en\/wp-json\/wp\/v2\/product\/56210","targetHints":{"allow":["GET"]}}],"collection":[{"href":"https:\/\/spawlab.pl\/en\/wp-json\/wp\/v2\/product"}],"about":[{"href":"https:\/\/spawlab.pl\/en\/wp-json\/wp\/v2\/types\/product"}],"wp:featuredmedia":[{"embeddable":true,"href":"https:\/\/spawlab.pl\/en\/wp-json\/wp\/v2\/media\/56211"}],"wp:attachment":[{"href":"https:\/\/spawlab.pl\/en\/wp-json\/wp\/v2\/media?parent=56210"}],"wp:term":[{"taxonomy":"product_brand","embeddable":true,"href":"https:\/\/spawlab.pl\/en\/wp-json\/wp\/v2\/product_brand?post=56210"},{"taxonomy":"product_cat","embeddable":true,"href":"https:\/\/spawlab.pl\/en\/wp-json\/wp\/v2\/product_cat?post=56210"},{"taxonomy":"product_tag","embeddable":true,"href":"https:\/\/spawlab.pl\/en\/wp-json\/wp\/v2\/product_tag?post=56210"}],"curies":[{"name":"wp","href":"https:\/\/api.w.org\/{rel}","templated":true}]}}