{"id":56969,"date":"2026-04-07T12:32:22","date_gmt":"2026-04-07T10:32:22","guid":{"rendered":"https:\/\/spawlab.pl\/?post_type=product&#038;p=56969"},"modified":"2026-04-07T12:32:22","modified_gmt":"2026-04-07T10:32:22","slug":"spartus-podajnik-drutu-pojedynczy-do-spawarki-laserowej-easy","status":"publish","type":"product","link":"https:\/\/spawlab.pl\/en\/produkt\/spartus-podajnik-drutu-pojedynczy-do-spawarki-laserowej-easy\/","title":{"rendered":"Spartus Podajnik drutu [pojedynczy] do spawarki laserowej Easy"},"content":{"rendered":"<p><![CDATA[ \n\n<h3><span style=\"font-size:26px;\"><span style=\"color:#8e44ad;\"><strong>Pojedynczy podajnik drutu SPARTUS&reg;<\/strong><\/span>&nbsp;&nbsp;<\/span><span style=\"font-size:20px;\">&ndash; KLUCZ DO PRECYZJI<\/span><\/h3>\n\n<br \/>&#xD;\n<br \/>&#xD;\n\n\n<p style=\"text-align: justify;\">Podajnik drutu SPARTUS&reg; dostarcza niezb&#x119;dny materia&#x142; spawalniczy z niezr&oacute;wnan&#x105; precyzj&#x105;. To urz&#x105;dzenie jest projektowane z my&#x15B;l&#x105; o profesjonalistach, dla kt&oacute;rych kluczowe s&#x105; kontrola, jako&#x15B;&#x107; oraz efektywno&#x15B;&#x107; pracy.<\/p>\n\n<br \/>&#xD;\n<br \/>&#xD;\n\n\n<h3><img decoding=\"async\" alt=\"\" data-src=\"https:\/\/novweld24.pl\/\/upload\/getfile\/711533987\/sp050-01-010-04.jpg\" style=\"float: left; width: 450px; height: 450px; margin-left: 10px; margin-right: 10px;\" \/\" src=\"data:image\/svg+xml;base64,PHN2ZyB3aWR0aD0iMSIgaGVpZ2h0PSIxIiB4bWxucz0iaHR0cDovL3d3dy53My5vcmcvMjAwMC9zdmciPjwvc3ZnPg==\" class=\"lazyload\">PRECYZYJNE DOSTARCZANIE DRUTU<\/h3>\n\n<br \/>&#xD;\n<br \/>&#xD;\n\n\n<p style=\"text-align: justify;\">Dzi&#x119;ki zaawansowanej technologii, podajnik SPARTUS&reg; oferuje bezprecedensow&#x105; dok&#x142;adno&#x15B;&#x107; w dostarczaniu drutu do obszaru spawania. Jest to fundament do osi&#x105;gni&#x119;cia perfekcyjnych parametr&oacute;w spawania, co bezpo&#x15B;rednio przek&#x142;ada si&#x119; na jako&#x15B;&#x107; i trwa&#x142;o&#x15B;&#x107; spoin.<\/p>\n\n<br \/>&#xD;\n<br \/>&#xD;\n\n\n<h3>AUTOMATYZACJA DLA EFEKTYWNO&#x15A;CI<\/h3>\n\n<br \/>&#xD;\n<br \/>&#xD;\n\n\n<p style=\"text-align: justify;\">Automatyzowanie procesu dostarczania drutu pozwala na znacz&#x105;ce zredukowanie potrzeby bezpo&#x15B;redniego zaanga&#x17C;owania operatora. Pozwala to spawaczom skupi&#x107; si&#x119; na najwa&#x17C;niejszych aspektach pracy, jakim jest kontrola procesu spawania, zwi&#x119;kszaj&#x105;c tym samym wydajno&#x15B;&#x107; oraz jako&#x15B;&#x107; ko&#x144;cowego produktu.<\/p>\n\n<br \/>&#xD;\n<br \/>&#xD;\n\n\n<h3>&#x141;ATWO&#x15A;&#x106; U&#x17B;YTKOWANIA<\/h3>\n\n<br \/>&#xD;\n<br \/>&#xD;\n\n\n<p style=\"text-align: justify;\">Podajnik drutu SPARTUS&reg; charakteryzuje si&#x119; intuicyjnym interfejsem i &#x142;atwo&#x15B;ci&#x105; w obs&#x142;udze, co pozwala na szybkie szkolenie operator&oacute;w.<\/p>\n\n<br \/>&#xD;\n<br \/>&#xD;\n\n\n<h3>WSZECHSTRONNO&#x15A;&#x106; ZASTOSOWA&#x143;<\/h3>\n\n<br \/>&#xD;\n<br \/>&#xD;\n\n\n<p style=\"text-align: justify;\">Uniwersalno&#x15B;&#x107; podajnika drutu czyni go idealnym rozwi&#x105;zaniem dla r&oacute;&#x17C;norodnych zastosowa&#x144; w przemy&#x15B;le, od precyzyjnych prac monta&#x17C;owych po du&#x17C;oskalowe produkcje, gdzie jako&#x15B;&#x107; i precyzja s&#x105; niezmiennie wa&#x17C;ne.<\/p>\n\n<br \/>&#xD;\n<br \/>&#xD;\n\n\n<h3>&nbsp;<\/h3>\n\n<br \/>&#xD;\n<br \/>&#xD;\n\n\n<p>&nbsp;<\/p>\n\n<br \/>&#xD;\n<br \/>&#xD;\n\n\n<p style=\"text-align: justify;\">Podajnik drutu SPARTUS&reg; oferuje nie tylko zaawansowan&#x105; technologi&#x119; i niezawodno&#x15B;&#x107;, ale tak&#x17C;e przyczynia si&#x119; do znacz&#x105;cej optymalizacji proces&oacute;w produkcyjnych, poprawiaj&#x105;c zar&oacute;wno jako&#x15B;&#x107; jak i efektywno&#x15B;&#x107; pracy.<\/p>\n\n<br \/> ]]><\/p>\n","protected":false},"excerpt":{"rendered":"<p> Podajnik drutu [pojedynczy] do spawarki laserowej Easy <\/p>\n","protected":false},"featured_media":56970,"template":"","meta":{"inline_featured_image":false},"product_brand":[17523],"product_cat":[81,18372,17524,18373,3342],"product_tag":[],"class_list":{"0":"post-56969","1":"product","2":"type-product","3":"status-publish","4":"has-post-thumbnail","6":"product_brand-spartus","7":"product_cat-akcesoria-czesci","8":"product_cat-laser","9":"product_cat-spartus","10":"product_cat-spawarki-laserowe","11":"product_cat-strefa-marki","13":"first","14":"instock","15":"taxable","16":"shipping-taxable","17":"purchasable","18":"product-type-simple"},"yoast_head":"<!-- This site is optimized with the Yoast SEO Premium plugin v27.0 (Yoast SEO v27.3) - https:\/\/yoast.com\/product\/yoast-seo-premium-wordpress\/ -->\n<title>Spartus Podajnik drutu [pojedynczy] do spawarki laserowej Easy - SpawLab - Welding equipment and plasma cutters - store and service<\/title>\n<meta name=\"description\" content=\"Lider sprzeda\u017cy, Oficjalny Dystrybutor Premium i Serwis na Polsk\u0119 Migatronic, Gys, Voestalpine Bohler Welding. Nowe i u\u017cywane Spawarki, Przecinarki Plazmowe, Kompresory. Mgr in\u017c. Jaros\u0142aw Ko\u0142aski, IWE\" \/>\n<meta name=\"robots\" content=\"index, follow, max-snippet:-1, max-image-preview:large, max-video-preview:-1\" \/>\n<link rel=\"canonical\" href=\"https:\/\/spawlab.pl\/en\/produkt\/spartus-podajnik-drutu-pojedynczy-do-spawarki-laserowej-easy\/\" \/>\n<meta property=\"og:locale\" content=\"en_US\" \/>\n<meta property=\"og:type\" content=\"article\" \/>\n<meta property=\"og:title\" content=\"Spartus Podajnik drutu [pojedynczy] do spawarki laserowej Easy\" \/>\n<meta property=\"og:description\" content=\"Lider sprzeda\u017cy, Oficjalny Dystrybutor Premium i Serwis na Polsk\u0119 Migatronic, Gys, Voestalpine Bohler Welding. Nowe i u\u017cywane Spawarki, Przecinarki Plazmowe, Kompresory. Mgr in\u017c. Jaros\u0142aw Ko\u0142aski, IWE\" \/>\n<meta property=\"og:url\" content=\"https:\/\/spawlab.pl\/en\/produkt\/spartus-podajnik-drutu-pojedynczy-do-spawarki-laserowej-easy\/\" \/>\n<meta property=\"og:site_name\" content=\"SpawLab - Welding equipment and plasma cutters - store and service\" \/>\n<meta property=\"article:publisher\" content=\"https:\/\/www.facebook.com\/Spawlab\/\" \/>\n<meta property=\"og:image\" content=\"https:\/\/spawlab.pl\/wp-content\/uploads\/2025\/10\/sp050-01-010-01.jpg\" \/>\n\t<meta property=\"og:image:width\" content=\"1000\" \/>\n\t<meta property=\"og:image:height\" content=\"1000\" \/>\n\t<meta property=\"og:image:type\" content=\"image\/jpeg\" \/>\n<meta name=\"twitter:label1\" content=\"Price\" \/>\n\t<meta name=\"twitter:data1\" content=\"3 688,77&nbsp;&#122;&#322; (2 999,00&nbsp;&#122;&#322; netto)\" \/>\n\t<meta name=\"twitter:label2\" content=\"Availability\" \/>\n\t<meta name=\"twitter:data2\" content=\"In stock\" \/>\n<script type=\"application\/ld+json\" class=\"yoast-schema-graph\">{\"@context\":\"https:\\\/\\\/schema.org\",\"@graph\":[{\"@type\":[\"WebPage\",\"ItemPage\"],\"@id\":\"https:\\\/\\\/spawlab.pl\\\/en\\\/produkt\\\/spartus-podajnik-drutu-pojedynczy-do-spawarki-laserowej-easy\\\/\",\"url\":\"https:\\\/\\\/spawlab.pl\\\/en\\\/produkt\\\/spartus-podajnik-drutu-pojedynczy-do-spawarki-laserowej-easy\\\/\",\"name\":\"Spartus Podajnik drutu [pojedynczy] do spawarki laserowej Easy - SpawLab - Welding equipment and plasma cutters - store and service\",\"isPartOf\":{\"@id\":\"https:\\\/\\\/spawlab.pl\\\/en\\\/#website\"},\"primaryImageOfPage\":{\"@id\":\"https:\\\/\\\/spawlab.pl\\\/en\\\/produkt\\\/spartus-podajnik-drutu-pojedynczy-do-spawarki-laserowej-easy\\\/#primaryimage\"},\"image\":{\"@id\":\"https:\\\/\\\/spawlab.pl\\\/en\\\/produkt\\\/spartus-podajnik-drutu-pojedynczy-do-spawarki-laserowej-easy\\\/#primaryimage\"},\"thumbnailUrl\":\"https:\\\/\\\/spawlab.pl\\\/wp-content\\\/uploads\\\/2025\\\/10\\\/sp050-01-010-01.jpg\",\"datePublished\":\"2026-04-07T10:32:22+00:00\",\"description\":\"Lider sprzeda\u017cy, Oficjalny Dystrybutor Premium i Serwis na Polsk\u0119 Migatronic, Gys, Voestalpine Bohler Welding. Nowe i u\u017cywane Spawarki, Przecinarki Plazmowe, Kompresory. Mgr in\u017c. Jaros\u0142aw Ko\u0142aski, IWE\",\"breadcrumb\":{\"@id\":\"https:\\\/\\\/spawlab.pl\\\/en\\\/produkt\\\/spartus-podajnik-drutu-pojedynczy-do-spawarki-laserowej-easy\\\/#breadcrumb\"},\"inLanguage\":\"en-US\",\"potentialAction\":[{\"@type\":\"ReadAction\",\"target\":[\"https:\\\/\\\/spawlab.pl\\\/en\\\/produkt\\\/spartus-podajnik-drutu-pojedynczy-do-spawarki-laserowej-easy\\\/\"]}]},{\"@type\":\"ImageObject\",\"inLanguage\":\"en-US\",\"@id\":\"https:\\\/\\\/spawlab.pl\\\/en\\\/produkt\\\/spartus-podajnik-drutu-pojedynczy-do-spawarki-laserowej-easy\\\/#primaryimage\",\"url\":\"https:\\\/\\\/spawlab.pl\\\/wp-content\\\/uploads\\\/2025\\\/10\\\/sp050-01-010-01.jpg\",\"contentUrl\":\"https:\\\/\\\/spawlab.pl\\\/wp-content\\\/uploads\\\/2025\\\/10\\\/sp050-01-010-01.jpg\",\"width\":1000,\"height\":1000},{\"@type\":\"BreadcrumbList\",\"@id\":\"https:\\\/\\\/spawlab.pl\\\/en\\\/produkt\\\/spartus-podajnik-drutu-pojedynczy-do-spawarki-laserowej-easy\\\/#breadcrumb\",\"itemListElement\":[{\"@type\":\"ListItem\",\"position\":1,\"name\":\"Strona g\u0142\u00f3wna\",\"item\":\"https:\\\/\\\/spawlab.pl\\\/en\\\/\"},{\"@type\":\"ListItem\",\"position\":2,\"name\":\"Store\",\"item\":\"https:\\\/\\\/spawlab.pl\\\/en\\\/shop\\\/\"},{\"@type\":\"ListItem\",\"position\":3,\"name\":\"Spartus Podajnik drutu [pojedynczy] do spawarki laserowej Easy\"}]},{\"@type\":\"WebSite\",\"@id\":\"https:\\\/\\\/spawlab.pl\\\/en\\\/#website\",\"url\":\"https:\\\/\\\/spawlab.pl\\\/en\\\/\",\"name\":\"Spawlab.pl Lider - Spawarki, Przecinarki Plazmowe, Kompresory\",\"description\":\"Urz\u0105dzenia spawalnicze i Przecinarki plazmowe\\\/ nowe i u\u017cywane \\\/ Profesjonalny serwis\",\"publisher\":{\"@id\":\"https:\\\/\\\/spawlab.pl\\\/en\\\/#organization\"},\"alternateName\":\"Spawlab.pl - Dystrybutor Premium i Serwis na Polske Migatronic, Gys, Voestalpine Bohler Welding\",\"potentialAction\":[{\"@type\":\"SearchAction\",\"target\":{\"@type\":\"EntryPoint\",\"urlTemplate\":\"https:\\\/\\\/spawlab.pl\\\/en\\\/?s={search_term_string}\"},\"query-input\":{\"@type\":\"PropertyValueSpecification\",\"valueRequired\":true,\"valueName\":\"search_term_string\"}}],\"inLanguage\":\"en-US\"},{\"@type\":[\"Organization\",\"Place\"],\"@id\":\"https:\\\/\\\/spawlab.pl\\\/en\\\/#organization\",\"name\":\"Spawlab.pl\",\"url\":\"https:\\\/\\\/spawlab.pl\\\/en\\\/\",\"logo\":{\"@id\":\"https:\\\/\\\/spawlab.pl\\\/en\\\/produkt\\\/spartus-podajnik-drutu-pojedynczy-do-spawarki-laserowej-easy\\\/#local-main-organization-logo\"},\"image\":{\"@id\":\"https:\\\/\\\/spawlab.pl\\\/en\\\/produkt\\\/spartus-podajnik-drutu-pojedynczy-do-spawarki-laserowej-easy\\\/#local-main-organization-logo\"},\"sameAs\":[\"https:\\\/\\\/www.facebook.com\\\/Spawlab\\\/\",\"https:\\\/\\\/www.linkedin.com\\\/company\\\/spawlab\",\"https:\\\/\\\/www.instagram.com\\\/spawlab.pl\",\"https:\\\/\\\/www.tiktok.com\\\/@spawlab\"],\"description\":\"Lider sprzeda\u017cy, Oficjalny Dystrybutor Premium i Serwis na Polsk\u0119 Migatronic, Gys, Voestalpine Bohler Welding. Nowe i u\u017cywane Spawarki, Przecinarki Plazmowe, Kompresory. Mgr in\u017c. Jaros\u0142aw Ko\u0142aski, IWE\",\"hasMerchantReturnPolicy\":{\"@type\":\"MerchantReturnPolicy\",\"merchantReturnLink\":\"https:\\\/\\\/spawlab.pl\\\/polityka-prywatnosci-2\\\/\"},\"telephone\":[],\"openingHoursSpecification\":[{\"@type\":\"OpeningHoursSpecification\",\"dayOfWeek\":[\"Monday\",\"Tuesday\",\"Wednesday\",\"Thursday\",\"Friday\",\"Saturday\",\"Sunday\"],\"opens\":\"09:00\",\"closes\":\"17:00\"}]},{\"@type\":\"ImageObject\",\"inLanguage\":\"en-US\",\"@id\":\"https:\\\/\\\/spawlab.pl\\\/en\\\/produkt\\\/spartus-podajnik-drutu-pojedynczy-do-spawarki-laserowej-easy\\\/#local-main-organization-logo\",\"url\":\"https:\\\/\\\/spawlab.pl\\\/wp-content\\\/uploads\\\/2022\\\/01\\\/olx.jpg\",\"contentUrl\":\"https:\\\/\\\/spawlab.pl\\\/wp-content\\\/uploads\\\/2022\\\/01\\\/olx.jpg\",\"width\":200,\"height\":200,\"caption\":\"Spawlab.pl\"}]}<\/script>\n<meta property=\"product:price:amount\" content=\"3688.77\" \/>\n<meta property=\"product:price:currency\" content=\"PLN\" \/>\n<meta property=\"og:availability\" content=\"instock\" \/>\n<meta property=\"product:availability\" content=\"instock\" \/>\n<meta property=\"product:retailer_item_id\" content=\"SP050-01-010\" \/>\n<meta property=\"product:condition\" content=\"new\" \/>\n<!-- \/ Yoast SEO Premium plugin. -->","yoast_head_json":{"title":"Spartus Podajnik drutu [pojedynczy] do spawarki laserowej Easy - SpawLab - Welding equipment and plasma cutters - store and service","description":"Lider sprzeda\u017cy, Oficjalny Dystrybutor Premium i Serwis na Polsk\u0119 Migatronic, Gys, Voestalpine Bohler Welding. Nowe i u\u017cywane Spawarki, Przecinarki Plazmowe, Kompresory. Mgr in\u017c. Jaros\u0142aw Ko\u0142aski, IWE","robots":{"index":"index","follow":"follow","max-snippet":"max-snippet:-1","max-image-preview":"max-image-preview:large","max-video-preview":"max-video-preview:-1"},"canonical":"https:\/\/spawlab.pl\/en\/produkt\/spartus-podajnik-drutu-pojedynczy-do-spawarki-laserowej-easy\/","og_locale":"en_US","og_type":"article","og_title":"Spartus Podajnik drutu [pojedynczy] do spawarki laserowej Easy","og_description":"Lider sprzeda\u017cy, Oficjalny Dystrybutor Premium i Serwis na Polsk\u0119 Migatronic, Gys, Voestalpine Bohler Welding. Nowe i u\u017cywane Spawarki, Przecinarki Plazmowe, Kompresory. Mgr in\u017c. Jaros\u0142aw Ko\u0142aski, IWE","og_url":"https:\/\/spawlab.pl\/en\/produkt\/spartus-podajnik-drutu-pojedynczy-do-spawarki-laserowej-easy\/","og_site_name":"SpawLab - Welding equipment and plasma cutters - store and service","article_publisher":"https:\/\/www.facebook.com\/Spawlab\/","og_image":[{"width":1000,"height":1000,"url":"https:\/\/spawlab.pl\/wp-content\/uploads\/2025\/10\/sp050-01-010-01.jpg","type":"image\/jpeg"}],"twitter_misc":{"Price":"3 688,77&nbsp;&#122;&#322; (2 999,00&nbsp;&#122;&#322; netto)","Availability":"In stock"},"schema":{"@context":"https:\/\/schema.org","@graph":[{"@type":["WebPage","ItemPage"],"@id":"https:\/\/spawlab.pl\/en\/produkt\/spartus-podajnik-drutu-pojedynczy-do-spawarki-laserowej-easy\/","url":"https:\/\/spawlab.pl\/en\/produkt\/spartus-podajnik-drutu-pojedynczy-do-spawarki-laserowej-easy\/","name":"Spartus Podajnik drutu [pojedynczy] do spawarki laserowej Easy - SpawLab - Welding equipment and plasma cutters - store and service","isPartOf":{"@id":"https:\/\/spawlab.pl\/en\/#website"},"primaryImageOfPage":{"@id":"https:\/\/spawlab.pl\/en\/produkt\/spartus-podajnik-drutu-pojedynczy-do-spawarki-laserowej-easy\/#primaryimage"},"image":{"@id":"https:\/\/spawlab.pl\/en\/produkt\/spartus-podajnik-drutu-pojedynczy-do-spawarki-laserowej-easy\/#primaryimage"},"thumbnailUrl":"https:\/\/spawlab.pl\/wp-content\/uploads\/2025\/10\/sp050-01-010-01.jpg","datePublished":"2026-04-07T10:32:22+00:00","description":"Lider sprzeda\u017cy, Oficjalny Dystrybutor Premium i Serwis na Polsk\u0119 Migatronic, Gys, Voestalpine Bohler Welding. Nowe i u\u017cywane Spawarki, Przecinarki Plazmowe, Kompresory. Mgr in\u017c. Jaros\u0142aw Ko\u0142aski, IWE","breadcrumb":{"@id":"https:\/\/spawlab.pl\/en\/produkt\/spartus-podajnik-drutu-pojedynczy-do-spawarki-laserowej-easy\/#breadcrumb"},"inLanguage":"en-US","potentialAction":[{"@type":"ReadAction","target":["https:\/\/spawlab.pl\/en\/produkt\/spartus-podajnik-drutu-pojedynczy-do-spawarki-laserowej-easy\/"]}]},{"@type":"ImageObject","inLanguage":"en-US","@id":"https:\/\/spawlab.pl\/en\/produkt\/spartus-podajnik-drutu-pojedynczy-do-spawarki-laserowej-easy\/#primaryimage","url":"https:\/\/spawlab.pl\/wp-content\/uploads\/2025\/10\/sp050-01-010-01.jpg","contentUrl":"https:\/\/spawlab.pl\/wp-content\/uploads\/2025\/10\/sp050-01-010-01.jpg","width":1000,"height":1000},{"@type":"BreadcrumbList","@id":"https:\/\/spawlab.pl\/en\/produkt\/spartus-podajnik-drutu-pojedynczy-do-spawarki-laserowej-easy\/#breadcrumb","itemListElement":[{"@type":"ListItem","position":1,"name":"Strona g\u0142\u00f3wna","item":"https:\/\/spawlab.pl\/en\/"},{"@type":"ListItem","position":2,"name":"Store","item":"https:\/\/spawlab.pl\/en\/shop\/"},{"@type":"ListItem","position":3,"name":"Spartus Podajnik drutu [pojedynczy] do spawarki laserowej Easy"}]},{"@type":"WebSite","@id":"https:\/\/spawlab.pl\/en\/#website","url":"https:\/\/spawlab.pl\/en\/","name":"Spawlab.pl Lider - Spawarki, Przecinarki Plazmowe, Kompresory","description":"Urz\u0105dzenia spawalnicze i Przecinarki plazmowe\/ nowe i u\u017cywane \/ Profesjonalny serwis","publisher":{"@id":"https:\/\/spawlab.pl\/en\/#organization"},"alternateName":"Spawlab.pl - Dystrybutor Premium i Serwis na Polske Migatronic, Gys, Voestalpine Bohler Welding","potentialAction":[{"@type":"SearchAction","target":{"@type":"EntryPoint","urlTemplate":"https:\/\/spawlab.pl\/en\/?s={search_term_string}"},"query-input":{"@type":"PropertyValueSpecification","valueRequired":true,"valueName":"search_term_string"}}],"inLanguage":"en-US"},{"@type":["Organization","Place"],"@id":"https:\/\/spawlab.pl\/en\/#organization","name":"Spawlab.pl","url":"https:\/\/spawlab.pl\/en\/","logo":{"@id":"https:\/\/spawlab.pl\/en\/produkt\/spartus-podajnik-drutu-pojedynczy-do-spawarki-laserowej-easy\/#local-main-organization-logo"},"image":{"@id":"https:\/\/spawlab.pl\/en\/produkt\/spartus-podajnik-drutu-pojedynczy-do-spawarki-laserowej-easy\/#local-main-organization-logo"},"sameAs":["https:\/\/www.facebook.com\/Spawlab\/","https:\/\/www.linkedin.com\/company\/spawlab","https:\/\/www.instagram.com\/spawlab.pl","https:\/\/www.tiktok.com\/@spawlab"],"description":"Lider sprzeda\u017cy, Oficjalny Dystrybutor Premium i Serwis na Polsk\u0119 Migatronic, Gys, Voestalpine Bohler Welding. Nowe i u\u017cywane Spawarki, Przecinarki Plazmowe, Kompresory. Mgr in\u017c. Jaros\u0142aw Ko\u0142aski, IWE","hasMerchantReturnPolicy":{"@type":"MerchantReturnPolicy","merchantReturnLink":"https:\/\/spawlab.pl\/polityka-prywatnosci-2\/"},"telephone":[],"openingHoursSpecification":[{"@type":"OpeningHoursSpecification","dayOfWeek":["Monday","Tuesday","Wednesday","Thursday","Friday","Saturday","Sunday"],"opens":"09:00","closes":"17:00"}]},{"@type":"ImageObject","inLanguage":"en-US","@id":"https:\/\/spawlab.pl\/en\/produkt\/spartus-podajnik-drutu-pojedynczy-do-spawarki-laserowej-easy\/#local-main-organization-logo","url":"https:\/\/spawlab.pl\/wp-content\/uploads\/2022\/01\/olx.jpg","contentUrl":"https:\/\/spawlab.pl\/wp-content\/uploads\/2022\/01\/olx.jpg","width":200,"height":200,"caption":"Spawlab.pl"}]},"product_price_amount":"3688.77","product_price_currency":"PLN","og_availability":"instock","product_availability":"instock","product_retailer_item_id":"SP050-01-010","product_condition":"new"},"_links":{"self":[{"href":"https:\/\/spawlab.pl\/en\/wp-json\/wp\/v2\/product\/56969","targetHints":{"allow":["GET"]}}],"collection":[{"href":"https:\/\/spawlab.pl\/en\/wp-json\/wp\/v2\/product"}],"about":[{"href":"https:\/\/spawlab.pl\/en\/wp-json\/wp\/v2\/types\/product"}],"wp:featuredmedia":[{"embeddable":true,"href":"https:\/\/spawlab.pl\/en\/wp-json\/wp\/v2\/media\/56970"}],"wp:attachment":[{"href":"https:\/\/spawlab.pl\/en\/wp-json\/wp\/v2\/media?parent=56969"}],"wp:term":[{"taxonomy":"product_brand","embeddable":true,"href":"https:\/\/spawlab.pl\/en\/wp-json\/wp\/v2\/product_brand?post=56969"},{"taxonomy":"product_cat","embeddable":true,"href":"https:\/\/spawlab.pl\/en\/wp-json\/wp\/v2\/product_cat?post=56969"},{"taxonomy":"product_tag","embeddable":true,"href":"https:\/\/spawlab.pl\/en\/wp-json\/wp\/v2\/product_tag?post=56969"}],"curies":[{"name":"wp","href":"https:\/\/api.w.org\/{rel}","templated":true}]}}