{"id":57041,"date":"2026-03-14T13:45:34","date_gmt":"2026-03-14T12:45:34","guid":{"rendered":"https:\/\/spawlab.pl\/?post_type=product&#038;p=57041"},"modified":"2026-03-14T13:45:35","modified_gmt":"2026-03-14T12:45:35","slug":"spartus-przybica-spartus-bear-szlifowanie-cicie-spawanie","status":"publish","type":"product","link":"https:\/\/spawlab.pl\/en\/produkt\/spartus-przybica-spartus-bear-szlifowanie-cicie-spawanie\/","title":{"rendered":"Spartus Przy&#x142;bica SPARTUS&#xAE; BEAR [szlifowanie, ci&#x119;cie, spawanie]"},"content":{"rendered":"<p><![CDATA[ \n\n<h3><span style=\"color:#7f8c8d;\"><span style=\"font-size:26px;\">SPARTUS&reg; BEAR<\/span><\/span>&nbsp;&#8211; <span style=\"font-size:20px;\">PE&#x141;NE BEZPIECZE&#x143;STWO, MAKSYMALNY KOMFORT<\/span><\/h3>\n\n<br \/>&#xD;\n<br \/>&#xD;\n\n\n<p>Przy&#x142;bica SPARTUS&reg; BEAR&nbsp;zosta&#x142;a zaprojektowana z my&#x15B;l&#x105; o ochronie oczu i twarzy. Dzi&#x119;ki mo&#x17C;liwo&#x15B;ci wymiany os&#x142;on oraz specjalnie wyprofilowanemu kszta&#x142;towi, przy&#x142;bica mo&#x17C;e dostosowa&#x107; si&#x119; do r&oacute;&#x17C;nych potrzeb u&#x17C;ytkownika, zapewniaj&#x105;c ochron&#x119; zar&oacute;wno podczas<strong> szlifowania, ci&#x119;cia jak i spawania.<\/strong><\/p>\n\n<br \/>&#xD;\n<br \/>&#xD;\n\n\n<p><img decoding=\"async\" alt=\"\" data-src=\"https:\/\/novweld24.pl\/\/upload\/getfile\/879520702\/uchwyt-bear-art3.png\" style=\"float: left; width: 450px; height: 450px;\" \/\" src=\"data:image\/svg+xml;base64,PHN2ZyB3aWR0aD0iMSIgaGVpZ2h0PSIxIiB4bWxucz0iaHR0cDovL3d3dy53My5vcmcvMjAwMC9zdmciPjwvc3ZnPg==\" class=\"lazyload\"><\/p>\n\n<br \/>&#xD;\n<br \/>&#xD;\n\n\n<p>&nbsp;<\/p>\n\n<br \/>&#xD;\n<br \/>&#xD;\n\n\n<h3>&nbsp;<\/h3>\n\n<br \/>&#xD;\n<br \/>&#xD;\n\n\n<p>&nbsp;<\/p>\n\n<br \/>&#xD;\n<br \/>&#xD;\n\n\n<h3>&nbsp;<\/h3>\n\n<br \/>&#xD;\n<br \/>&#xD;\n\n\n<h3><span style=\"font-size:20px;\">SZEROKIE POLE WIDZENIA I KOMFORT PRACY<\/span><\/h3>\n\n<br \/>&#xD;\n<br \/>&#xD;\n\n\n<p>Przy&#x142;bica oferuje <strong>szerokie<\/strong> <strong>pole widzenia<\/strong>, co korzystnie wp&#x142;ywa na swobod&#x119; dzia&#x142;ania podczas obr&oacute;bki materia&#x142;&oacute;w. Dzi&#x119;ki <strong>ergonomicznemu kszta&#x142;towi<\/strong>, mo&#x17C;liwo&#x15B;ci<strong> regulacji nag&#x142;owia<\/strong> oraz <strong>niewielkiej wadze<\/strong>, u&#x17C;ytkownik mo&#x17C;e pracowa&#x107; wygodnie nawet przez d&#x142;ugie godziny.<\/p>\n\n<br \/>&#xD;\n<br \/>&#xD;\n\n\n<h3>&nbsp;<\/h3>\n\n<br \/>&#xD;\n<br \/>&#xD;\n\n\n<p>&nbsp;<\/p>\n\n<br \/>&#xD;\n<br \/>&#xD;\n\n\n<h3>&nbsp;<\/h3>\n\n<br \/>&#xD;\n<br \/>&#xD;\n\n\n<p>&nbsp;<\/p>\n\n<br \/>&#xD;\n<br \/>&#xD;\n\n\n<p>&nbsp;<\/p>\n\n<br \/>&#xD;\n<br \/>&#xD;\n\n\n<h3><span style=\"font-size:20px;\">NIEZAWODNA&nbsp;OCHRONA<\/span><\/h3>\n\n<br \/>&#xD;\n<br \/>&#xD;\n\n\n<p>Przy&#x142;bica <strong>SPARTUS&reg; BEAR<\/strong> w standardowej wersji dedykowana jest do zastosowa&#x144; szlifierskich. Rozszerzenie jej funkcjonalno&#x15B;ci o zastosowanie podczas ci&#x119;cia i\/lub spawania mo&#x17C;liwe jest poprzez wymian&#x119; os&#x142;ony sta&#x142;ej oraz monta&#x17C;&nbsp;os&#x142;ony ruchomej po&#x142;&#x105;czonej z przy&#x142;bic&#x105; za pomoc&#x105; dedykowanego &#x142;&#x105;cznika (&nbsp;<a href=\"https:\/\/novweld24.pl\/akcesoria\/bhp\/akcesoria-do-przylbic-spawalniczych\/lacznik-do-oslon-zewnetrznych-spartus-bear\" target=\"_blank\">080-10-040-K<\/a> ).&nbsp;Os&#x142;ony&nbsp;wykonana z wytrzyma&#x142;ego poliw&#x119;glanu skutecznie zabezpieczaj&#x105; przed wysok&#x105; temperatur&#x105; oraz odpryskami.<\/p>\n\n<br \/>&#xD;\n<br \/>&#xD;\n\n\n<p><img decoding=\"async\" alt=\"\" data-src=\"https:\/\/novweld24.pl\/\/upload\/getfile\/129586508\/080-10-040-os&#x142;ony_v2.png\" style=\"float: right; width: 250px; height: 326px;\" \/\" src=\"data:image\/svg+xml;base64,PHN2ZyB3aWR0aD0iMSIgaGVpZ2h0PSIxIiB4bWxucz0iaHR0cDovL3d3dy53My5vcmcvMjAwMC9zdmciPjwvc3ZnPg==\" class=\"lazyload\"><\/p>\n\n<br \/>&#xD;\n<br \/>&#xD;\n\n\n<table border=\"1\" cellpadding=\"1\" cellspacing=\"1\" style=\"width:900px;\">&#xD;\n\t\n\n<tbody>&#xD;\n\t\t\n\n<tr>&#xD;\n\t\t\t\n\n<td>Kod os&#x142;ony<\/td>\n\n<br \/>&#xD;\n\t\t\t\n\n<td>Os&#x142;ona<\/td>\n\n<br \/>&#xD;\n\t\t\t\n\n<td style=\"text-align: center;\">Szlifowanie&nbsp; &nbsp; &nbsp; &nbsp;&nbsp;<\/td>\n\n<br \/>&#xD;\n\t\t\t\n\n<td style=\"text-align: center;\">Ci&#x119;cie&nbsp; &nbsp; &nbsp; &nbsp;<\/td>\n\n<br \/>&#xD;\n\t\t\t\n\n<td style=\"text-align: center;\">Spawanie<\/td>\n\n<br \/>&#xD;\n\t\t<\/tr>\n\n<br \/>&#xD;\n\t\t\n\n<tr>&#xD;\n\t\t\t\n\n<td>080-10-040-EI1<\/td>\n\n<br \/>&#xD;\n\t\t\t\n\n<td>&#xD;\n\t\t\t\n\n<p>Os&#x142;ona sta&#x142;a DIN1&nbsp;[transparentna]<\/p>\n\n<br \/>&#xD;\n\t\t\t<\/td>\n\n<br \/>&#xD;\n\t\t\t\n\n<td style=\"text-align: center;\">&#x2714;<\/td>\n\n<br \/>&#xD;\n\t\t\t\n\n<td style=\"text-align: center;\">&nbsp;<\/td>\n\n<br \/>&#xD;\n\t\t\t\n\n<td style=\"text-align: center;\">&nbsp;<\/td>\n\n<br \/>&#xD;\n\t\t<\/tr>\n\n<br \/>&#xD;\n\t\t\n\n<tr>&#xD;\n\t\t\t\n\n<td>080-10-040-EI2<\/td>\n\n<br \/>&#xD;\n\t\t\t\n\n<td>&#xD;\n\t\t\t\n\n<p>Os&#x142;ona sta&#x142;a DIN2<\/p>\n\n<br \/>&#xD;\n\t\t\t<\/td>\n\n<br \/>&#xD;\n\t\t\t\n\n<td style=\"text-align: center;\">&#x2714;<\/td>\n\n<br \/>&#xD;\n\t\t\t\n\n<td style=\"text-align: center;\">&nbsp;<\/td>\n\n<br \/>&#xD;\n\t\t<\/tr>\n\n<br \/>&#xD;\n\t\t\n\n<tr>&#xD;\n\t\t\t\n\n<td>080-10-040-EI3<\/td>\n\n<br \/>&#xD;\n\t\t\t\n\n<td>&#xD;\n\t\t\t\n\n<p>Os&#x142;ona sta&#x142;a DIN3<\/p>\n\n<br \/>&#xD;\n\t\t\t<\/td>\n\n<br \/>&#xD;\n\t\t\t\n\n<td style=\"text-align: center;\">&#x2714;<\/td>\n\n<br \/>&#xD;\n\t\t\t\n\n<td style=\"text-align: center;\">&nbsp;<\/td>\n\n<br \/>&#xD;\n\t\t\t\n\n<td style=\"text-align: center;\">&nbsp;<\/td>\n\n<br \/>&#xD;\n\t\t<\/tr>\n\n<br \/>&#xD;\n\t\t\n\n<tr>&#xD;\n\t\t\t\n\n<td>080-10-040-EI5<\/td>\n\n<br \/>&#xD;\n\t\t\t\n\n<td>&#xD;\n\t\t\t\n\n<p>Os&#x142;ona sta&#x142;a DIN5<\/p>\n\n<br \/>&#xD;\n\t\t\t<\/td>\n\n<br \/>&#xD;\n\t\t\t\n\n<td style=\"text-align: center;\">&#x2714;<\/td>\n\n<br \/>&#xD;\n\t\t\t\n\n<td style=\"text-align: center;\">&#x2714;<\/td>\n\n<br \/>&#xD;\n\t\t\t\n\n<td style=\"text-align: center;\">&nbsp;<\/td>\n\n<br \/>&#xD;\n\t\t<\/tr>\n\n<br \/>&#xD;\n\t\t\n\n<tr>&#xD;\n\t\t\t\n\n<td>080-10-040-EO5<\/td>\n\n<br \/>&#xD;\n\t\t\t\n\n<td>Os&#x142;ona sta&#x142;a + Os&#x142;ona ruchoma DIN5<\/td>\n\n<br \/>&#xD;\n\t\t\t\n\n<td style=\"text-align: center;\">&#x2714;<\/td>\n\n<br \/>&#xD;\n\t\t\t\n\n<td style=\"text-align: center;\">&#x2714;<\/td>\n\n<br \/>&#xD;\n\t\t\t\n\n<td style=\"text-align: center;\">&#x2714;<\/td>\n\n<br \/>&#xD;\n\t\t<\/tr>\n\n<br \/>&#xD;\n\t\t\n\n<tr>&#xD;\n\t\t\t\n\n<td>080-10-040-EO8<\/td>\n\n<br \/>&#xD;\n\t\t\t\n\n<td>Os&#x142;ona sta&#x142;a + Os&#x142;ona ruchoma DIN8<\/td>\n\n<br \/>&#xD;\n\t\t\t\n\n<td style=\"text-align: center;\">&#x2714;<\/td>\n\n<br \/>&#xD;\n\t\t\t\n\n<td style=\"text-align: center;\">&#x2714;<\/td>\n\n<br \/>&#xD;\n\t\t\t\n\n<td style=\"text-align: center;\">&#x2714;<\/td>\n\n<br \/>&#xD;\n\t\t<\/tr>\n\n<br \/>&#xD;\n\t<\/tbody>\n\n<br \/>&#xD;\n<\/table>\n\n<br \/>&#xD;\n<br \/>&#xD;\n\n\n<p>&nbsp;<\/p>\n\n<br \/>&#xD;\n<br \/>&#xD;\n\n\n<p><img decoding=\"async\" alt=\"\" data-src=\"https:\/\/novweld24.pl\/\/upload\/getfile\/561474035\/080-10-040-3a.jpg\" style=\"float: right; width: 450px; height: 450px;\" \/\" src=\"data:image\/svg+xml;base64,PHN2ZyB3aWR0aD0iMSIgaGVpZ2h0PSIxIiB4bWxucz0iaHR0cDovL3d3dy53My5vcmcvMjAwMC9zdmciPjwvc3ZnPg==\" class=\"lazyload\"><\/p>\n\n<br \/>&#xD;\n<br \/>&#xD;\n\n\n<p>&nbsp;<\/p>\n\n<br \/>&#xD;\n<br \/>&#xD;\n\n\n<h3><span style=\"font-size:20px;\">WSZECHSTRONNE BEZPIECZE&#x143;STWO<\/span><\/h3>\n\n<br \/>&#xD;\n<br \/>&#xD;\n\n\n<p>Przy&#x142;bica SPARTUS&reg; BEAR jest bezpiecznym rozwi&#x105;zaniem do<strong> stosowania z r&oacute;&#x17C;nymi rodzajami p&oacute;&#x142;masek ochronnych oraz nausznikami<\/strong>. Dzi&#x119;ki swojemu ergonomicznemu kszta&#x142;towi przy&#x142;bica zapewnia wygod&#x119; u&#x17C;ytkowania nawet przy jednoczesnym noszeniu p&oacute;&#x142;maski i nausznik&oacute;w.<\/p>\n\n<br \/>&#xD;\n<br \/>&#xD;\n\n\n<p>&nbsp;<\/p>\n\n<br \/>&#xD;\n<br \/>&#xD;\n\n\n<p>SPARTUS&reg; BEAR to wszechstronna przy&#x142;bica, kt&oacute;ra &#x142;&#x105;czy w sobie&nbsp;bezpiecze&#x144;stwo i komfort.<\/p>\n\n<br \/> ]]><\/p>\n","protected":false},"excerpt":{"rendered":"<p> Przy&#x142;bica SPARTUS&#xAE; BEAR [szlifowanie, ci&#x119;cie, spawanie] <\/p>\n","protected":false},"featured_media":57042,"template":"","meta":{"inline_featured_image":false},"product_brand":[17523],"product_cat":[21888,81,21897,21901,17524,3342],"product_tag":[],"class_list":{"0":"post-57041","1":"product","2":"type-product","3":"status-publish","4":"has-post-thumbnail","6":"product_brand-spartus","7":"product_cat-akcesoria","8":"product_cat-akcesoria-czesci","9":"product_cat-bhp","10":"product_cat-przybice-spawalnicze","11":"product_cat-spartus","12":"product_cat-strefa-marki","13":"pa_regulacja-filtra-brak","14":"pa_waga-385-g","15":"pa_zastosowanie-cicie-plazmowe","16":"pa_zastosowanie-spawanie","17":"pa_zastosowanie-szlifowanie","19":"first","20":"instock","21":"taxable","22":"shipping-taxable","23":"purchasable","24":"product-type-simple"},"yoast_head":"<!-- This site is optimized with the Yoast SEO Premium plugin v27.0 (Yoast SEO v27.3) - https:\/\/yoast.com\/product\/yoast-seo-premium-wordpress\/ -->\n<title>Spartus Przy&#x142;bica SPARTUS&#xAE; BEAR [szlifowanie, ci&#x119;cie, spawanie] - SpawLab - Welding equipment and plasma cutters - store and service<\/title>\n<meta name=\"description\" content=\"Lider sprzeda\u017cy, Oficjalny Dystrybutor Premium i Serwis na Polsk\u0119 Migatronic, Gys, Voestalpine Bohler Welding. Nowe i u\u017cywane Spawarki, Przecinarki Plazmowe, Kompresory. Mgr in\u017c. Jaros\u0142aw Ko\u0142aski, IWE\" \/>\n<meta name=\"robots\" content=\"index, follow, max-snippet:-1, max-image-preview:large, max-video-preview:-1\" \/>\n<link rel=\"canonical\" href=\"https:\/\/spawlab.pl\/en\/produkt\/spartus-przybica-spartus-bear-szlifowanie-cicie-spawanie\/\" \/>\n<meta property=\"og:locale\" content=\"en_US\" \/>\n<meta property=\"og:type\" content=\"article\" \/>\n<meta property=\"og:title\" content=\"Spartus Przy&#x142;bica SPARTUS&#xAE; BEAR [szlifowanie, ci&#x119;cie, spawanie]\" \/>\n<meta property=\"og:description\" content=\"Lider sprzeda\u017cy, Oficjalny Dystrybutor Premium i Serwis na Polsk\u0119 Migatronic, Gys, Voestalpine Bohler Welding. Nowe i u\u017cywane Spawarki, Przecinarki Plazmowe, Kompresory. Mgr in\u017c. Jaros\u0142aw Ko\u0142aski, IWE\" \/>\n<meta property=\"og:url\" content=\"https:\/\/spawlab.pl\/en\/produkt\/spartus-przybica-spartus-bear-szlifowanie-cicie-spawanie\/\" \/>\n<meta property=\"og:site_name\" content=\"SpawLab - Welding equipment and plasma cutters - store and service\" \/>\n<meta property=\"article:publisher\" content=\"https:\/\/www.facebook.com\/Spawlab\/\" \/>\n<meta property=\"article:modified_time\" content=\"2026-03-14T12:45:35+00:00\" \/>\n<meta property=\"og:image\" content=\"https:\/\/spawlab.pl\/wp-content\/uploads\/2025\/10\/080-10-040-1a.jpg\" \/>\n\t<meta property=\"og:image:width\" content=\"1000\" \/>\n\t<meta property=\"og:image:height\" content=\"1000\" \/>\n\t<meta property=\"og:image:type\" content=\"image\/jpeg\" \/>\n<meta name=\"twitter:label1\" content=\"Price\" \/>\n\t<meta name=\"twitter:data1\" content=\"170,12&nbsp;&#122;&#322; (138,31&nbsp;&#122;&#322; netto)\" \/>\n\t<meta name=\"twitter:label2\" content=\"Availability\" \/>\n\t<meta name=\"twitter:data2\" content=\"In stock\" \/>\n<script type=\"application\/ld+json\" class=\"yoast-schema-graph\">{\"@context\":\"https:\\\/\\\/schema.org\",\"@graph\":[{\"@type\":[\"WebPage\",\"ItemPage\"],\"@id\":\"https:\\\/\\\/spawlab.pl\\\/en\\\/produkt\\\/spartus-przybica-spartus-bear-szlifowanie-cicie-spawanie\\\/\",\"url\":\"https:\\\/\\\/spawlab.pl\\\/en\\\/produkt\\\/spartus-przybica-spartus-bear-szlifowanie-cicie-spawanie\\\/\",\"name\":\"Spartus Przy&#x142;bica SPARTUS&#xAE; BEAR [szlifowanie, ci&#x119;cie, spawanie] - SpawLab - Welding equipment and plasma cutters - store and service\",\"isPartOf\":{\"@id\":\"https:\\\/\\\/spawlab.pl\\\/en\\\/#website\"},\"primaryImageOfPage\":{\"@id\":\"https:\\\/\\\/spawlab.pl\\\/en\\\/produkt\\\/spartus-przybica-spartus-bear-szlifowanie-cicie-spawanie\\\/#primaryimage\"},\"image\":{\"@id\":\"https:\\\/\\\/spawlab.pl\\\/en\\\/produkt\\\/spartus-przybica-spartus-bear-szlifowanie-cicie-spawanie\\\/#primaryimage\"},\"thumbnailUrl\":\"https:\\\/\\\/spawlab.pl\\\/wp-content\\\/uploads\\\/2025\\\/10\\\/080-10-040-1a.jpg\",\"datePublished\":\"2026-03-14T12:45:34+00:00\",\"dateModified\":\"2026-03-14T12:45:35+00:00\",\"description\":\"Lider sprzeda\u017cy, Oficjalny Dystrybutor Premium i Serwis na Polsk\u0119 Migatronic, Gys, Voestalpine Bohler Welding. Nowe i u\u017cywane Spawarki, Przecinarki Plazmowe, Kompresory. Mgr in\u017c. Jaros\u0142aw Ko\u0142aski, IWE\",\"breadcrumb\":{\"@id\":\"https:\\\/\\\/spawlab.pl\\\/en\\\/produkt\\\/spartus-przybica-spartus-bear-szlifowanie-cicie-spawanie\\\/#breadcrumb\"},\"inLanguage\":\"en-US\",\"potentialAction\":[{\"@type\":\"ReadAction\",\"target\":[\"https:\\\/\\\/spawlab.pl\\\/en\\\/produkt\\\/spartus-przybica-spartus-bear-szlifowanie-cicie-spawanie\\\/\"]}]},{\"@type\":\"ImageObject\",\"inLanguage\":\"en-US\",\"@id\":\"https:\\\/\\\/spawlab.pl\\\/en\\\/produkt\\\/spartus-przybica-spartus-bear-szlifowanie-cicie-spawanie\\\/#primaryimage\",\"url\":\"https:\\\/\\\/spawlab.pl\\\/wp-content\\\/uploads\\\/2025\\\/10\\\/080-10-040-1a.jpg\",\"contentUrl\":\"https:\\\/\\\/spawlab.pl\\\/wp-content\\\/uploads\\\/2025\\\/10\\\/080-10-040-1a.jpg\",\"width\":1000,\"height\":1000},{\"@type\":\"BreadcrumbList\",\"@id\":\"https:\\\/\\\/spawlab.pl\\\/en\\\/produkt\\\/spartus-przybica-spartus-bear-szlifowanie-cicie-spawanie\\\/#breadcrumb\",\"itemListElement\":[{\"@type\":\"ListItem\",\"position\":1,\"name\":\"Strona g\u0142\u00f3wna\",\"item\":\"https:\\\/\\\/spawlab.pl\\\/en\\\/\"},{\"@type\":\"ListItem\",\"position\":2,\"name\":\"Store\",\"item\":\"https:\\\/\\\/spawlab.pl\\\/en\\\/shop\\\/\"},{\"@type\":\"ListItem\",\"position\":3,\"name\":\"Spartus Przy&#x142;bica SPARTUS&#xAE; BEAR [szlifowanie, ci&#x119;cie, spawanie]\"}]},{\"@type\":\"WebSite\",\"@id\":\"https:\\\/\\\/spawlab.pl\\\/en\\\/#website\",\"url\":\"https:\\\/\\\/spawlab.pl\\\/en\\\/\",\"name\":\"Spawlab.pl Lider - Spawarki, Przecinarki Plazmowe, Kompresory\",\"description\":\"Urz\u0105dzenia spawalnicze i Przecinarki plazmowe\\\/ nowe i u\u017cywane \\\/ Profesjonalny serwis\",\"publisher\":{\"@id\":\"https:\\\/\\\/spawlab.pl\\\/en\\\/#organization\"},\"alternateName\":\"Spawlab.pl - Dystrybutor Premium i Serwis na Polske Migatronic, Gys, Voestalpine Bohler Welding\",\"potentialAction\":[{\"@type\":\"SearchAction\",\"target\":{\"@type\":\"EntryPoint\",\"urlTemplate\":\"https:\\\/\\\/spawlab.pl\\\/en\\\/?s={search_term_string}\"},\"query-input\":{\"@type\":\"PropertyValueSpecification\",\"valueRequired\":true,\"valueName\":\"search_term_string\"}}],\"inLanguage\":\"en-US\"},{\"@type\":[\"Organization\",\"Place\"],\"@id\":\"https:\\\/\\\/spawlab.pl\\\/en\\\/#organization\",\"name\":\"Spawlab.pl\",\"url\":\"https:\\\/\\\/spawlab.pl\\\/en\\\/\",\"logo\":{\"@id\":\"https:\\\/\\\/spawlab.pl\\\/en\\\/produkt\\\/spartus-przybica-spartus-bear-szlifowanie-cicie-spawanie\\\/#local-main-organization-logo\"},\"image\":{\"@id\":\"https:\\\/\\\/spawlab.pl\\\/en\\\/produkt\\\/spartus-przybica-spartus-bear-szlifowanie-cicie-spawanie\\\/#local-main-organization-logo\"},\"sameAs\":[\"https:\\\/\\\/www.facebook.com\\\/Spawlab\\\/\",\"https:\\\/\\\/www.linkedin.com\\\/company\\\/spawlab\",\"https:\\\/\\\/www.instagram.com\\\/spawlab.pl\",\"https:\\\/\\\/www.tiktok.com\\\/@spawlab\"],\"description\":\"Lider sprzeda\u017cy, Oficjalny Dystrybutor Premium i Serwis na Polsk\u0119 Migatronic, Gys, Voestalpine Bohler Welding. Nowe i u\u017cywane Spawarki, Przecinarki Plazmowe, Kompresory. Mgr in\u017c. Jaros\u0142aw Ko\u0142aski, IWE\",\"hasMerchantReturnPolicy\":{\"@type\":\"MerchantReturnPolicy\",\"merchantReturnLink\":\"https:\\\/\\\/spawlab.pl\\\/polityka-prywatnosci-2\\\/\"},\"telephone\":[],\"openingHoursSpecification\":[{\"@type\":\"OpeningHoursSpecification\",\"dayOfWeek\":[\"Monday\",\"Tuesday\",\"Wednesday\",\"Thursday\",\"Friday\",\"Saturday\",\"Sunday\"],\"opens\":\"09:00\",\"closes\":\"17:00\"}]},{\"@type\":\"ImageObject\",\"inLanguage\":\"en-US\",\"@id\":\"https:\\\/\\\/spawlab.pl\\\/en\\\/produkt\\\/spartus-przybica-spartus-bear-szlifowanie-cicie-spawanie\\\/#local-main-organization-logo\",\"url\":\"https:\\\/\\\/spawlab.pl\\\/wp-content\\\/uploads\\\/2022\\\/01\\\/olx.jpg\",\"contentUrl\":\"https:\\\/\\\/spawlab.pl\\\/wp-content\\\/uploads\\\/2022\\\/01\\\/olx.jpg\",\"width\":200,\"height\":200,\"caption\":\"Spawlab.pl\"}]}<\/script>\n<meta property=\"product:price:amount\" content=\"170.12\" \/>\n<meta property=\"product:price:currency\" content=\"PLN\" \/>\n<meta property=\"og:availability\" content=\"instock\" \/>\n<meta property=\"product:availability\" content=\"instock\" \/>\n<meta property=\"product:retailer_item_id\" content=\"080-10-040\" \/>\n<meta property=\"product:condition\" content=\"new\" \/>\n<!-- \/ Yoast SEO Premium plugin. -->","yoast_head_json":{"title":"Spartus Przy&#x142;bica SPARTUS&#xAE; BEAR [szlifowanie, ci&#x119;cie, spawanie] - SpawLab - Welding equipment and plasma cutters - store and service","description":"Lider sprzeda\u017cy, Oficjalny Dystrybutor Premium i Serwis na Polsk\u0119 Migatronic, Gys, Voestalpine Bohler Welding. Nowe i u\u017cywane Spawarki, Przecinarki Plazmowe, Kompresory. Mgr in\u017c. Jaros\u0142aw Ko\u0142aski, IWE","robots":{"index":"index","follow":"follow","max-snippet":"max-snippet:-1","max-image-preview":"max-image-preview:large","max-video-preview":"max-video-preview:-1"},"canonical":"https:\/\/spawlab.pl\/en\/produkt\/spartus-przybica-spartus-bear-szlifowanie-cicie-spawanie\/","og_locale":"en_US","og_type":"article","og_title":"Spartus Przy&#x142;bica SPARTUS&#xAE; BEAR [szlifowanie, ci&#x119;cie, spawanie]","og_description":"Lider sprzeda\u017cy, Oficjalny Dystrybutor Premium i Serwis na Polsk\u0119 Migatronic, Gys, Voestalpine Bohler Welding. Nowe i u\u017cywane Spawarki, Przecinarki Plazmowe, Kompresory. Mgr in\u017c. Jaros\u0142aw Ko\u0142aski, IWE","og_url":"https:\/\/spawlab.pl\/en\/produkt\/spartus-przybica-spartus-bear-szlifowanie-cicie-spawanie\/","og_site_name":"SpawLab - Welding equipment and plasma cutters - store and service","article_publisher":"https:\/\/www.facebook.com\/Spawlab\/","article_modified_time":"2026-03-14T12:45:35+00:00","og_image":[{"width":1000,"height":1000,"url":"https:\/\/spawlab.pl\/wp-content\/uploads\/2025\/10\/080-10-040-1a.jpg","type":"image\/jpeg"}],"twitter_misc":{"Price":"170,12&nbsp;&#122;&#322; (138,31&nbsp;&#122;&#322; netto)","Availability":"In stock"},"schema":{"@context":"https:\/\/schema.org","@graph":[{"@type":["WebPage","ItemPage"],"@id":"https:\/\/spawlab.pl\/en\/produkt\/spartus-przybica-spartus-bear-szlifowanie-cicie-spawanie\/","url":"https:\/\/spawlab.pl\/en\/produkt\/spartus-przybica-spartus-bear-szlifowanie-cicie-spawanie\/","name":"Spartus Przy&#x142;bica SPARTUS&#xAE; BEAR [szlifowanie, ci&#x119;cie, spawanie] - SpawLab - Welding equipment and plasma cutters - store and service","isPartOf":{"@id":"https:\/\/spawlab.pl\/en\/#website"},"primaryImageOfPage":{"@id":"https:\/\/spawlab.pl\/en\/produkt\/spartus-przybica-spartus-bear-szlifowanie-cicie-spawanie\/#primaryimage"},"image":{"@id":"https:\/\/spawlab.pl\/en\/produkt\/spartus-przybica-spartus-bear-szlifowanie-cicie-spawanie\/#primaryimage"},"thumbnailUrl":"https:\/\/spawlab.pl\/wp-content\/uploads\/2025\/10\/080-10-040-1a.jpg","datePublished":"2026-03-14T12:45:34+00:00","dateModified":"2026-03-14T12:45:35+00:00","description":"Lider sprzeda\u017cy, Oficjalny Dystrybutor Premium i Serwis na Polsk\u0119 Migatronic, Gys, Voestalpine Bohler Welding. Nowe i u\u017cywane Spawarki, Przecinarki Plazmowe, Kompresory. Mgr in\u017c. Jaros\u0142aw Ko\u0142aski, IWE","breadcrumb":{"@id":"https:\/\/spawlab.pl\/en\/produkt\/spartus-przybica-spartus-bear-szlifowanie-cicie-spawanie\/#breadcrumb"},"inLanguage":"en-US","potentialAction":[{"@type":"ReadAction","target":["https:\/\/spawlab.pl\/en\/produkt\/spartus-przybica-spartus-bear-szlifowanie-cicie-spawanie\/"]}]},{"@type":"ImageObject","inLanguage":"en-US","@id":"https:\/\/spawlab.pl\/en\/produkt\/spartus-przybica-spartus-bear-szlifowanie-cicie-spawanie\/#primaryimage","url":"https:\/\/spawlab.pl\/wp-content\/uploads\/2025\/10\/080-10-040-1a.jpg","contentUrl":"https:\/\/spawlab.pl\/wp-content\/uploads\/2025\/10\/080-10-040-1a.jpg","width":1000,"height":1000},{"@type":"BreadcrumbList","@id":"https:\/\/spawlab.pl\/en\/produkt\/spartus-przybica-spartus-bear-szlifowanie-cicie-spawanie\/#breadcrumb","itemListElement":[{"@type":"ListItem","position":1,"name":"Strona g\u0142\u00f3wna","item":"https:\/\/spawlab.pl\/en\/"},{"@type":"ListItem","position":2,"name":"Store","item":"https:\/\/spawlab.pl\/en\/shop\/"},{"@type":"ListItem","position":3,"name":"Spartus Przy&#x142;bica SPARTUS&#xAE; BEAR [szlifowanie, ci&#x119;cie, spawanie]"}]},{"@type":"WebSite","@id":"https:\/\/spawlab.pl\/en\/#website","url":"https:\/\/spawlab.pl\/en\/","name":"Spawlab.pl Lider - Spawarki, Przecinarki Plazmowe, Kompresory","description":"Urz\u0105dzenia spawalnicze i Przecinarki plazmowe\/ nowe i u\u017cywane \/ Profesjonalny serwis","publisher":{"@id":"https:\/\/spawlab.pl\/en\/#organization"},"alternateName":"Spawlab.pl - Dystrybutor Premium i Serwis na Polske Migatronic, Gys, Voestalpine Bohler Welding","potentialAction":[{"@type":"SearchAction","target":{"@type":"EntryPoint","urlTemplate":"https:\/\/spawlab.pl\/en\/?s={search_term_string}"},"query-input":{"@type":"PropertyValueSpecification","valueRequired":true,"valueName":"search_term_string"}}],"inLanguage":"en-US"},{"@type":["Organization","Place"],"@id":"https:\/\/spawlab.pl\/en\/#organization","name":"Spawlab.pl","url":"https:\/\/spawlab.pl\/en\/","logo":{"@id":"https:\/\/spawlab.pl\/en\/produkt\/spartus-przybica-spartus-bear-szlifowanie-cicie-spawanie\/#local-main-organization-logo"},"image":{"@id":"https:\/\/spawlab.pl\/en\/produkt\/spartus-przybica-spartus-bear-szlifowanie-cicie-spawanie\/#local-main-organization-logo"},"sameAs":["https:\/\/www.facebook.com\/Spawlab\/","https:\/\/www.linkedin.com\/company\/spawlab","https:\/\/www.instagram.com\/spawlab.pl","https:\/\/www.tiktok.com\/@spawlab"],"description":"Lider sprzeda\u017cy, Oficjalny Dystrybutor Premium i Serwis na Polsk\u0119 Migatronic, Gys, Voestalpine Bohler Welding. Nowe i u\u017cywane Spawarki, Przecinarki Plazmowe, Kompresory. Mgr in\u017c. Jaros\u0142aw Ko\u0142aski, IWE","hasMerchantReturnPolicy":{"@type":"MerchantReturnPolicy","merchantReturnLink":"https:\/\/spawlab.pl\/polityka-prywatnosci-2\/"},"telephone":[],"openingHoursSpecification":[{"@type":"OpeningHoursSpecification","dayOfWeek":["Monday","Tuesday","Wednesday","Thursday","Friday","Saturday","Sunday"],"opens":"09:00","closes":"17:00"}]},{"@type":"ImageObject","inLanguage":"en-US","@id":"https:\/\/spawlab.pl\/en\/produkt\/spartus-przybica-spartus-bear-szlifowanie-cicie-spawanie\/#local-main-organization-logo","url":"https:\/\/spawlab.pl\/wp-content\/uploads\/2022\/01\/olx.jpg","contentUrl":"https:\/\/spawlab.pl\/wp-content\/uploads\/2022\/01\/olx.jpg","width":200,"height":200,"caption":"Spawlab.pl"}]},"product_price_amount":"170.12","product_price_currency":"PLN","og_availability":"instock","product_availability":"instock","product_retailer_item_id":"080-10-040","product_condition":"new"},"_links":{"self":[{"href":"https:\/\/spawlab.pl\/en\/wp-json\/wp\/v2\/product\/57041","targetHints":{"allow":["GET"]}}],"collection":[{"href":"https:\/\/spawlab.pl\/en\/wp-json\/wp\/v2\/product"}],"about":[{"href":"https:\/\/spawlab.pl\/en\/wp-json\/wp\/v2\/types\/product"}],"wp:featuredmedia":[{"embeddable":true,"href":"https:\/\/spawlab.pl\/en\/wp-json\/wp\/v2\/media\/57042"}],"wp:attachment":[{"href":"https:\/\/spawlab.pl\/en\/wp-json\/wp\/v2\/media?parent=57041"}],"wp:term":[{"taxonomy":"product_brand","embeddable":true,"href":"https:\/\/spawlab.pl\/en\/wp-json\/wp\/v2\/product_brand?post=57041"},{"taxonomy":"product_cat","embeddable":true,"href":"https:\/\/spawlab.pl\/en\/wp-json\/wp\/v2\/product_cat?post=57041"},{"taxonomy":"product_tag","embeddable":true,"href":"https:\/\/spawlab.pl\/en\/wp-json\/wp\/v2\/product_tag?post=57041"}],"curies":[{"name":"wp","href":"https:\/\/api.w.org\/{rel}","templated":true}]}}