{"id":57321,"date":"2026-03-26T07:15:14","date_gmt":"2026-03-26T06:15:14","guid":{"rendered":"https:\/\/spawlab.pl\/?post_type=product&#038;p=57321"},"modified":"2026-03-26T07:15:18","modified_gmt":"2026-03-26T06:15:18","slug":"spartus-ostrzaka-d40-do-elektrod-wolframowych","status":"publish","type":"product","link":"https:\/\/spawlab.pl\/en\/produkt\/spartus-ostrzaka-d40-do-elektrod-wolframowych\/","title":{"rendered":"Spartus Ostrza&#x142;ka D40 do elektrod wolframowych"},"content":{"rendered":"<p><![CDATA[ \n\n<h3><span style=\"color:#7f8c8d;\"><span style=\"font-size:26px;\">OSTRZA&#x141;KA R&#x118;CZNA SPARTUS&reg; D40 DO ELEKTROD WOLFRAMOWYCH<\/span><\/span>\n\n&#xD;\n<span style=\"font-size:20px;\">&ndash; MNIEJ STRAT WI&#x118;CEJ PRECYZJI&nbsp;<\/span><\/h3>\n\n<br \/>&#xD;\n<br \/>&#xD;\n\n\n<p><span style=\"font-size:18px;\"><img decoding=\"async\" alt=\"\" data-src=\"https:\/\/novweld24.pl\/\/upload\/getfile\/175552034\/sp147-00-400_art1-ek.png\" style=\"margin: 5px; float: left; height: 1472px; width: 35%;\" \/\" src=\"data:image\/svg+xml;base64,PHN2ZyB3aWR0aD0iMSIgaGVpZ2h0PSIxIiB4bWxucz0iaHR0cDovL3d3dy53My5vcmcvMjAwMC9zdmciPjwvc3ZnPg==\" class=\"lazyload\"><\/span><\/p>\n\n<br \/>&#xD;\n<br \/>&#xD;\n\n\n<p>&nbsp;<\/p>\n\n<br \/>&#xD;\n<br \/>&#xD;\n\n\n<h3>&nbsp;<\/h3>\n\n<br \/>&#xD;\n<br \/>&#xD;\n\n\n<h3>&nbsp;<\/h3>\n\n<br \/>&#xD;\n<br \/>&#xD;\n\n\n<h3><span style=\"font-size:18px;\">MOBILNO&#x15A;&#x106; I UNIWERSALNO&#x15A;&#x106;<\/span><\/h3>\n\n<br \/>&#xD;\n<br \/>&#xD;\n\n\n<p style=\"text-align: justify;\"><strong>Ostrza&#x142;ka r&#x119;czna SPARTUS&reg; D40 <\/strong>stanowi kluczowe narz&#x119;dzie dla profesjonalist&oacute;w spawaj&#x105;cych metod&#x105; TIG, gdzie precyzyjnie naostrzona elektroda ma zasadnicze znaczenie dla jako&#x15B;ci wykonywanych prac. Dzi&#x119;ki zasilaniu z sieci jednofazowej 230V, urz&#x105;dzenie jest mobilne i mo&#x17C;e by&#x107; wykorzystywane w dowolnym miejscu.&nbsp; &nbsp; &nbsp; <strong>&nbsp;&nbsp;<\/strong>\n\n&#xD;\n&nbsp;<\/p>\n\n<br \/>&#xD;\n<br \/>&#xD;\n\n\n<h3>&nbsp;<\/h3>\n\n<br \/>&#xD;\n<br \/>&#xD;\n\n\n<p>&nbsp;<\/p>\n\n<br \/>&#xD;\n<br \/>&#xD;\n\n\n<h3>&nbsp;<\/h3>\n\n<br \/>&#xD;\n<br \/>&#xD;\n\n\n<p>&nbsp;<\/p>\n\n<br \/>&#xD;\n<br \/>&#xD;\n\n\n<h3><span style=\"font-size:18px;\">EFEKTYWNO&#x15A;&#x106; I OSZCZ&#x118;DNO&#x15A;&#x106;<\/span><\/h3>\n\n<br \/>&#xD;\n<br \/>&#xD;\n\n\n<p><img decoding=\"async\" alt=\"\" data-src=\"https:\/\/novweld24.pl\/\/upload\/getfile\/844564715\/sp147-00-400_art2-ek.png\" style=\"margin: 10px; float: right; width: 35%; height: 294px;\" \/\" src=\"data:image\/svg+xml;base64,PHN2ZyB3aWR0aD0iMSIgaGVpZ2h0PSIxIiB4bWxucz0iaHR0cDovL3d3dy53My5vcmcvMjAwMC9zdmciPjwvc3ZnPg==\" class=\"lazyload\"><\/p>\n\n<br \/>&#xD;\n<br \/>&#xD;\n\n\n<p style=\"text-align: justify;\"><strong>SPARTUS&reg; D40 <\/strong>umo&#x17C;liwia ostrzenie elektrod o &#x15B;rednicy <strong>od 1.6 do 4 mm<\/strong> i regulacj&#x119; k&#x105;ta ostrzenia <strong>od 15 do 180 stopni<\/strong>, co zapewnia adaptacj&#x119; ostrza&#x142;ki do r&oacute;&#x17C;norodnych potrzeb spawalniczych. <strong>Regulowany poziom g&#x142;&#x119;boko&#x15B;ci<\/strong> ostrzenia znacznie redukuje zu&#x17C;ycie elektrod. Urz&#x105;dzenie umo&#x17C;liwia precyzyjne ostrzenie nawet bardzo kr&oacute;tkich <strong>elektrod o minimalnej d&#x142;ugo&#x15B;ci 15 mm<\/strong>, co maksymalizuje wykorzystanie materia&#x142;u.<\/p>\n\n<br \/>&#xD;\n<br \/>&#xD;\n\n\n<h3><span style=\"font-size:18px;\">CZYSTO&#x15A;&#x106; I BEZPIECZE&#x143;STWO<\/span><\/h3>\n\n<br \/>&#xD;\n<br \/>&#xD;\n\n\n<p style=\"text-align: justify;\">Specjalna komora ostrza&#x142;ki zapewnia czysto&#x15B;&#x107; pracy przez skuteczne zatrzymywanie py&#x142;&oacute;w wewn&#x105;trz urz&#x105;dzenia, co przyczynia si&#x119; do ochrony &#x15B;rodowiska pracy. Dodatkowo wbudowana podstawa umo&#x17C;liwiaj&#x105; zamocowanie ostrza&#x142;ki na sto&#x142;ach lub blatach, co zwi&#x119;ksza bezpiecze&#x144;stwo i stabilno&#x15B;&#x107; urz&#x105;dzenia.<\/p>\n\n<br \/>&#xD;\n<br \/>&#xD;\n\n\n<h3><span style=\"font-size:18px;\">WYDAJNO&#x15A;&#x106; PRACY<\/span><\/h3>\n\n<br \/>&#xD;\n<br \/>&#xD;\n\n\n<p style=\"text-align: justify;\">Szybkie i &#x142;atwe ostrzenie elektrody pozwala spawaczowi na b&#x142;yskawiczny powr&oacute;t do pracy z minimalnym przestojem.<\/p>\n\n<br \/>&#xD;\n<br \/>&#xD;\n\n\n<p style=\"text-align: justify;\"><strong>Ostrza&#x142;ka r&#x119;czna SPARTUS&reg; D40<\/strong> to idealne rozwi&#x105;zanie dla wszystkich wymagaj&#x105;cych u&#x17C;ytkownik&oacute;w ceni&#x105;cych sobie precyzj&#x119;, efektywno&#x15B;&#x107; i czysto&#x15B;&#x107; podczas procesu spawania.<\/p>\n\n<br \/> ]]><\/p>\n","protected":false},"excerpt":{"rendered":"<p> Ostrza&#x142;ka D40 do elektrod wolframowych <\/p>\n","protected":false},"featured_media":57322,"template":"","meta":{"inline_featured_image":false},"product_brand":[17523],"product_cat":[21888,21889,22057,81,17524,3342],"product_tag":[],"class_list":{"0":"post-57321","1":"product","2":"type-product","3":"status-publish","4":"has-post-thumbnail","6":"product_brand-spartus","7":"product_cat-akcesoria","8":"product_cat-ostrzaka-do-elektrod","9":"product_cat-ostrzaka-rczna-d40","10":"product_cat-akcesoria-czesci","11":"product_cat-spartus","12":"product_cat-strefa-marki","13":"pa_kt-szlifowania-15-180","14":"pa_moc-18413","15":"pa_napicie-zasilania-1-230v-10-50-60-hz","16":"pa_prdko-obrotowa-13-000-obr-min","17":"pa_rednica-tarczy-40-6-x-8-x-2-3mm","18":"pa_waga-ostrzaki-3kg","19":"pa_wymiary-ostrzaki-380-x-90-x-130mm","21":"first","22":"instock","23":"taxable","24":"shipping-taxable","25":"purchasable","26":"product-type-simple"},"yoast_head":"<!-- This site is optimized with the Yoast SEO Premium plugin v27.0 (Yoast SEO v27.3) - https:\/\/yoast.com\/product\/yoast-seo-premium-wordpress\/ -->\n<title>Spartus Ostrza&#x142;ka D40 do elektrod wolframowych - SpawLab - Welding equipment and plasma cutters - store and service<\/title>\n<meta name=\"description\" content=\"Lider sprzeda\u017cy, Oficjalny Dystrybutor Premium i Serwis na Polsk\u0119 Migatronic, Gys, Voestalpine Bohler Welding. Nowe i u\u017cywane Spawarki, Przecinarki Plazmowe, Kompresory. Mgr in\u017c. Jaros\u0142aw Ko\u0142aski, IWE\" \/>\n<meta name=\"robots\" content=\"index, follow, max-snippet:-1, max-image-preview:large, max-video-preview:-1\" \/>\n<link rel=\"canonical\" href=\"https:\/\/spawlab.pl\/en\/produkt\/spartus-ostrzaka-d40-do-elektrod-wolframowych\/\" \/>\n<meta property=\"og:locale\" content=\"en_US\" \/>\n<meta property=\"og:type\" content=\"article\" \/>\n<meta property=\"og:title\" content=\"Spartus Ostrza&#x142;ka D40 do elektrod wolframowych\" \/>\n<meta property=\"og:description\" content=\"Lider sprzeda\u017cy, Oficjalny Dystrybutor Premium i Serwis na Polsk\u0119 Migatronic, Gys, Voestalpine Bohler Welding. Nowe i u\u017cywane Spawarki, Przecinarki Plazmowe, Kompresory. Mgr in\u017c. Jaros\u0142aw Ko\u0142aski, IWE\" \/>\n<meta property=\"og:url\" content=\"https:\/\/spawlab.pl\/en\/produkt\/spartus-ostrzaka-d40-do-elektrod-wolframowych\/\" \/>\n<meta property=\"og:site_name\" content=\"SpawLab - Welding equipment and plasma cutters - store and service\" \/>\n<meta property=\"article:publisher\" content=\"https:\/\/www.facebook.com\/Spawlab\/\" \/>\n<meta property=\"article:modified_time\" content=\"2026-03-26T06:15:18+00:00\" \/>\n<meta property=\"og:image\" content=\"https:\/\/spawlab.pl\/wp-content\/uploads\/2025\/10\/sp147-00-400_1.jpg\" \/>\n\t<meta property=\"og:image:width\" content=\"1000\" \/>\n\t<meta property=\"og:image:height\" content=\"1000\" \/>\n\t<meta property=\"og:image:type\" content=\"image\/jpeg\" \/>\n<meta name=\"twitter:label1\" content=\"Price\" \/>\n\t<meta name=\"twitter:data1\" content=\"3 025,80&nbsp;&#122;&#322; (2 460,00&nbsp;&#122;&#322; netto)\" \/>\n\t<meta name=\"twitter:label2\" content=\"Availability\" \/>\n\t<meta name=\"twitter:data2\" content=\"In stock\" \/>\n<script type=\"application\/ld+json\" class=\"yoast-schema-graph\">{\"@context\":\"https:\\\/\\\/schema.org\",\"@graph\":[{\"@type\":[\"WebPage\",\"ItemPage\"],\"@id\":\"https:\\\/\\\/spawlab.pl\\\/en\\\/produkt\\\/spartus-ostrzaka-d40-do-elektrod-wolframowych\\\/\",\"url\":\"https:\\\/\\\/spawlab.pl\\\/en\\\/produkt\\\/spartus-ostrzaka-d40-do-elektrod-wolframowych\\\/\",\"name\":\"Spartus Ostrza&#x142;ka D40 do elektrod wolframowych - SpawLab - Welding equipment and plasma cutters - store and service\",\"isPartOf\":{\"@id\":\"https:\\\/\\\/spawlab.pl\\\/en\\\/#website\"},\"primaryImageOfPage\":{\"@id\":\"https:\\\/\\\/spawlab.pl\\\/en\\\/produkt\\\/spartus-ostrzaka-d40-do-elektrod-wolframowych\\\/#primaryimage\"},\"image\":{\"@id\":\"https:\\\/\\\/spawlab.pl\\\/en\\\/produkt\\\/spartus-ostrzaka-d40-do-elektrod-wolframowych\\\/#primaryimage\"},\"thumbnailUrl\":\"https:\\\/\\\/spawlab.pl\\\/wp-content\\\/uploads\\\/2025\\\/10\\\/sp147-00-400_1.jpg\",\"datePublished\":\"2026-03-26T06:15:14+00:00\",\"dateModified\":\"2026-03-26T06:15:18+00:00\",\"description\":\"Lider sprzeda\u017cy, Oficjalny Dystrybutor Premium i Serwis na Polsk\u0119 Migatronic, Gys, Voestalpine Bohler Welding. Nowe i u\u017cywane Spawarki, Przecinarki Plazmowe, Kompresory. Mgr in\u017c. Jaros\u0142aw Ko\u0142aski, IWE\",\"breadcrumb\":{\"@id\":\"https:\\\/\\\/spawlab.pl\\\/en\\\/produkt\\\/spartus-ostrzaka-d40-do-elektrod-wolframowych\\\/#breadcrumb\"},\"inLanguage\":\"en-US\",\"potentialAction\":[{\"@type\":\"ReadAction\",\"target\":[\"https:\\\/\\\/spawlab.pl\\\/en\\\/produkt\\\/spartus-ostrzaka-d40-do-elektrod-wolframowych\\\/\"]}]},{\"@type\":\"ImageObject\",\"inLanguage\":\"en-US\",\"@id\":\"https:\\\/\\\/spawlab.pl\\\/en\\\/produkt\\\/spartus-ostrzaka-d40-do-elektrod-wolframowych\\\/#primaryimage\",\"url\":\"https:\\\/\\\/spawlab.pl\\\/wp-content\\\/uploads\\\/2025\\\/10\\\/sp147-00-400_1.jpg\",\"contentUrl\":\"https:\\\/\\\/spawlab.pl\\\/wp-content\\\/uploads\\\/2025\\\/10\\\/sp147-00-400_1.jpg\",\"width\":1000,\"height\":1000},{\"@type\":\"BreadcrumbList\",\"@id\":\"https:\\\/\\\/spawlab.pl\\\/en\\\/produkt\\\/spartus-ostrzaka-d40-do-elektrod-wolframowych\\\/#breadcrumb\",\"itemListElement\":[{\"@type\":\"ListItem\",\"position\":1,\"name\":\"Strona g\u0142\u00f3wna\",\"item\":\"https:\\\/\\\/spawlab.pl\\\/en\\\/\"},{\"@type\":\"ListItem\",\"position\":2,\"name\":\"Store\",\"item\":\"https:\\\/\\\/spawlab.pl\\\/en\\\/shop\\\/\"},{\"@type\":\"ListItem\",\"position\":3,\"name\":\"Spartus Ostrza&#x142;ka D40 do elektrod wolframowych\"}]},{\"@type\":\"WebSite\",\"@id\":\"https:\\\/\\\/spawlab.pl\\\/en\\\/#website\",\"url\":\"https:\\\/\\\/spawlab.pl\\\/en\\\/\",\"name\":\"Spawlab.pl Lider - Spawarki, Przecinarki Plazmowe, Kompresory\",\"description\":\"Urz\u0105dzenia spawalnicze i Przecinarki plazmowe\\\/ nowe i u\u017cywane \\\/ Profesjonalny serwis\",\"publisher\":{\"@id\":\"https:\\\/\\\/spawlab.pl\\\/en\\\/#organization\"},\"alternateName\":\"Spawlab.pl - Dystrybutor Premium i Serwis na Polske Migatronic, Gys, Voestalpine Bohler Welding\",\"potentialAction\":[{\"@type\":\"SearchAction\",\"target\":{\"@type\":\"EntryPoint\",\"urlTemplate\":\"https:\\\/\\\/spawlab.pl\\\/en\\\/?s={search_term_string}\"},\"query-input\":{\"@type\":\"PropertyValueSpecification\",\"valueRequired\":true,\"valueName\":\"search_term_string\"}}],\"inLanguage\":\"en-US\"},{\"@type\":[\"Organization\",\"Place\"],\"@id\":\"https:\\\/\\\/spawlab.pl\\\/en\\\/#organization\",\"name\":\"Spawlab.pl\",\"url\":\"https:\\\/\\\/spawlab.pl\\\/en\\\/\",\"logo\":{\"@id\":\"https:\\\/\\\/spawlab.pl\\\/en\\\/produkt\\\/spartus-ostrzaka-d40-do-elektrod-wolframowych\\\/#local-main-organization-logo\"},\"image\":{\"@id\":\"https:\\\/\\\/spawlab.pl\\\/en\\\/produkt\\\/spartus-ostrzaka-d40-do-elektrod-wolframowych\\\/#local-main-organization-logo\"},\"sameAs\":[\"https:\\\/\\\/www.facebook.com\\\/Spawlab\\\/\",\"https:\\\/\\\/www.linkedin.com\\\/company\\\/spawlab\",\"https:\\\/\\\/www.instagram.com\\\/spawlab.pl\",\"https:\\\/\\\/www.tiktok.com\\\/@spawlab\"],\"description\":\"Lider sprzeda\u017cy, Oficjalny Dystrybutor Premium i Serwis na Polsk\u0119 Migatronic, Gys, Voestalpine Bohler Welding. Nowe i u\u017cywane Spawarki, Przecinarki Plazmowe, Kompresory. Mgr in\u017c. Jaros\u0142aw Ko\u0142aski, IWE\",\"hasMerchantReturnPolicy\":{\"@type\":\"MerchantReturnPolicy\",\"merchantReturnLink\":\"https:\\\/\\\/spawlab.pl\\\/polityka-prywatnosci-2\\\/\"},\"telephone\":[],\"openingHoursSpecification\":[{\"@type\":\"OpeningHoursSpecification\",\"dayOfWeek\":[\"Monday\",\"Tuesday\",\"Wednesday\",\"Thursday\",\"Friday\",\"Saturday\",\"Sunday\"],\"opens\":\"09:00\",\"closes\":\"17:00\"}]},{\"@type\":\"ImageObject\",\"inLanguage\":\"en-US\",\"@id\":\"https:\\\/\\\/spawlab.pl\\\/en\\\/produkt\\\/spartus-ostrzaka-d40-do-elektrod-wolframowych\\\/#local-main-organization-logo\",\"url\":\"https:\\\/\\\/spawlab.pl\\\/wp-content\\\/uploads\\\/2022\\\/01\\\/olx.jpg\",\"contentUrl\":\"https:\\\/\\\/spawlab.pl\\\/wp-content\\\/uploads\\\/2022\\\/01\\\/olx.jpg\",\"width\":200,\"height\":200,\"caption\":\"Spawlab.pl\"}]}<\/script>\n<meta property=\"product:price:amount\" content=\"3025.80\" \/>\n<meta property=\"product:price:currency\" content=\"PLN\" \/>\n<meta property=\"og:availability\" content=\"instock\" \/>\n<meta property=\"product:availability\" content=\"instock\" \/>\n<meta property=\"product:retailer_item_id\" content=\"SP147-00-400\" \/>\n<meta property=\"product:condition\" content=\"new\" \/>\n<!-- \/ Yoast SEO Premium plugin. -->","yoast_head_json":{"title":"Spartus Ostrza&#x142;ka D40 do elektrod wolframowych - SpawLab - Welding equipment and plasma cutters - store and service","description":"Lider sprzeda\u017cy, Oficjalny Dystrybutor Premium i Serwis na Polsk\u0119 Migatronic, Gys, Voestalpine Bohler Welding. Nowe i u\u017cywane Spawarki, Przecinarki Plazmowe, Kompresory. Mgr in\u017c. Jaros\u0142aw Ko\u0142aski, IWE","robots":{"index":"index","follow":"follow","max-snippet":"max-snippet:-1","max-image-preview":"max-image-preview:large","max-video-preview":"max-video-preview:-1"},"canonical":"https:\/\/spawlab.pl\/en\/produkt\/spartus-ostrzaka-d40-do-elektrod-wolframowych\/","og_locale":"en_US","og_type":"article","og_title":"Spartus Ostrza&#x142;ka D40 do elektrod wolframowych","og_description":"Lider sprzeda\u017cy, Oficjalny Dystrybutor Premium i Serwis na Polsk\u0119 Migatronic, Gys, Voestalpine Bohler Welding. Nowe i u\u017cywane Spawarki, Przecinarki Plazmowe, Kompresory. Mgr in\u017c. Jaros\u0142aw Ko\u0142aski, IWE","og_url":"https:\/\/spawlab.pl\/en\/produkt\/spartus-ostrzaka-d40-do-elektrod-wolframowych\/","og_site_name":"SpawLab - Welding equipment and plasma cutters - store and service","article_publisher":"https:\/\/www.facebook.com\/Spawlab\/","article_modified_time":"2026-03-26T06:15:18+00:00","og_image":[{"width":1000,"height":1000,"url":"https:\/\/spawlab.pl\/wp-content\/uploads\/2025\/10\/sp147-00-400_1.jpg","type":"image\/jpeg"}],"twitter_misc":{"Price":"3 025,80&nbsp;&#122;&#322; (2 460,00&nbsp;&#122;&#322; netto)","Availability":"In stock"},"schema":{"@context":"https:\/\/schema.org","@graph":[{"@type":["WebPage","ItemPage"],"@id":"https:\/\/spawlab.pl\/en\/produkt\/spartus-ostrzaka-d40-do-elektrod-wolframowych\/","url":"https:\/\/spawlab.pl\/en\/produkt\/spartus-ostrzaka-d40-do-elektrod-wolframowych\/","name":"Spartus Ostrza&#x142;ka D40 do elektrod wolframowych - SpawLab - Welding equipment and plasma cutters - store and service","isPartOf":{"@id":"https:\/\/spawlab.pl\/en\/#website"},"primaryImageOfPage":{"@id":"https:\/\/spawlab.pl\/en\/produkt\/spartus-ostrzaka-d40-do-elektrod-wolframowych\/#primaryimage"},"image":{"@id":"https:\/\/spawlab.pl\/en\/produkt\/spartus-ostrzaka-d40-do-elektrod-wolframowych\/#primaryimage"},"thumbnailUrl":"https:\/\/spawlab.pl\/wp-content\/uploads\/2025\/10\/sp147-00-400_1.jpg","datePublished":"2026-03-26T06:15:14+00:00","dateModified":"2026-03-26T06:15:18+00:00","description":"Lider sprzeda\u017cy, Oficjalny Dystrybutor Premium i Serwis na Polsk\u0119 Migatronic, Gys, Voestalpine Bohler Welding. Nowe i u\u017cywane Spawarki, Przecinarki Plazmowe, Kompresory. Mgr in\u017c. Jaros\u0142aw Ko\u0142aski, IWE","breadcrumb":{"@id":"https:\/\/spawlab.pl\/en\/produkt\/spartus-ostrzaka-d40-do-elektrod-wolframowych\/#breadcrumb"},"inLanguage":"en-US","potentialAction":[{"@type":"ReadAction","target":["https:\/\/spawlab.pl\/en\/produkt\/spartus-ostrzaka-d40-do-elektrod-wolframowych\/"]}]},{"@type":"ImageObject","inLanguage":"en-US","@id":"https:\/\/spawlab.pl\/en\/produkt\/spartus-ostrzaka-d40-do-elektrod-wolframowych\/#primaryimage","url":"https:\/\/spawlab.pl\/wp-content\/uploads\/2025\/10\/sp147-00-400_1.jpg","contentUrl":"https:\/\/spawlab.pl\/wp-content\/uploads\/2025\/10\/sp147-00-400_1.jpg","width":1000,"height":1000},{"@type":"BreadcrumbList","@id":"https:\/\/spawlab.pl\/en\/produkt\/spartus-ostrzaka-d40-do-elektrod-wolframowych\/#breadcrumb","itemListElement":[{"@type":"ListItem","position":1,"name":"Strona g\u0142\u00f3wna","item":"https:\/\/spawlab.pl\/en\/"},{"@type":"ListItem","position":2,"name":"Store","item":"https:\/\/spawlab.pl\/en\/shop\/"},{"@type":"ListItem","position":3,"name":"Spartus Ostrza&#x142;ka D40 do elektrod wolframowych"}]},{"@type":"WebSite","@id":"https:\/\/spawlab.pl\/en\/#website","url":"https:\/\/spawlab.pl\/en\/","name":"Spawlab.pl Lider - Spawarki, Przecinarki Plazmowe, Kompresory","description":"Urz\u0105dzenia spawalnicze i Przecinarki plazmowe\/ nowe i u\u017cywane \/ Profesjonalny serwis","publisher":{"@id":"https:\/\/spawlab.pl\/en\/#organization"},"alternateName":"Spawlab.pl - Dystrybutor Premium i Serwis na Polske Migatronic, Gys, Voestalpine Bohler Welding","potentialAction":[{"@type":"SearchAction","target":{"@type":"EntryPoint","urlTemplate":"https:\/\/spawlab.pl\/en\/?s={search_term_string}"},"query-input":{"@type":"PropertyValueSpecification","valueRequired":true,"valueName":"search_term_string"}}],"inLanguage":"en-US"},{"@type":["Organization","Place"],"@id":"https:\/\/spawlab.pl\/en\/#organization","name":"Spawlab.pl","url":"https:\/\/spawlab.pl\/en\/","logo":{"@id":"https:\/\/spawlab.pl\/en\/produkt\/spartus-ostrzaka-d40-do-elektrod-wolframowych\/#local-main-organization-logo"},"image":{"@id":"https:\/\/spawlab.pl\/en\/produkt\/spartus-ostrzaka-d40-do-elektrod-wolframowych\/#local-main-organization-logo"},"sameAs":["https:\/\/www.facebook.com\/Spawlab\/","https:\/\/www.linkedin.com\/company\/spawlab","https:\/\/www.instagram.com\/spawlab.pl","https:\/\/www.tiktok.com\/@spawlab"],"description":"Lider sprzeda\u017cy, Oficjalny Dystrybutor Premium i Serwis na Polsk\u0119 Migatronic, Gys, Voestalpine Bohler Welding. Nowe i u\u017cywane Spawarki, Przecinarki Plazmowe, Kompresory. Mgr in\u017c. Jaros\u0142aw Ko\u0142aski, IWE","hasMerchantReturnPolicy":{"@type":"MerchantReturnPolicy","merchantReturnLink":"https:\/\/spawlab.pl\/polityka-prywatnosci-2\/"},"telephone":[],"openingHoursSpecification":[{"@type":"OpeningHoursSpecification","dayOfWeek":["Monday","Tuesday","Wednesday","Thursday","Friday","Saturday","Sunday"],"opens":"09:00","closes":"17:00"}]},{"@type":"ImageObject","inLanguage":"en-US","@id":"https:\/\/spawlab.pl\/en\/produkt\/spartus-ostrzaka-d40-do-elektrod-wolframowych\/#local-main-organization-logo","url":"https:\/\/spawlab.pl\/wp-content\/uploads\/2022\/01\/olx.jpg","contentUrl":"https:\/\/spawlab.pl\/wp-content\/uploads\/2022\/01\/olx.jpg","width":200,"height":200,"caption":"Spawlab.pl"}]},"product_price_amount":"3025.80","product_price_currency":"PLN","og_availability":"instock","product_availability":"instock","product_retailer_item_id":"SP147-00-400","product_condition":"new"},"_links":{"self":[{"href":"https:\/\/spawlab.pl\/en\/wp-json\/wp\/v2\/product\/57321","targetHints":{"allow":["GET"]}}],"collection":[{"href":"https:\/\/spawlab.pl\/en\/wp-json\/wp\/v2\/product"}],"about":[{"href":"https:\/\/spawlab.pl\/en\/wp-json\/wp\/v2\/types\/product"}],"wp:featuredmedia":[{"embeddable":true,"href":"https:\/\/spawlab.pl\/en\/wp-json\/wp\/v2\/media\/57322"}],"wp:attachment":[{"href":"https:\/\/spawlab.pl\/en\/wp-json\/wp\/v2\/media?parent=57321"}],"wp:term":[{"taxonomy":"product_brand","embeddable":true,"href":"https:\/\/spawlab.pl\/en\/wp-json\/wp\/v2\/product_brand?post=57321"},{"taxonomy":"product_cat","embeddable":true,"href":"https:\/\/spawlab.pl\/en\/wp-json\/wp\/v2\/product_cat?post=57321"},{"taxonomy":"product_tag","embeddable":true,"href":"https:\/\/spawlab.pl\/en\/wp-json\/wp\/v2\/product_tag?post=57321"}],"curies":[{"name":"wp","href":"https:\/\/api.w.org\/{rel}","templated":true}]}}