{"id":57498,"date":"2026-03-14T13:45:47","date_gmt":"2026-03-14T12:45:47","guid":{"rendered":"https:\/\/spawlab.pl\/?post_type=product&#038;p=57498"},"modified":"2026-03-14T13:45:48","modified_gmt":"2026-03-14T12:45:48","slug":"spartus-easycut-40s-compressor-wbudowany-kompresor-pakiet","status":"publish","type":"product","link":"https:\/\/spawlab.pl\/en\/produkt\/spartus-easycut-40s-compressor-wbudowany-kompresor-pakiet\/","title":{"rendered":"Spartus EasyCUT 40s Compressor [wbudowany kompresor] pakiet"},"content":{"rendered":"<p><![CDATA[ \n\n<h3><span style=\"font-size:26px; color:#3498db;\">SPARTUS&reg; EasyCUT 40s Compressor<\/span> &ndash; <span style=\"font-size:20px;\">Niewielka Przecinarka Plazmowa z Wbudowanym Kompresorem<\/span><\/h3>\n\n<br \/>&#xD;\n<br \/>&#xD;\n\n\n<p style=\"text-align: justify;\"><strong>SPARTUS&reg; EasyCUT 40s Compressor <\/strong>to kompaktowa inwertorowa przecinarka plazmowa, stworzona do ci&#x119;cia metali oraz wszelkich materia&#x142;&oacute;w przewodz&#x105;cych pr&#x105;d elektryczny, &#x142;&#x105;cz&#x105;ca w sobie&nbsp;nowoczesne technologie z lekk&#x105; i por&#x119;czn&#x105; konstrukcj&#x105;. Zasilana jest z sieci jednofazowej 230V.&nbsp;<strong>SPARTUS&reg; EasyCUT 40s Compressor <\/strong>funkcjonuje zar&oacute;wno jako przecinarka plazmowa, jak i spawarka elektrodowa.\n\n&#xD;\n<span style=\"font-size:20px;\"><img decoding=\"async\" alt=\"\" src=\"https:\/\/novweld24.pl\/\/upload\/getfile\/655543741\/EasyCUT 40s compressor_do akt.png\" style=\"float: right; width: 40%; height: 40px;\" \/\"><\/span><\/p>\n\n<br \/>&#xD;\n<br \/>&#xD;\n\n\n<h3><span style=\"font-size:20px;\">CI&#x118;CIE PLAZMOWE&nbsp;<\/span><\/h3>\n\n<br \/>&#xD;\n<br \/>&#xD;\n\n\n<p style=\"text-align: justify;\"><strong>EasyCUT 40s Compressor<\/strong>&nbsp;umo&#x17C;liwia regulacj&#x119; pr&#x105;du ci&#x119;cia w zakresie 20 &#8211; 40A,&nbsp;idealne dopasowuj&#x105;c si&#x119;&nbsp;do&nbsp;potrzeb u&#x17C;ytkownika.&nbsp;Maksymalna grubo&#x15B;&#x107; ci&#x119;tego materia&#x142;u wynosi 20mm. Urz&#x105;dzenie posiada dwa tryby pracy mikrowy&#x142;&#x105;cznika 2T\/4T, regulacj&#x119; post gaz. Wbudowany system bezstykowej inicjacji &#x142;uku pilota&#x17C;owego bez HF,&nbsp;zapewnia doskona&#x142;&#x105; jako&#x15B;&#x107; i wyd&#x142;u&#x17C;on&#x105; &#x17C;ywotno&#x15B;&#x107; cz&#x119;&#x15B;ci eksploatacyjnych.\n\n&#xD;\n<strong>Zintegrowany wewn&#x119;trzny kompresor<\/strong>&nbsp;dostarcza spr&#x119;&#x17C;one powietrze niezb&#x119;dne do wytworzenia &#x142;uku plazmowego, umo&#x17C;liwiaj&#x105;c prac&#x119; w terenie. Przycisk na przednim panelu umo&#x17C;liwia &#x142;atw&#x105; zmian&#x119; &#x17A;r&oacute;d&#x142;a zasilania spr&#x119;&#x17C;onym powietrzem.\n\n&#xD;\nPrzecinarka posiada 2 tryby pracy:&nbsp;<\/p>\n\n<br \/>&#xD;\n<br \/>&#xD;\n\n\n<ul>&#xD;\n\t\n\n<li style=\"text-align: justify;\"><strong>CI&#x118;CIE STANDARDOWE<\/strong>&nbsp;to podstawowy tryb, w kt&oacute;rym strumie&#x144; plazmy przecina materia&#x142; w spos&oacute;b ci&#x105;g&#x142;y, umo&#x17C;liwiaj&#x105;c szybkie i precyzyjne ci&#x119;cie metalu lub innych materia&#x142;&oacute;w przewodz&#x105;cych pr&#x105;d na zadany kszta&#x142;t i wymiar. Jest to najcz&#x119;&#x15B;ciej wybierana opcja do prac wymagaj&#x105;cych g&#x142;adkich i r&oacute;wnych kraw&#x119;dzi ci&#x119;cia.\n\n&#xD;\n\t&nbsp;<\/li>\n\n<br \/>&#xD;\n\t\n\n<li style=\"text-align: justify;\"><strong>CI&#x118;CIE PRZERYWANE<\/strong>&nbsp;to specjalistyczny tryb pracy, kt&oacute;ry jest szczeg&oacute;lnie przydatny przy ci&#x119;ciu materia&#x142;&oacute;w o nieregularnej powierzchni, takich jak siatka. Dzi&#x119;ki tej funkcji przecinarka jest w stanie utrzyma&#x107; stabilny &#x142;uk plazmowy nawet w przypadku przerw w kontakcie z materia&#x142;em. Pozwala to na ci&#x105;g&#x142;e ci&#x119;cie bez konieczno&#x15B;ci r&#x119;cznego ponownego uruchamiania &#x142;uku przy ka&#x17C;dej przerwie, co jest typowym wyzwaniem przy obr&oacute;bce siatek i innych podobnych materia&#x142;&oacute;w. U&#x17C;ycie trybu ci&#x119;cia przerywanego znacznie u&#x142;atwia i przyspiesza proces ci&#x119;cia, jednocze&#x15B;nie minimalizuj&#x105;c ryzyko uszkodzenia urz&#x105;dzenia przez cz&#x119;ste zaniki i wznowienia &#x142;uku. To rozwi&#x105;zanie znacz&#x105;co zwi&#x119;ksza wydajno&#x15B;&#x107; pracy, umo&#x17C;liwiaj&#x105;c p&#x142;ynne i efektywne ci&#x119;cie nawet w przypadku skomplikowanych i wymagaj&#x105;cych zada&#x144;.<\/li>\n\n<br \/>&#xD;\n<\/ul>\n\n<br \/>&#xD;\n<br \/>&#xD;\n\n\n<h3><span style=\"font-size:20px;\">SPAWANIE<\/span><\/h3>\n\n<br \/>&#xD;\n<br \/>&#xD;\n\n\n<p style=\"text-align: justify;\"><strong>EasyCUT 40s Compressor<\/strong> umo&#x17C;liwia spawanie elektrod&#x105; otulon&#x105;. Spawanie MMA jest szeroko stosowane w r&oacute;&#x17C;nych warunkach, idealne do stali i &#x17C;eliwa. Regulacja pr&#x105;du spawania w&nbsp;<strong>EasyCUT 40s Compressor<\/strong> mie&#x15B;ci si&#x119; w&nbsp;zakresie od 30&nbsp;do 140A, co pozwala elastycznie dostosowa&#x107; parametry do r&oacute;&#x17C;norodnych zada&#x144; spawalniczych.&nbsp;Urz&#x105;dzenie posiada r&oacute;wnie&#x17C; funkcje wspieraj&#x105;ce proces&nbsp;spawania&nbsp;MMA, takie jak <strong>HOT START, ARC FORCE i VRD<\/strong>.<\/p>\n\n<br \/>&#xD;\n<br \/>&#xD;\n\n\n<p style=\"text-align: justify;\">Przyk&#x142;adowe zastosowania: prace warsztatowe, prace remontowe w terenie, produkcja.<\/p>\n\n<br \/>&#xD;\n<br \/>&#xD;\n\n\n<p style=\"text-align: justify;\"><strong>SPARTUS&reg; EasyCUT 40s Compressor<\/strong> to idealne rozwi&#x105;zanie dla u&#x17C;ytkownik&oacute;w ceni&#x105;cych sobie mobilno&#x15B;&#x107; i niezawodno&#x15B;&#x107;.<\/p>\n\n<br \/> ]]><\/p>\n","protected":false},"excerpt":{"rendered":"<p> EasyCUT 40s Compressor [wbudowany kompresor] pakiet <\/p>\n","protected":false},"featured_media":57499,"template":"","meta":{"inline_featured_image":false},"product_brand":[17523],"product_cat":[81,21971,17524,3342,21895],"product_tag":[],"class_list":{"0":"post-57498","1":"product","2":"type-product","3":"status-publish","4":"has-post-thumbnail","6":"product_brand-spartus","7":"product_cat-akcesoria-czesci","8":"product_cat-plazma","9":"product_cat-spartus","10":"product_cat-strefa-marki","11":"product_cat-urzdzenia","12":"pa_cykl-pracy-17941","13":"pa_maks-grubo-cicia-20mm","14":"pa_napicie-wyjciowe-pracy-88-96v","15":"pa_napicie-zasilania-1-230v-10-50-60-hz","16":"pa_post-gaz-17904","17":"pa_prd-spawania-mma-30-140a","18":"pa_wspczynnik-mocy-cos-0-68","19":"pa_zajarzenie-uku-bez-hf","20":"pa_zalecane-cinienie-robocze-3-4-5bar","22":"first","23":"outofstock","24":"taxable","25":"shipping-taxable","26":"purchasable","27":"product-type-simple"},"yoast_head":"<!-- This site is optimized with the Yoast SEO Premium plugin v27.0 (Yoast SEO v27.3) - https:\/\/yoast.com\/product\/yoast-seo-premium-wordpress\/ -->\n<title>Spartus EasyCUT 40s Compressor [wbudowany kompresor] pakiet - SpawLab - Welding equipment and plasma cutters - store and service<\/title>\n<meta name=\"description\" content=\"Lider sprzeda\u017cy, Oficjalny Dystrybutor Premium i Serwis na Polsk\u0119 Migatronic, Gys, Voestalpine Bohler Welding. Nowe i u\u017cywane Spawarki, Przecinarki Plazmowe, Kompresory. Mgr in\u017c. Jaros\u0142aw Ko\u0142aski, IWE\" \/>\n<meta name=\"robots\" content=\"index, follow, max-snippet:-1, max-image-preview:large, max-video-preview:-1\" \/>\n<link rel=\"canonical\" href=\"https:\/\/spawlab.pl\/en\/produkt\/spartus-easycut-40s-compressor-wbudowany-kompresor-pakiet\/\" \/>\n<meta property=\"og:locale\" content=\"en_US\" \/>\n<meta property=\"og:type\" content=\"article\" \/>\n<meta property=\"og:title\" content=\"Spartus EasyCUT 40s Compressor [wbudowany kompresor] pakiet\" \/>\n<meta property=\"og:description\" content=\"Lider sprzeda\u017cy, Oficjalny Dystrybutor Premium i Serwis na Polsk\u0119 Migatronic, Gys, Voestalpine Bohler Welding. Nowe i u\u017cywane Spawarki, Przecinarki Plazmowe, Kompresory. Mgr in\u017c. Jaros\u0142aw Ko\u0142aski, IWE\" \/>\n<meta property=\"og:url\" content=\"https:\/\/spawlab.pl\/en\/produkt\/spartus-easycut-40s-compressor-wbudowany-kompresor-pakiet\/\" \/>\n<meta property=\"og:site_name\" content=\"SpawLab - Welding equipment and plasma cutters - store and service\" \/>\n<meta property=\"article:publisher\" content=\"https:\/\/www.facebook.com\/Spawlab\/\" \/>\n<meta property=\"article:modified_time\" content=\"2026-03-14T12:45:48+00:00\" \/>\n<meta property=\"og:image\" content=\"https:\/\/spawlab.pl\/wp-content\/uploads\/2025\/10\/easycut40scom-pak-45h-4_1_c.jpg\" \/>\n\t<meta property=\"og:image:width\" content=\"1000\" \/>\n\t<meta property=\"og:image:height\" content=\"1000\" \/>\n\t<meta property=\"og:image:type\" content=\"image\/jpeg\" \/>\n<meta name=\"twitter:label1\" content=\"Price\" \/>\n\t<meta name=\"twitter:data1\" content=\"2 680,17&nbsp;&#122;&#322; (2 179,00&nbsp;&#122;&#322; netto)\" \/>\n\t<meta name=\"twitter:label2\" content=\"Availability\" \/>\n\t<meta name=\"twitter:data2\" content=\"Out of stock\" \/>\n<script type=\"application\/ld+json\" class=\"yoast-schema-graph\">{\"@context\":\"https:\\\/\\\/schema.org\",\"@graph\":[{\"@type\":[\"WebPage\",\"ItemPage\"],\"@id\":\"https:\\\/\\\/spawlab.pl\\\/en\\\/produkt\\\/spartus-easycut-40s-compressor-wbudowany-kompresor-pakiet\\\/\",\"url\":\"https:\\\/\\\/spawlab.pl\\\/en\\\/produkt\\\/spartus-easycut-40s-compressor-wbudowany-kompresor-pakiet\\\/\",\"name\":\"Spartus EasyCUT 40s Compressor [wbudowany kompresor] pakiet - SpawLab - Welding equipment and plasma cutters - store and service\",\"isPartOf\":{\"@id\":\"https:\\\/\\\/spawlab.pl\\\/en\\\/#website\"},\"primaryImageOfPage\":{\"@id\":\"https:\\\/\\\/spawlab.pl\\\/en\\\/produkt\\\/spartus-easycut-40s-compressor-wbudowany-kompresor-pakiet\\\/#primaryimage\"},\"image\":{\"@id\":\"https:\\\/\\\/spawlab.pl\\\/en\\\/produkt\\\/spartus-easycut-40s-compressor-wbudowany-kompresor-pakiet\\\/#primaryimage\"},\"thumbnailUrl\":\"https:\\\/\\\/spawlab.pl\\\/wp-content\\\/uploads\\\/2025\\\/10\\\/easycut40scom-pak-45h-4_1_c.jpg\",\"datePublished\":\"2026-03-14T12:45:47+00:00\",\"dateModified\":\"2026-03-14T12:45:48+00:00\",\"description\":\"Lider sprzeda\u017cy, Oficjalny Dystrybutor Premium i Serwis na Polsk\u0119 Migatronic, Gys, Voestalpine Bohler Welding. Nowe i u\u017cywane Spawarki, Przecinarki Plazmowe, Kompresory. Mgr in\u017c. Jaros\u0142aw Ko\u0142aski, IWE\",\"breadcrumb\":{\"@id\":\"https:\\\/\\\/spawlab.pl\\\/en\\\/produkt\\\/spartus-easycut-40s-compressor-wbudowany-kompresor-pakiet\\\/#breadcrumb\"},\"inLanguage\":\"en-US\",\"potentialAction\":[{\"@type\":\"ReadAction\",\"target\":[\"https:\\\/\\\/spawlab.pl\\\/en\\\/produkt\\\/spartus-easycut-40s-compressor-wbudowany-kompresor-pakiet\\\/\"]}]},{\"@type\":\"ImageObject\",\"inLanguage\":\"en-US\",\"@id\":\"https:\\\/\\\/spawlab.pl\\\/en\\\/produkt\\\/spartus-easycut-40s-compressor-wbudowany-kompresor-pakiet\\\/#primaryimage\",\"url\":\"https:\\\/\\\/spawlab.pl\\\/wp-content\\\/uploads\\\/2025\\\/10\\\/easycut40scom-pak-45h-4_1_c.jpg\",\"contentUrl\":\"https:\\\/\\\/spawlab.pl\\\/wp-content\\\/uploads\\\/2025\\\/10\\\/easycut40scom-pak-45h-4_1_c.jpg\",\"width\":1000,\"height\":1000},{\"@type\":\"BreadcrumbList\",\"@id\":\"https:\\\/\\\/spawlab.pl\\\/en\\\/produkt\\\/spartus-easycut-40s-compressor-wbudowany-kompresor-pakiet\\\/#breadcrumb\",\"itemListElement\":[{\"@type\":\"ListItem\",\"position\":1,\"name\":\"Strona g\u0142\u00f3wna\",\"item\":\"https:\\\/\\\/spawlab.pl\\\/en\\\/\"},{\"@type\":\"ListItem\",\"position\":2,\"name\":\"Store\",\"item\":\"https:\\\/\\\/spawlab.pl\\\/en\\\/shop\\\/\"},{\"@type\":\"ListItem\",\"position\":3,\"name\":\"Spartus EasyCUT 40s Compressor [wbudowany kompresor] pakiet\"}]},{\"@type\":\"WebSite\",\"@id\":\"https:\\\/\\\/spawlab.pl\\\/en\\\/#website\",\"url\":\"https:\\\/\\\/spawlab.pl\\\/en\\\/\",\"name\":\"Spawlab.pl Lider - Spawarki, Przecinarki Plazmowe, Kompresory\",\"description\":\"Urz\u0105dzenia spawalnicze i Przecinarki plazmowe\\\/ nowe i u\u017cywane \\\/ Profesjonalny serwis\",\"publisher\":{\"@id\":\"https:\\\/\\\/spawlab.pl\\\/en\\\/#organization\"},\"alternateName\":\"Spawlab.pl - Dystrybutor Premium i Serwis na Polske Migatronic, Gys, Voestalpine Bohler Welding\",\"potentialAction\":[{\"@type\":\"SearchAction\",\"target\":{\"@type\":\"EntryPoint\",\"urlTemplate\":\"https:\\\/\\\/spawlab.pl\\\/en\\\/?s={search_term_string}\"},\"query-input\":{\"@type\":\"PropertyValueSpecification\",\"valueRequired\":true,\"valueName\":\"search_term_string\"}}],\"inLanguage\":\"en-US\"},{\"@type\":[\"Organization\",\"Place\"],\"@id\":\"https:\\\/\\\/spawlab.pl\\\/en\\\/#organization\",\"name\":\"Spawlab.pl\",\"url\":\"https:\\\/\\\/spawlab.pl\\\/en\\\/\",\"logo\":{\"@id\":\"https:\\\/\\\/spawlab.pl\\\/en\\\/produkt\\\/spartus-easycut-40s-compressor-wbudowany-kompresor-pakiet\\\/#local-main-organization-logo\"},\"image\":{\"@id\":\"https:\\\/\\\/spawlab.pl\\\/en\\\/produkt\\\/spartus-easycut-40s-compressor-wbudowany-kompresor-pakiet\\\/#local-main-organization-logo\"},\"sameAs\":[\"https:\\\/\\\/www.facebook.com\\\/Spawlab\\\/\",\"https:\\\/\\\/www.linkedin.com\\\/company\\\/spawlab\",\"https:\\\/\\\/www.instagram.com\\\/spawlab.pl\",\"https:\\\/\\\/www.tiktok.com\\\/@spawlab\"],\"description\":\"Lider sprzeda\u017cy, Oficjalny Dystrybutor Premium i Serwis na Polsk\u0119 Migatronic, Gys, Voestalpine Bohler Welding. Nowe i u\u017cywane Spawarki, Przecinarki Plazmowe, Kompresory. Mgr in\u017c. Jaros\u0142aw Ko\u0142aski, IWE\",\"hasMerchantReturnPolicy\":{\"@type\":\"MerchantReturnPolicy\",\"merchantReturnLink\":\"https:\\\/\\\/spawlab.pl\\\/polityka-prywatnosci-2\\\/\"},\"telephone\":[],\"openingHoursSpecification\":[{\"@type\":\"OpeningHoursSpecification\",\"dayOfWeek\":[\"Monday\",\"Tuesday\",\"Wednesday\",\"Thursday\",\"Friday\",\"Saturday\",\"Sunday\"],\"opens\":\"09:00\",\"closes\":\"17:00\"}]},{\"@type\":\"ImageObject\",\"inLanguage\":\"en-US\",\"@id\":\"https:\\\/\\\/spawlab.pl\\\/en\\\/produkt\\\/spartus-easycut-40s-compressor-wbudowany-kompresor-pakiet\\\/#local-main-organization-logo\",\"url\":\"https:\\\/\\\/spawlab.pl\\\/wp-content\\\/uploads\\\/2022\\\/01\\\/olx.jpg\",\"contentUrl\":\"https:\\\/\\\/spawlab.pl\\\/wp-content\\\/uploads\\\/2022\\\/01\\\/olx.jpg\",\"width\":200,\"height\":200,\"caption\":\"Spawlab.pl\"}]}<\/script>\n<meta property=\"product:price:amount\" content=\"2680.17\" \/>\n<meta property=\"product:price:currency\" content=\"PLN\" \/>\n<meta property=\"og:availability\" content=\"out of stock\" \/>\n<meta property=\"product:availability\" content=\"out of stock\" \/>\n<meta property=\"product:retailer_item_id\" content=\"EASYCUT40SCOM-PAK-45H-4\" \/>\n<meta property=\"product:condition\" content=\"new\" \/>\n<!-- \/ Yoast SEO Premium plugin. -->","yoast_head_json":{"title":"Spartus EasyCUT 40s Compressor [wbudowany kompresor] pakiet - SpawLab - Welding equipment and plasma cutters - store and service","description":"Lider sprzeda\u017cy, Oficjalny Dystrybutor Premium i Serwis na Polsk\u0119 Migatronic, Gys, Voestalpine Bohler Welding. Nowe i u\u017cywane Spawarki, Przecinarki Plazmowe, Kompresory. Mgr in\u017c. Jaros\u0142aw Ko\u0142aski, IWE","robots":{"index":"index","follow":"follow","max-snippet":"max-snippet:-1","max-image-preview":"max-image-preview:large","max-video-preview":"max-video-preview:-1"},"canonical":"https:\/\/spawlab.pl\/en\/produkt\/spartus-easycut-40s-compressor-wbudowany-kompresor-pakiet\/","og_locale":"en_US","og_type":"article","og_title":"Spartus EasyCUT 40s Compressor [wbudowany kompresor] pakiet","og_description":"Lider sprzeda\u017cy, Oficjalny Dystrybutor Premium i Serwis na Polsk\u0119 Migatronic, Gys, Voestalpine Bohler Welding. Nowe i u\u017cywane Spawarki, Przecinarki Plazmowe, Kompresory. Mgr in\u017c. Jaros\u0142aw Ko\u0142aski, IWE","og_url":"https:\/\/spawlab.pl\/en\/produkt\/spartus-easycut-40s-compressor-wbudowany-kompresor-pakiet\/","og_site_name":"SpawLab - Welding equipment and plasma cutters - store and service","article_publisher":"https:\/\/www.facebook.com\/Spawlab\/","article_modified_time":"2026-03-14T12:45:48+00:00","og_image":[{"width":1000,"height":1000,"url":"https:\/\/spawlab.pl\/wp-content\/uploads\/2025\/10\/easycut40scom-pak-45h-4_1_c.jpg","type":"image\/jpeg"}],"twitter_misc":{"Price":"2 680,17&nbsp;&#122;&#322; (2 179,00&nbsp;&#122;&#322; netto)","Availability":"Out of stock"},"schema":{"@context":"https:\/\/schema.org","@graph":[{"@type":["WebPage","ItemPage"],"@id":"https:\/\/spawlab.pl\/en\/produkt\/spartus-easycut-40s-compressor-wbudowany-kompresor-pakiet\/","url":"https:\/\/spawlab.pl\/en\/produkt\/spartus-easycut-40s-compressor-wbudowany-kompresor-pakiet\/","name":"Spartus EasyCUT 40s Compressor [wbudowany kompresor] pakiet - SpawLab - Welding equipment and plasma cutters - store and service","isPartOf":{"@id":"https:\/\/spawlab.pl\/en\/#website"},"primaryImageOfPage":{"@id":"https:\/\/spawlab.pl\/en\/produkt\/spartus-easycut-40s-compressor-wbudowany-kompresor-pakiet\/#primaryimage"},"image":{"@id":"https:\/\/spawlab.pl\/en\/produkt\/spartus-easycut-40s-compressor-wbudowany-kompresor-pakiet\/#primaryimage"},"thumbnailUrl":"https:\/\/spawlab.pl\/wp-content\/uploads\/2025\/10\/easycut40scom-pak-45h-4_1_c.jpg","datePublished":"2026-03-14T12:45:47+00:00","dateModified":"2026-03-14T12:45:48+00:00","description":"Lider sprzeda\u017cy, Oficjalny Dystrybutor Premium i Serwis na Polsk\u0119 Migatronic, Gys, Voestalpine Bohler Welding. Nowe i u\u017cywane Spawarki, Przecinarki Plazmowe, Kompresory. Mgr in\u017c. Jaros\u0142aw Ko\u0142aski, IWE","breadcrumb":{"@id":"https:\/\/spawlab.pl\/en\/produkt\/spartus-easycut-40s-compressor-wbudowany-kompresor-pakiet\/#breadcrumb"},"inLanguage":"en-US","potentialAction":[{"@type":"ReadAction","target":["https:\/\/spawlab.pl\/en\/produkt\/spartus-easycut-40s-compressor-wbudowany-kompresor-pakiet\/"]}]},{"@type":"ImageObject","inLanguage":"en-US","@id":"https:\/\/spawlab.pl\/en\/produkt\/spartus-easycut-40s-compressor-wbudowany-kompresor-pakiet\/#primaryimage","url":"https:\/\/spawlab.pl\/wp-content\/uploads\/2025\/10\/easycut40scom-pak-45h-4_1_c.jpg","contentUrl":"https:\/\/spawlab.pl\/wp-content\/uploads\/2025\/10\/easycut40scom-pak-45h-4_1_c.jpg","width":1000,"height":1000},{"@type":"BreadcrumbList","@id":"https:\/\/spawlab.pl\/en\/produkt\/spartus-easycut-40s-compressor-wbudowany-kompresor-pakiet\/#breadcrumb","itemListElement":[{"@type":"ListItem","position":1,"name":"Strona g\u0142\u00f3wna","item":"https:\/\/spawlab.pl\/en\/"},{"@type":"ListItem","position":2,"name":"Store","item":"https:\/\/spawlab.pl\/en\/shop\/"},{"@type":"ListItem","position":3,"name":"Spartus EasyCUT 40s Compressor [wbudowany kompresor] pakiet"}]},{"@type":"WebSite","@id":"https:\/\/spawlab.pl\/en\/#website","url":"https:\/\/spawlab.pl\/en\/","name":"Spawlab.pl Lider - Spawarki, Przecinarki Plazmowe, Kompresory","description":"Urz\u0105dzenia spawalnicze i Przecinarki plazmowe\/ nowe i u\u017cywane \/ Profesjonalny serwis","publisher":{"@id":"https:\/\/spawlab.pl\/en\/#organization"},"alternateName":"Spawlab.pl - Dystrybutor Premium i Serwis na Polske Migatronic, Gys, Voestalpine Bohler Welding","potentialAction":[{"@type":"SearchAction","target":{"@type":"EntryPoint","urlTemplate":"https:\/\/spawlab.pl\/en\/?s={search_term_string}"},"query-input":{"@type":"PropertyValueSpecification","valueRequired":true,"valueName":"search_term_string"}}],"inLanguage":"en-US"},{"@type":["Organization","Place"],"@id":"https:\/\/spawlab.pl\/en\/#organization","name":"Spawlab.pl","url":"https:\/\/spawlab.pl\/en\/","logo":{"@id":"https:\/\/spawlab.pl\/en\/produkt\/spartus-easycut-40s-compressor-wbudowany-kompresor-pakiet\/#local-main-organization-logo"},"image":{"@id":"https:\/\/spawlab.pl\/en\/produkt\/spartus-easycut-40s-compressor-wbudowany-kompresor-pakiet\/#local-main-organization-logo"},"sameAs":["https:\/\/www.facebook.com\/Spawlab\/","https:\/\/www.linkedin.com\/company\/spawlab","https:\/\/www.instagram.com\/spawlab.pl","https:\/\/www.tiktok.com\/@spawlab"],"description":"Lider sprzeda\u017cy, Oficjalny Dystrybutor Premium i Serwis na Polsk\u0119 Migatronic, Gys, Voestalpine Bohler Welding. Nowe i u\u017cywane Spawarki, Przecinarki Plazmowe, Kompresory. Mgr in\u017c. Jaros\u0142aw Ko\u0142aski, IWE","hasMerchantReturnPolicy":{"@type":"MerchantReturnPolicy","merchantReturnLink":"https:\/\/spawlab.pl\/polityka-prywatnosci-2\/"},"telephone":[],"openingHoursSpecification":[{"@type":"OpeningHoursSpecification","dayOfWeek":["Monday","Tuesday","Wednesday","Thursday","Friday","Saturday","Sunday"],"opens":"09:00","closes":"17:00"}]},{"@type":"ImageObject","inLanguage":"en-US","@id":"https:\/\/spawlab.pl\/en\/produkt\/spartus-easycut-40s-compressor-wbudowany-kompresor-pakiet\/#local-main-organization-logo","url":"https:\/\/spawlab.pl\/wp-content\/uploads\/2022\/01\/olx.jpg","contentUrl":"https:\/\/spawlab.pl\/wp-content\/uploads\/2022\/01\/olx.jpg","width":200,"height":200,"caption":"Spawlab.pl"}]},"product_price_amount":"2680.17","product_price_currency":"PLN","og_availability":"out of stock","product_availability":"out of stock","product_retailer_item_id":"EASYCUT40SCOM-PAK-45H-4","product_condition":"new"},"_links":{"self":[{"href":"https:\/\/spawlab.pl\/en\/wp-json\/wp\/v2\/product\/57498","targetHints":{"allow":["GET"]}}],"collection":[{"href":"https:\/\/spawlab.pl\/en\/wp-json\/wp\/v2\/product"}],"about":[{"href":"https:\/\/spawlab.pl\/en\/wp-json\/wp\/v2\/types\/product"}],"wp:featuredmedia":[{"embeddable":true,"href":"https:\/\/spawlab.pl\/en\/wp-json\/wp\/v2\/media\/57499"}],"wp:attachment":[{"href":"https:\/\/spawlab.pl\/en\/wp-json\/wp\/v2\/media?parent=57498"}],"wp:term":[{"taxonomy":"product_brand","embeddable":true,"href":"https:\/\/spawlab.pl\/en\/wp-json\/wp\/v2\/product_brand?post=57498"},{"taxonomy":"product_cat","embeddable":true,"href":"https:\/\/spawlab.pl\/en\/wp-json\/wp\/v2\/product_cat?post=57498"},{"taxonomy":"product_tag","embeddable":true,"href":"https:\/\/spawlab.pl\/en\/wp-json\/wp\/v2\/product_tag?post=57498"}],"curies":[{"name":"wp","href":"https:\/\/api.w.org\/{rel}","templated":true}]}}