{"id":57933,"date":"2026-03-26T07:15:25","date_gmt":"2026-03-26T06:15:25","guid":{"rendered":"https:\/\/spawlab.pl\/?post_type=product&#038;p=57933"},"modified":"2026-03-26T07:15:26","modified_gmt":"2026-03-26T06:15:26","slug":"spartus-st-spawalniczy-z-odcigiem","status":"publish","type":"product","link":"https:\/\/spawlab.pl\/en\/produkt\/spartus-st-spawalniczy-z-odcigiem\/","title":{"rendered":"Spartus St&#xF3;&#x142; spawalniczy z odci&#x105;giem"},"content":{"rendered":"<p><![CDATA[ \n\n<h2><span style=\"font-size:26px;\">St&oacute;&#x142; spawalniczy SPARTUS&reg; z odci&#x105;giem<\/span><\/h2>\n\n<br \/>&#xD;\n<br \/>&#xD;\n\n\n<p style=\"text-align: justify;\"><strong>St&oacute;&#x142; spawalniczy SPARTUS&reg; z odci&#x105;giem <\/strong>zapewnia efektywn&#x105; ochron&#x119; przed zanieczyszczeniami powietrza, kt&oacute;re pojawiaj&#x105; si&#x119; podczas spawania oraz r&oacute;&#x17C;norodnych dzia&#x142;a&#x144; warsztatowych. Jego konstrukcja opiera si&#x119; na&nbsp;spawanych profilach kwadratowych. St&oacute;&#x142;&nbsp;wyposa&#x17C;ony jest&nbsp;w system dolnego odci&#x105;gu z rusztem oraz z&#x142;&#x105;cze do pionowego ramienia odci&#x105;gowego i wentylator TR075 z wirnikiem aluminiowym. System odci&#x105;gania, zar&oacute;wno dolny jak i rami&#x119; odci&#x105;gowe,&nbsp;posiada oddzielne przepustnice do regulacji przep&#x142;ywu, co pozwala na elastyczne zarz&#x105;dzanie odci&#x105;ganiem zanieczyszcze&#x144;. Wentylator TR075 skutecznie usuwa zanieczyszczenia i przekierowuje je na zewn&#x105;trz warsztatu, wymagaj&#x105;c pod&#x142;&#x105;czenia do zewn&#x119;trznej instalacji wywiewnej. Blat sto&#x142;u pokryty&nbsp;przewodz&#x105;cym zabezpieczeniem antykorozyjnym, umo&#x17C;liwiaj&#x105;cym &#x142;atwe pod&#x142;&#x105;czenie przewodu masowego z obu bok&oacute;w sto&#x142;u.<\/p>\n\n<br \/>&#xD;\n<br \/>&#xD;\n\n\n<ul>&#xD;\n\t\n\n<li>&#xD;\n\t\n\n<p><strong>Wysoka wydajno&#x15B;&#x107;: <\/strong>Przep&#x142;yw nominalny wynosi 1000 m&sup3;\/h.<\/p>\n\n<br \/>&#xD;\n\t<\/li>\n\n<br \/>&#xD;\n\t\n\n<li>&#xD;\n\t\n\n<p><strong>Wytrzyma&#x142;a konstrukcja spawana:&nbsp;<\/strong>Gwarantuje d&#x142;ugotrwa&#x142;e u&#x17C;ytkowanie.<\/p>\n\n<br \/>&#xD;\n\t<\/li>\n\n<br \/>&#xD;\n\t\n\n<li>&#xD;\n\t\n\n<p><strong>Dolny odci&#x105;g zanieczyszcze&#x144; z wlotem w stole:<\/strong> Zapewnia efektywniejsze usuwanie py&#x142;&oacute;w i zanieczyszcze&#x144; bezpo&#x15B;rednio z miejsca pracy, co przyczynia si&#x119; do utrzymania czysto&#x15B;ci i zdrowszego &#x15B;rodowiska pracy.<\/p>\n\n<br \/>&#xD;\n\t<\/li>\n\n<br \/>&#xD;\n\t\n\n<li>&#xD;\n\t\n\n<p><strong>Swobodna regulacja przep&#x142;ywu pomi&#x119;dzy odci&#x105;gami, dzi&#x119;ki przepustnicom w ramieniu i w stole:<\/strong>&nbsp;Umo&#x17C;liwia dok&#x142;adne dostosowanie wydajno&#x15B;ci systemu do bie&#x17C;&#x105;cych potrzeb, co zwi&#x119;ksza efektywno&#x15B;&#x107; energetyczn&#x105; i skuteczno&#x15B;&#x107; odci&#x105;gania.<\/p>\n\n<br \/>&#xD;\n\t<\/li>\n\n<br \/>&#xD;\n<\/ul>\n\n<br \/>&#xD;\n<br \/>&#xD;\n\n\n<p style=\"text-align: center;\"><img decoding=\"async\" alt=\"\" data-src=\"https:\/\/novweld24.pl\/\/upload\/getfile\/616384564\/stolzodciagiemart-pop.jpg\" style=\"width: 650px; height: 246px;\" \/\" src=\"data:image\/svg+xml;base64,PHN2ZyB3aWR0aD0iMSIgaGVpZ2h0PSIxIiB4bWxucz0iaHR0cDovL3d3dy53My5vcmcvMjAwMC9zdmciPjwvc3ZnPg==\" class=\"lazyload\"><\/p>\n\n<br \/>&#xD;\n<br \/>&#xD;\n\n\n<p>Zastosowanie:<\/p>\n\n<br \/>&#xD;\n<br \/>&#xD;\n\n\n<ul>&#xD;\n\t\n\n<li>Miejsce pracy przeznaczone do zada&#x144; warsztatowych, spawalniczych, szlifierskich, a tak&#x17C;e innych, kt&oacute;re wymagaj&#x105; trwa&#x142;ej konstrukcji sto&#x142;u i ochrony przed szkodliwym wp&#x142;ywem zanieczyszcze&#x144;.<\/li>\n\n<br \/>&#xD;\n<\/ul>\n\n<br \/> ]]><\/p>\n","protected":false},"excerpt":{"rendered":"<p> St&#xF3;&#x142; spawalniczy z odci&#x105;giem <\/p>\n","protected":false},"featured_media":63978,"template":"","meta":{"inline_featured_image":false},"product_brand":[17523],"product_cat":[22068,81,18426,17524,3342],"product_tag":[],"class_list":{"0":"post-57933","1":"product","2":"type-product","3":"status-publish","4":"has-post-thumbnail","6":"product_brand-spartus","7":"product_cat-stoy-z-odcigiem","8":"product_cat-akcesoria-czesci","9":"product_cat-filtrowentylacja","10":"product_cat-spartus","11":"product_cat-strefa-marki","12":"pa_maks-obcialno-100-kg","13":"pa_maks-poziom-haasu-76-dba","14":"pa_napicie-zasilania-3-400v-10-50-60-hz","15":"pa_prdko-obrotowa-2800-obr-min","16":"pa_przepyw-1000-m-h","17":"pa_waga-115-kg","18":"pa_wymiary-863-x-1250-x-810-mm","20":"first","21":"instock","22":"taxable","23":"shipping-taxable","24":"purchasable","25":"product-type-simple"},"yoast_head":"<!-- This site is optimized with the Yoast SEO Premium plugin v27.0 (Yoast SEO v27.3) - https:\/\/yoast.com\/product\/yoast-seo-premium-wordpress\/ -->\n<title>Spartus St&#xF3;&#x142; spawalniczy z odci&#x105;giem - SpawLab - Welding equipment and plasma cutters - store and service<\/title>\n<meta name=\"description\" content=\"Lider sprzeda\u017cy, Oficjalny Dystrybutor Premium i Serwis na Polsk\u0119 Migatronic, Gys, Voestalpine Bohler Welding. Nowe i u\u017cywane Spawarki, Przecinarki Plazmowe, Kompresory. Mgr in\u017c. Jaros\u0142aw Ko\u0142aski, IWE\" \/>\n<meta name=\"robots\" content=\"index, follow, max-snippet:-1, max-image-preview:large, max-video-preview:-1\" \/>\n<link rel=\"canonical\" href=\"https:\/\/spawlab.pl\/en\/produkt\/spartus-st-spawalniczy-z-odcigiem\/\" \/>\n<meta property=\"og:locale\" content=\"en_US\" \/>\n<meta property=\"og:type\" content=\"article\" \/>\n<meta property=\"og:title\" content=\"Spartus St&#xF3;&#x142; spawalniczy z odci&#x105;giem\" \/>\n<meta property=\"og:description\" content=\"Lider sprzeda\u017cy, Oficjalny Dystrybutor Premium i Serwis na Polsk\u0119 Migatronic, Gys, Voestalpine Bohler Welding. Nowe i u\u017cywane Spawarki, Przecinarki Plazmowe, Kompresory. Mgr in\u017c. Jaros\u0142aw Ko\u0142aski, IWE\" \/>\n<meta property=\"og:url\" content=\"https:\/\/spawlab.pl\/en\/produkt\/spartus-st-spawalniczy-z-odcigiem\/\" \/>\n<meta property=\"og:site_name\" content=\"SpawLab - Welding equipment and plasma cutters - store and service\" \/>\n<meta property=\"article:publisher\" content=\"https:\/\/www.facebook.com\/Spawlab\/\" \/>\n<meta property=\"article:modified_time\" content=\"2026-03-26T06:15:26+00:00\" \/>\n<meta property=\"og:image\" content=\"https:\/\/spawlab.pl\/wp-content\/uploads\/2025\/10\/sp034-00-010.jpg\" \/>\n\t<meta property=\"og:image:width\" content=\"1000\" \/>\n\t<meta property=\"og:image:height\" content=\"1000\" \/>\n\t<meta property=\"og:image:type\" content=\"image\/jpeg\" \/>\n<meta name=\"twitter:label1\" content=\"Price\" \/>\n\t<meta name=\"twitter:data1\" content=\"14 833,80&nbsp;&#122;&#322; (12 060,00&nbsp;&#122;&#322; netto)\" \/>\n\t<meta name=\"twitter:label2\" content=\"Availability\" \/>\n\t<meta name=\"twitter:data2\" content=\"In stock\" \/>\n<script type=\"application\/ld+json\" class=\"yoast-schema-graph\">{\"@context\":\"https:\\\/\\\/schema.org\",\"@graph\":[{\"@type\":[\"WebPage\",\"ItemPage\"],\"@id\":\"https:\\\/\\\/spawlab.pl\\\/en\\\/produkt\\\/spartus-st-spawalniczy-z-odcigiem\\\/\",\"url\":\"https:\\\/\\\/spawlab.pl\\\/en\\\/produkt\\\/spartus-st-spawalniczy-z-odcigiem\\\/\",\"name\":\"Spartus St&#xF3;&#x142; spawalniczy z odci&#x105;giem - SpawLab - Welding equipment and plasma cutters - store and service\",\"isPartOf\":{\"@id\":\"https:\\\/\\\/spawlab.pl\\\/en\\\/#website\"},\"primaryImageOfPage\":{\"@id\":\"https:\\\/\\\/spawlab.pl\\\/en\\\/produkt\\\/spartus-st-spawalniczy-z-odcigiem\\\/#primaryimage\"},\"image\":{\"@id\":\"https:\\\/\\\/spawlab.pl\\\/en\\\/produkt\\\/spartus-st-spawalniczy-z-odcigiem\\\/#primaryimage\"},\"thumbnailUrl\":\"https:\\\/\\\/spawlab.pl\\\/wp-content\\\/uploads\\\/2025\\\/10\\\/sp034-00-010_1a.jpg\",\"datePublished\":\"2026-03-26T06:15:25+00:00\",\"dateModified\":\"2026-03-26T06:15:26+00:00\",\"description\":\"Lider sprzeda\u017cy, Oficjalny Dystrybutor Premium i Serwis na Polsk\u0119 Migatronic, Gys, Voestalpine Bohler Welding. Nowe i u\u017cywane Spawarki, Przecinarki Plazmowe, Kompresory. Mgr in\u017c. Jaros\u0142aw Ko\u0142aski, IWE\",\"breadcrumb\":{\"@id\":\"https:\\\/\\\/spawlab.pl\\\/en\\\/produkt\\\/spartus-st-spawalniczy-z-odcigiem\\\/#breadcrumb\"},\"inLanguage\":\"en-US\",\"potentialAction\":[{\"@type\":\"ReadAction\",\"target\":[\"https:\\\/\\\/spawlab.pl\\\/en\\\/produkt\\\/spartus-st-spawalniczy-z-odcigiem\\\/\"]}]},{\"@type\":\"ImageObject\",\"inLanguage\":\"en-US\",\"@id\":\"https:\\\/\\\/spawlab.pl\\\/en\\\/produkt\\\/spartus-st-spawalniczy-z-odcigiem\\\/#primaryimage\",\"url\":\"https:\\\/\\\/spawlab.pl\\\/wp-content\\\/uploads\\\/2025\\\/10\\\/sp034-00-010_1a.jpg\",\"contentUrl\":\"https:\\\/\\\/spawlab.pl\\\/wp-content\\\/uploads\\\/2025\\\/10\\\/sp034-00-010_1a.jpg\",\"width\":1000,\"height\":1000},{\"@type\":\"BreadcrumbList\",\"@id\":\"https:\\\/\\\/spawlab.pl\\\/en\\\/produkt\\\/spartus-st-spawalniczy-z-odcigiem\\\/#breadcrumb\",\"itemListElement\":[{\"@type\":\"ListItem\",\"position\":1,\"name\":\"Strona g\u0142\u00f3wna\",\"item\":\"https:\\\/\\\/spawlab.pl\\\/en\\\/\"},{\"@type\":\"ListItem\",\"position\":2,\"name\":\"Store\",\"item\":\"https:\\\/\\\/spawlab.pl\\\/en\\\/shop\\\/\"},{\"@type\":\"ListItem\",\"position\":3,\"name\":\"Spartus St&#xF3;&#x142; spawalniczy z odci&#x105;giem\"}]},{\"@type\":\"WebSite\",\"@id\":\"https:\\\/\\\/spawlab.pl\\\/en\\\/#website\",\"url\":\"https:\\\/\\\/spawlab.pl\\\/en\\\/\",\"name\":\"Spawlab.pl Lider - Spawarki, Przecinarki Plazmowe, Kompresory\",\"description\":\"Urz\u0105dzenia spawalnicze i Przecinarki plazmowe\\\/ nowe i u\u017cywane \\\/ Profesjonalny serwis\",\"publisher\":{\"@id\":\"https:\\\/\\\/spawlab.pl\\\/en\\\/#organization\"},\"alternateName\":\"Spawlab.pl - Dystrybutor Premium i Serwis na Polske Migatronic, Gys, Voestalpine Bohler Welding\",\"potentialAction\":[{\"@type\":\"SearchAction\",\"target\":{\"@type\":\"EntryPoint\",\"urlTemplate\":\"https:\\\/\\\/spawlab.pl\\\/en\\\/?s={search_term_string}\"},\"query-input\":{\"@type\":\"PropertyValueSpecification\",\"valueRequired\":true,\"valueName\":\"search_term_string\"}}],\"inLanguage\":\"en-US\"},{\"@type\":[\"Organization\",\"Place\"],\"@id\":\"https:\\\/\\\/spawlab.pl\\\/en\\\/#organization\",\"name\":\"Spawlab.pl\",\"url\":\"https:\\\/\\\/spawlab.pl\\\/en\\\/\",\"logo\":{\"@id\":\"https:\\\/\\\/spawlab.pl\\\/en\\\/produkt\\\/spartus-st-spawalniczy-z-odcigiem\\\/#local-main-organization-logo\"},\"image\":{\"@id\":\"https:\\\/\\\/spawlab.pl\\\/en\\\/produkt\\\/spartus-st-spawalniczy-z-odcigiem\\\/#local-main-organization-logo\"},\"sameAs\":[\"https:\\\/\\\/www.facebook.com\\\/Spawlab\\\/\",\"https:\\\/\\\/www.linkedin.com\\\/company\\\/spawlab\",\"https:\\\/\\\/www.instagram.com\\\/spawlab.pl\",\"https:\\\/\\\/www.tiktok.com\\\/@spawlab\"],\"description\":\"Lider sprzeda\u017cy, Oficjalny Dystrybutor Premium i Serwis na Polsk\u0119 Migatronic, Gys, Voestalpine Bohler Welding. Nowe i u\u017cywane Spawarki, Przecinarki Plazmowe, Kompresory. Mgr in\u017c. Jaros\u0142aw Ko\u0142aski, IWE\",\"hasMerchantReturnPolicy\":{\"@type\":\"MerchantReturnPolicy\",\"merchantReturnLink\":\"https:\\\/\\\/spawlab.pl\\\/polityka-prywatnosci-2\\\/\"},\"telephone\":[],\"openingHoursSpecification\":[{\"@type\":\"OpeningHoursSpecification\",\"dayOfWeek\":[\"Monday\",\"Tuesday\",\"Wednesday\",\"Thursday\",\"Friday\",\"Saturday\",\"Sunday\"],\"opens\":\"09:00\",\"closes\":\"17:00\"}]},{\"@type\":\"ImageObject\",\"inLanguage\":\"en-US\",\"@id\":\"https:\\\/\\\/spawlab.pl\\\/en\\\/produkt\\\/spartus-st-spawalniczy-z-odcigiem\\\/#local-main-organization-logo\",\"url\":\"https:\\\/\\\/spawlab.pl\\\/wp-content\\\/uploads\\\/2022\\\/01\\\/olx.jpg\",\"contentUrl\":\"https:\\\/\\\/spawlab.pl\\\/wp-content\\\/uploads\\\/2022\\\/01\\\/olx.jpg\",\"width\":200,\"height\":200,\"caption\":\"Spawlab.pl\"}]}<\/script>\n<meta property=\"product:price:amount\" content=\"14833.80\" \/>\n<meta property=\"product:price:currency\" content=\"PLN\" \/>\n<meta property=\"og:availability\" content=\"instock\" \/>\n<meta property=\"product:availability\" content=\"instock\" \/>\n<meta property=\"product:retailer_item_id\" content=\"SP034-00-010\" \/>\n<meta property=\"product:condition\" content=\"new\" \/>\n<!-- \/ Yoast SEO Premium plugin. -->","yoast_head_json":{"title":"Spartus St&#xF3;&#x142; spawalniczy z odci&#x105;giem - SpawLab - Welding equipment and plasma cutters - store and service","description":"Lider sprzeda\u017cy, Oficjalny Dystrybutor Premium i Serwis na Polsk\u0119 Migatronic, Gys, Voestalpine Bohler Welding. Nowe i u\u017cywane Spawarki, Przecinarki Plazmowe, Kompresory. Mgr in\u017c. Jaros\u0142aw Ko\u0142aski, IWE","robots":{"index":"index","follow":"follow","max-snippet":"max-snippet:-1","max-image-preview":"max-image-preview:large","max-video-preview":"max-video-preview:-1"},"canonical":"https:\/\/spawlab.pl\/en\/produkt\/spartus-st-spawalniczy-z-odcigiem\/","og_locale":"en_US","og_type":"article","og_title":"Spartus St&#xF3;&#x142; spawalniczy z odci&#x105;giem","og_description":"Lider sprzeda\u017cy, Oficjalny Dystrybutor Premium i Serwis na Polsk\u0119 Migatronic, Gys, Voestalpine Bohler Welding. Nowe i u\u017cywane Spawarki, Przecinarki Plazmowe, Kompresory. Mgr in\u017c. Jaros\u0142aw Ko\u0142aski, IWE","og_url":"https:\/\/spawlab.pl\/en\/produkt\/spartus-st-spawalniczy-z-odcigiem\/","og_site_name":"SpawLab - Welding equipment and plasma cutters - store and service","article_publisher":"https:\/\/www.facebook.com\/Spawlab\/","article_modified_time":"2026-03-26T06:15:26+00:00","og_image":[{"width":1000,"height":1000,"url":"https:\/\/spawlab.pl\/wp-content\/uploads\/2025\/10\/sp034-00-010.jpg","type":"image\/jpeg"}],"twitter_misc":{"Price":"14 833,80&nbsp;&#122;&#322; (12 060,00&nbsp;&#122;&#322; netto)","Availability":"In stock"},"schema":{"@context":"https:\/\/schema.org","@graph":[{"@type":["WebPage","ItemPage"],"@id":"https:\/\/spawlab.pl\/en\/produkt\/spartus-st-spawalniczy-z-odcigiem\/","url":"https:\/\/spawlab.pl\/en\/produkt\/spartus-st-spawalniczy-z-odcigiem\/","name":"Spartus St&#xF3;&#x142; spawalniczy z odci&#x105;giem - SpawLab - Welding equipment and plasma cutters - store and service","isPartOf":{"@id":"https:\/\/spawlab.pl\/en\/#website"},"primaryImageOfPage":{"@id":"https:\/\/spawlab.pl\/en\/produkt\/spartus-st-spawalniczy-z-odcigiem\/#primaryimage"},"image":{"@id":"https:\/\/spawlab.pl\/en\/produkt\/spartus-st-spawalniczy-z-odcigiem\/#primaryimage"},"thumbnailUrl":"https:\/\/spawlab.pl\/wp-content\/uploads\/2025\/10\/sp034-00-010_1a.jpg","datePublished":"2026-03-26T06:15:25+00:00","dateModified":"2026-03-26T06:15:26+00:00","description":"Lider sprzeda\u017cy, Oficjalny Dystrybutor Premium i Serwis na Polsk\u0119 Migatronic, Gys, Voestalpine Bohler Welding. Nowe i u\u017cywane Spawarki, Przecinarki Plazmowe, Kompresory. Mgr in\u017c. Jaros\u0142aw Ko\u0142aski, IWE","breadcrumb":{"@id":"https:\/\/spawlab.pl\/en\/produkt\/spartus-st-spawalniczy-z-odcigiem\/#breadcrumb"},"inLanguage":"en-US","potentialAction":[{"@type":"ReadAction","target":["https:\/\/spawlab.pl\/en\/produkt\/spartus-st-spawalniczy-z-odcigiem\/"]}]},{"@type":"ImageObject","inLanguage":"en-US","@id":"https:\/\/spawlab.pl\/en\/produkt\/spartus-st-spawalniczy-z-odcigiem\/#primaryimage","url":"https:\/\/spawlab.pl\/wp-content\/uploads\/2025\/10\/sp034-00-010_1a.jpg","contentUrl":"https:\/\/spawlab.pl\/wp-content\/uploads\/2025\/10\/sp034-00-010_1a.jpg","width":1000,"height":1000},{"@type":"BreadcrumbList","@id":"https:\/\/spawlab.pl\/en\/produkt\/spartus-st-spawalniczy-z-odcigiem\/#breadcrumb","itemListElement":[{"@type":"ListItem","position":1,"name":"Strona g\u0142\u00f3wna","item":"https:\/\/spawlab.pl\/en\/"},{"@type":"ListItem","position":2,"name":"Store","item":"https:\/\/spawlab.pl\/en\/shop\/"},{"@type":"ListItem","position":3,"name":"Spartus St&#xF3;&#x142; spawalniczy z odci&#x105;giem"}]},{"@type":"WebSite","@id":"https:\/\/spawlab.pl\/en\/#website","url":"https:\/\/spawlab.pl\/en\/","name":"Spawlab.pl Lider - Spawarki, Przecinarki Plazmowe, Kompresory","description":"Urz\u0105dzenia spawalnicze i Przecinarki plazmowe\/ nowe i u\u017cywane \/ Profesjonalny serwis","publisher":{"@id":"https:\/\/spawlab.pl\/en\/#organization"},"alternateName":"Spawlab.pl - Dystrybutor Premium i Serwis na Polske Migatronic, Gys, Voestalpine Bohler Welding","potentialAction":[{"@type":"SearchAction","target":{"@type":"EntryPoint","urlTemplate":"https:\/\/spawlab.pl\/en\/?s={search_term_string}"},"query-input":{"@type":"PropertyValueSpecification","valueRequired":true,"valueName":"search_term_string"}}],"inLanguage":"en-US"},{"@type":["Organization","Place"],"@id":"https:\/\/spawlab.pl\/en\/#organization","name":"Spawlab.pl","url":"https:\/\/spawlab.pl\/en\/","logo":{"@id":"https:\/\/spawlab.pl\/en\/produkt\/spartus-st-spawalniczy-z-odcigiem\/#local-main-organization-logo"},"image":{"@id":"https:\/\/spawlab.pl\/en\/produkt\/spartus-st-spawalniczy-z-odcigiem\/#local-main-organization-logo"},"sameAs":["https:\/\/www.facebook.com\/Spawlab\/","https:\/\/www.linkedin.com\/company\/spawlab","https:\/\/www.instagram.com\/spawlab.pl","https:\/\/www.tiktok.com\/@spawlab"],"description":"Lider sprzeda\u017cy, Oficjalny Dystrybutor Premium i Serwis na Polsk\u0119 Migatronic, Gys, Voestalpine Bohler Welding. Nowe i u\u017cywane Spawarki, Przecinarki Plazmowe, Kompresory. Mgr in\u017c. Jaros\u0142aw Ko\u0142aski, IWE","hasMerchantReturnPolicy":{"@type":"MerchantReturnPolicy","merchantReturnLink":"https:\/\/spawlab.pl\/polityka-prywatnosci-2\/"},"telephone":[],"openingHoursSpecification":[{"@type":"OpeningHoursSpecification","dayOfWeek":["Monday","Tuesday","Wednesday","Thursday","Friday","Saturday","Sunday"],"opens":"09:00","closes":"17:00"}]},{"@type":"ImageObject","inLanguage":"en-US","@id":"https:\/\/spawlab.pl\/en\/produkt\/spartus-st-spawalniczy-z-odcigiem\/#local-main-organization-logo","url":"https:\/\/spawlab.pl\/wp-content\/uploads\/2022\/01\/olx.jpg","contentUrl":"https:\/\/spawlab.pl\/wp-content\/uploads\/2022\/01\/olx.jpg","width":200,"height":200,"caption":"Spawlab.pl"}]},"product_price_amount":"14833.80","product_price_currency":"PLN","og_availability":"instock","product_availability":"instock","product_retailer_item_id":"SP034-00-010","product_condition":"new"},"_links":{"self":[{"href":"https:\/\/spawlab.pl\/en\/wp-json\/wp\/v2\/product\/57933","targetHints":{"allow":["GET"]}}],"collection":[{"href":"https:\/\/spawlab.pl\/en\/wp-json\/wp\/v2\/product"}],"about":[{"href":"https:\/\/spawlab.pl\/en\/wp-json\/wp\/v2\/types\/product"}],"wp:featuredmedia":[{"embeddable":true,"href":"https:\/\/spawlab.pl\/en\/wp-json\/wp\/v2\/media\/63978"}],"wp:attachment":[{"href":"https:\/\/spawlab.pl\/en\/wp-json\/wp\/v2\/media?parent=57933"}],"wp:term":[{"taxonomy":"product_brand","embeddable":true,"href":"https:\/\/spawlab.pl\/en\/wp-json\/wp\/v2\/product_brand?post=57933"},{"taxonomy":"product_cat","embeddable":true,"href":"https:\/\/spawlab.pl\/en\/wp-json\/wp\/v2\/product_cat?post=57933"},{"taxonomy":"product_tag","embeddable":true,"href":"https:\/\/spawlab.pl\/en\/wp-json\/wp\/v2\/product_tag?post=57933"}],"curies":[{"name":"wp","href":"https:\/\/api.w.org\/{rel}","templated":true}]}}