{"id":58562,"date":"2026-04-03T17:01:10","date_gmt":"2026-04-03T15:01:10","guid":{"rendered":"https:\/\/spawlab.pl\/?post_type=product&#038;p=58562"},"modified":"2026-04-03T17:01:11","modified_gmt":"2026-04-03T15:01:11","slug":"spartus-prt-spawalniczy-er70s-6-2-0mm-5kg","status":"publish","type":"product","link":"https:\/\/spawlab.pl\/en\/produkt\/spartus-prt-spawalniczy-er70s-6-2-0mm-5kg\/","title":{"rendered":"Spartus Pr&#x119;t spawalniczy ER70S-6 2.0mm 5kg"},"content":{"rendered":"<p><![CDATA[ \n\n<h2><strong>Pr&#x119;t spawalniczy SPARTUS&reg; ER70S-6 [SG2]<\/strong><\/h2>\n\n<br \/>&#xD;\n<br \/>&#xD;\n\n\n<p style=\"text-align: justify;\">Miedziowane pr&#x119;t spawalniczy ER70S-6 z dodatkiem manganu i krzemu to idealny produkt do spawania stali niestopowych, drobnoziarnistych oraz rur.<img decoding=\"async\" alt=\"\" src=\"https:\/\/novweld24.pl\/\/upload\/getfile\/636896336\/PR&#x118;T pawalniczy SPARTUS do stali.png\" style=\"width: 400px; height: 400px; float: right\" \/\">\n\n&#xD;\nSzczeg&oacute;lnie polecany do zastosowa&#x144; wymagaj&#x105;cych precyzji i trwa&#x142;o&#x15B;ci.<\/p>\n\n<br \/>&#xD;\n<br \/>&#xD;\n\n\n<p>Pr&#x119;t spawalniczy SPARTUS&reg; ER70S-6 to przede wszystkim::<\/p>\n\n<br \/>&#xD;\n<br \/>&#xD;\n\n\n<ul>&#xD;\n\t\n\n<li><strong>Zmniejszona ilo&#x15B;&#x107; &#x17C;u&#x17C;lu &ndash; <\/strong>czystszy proces spawania i mniejsze wymagania dotycz&#x105;ce obr&oacute;bki po spawaniu.<\/li>\n\n<br \/>&#xD;\n\t\n\n<li><strong>G&#x142;adki osad spawalniczy &ndash;<\/strong> zapewnia estetyczne i trwa&#x142;e po&#x142;&#x105;czenia.<\/li>\n\n<br \/>&#xD;\n\t\n\n<li><strong>Pow&#x142;oka miedziana &ndash; <\/strong>cienka i jednorodna, zwi&#x119;ksza odporno&#x15B;&#x107; na rdzewienie oraz wyd&#x142;u&#x17C;a &#x17C;ywotno&#x15B;&#x107; produktu.<\/li>\n\n<br \/>&#xD;\n\t\n\n<li><strong>Uniwersalno&#x15B;&#x107; &ndash; <\/strong>nadaje si&#x119; do spawania r&oacute;&#x17C;nych materia&#x142;&oacute;w i konstrukcji.<\/li>\n\n<br \/>&#xD;\n<\/ul>\n\n<br \/>&#xD;\n<br \/>&#xD;\n\n\n<p>Drut znajduje szerokie zastosowanie w wielu ga&#x142;&#x119;ziach przemys&#x142;u:<\/p>\n\n<br \/>&#xD;\n<br \/>&#xD;\n\n\n<ul>&#xD;\n\t\n\n<li><strong>Spawanie stali ocynkowanych i wcze&#x15B;niej malowanych &ndash; <\/strong>doskona&#x142;e do obr&oacute;bki materia&#x142;&oacute;w powlekanych.<\/li>\n\n<br \/>&#xD;\n\t\n\n<li><strong>Produkcja ruroci&#x105;g&oacute;w, kot&#x142;&oacute;w i zbiornik&oacute;w &ndash; <\/strong>odpowiedni do stali niskostopowych.<\/li>\n\n<br \/>&#xD;\n\t\n\n<li><strong>Po&#x142;&#x105;czenia rur w przemy&#x15B;le chemicznym, petrochemicznym, wodnym i gazowym &ndash;<\/strong> idealny do spoin pocz&#x105;tkowych i wyko&#x144;czeniowych.<\/li>\n\n<br \/>&#xD;\n\t\n\n<li><strong>Spawanie cienkich blach metalowych &ndash; <\/strong>precyzyjne &#x142;&#x105;czenia i minimalne deformacje.<\/li>\n\n<br \/>&#xD;\n\t\n\n<li><strong>Naprawy spawalnicze &ndash; <\/strong>skuteczny w regeneracji i konserwacji element&oacute;w metalowych.<\/li>\n\n<br \/>&#xD;\n<\/ul>\n\n<br \/> ]]><\/p>\n","protected":false},"excerpt":{"rendered":"<p> Pr&#x119;t spawalniczy ER70S-6 2.0mm 5kg <\/p>\n","protected":false},"featured_media":58563,"template":"","meta":{"inline_featured_image":false},"product_brand":[17523],"product_cat":[21888,22071,22077,22074,81,17524,3342],"product_tag":[],"class_list":{"0":"post-58562","1":"product","2":"type-product","3":"status-publish","4":"has-post-thumbnail","6":"product_brand-spartus","7":"product_cat-akcesoria","8":"product_cat-druty-spawalnicze","9":"product_cat-prty-spawalnicze-do-stali","10":"product_cat-prty-spawalnicze-tig","11":"product_cat-akcesoria-czesci","12":"product_cat-spartus","13":"product_cat-strefa-marki","14":"pa_przeznaczenie-stal","15":"pa_rednica-prta-2-0mm","16":"pa_waga-5kg","18":"first","19":"instock","20":"taxable","21":"shipping-taxable","22":"purchasable","23":"product-type-simple"},"yoast_head":"<!-- This site is optimized with the Yoast SEO Premium plugin v27.0 (Yoast SEO v27.3) - https:\/\/yoast.com\/product\/yoast-seo-premium-wordpress\/ -->\n<title>Spartus Pr&#x119;t spawalniczy ER70S-6 2.0mm 5kg - SpawLab - Welding equipment and plasma cutters - store and service<\/title>\n<meta name=\"description\" content=\"Lider sprzeda\u017cy, Oficjalny Dystrybutor Premium i Serwis na Polsk\u0119 Migatronic, Gys, Voestalpine Bohler Welding. Nowe i u\u017cywane Spawarki, Przecinarki Plazmowe, Kompresory. Mgr in\u017c. Jaros\u0142aw Ko\u0142aski, IWE\" \/>\n<meta name=\"robots\" content=\"index, follow, max-snippet:-1, max-image-preview:large, max-video-preview:-1\" \/>\n<link rel=\"canonical\" href=\"https:\/\/spawlab.pl\/en\/produkt\/spartus-prt-spawalniczy-er70s-6-2-0mm-5kg\/\" \/>\n<meta property=\"og:locale\" content=\"en_US\" \/>\n<meta property=\"og:type\" content=\"article\" \/>\n<meta property=\"og:title\" content=\"Spartus Pr&#x119;t spawalniczy ER70S-6 2.0mm 5kg\" \/>\n<meta property=\"og:description\" content=\"Lider sprzeda\u017cy, Oficjalny Dystrybutor Premium i Serwis na Polsk\u0119 Migatronic, Gys, Voestalpine Bohler Welding. Nowe i u\u017cywane Spawarki, Przecinarki Plazmowe, Kompresory. Mgr in\u017c. Jaros\u0142aw Ko\u0142aski, IWE\" \/>\n<meta property=\"og:url\" content=\"https:\/\/spawlab.pl\/en\/produkt\/spartus-prt-spawalniczy-er70s-6-2-0mm-5kg\/\" \/>\n<meta property=\"og:site_name\" content=\"SpawLab - Welding equipment and plasma cutters - store and service\" \/>\n<meta property=\"article:publisher\" content=\"https:\/\/www.facebook.com\/Spawlab\/\" \/>\n<meta property=\"article:modified_time\" content=\"2026-04-03T15:01:11+00:00\" \/>\n<meta property=\"og:image\" content=\"https:\/\/spawlab.pl\/wp-content\/uploads\/2025\/10\/t-er70s-6-20-500_1c.jpg\" \/>\n\t<meta property=\"og:image:width\" content=\"1000\" \/>\n\t<meta property=\"og:image:height\" content=\"1000\" \/>\n\t<meta property=\"og:image:type\" content=\"image\/jpeg\" \/>\n<meta name=\"twitter:label1\" content=\"Price\" \/>\n\t<meta name=\"twitter:data1\" content=\"68,72&nbsp;&#122;&#322; (55,87&nbsp;&#122;&#322; netto)\" \/>\n\t<meta name=\"twitter:label2\" content=\"Availability\" \/>\n\t<meta name=\"twitter:data2\" content=\"In stock\" \/>\n<script type=\"application\/ld+json\" class=\"yoast-schema-graph\">{\"@context\":\"https:\\\/\\\/schema.org\",\"@graph\":[{\"@type\":[\"WebPage\",\"ItemPage\"],\"@id\":\"https:\\\/\\\/spawlab.pl\\\/en\\\/produkt\\\/spartus-prt-spawalniczy-er70s-6-2-0mm-5kg\\\/\",\"url\":\"https:\\\/\\\/spawlab.pl\\\/en\\\/produkt\\\/spartus-prt-spawalniczy-er70s-6-2-0mm-5kg\\\/\",\"name\":\"Spartus Pr&#x119;t spawalniczy ER70S-6 2.0mm 5kg - SpawLab - Welding equipment and plasma cutters - store and service\",\"isPartOf\":{\"@id\":\"https:\\\/\\\/spawlab.pl\\\/en\\\/#website\"},\"primaryImageOfPage\":{\"@id\":\"https:\\\/\\\/spawlab.pl\\\/en\\\/produkt\\\/spartus-prt-spawalniczy-er70s-6-2-0mm-5kg\\\/#primaryimage\"},\"image\":{\"@id\":\"https:\\\/\\\/spawlab.pl\\\/en\\\/produkt\\\/spartus-prt-spawalniczy-er70s-6-2-0mm-5kg\\\/#primaryimage\"},\"thumbnailUrl\":\"https:\\\/\\\/spawlab.pl\\\/wp-content\\\/uploads\\\/2025\\\/10\\\/t-er70s-6-20-500_1c.jpg\",\"datePublished\":\"2026-04-03T15:01:10+00:00\",\"dateModified\":\"2026-04-03T15:01:11+00:00\",\"description\":\"Lider sprzeda\u017cy, Oficjalny Dystrybutor Premium i Serwis na Polsk\u0119 Migatronic, Gys, Voestalpine Bohler Welding. Nowe i u\u017cywane Spawarki, Przecinarki Plazmowe, Kompresory. Mgr in\u017c. Jaros\u0142aw Ko\u0142aski, IWE\",\"breadcrumb\":{\"@id\":\"https:\\\/\\\/spawlab.pl\\\/en\\\/produkt\\\/spartus-prt-spawalniczy-er70s-6-2-0mm-5kg\\\/#breadcrumb\"},\"inLanguage\":\"en-US\",\"potentialAction\":[{\"@type\":\"ReadAction\",\"target\":[\"https:\\\/\\\/spawlab.pl\\\/en\\\/produkt\\\/spartus-prt-spawalniczy-er70s-6-2-0mm-5kg\\\/\"]}]},{\"@type\":\"ImageObject\",\"inLanguage\":\"en-US\",\"@id\":\"https:\\\/\\\/spawlab.pl\\\/en\\\/produkt\\\/spartus-prt-spawalniczy-er70s-6-2-0mm-5kg\\\/#primaryimage\",\"url\":\"https:\\\/\\\/spawlab.pl\\\/wp-content\\\/uploads\\\/2025\\\/10\\\/t-er70s-6-20-500_1c.jpg\",\"contentUrl\":\"https:\\\/\\\/spawlab.pl\\\/wp-content\\\/uploads\\\/2025\\\/10\\\/t-er70s-6-20-500_1c.jpg\",\"width\":1000,\"height\":1000},{\"@type\":\"BreadcrumbList\",\"@id\":\"https:\\\/\\\/spawlab.pl\\\/en\\\/produkt\\\/spartus-prt-spawalniczy-er70s-6-2-0mm-5kg\\\/#breadcrumb\",\"itemListElement\":[{\"@type\":\"ListItem\",\"position\":1,\"name\":\"Strona g\u0142\u00f3wna\",\"item\":\"https:\\\/\\\/spawlab.pl\\\/en\\\/\"},{\"@type\":\"ListItem\",\"position\":2,\"name\":\"Store\",\"item\":\"https:\\\/\\\/spawlab.pl\\\/en\\\/shop\\\/\"},{\"@type\":\"ListItem\",\"position\":3,\"name\":\"Spartus Pr&#x119;t spawalniczy ER70S-6 2.0mm 5kg\"}]},{\"@type\":\"WebSite\",\"@id\":\"https:\\\/\\\/spawlab.pl\\\/en\\\/#website\",\"url\":\"https:\\\/\\\/spawlab.pl\\\/en\\\/\",\"name\":\"Spawlab.pl Lider - Spawarki, Przecinarki Plazmowe, Kompresory\",\"description\":\"Urz\u0105dzenia spawalnicze i Przecinarki plazmowe\\\/ nowe i u\u017cywane \\\/ Profesjonalny serwis\",\"publisher\":{\"@id\":\"https:\\\/\\\/spawlab.pl\\\/en\\\/#organization\"},\"alternateName\":\"Spawlab.pl - Dystrybutor Premium i Serwis na Polske Migatronic, Gys, Voestalpine Bohler Welding\",\"potentialAction\":[{\"@type\":\"SearchAction\",\"target\":{\"@type\":\"EntryPoint\",\"urlTemplate\":\"https:\\\/\\\/spawlab.pl\\\/en\\\/?s={search_term_string}\"},\"query-input\":{\"@type\":\"PropertyValueSpecification\",\"valueRequired\":true,\"valueName\":\"search_term_string\"}}],\"inLanguage\":\"en-US\"},{\"@type\":[\"Organization\",\"Place\"],\"@id\":\"https:\\\/\\\/spawlab.pl\\\/en\\\/#organization\",\"name\":\"Spawlab.pl\",\"url\":\"https:\\\/\\\/spawlab.pl\\\/en\\\/\",\"logo\":{\"@id\":\"https:\\\/\\\/spawlab.pl\\\/en\\\/produkt\\\/spartus-prt-spawalniczy-er70s-6-2-0mm-5kg\\\/#local-main-organization-logo\"},\"image\":{\"@id\":\"https:\\\/\\\/spawlab.pl\\\/en\\\/produkt\\\/spartus-prt-spawalniczy-er70s-6-2-0mm-5kg\\\/#local-main-organization-logo\"},\"sameAs\":[\"https:\\\/\\\/www.facebook.com\\\/Spawlab\\\/\",\"https:\\\/\\\/www.linkedin.com\\\/company\\\/spawlab\",\"https:\\\/\\\/www.instagram.com\\\/spawlab.pl\",\"https:\\\/\\\/www.tiktok.com\\\/@spawlab\"],\"description\":\"Lider sprzeda\u017cy, Oficjalny Dystrybutor Premium i Serwis na Polsk\u0119 Migatronic, Gys, Voestalpine Bohler Welding. Nowe i u\u017cywane Spawarki, Przecinarki Plazmowe, Kompresory. Mgr in\u017c. Jaros\u0142aw Ko\u0142aski, IWE\",\"hasMerchantReturnPolicy\":{\"@type\":\"MerchantReturnPolicy\",\"merchantReturnLink\":\"https:\\\/\\\/spawlab.pl\\\/polityka-prywatnosci-2\\\/\"},\"telephone\":[],\"openingHoursSpecification\":[{\"@type\":\"OpeningHoursSpecification\",\"dayOfWeek\":[\"Monday\",\"Tuesday\",\"Wednesday\",\"Thursday\",\"Friday\",\"Saturday\",\"Sunday\"],\"opens\":\"09:00\",\"closes\":\"17:00\"}]},{\"@type\":\"ImageObject\",\"inLanguage\":\"en-US\",\"@id\":\"https:\\\/\\\/spawlab.pl\\\/en\\\/produkt\\\/spartus-prt-spawalniczy-er70s-6-2-0mm-5kg\\\/#local-main-organization-logo\",\"url\":\"https:\\\/\\\/spawlab.pl\\\/wp-content\\\/uploads\\\/2022\\\/01\\\/olx.jpg\",\"contentUrl\":\"https:\\\/\\\/spawlab.pl\\\/wp-content\\\/uploads\\\/2022\\\/01\\\/olx.jpg\",\"width\":200,\"height\":200,\"caption\":\"Spawlab.pl\"}]}<\/script>\n<meta property=\"product:price:amount\" content=\"68.72\" \/>\n<meta property=\"product:price:currency\" content=\"PLN\" \/>\n<meta property=\"og:availability\" content=\"instock\" \/>\n<meta property=\"product:availability\" content=\"instock\" \/>\n<meta property=\"product:retailer_item_id\" content=\"T-ER70S-6-20-500\" \/>\n<meta property=\"product:condition\" content=\"new\" \/>\n<!-- \/ Yoast SEO Premium plugin. -->","yoast_head_json":{"title":"Spartus Pr&#x119;t spawalniczy ER70S-6 2.0mm 5kg - SpawLab - Welding equipment and plasma cutters - store and service","description":"Lider sprzeda\u017cy, Oficjalny Dystrybutor Premium i Serwis na Polsk\u0119 Migatronic, Gys, Voestalpine Bohler Welding. Nowe i u\u017cywane Spawarki, Przecinarki Plazmowe, Kompresory. Mgr in\u017c. Jaros\u0142aw Ko\u0142aski, IWE","robots":{"index":"index","follow":"follow","max-snippet":"max-snippet:-1","max-image-preview":"max-image-preview:large","max-video-preview":"max-video-preview:-1"},"canonical":"https:\/\/spawlab.pl\/en\/produkt\/spartus-prt-spawalniczy-er70s-6-2-0mm-5kg\/","og_locale":"en_US","og_type":"article","og_title":"Spartus Pr&#x119;t spawalniczy ER70S-6 2.0mm 5kg","og_description":"Lider sprzeda\u017cy, Oficjalny Dystrybutor Premium i Serwis na Polsk\u0119 Migatronic, Gys, Voestalpine Bohler Welding. Nowe i u\u017cywane Spawarki, Przecinarki Plazmowe, Kompresory. Mgr in\u017c. Jaros\u0142aw Ko\u0142aski, IWE","og_url":"https:\/\/spawlab.pl\/en\/produkt\/spartus-prt-spawalniczy-er70s-6-2-0mm-5kg\/","og_site_name":"SpawLab - Welding equipment and plasma cutters - store and service","article_publisher":"https:\/\/www.facebook.com\/Spawlab\/","article_modified_time":"2026-04-03T15:01:11+00:00","og_image":[{"width":1000,"height":1000,"url":"https:\/\/spawlab.pl\/wp-content\/uploads\/2025\/10\/t-er70s-6-20-500_1c.jpg","type":"image\/jpeg"}],"twitter_misc":{"Price":"68,72&nbsp;&#122;&#322; (55,87&nbsp;&#122;&#322; netto)","Availability":"In stock"},"schema":{"@context":"https:\/\/schema.org","@graph":[{"@type":["WebPage","ItemPage"],"@id":"https:\/\/spawlab.pl\/en\/produkt\/spartus-prt-spawalniczy-er70s-6-2-0mm-5kg\/","url":"https:\/\/spawlab.pl\/en\/produkt\/spartus-prt-spawalniczy-er70s-6-2-0mm-5kg\/","name":"Spartus Pr&#x119;t spawalniczy ER70S-6 2.0mm 5kg - SpawLab - Welding equipment and plasma cutters - store and service","isPartOf":{"@id":"https:\/\/spawlab.pl\/en\/#website"},"primaryImageOfPage":{"@id":"https:\/\/spawlab.pl\/en\/produkt\/spartus-prt-spawalniczy-er70s-6-2-0mm-5kg\/#primaryimage"},"image":{"@id":"https:\/\/spawlab.pl\/en\/produkt\/spartus-prt-spawalniczy-er70s-6-2-0mm-5kg\/#primaryimage"},"thumbnailUrl":"https:\/\/spawlab.pl\/wp-content\/uploads\/2025\/10\/t-er70s-6-20-500_1c.jpg","datePublished":"2026-04-03T15:01:10+00:00","dateModified":"2026-04-03T15:01:11+00:00","description":"Lider sprzeda\u017cy, Oficjalny Dystrybutor Premium i Serwis na Polsk\u0119 Migatronic, Gys, Voestalpine Bohler Welding. Nowe i u\u017cywane Spawarki, Przecinarki Plazmowe, Kompresory. Mgr in\u017c. Jaros\u0142aw Ko\u0142aski, IWE","breadcrumb":{"@id":"https:\/\/spawlab.pl\/en\/produkt\/spartus-prt-spawalniczy-er70s-6-2-0mm-5kg\/#breadcrumb"},"inLanguage":"en-US","potentialAction":[{"@type":"ReadAction","target":["https:\/\/spawlab.pl\/en\/produkt\/spartus-prt-spawalniczy-er70s-6-2-0mm-5kg\/"]}]},{"@type":"ImageObject","inLanguage":"en-US","@id":"https:\/\/spawlab.pl\/en\/produkt\/spartus-prt-spawalniczy-er70s-6-2-0mm-5kg\/#primaryimage","url":"https:\/\/spawlab.pl\/wp-content\/uploads\/2025\/10\/t-er70s-6-20-500_1c.jpg","contentUrl":"https:\/\/spawlab.pl\/wp-content\/uploads\/2025\/10\/t-er70s-6-20-500_1c.jpg","width":1000,"height":1000},{"@type":"BreadcrumbList","@id":"https:\/\/spawlab.pl\/en\/produkt\/spartus-prt-spawalniczy-er70s-6-2-0mm-5kg\/#breadcrumb","itemListElement":[{"@type":"ListItem","position":1,"name":"Strona g\u0142\u00f3wna","item":"https:\/\/spawlab.pl\/en\/"},{"@type":"ListItem","position":2,"name":"Store","item":"https:\/\/spawlab.pl\/en\/shop\/"},{"@type":"ListItem","position":3,"name":"Spartus Pr&#x119;t spawalniczy ER70S-6 2.0mm 5kg"}]},{"@type":"WebSite","@id":"https:\/\/spawlab.pl\/en\/#website","url":"https:\/\/spawlab.pl\/en\/","name":"Spawlab.pl Lider - Spawarki, Przecinarki Plazmowe, Kompresory","description":"Urz\u0105dzenia spawalnicze i Przecinarki plazmowe\/ nowe i u\u017cywane \/ Profesjonalny serwis","publisher":{"@id":"https:\/\/spawlab.pl\/en\/#organization"},"alternateName":"Spawlab.pl - Dystrybutor Premium i Serwis na Polske Migatronic, Gys, Voestalpine Bohler Welding","potentialAction":[{"@type":"SearchAction","target":{"@type":"EntryPoint","urlTemplate":"https:\/\/spawlab.pl\/en\/?s={search_term_string}"},"query-input":{"@type":"PropertyValueSpecification","valueRequired":true,"valueName":"search_term_string"}}],"inLanguage":"en-US"},{"@type":["Organization","Place"],"@id":"https:\/\/spawlab.pl\/en\/#organization","name":"Spawlab.pl","url":"https:\/\/spawlab.pl\/en\/","logo":{"@id":"https:\/\/spawlab.pl\/en\/produkt\/spartus-prt-spawalniczy-er70s-6-2-0mm-5kg\/#local-main-organization-logo"},"image":{"@id":"https:\/\/spawlab.pl\/en\/produkt\/spartus-prt-spawalniczy-er70s-6-2-0mm-5kg\/#local-main-organization-logo"},"sameAs":["https:\/\/www.facebook.com\/Spawlab\/","https:\/\/www.linkedin.com\/company\/spawlab","https:\/\/www.instagram.com\/spawlab.pl","https:\/\/www.tiktok.com\/@spawlab"],"description":"Lider sprzeda\u017cy, Oficjalny Dystrybutor Premium i Serwis na Polsk\u0119 Migatronic, Gys, Voestalpine Bohler Welding. Nowe i u\u017cywane Spawarki, Przecinarki Plazmowe, Kompresory. Mgr in\u017c. Jaros\u0142aw Ko\u0142aski, IWE","hasMerchantReturnPolicy":{"@type":"MerchantReturnPolicy","merchantReturnLink":"https:\/\/spawlab.pl\/polityka-prywatnosci-2\/"},"telephone":[],"openingHoursSpecification":[{"@type":"OpeningHoursSpecification","dayOfWeek":["Monday","Tuesday","Wednesday","Thursday","Friday","Saturday","Sunday"],"opens":"09:00","closes":"17:00"}]},{"@type":"ImageObject","inLanguage":"en-US","@id":"https:\/\/spawlab.pl\/en\/produkt\/spartus-prt-spawalniczy-er70s-6-2-0mm-5kg\/#local-main-organization-logo","url":"https:\/\/spawlab.pl\/wp-content\/uploads\/2022\/01\/olx.jpg","contentUrl":"https:\/\/spawlab.pl\/wp-content\/uploads\/2022\/01\/olx.jpg","width":200,"height":200,"caption":"Spawlab.pl"}]},"product_price_amount":"68.72","product_price_currency":"PLN","og_availability":"instock","product_availability":"instock","product_retailer_item_id":"T-ER70S-6-20-500","product_condition":"new"},"_links":{"self":[{"href":"https:\/\/spawlab.pl\/en\/wp-json\/wp\/v2\/product\/58562","targetHints":{"allow":["GET"]}}],"collection":[{"href":"https:\/\/spawlab.pl\/en\/wp-json\/wp\/v2\/product"}],"about":[{"href":"https:\/\/spawlab.pl\/en\/wp-json\/wp\/v2\/types\/product"}],"wp:featuredmedia":[{"embeddable":true,"href":"https:\/\/spawlab.pl\/en\/wp-json\/wp\/v2\/media\/58563"}],"wp:attachment":[{"href":"https:\/\/spawlab.pl\/en\/wp-json\/wp\/v2\/media?parent=58562"}],"wp:term":[{"taxonomy":"product_brand","embeddable":true,"href":"https:\/\/spawlab.pl\/en\/wp-json\/wp\/v2\/product_brand?post=58562"},{"taxonomy":"product_cat","embeddable":true,"href":"https:\/\/spawlab.pl\/en\/wp-json\/wp\/v2\/product_cat?post=58562"},{"taxonomy":"product_tag","embeddable":true,"href":"https:\/\/spawlab.pl\/en\/wp-json\/wp\/v2\/product_tag?post=58562"}],"curies":[{"name":"wp","href":"https:\/\/api.w.org\/{rel}","templated":true}]}}