{"id":58613,"date":"2026-03-31T17:16:06","date_gmt":"2026-03-31T15:16:06","guid":{"rendered":"https:\/\/spawlab.pl\/?post_type=product&#038;p=58613"},"modified":"2026-03-31T17:16:07","modified_gmt":"2026-03-31T15:16:07","slug":"spartus-drut-spawalniczy-er70s-6-sg2-d300-15kg-1-2mm","status":"publish","type":"product","link":"https:\/\/spawlab.pl\/en\/produkt\/spartus-drut-spawalniczy-er70s-6-sg2-d300-15kg-1-2mm\/","title":{"rendered":"Spartus Drut spawalniczy ER70S-6 [SG2] D300 15kg 1.2mm"},"content":{"rendered":"<p><![CDATA[ \n\n<h2><strong>Drut spawalniczy SPARTUS<sup>&reg;<\/sup> ER70S-6 [SG2]<\/strong><\/h2>\n\n<br \/>&#xD;\n<br \/>&#xD;\n\n\n<p style=\"text-align: justify;\">Miedziowany drut elektrodowy z dodatkiem manganu i krzemu do spawania metod&#x105; MIG\/MAG, przeznaczony do spawania&nbsp; <img decoding=\"async\" alt=\"Drut SG2 Spartus\" src=\"https:\/\/novweld24.pl\/\/upload\/getfile\/954041758\/Druty spawalnicze do stali_naklejka 1.0.png\" style=\"width: 400px; height: 400px; float: right;\" \/\">stali w&#x119;glowych i niekt&oacute;rych stali niskostopowych. Idealny do stosowania z gazami os&#x142;onowymi CO&#x2082; lub mieszankami gazowymi.<\/p>\n\n<br \/>&#xD;\n<br \/>&#xD;\n\n\n<p>Drut spawalniczy SPARTUS&reg; ER70S-6 to przede wszystkim:<\/p>\n\n<br \/>&#xD;\n<br \/>&#xD;\n\n\n<ul>&#xD;\n\t\n\n<li><strong>Wysoka jako&#x15B;&#x107; spoin<\/strong> &ndash; zapewnia wytrzyma&#x142;e i estetyczne po&#x142;&#x105;czenia.<\/li>\n\n<br \/>&#xD;\n\t\n\n<li><strong>Ochrona przed korozj&#x105;<\/strong> &ndash; cienka i jednorodna pow&#x142;oka miedziana chroni drut przed rdzewieniem, co przed&#x142;u&#x17C;a jego trwa&#x142;o&#x15B;&#x107;.<\/li>\n\n<br \/>&#xD;\n\t\n\n<li><strong>Zwi&#x119;kszona przewodno&#x15B;&#x107; elektryczna<\/strong> &ndash; dzi&#x119;ki miedzianej pow&#x142;oce uzyskujemy stabilny &#x142;uk spawalniczy.<\/li>\n\n<br \/>&#xD;\n\t\n\n<li><strong>Uniwersalno&#x15B;&#x107;<\/strong> &ndash; kompatybilny z r&oacute;&#x17C;nymi rodzajami gaz&oacute;w os&#x142;onowych, co pozwala dostosowa&#x107; go do r&oacute;&#x17C;nych grubo&#x15B;ci materia&#x142;&oacute;w bazowych.<\/li>\n\n<br \/>&#xD;\n<\/ul>\n\n<br \/>&#xD;\n<br \/>&#xD;\n\n\n<p>Drut znajduje szerokie zastosowanie w wielu ga&#x142;&#x119;ziach przemys&#x142;u:<\/p>\n\n<br \/>&#xD;\n<br \/>&#xD;\n\n\n<ul>&#xD;\n\t\n\n<li><strong>Budownictwo stalowe<\/strong> &ndash; do tworzenia konstrukcji stalowych.<\/li>\n\n<br \/>&#xD;\n\t\n\n<li><strong>Przemys&#x142; stoczniowy<\/strong> &ndash; idealny do spawania element&oacute;w statk&oacute;w i innych konstrukcji morskich.<\/li>\n\n<br \/>&#xD;\n\t\n\n<li><strong>Przemys&#x142; maszynowy<\/strong> &ndash; sprawdza si&#x119; w produkcji maszyn i urz&#x105;dze&#x144;.<\/li>\n\n<br \/>&#xD;\n\t\n\n<li><strong>Produkcja zbiornik&oacute;w i kot&#x142;&oacute;w<\/strong> &ndash; odpowiedni do spawania element&oacute;w nara&#x17C;onych na wysokie ci&#x15B;nienie i temperatury.<\/li>\n\n<br \/>&#xD;\n\t\n\n<li><strong>Bran&#x17C;a motoryzacyjna<\/strong> &ndash; dedykowany do &#x142;&#x105;czenia element&oacute;w stalowych w pojazdach<\/li>\n\n<br \/>&#xD;\n<\/ul>\n\n<br \/> ]]><\/p>\n","protected":false},"excerpt":{"rendered":"<p> Drut spawalniczy ER70S-6 [SG2] D300 15kg 1.2mm <\/p>\n","protected":false},"featured_media":58614,"template":"","meta":{"inline_featured_image":false},"product_brand":[17523],"product_cat":[21888,22078,22072,22071,81,17524,3342],"product_tag":[],"class_list":{"0":"post-58613","1":"product","2":"type-product","3":"status-publish","4":"has-post-thumbnail","6":"product_brand-spartus","7":"product_cat-akcesoria","8":"product_cat-druty-spawalnicze-do-stali","9":"product_cat-druty-spawalnicze-mig-mag","10":"product_cat-druty-spawalnicze","11":"product_cat-akcesoria-czesci","12":"product_cat-spartus","13":"product_cat-strefa-marki","14":"pa_przeznaczenie-stal","15":"pa_rednica-drutu-1-2mm","16":"pa_szpula-drutu-15kg-300mm","17":"pa_waga-15kg","19":"first","20":"outofstock","21":"taxable","22":"shipping-taxable","23":"purchasable","24":"product-type-simple"},"yoast_head":"<!-- This site is optimized with the Yoast SEO Premium plugin v27.0 (Yoast SEO v27.3) - https:\/\/yoast.com\/product\/yoast-seo-premium-wordpress\/ -->\n<title>Spartus Drut spawalniczy ER70S-6 [SG2] D300 15kg 1.2mm - SpawLab - Welding equipment and plasma cutters - store and service<\/title>\n<meta name=\"description\" content=\"Lider sprzeda\u017cy, Oficjalny Dystrybutor Premium i Serwis na Polsk\u0119 Migatronic, Gys, Voestalpine Bohler Welding. Nowe i u\u017cywane Spawarki, Przecinarki Plazmowe, Kompresory. Mgr in\u017c. Jaros\u0142aw Ko\u0142aski, IWE\" \/>\n<meta name=\"robots\" content=\"index, follow, max-snippet:-1, max-image-preview:large, max-video-preview:-1\" \/>\n<link rel=\"canonical\" href=\"https:\/\/spawlab.pl\/en\/produkt\/spartus-drut-spawalniczy-er70s-6-sg2-d300-15kg-1-2mm\/\" \/>\n<meta property=\"og:locale\" content=\"en_US\" \/>\n<meta property=\"og:type\" content=\"article\" \/>\n<meta property=\"og:title\" content=\"Spartus Drut spawalniczy ER70S-6 [SG2] D300 15kg 1.2mm\" \/>\n<meta property=\"og:description\" content=\"Lider sprzeda\u017cy, Oficjalny Dystrybutor Premium i Serwis na Polsk\u0119 Migatronic, Gys, Voestalpine Bohler Welding. Nowe i u\u017cywane Spawarki, Przecinarki Plazmowe, Kompresory. Mgr in\u017c. Jaros\u0142aw Ko\u0142aski, IWE\" \/>\n<meta property=\"og:url\" content=\"https:\/\/spawlab.pl\/en\/produkt\/spartus-drut-spawalniczy-er70s-6-sg2-d300-15kg-1-2mm\/\" \/>\n<meta property=\"og:site_name\" content=\"SpawLab - Welding equipment and plasma cutters - store and service\" \/>\n<meta property=\"article:publisher\" content=\"https:\/\/www.facebook.com\/Spawlab\/\" \/>\n<meta property=\"article:modified_time\" content=\"2026-03-31T15:16:07+00:00\" \/>\n<meta property=\"og:image\" content=\"https:\/\/spawlab.pl\/wp-content\/uploads\/2025\/10\/m-er70s-6-12-b300_1c.jpg\" \/>\n\t<meta property=\"og:image:width\" content=\"1000\" \/>\n\t<meta property=\"og:image:height\" content=\"1000\" \/>\n\t<meta property=\"og:image:type\" content=\"image\/jpeg\" \/>\n<meta name=\"twitter:label1\" content=\"Price\" \/>\n\t<meta name=\"twitter:data1\" content=\"127,54&nbsp;&#122;&#322; (103,69&nbsp;&#122;&#322; netto)\" \/>\n\t<meta name=\"twitter:label2\" content=\"Availability\" \/>\n\t<meta name=\"twitter:data2\" content=\"Out of stock\" \/>\n<script type=\"application\/ld+json\" class=\"yoast-schema-graph\">{\"@context\":\"https:\\\/\\\/schema.org\",\"@graph\":[{\"@type\":[\"WebPage\",\"ItemPage\"],\"@id\":\"https:\\\/\\\/spawlab.pl\\\/en\\\/produkt\\\/spartus-drut-spawalniczy-er70s-6-sg2-d300-15kg-1-2mm\\\/\",\"url\":\"https:\\\/\\\/spawlab.pl\\\/en\\\/produkt\\\/spartus-drut-spawalniczy-er70s-6-sg2-d300-15kg-1-2mm\\\/\",\"name\":\"Spartus Drut spawalniczy ER70S-6 [SG2] D300 15kg 1.2mm - SpawLab - Welding equipment and plasma cutters - store and service\",\"isPartOf\":{\"@id\":\"https:\\\/\\\/spawlab.pl\\\/en\\\/#website\"},\"primaryImageOfPage\":{\"@id\":\"https:\\\/\\\/spawlab.pl\\\/en\\\/produkt\\\/spartus-drut-spawalniczy-er70s-6-sg2-d300-15kg-1-2mm\\\/#primaryimage\"},\"image\":{\"@id\":\"https:\\\/\\\/spawlab.pl\\\/en\\\/produkt\\\/spartus-drut-spawalniczy-er70s-6-sg2-d300-15kg-1-2mm\\\/#primaryimage\"},\"thumbnailUrl\":\"https:\\\/\\\/spawlab.pl\\\/wp-content\\\/uploads\\\/2025\\\/10\\\/m-er70s-6-12-b300_1c.jpg\",\"datePublished\":\"2026-03-31T15:16:06+00:00\",\"dateModified\":\"2026-03-31T15:16:07+00:00\",\"description\":\"Lider sprzeda\u017cy, Oficjalny Dystrybutor Premium i Serwis na Polsk\u0119 Migatronic, Gys, Voestalpine Bohler Welding. Nowe i u\u017cywane Spawarki, Przecinarki Plazmowe, Kompresory. Mgr in\u017c. Jaros\u0142aw Ko\u0142aski, IWE\",\"breadcrumb\":{\"@id\":\"https:\\\/\\\/spawlab.pl\\\/en\\\/produkt\\\/spartus-drut-spawalniczy-er70s-6-sg2-d300-15kg-1-2mm\\\/#breadcrumb\"},\"inLanguage\":\"en-US\",\"potentialAction\":[{\"@type\":\"ReadAction\",\"target\":[\"https:\\\/\\\/spawlab.pl\\\/en\\\/produkt\\\/spartus-drut-spawalniczy-er70s-6-sg2-d300-15kg-1-2mm\\\/\"]}]},{\"@type\":\"ImageObject\",\"inLanguage\":\"en-US\",\"@id\":\"https:\\\/\\\/spawlab.pl\\\/en\\\/produkt\\\/spartus-drut-spawalniczy-er70s-6-sg2-d300-15kg-1-2mm\\\/#primaryimage\",\"url\":\"https:\\\/\\\/spawlab.pl\\\/wp-content\\\/uploads\\\/2025\\\/10\\\/m-er70s-6-12-b300_1c.jpg\",\"contentUrl\":\"https:\\\/\\\/spawlab.pl\\\/wp-content\\\/uploads\\\/2025\\\/10\\\/m-er70s-6-12-b300_1c.jpg\",\"width\":1000,\"height\":1000},{\"@type\":\"BreadcrumbList\",\"@id\":\"https:\\\/\\\/spawlab.pl\\\/en\\\/produkt\\\/spartus-drut-spawalniczy-er70s-6-sg2-d300-15kg-1-2mm\\\/#breadcrumb\",\"itemListElement\":[{\"@type\":\"ListItem\",\"position\":1,\"name\":\"Strona g\u0142\u00f3wna\",\"item\":\"https:\\\/\\\/spawlab.pl\\\/en\\\/\"},{\"@type\":\"ListItem\",\"position\":2,\"name\":\"Store\",\"item\":\"https:\\\/\\\/spawlab.pl\\\/en\\\/shop\\\/\"},{\"@type\":\"ListItem\",\"position\":3,\"name\":\"Spartus Drut spawalniczy ER70S-6 [SG2] D300 15kg 1.2mm\"}]},{\"@type\":\"WebSite\",\"@id\":\"https:\\\/\\\/spawlab.pl\\\/en\\\/#website\",\"url\":\"https:\\\/\\\/spawlab.pl\\\/en\\\/\",\"name\":\"Spawlab.pl Lider - Spawarki, Przecinarki Plazmowe, Kompresory\",\"description\":\"Urz\u0105dzenia spawalnicze i Przecinarki plazmowe\\\/ nowe i u\u017cywane \\\/ Profesjonalny serwis\",\"publisher\":{\"@id\":\"https:\\\/\\\/spawlab.pl\\\/en\\\/#organization\"},\"alternateName\":\"Spawlab.pl - Dystrybutor Premium i Serwis na Polske Migatronic, Gys, Voestalpine Bohler Welding\",\"potentialAction\":[{\"@type\":\"SearchAction\",\"target\":{\"@type\":\"EntryPoint\",\"urlTemplate\":\"https:\\\/\\\/spawlab.pl\\\/en\\\/?s={search_term_string}\"},\"query-input\":{\"@type\":\"PropertyValueSpecification\",\"valueRequired\":true,\"valueName\":\"search_term_string\"}}],\"inLanguage\":\"en-US\"},{\"@type\":[\"Organization\",\"Place\"],\"@id\":\"https:\\\/\\\/spawlab.pl\\\/en\\\/#organization\",\"name\":\"Spawlab.pl\",\"url\":\"https:\\\/\\\/spawlab.pl\\\/en\\\/\",\"logo\":{\"@id\":\"https:\\\/\\\/spawlab.pl\\\/en\\\/produkt\\\/spartus-drut-spawalniczy-er70s-6-sg2-d300-15kg-1-2mm\\\/#local-main-organization-logo\"},\"image\":{\"@id\":\"https:\\\/\\\/spawlab.pl\\\/en\\\/produkt\\\/spartus-drut-spawalniczy-er70s-6-sg2-d300-15kg-1-2mm\\\/#local-main-organization-logo\"},\"sameAs\":[\"https:\\\/\\\/www.facebook.com\\\/Spawlab\\\/\",\"https:\\\/\\\/www.linkedin.com\\\/company\\\/spawlab\",\"https:\\\/\\\/www.instagram.com\\\/spawlab.pl\",\"https:\\\/\\\/www.tiktok.com\\\/@spawlab\"],\"description\":\"Lider sprzeda\u017cy, Oficjalny Dystrybutor Premium i Serwis na Polsk\u0119 Migatronic, Gys, Voestalpine Bohler Welding. Nowe i u\u017cywane Spawarki, Przecinarki Plazmowe, Kompresory. Mgr in\u017c. Jaros\u0142aw Ko\u0142aski, IWE\",\"hasMerchantReturnPolicy\":{\"@type\":\"MerchantReturnPolicy\",\"merchantReturnLink\":\"https:\\\/\\\/spawlab.pl\\\/polityka-prywatnosci-2\\\/\"},\"telephone\":[],\"openingHoursSpecification\":[{\"@type\":\"OpeningHoursSpecification\",\"dayOfWeek\":[\"Monday\",\"Tuesday\",\"Wednesday\",\"Thursday\",\"Friday\",\"Saturday\",\"Sunday\"],\"opens\":\"09:00\",\"closes\":\"17:00\"}]},{\"@type\":\"ImageObject\",\"inLanguage\":\"en-US\",\"@id\":\"https:\\\/\\\/spawlab.pl\\\/en\\\/produkt\\\/spartus-drut-spawalniczy-er70s-6-sg2-d300-15kg-1-2mm\\\/#local-main-organization-logo\",\"url\":\"https:\\\/\\\/spawlab.pl\\\/wp-content\\\/uploads\\\/2022\\\/01\\\/olx.jpg\",\"contentUrl\":\"https:\\\/\\\/spawlab.pl\\\/wp-content\\\/uploads\\\/2022\\\/01\\\/olx.jpg\",\"width\":200,\"height\":200,\"caption\":\"Spawlab.pl\"}]}<\/script>\n<meta property=\"product:price:amount\" content=\"127.54\" \/>\n<meta property=\"product:price:currency\" content=\"PLN\" \/>\n<meta property=\"og:availability\" content=\"out of stock\" \/>\n<meta property=\"product:availability\" content=\"out of stock\" \/>\n<meta property=\"product:retailer_item_id\" content=\"M-ER70S-6-12-B300\" \/>\n<meta property=\"product:condition\" content=\"new\" \/>\n<!-- \/ Yoast SEO Premium plugin. -->","yoast_head_json":{"title":"Spartus Drut spawalniczy ER70S-6 [SG2] D300 15kg 1.2mm - SpawLab - Welding equipment and plasma cutters - store and service","description":"Lider sprzeda\u017cy, Oficjalny Dystrybutor Premium i Serwis na Polsk\u0119 Migatronic, Gys, Voestalpine Bohler Welding. Nowe i u\u017cywane Spawarki, Przecinarki Plazmowe, Kompresory. Mgr in\u017c. Jaros\u0142aw Ko\u0142aski, IWE","robots":{"index":"index","follow":"follow","max-snippet":"max-snippet:-1","max-image-preview":"max-image-preview:large","max-video-preview":"max-video-preview:-1"},"canonical":"https:\/\/spawlab.pl\/en\/produkt\/spartus-drut-spawalniczy-er70s-6-sg2-d300-15kg-1-2mm\/","og_locale":"en_US","og_type":"article","og_title":"Spartus Drut spawalniczy ER70S-6 [SG2] D300 15kg 1.2mm","og_description":"Lider sprzeda\u017cy, Oficjalny Dystrybutor Premium i Serwis na Polsk\u0119 Migatronic, Gys, Voestalpine Bohler Welding. Nowe i u\u017cywane Spawarki, Przecinarki Plazmowe, Kompresory. Mgr in\u017c. Jaros\u0142aw Ko\u0142aski, IWE","og_url":"https:\/\/spawlab.pl\/en\/produkt\/spartus-drut-spawalniczy-er70s-6-sg2-d300-15kg-1-2mm\/","og_site_name":"SpawLab - Welding equipment and plasma cutters - store and service","article_publisher":"https:\/\/www.facebook.com\/Spawlab\/","article_modified_time":"2026-03-31T15:16:07+00:00","og_image":[{"width":1000,"height":1000,"url":"https:\/\/spawlab.pl\/wp-content\/uploads\/2025\/10\/m-er70s-6-12-b300_1c.jpg","type":"image\/jpeg"}],"twitter_misc":{"Price":"127,54&nbsp;&#122;&#322; (103,69&nbsp;&#122;&#322; netto)","Availability":"Out of stock"},"schema":{"@context":"https:\/\/schema.org","@graph":[{"@type":["WebPage","ItemPage"],"@id":"https:\/\/spawlab.pl\/en\/produkt\/spartus-drut-spawalniczy-er70s-6-sg2-d300-15kg-1-2mm\/","url":"https:\/\/spawlab.pl\/en\/produkt\/spartus-drut-spawalniczy-er70s-6-sg2-d300-15kg-1-2mm\/","name":"Spartus Drut spawalniczy ER70S-6 [SG2] D300 15kg 1.2mm - SpawLab - Welding equipment and plasma cutters - store and service","isPartOf":{"@id":"https:\/\/spawlab.pl\/en\/#website"},"primaryImageOfPage":{"@id":"https:\/\/spawlab.pl\/en\/produkt\/spartus-drut-spawalniczy-er70s-6-sg2-d300-15kg-1-2mm\/#primaryimage"},"image":{"@id":"https:\/\/spawlab.pl\/en\/produkt\/spartus-drut-spawalniczy-er70s-6-sg2-d300-15kg-1-2mm\/#primaryimage"},"thumbnailUrl":"https:\/\/spawlab.pl\/wp-content\/uploads\/2025\/10\/m-er70s-6-12-b300_1c.jpg","datePublished":"2026-03-31T15:16:06+00:00","dateModified":"2026-03-31T15:16:07+00:00","description":"Lider sprzeda\u017cy, Oficjalny Dystrybutor Premium i Serwis na Polsk\u0119 Migatronic, Gys, Voestalpine Bohler Welding. Nowe i u\u017cywane Spawarki, Przecinarki Plazmowe, Kompresory. Mgr in\u017c. Jaros\u0142aw Ko\u0142aski, IWE","breadcrumb":{"@id":"https:\/\/spawlab.pl\/en\/produkt\/spartus-drut-spawalniczy-er70s-6-sg2-d300-15kg-1-2mm\/#breadcrumb"},"inLanguage":"en-US","potentialAction":[{"@type":"ReadAction","target":["https:\/\/spawlab.pl\/en\/produkt\/spartus-drut-spawalniczy-er70s-6-sg2-d300-15kg-1-2mm\/"]}]},{"@type":"ImageObject","inLanguage":"en-US","@id":"https:\/\/spawlab.pl\/en\/produkt\/spartus-drut-spawalniczy-er70s-6-sg2-d300-15kg-1-2mm\/#primaryimage","url":"https:\/\/spawlab.pl\/wp-content\/uploads\/2025\/10\/m-er70s-6-12-b300_1c.jpg","contentUrl":"https:\/\/spawlab.pl\/wp-content\/uploads\/2025\/10\/m-er70s-6-12-b300_1c.jpg","width":1000,"height":1000},{"@type":"BreadcrumbList","@id":"https:\/\/spawlab.pl\/en\/produkt\/spartus-drut-spawalniczy-er70s-6-sg2-d300-15kg-1-2mm\/#breadcrumb","itemListElement":[{"@type":"ListItem","position":1,"name":"Strona g\u0142\u00f3wna","item":"https:\/\/spawlab.pl\/en\/"},{"@type":"ListItem","position":2,"name":"Store","item":"https:\/\/spawlab.pl\/en\/shop\/"},{"@type":"ListItem","position":3,"name":"Spartus Drut spawalniczy ER70S-6 [SG2] D300 15kg 1.2mm"}]},{"@type":"WebSite","@id":"https:\/\/spawlab.pl\/en\/#website","url":"https:\/\/spawlab.pl\/en\/","name":"Spawlab.pl Lider - Spawarki, Przecinarki Plazmowe, Kompresory","description":"Urz\u0105dzenia spawalnicze i Przecinarki plazmowe\/ nowe i u\u017cywane \/ Profesjonalny serwis","publisher":{"@id":"https:\/\/spawlab.pl\/en\/#organization"},"alternateName":"Spawlab.pl - Dystrybutor Premium i Serwis na Polske Migatronic, Gys, Voestalpine Bohler Welding","potentialAction":[{"@type":"SearchAction","target":{"@type":"EntryPoint","urlTemplate":"https:\/\/spawlab.pl\/en\/?s={search_term_string}"},"query-input":{"@type":"PropertyValueSpecification","valueRequired":true,"valueName":"search_term_string"}}],"inLanguage":"en-US"},{"@type":["Organization","Place"],"@id":"https:\/\/spawlab.pl\/en\/#organization","name":"Spawlab.pl","url":"https:\/\/spawlab.pl\/en\/","logo":{"@id":"https:\/\/spawlab.pl\/en\/produkt\/spartus-drut-spawalniczy-er70s-6-sg2-d300-15kg-1-2mm\/#local-main-organization-logo"},"image":{"@id":"https:\/\/spawlab.pl\/en\/produkt\/spartus-drut-spawalniczy-er70s-6-sg2-d300-15kg-1-2mm\/#local-main-organization-logo"},"sameAs":["https:\/\/www.facebook.com\/Spawlab\/","https:\/\/www.linkedin.com\/company\/spawlab","https:\/\/www.instagram.com\/spawlab.pl","https:\/\/www.tiktok.com\/@spawlab"],"description":"Lider sprzeda\u017cy, Oficjalny Dystrybutor Premium i Serwis na Polsk\u0119 Migatronic, Gys, Voestalpine Bohler Welding. Nowe i u\u017cywane Spawarki, Przecinarki Plazmowe, Kompresory. Mgr in\u017c. Jaros\u0142aw Ko\u0142aski, IWE","hasMerchantReturnPolicy":{"@type":"MerchantReturnPolicy","merchantReturnLink":"https:\/\/spawlab.pl\/polityka-prywatnosci-2\/"},"telephone":[],"openingHoursSpecification":[{"@type":"OpeningHoursSpecification","dayOfWeek":["Monday","Tuesday","Wednesday","Thursday","Friday","Saturday","Sunday"],"opens":"09:00","closes":"17:00"}]},{"@type":"ImageObject","inLanguage":"en-US","@id":"https:\/\/spawlab.pl\/en\/produkt\/spartus-drut-spawalniczy-er70s-6-sg2-d300-15kg-1-2mm\/#local-main-organization-logo","url":"https:\/\/spawlab.pl\/wp-content\/uploads\/2022\/01\/olx.jpg","contentUrl":"https:\/\/spawlab.pl\/wp-content\/uploads\/2022\/01\/olx.jpg","width":200,"height":200,"caption":"Spawlab.pl"}]},"product_price_amount":"127.54","product_price_currency":"PLN","og_availability":"out of stock","product_availability":"out of stock","product_retailer_item_id":"M-ER70S-6-12-B300","product_condition":"new"},"_links":{"self":[{"href":"https:\/\/spawlab.pl\/en\/wp-json\/wp\/v2\/product\/58613","targetHints":{"allow":["GET"]}}],"collection":[{"href":"https:\/\/spawlab.pl\/en\/wp-json\/wp\/v2\/product"}],"about":[{"href":"https:\/\/spawlab.pl\/en\/wp-json\/wp\/v2\/types\/product"}],"wp:featuredmedia":[{"embeddable":true,"href":"https:\/\/spawlab.pl\/en\/wp-json\/wp\/v2\/media\/58614"}],"wp:attachment":[{"href":"https:\/\/spawlab.pl\/en\/wp-json\/wp\/v2\/media?parent=58613"}],"wp:term":[{"taxonomy":"product_brand","embeddable":true,"href":"https:\/\/spawlab.pl\/en\/wp-json\/wp\/v2\/product_brand?post=58613"},{"taxonomy":"product_cat","embeddable":true,"href":"https:\/\/spawlab.pl\/en\/wp-json\/wp\/v2\/product_cat?post=58613"},{"taxonomy":"product_tag","embeddable":true,"href":"https:\/\/spawlab.pl\/en\/wp-json\/wp\/v2\/product_tag?post=58613"}],"curies":[{"name":"wp","href":"https:\/\/api.w.org\/{rel}","templated":true}]}}