{"id":58648,"date":"2026-03-26T07:15:38","date_gmt":"2026-03-26T06:15:38","guid":{"rendered":"https:\/\/spawlab.pl\/?post_type=product&#038;p=58648"},"modified":"2026-03-26T07:15:38","modified_gmt":"2026-03-26T06:15:38","slug":"spartus-odcig-spawalniczy-aeroclean-eco-1600-2m","status":"publish","type":"product","link":"https:\/\/spawlab.pl\/en\/produkt\/spartus-odcig-spawalniczy-aeroclean-eco-1600-2m\/","title":{"rendered":"Spartus Odci&#x105;g spawalniczy AeroClean Eco 1600 2m"},"content":{"rendered":"<p><![CDATA[ \n\n<h2><span style=\"font-size:26px;\">Odci&#x105;gi spawalnicze SPARTUS&reg; AeroClean Eco<\/span><\/h2>\n\n<br \/>&#xD;\n<br \/>&#xD;\n\n\n<p style=\"text-align: justify;\">Odci&#x105;gi spawalnicze&nbsp;<strong>SPARTUS&reg; AeroClean Eco<\/strong>&nbsp;to efektywne i ekonomiczne rozwi&#x105;zanie do odprowadzania zanieczyszcze&#x144; powietrza. Wyposa&#x17C;one w elastyczny przew&oacute;d z samono&#x15B;n&#x105; konstrukcj&#x105; wewn&#x119;trzn&#x105;, wspornik &#x15B;cienny oraz wydajny wentylator, zapewnia skuteczne usuwanie lotnych zanieczyszcze&#x144; powietrza. Idealny do sporadycznych prac spawalniczych, przeznaczony do lekkich i nieagresywnych zanieczyszcze&#x144;.<\/p>\n\n<br \/>&#xD;\n<br \/>&#xD;\n\n\n<ul>&#xD;\n\t\n\n<li><strong>Lekka budowa<\/strong>: Zastosowanie lekkich, a jednocze&#x15B;nie wytrzyma&#x142;ych materia&#x142;&oacute;w zapewnia wygodn&#x105; obs&#x142;ug&#x119; i &#x142;atwy monta&#x17C;.<\/li>\n\n<br \/>&#xD;\n\t\n\n<li><strong>Wewn&#x119;trzna konstrukcja wsporcza: <\/strong>Samono&#x15B;na konstrukcja przewodu gwarantuje stabilno&#x15B;&#x107;, precyzyjne ustawienie i trwa&#x142;o&#x15B;&#x107; systemu.<\/li>\n\n<br \/>&#xD;\n\t\n\n<li><strong>&#x141;atwe i stabilne manewrowanie: <\/strong>Przemy&#x15B;lana budowa umo&#x17C;liwia p&#x142;ynne i precyzyjne ustawienie ramienia w &#x17C;&#x105;danej pozycji.<\/li>\n\n<br \/>&#xD;\n<\/ul>\n\n<br \/>&#xD;\n<br \/>&#xD;\n\n\n<p style=\"text-align: center;\"><img decoding=\"async\" alt=\"Spartus AeroClean Eco\" data-src=\"https:\/\/novweld24.pl\/\/upload\/getfile\/950549297\/aeroclean_art3.jpg\" style=\"width: 55%;\" \/\" src=\"data:image\/svg+xml;base64,PHN2ZyB3aWR0aD0iMSIgaGVpZ2h0PSIxIiB4bWxucz0iaHR0cDovL3d3dy53My5vcmcvMjAwMC9zdmciPjwvc3ZnPg==\" class=\"lazyload\"><\/p>\n\n<br \/>&#xD;\n<br \/>&#xD;\n\n\n<p>Zastosowanie:<\/p>\n\n<br \/>&#xD;\n<br \/>&#xD;\n\n\n<ul>&#xD;\n\t\n\n<li>Prace spawalnicze wymagaj&#x105;ce sporadycznego dzia&#x142;ania odci&#x105;gu<\/li>\n\n<br \/>&#xD;\n\t\n\n<li>Usuwanie lekkich zanieczyszcze&#x144; powietrza<\/li>\n\n<br \/>&#xD;\n\t\n\n<li>Ochrona zdrowia pracownik&oacute;w i poprawa warunk&oacute;w pracy<\/li>\n\n<br \/>&#xD;\n<\/ul>\n\n<br \/> ]]><\/p>\n","protected":false},"excerpt":{"rendered":"<p> Odci&#x105;g spawalniczy AeroClean Eco 1600 2m <\/p>\n","protected":false},"featured_media":58649,"template":"","meta":{"inline_featured_image":false},"product_brand":[17523],"product_cat":[22079,81,18426,17524,3342],"product_tag":[],"class_list":{"0":"post-58648","1":"product","2":"type-product","3":"status-publish","4":"has-post-thumbnail","6":"product_brand-spartus","7":"product_cat-odcigi-spawalnicze","8":"product_cat-akcesoria-czesci","9":"product_cat-filtrowentylacja","10":"product_cat-spartus","11":"product_cat-strefa-marki","12":"pa_moc-075kw","13":"pa_napicie-zasilania-3-400v-10-50-60-hz","14":"pa_osie-obrotu-18422","15":"pa_poziom-emisji-haasu-77-dba","16":"pa_przepyw-1000-m-h","17":"pa_rednica-160mm","18":"pa_ssawka-315mm","19":"pa_wentylator-t075","20":"pa_zasig-2m","22":"first","23":"outofstock","24":"taxable","25":"shipping-taxable","26":"purchasable","27":"product-type-simple"},"yoast_head":"<!-- This site is optimized with the Yoast SEO Premium plugin v27.0 (Yoast SEO v27.3) - https:\/\/yoast.com\/product\/yoast-seo-premium-wordpress\/ -->\n<title>Spartus Odci&#x105;g spawalniczy AeroClean Eco 1600 2m - SpawLab - Welding equipment and plasma cutters - store and service<\/title>\n<meta name=\"description\" content=\"Lider sprzeda\u017cy, Oficjalny Dystrybutor Premium i Serwis na Polsk\u0119 Migatronic, Gys, Voestalpine Bohler Welding. Nowe i u\u017cywane Spawarki, Przecinarki Plazmowe, Kompresory. Mgr in\u017c. Jaros\u0142aw Ko\u0142aski, IWE\" \/>\n<meta name=\"robots\" content=\"index, follow, max-snippet:-1, max-image-preview:large, max-video-preview:-1\" \/>\n<link rel=\"canonical\" href=\"https:\/\/spawlab.pl\/en\/produkt\/spartus-odcig-spawalniczy-aeroclean-eco-1600-2m\/\" \/>\n<meta property=\"og:locale\" content=\"en_US\" \/>\n<meta property=\"og:type\" content=\"article\" \/>\n<meta property=\"og:title\" content=\"Spartus Odci&#x105;g spawalniczy AeroClean Eco 1600 2m\" \/>\n<meta property=\"og:description\" content=\"Lider sprzeda\u017cy, Oficjalny Dystrybutor Premium i Serwis na Polsk\u0119 Migatronic, Gys, Voestalpine Bohler Welding. Nowe i u\u017cywane Spawarki, Przecinarki Plazmowe, Kompresory. Mgr in\u017c. Jaros\u0142aw Ko\u0142aski, IWE\" \/>\n<meta property=\"og:url\" content=\"https:\/\/spawlab.pl\/en\/produkt\/spartus-odcig-spawalniczy-aeroclean-eco-1600-2m\/\" \/>\n<meta property=\"og:site_name\" content=\"SpawLab - Welding equipment and plasma cutters - store and service\" \/>\n<meta property=\"article:publisher\" content=\"https:\/\/www.facebook.com\/Spawlab\/\" \/>\n<meta property=\"og:image\" content=\"https:\/\/spawlab.pl\/wp-content\/uploads\/2025\/10\/sp030-00-552e-1.jpg\" \/>\n\t<meta property=\"og:image:width\" content=\"1000\" \/>\n\t<meta property=\"og:image:height\" content=\"1000\" \/>\n\t<meta property=\"og:image:type\" content=\"image\/jpeg\" \/>\n<meta name=\"twitter:label1\" content=\"Price\" \/>\n\t<meta name=\"twitter:data1\" content=\"8 130,30&nbsp;&#122;&#322; (6 610,00&nbsp;&#122;&#322; netto)\" \/>\n\t<meta name=\"twitter:label2\" content=\"Availability\" \/>\n\t<meta name=\"twitter:data2\" content=\"Out of stock\" \/>\n<script type=\"application\/ld+json\" class=\"yoast-schema-graph\">{\"@context\":\"https:\\\/\\\/schema.org\",\"@graph\":[{\"@type\":[\"WebPage\",\"ItemPage\"],\"@id\":\"https:\\\/\\\/spawlab.pl\\\/en\\\/produkt\\\/spartus-odcig-spawalniczy-aeroclean-eco-1600-2m\\\/\",\"url\":\"https:\\\/\\\/spawlab.pl\\\/en\\\/produkt\\\/spartus-odcig-spawalniczy-aeroclean-eco-1600-2m\\\/\",\"name\":\"Spartus Odci&#x105;g spawalniczy AeroClean Eco 1600 2m - SpawLab - Welding equipment and plasma cutters - store and service\",\"isPartOf\":{\"@id\":\"https:\\\/\\\/spawlab.pl\\\/en\\\/#website\"},\"primaryImageOfPage\":{\"@id\":\"https:\\\/\\\/spawlab.pl\\\/en\\\/produkt\\\/spartus-odcig-spawalniczy-aeroclean-eco-1600-2m\\\/#primaryimage\"},\"image\":{\"@id\":\"https:\\\/\\\/spawlab.pl\\\/en\\\/produkt\\\/spartus-odcig-spawalniczy-aeroclean-eco-1600-2m\\\/#primaryimage\"},\"thumbnailUrl\":\"https:\\\/\\\/spawlab.pl\\\/wp-content\\\/uploads\\\/2025\\\/10\\\/sp030-00-552e-1.jpg\",\"datePublished\":\"2026-03-26T06:15:38+00:00\",\"description\":\"Lider sprzeda\u017cy, Oficjalny Dystrybutor Premium i Serwis na Polsk\u0119 Migatronic, Gys, Voestalpine Bohler Welding. Nowe i u\u017cywane Spawarki, Przecinarki Plazmowe, Kompresory. Mgr in\u017c. Jaros\u0142aw Ko\u0142aski, IWE\",\"breadcrumb\":{\"@id\":\"https:\\\/\\\/spawlab.pl\\\/en\\\/produkt\\\/spartus-odcig-spawalniczy-aeroclean-eco-1600-2m\\\/#breadcrumb\"},\"inLanguage\":\"en-US\",\"potentialAction\":[{\"@type\":\"ReadAction\",\"target\":[\"https:\\\/\\\/spawlab.pl\\\/en\\\/produkt\\\/spartus-odcig-spawalniczy-aeroclean-eco-1600-2m\\\/\"]}]},{\"@type\":\"ImageObject\",\"inLanguage\":\"en-US\",\"@id\":\"https:\\\/\\\/spawlab.pl\\\/en\\\/produkt\\\/spartus-odcig-spawalniczy-aeroclean-eco-1600-2m\\\/#primaryimage\",\"url\":\"https:\\\/\\\/spawlab.pl\\\/wp-content\\\/uploads\\\/2025\\\/10\\\/sp030-00-552e-1.jpg\",\"contentUrl\":\"https:\\\/\\\/spawlab.pl\\\/wp-content\\\/uploads\\\/2025\\\/10\\\/sp030-00-552e-1.jpg\",\"width\":1000,\"height\":1000},{\"@type\":\"BreadcrumbList\",\"@id\":\"https:\\\/\\\/spawlab.pl\\\/en\\\/produkt\\\/spartus-odcig-spawalniczy-aeroclean-eco-1600-2m\\\/#breadcrumb\",\"itemListElement\":[{\"@type\":\"ListItem\",\"position\":1,\"name\":\"Strona g\u0142\u00f3wna\",\"item\":\"https:\\\/\\\/spawlab.pl\\\/en\\\/\"},{\"@type\":\"ListItem\",\"position\":2,\"name\":\"Store\",\"item\":\"https:\\\/\\\/spawlab.pl\\\/en\\\/shop\\\/\"},{\"@type\":\"ListItem\",\"position\":3,\"name\":\"Spartus Odci&#x105;g spawalniczy AeroClean Eco 1600 2m\"}]},{\"@type\":\"WebSite\",\"@id\":\"https:\\\/\\\/spawlab.pl\\\/en\\\/#website\",\"url\":\"https:\\\/\\\/spawlab.pl\\\/en\\\/\",\"name\":\"Spawlab.pl Lider - Spawarki, Przecinarki Plazmowe, Kompresory\",\"description\":\"Urz\u0105dzenia spawalnicze i Przecinarki plazmowe\\\/ nowe i u\u017cywane \\\/ Profesjonalny serwis\",\"publisher\":{\"@id\":\"https:\\\/\\\/spawlab.pl\\\/en\\\/#organization\"},\"alternateName\":\"Spawlab.pl - Dystrybutor Premium i Serwis na Polske Migatronic, Gys, Voestalpine Bohler Welding\",\"potentialAction\":[{\"@type\":\"SearchAction\",\"target\":{\"@type\":\"EntryPoint\",\"urlTemplate\":\"https:\\\/\\\/spawlab.pl\\\/en\\\/?s={search_term_string}\"},\"query-input\":{\"@type\":\"PropertyValueSpecification\",\"valueRequired\":true,\"valueName\":\"search_term_string\"}}],\"inLanguage\":\"en-US\"},{\"@type\":[\"Organization\",\"Place\"],\"@id\":\"https:\\\/\\\/spawlab.pl\\\/en\\\/#organization\",\"name\":\"Spawlab.pl\",\"url\":\"https:\\\/\\\/spawlab.pl\\\/en\\\/\",\"logo\":{\"@id\":\"https:\\\/\\\/spawlab.pl\\\/en\\\/produkt\\\/spartus-odcig-spawalniczy-aeroclean-eco-1600-2m\\\/#local-main-organization-logo\"},\"image\":{\"@id\":\"https:\\\/\\\/spawlab.pl\\\/en\\\/produkt\\\/spartus-odcig-spawalniczy-aeroclean-eco-1600-2m\\\/#local-main-organization-logo\"},\"sameAs\":[\"https:\\\/\\\/www.facebook.com\\\/Spawlab\\\/\",\"https:\\\/\\\/www.linkedin.com\\\/company\\\/spawlab\",\"https:\\\/\\\/www.instagram.com\\\/spawlab.pl\",\"https:\\\/\\\/www.tiktok.com\\\/@spawlab\"],\"description\":\"Lider sprzeda\u017cy, Oficjalny Dystrybutor Premium i Serwis na Polsk\u0119 Migatronic, Gys, Voestalpine Bohler Welding. Nowe i u\u017cywane Spawarki, Przecinarki Plazmowe, Kompresory. Mgr in\u017c. Jaros\u0142aw Ko\u0142aski, IWE\",\"hasMerchantReturnPolicy\":{\"@type\":\"MerchantReturnPolicy\",\"merchantReturnLink\":\"https:\\\/\\\/spawlab.pl\\\/polityka-prywatnosci-2\\\/\"},\"telephone\":[],\"openingHoursSpecification\":[{\"@type\":\"OpeningHoursSpecification\",\"dayOfWeek\":[\"Monday\",\"Tuesday\",\"Wednesday\",\"Thursday\",\"Friday\",\"Saturday\",\"Sunday\"],\"opens\":\"09:00\",\"closes\":\"17:00\"}]},{\"@type\":\"ImageObject\",\"inLanguage\":\"en-US\",\"@id\":\"https:\\\/\\\/spawlab.pl\\\/en\\\/produkt\\\/spartus-odcig-spawalniczy-aeroclean-eco-1600-2m\\\/#local-main-organization-logo\",\"url\":\"https:\\\/\\\/spawlab.pl\\\/wp-content\\\/uploads\\\/2022\\\/01\\\/olx.jpg\",\"contentUrl\":\"https:\\\/\\\/spawlab.pl\\\/wp-content\\\/uploads\\\/2022\\\/01\\\/olx.jpg\",\"width\":200,\"height\":200,\"caption\":\"Spawlab.pl\"}]}<\/script>\n<meta property=\"product:price:amount\" content=\"8130.30\" \/>\n<meta property=\"product:price:currency\" content=\"PLN\" \/>\n<meta property=\"og:availability\" content=\"out of stock\" \/>\n<meta property=\"product:availability\" content=\"out of stock\" \/>\n<meta property=\"product:retailer_item_id\" content=\"SP030-00-552E\" \/>\n<meta property=\"product:condition\" content=\"new\" \/>\n<!-- \/ Yoast SEO Premium plugin. -->","yoast_head_json":{"title":"Spartus Odci&#x105;g spawalniczy AeroClean Eco 1600 2m - SpawLab - Welding equipment and plasma cutters - store and service","description":"Lider sprzeda\u017cy, Oficjalny Dystrybutor Premium i Serwis na Polsk\u0119 Migatronic, Gys, Voestalpine Bohler Welding. Nowe i u\u017cywane Spawarki, Przecinarki Plazmowe, Kompresory. Mgr in\u017c. Jaros\u0142aw Ko\u0142aski, IWE","robots":{"index":"index","follow":"follow","max-snippet":"max-snippet:-1","max-image-preview":"max-image-preview:large","max-video-preview":"max-video-preview:-1"},"canonical":"https:\/\/spawlab.pl\/en\/produkt\/spartus-odcig-spawalniczy-aeroclean-eco-1600-2m\/","og_locale":"en_US","og_type":"article","og_title":"Spartus Odci&#x105;g spawalniczy AeroClean Eco 1600 2m","og_description":"Lider sprzeda\u017cy, Oficjalny Dystrybutor Premium i Serwis na Polsk\u0119 Migatronic, Gys, Voestalpine Bohler Welding. Nowe i u\u017cywane Spawarki, Przecinarki Plazmowe, Kompresory. Mgr in\u017c. Jaros\u0142aw Ko\u0142aski, IWE","og_url":"https:\/\/spawlab.pl\/en\/produkt\/spartus-odcig-spawalniczy-aeroclean-eco-1600-2m\/","og_site_name":"SpawLab - Welding equipment and plasma cutters - store and service","article_publisher":"https:\/\/www.facebook.com\/Spawlab\/","og_image":[{"width":1000,"height":1000,"url":"https:\/\/spawlab.pl\/wp-content\/uploads\/2025\/10\/sp030-00-552e-1.jpg","type":"image\/jpeg"}],"twitter_misc":{"Price":"8 130,30&nbsp;&#122;&#322; (6 610,00&nbsp;&#122;&#322; netto)","Availability":"Out of stock"},"schema":{"@context":"https:\/\/schema.org","@graph":[{"@type":["WebPage","ItemPage"],"@id":"https:\/\/spawlab.pl\/en\/produkt\/spartus-odcig-spawalniczy-aeroclean-eco-1600-2m\/","url":"https:\/\/spawlab.pl\/en\/produkt\/spartus-odcig-spawalniczy-aeroclean-eco-1600-2m\/","name":"Spartus Odci&#x105;g spawalniczy AeroClean Eco 1600 2m - SpawLab - Welding equipment and plasma cutters - store and service","isPartOf":{"@id":"https:\/\/spawlab.pl\/en\/#website"},"primaryImageOfPage":{"@id":"https:\/\/spawlab.pl\/en\/produkt\/spartus-odcig-spawalniczy-aeroclean-eco-1600-2m\/#primaryimage"},"image":{"@id":"https:\/\/spawlab.pl\/en\/produkt\/spartus-odcig-spawalniczy-aeroclean-eco-1600-2m\/#primaryimage"},"thumbnailUrl":"https:\/\/spawlab.pl\/wp-content\/uploads\/2025\/10\/sp030-00-552e-1.jpg","datePublished":"2026-03-26T06:15:38+00:00","description":"Lider sprzeda\u017cy, Oficjalny Dystrybutor Premium i Serwis na Polsk\u0119 Migatronic, Gys, Voestalpine Bohler Welding. Nowe i u\u017cywane Spawarki, Przecinarki Plazmowe, Kompresory. Mgr in\u017c. Jaros\u0142aw Ko\u0142aski, IWE","breadcrumb":{"@id":"https:\/\/spawlab.pl\/en\/produkt\/spartus-odcig-spawalniczy-aeroclean-eco-1600-2m\/#breadcrumb"},"inLanguage":"en-US","potentialAction":[{"@type":"ReadAction","target":["https:\/\/spawlab.pl\/en\/produkt\/spartus-odcig-spawalniczy-aeroclean-eco-1600-2m\/"]}]},{"@type":"ImageObject","inLanguage":"en-US","@id":"https:\/\/spawlab.pl\/en\/produkt\/spartus-odcig-spawalniczy-aeroclean-eco-1600-2m\/#primaryimage","url":"https:\/\/spawlab.pl\/wp-content\/uploads\/2025\/10\/sp030-00-552e-1.jpg","contentUrl":"https:\/\/spawlab.pl\/wp-content\/uploads\/2025\/10\/sp030-00-552e-1.jpg","width":1000,"height":1000},{"@type":"BreadcrumbList","@id":"https:\/\/spawlab.pl\/en\/produkt\/spartus-odcig-spawalniczy-aeroclean-eco-1600-2m\/#breadcrumb","itemListElement":[{"@type":"ListItem","position":1,"name":"Strona g\u0142\u00f3wna","item":"https:\/\/spawlab.pl\/en\/"},{"@type":"ListItem","position":2,"name":"Store","item":"https:\/\/spawlab.pl\/en\/shop\/"},{"@type":"ListItem","position":3,"name":"Spartus Odci&#x105;g spawalniczy AeroClean Eco 1600 2m"}]},{"@type":"WebSite","@id":"https:\/\/spawlab.pl\/en\/#website","url":"https:\/\/spawlab.pl\/en\/","name":"Spawlab.pl Lider - Spawarki, Przecinarki Plazmowe, Kompresory","description":"Urz\u0105dzenia spawalnicze i Przecinarki plazmowe\/ nowe i u\u017cywane \/ Profesjonalny serwis","publisher":{"@id":"https:\/\/spawlab.pl\/en\/#organization"},"alternateName":"Spawlab.pl - Dystrybutor Premium i Serwis na Polske Migatronic, Gys, Voestalpine Bohler Welding","potentialAction":[{"@type":"SearchAction","target":{"@type":"EntryPoint","urlTemplate":"https:\/\/spawlab.pl\/en\/?s={search_term_string}"},"query-input":{"@type":"PropertyValueSpecification","valueRequired":true,"valueName":"search_term_string"}}],"inLanguage":"en-US"},{"@type":["Organization","Place"],"@id":"https:\/\/spawlab.pl\/en\/#organization","name":"Spawlab.pl","url":"https:\/\/spawlab.pl\/en\/","logo":{"@id":"https:\/\/spawlab.pl\/en\/produkt\/spartus-odcig-spawalniczy-aeroclean-eco-1600-2m\/#local-main-organization-logo"},"image":{"@id":"https:\/\/spawlab.pl\/en\/produkt\/spartus-odcig-spawalniczy-aeroclean-eco-1600-2m\/#local-main-organization-logo"},"sameAs":["https:\/\/www.facebook.com\/Spawlab\/","https:\/\/www.linkedin.com\/company\/spawlab","https:\/\/www.instagram.com\/spawlab.pl","https:\/\/www.tiktok.com\/@spawlab"],"description":"Lider sprzeda\u017cy, Oficjalny Dystrybutor Premium i Serwis na Polsk\u0119 Migatronic, Gys, Voestalpine Bohler Welding. Nowe i u\u017cywane Spawarki, Przecinarki Plazmowe, Kompresory. Mgr in\u017c. Jaros\u0142aw Ko\u0142aski, IWE","hasMerchantReturnPolicy":{"@type":"MerchantReturnPolicy","merchantReturnLink":"https:\/\/spawlab.pl\/polityka-prywatnosci-2\/"},"telephone":[],"openingHoursSpecification":[{"@type":"OpeningHoursSpecification","dayOfWeek":["Monday","Tuesday","Wednesday","Thursday","Friday","Saturday","Sunday"],"opens":"09:00","closes":"17:00"}]},{"@type":"ImageObject","inLanguage":"en-US","@id":"https:\/\/spawlab.pl\/en\/produkt\/spartus-odcig-spawalniczy-aeroclean-eco-1600-2m\/#local-main-organization-logo","url":"https:\/\/spawlab.pl\/wp-content\/uploads\/2022\/01\/olx.jpg","contentUrl":"https:\/\/spawlab.pl\/wp-content\/uploads\/2022\/01\/olx.jpg","width":200,"height":200,"caption":"Spawlab.pl"}]},"product_price_amount":"8130.30","product_price_currency":"PLN","og_availability":"out of stock","product_availability":"out of stock","product_retailer_item_id":"SP030-00-552E","product_condition":"new"},"_links":{"self":[{"href":"https:\/\/spawlab.pl\/en\/wp-json\/wp\/v2\/product\/58648","targetHints":{"allow":["GET"]}}],"collection":[{"href":"https:\/\/spawlab.pl\/en\/wp-json\/wp\/v2\/product"}],"about":[{"href":"https:\/\/spawlab.pl\/en\/wp-json\/wp\/v2\/types\/product"}],"wp:featuredmedia":[{"embeddable":true,"href":"https:\/\/spawlab.pl\/en\/wp-json\/wp\/v2\/media\/58649"}],"wp:attachment":[{"href":"https:\/\/spawlab.pl\/en\/wp-json\/wp\/v2\/media?parent=58648"}],"wp:term":[{"taxonomy":"product_brand","embeddable":true,"href":"https:\/\/spawlab.pl\/en\/wp-json\/wp\/v2\/product_brand?post=58648"},{"taxonomy":"product_cat","embeddable":true,"href":"https:\/\/spawlab.pl\/en\/wp-json\/wp\/v2\/product_cat?post=58648"},{"taxonomy":"product_tag","embeddable":true,"href":"https:\/\/spawlab.pl\/en\/wp-json\/wp\/v2\/product_tag?post=58648"}],"curies":[{"name":"wp","href":"https:\/\/api.w.org\/{rel}","templated":true}]}}