{"id":59079,"date":"2026-03-23T21:01:11","date_gmt":"2026-03-23T20:01:11","guid":{"rendered":"https:\/\/spawlab.pl\/?post_type=product&#038;p=59079"},"modified":"2026-03-23T21:01:12","modified_gmt":"2026-03-23T20:01:12","slug":"spartus-easytig-200xp-ac-dc-w-pakiecie-z-uchwytem-mini-spe-17-h10k-4m","status":"publish","type":"product","link":"https:\/\/spawlab.pl\/en\/produkt\/spartus-easytig-200xp-ac-dc-w-pakiecie-z-uchwytem-mini-spe-17-h10k-4m\/","title":{"rendered":"Spartus EasyTIG 200XP AC\/DC w pakiecie z uchwytem mini SPE 17 H10k &#8211; 4m"},"content":{"rendered":"<p><![CDATA[ \n\n<h3><span style=\"color:#3498db;\"><span style=\"font-size:26px;\">SPARTUS&nbsp;EasyTIG 200XP AC\/DC<\/span><\/span> &ndash; KOMPAKTOWA I WSZECHSTRONNA SPAWARKA TIG AC\/DC Z PULSEM<\/h3>\n\n<br \/>&#xD;\n<br \/>&#xD;\n\n\n<p style=\"text-align: justify;\"><strong>SPARTUS&nbsp;EasyTIG 200XP AC\/DC<\/strong> to nowoczesna, inwertorowa spawarka TIG\/MMA AC\/DC, zasilana z sieci jednofazowej 230V. Dzi&#x119;ki zastosowaniu technologii tranzystor&oacute;w IGBT oraz cyfrowemu sterowaniu, urz&#x105;dzenie oferuje szerokie mo&#x17C;liwo&#x15B;ci spawania r&oacute;&#x17C;nymi metodami przy zachowaniu kompaktowych wymiar&oacute;w i niskiej wagi.\n\n&#xD;\n<strong>EasyTIG 200XP AC\/DC<\/strong> to uniwersalne &#x17A;r&oacute;d&#x142;o spawalnicze, kt&oacute;re doskonale sprawdzi si&#x119; zar&oacute;wno w pracach warsztatowych, jak i terenowych, oferuj&#x105;c jednocze&#x15B;nie zaawansowane funkcje, typowe dla znacznie wi&#x119;kszych i dro&#x17C;szych urz&#x105;dze&#x144;.<\/p>\n\n<br \/>&#xD;\n<br \/>&#xD;\n\n\n<h3><span style=\"font-size:18px;\"><img decoding=\"async\" alt=\"Spartus EasyTIG 200xp\" data-src=\"https:\/\/novweld24.pl\/\/upload\/getfile\/607449674\/art-xp.png\" style=\"float: left; width: 450px; height: 393px; margin-left: 20px; margin-right: 20px;\" \/\" src=\"data:image\/svg+xml;base64,PHN2ZyB3aWR0aD0iMSIgaGVpZ2h0PSIxIiB4bWxucz0iaHR0cDovL3d3dy53My5vcmcvMjAwMC9zdmciPjwvc3ZnPg==\" class=\"lazyload\"><\/span><\/h3>\n\n<br \/>&#xD;\n<br \/>&#xD;\n\n\n<h3>&nbsp;<\/h3>\n\n<br \/>&#xD;\n<br \/>&#xD;\n\n\n<h3><span style=\"font-size:18px;\">SPAWANIE TIG<\/span><\/h3>\n\n<br \/>&#xD;\n<br \/>&#xD;\n\n\n<p style=\"text-align: justify;\"><strong>EasyTIG 200XP AC\/DC<\/strong> umo&#x17C;liwia spawanie metod&#x105; TIG w trybach AC i DC, oferuj&#x105;c wyb&oacute;r zajarzenia &#x142;uku: bezstykowego (HF) oraz przez potarcie (Lift). Spawarka zosta&#x142;a wyposa&#x17C;ona w <strong>tryb pulsacyjny<\/strong>, pozwalaj&#x105;cy na precyzyjne &#x142;&#x105;czenie cienkich element&oacute;w z doskona&#x142;&#x105; kontrol&#x105; nad parametrami spawania.<\/p>\n\n<br \/>&#xD;\n<br \/>&#xD;\n\n\n<p>Do dyspozycji u&#x17C;ytkownika oddano m.in.:<\/p>\n\n<br \/>&#xD;\n<br \/>&#xD;\n\n\n<ul>&#xD;\n\t\n\n<li>Regulacj&#x119; kszta&#x142;tu przebiegu AC: prostok&#x105;tny, sinusoidalny, tr&oacute;jk&#x105;tny<\/li>\n\n<br \/>&#xD;\n\t\n\n<li>Regulacj&#x119; balansu AC (20&ndash;80%) oraz cz&#x119;stotliwo&#x15B;ci AC (20&ndash;250Hz)<\/li>\n\n<br \/>&#xD;\n\t\n\n<li>Pe&#x142;ne sterowanie pulsem: pr&#x105;d bazowy, pr&#x105;d impulsu, szeroko&#x15B;&#x107; i cz&#x119;stotliwo&#x15B;&#x107; pulsu (do 200Hz)<\/li>\n\n<br \/>&#xD;\n\t\n\n<li>Kontrol&#x119; czasu pre-gazu i post-gazu, narastania i opadania pr&#x105;du<\/li>\n\n<br \/>&#xD;\n\t\n\n<li>Tryb TIG SPOT i TIG Cold Weld do spawania punktowego i niskotemperaturowego<\/li>\n\n<br \/>&#xD;\n<\/ul>\n\n<br \/>&#xD;\n<br \/>&#xD;\n\n\n<p>Dzi&#x119;ki tym funkcjom urz&#x105;dzenie zapewnia profesjonaln&#x105; jako&#x15B;&#x107; spoin, precyzyjne prowadzenie &#x142;uku oraz mo&#x17C;liwo&#x15B;&#x107; pe&#x142;nej personalizacji ustawie&#x144;.<\/p>\n\n<br \/>&#xD;\n<br \/>&#xD;\n\n\n<h3>&nbsp;<\/h3>\n\n<br \/>&#xD;\n<br \/>&#xD;\n\n\n<h3><span style=\"font-size:18px;\">SPAWANIE MMA<\/span><\/h3>\n\n<br \/>&#xD;\n<br \/>&#xD;\n\n\n<p><strong>EasyTIG 200XP AC\/DC<\/strong> to r&oacute;wnie&#x17C; skuteczne narz&#x119;dzie do spawania elektrod&#x105; otulon&#x105; (MMA) zar&oacute;wno w pr&#x105;dzie sta&#x142;ym (DC), jak i przemiennym (AC). Proces wspierany jest przez funkcje:<\/p>\n\n<br \/>&#xD;\n<br \/>&#xD;\n\n\n<ul>&#xD;\n\t\n\n<li>Hot Start &ndash; u&#x142;atwia zajarzenie &#x142;uku na pocz&#x105;tku spawania<\/li>\n\n<br \/>&#xD;\n\t\n\n<li>Arc Force &ndash; automatycznie dostosowuje dynamik&#x119; &#x142;uku dla lepszej kontroli<\/li>\n\n<br \/>&#xD;\n<\/ul>\n\n<br \/>&#xD;\n<br \/>&#xD;\n\n\n<p>Dzi&#x119;ki temu spawarka radzi sobie nawet z trudnymi elektrodami i w wymagaj&#x105;cych pozycjach roboczych.<\/p>\n\n<br \/>&#xD;\n<br \/>&#xD;\n\n\n<h3><span style=\"font-size:18px;\">KANA&#x141;Y PAMI&#x118;CI<img decoding=\"async\" alt=\"Spartus EasyTIG 200XP - kana&#x142;y pami&#x119;ci\" data-src=\"https:\/\/novweld24.pl\/\/upload\/getfile\/595336812\/kana&#x142;y-pami&#x119;ci.png\" style=\"float: right; width: 200px; height: 121px; margin-left: 10px; margin-right: 10px;\" \/\" src=\"data:image\/svg+xml;base64,PHN2ZyB3aWR0aD0iMSIgaGVpZ2h0PSIxIiB4bWxucz0iaHR0cDovL3d3dy53My5vcmcvMjAwMC9zdmciPjwvc3ZnPg==\" class=\"lazyload\"><\/span><\/h3>\n\n<br \/>&#xD;\n<br \/>&#xD;\n\n\n<p style=\"text-align: justify;\"><strong>SPARTUS&nbsp;EasyTIG 200XP AC\/DC<\/strong> oferuje a&#x17C; 10 kana&#x142;&oacute;w pami&#x119;ci, kt&oacute;re umo&#x17C;liwiaj&#x105; zapisanie i szybkie przywo&#x142;ywanie najcz&#x119;&#x15B;ciej u&#x17C;ywanych ustawie&#x144;. Jest to funkcja szczeg&oacute;lnie przydatna przy pracy z r&oacute;&#x17C;nymi materia&#x142;ami i technikami, pozwalaj&#x105;ca oszcz&#x119;dzi&#x107; czas i zwi&#x119;kszy&#x107; powtarzalno&#x15B;&#x107; spoin.<\/p>\n\n<br \/>&#xD;\n<br \/>&#xD;\n\n\n<h3><span style=\"font-size:18px;\">STEROWANIE<\/span><\/h3>\n\n<br \/>&#xD;\n<br \/>&#xD;\n\n\n<p>Urz&#x105;dzenie mo&#x17C;na obs&#x142;ugiwa&#x107; w trybie 2T lub 4T, z mo&#x17C;liwo&#x15B;ci&#x105; wyboru pomi&#x119;dzy sterowaniem&nbsp;uchwytem&nbsp;TIG 1B lub z potencjometrem,&nbsp;&nbsp;a opcjonalnym sterowaniem no&#x17C;nym. Czytelny, cyfrowy panel steruj&#x105;cy z graficznym przebiegiem TIG u&#x142;atwia konfiguracj&#x119; i dostosowanie parametr&oacute;w do wymaga&#x144; u&#x17C;ytkownika.<\/p>\n\n<br \/>&#xD;\n<br \/>&#xD;\n\n\n<p style=\"text-align: center;\"><img decoding=\"async\" alt=\"Spaetus EasyTIG 200XXP - sterowanie\" data-src=\"https:\/\/novweld24.pl\/\/upload\/getfile\/832970055\/tig-remote-control.jpg\" style=\"width: 200px; height: 118px;\" \/\" src=\"data:image\/svg+xml;base64,PHN2ZyB3aWR0aD0iMSIgaGVpZ2h0PSIxIiB4bWxucz0iaHR0cDovL3d3dy53My5vcmcvMjAwMC9zdmciPjwvc3ZnPg==\" class=\"lazyload\">&nbsp;<img decoding=\"async\" alt=\"Spaetus EasyTIG 200XXP - sterowanie no&#x17C;ne\" data-src=\"https:\/\/novweld24.pl\/\/upload\/getfile\/165580196\/tig-foot-control.png\" style=\"width: 200px; height: 120px;\" \/\" src=\"data:image\/svg+xml;base64,PHN2ZyB3aWR0aD0iMSIgaGVpZ2h0PSIxIiB4bWxucz0iaHR0cDovL3d3dy53My5vcmcvMjAwMC9zdmciPjwvc3ZnPg==\" class=\"lazyload\"><\/p>\n\n<br \/>&#xD;\n<br \/>&#xD;\n\n\n<p style=\"text-align: center;\"><img decoding=\"async\" alt=\"Spartus EasyTIG 200XP - sterowanie\" data-src=\"https:\/\/novweld24.pl\/\/upload\/getfile\/367501956\/easytig200xp-w-prawo.png\" style=\"width: 450px; height: 411px;\" \/\" src=\"data:image\/svg+xml;base64,PHN2ZyB3aWR0aD0iMSIgaGVpZ2h0PSIxIiB4bWxucz0iaHR0cDovL3d3dy53My5vcmcvMjAwMC9zdmciPjwvc3ZnPg==\" class=\"lazyload\"><\/p>\n\n<br \/>&#xD;\n<br \/>&#xD;\n\n\n<p><strong>SPARTUS&nbsp;EasyTIG 200XP AC\/DC <\/strong>to zaawansowane, kompaktowe &#x17A;r&oacute;d&#x142;o spawalnicze, kt&oacute;re zapewnia precyzyjne spawanie TIG i MMA. Dzi&#x119;ki intuicyjnej obs&#x142;udze, szerokim funkcjom i mobilno&#x15B;ci stanowi doskona&#x142;e rozwi&#x105;zanie dla profesjonalist&oacute;w oczekuj&#x105;cych jako&#x15B;ci, niezawodno&#x15B;ci i wygody w codziennej pracy.<\/p>\n\n<br \/> ]]><\/p>\n","protected":false},"excerpt":{"rendered":"<p> EasyTIG 200XP AC\/DC w pakiecie z uchwytem mini SPE 17 H10k &#8211; 4m <\/p>\n","protected":false},"featured_media":59080,"template":"","meta":{"inline_featured_image":false},"product_brand":[17523],"product_cat":[21933,81,17524,3342,21895],"product_tag":[],"class_list":{"0":"post-59079","1":"product","2":"type-product","3":"status-publish","4":"has-post-thumbnail","6":"product_brand-spartus","7":"product_cat-tig","8":"product_cat-akcesoria-czesci","9":"product_cat-spartus","10":"product_cat-strefa-marki","11":"product_cat-urzdzenia","12":"pa_czas-narastania-prdu-0-5s","13":"pa_hot-start-17737","14":"pa_napicie-zasilania-1-230v-10-50-60-hz","15":"pa_prd-spawania-mma-10-200a","16":"pa_prd-spawania-tig-ac-10-200-dc-10-200","17":"pa_przycze-9spa-spartus","18":"pa_spawanie-punktowe-spot-18473","19":"pa_tryb-pracy-2t-4t-17752","20":"pa_wspczynnik-mocy-cos-0-73","22":"first","23":"instock","24":"taxable","25":"shipping-taxable","26":"purchasable","27":"product-type-simple"},"yoast_head":"<!-- This site is optimized with the Yoast SEO Premium plugin v27.0 (Yoast SEO v27.3) - https:\/\/yoast.com\/product\/yoast-seo-premium-wordpress\/ -->\n<title>Spartus EasyTIG 200XP AC\/DC w pakiecie z uchwytem mini SPE 17 H10k - 4m - SpawLab - Welding equipment and plasma cutters - store and service<\/title>\n<meta name=\"description\" content=\"Lider sprzeda\u017cy, Oficjalny Dystrybutor Premium i Serwis na Polsk\u0119 Migatronic, Gys, Voestalpine Bohler Welding. Nowe i u\u017cywane Spawarki, Przecinarki Plazmowe, Kompresory. Mgr in\u017c. Jaros\u0142aw Ko\u0142aski, IWE\" \/>\n<meta name=\"robots\" content=\"index, follow, max-snippet:-1, max-image-preview:large, max-video-preview:-1\" \/>\n<link rel=\"canonical\" href=\"https:\/\/spawlab.pl\/en\/produkt\/spartus-easytig-200xp-ac-dc-w-pakiecie-z-uchwytem-mini-spe-17-h10k-4m\/\" \/>\n<meta property=\"og:locale\" content=\"en_US\" \/>\n<meta property=\"og:type\" content=\"article\" \/>\n<meta property=\"og:title\" content=\"Spartus EasyTIG 200XP AC\/DC w pakiecie z uchwytem mini SPE 17 H10k - 4m\" \/>\n<meta property=\"og:description\" content=\"Lider sprzeda\u017cy, Oficjalny Dystrybutor Premium i Serwis na Polsk\u0119 Migatronic, Gys, Voestalpine Bohler Welding. Nowe i u\u017cywane Spawarki, Przecinarki Plazmowe, Kompresory. Mgr in\u017c. Jaros\u0142aw Ko\u0142aski, IWE\" \/>\n<meta property=\"og:url\" content=\"https:\/\/spawlab.pl\/en\/produkt\/spartus-easytig-200xp-ac-dc-w-pakiecie-z-uchwytem-mini-spe-17-h10k-4m\/\" \/>\n<meta property=\"og:site_name\" content=\"SpawLab - Welding equipment and plasma cutters - store and service\" \/>\n<meta property=\"article:publisher\" content=\"https:\/\/www.facebook.com\/Spawlab\/\" \/>\n<meta property=\"article:modified_time\" content=\"2026-03-23T20:01:12+00:00\" \/>\n<meta property=\"og:image\" content=\"https:\/\/spawlab.pl\/wp-content\/uploads\/2025\/10\/easytig200xpacdc-001-2.jpg\" \/>\n\t<meta property=\"og:image:width\" content=\"1000\" \/>\n\t<meta property=\"og:image:height\" content=\"1000\" \/>\n\t<meta property=\"og:image:type\" content=\"image\/jpeg\" \/>\n<meta name=\"twitter:label1\" content=\"Price\" \/>\n\t<meta name=\"twitter:data1\" content=\"3 122,97&nbsp;&#122;&#322; (2 539,00&nbsp;&#122;&#322; netto)\" \/>\n\t<meta name=\"twitter:label2\" content=\"Availability\" \/>\n\t<meta name=\"twitter:data2\" content=\"In stock\" \/>\n<script type=\"application\/ld+json\" class=\"yoast-schema-graph\">{\"@context\":\"https:\\\/\\\/schema.org\",\"@graph\":[{\"@type\":[\"WebPage\",\"ItemPage\"],\"@id\":\"https:\\\/\\\/spawlab.pl\\\/en\\\/produkt\\\/spartus-easytig-200xp-ac-dc-w-pakiecie-z-uchwytem-mini-spe-17-h10k-4m\\\/\",\"url\":\"https:\\\/\\\/spawlab.pl\\\/en\\\/produkt\\\/spartus-easytig-200xp-ac-dc-w-pakiecie-z-uchwytem-mini-spe-17-h10k-4m\\\/\",\"name\":\"Spartus EasyTIG 200XP AC\\\/DC w pakiecie z uchwytem mini SPE 17 H10k - 4m - SpawLab - Welding equipment and plasma cutters - store and service\",\"isPartOf\":{\"@id\":\"https:\\\/\\\/spawlab.pl\\\/en\\\/#website\"},\"primaryImageOfPage\":{\"@id\":\"https:\\\/\\\/spawlab.pl\\\/en\\\/produkt\\\/spartus-easytig-200xp-ac-dc-w-pakiecie-z-uchwytem-mini-spe-17-h10k-4m\\\/#primaryimage\"},\"image\":{\"@id\":\"https:\\\/\\\/spawlab.pl\\\/en\\\/produkt\\\/spartus-easytig-200xp-ac-dc-w-pakiecie-z-uchwytem-mini-spe-17-h10k-4m\\\/#primaryimage\"},\"thumbnailUrl\":\"https:\\\/\\\/spawlab.pl\\\/wp-content\\\/uploads\\\/2025\\\/10\\\/easytig200xpacdc-001-2.jpg\",\"datePublished\":\"2026-03-23T20:01:11+00:00\",\"dateModified\":\"2026-03-23T20:01:12+00:00\",\"description\":\"Lider sprzeda\u017cy, Oficjalny Dystrybutor Premium i Serwis na Polsk\u0119 Migatronic, Gys, Voestalpine Bohler Welding. Nowe i u\u017cywane Spawarki, Przecinarki Plazmowe, Kompresory. Mgr in\u017c. Jaros\u0142aw Ko\u0142aski, IWE\",\"breadcrumb\":{\"@id\":\"https:\\\/\\\/spawlab.pl\\\/en\\\/produkt\\\/spartus-easytig-200xp-ac-dc-w-pakiecie-z-uchwytem-mini-spe-17-h10k-4m\\\/#breadcrumb\"},\"inLanguage\":\"en-US\",\"potentialAction\":[{\"@type\":\"ReadAction\",\"target\":[\"https:\\\/\\\/spawlab.pl\\\/en\\\/produkt\\\/spartus-easytig-200xp-ac-dc-w-pakiecie-z-uchwytem-mini-spe-17-h10k-4m\\\/\"]}]},{\"@type\":\"ImageObject\",\"inLanguage\":\"en-US\",\"@id\":\"https:\\\/\\\/spawlab.pl\\\/en\\\/produkt\\\/spartus-easytig-200xp-ac-dc-w-pakiecie-z-uchwytem-mini-spe-17-h10k-4m\\\/#primaryimage\",\"url\":\"https:\\\/\\\/spawlab.pl\\\/wp-content\\\/uploads\\\/2025\\\/10\\\/easytig200xpacdc-001-2.jpg\",\"contentUrl\":\"https:\\\/\\\/spawlab.pl\\\/wp-content\\\/uploads\\\/2025\\\/10\\\/easytig200xpacdc-001-2.jpg\",\"width\":1000,\"height\":1000},{\"@type\":\"BreadcrumbList\",\"@id\":\"https:\\\/\\\/spawlab.pl\\\/en\\\/produkt\\\/spartus-easytig-200xp-ac-dc-w-pakiecie-z-uchwytem-mini-spe-17-h10k-4m\\\/#breadcrumb\",\"itemListElement\":[{\"@type\":\"ListItem\",\"position\":1,\"name\":\"Strona g\u0142\u00f3wna\",\"item\":\"https:\\\/\\\/spawlab.pl\\\/en\\\/\"},{\"@type\":\"ListItem\",\"position\":2,\"name\":\"Store\",\"item\":\"https:\\\/\\\/spawlab.pl\\\/en\\\/shop\\\/\"},{\"@type\":\"ListItem\",\"position\":3,\"name\":\"Spartus EasyTIG 200XP AC\\\/DC w pakiecie z uchwytem mini SPE 17 H10k - 4m\"}]},{\"@type\":\"WebSite\",\"@id\":\"https:\\\/\\\/spawlab.pl\\\/en\\\/#website\",\"url\":\"https:\\\/\\\/spawlab.pl\\\/en\\\/\",\"name\":\"Spawlab.pl Lider - Spawarki, Przecinarki Plazmowe, Kompresory\",\"description\":\"Urz\u0105dzenia spawalnicze i Przecinarki plazmowe\\\/ nowe i u\u017cywane \\\/ Profesjonalny serwis\",\"publisher\":{\"@id\":\"https:\\\/\\\/spawlab.pl\\\/en\\\/#organization\"},\"alternateName\":\"Spawlab.pl - Dystrybutor Premium i Serwis na Polske Migatronic, Gys, Voestalpine Bohler Welding\",\"potentialAction\":[{\"@type\":\"SearchAction\",\"target\":{\"@type\":\"EntryPoint\",\"urlTemplate\":\"https:\\\/\\\/spawlab.pl\\\/en\\\/?s={search_term_string}\"},\"query-input\":{\"@type\":\"PropertyValueSpecification\",\"valueRequired\":true,\"valueName\":\"search_term_string\"}}],\"inLanguage\":\"en-US\"},{\"@type\":[\"Organization\",\"Place\"],\"@id\":\"https:\\\/\\\/spawlab.pl\\\/en\\\/#organization\",\"name\":\"Spawlab.pl\",\"url\":\"https:\\\/\\\/spawlab.pl\\\/en\\\/\",\"logo\":{\"@id\":\"https:\\\/\\\/spawlab.pl\\\/en\\\/produkt\\\/spartus-easytig-200xp-ac-dc-w-pakiecie-z-uchwytem-mini-spe-17-h10k-4m\\\/#local-main-organization-logo\"},\"image\":{\"@id\":\"https:\\\/\\\/spawlab.pl\\\/en\\\/produkt\\\/spartus-easytig-200xp-ac-dc-w-pakiecie-z-uchwytem-mini-spe-17-h10k-4m\\\/#local-main-organization-logo\"},\"sameAs\":[\"https:\\\/\\\/www.facebook.com\\\/Spawlab\\\/\",\"https:\\\/\\\/www.linkedin.com\\\/company\\\/spawlab\",\"https:\\\/\\\/www.instagram.com\\\/spawlab.pl\",\"https:\\\/\\\/www.tiktok.com\\\/@spawlab\"],\"description\":\"Lider sprzeda\u017cy, Oficjalny Dystrybutor Premium i Serwis na Polsk\u0119 Migatronic, Gys, Voestalpine Bohler Welding. Nowe i u\u017cywane Spawarki, Przecinarki Plazmowe, Kompresory. Mgr in\u017c. Jaros\u0142aw Ko\u0142aski, IWE\",\"hasMerchantReturnPolicy\":{\"@type\":\"MerchantReturnPolicy\",\"merchantReturnLink\":\"https:\\\/\\\/spawlab.pl\\\/polityka-prywatnosci-2\\\/\"},\"telephone\":[],\"openingHoursSpecification\":[{\"@type\":\"OpeningHoursSpecification\",\"dayOfWeek\":[\"Monday\",\"Tuesday\",\"Wednesday\",\"Thursday\",\"Friday\",\"Saturday\",\"Sunday\"],\"opens\":\"09:00\",\"closes\":\"17:00\"}]},{\"@type\":\"ImageObject\",\"inLanguage\":\"en-US\",\"@id\":\"https:\\\/\\\/spawlab.pl\\\/en\\\/produkt\\\/spartus-easytig-200xp-ac-dc-w-pakiecie-z-uchwytem-mini-spe-17-h10k-4m\\\/#local-main-organization-logo\",\"url\":\"https:\\\/\\\/spawlab.pl\\\/wp-content\\\/uploads\\\/2022\\\/01\\\/olx.jpg\",\"contentUrl\":\"https:\\\/\\\/spawlab.pl\\\/wp-content\\\/uploads\\\/2022\\\/01\\\/olx.jpg\",\"width\":200,\"height\":200,\"caption\":\"Spawlab.pl\"}]}<\/script>\n<meta property=\"product:price:amount\" content=\"3122.97\" \/>\n<meta property=\"product:price:currency\" content=\"PLN\" \/>\n<meta property=\"og:availability\" content=\"instock\" \/>\n<meta property=\"product:availability\" content=\"instock\" \/>\n<meta property=\"product:retailer_item_id\" content=\"EASYTIG200XPACDC-PAK-17-10K-4\" \/>\n<meta property=\"product:condition\" content=\"new\" \/>\n<!-- \/ Yoast SEO Premium plugin. -->","yoast_head_json":{"title":"Spartus EasyTIG 200XP AC\/DC w pakiecie z uchwytem mini SPE 17 H10k - 4m - SpawLab - Welding equipment and plasma cutters - store and service","description":"Lider sprzeda\u017cy, Oficjalny Dystrybutor Premium i Serwis na Polsk\u0119 Migatronic, Gys, Voestalpine Bohler Welding. Nowe i u\u017cywane Spawarki, Przecinarki Plazmowe, Kompresory. Mgr in\u017c. Jaros\u0142aw Ko\u0142aski, IWE","robots":{"index":"index","follow":"follow","max-snippet":"max-snippet:-1","max-image-preview":"max-image-preview:large","max-video-preview":"max-video-preview:-1"},"canonical":"https:\/\/spawlab.pl\/en\/produkt\/spartus-easytig-200xp-ac-dc-w-pakiecie-z-uchwytem-mini-spe-17-h10k-4m\/","og_locale":"en_US","og_type":"article","og_title":"Spartus EasyTIG 200XP AC\/DC w pakiecie z uchwytem mini SPE 17 H10k - 4m","og_description":"Lider sprzeda\u017cy, Oficjalny Dystrybutor Premium i Serwis na Polsk\u0119 Migatronic, Gys, Voestalpine Bohler Welding. Nowe i u\u017cywane Spawarki, Przecinarki Plazmowe, Kompresory. Mgr in\u017c. Jaros\u0142aw Ko\u0142aski, IWE","og_url":"https:\/\/spawlab.pl\/en\/produkt\/spartus-easytig-200xp-ac-dc-w-pakiecie-z-uchwytem-mini-spe-17-h10k-4m\/","og_site_name":"SpawLab - Welding equipment and plasma cutters - store and service","article_publisher":"https:\/\/www.facebook.com\/Spawlab\/","article_modified_time":"2026-03-23T20:01:12+00:00","og_image":[{"width":1000,"height":1000,"url":"https:\/\/spawlab.pl\/wp-content\/uploads\/2025\/10\/easytig200xpacdc-001-2.jpg","type":"image\/jpeg"}],"twitter_misc":{"Price":"3 122,97&nbsp;&#122;&#322; (2 539,00&nbsp;&#122;&#322; netto)","Availability":"In stock"},"schema":{"@context":"https:\/\/schema.org","@graph":[{"@type":["WebPage","ItemPage"],"@id":"https:\/\/spawlab.pl\/en\/produkt\/spartus-easytig-200xp-ac-dc-w-pakiecie-z-uchwytem-mini-spe-17-h10k-4m\/","url":"https:\/\/spawlab.pl\/en\/produkt\/spartus-easytig-200xp-ac-dc-w-pakiecie-z-uchwytem-mini-spe-17-h10k-4m\/","name":"Spartus EasyTIG 200XP AC\/DC w pakiecie z uchwytem mini SPE 17 H10k - 4m - SpawLab - Welding equipment and plasma cutters - store and service","isPartOf":{"@id":"https:\/\/spawlab.pl\/en\/#website"},"primaryImageOfPage":{"@id":"https:\/\/spawlab.pl\/en\/produkt\/spartus-easytig-200xp-ac-dc-w-pakiecie-z-uchwytem-mini-spe-17-h10k-4m\/#primaryimage"},"image":{"@id":"https:\/\/spawlab.pl\/en\/produkt\/spartus-easytig-200xp-ac-dc-w-pakiecie-z-uchwytem-mini-spe-17-h10k-4m\/#primaryimage"},"thumbnailUrl":"https:\/\/spawlab.pl\/wp-content\/uploads\/2025\/10\/easytig200xpacdc-001-2.jpg","datePublished":"2026-03-23T20:01:11+00:00","dateModified":"2026-03-23T20:01:12+00:00","description":"Lider sprzeda\u017cy, Oficjalny Dystrybutor Premium i Serwis na Polsk\u0119 Migatronic, Gys, Voestalpine Bohler Welding. Nowe i u\u017cywane Spawarki, Przecinarki Plazmowe, Kompresory. Mgr in\u017c. Jaros\u0142aw Ko\u0142aski, IWE","breadcrumb":{"@id":"https:\/\/spawlab.pl\/en\/produkt\/spartus-easytig-200xp-ac-dc-w-pakiecie-z-uchwytem-mini-spe-17-h10k-4m\/#breadcrumb"},"inLanguage":"en-US","potentialAction":[{"@type":"ReadAction","target":["https:\/\/spawlab.pl\/en\/produkt\/spartus-easytig-200xp-ac-dc-w-pakiecie-z-uchwytem-mini-spe-17-h10k-4m\/"]}]},{"@type":"ImageObject","inLanguage":"en-US","@id":"https:\/\/spawlab.pl\/en\/produkt\/spartus-easytig-200xp-ac-dc-w-pakiecie-z-uchwytem-mini-spe-17-h10k-4m\/#primaryimage","url":"https:\/\/spawlab.pl\/wp-content\/uploads\/2025\/10\/easytig200xpacdc-001-2.jpg","contentUrl":"https:\/\/spawlab.pl\/wp-content\/uploads\/2025\/10\/easytig200xpacdc-001-2.jpg","width":1000,"height":1000},{"@type":"BreadcrumbList","@id":"https:\/\/spawlab.pl\/en\/produkt\/spartus-easytig-200xp-ac-dc-w-pakiecie-z-uchwytem-mini-spe-17-h10k-4m\/#breadcrumb","itemListElement":[{"@type":"ListItem","position":1,"name":"Strona g\u0142\u00f3wna","item":"https:\/\/spawlab.pl\/en\/"},{"@type":"ListItem","position":2,"name":"Store","item":"https:\/\/spawlab.pl\/en\/shop\/"},{"@type":"ListItem","position":3,"name":"Spartus EasyTIG 200XP AC\/DC w pakiecie z uchwytem mini SPE 17 H10k - 4m"}]},{"@type":"WebSite","@id":"https:\/\/spawlab.pl\/en\/#website","url":"https:\/\/spawlab.pl\/en\/","name":"Spawlab.pl Lider - Spawarki, Przecinarki Plazmowe, Kompresory","description":"Urz\u0105dzenia spawalnicze i Przecinarki plazmowe\/ nowe i u\u017cywane \/ Profesjonalny serwis","publisher":{"@id":"https:\/\/spawlab.pl\/en\/#organization"},"alternateName":"Spawlab.pl - Dystrybutor Premium i Serwis na Polske Migatronic, Gys, Voestalpine Bohler Welding","potentialAction":[{"@type":"SearchAction","target":{"@type":"EntryPoint","urlTemplate":"https:\/\/spawlab.pl\/en\/?s={search_term_string}"},"query-input":{"@type":"PropertyValueSpecification","valueRequired":true,"valueName":"search_term_string"}}],"inLanguage":"en-US"},{"@type":["Organization","Place"],"@id":"https:\/\/spawlab.pl\/en\/#organization","name":"Spawlab.pl","url":"https:\/\/spawlab.pl\/en\/","logo":{"@id":"https:\/\/spawlab.pl\/en\/produkt\/spartus-easytig-200xp-ac-dc-w-pakiecie-z-uchwytem-mini-spe-17-h10k-4m\/#local-main-organization-logo"},"image":{"@id":"https:\/\/spawlab.pl\/en\/produkt\/spartus-easytig-200xp-ac-dc-w-pakiecie-z-uchwytem-mini-spe-17-h10k-4m\/#local-main-organization-logo"},"sameAs":["https:\/\/www.facebook.com\/Spawlab\/","https:\/\/www.linkedin.com\/company\/spawlab","https:\/\/www.instagram.com\/spawlab.pl","https:\/\/www.tiktok.com\/@spawlab"],"description":"Lider sprzeda\u017cy, Oficjalny Dystrybutor Premium i Serwis na Polsk\u0119 Migatronic, Gys, Voestalpine Bohler Welding. Nowe i u\u017cywane Spawarki, Przecinarki Plazmowe, Kompresory. Mgr in\u017c. Jaros\u0142aw Ko\u0142aski, IWE","hasMerchantReturnPolicy":{"@type":"MerchantReturnPolicy","merchantReturnLink":"https:\/\/spawlab.pl\/polityka-prywatnosci-2\/"},"telephone":[],"openingHoursSpecification":[{"@type":"OpeningHoursSpecification","dayOfWeek":["Monday","Tuesday","Wednesday","Thursday","Friday","Saturday","Sunday"],"opens":"09:00","closes":"17:00"}]},{"@type":"ImageObject","inLanguage":"en-US","@id":"https:\/\/spawlab.pl\/en\/produkt\/spartus-easytig-200xp-ac-dc-w-pakiecie-z-uchwytem-mini-spe-17-h10k-4m\/#local-main-organization-logo","url":"https:\/\/spawlab.pl\/wp-content\/uploads\/2022\/01\/olx.jpg","contentUrl":"https:\/\/spawlab.pl\/wp-content\/uploads\/2022\/01\/olx.jpg","width":200,"height":200,"caption":"Spawlab.pl"}]},"product_price_amount":"3122.97","product_price_currency":"PLN","og_availability":"instock","product_availability":"instock","product_retailer_item_id":"EASYTIG200XPACDC-PAK-17-10K-4","product_condition":"new"},"_links":{"self":[{"href":"https:\/\/spawlab.pl\/en\/wp-json\/wp\/v2\/product\/59079","targetHints":{"allow":["GET"]}}],"collection":[{"href":"https:\/\/spawlab.pl\/en\/wp-json\/wp\/v2\/product"}],"about":[{"href":"https:\/\/spawlab.pl\/en\/wp-json\/wp\/v2\/types\/product"}],"wp:featuredmedia":[{"embeddable":true,"href":"https:\/\/spawlab.pl\/en\/wp-json\/wp\/v2\/media\/59080"}],"wp:attachment":[{"href":"https:\/\/spawlab.pl\/en\/wp-json\/wp\/v2\/media?parent=59079"}],"wp:term":[{"taxonomy":"product_brand","embeddable":true,"href":"https:\/\/spawlab.pl\/en\/wp-json\/wp\/v2\/product_brand?post=59079"},{"taxonomy":"product_cat","embeddable":true,"href":"https:\/\/spawlab.pl\/en\/wp-json\/wp\/v2\/product_cat?post=59079"},{"taxonomy":"product_tag","embeddable":true,"href":"https:\/\/spawlab.pl\/en\/wp-json\/wp\/v2\/product_tag?post=59079"}],"curies":[{"name":"wp","href":"https:\/\/api.w.org\/{rel}","templated":true}]}}