{"id":63563,"date":"2026-03-14T14:01:55","date_gmt":"2026-03-14T13:01:55","guid":{"rendered":"https:\/\/spawlab.pl\/?post_type=product&#038;p=63563"},"modified":"2026-03-14T14:01:58","modified_gmt":"2026-03-14T13:01:58","slug":"spartus-easymig-317-dual-pulse-pakiet-wielopak-2","status":"publish","type":"product","link":"https:\/\/spawlab.pl\/en\/produkt\/spartus-easymig-317-dual-pulse-pakiet-wielopak-2\/","title":{"rendered":"Spartus EasyMIG 317 DUAL PULSE pakiet &#8211; WIELOPAK"},"content":{"rendered":"<p><![CDATA[ \n\n<h3><span style=\"color:#3498db;\"><span style=\"font-size:26px;\">SPARTUS&reg; EasyMIG 317DP<\/span><\/span> <span style=\"font-size:20px;\">&ndash; PODW&Oacute;JNA PULSACJA, MAKSYMALNA MOC I NIEZR&Oacute;WNANA PRECYZJA<\/span><\/h3>\n\n<br \/>&#xD;\n<br \/>&#xD;\n\n\n<p style=\"text-align: justify;\"><strong>SPARTUS&reg; EasyMIG 317DP<\/strong> &#x142;&#x105;czy w sobie nowoczesn&#x105; technologi&#x119; inwertorow&#x105; z tranzystorami IGBT, oferuj&#x105;c u&#x17C;ytkownikom niezr&oacute;wnan&#x105; moc i precyzj&#x119;. Dzi&#x119;ki maksymalnemu pr&#x105;dowi spawania do 300A dla MIG\/MAG\/TIG i 250A dla MMA oraz zasilaniu z sieci tr&oacute;jfazowej 400V, to urz&#x105;dzenie jest gotowe sprosta&#x107; wielu wymagaj&#x105;cym zadaniom spawalniczym.<\/p>\n\n<br \/>&#xD;\n<br \/>&#xD;\n\n\n<h3><span style=\"font-size:18px;\">FUNKCJE WSPIERAJ&#x104;CE OSIAGNI&#x118;CIE&nbsp; WYSOKIEJ JAKO&#x15A;CI SPOIN<\/span><\/h3>\n\n<br \/>&#xD;\n<br \/>&#xD;\n\n\n<p><img decoding=\"async\" alt=\"\" data-src=\"https:\/\/novweld24.pl\/\/upload\/getfile\/910818510\/easymig317dp-art2EK.png\" style=\"margin: 15px; float: right; width: 450px; height: 532px;\" \/\" src=\"data:image\/svg+xml;base64,PHN2ZyB3aWR0aD0iMSIgaGVpZ2h0PSIxIiB4bWxucz0iaHR0cDovL3d3dy53My5vcmcvMjAwMC9zdmciPjwvc3ZnPg==\" class=\"lazyload\"><\/p>\n\n<br \/>&#xD;\n<br \/>&#xD;\n\n\n<p style=\"text-align: justify;\"><strong>SPARTUS&reg; EasyMIG 317DP<\/strong>&nbsp;zapewnia&nbsp;u&#x17C;ytkownikom zaawansowane mo&#x17C;liwo&#x15B;ci spawania. Oferuje nie tylko klasyczne <strong>manualne spawanie MIG\/MAG<\/strong>, ale tak&#x17C;e innowacyjne techniki takie jak <strong>spawanie przy u&#x17C;yciu program&oacute;w synergicznych, spawanie MIG z pulsem<\/strong>, a tak&#x17C;e&nbsp;<strong>spawanie MIG z podw&oacute;jn&#x105; pulsacj&#x105;<\/strong>. Takie zr&oacute;&#x17C;nicowanie technik spawalniczych sprawia, &#x17C;e urz&#x105;dzenie doskonale odpowiada na potrzeby szerokiego spektrum projekt&oacute;w spawalniczych. Dodatkowo, model <strong>EasyMIG 317DP <\/strong>umo&#x17C;liwia spawanie drutem samoos&#x142;onowym oraz posiada opcj&#x119;&nbsp;wsp&oacute;&#x142;pracy z uchwytem <strong>Spool Gun<\/strong>, co znacznie zwi&#x119;ksza jego wszechstronno&#x15B;&#x107; u&#x17C;ytkow&#x105;.&nbsp;<\/p>\n\n<br \/>&#xD;\n<br \/>&#xD;\n\n\n<h3><span style=\"font-size:18px;\">ZAAWANSOWANA KONTROLA I &#x141;ATWO&#x15A;&#x106; USTAWIE&#x143;<\/span><\/h3>\n\n<br \/>&#xD;\n<br \/>&#xD;\n\n\n<p style=\"text-align: justify;\">Nowoczesny wy&#x15B;wietlacz LCD u&#x142;atwia szybkie ustawienie parametr&oacute;w spawania i zarz&#x105;dzanie funkcjami urz&#x105;dzenia. Wy&#x15B;wietlacz graficznie prezentuje zale&#x17C;no&#x15B;&#x107; kszta&#x142;tu spoiny od napi&#x119;cia, pomagaj&#x105;c w doborze optymalnych ustawie&#x144;. Mo&#x17C;liwo&#x15B;&#x107; r&#x119;cznej korekty parametr&oacute;w i praca drutem w zakresie &#x15B;rednic 0.8 &#8211; 1.2mm czyni&#x105; z<strong> EasyMIG 317DP<\/strong> narz&#x119;dzie niezwykle elastyczne.<\/p>\n\n<br \/>&#xD;\n<br \/>&#xD;\n\n\n<h3><span style=\"font-size:18px;\">DOSKONA&#x141;A JAKO&#x15A;&#x106; SPOIN DZI&#x118;KI PODW&Oacute;JNEJ PULSACJI<\/span><\/h3>\n\n<br \/>&#xD;\n<br \/>&#xD;\n\n\n<p style=\"text-align: justify;\"><strong>Podw&oacute;jna pulsacja w metodzie MIG\/MAG <\/strong>zapewnia spoiny o estetyce i jako&#x15B;ci por&oacute;wnywalnej do metody TIG, zwi&#x119;kszaj&#x105;c przy tym wydajno&#x15B;&#x107; i minimalizuj&#x105;c odkszta&#x142;cenia cieplne. Idealnie nadaje si&#x119; do precyzyjnych prac z aluminium, wymagaj&#x105;cych mniejszych umiej&#x119;tno&#x15B;ci od operatora.<\/p>\n\n<br \/>&#xD;\n<br \/>&#xD;\n\n\n<h3><span style=\"font-size:18px;\">FUNKCJONALNO&#x15A;CI ZWI&#x118;KSZAJ&#x104;CE EFEKTYWNO&#x15A;&#x106; PRACY<\/span><\/h3>\n\n<br \/>&#xD;\n<br \/>&#xD;\n\n\n<p style=\"text-align: justify;\">Urz&#x105;dzenie wyposa&#x17C;ono w szereg funkcji u&#x142;atwiaj&#x105;cych prac&#x119;, w tym wyb&oacute;r<strong> trybu pracy 2T\/4T, regulacj&#x119; indukcyjno&#x15B;ci<\/strong>, a tak&#x17C;e systemy <strong>Hot Start, Arc Force i VRD<\/strong>.&nbsp;<\/p>\n\n<br \/>&#xD;\n<br \/>&#xD;\n\n\n<h3><span style=\"font-size:18px;\"><strong>WSZECHSTRONNO&#x15A;&#x106;<\/strong><\/span><\/h3>\n\n<br \/>&#xD;\n<br \/>&#xD;\n\n\n<p style=\"text-align: justify;\">Mo&#x17C;liwo&#x15B;&#x107; monta&#x17C;u du&#x17C;ej szpuli oraz czterorolkowy podajnik&nbsp;w&nbsp;<strong>SPARTUS&reg; EasyMIG 317DP <\/strong>zapewnia stabilne podawanie drutu spawalniczego. Urz&#x105;dzenie doskonale sprawdzi si&#x119; zar&oacute;wno w zak&#x142;adach przemys&#x142;owych, jak i w mniejszych warsztatach, oferuj&#x105;c wszechstronno&#x15B;&#x107; bez kompromis&oacute;w w zakresie wydajno&#x15B;ci.<\/p>\n\n<br \/>&#xD;\n<br \/>&#xD;\n\n\n<p style=\"text-align: justify;\"><strong>SPARTUS&reg; EasyMIG 317DP<\/strong> to wi&#x119;cej ni&#x17C; urz&#x105;dzenie spawalnicze &#8211; to rozwi&#x105;zanie dla os&oacute;b oczekuj&#x105;cych maksymalnej mocy, precyzji i elastyczno&#x15B;ci. Jego zaawansowane funkcje i technologia zapewniaj&#x105; wysok&#x105; jako&#x15B;&#x107; spoin, efektywno&#x15B;&#x107; pracy i wszechstronno&#x15B;&#x107; w ka&#x17C;dym projekcie spawalniczym.<\/p>\n\n<br \/> ]]><\/p>\n","protected":false},"excerpt":{"rendered":"<p> EasyMIG 317 DUAL PULSE pakiet &#8211; WIELOPAK <\/p>\n","protected":false},"featured_media":63564,"template":"","meta":{"inline_featured_image":false},"product_brand":[17523],"product_cat":[81,21931,17524,3342,21895],"product_tag":[],"class_list":{"0":"post-63563","1":"product","2":"type-product","3":"status-publish","4":"has-post-thumbnail","6":"product_brand-spartus","7":"product_cat-akcesoria-czesci","8":"product_cat-mig","9":"product_cat-spartus","10":"product_cat-strefa-marki","11":"product_cat-urzdzenia","12":"pa_cykl-pracy-mig-17733","13":"pa_hot-start-17737","14":"pa_napicie-wyjciowe-pracy-16-5-29-0v","15":"pa_napicie-zasilania-3-400v-10-50-60-hz","16":"pa_prd-spawania-mig-50-300a","17":"pa_synergia-18402","18":"pa_szpula-drutu-15kg-200-300mm","19":"pa_tig-lift-17909","20":"pa_typ-podajnika-wbudowany-4-rolkowy","22":"first","23":"outofstock","24":"taxable","25":"shipping-taxable","26":"purchasable","27":"product-type-simple"},"yoast_head":"<!-- This site is optimized with the Yoast SEO Premium plugin v27.0 (Yoast SEO v27.3) - https:\/\/yoast.com\/product\/yoast-seo-premium-wordpress\/ -->\n<title>Spartus EasyMIG 317 DUAL PULSE pakiet - WIELOPAK - SpawLab - Welding equipment and plasma cutters - store and service<\/title>\n<meta name=\"description\" content=\"Lider sprzeda\u017cy, Oficjalny Dystrybutor Premium i Serwis na Polsk\u0119 Migatronic, Gys, Voestalpine Bohler Welding. Nowe i u\u017cywane Spawarki, Przecinarki Plazmowe, Kompresory. Mgr in\u017c. Jaros\u0142aw Ko\u0142aski, IWE\" \/>\n<meta name=\"robots\" content=\"index, follow, max-snippet:-1, max-image-preview:large, max-video-preview:-1\" \/>\n<link rel=\"canonical\" href=\"https:\/\/spawlab.pl\/en\/produkt\/spartus-easymig-317-dual-pulse-pakiet-wielopak-2\/\" \/>\n<meta property=\"og:locale\" content=\"en_US\" \/>\n<meta property=\"og:type\" content=\"article\" \/>\n<meta property=\"og:title\" content=\"Spartus EasyMIG 317 DUAL PULSE pakiet - WIELOPAK\" \/>\n<meta property=\"og:description\" content=\"Lider sprzeda\u017cy, Oficjalny Dystrybutor Premium i Serwis na Polsk\u0119 Migatronic, Gys, Voestalpine Bohler Welding. Nowe i u\u017cywane Spawarki, Przecinarki Plazmowe, Kompresory. Mgr in\u017c. Jaros\u0142aw Ko\u0142aski, IWE\" \/>\n<meta property=\"og:url\" content=\"https:\/\/spawlab.pl\/en\/produkt\/spartus-easymig-317-dual-pulse-pakiet-wielopak-2\/\" \/>\n<meta property=\"og:site_name\" content=\"SpawLab - Welding equipment and plasma cutters - store and service\" \/>\n<meta property=\"article:publisher\" content=\"https:\/\/www.facebook.com\/Spawlab\/\" \/>\n<meta property=\"article:modified_time\" content=\"2026-03-14T13:01:58+00:00\" \/>\n<meta property=\"og:image\" content=\"https:\/\/spawlab.pl\/wp-content\/uploads\/2025\/10\/easymig317dp-pak-36-3-1b-2.jpg\" \/>\n\t<meta property=\"og:image:width\" content=\"1000\" \/>\n\t<meta property=\"og:image:height\" content=\"1000\" \/>\n\t<meta property=\"og:image:type\" content=\"image\/jpeg\" \/>\n<meta name=\"twitter:label1\" content=\"Price\" \/>\n\t<meta name=\"twitter:data1\" content=\"9 173,34&nbsp;&#122;&#322; (7 458,00&nbsp;&#122;&#322; netto)\" \/>\n\t<meta name=\"twitter:label2\" content=\"Availability\" \/>\n\t<meta name=\"twitter:data2\" content=\"Out of stock\" \/>\n<script type=\"application\/ld+json\" class=\"yoast-schema-graph\">{\"@context\":\"https:\\\/\\\/schema.org\",\"@graph\":[{\"@type\":[\"WebPage\",\"ItemPage\"],\"@id\":\"https:\\\/\\\/spawlab.pl\\\/en\\\/produkt\\\/spartus-easymig-317-dual-pulse-pakiet-wielopak-2\\\/\",\"url\":\"https:\\\/\\\/spawlab.pl\\\/en\\\/produkt\\\/spartus-easymig-317-dual-pulse-pakiet-wielopak-2\\\/\",\"name\":\"Spartus EasyMIG 317 DUAL PULSE pakiet - WIELOPAK - SpawLab - Welding equipment and plasma cutters - store and service\",\"isPartOf\":{\"@id\":\"https:\\\/\\\/spawlab.pl\\\/en\\\/#website\"},\"primaryImageOfPage\":{\"@id\":\"https:\\\/\\\/spawlab.pl\\\/en\\\/produkt\\\/spartus-easymig-317-dual-pulse-pakiet-wielopak-2\\\/#primaryimage\"},\"image\":{\"@id\":\"https:\\\/\\\/spawlab.pl\\\/en\\\/produkt\\\/spartus-easymig-317-dual-pulse-pakiet-wielopak-2\\\/#primaryimage\"},\"thumbnailUrl\":\"https:\\\/\\\/spawlab.pl\\\/wp-content\\\/uploads\\\/2025\\\/10\\\/easymig317dp-pak-36-3-1b-2.jpg\",\"datePublished\":\"2026-03-14T13:01:55+00:00\",\"dateModified\":\"2026-03-14T13:01:58+00:00\",\"description\":\"Lider sprzeda\u017cy, Oficjalny Dystrybutor Premium i Serwis na Polsk\u0119 Migatronic, Gys, Voestalpine Bohler Welding. Nowe i u\u017cywane Spawarki, Przecinarki Plazmowe, Kompresory. Mgr in\u017c. Jaros\u0142aw Ko\u0142aski, IWE\",\"breadcrumb\":{\"@id\":\"https:\\\/\\\/spawlab.pl\\\/en\\\/produkt\\\/spartus-easymig-317-dual-pulse-pakiet-wielopak-2\\\/#breadcrumb\"},\"inLanguage\":\"en-US\",\"potentialAction\":[{\"@type\":\"ReadAction\",\"target\":[\"https:\\\/\\\/spawlab.pl\\\/en\\\/produkt\\\/spartus-easymig-317-dual-pulse-pakiet-wielopak-2\\\/\"]}]},{\"@type\":\"ImageObject\",\"inLanguage\":\"en-US\",\"@id\":\"https:\\\/\\\/spawlab.pl\\\/en\\\/produkt\\\/spartus-easymig-317-dual-pulse-pakiet-wielopak-2\\\/#primaryimage\",\"url\":\"https:\\\/\\\/spawlab.pl\\\/wp-content\\\/uploads\\\/2025\\\/10\\\/easymig317dp-pak-36-3-1b-2.jpg\",\"contentUrl\":\"https:\\\/\\\/spawlab.pl\\\/wp-content\\\/uploads\\\/2025\\\/10\\\/easymig317dp-pak-36-3-1b-2.jpg\",\"width\":1000,\"height\":1000},{\"@type\":\"BreadcrumbList\",\"@id\":\"https:\\\/\\\/spawlab.pl\\\/en\\\/produkt\\\/spartus-easymig-317-dual-pulse-pakiet-wielopak-2\\\/#breadcrumb\",\"itemListElement\":[{\"@type\":\"ListItem\",\"position\":1,\"name\":\"Strona g\u0142\u00f3wna\",\"item\":\"https:\\\/\\\/spawlab.pl\\\/en\\\/\"},{\"@type\":\"ListItem\",\"position\":2,\"name\":\"Store\",\"item\":\"https:\\\/\\\/spawlab.pl\\\/en\\\/shop\\\/\"},{\"@type\":\"ListItem\",\"position\":3,\"name\":\"Spartus EasyMIG 317 DUAL PULSE pakiet - WIELOPAK\"}]},{\"@type\":\"WebSite\",\"@id\":\"https:\\\/\\\/spawlab.pl\\\/en\\\/#website\",\"url\":\"https:\\\/\\\/spawlab.pl\\\/en\\\/\",\"name\":\"Spawlab.pl Lider - Spawarki, Przecinarki Plazmowe, Kompresory\",\"description\":\"Urz\u0105dzenia spawalnicze i Przecinarki plazmowe\\\/ nowe i u\u017cywane \\\/ Profesjonalny serwis\",\"publisher\":{\"@id\":\"https:\\\/\\\/spawlab.pl\\\/en\\\/#organization\"},\"alternateName\":\"Spawlab.pl - Dystrybutor Premium i Serwis na Polske Migatronic, Gys, Voestalpine Bohler Welding\",\"potentialAction\":[{\"@type\":\"SearchAction\",\"target\":{\"@type\":\"EntryPoint\",\"urlTemplate\":\"https:\\\/\\\/spawlab.pl\\\/en\\\/?s={search_term_string}\"},\"query-input\":{\"@type\":\"PropertyValueSpecification\",\"valueRequired\":true,\"valueName\":\"search_term_string\"}}],\"inLanguage\":\"en-US\"},{\"@type\":[\"Organization\",\"Place\"],\"@id\":\"https:\\\/\\\/spawlab.pl\\\/en\\\/#organization\",\"name\":\"Spawlab.pl\",\"url\":\"https:\\\/\\\/spawlab.pl\\\/en\\\/\",\"logo\":{\"@id\":\"https:\\\/\\\/spawlab.pl\\\/en\\\/produkt\\\/spartus-easymig-317-dual-pulse-pakiet-wielopak-2\\\/#local-main-organization-logo\"},\"image\":{\"@id\":\"https:\\\/\\\/spawlab.pl\\\/en\\\/produkt\\\/spartus-easymig-317-dual-pulse-pakiet-wielopak-2\\\/#local-main-organization-logo\"},\"sameAs\":[\"https:\\\/\\\/www.facebook.com\\\/Spawlab\\\/\",\"https:\\\/\\\/www.linkedin.com\\\/company\\\/spawlab\",\"https:\\\/\\\/www.instagram.com\\\/spawlab.pl\",\"https:\\\/\\\/www.tiktok.com\\\/@spawlab\"],\"description\":\"Lider sprzeda\u017cy, Oficjalny Dystrybutor Premium i Serwis na Polsk\u0119 Migatronic, Gys, Voestalpine Bohler Welding. Nowe i u\u017cywane Spawarki, Przecinarki Plazmowe, Kompresory. Mgr in\u017c. Jaros\u0142aw Ko\u0142aski, IWE\",\"hasMerchantReturnPolicy\":{\"@type\":\"MerchantReturnPolicy\",\"merchantReturnLink\":\"https:\\\/\\\/spawlab.pl\\\/polityka-prywatnosci-2\\\/\"},\"telephone\":[],\"openingHoursSpecification\":[{\"@type\":\"OpeningHoursSpecification\",\"dayOfWeek\":[\"Monday\",\"Tuesday\",\"Wednesday\",\"Thursday\",\"Friday\",\"Saturday\",\"Sunday\"],\"opens\":\"09:00\",\"closes\":\"17:00\"}]},{\"@type\":\"ImageObject\",\"inLanguage\":\"en-US\",\"@id\":\"https:\\\/\\\/spawlab.pl\\\/en\\\/produkt\\\/spartus-easymig-317-dual-pulse-pakiet-wielopak-2\\\/#local-main-organization-logo\",\"url\":\"https:\\\/\\\/spawlab.pl\\\/wp-content\\\/uploads\\\/2022\\\/01\\\/olx.jpg\",\"contentUrl\":\"https:\\\/\\\/spawlab.pl\\\/wp-content\\\/uploads\\\/2022\\\/01\\\/olx.jpg\",\"width\":200,\"height\":200,\"caption\":\"Spawlab.pl\"}]}<\/script>\n<meta property=\"product:price:amount\" content=\"9173.34\" \/>\n<meta property=\"product:price:currency\" content=\"PLN\" \/>\n<meta property=\"og:availability\" content=\"out of stock\" \/>\n<meta property=\"product:availability\" content=\"out of stock\" \/>\n<meta property=\"product:retailer_item_id\" content=\"EASYMIG317DP-PAK-36-3-SET2\" \/>\n<meta property=\"product:condition\" content=\"new\" \/>\n<!-- \/ Yoast SEO Premium plugin. -->","yoast_head_json":{"title":"Spartus EasyMIG 317 DUAL PULSE pakiet - WIELOPAK - SpawLab - Welding equipment and plasma cutters - store and service","description":"Lider sprzeda\u017cy, Oficjalny Dystrybutor Premium i Serwis na Polsk\u0119 Migatronic, Gys, Voestalpine Bohler Welding. Nowe i u\u017cywane Spawarki, Przecinarki Plazmowe, Kompresory. Mgr in\u017c. Jaros\u0142aw Ko\u0142aski, IWE","robots":{"index":"index","follow":"follow","max-snippet":"max-snippet:-1","max-image-preview":"max-image-preview:large","max-video-preview":"max-video-preview:-1"},"canonical":"https:\/\/spawlab.pl\/en\/produkt\/spartus-easymig-317-dual-pulse-pakiet-wielopak-2\/","og_locale":"en_US","og_type":"article","og_title":"Spartus EasyMIG 317 DUAL PULSE pakiet - WIELOPAK","og_description":"Lider sprzeda\u017cy, Oficjalny Dystrybutor Premium i Serwis na Polsk\u0119 Migatronic, Gys, Voestalpine Bohler Welding. Nowe i u\u017cywane Spawarki, Przecinarki Plazmowe, Kompresory. Mgr in\u017c. Jaros\u0142aw Ko\u0142aski, IWE","og_url":"https:\/\/spawlab.pl\/en\/produkt\/spartus-easymig-317-dual-pulse-pakiet-wielopak-2\/","og_site_name":"SpawLab - Welding equipment and plasma cutters - store and service","article_publisher":"https:\/\/www.facebook.com\/Spawlab\/","article_modified_time":"2026-03-14T13:01:58+00:00","og_image":[{"width":1000,"height":1000,"url":"https:\/\/spawlab.pl\/wp-content\/uploads\/2025\/10\/easymig317dp-pak-36-3-1b-2.jpg","type":"image\/jpeg"}],"twitter_misc":{"Price":"9 173,34&nbsp;&#122;&#322; (7 458,00&nbsp;&#122;&#322; netto)","Availability":"Out of stock"},"schema":{"@context":"https:\/\/schema.org","@graph":[{"@type":["WebPage","ItemPage"],"@id":"https:\/\/spawlab.pl\/en\/produkt\/spartus-easymig-317-dual-pulse-pakiet-wielopak-2\/","url":"https:\/\/spawlab.pl\/en\/produkt\/spartus-easymig-317-dual-pulse-pakiet-wielopak-2\/","name":"Spartus EasyMIG 317 DUAL PULSE pakiet - WIELOPAK - SpawLab - Welding equipment and plasma cutters - store and service","isPartOf":{"@id":"https:\/\/spawlab.pl\/en\/#website"},"primaryImageOfPage":{"@id":"https:\/\/spawlab.pl\/en\/produkt\/spartus-easymig-317-dual-pulse-pakiet-wielopak-2\/#primaryimage"},"image":{"@id":"https:\/\/spawlab.pl\/en\/produkt\/spartus-easymig-317-dual-pulse-pakiet-wielopak-2\/#primaryimage"},"thumbnailUrl":"https:\/\/spawlab.pl\/wp-content\/uploads\/2025\/10\/easymig317dp-pak-36-3-1b-2.jpg","datePublished":"2026-03-14T13:01:55+00:00","dateModified":"2026-03-14T13:01:58+00:00","description":"Lider sprzeda\u017cy, Oficjalny Dystrybutor Premium i Serwis na Polsk\u0119 Migatronic, Gys, Voestalpine Bohler Welding. Nowe i u\u017cywane Spawarki, Przecinarki Plazmowe, Kompresory. Mgr in\u017c. Jaros\u0142aw Ko\u0142aski, IWE","breadcrumb":{"@id":"https:\/\/spawlab.pl\/en\/produkt\/spartus-easymig-317-dual-pulse-pakiet-wielopak-2\/#breadcrumb"},"inLanguage":"en-US","potentialAction":[{"@type":"ReadAction","target":["https:\/\/spawlab.pl\/en\/produkt\/spartus-easymig-317-dual-pulse-pakiet-wielopak-2\/"]}]},{"@type":"ImageObject","inLanguage":"en-US","@id":"https:\/\/spawlab.pl\/en\/produkt\/spartus-easymig-317-dual-pulse-pakiet-wielopak-2\/#primaryimage","url":"https:\/\/spawlab.pl\/wp-content\/uploads\/2025\/10\/easymig317dp-pak-36-3-1b-2.jpg","contentUrl":"https:\/\/spawlab.pl\/wp-content\/uploads\/2025\/10\/easymig317dp-pak-36-3-1b-2.jpg","width":1000,"height":1000},{"@type":"BreadcrumbList","@id":"https:\/\/spawlab.pl\/en\/produkt\/spartus-easymig-317-dual-pulse-pakiet-wielopak-2\/#breadcrumb","itemListElement":[{"@type":"ListItem","position":1,"name":"Strona g\u0142\u00f3wna","item":"https:\/\/spawlab.pl\/en\/"},{"@type":"ListItem","position":2,"name":"Store","item":"https:\/\/spawlab.pl\/en\/shop\/"},{"@type":"ListItem","position":3,"name":"Spartus EasyMIG 317 DUAL PULSE pakiet - WIELOPAK"}]},{"@type":"WebSite","@id":"https:\/\/spawlab.pl\/en\/#website","url":"https:\/\/spawlab.pl\/en\/","name":"Spawlab.pl Lider - Spawarki, Przecinarki Plazmowe, Kompresory","description":"Urz\u0105dzenia spawalnicze i Przecinarki plazmowe\/ nowe i u\u017cywane \/ Profesjonalny serwis","publisher":{"@id":"https:\/\/spawlab.pl\/en\/#organization"},"alternateName":"Spawlab.pl - Dystrybutor Premium i Serwis na Polske Migatronic, Gys, Voestalpine Bohler Welding","potentialAction":[{"@type":"SearchAction","target":{"@type":"EntryPoint","urlTemplate":"https:\/\/spawlab.pl\/en\/?s={search_term_string}"},"query-input":{"@type":"PropertyValueSpecification","valueRequired":true,"valueName":"search_term_string"}}],"inLanguage":"en-US"},{"@type":["Organization","Place"],"@id":"https:\/\/spawlab.pl\/en\/#organization","name":"Spawlab.pl","url":"https:\/\/spawlab.pl\/en\/","logo":{"@id":"https:\/\/spawlab.pl\/en\/produkt\/spartus-easymig-317-dual-pulse-pakiet-wielopak-2\/#local-main-organization-logo"},"image":{"@id":"https:\/\/spawlab.pl\/en\/produkt\/spartus-easymig-317-dual-pulse-pakiet-wielopak-2\/#local-main-organization-logo"},"sameAs":["https:\/\/www.facebook.com\/Spawlab\/","https:\/\/www.linkedin.com\/company\/spawlab","https:\/\/www.instagram.com\/spawlab.pl","https:\/\/www.tiktok.com\/@spawlab"],"description":"Lider sprzeda\u017cy, Oficjalny Dystrybutor Premium i Serwis na Polsk\u0119 Migatronic, Gys, Voestalpine Bohler Welding. Nowe i u\u017cywane Spawarki, Przecinarki Plazmowe, Kompresory. Mgr in\u017c. Jaros\u0142aw Ko\u0142aski, IWE","hasMerchantReturnPolicy":{"@type":"MerchantReturnPolicy","merchantReturnLink":"https:\/\/spawlab.pl\/polityka-prywatnosci-2\/"},"telephone":[],"openingHoursSpecification":[{"@type":"OpeningHoursSpecification","dayOfWeek":["Monday","Tuesday","Wednesday","Thursday","Friday","Saturday","Sunday"],"opens":"09:00","closes":"17:00"}]},{"@type":"ImageObject","inLanguage":"en-US","@id":"https:\/\/spawlab.pl\/en\/produkt\/spartus-easymig-317-dual-pulse-pakiet-wielopak-2\/#local-main-organization-logo","url":"https:\/\/spawlab.pl\/wp-content\/uploads\/2022\/01\/olx.jpg","contentUrl":"https:\/\/spawlab.pl\/wp-content\/uploads\/2022\/01\/olx.jpg","width":200,"height":200,"caption":"Spawlab.pl"}]},"product_price_amount":"9173.34","product_price_currency":"PLN","og_availability":"out of stock","product_availability":"out of stock","product_retailer_item_id":"EASYMIG317DP-PAK-36-3-SET2","product_condition":"new"},"_links":{"self":[{"href":"https:\/\/spawlab.pl\/en\/wp-json\/wp\/v2\/product\/63563","targetHints":{"allow":["GET"]}}],"collection":[{"href":"https:\/\/spawlab.pl\/en\/wp-json\/wp\/v2\/product"}],"about":[{"href":"https:\/\/spawlab.pl\/en\/wp-json\/wp\/v2\/types\/product"}],"wp:featuredmedia":[{"embeddable":true,"href":"https:\/\/spawlab.pl\/en\/wp-json\/wp\/v2\/media\/63564"}],"wp:attachment":[{"href":"https:\/\/spawlab.pl\/en\/wp-json\/wp\/v2\/media?parent=63563"}],"wp:term":[{"taxonomy":"product_brand","embeddable":true,"href":"https:\/\/spawlab.pl\/en\/wp-json\/wp\/v2\/product_brand?post=63563"},{"taxonomy":"product_cat","embeddable":true,"href":"https:\/\/spawlab.pl\/en\/wp-json\/wp\/v2\/product_cat?post=63563"},{"taxonomy":"product_tag","embeddable":true,"href":"https:\/\/spawlab.pl\/en\/wp-json\/wp\/v2\/product_tag?post=63563"}],"curies":[{"name":"wp","href":"https:\/\/api.w.org\/{rel}","templated":true}]}}