{"id":63631,"date":"2026-03-26T07:30:21","date_gmt":"2026-03-26T06:30:21","guid":{"rendered":"https:\/\/spawlab.pl\/?post_type=product&#038;p=63631"},"modified":"2026-03-26T07:30:22","modified_gmt":"2026-03-26T06:30:22","slug":"spartus-protig-3000w-dc-rdo-chodnica-wzek","status":"publish","type":"product","link":"https:\/\/spawlab.pl\/en\/produkt\/spartus-protig-3000w-dc-rdo-chodnica-wzek\/","title":{"rendered":"Spartus ProTIG 3000W DC [&#x17A;r&#xF3;d&#x142;o, ch&#x142;odnica, w&#xF3;zek]"},"content":{"rendered":"<p><![CDATA[ \n\n<style type=\"text\/css\">#art1 { margin: 10px 20px; float: left; width: 40%; height: 952px; }<br \/>&#xD;\n#art2 { float: right; width: 45%; height: 602px; margin: 2px; }<br \/>&#xD;\n#art3 { float: left; width: 40%; height: 40px; }<br \/>&#xD;\n@media print {<br \/>&#xD;\n#art1 {display:none !important; }}<br \/>&#xD;\n<\/style>\n\n<br \/>&#xD;\n\n\n<h2><span style=\"color:#f39c12;\"><span style=\"font-size:26px;\">ProTIG 3000W DC<\/span> <\/span><span style=\"font-size:20px;\">&ndash; PROFESJONALNA SPAWARKA TIG DC Z PULSEM<\/span><\/h2>\n\n<br \/>&#xD;\n<br \/>&#xD;\n\n\n<p style=\"text-align: justify;\"><strong>SPARTUS&reg; ProTIG 3000W DC<\/strong> to zaawansowana technologicznie spawarka inwertorowa klasy premium. Zbudowana z wykorzystaniem technologii tranzystora IGBT, zapewnia mo&#x17C;liwo&#x15B;&#x107; spawania metod&#x105; TIG DC i MMA z maksymalnym pr&#x105;dem do 320A. Urz&#x105;dzenie jest zaprojektowane do pracy z zasilaniem tr&oacute;jfazowym 400V.<\/p>\n\n<br \/>&#xD;\n<br \/>&#xD;\n\n\n<h3><img decoding=\"async\" alt=\"\" id=\"art1\" data-src=\"https:\/\/novweld24.pl\/\/upload\/getfile\/424608440\/ProTIG3000DC-3.png\" \/\" src=\"data:image\/svg+xml;base64,PHN2ZyB3aWR0aD0iMSIgaGVpZ2h0PSIxIiB4bWxucz0iaHR0cDovL3d3dy53My5vcmcvMjAwMC9zdmciPjwvc3ZnPg==\" class=\"lazyload\"><\/h3>\n\n<br \/>&#xD;\n<br \/>&#xD;\n\n\n<h3>&nbsp;<\/h3>\n\n<br \/>&#xD;\n<br \/>&#xD;\n\n\n<h3>&nbsp;<\/h3>\n\n<br \/>&#xD;\n<br \/>&#xD;\n\n\n<h3>&nbsp;<\/h3>\n\n<br \/>&#xD;\n<br \/>&#xD;\n\n\n<h3>SPAWANIE TIG<\/h3>\n\n<br \/>&#xD;\n<br \/>&#xD;\n\n\n<p style=\"text-align: justify;\"><strong>SPARTUS&reg; ProTIG 3000W DC<\/strong> w metodzie TIG dostarcza spawaczom mo&#x17C;liwo&#x15B;&#x107; wyboru najodpowiedniejszego sposobu zajarzenia &#x142;uku &ndash; wysokiej cz&#x119;stotliwo&#x15B;ci (HF) lub Lift. Urz&#x105;dzenie posiada funkcj&#x119;<strong> spawania z u&#x17C;yciem pr&#x105;du pulsacyjnego<\/strong>, co sprawia, &#x17C;e jest ono doskona&#x142;ym rozwi&#x105;zaniem do spawania delikatnych blach i aluminium, zapewniaj&#x105;c przy tym najwy&#x17C;sz&#x105; jako&#x15B;&#x107; i precyzj&#x119; wykonania spoin.<\/p>\n\n<br \/>&#xD;\n<br \/>&#xD;\n\n\n<p style=\"text-align: justify;\">Urz&#x105;dzenie posiada funkcje wpieraj&#x105;ce proces spawania w metodzie TIG, takie jak:<\/p>\n\n<br \/>&#xD;\n<br \/>&#xD;\n\n\n<ul>&#xD;\n\t\n\n<li style=\"text-align: justify;\"><strong>Regulacje: cz&#x119;stotliwo&#x15B;ci&nbsp;pulsu, szeroko&#x15B;ci impulsu oraz pr&#x105;du impulsu<\/strong>, co zapewnia doskona&#x142;&#x105; kontrol&#x119; nad procesem spawania.<\/li>\n\n<br \/>&#xD;\n\t\n\n<li style=\"text-align: justify;\"><strong>Regulacje czasu opadania i narastania pr&#x105;du: <\/strong>Umo&#x17C;liwia optymalizacj&#x119; dynamiki &#x142;uku spawalniczego, co jest kluczowe przy skomplikowanych spoinach.<\/li>\n\n<br \/>&#xD;\n\t\n\n<li style=\"text-align: justify;\"><strong>Spawanie SingleSPOT i MultiSPOT: <\/strong>Te opcje pozwalaj&#x105; na dok&#x142;adne spawanie punktowe, idealne do precyzyjnych zastosowa&#x144; w przemy&#x15B;le.<\/li>\n\n<br \/>&#xD;\n\t\n\n<li style=\"text-align: justify;\"><strong>Tryb pracy 2T\/4T: <\/strong>U&#x142;atwia kontrol&#x119; i zapewnia komfort pracy, zar&oacute;wno przy kr&oacute;tkich, jak i d&#x142;ugotrwa&#x142;ych projektach spawalniczych.<\/li>\n\n<br \/>&#xD;\n<\/ul>\n\n<br \/>&#xD;\n<br \/>&#xD;\n\n\n<p style=\"text-align: justify;\">Dzi&#x119;ki tym zaawansowanym funkcjom, <strong>SPARTUS&reg; ProTIG 3000W DC<\/strong> staje si&#x119; nieocenionym narz&#x119;dziem dla profesjonalist&oacute;w, kt&oacute;rzy oczekuj&#x105; najwy&#x17C;szej jako&#x15B;ci i adaptacji do r&oacute;&#x17C;norodnych warunk&oacute;w pracy.<\/p>\n\n<br \/>&#xD;\n<br \/>&#xD;\n\n\n<h3>&nbsp;<\/h3>\n\n<br \/>&#xD;\n<br \/>&#xD;\n\n\n<h3>&nbsp;<\/h3>\n\n<br \/>&#xD;\n<br \/>&#xD;\n\n\n<h3>SPAWANIE MMA<\/h3>\n\n<br \/>&#xD;\n<br \/>&#xD;\n\n\n<p style=\"text-align: justify;\"><strong>SPARTUS&reg; ProTIG 3000W DC <\/strong>oferuje mo&#x17C;liwo&#x15B;ci spawania metod&#x105; MMA. Urz&#x105;dzenie jest wyposa&#x17C;one w funkcje wspomagaj&#x105;ce, kt&oacute;re znacz&#x105;co u&#x142;atwiaj&#x105; i optymalizuj&#x105; proces spawania:<\/p>\n\n<br \/>&#xD;\n<br \/>&#xD;\n\n\n<ul>&#xD;\n\t\n\n<li style=\"text-align: justify;\"><strong>Hot Start (Gor&#x105;cy Start):<\/strong> U&#x142;atwia pocz&#x105;tkowe zajarzenie elektrody, co jest szczeg&oacute;lnie pomocne przy spawaniu trudniejszych materia&#x142;&oacute;w, zapewniaj&#x105;c p&#x142;ynny start i stabilny &#x142;uk od samego pocz&#x105;tku.<\/li>\n\n<br \/>&#xD;\n\t\n\n<li style=\"text-align: justify;\"><strong>Arc Force (Regulacja Dynamiki &#x141;uku):<\/strong> Automatycznie dostosowuje intensywno&#x15B;&#x107; &#x142;uku spawalniczego, co u&#x142;atwia spawanie w trudno dost&#x119;pnych miejscach lub w pozycjach wymuszonych. Zapewnia to wi&#x119;ksz&#x105; kontrol&#x119; nad procesem spawania, minimalizuj&#x105;c ryzyko wyst&#x105;pienia wad spoiny.<\/li>\n\n<br \/>&#xD;\n<\/ul>\n\n<br \/>&#xD;\n<br \/>&#xD;\n\n\n<p style=\"text-align: justify;\">Powy&#x17C;sze funkcje gwarantuj&#x105; wy&#x17C;sz&#x105; jako&#x15B;&#x107; spaw&oacute;w oraz komfort i &#x142;atwo&#x15B;&#x107; u&#x17C;ytkowania, nawet podczas wykonywania najbardziej wymagaj&#x105;cych zada&#x144; spawalniczych.<\/p>\n\n<br \/>&#xD;\n<br \/>&#xD;\n\n\n<p><img decoding=\"async\" alt=\"spartus protig 3000dc\" id=\"art2\" src=\"https:\/\/novweld24.pl\/\/upload\/getfile\/907951892\/ProTIG 3000DC_art.png\" \/\"><\/p>\n\n<br \/>&#xD;\n<br \/>&#xD;\n\n\n<h3>&nbsp;<\/h3>\n\n<br \/>&#xD;\n<br \/>&#xD;\n\n\n<h3>&nbsp;<\/h3>\n\n<br \/>&#xD;\n<br \/>&#xD;\n\n\n<h3>KANA&#x141;Y PAMI&#x118;CI<\/h3>\n\n<br \/>&#xD;\n<br \/>&#xD;\n\n\n<p style=\"text-align: justify;\"><strong>SPARTUS&reg; ProTIG 3000W DC<\/strong> wyposa&#x17C;ony jest w <strong>10 kana&#x142;&oacute;w pami&#x119;ci<\/strong>, kt&oacute;re stanowi&#x105; kluczowe narz&#x119;dzie dla ka&#x17C;dego profesjonalisty, pozwalaj&#x105;ce na szybkie i efektywne zarz&#x105;dzanie procesem spawania. Dzi&#x119;ki tej funkcji, spawacz ma mo&#x17C;liwo&#x15B;&#x107; zapisania i szybkiego przywo&#x142;ywania najcz&#x119;&#x15B;ciej u&#x17C;ywanych ustawie&#x144; maszyny, co znacz&#x105;co usprawnia prac&#x119; i pozwala na oszcz&#x119;dno&#x15B;&#x107; czasu podczas zmiany parametr&oacute;w spawania mi&#x119;dzy r&oacute;&#x17C;nymi projektami lub materia&#x142;ami.<\/p>\n\n<br \/>&#xD;\n<br \/>&#xD;\n\n\n<h3 style=\"text-align: justify;\">STEROWANIE<\/h3>\n\n<br \/>&#xD;\n<br \/>&#xD;\n\n\n<p style=\"text-align: justify;\"><strong>SPARTUS&reg; ProTIG 3000W DC<\/strong> posiada szeroki wyb&oacute;r mo&#x17C;liwo&#x15B;ci sterowania, zale&#x17C;nie od preferencji spawacza. Urz&#x105;dzenie jest kompatybilne z uchwytami TIG sterowanymi za pomoc&#x105; mikrowy&#x142;&#x105;cznika 4B (UP&amp;DOWN) lub potencjometra. <strong>ProTIG 3000W DC<\/strong> oferuje r&oacute;wnie&#x17C; mo&#x17C;liwo&#x15B;&#x107; sterowania no&#x17C;nego przewodowego oraz bezprzewodowego za pomoc&#x105; specjalnie zaprojektowanego pilota.<\/p>\n\n<br \/>&#xD;\n<br \/>&#xD;\n\n\n<h3 style=\"text-align: justify;\">&nbsp;<\/h3>\n\n<br \/>&#xD;\n<br \/>&#xD;\n\n\n<h3 style=\"text-align: justify;\"><img decoding=\"async\" alt=\"\" id=\"art3\" data-src=\"https:\/\/novweld24.pl\/\/upload\/getfile\/520796123\/ProTIG3000DC-4.png\" \/\" src=\"data:image\/svg+xml;base64,PHN2ZyB3aWR0aD0iMSIgaGVpZ2h0PSIxIiB4bWxucz0iaHR0cDovL3d3dy53My5vcmcvMjAwMC9zdmciPjwvc3ZnPg==\" class=\"lazyload\"><\/h3>\n\n<br \/>&#xD;\n<br \/>&#xD;\n\n\n<h3 style=\"text-align: justify;\">&nbsp;<\/h3>\n\n<br \/>&#xD;\n<br \/>&#xD;\n\n\n<h3 style=\"text-align: justify;\">CH&#x141;ODZENIE<\/h3>\n\n<br \/>&#xD;\n<br \/>&#xD;\n\n\n<p style=\"text-align: justify;\"><strong>SPARTUS&reg; ProTIG 3000W DC<\/strong> oferuje elastyczn&#x105; opcj&#x119; ch&#x142;odzenia, umo&#x17C;liwiaj&#x105;c&#x105; prac&#x119; zar&oacute;wno z ch&#x142;odzeniem gazowym, jak i za pomoc&#x105; zintegrowanej ch&#x142;odnicy. Wystarczy prze&#x142;&#x105;czy&#x107; tryb na panelu sterowania, aby dostosowa&#x107; system ch&#x142;odzenia do bie&#x17C;&#x105;cych potrzeb i warunk&oacute;w pracy.<\/p>\n\n<br \/>&#xD;\n<br \/>&#xD;\n\n\n<h3>MOBILNY ZESTAW NA W&Oacute;ZKU<\/h3>\n\n<br \/>&#xD;\n<br \/>&#xD;\n\n\n<p><strong>SPARTUS&reg; ProTIG 3000W DC<\/strong>&nbsp;jest dostarczany w zestawie ze zintegrowan&#x105; ch&#x142;odnic&#x105; montowan&#x105; na praktycznym w&oacute;zku. Ta wygodna i funkcjonalna konfiguracja nie tylko znacz&#x105;co poprawia mobilno&#x15B;&#x107; ca&#x142;ego zestawu, ale tak&#x17C;e zwi&#x119;ksza efektywno&#x15B;&#x107; ch&#x142;odzenia, co jest kluczowe przy d&#x142;u&#x17C;szych sesjach spawalniczych. Dzi&#x119;ki lepszemu odprowadzaniu ciep&#x142;a, spawacze mog&#x105; pracowa&#x107; d&#x142;u&#x17C;ej bez ryzyka przegrzania sprz&#x119;tu, co przek&#x142;ada si&#x119; na wy&#x17C;sz&#x105; wydajno&#x15B;&#x107; i d&#x142;u&#x17C;sz&#x105; &#x17C;ywotno&#x15B;&#x107; urz&#x105;dzenia. Dodatkowo, mobilno&#x15B;&#x107; zestawu umo&#x17C;liwia &#x142;atwe przemieszczanie mi&#x119;dzy r&oacute;&#x17C;nymi stanowiskami pracy, co jest szczeg&oacute;lnie warto&#x15B;ciowe w zmiennych warunkach przemys&#x142;owych.<\/p>\n\n<br \/>&#xD;\n<br \/>&#xD;\n\n\n<h3 style=\"text-align: justify;\">GWARANCJA<\/h3>\n\n<br \/>&#xD;\n<br \/>&#xD;\n\n\n<p style=\"text-align: justify;\">Okres gwarancyjny na urz&#x105;dzenia serii SPARTUS&reg; Pro wynosi <strong>do&nbsp;36 miesi&#x119;cy.<\/strong><\/p>\n\n<br \/>&#xD;\n<br \/>&#xD;\n\n\n<p style=\"text-align: justify;\"><strong>SPARTUS&reg; ProTIG 3000W DC <\/strong>to wszechstronne urz&#x105;dzenie spawalnicze skrojone na miar&#x119; potrzeb profesjonalist&oacute;w. Charakteryzuje si&#x119; niezr&oacute;wnan&#x105; precyzj&#x105;, wydajno&#x15B;ci&#x105; oraz niezawodno&#x15B;ci&#x105;, co sprawia, &#x17C;e jest to pierwszorz&#x119;dny wyb&oacute;r dla ka&#x17C;dego do&#x15B;wiadczonego spawacza.<\/p>\n\n<br \/> ]]><\/p>\n","protected":false},"excerpt":{"rendered":"<p> ProTIG 3000W DC [&#x17A;r&#xF3;d&#x142;o, ch&#x142;odnica, w&#xF3;zek] <\/p>\n","protected":false},"featured_media":63632,"template":"","meta":{"inline_featured_image":false},"product_brand":[17523],"product_cat":[21933,81,17524,3342,21895],"product_tag":[],"class_list":{"0":"post-63631","1":"product","2":"type-product","3":"status-publish","4":"has-post-thumbnail","6":"product_brand-spartus","7":"product_cat-tig","8":"product_cat-akcesoria-czesci","9":"product_cat-spartus","10":"product_cat-strefa-marki","11":"product_cat-urzdzenia","12":"pa_cykl-pracy-tig-18317","13":"pa_czas-narastania-prdu-0-10s","14":"pa_hot-start-17737","15":"pa_napicie-zasilania-3-400v-10-50-60-hz","16":"pa_prd-spawania-mma-10-320a","17":"pa_prd-spawania-tig-5-320a","18":"pa_spawanie-punktowe-spot-18473","19":"pa_tryb-pracy-2t-4t-17752","20":"pa_wspczynnik-mocy-cos-0-7","22":"first","23":"instock","24":"taxable","25":"shipping-taxable","26":"purchasable","27":"product-type-simple"},"yoast_head":"<!-- This site is optimized with the Yoast SEO Premium plugin v27.0 (Yoast SEO v27.3) - https:\/\/yoast.com\/product\/yoast-seo-premium-wordpress\/ -->\n<title>Spartus ProTIG 3000W DC [&#x17A;r&#xF3;d&#x142;o, ch&#x142;odnica, w&#xF3;zek] - SpawLab - Welding equipment and plasma cutters - store and service<\/title>\n<meta name=\"description\" content=\"Lider sprzeda\u017cy, Oficjalny Dystrybutor Premium i Serwis na Polsk\u0119 Migatronic, Gys, Voestalpine Bohler Welding. Nowe i u\u017cywane Spawarki, Przecinarki Plazmowe, Kompresory. Mgr in\u017c. Jaros\u0142aw Ko\u0142aski, IWE\" \/>\n<meta name=\"robots\" content=\"index, follow, max-snippet:-1, max-image-preview:large, max-video-preview:-1\" \/>\n<link rel=\"canonical\" href=\"https:\/\/spawlab.pl\/en\/produkt\/spartus-protig-3000w-dc-rdo-chodnica-wzek\/\" \/>\n<meta property=\"og:locale\" content=\"en_US\" \/>\n<meta property=\"og:type\" content=\"article\" \/>\n<meta property=\"og:title\" content=\"Spartus ProTIG 3000W DC [&#x17A;r&#xF3;d&#x142;o, ch&#x142;odnica, w&#xF3;zek]\" \/>\n<meta property=\"og:description\" content=\"Lider sprzeda\u017cy, Oficjalny Dystrybutor Premium i Serwis na Polsk\u0119 Migatronic, Gys, Voestalpine Bohler Welding. Nowe i u\u017cywane Spawarki, Przecinarki Plazmowe, Kompresory. Mgr in\u017c. Jaros\u0142aw Ko\u0142aski, IWE\" \/>\n<meta property=\"og:url\" content=\"https:\/\/spawlab.pl\/en\/produkt\/spartus-protig-3000w-dc-rdo-chodnica-wzek\/\" \/>\n<meta property=\"og:site_name\" content=\"SpawLab - Welding equipment and plasma cutters - store and service\" \/>\n<meta property=\"article:publisher\" content=\"https:\/\/www.facebook.com\/Spawlab\/\" \/>\n<meta property=\"article:modified_time\" content=\"2026-03-26T06:30:22+00:00\" \/>\n<meta property=\"og:image\" content=\"https:\/\/spawlab.pl\/wp-content\/uploads\/2025\/10\/protig3000wdc-tower_1.jpg\" \/>\n\t<meta property=\"og:image:width\" content=\"1000\" \/>\n\t<meta property=\"og:image:height\" content=\"1000\" \/>\n\t<meta property=\"og:image:type\" content=\"image\/jpeg\" \/>\n<meta name=\"twitter:label1\" content=\"Price\" \/>\n\t<meta name=\"twitter:data1\" content=\"8 425,24&nbsp;&#122;&#322; (6 849,79&nbsp;&#122;&#322; netto)\" \/>\n\t<meta name=\"twitter:label2\" content=\"Availability\" \/>\n\t<meta name=\"twitter:data2\" content=\"In stock\" \/>\n<script type=\"application\/ld+json\" class=\"yoast-schema-graph\">{\"@context\":\"https:\\\/\\\/schema.org\",\"@graph\":[{\"@type\":[\"WebPage\",\"ItemPage\"],\"@id\":\"https:\\\/\\\/spawlab.pl\\\/en\\\/produkt\\\/spartus-protig-3000w-dc-rdo-chodnica-wzek\\\/\",\"url\":\"https:\\\/\\\/spawlab.pl\\\/en\\\/produkt\\\/spartus-protig-3000w-dc-rdo-chodnica-wzek\\\/\",\"name\":\"Spartus ProTIG 3000W DC [&#x17A;r&#xF3;d&#x142;o, ch&#x142;odnica, w&#xF3;zek] - SpawLab - Welding equipment and plasma cutters - store and service\",\"isPartOf\":{\"@id\":\"https:\\\/\\\/spawlab.pl\\\/en\\\/#website\"},\"primaryImageOfPage\":{\"@id\":\"https:\\\/\\\/spawlab.pl\\\/en\\\/produkt\\\/spartus-protig-3000w-dc-rdo-chodnica-wzek\\\/#primaryimage\"},\"image\":{\"@id\":\"https:\\\/\\\/spawlab.pl\\\/en\\\/produkt\\\/spartus-protig-3000w-dc-rdo-chodnica-wzek\\\/#primaryimage\"},\"thumbnailUrl\":\"https:\\\/\\\/spawlab.pl\\\/wp-content\\\/uploads\\\/2025\\\/10\\\/protig3000wdc-tower_1.jpg\",\"datePublished\":\"2026-03-26T06:30:21+00:00\",\"dateModified\":\"2026-03-26T06:30:22+00:00\",\"description\":\"Lider sprzeda\u017cy, Oficjalny Dystrybutor Premium i Serwis na Polsk\u0119 Migatronic, Gys, Voestalpine Bohler Welding. Nowe i u\u017cywane Spawarki, Przecinarki Plazmowe, Kompresory. Mgr in\u017c. Jaros\u0142aw Ko\u0142aski, IWE\",\"breadcrumb\":{\"@id\":\"https:\\\/\\\/spawlab.pl\\\/en\\\/produkt\\\/spartus-protig-3000w-dc-rdo-chodnica-wzek\\\/#breadcrumb\"},\"inLanguage\":\"en-US\",\"potentialAction\":[{\"@type\":\"ReadAction\",\"target\":[\"https:\\\/\\\/spawlab.pl\\\/en\\\/produkt\\\/spartus-protig-3000w-dc-rdo-chodnica-wzek\\\/\"]}]},{\"@type\":\"ImageObject\",\"inLanguage\":\"en-US\",\"@id\":\"https:\\\/\\\/spawlab.pl\\\/en\\\/produkt\\\/spartus-protig-3000w-dc-rdo-chodnica-wzek\\\/#primaryimage\",\"url\":\"https:\\\/\\\/spawlab.pl\\\/wp-content\\\/uploads\\\/2025\\\/10\\\/protig3000wdc-tower_1.jpg\",\"contentUrl\":\"https:\\\/\\\/spawlab.pl\\\/wp-content\\\/uploads\\\/2025\\\/10\\\/protig3000wdc-tower_1.jpg\",\"width\":1000,\"height\":1000},{\"@type\":\"BreadcrumbList\",\"@id\":\"https:\\\/\\\/spawlab.pl\\\/en\\\/produkt\\\/spartus-protig-3000w-dc-rdo-chodnica-wzek\\\/#breadcrumb\",\"itemListElement\":[{\"@type\":\"ListItem\",\"position\":1,\"name\":\"Strona g\u0142\u00f3wna\",\"item\":\"https:\\\/\\\/spawlab.pl\\\/en\\\/\"},{\"@type\":\"ListItem\",\"position\":2,\"name\":\"Store\",\"item\":\"https:\\\/\\\/spawlab.pl\\\/en\\\/shop\\\/\"},{\"@type\":\"ListItem\",\"position\":3,\"name\":\"Spartus ProTIG 3000W DC [&#x17A;r&#xF3;d&#x142;o, ch&#x142;odnica, w&#xF3;zek]\"}]},{\"@type\":\"WebSite\",\"@id\":\"https:\\\/\\\/spawlab.pl\\\/en\\\/#website\",\"url\":\"https:\\\/\\\/spawlab.pl\\\/en\\\/\",\"name\":\"Spawlab.pl Lider - Spawarki, Przecinarki Plazmowe, Kompresory\",\"description\":\"Urz\u0105dzenia spawalnicze i Przecinarki plazmowe\\\/ nowe i u\u017cywane \\\/ Profesjonalny serwis\",\"publisher\":{\"@id\":\"https:\\\/\\\/spawlab.pl\\\/en\\\/#organization\"},\"alternateName\":\"Spawlab.pl - Dystrybutor Premium i Serwis na Polske Migatronic, Gys, Voestalpine Bohler Welding\",\"potentialAction\":[{\"@type\":\"SearchAction\",\"target\":{\"@type\":\"EntryPoint\",\"urlTemplate\":\"https:\\\/\\\/spawlab.pl\\\/en\\\/?s={search_term_string}\"},\"query-input\":{\"@type\":\"PropertyValueSpecification\",\"valueRequired\":true,\"valueName\":\"search_term_string\"}}],\"inLanguage\":\"en-US\"},{\"@type\":[\"Organization\",\"Place\"],\"@id\":\"https:\\\/\\\/spawlab.pl\\\/en\\\/#organization\",\"name\":\"Spawlab.pl\",\"url\":\"https:\\\/\\\/spawlab.pl\\\/en\\\/\",\"logo\":{\"@id\":\"https:\\\/\\\/spawlab.pl\\\/en\\\/produkt\\\/spartus-protig-3000w-dc-rdo-chodnica-wzek\\\/#local-main-organization-logo\"},\"image\":{\"@id\":\"https:\\\/\\\/spawlab.pl\\\/en\\\/produkt\\\/spartus-protig-3000w-dc-rdo-chodnica-wzek\\\/#local-main-organization-logo\"},\"sameAs\":[\"https:\\\/\\\/www.facebook.com\\\/Spawlab\\\/\",\"https:\\\/\\\/www.linkedin.com\\\/company\\\/spawlab\",\"https:\\\/\\\/www.instagram.com\\\/spawlab.pl\",\"https:\\\/\\\/www.tiktok.com\\\/@spawlab\"],\"description\":\"Lider sprzeda\u017cy, Oficjalny Dystrybutor Premium i Serwis na Polsk\u0119 Migatronic, Gys, Voestalpine Bohler Welding. Nowe i u\u017cywane Spawarki, Przecinarki Plazmowe, Kompresory. Mgr in\u017c. Jaros\u0142aw Ko\u0142aski, IWE\",\"hasMerchantReturnPolicy\":{\"@type\":\"MerchantReturnPolicy\",\"merchantReturnLink\":\"https:\\\/\\\/spawlab.pl\\\/polityka-prywatnosci-2\\\/\"},\"telephone\":[],\"openingHoursSpecification\":[{\"@type\":\"OpeningHoursSpecification\",\"dayOfWeek\":[\"Monday\",\"Tuesday\",\"Wednesday\",\"Thursday\",\"Friday\",\"Saturday\",\"Sunday\"],\"opens\":\"09:00\",\"closes\":\"17:00\"}]},{\"@type\":\"ImageObject\",\"inLanguage\":\"en-US\",\"@id\":\"https:\\\/\\\/spawlab.pl\\\/en\\\/produkt\\\/spartus-protig-3000w-dc-rdo-chodnica-wzek\\\/#local-main-organization-logo\",\"url\":\"https:\\\/\\\/spawlab.pl\\\/wp-content\\\/uploads\\\/2022\\\/01\\\/olx.jpg\",\"contentUrl\":\"https:\\\/\\\/spawlab.pl\\\/wp-content\\\/uploads\\\/2022\\\/01\\\/olx.jpg\",\"width\":200,\"height\":200,\"caption\":\"Spawlab.pl\"}]}<\/script>\n<meta property=\"product:price:amount\" content=\"8425.24\" \/>\n<meta property=\"product:price:currency\" content=\"PLN\" \/>\n<meta property=\"og:availability\" content=\"instock\" \/>\n<meta property=\"product:availability\" content=\"instock\" \/>\n<meta property=\"product:retailer_item_id\" content=\"PROTIG3000WDC-TOWER\" \/>\n<meta property=\"product:condition\" content=\"new\" \/>\n<!-- \/ Yoast SEO Premium plugin. -->","yoast_head_json":{"title":"Spartus ProTIG 3000W DC [&#x17A;r&#xF3;d&#x142;o, ch&#x142;odnica, w&#xF3;zek] - SpawLab - Welding equipment and plasma cutters - store and service","description":"Lider sprzeda\u017cy, Oficjalny Dystrybutor Premium i Serwis na Polsk\u0119 Migatronic, Gys, Voestalpine Bohler Welding. Nowe i u\u017cywane Spawarki, Przecinarki Plazmowe, Kompresory. Mgr in\u017c. Jaros\u0142aw Ko\u0142aski, IWE","robots":{"index":"index","follow":"follow","max-snippet":"max-snippet:-1","max-image-preview":"max-image-preview:large","max-video-preview":"max-video-preview:-1"},"canonical":"https:\/\/spawlab.pl\/en\/produkt\/spartus-protig-3000w-dc-rdo-chodnica-wzek\/","og_locale":"en_US","og_type":"article","og_title":"Spartus ProTIG 3000W DC [&#x17A;r&#xF3;d&#x142;o, ch&#x142;odnica, w&#xF3;zek]","og_description":"Lider sprzeda\u017cy, Oficjalny Dystrybutor Premium i Serwis na Polsk\u0119 Migatronic, Gys, Voestalpine Bohler Welding. Nowe i u\u017cywane Spawarki, Przecinarki Plazmowe, Kompresory. Mgr in\u017c. Jaros\u0142aw Ko\u0142aski, IWE","og_url":"https:\/\/spawlab.pl\/en\/produkt\/spartus-protig-3000w-dc-rdo-chodnica-wzek\/","og_site_name":"SpawLab - Welding equipment and plasma cutters - store and service","article_publisher":"https:\/\/www.facebook.com\/Spawlab\/","article_modified_time":"2026-03-26T06:30:22+00:00","og_image":[{"width":1000,"height":1000,"url":"https:\/\/spawlab.pl\/wp-content\/uploads\/2025\/10\/protig3000wdc-tower_1.jpg","type":"image\/jpeg"}],"twitter_misc":{"Price":"8 425,24&nbsp;&#122;&#322; (6 849,79&nbsp;&#122;&#322; netto)","Availability":"In stock"},"schema":{"@context":"https:\/\/schema.org","@graph":[{"@type":["WebPage","ItemPage"],"@id":"https:\/\/spawlab.pl\/en\/produkt\/spartus-protig-3000w-dc-rdo-chodnica-wzek\/","url":"https:\/\/spawlab.pl\/en\/produkt\/spartus-protig-3000w-dc-rdo-chodnica-wzek\/","name":"Spartus ProTIG 3000W DC [&#x17A;r&#xF3;d&#x142;o, ch&#x142;odnica, w&#xF3;zek] - SpawLab - Welding equipment and plasma cutters - store and service","isPartOf":{"@id":"https:\/\/spawlab.pl\/en\/#website"},"primaryImageOfPage":{"@id":"https:\/\/spawlab.pl\/en\/produkt\/spartus-protig-3000w-dc-rdo-chodnica-wzek\/#primaryimage"},"image":{"@id":"https:\/\/spawlab.pl\/en\/produkt\/spartus-protig-3000w-dc-rdo-chodnica-wzek\/#primaryimage"},"thumbnailUrl":"https:\/\/spawlab.pl\/wp-content\/uploads\/2025\/10\/protig3000wdc-tower_1.jpg","datePublished":"2026-03-26T06:30:21+00:00","dateModified":"2026-03-26T06:30:22+00:00","description":"Lider sprzeda\u017cy, Oficjalny Dystrybutor Premium i Serwis na Polsk\u0119 Migatronic, Gys, Voestalpine Bohler Welding. Nowe i u\u017cywane Spawarki, Przecinarki Plazmowe, Kompresory. Mgr in\u017c. Jaros\u0142aw Ko\u0142aski, IWE","breadcrumb":{"@id":"https:\/\/spawlab.pl\/en\/produkt\/spartus-protig-3000w-dc-rdo-chodnica-wzek\/#breadcrumb"},"inLanguage":"en-US","potentialAction":[{"@type":"ReadAction","target":["https:\/\/spawlab.pl\/en\/produkt\/spartus-protig-3000w-dc-rdo-chodnica-wzek\/"]}]},{"@type":"ImageObject","inLanguage":"en-US","@id":"https:\/\/spawlab.pl\/en\/produkt\/spartus-protig-3000w-dc-rdo-chodnica-wzek\/#primaryimage","url":"https:\/\/spawlab.pl\/wp-content\/uploads\/2025\/10\/protig3000wdc-tower_1.jpg","contentUrl":"https:\/\/spawlab.pl\/wp-content\/uploads\/2025\/10\/protig3000wdc-tower_1.jpg","width":1000,"height":1000},{"@type":"BreadcrumbList","@id":"https:\/\/spawlab.pl\/en\/produkt\/spartus-protig-3000w-dc-rdo-chodnica-wzek\/#breadcrumb","itemListElement":[{"@type":"ListItem","position":1,"name":"Strona g\u0142\u00f3wna","item":"https:\/\/spawlab.pl\/en\/"},{"@type":"ListItem","position":2,"name":"Store","item":"https:\/\/spawlab.pl\/en\/shop\/"},{"@type":"ListItem","position":3,"name":"Spartus ProTIG 3000W DC [&#x17A;r&#xF3;d&#x142;o, ch&#x142;odnica, w&#xF3;zek]"}]},{"@type":"WebSite","@id":"https:\/\/spawlab.pl\/en\/#website","url":"https:\/\/spawlab.pl\/en\/","name":"Spawlab.pl Lider - Spawarki, Przecinarki Plazmowe, Kompresory","description":"Urz\u0105dzenia spawalnicze i Przecinarki plazmowe\/ nowe i u\u017cywane \/ Profesjonalny serwis","publisher":{"@id":"https:\/\/spawlab.pl\/en\/#organization"},"alternateName":"Spawlab.pl - Dystrybutor Premium i Serwis na Polske Migatronic, Gys, Voestalpine Bohler Welding","potentialAction":[{"@type":"SearchAction","target":{"@type":"EntryPoint","urlTemplate":"https:\/\/spawlab.pl\/en\/?s={search_term_string}"},"query-input":{"@type":"PropertyValueSpecification","valueRequired":true,"valueName":"search_term_string"}}],"inLanguage":"en-US"},{"@type":["Organization","Place"],"@id":"https:\/\/spawlab.pl\/en\/#organization","name":"Spawlab.pl","url":"https:\/\/spawlab.pl\/en\/","logo":{"@id":"https:\/\/spawlab.pl\/en\/produkt\/spartus-protig-3000w-dc-rdo-chodnica-wzek\/#local-main-organization-logo"},"image":{"@id":"https:\/\/spawlab.pl\/en\/produkt\/spartus-protig-3000w-dc-rdo-chodnica-wzek\/#local-main-organization-logo"},"sameAs":["https:\/\/www.facebook.com\/Spawlab\/","https:\/\/www.linkedin.com\/company\/spawlab","https:\/\/www.instagram.com\/spawlab.pl","https:\/\/www.tiktok.com\/@spawlab"],"description":"Lider sprzeda\u017cy, Oficjalny Dystrybutor Premium i Serwis na Polsk\u0119 Migatronic, Gys, Voestalpine Bohler Welding. Nowe i u\u017cywane Spawarki, Przecinarki Plazmowe, Kompresory. Mgr in\u017c. Jaros\u0142aw Ko\u0142aski, IWE","hasMerchantReturnPolicy":{"@type":"MerchantReturnPolicy","merchantReturnLink":"https:\/\/spawlab.pl\/polityka-prywatnosci-2\/"},"telephone":[],"openingHoursSpecification":[{"@type":"OpeningHoursSpecification","dayOfWeek":["Monday","Tuesday","Wednesday","Thursday","Friday","Saturday","Sunday"],"opens":"09:00","closes":"17:00"}]},{"@type":"ImageObject","inLanguage":"en-US","@id":"https:\/\/spawlab.pl\/en\/produkt\/spartus-protig-3000w-dc-rdo-chodnica-wzek\/#local-main-organization-logo","url":"https:\/\/spawlab.pl\/wp-content\/uploads\/2022\/01\/olx.jpg","contentUrl":"https:\/\/spawlab.pl\/wp-content\/uploads\/2022\/01\/olx.jpg","width":200,"height":200,"caption":"Spawlab.pl"}]},"product_price_amount":"8425.24","product_price_currency":"PLN","og_availability":"instock","product_availability":"instock","product_retailer_item_id":"PROTIG3000WDC-TOWER","product_condition":"new"},"_links":{"self":[{"href":"https:\/\/spawlab.pl\/en\/wp-json\/wp\/v2\/product\/63631","targetHints":{"allow":["GET"]}}],"collection":[{"href":"https:\/\/spawlab.pl\/en\/wp-json\/wp\/v2\/product"}],"about":[{"href":"https:\/\/spawlab.pl\/en\/wp-json\/wp\/v2\/types\/product"}],"wp:featuredmedia":[{"embeddable":true,"href":"https:\/\/spawlab.pl\/en\/wp-json\/wp\/v2\/media\/63632"}],"wp:attachment":[{"href":"https:\/\/spawlab.pl\/en\/wp-json\/wp\/v2\/media?parent=63631"}],"wp:term":[{"taxonomy":"product_brand","embeddable":true,"href":"https:\/\/spawlab.pl\/en\/wp-json\/wp\/v2\/product_brand?post=63631"},{"taxonomy":"product_cat","embeddable":true,"href":"https:\/\/spawlab.pl\/en\/wp-json\/wp\/v2\/product_cat?post=63631"},{"taxonomy":"product_tag","embeddable":true,"href":"https:\/\/spawlab.pl\/en\/wp-json\/wp\/v2\/product_tag?post=63631"}],"curies":[{"name":"wp","href":"https:\/\/api.w.org\/{rel}","templated":true}]}}