{"id":71868,"date":"2026-04-04T00:05:03","date_gmt":"2026-04-03T22:05:03","guid":{"rendered":"https:\/\/spawlab.pl\/produkt\/kompresor-dwutlokowy-hl-425-100v-8-bar-3-km-2-2-kw-260-l-min-100-l\/"},"modified":"2026-04-04T00:05:10","modified_gmt":"2026-04-03T22:05:10","slug":"airpress-kompresor-dwutlokowy-hl-425-100v-8-bar-3-km-2-2-kw-260-l-min-100-l","status":"publish","type":"product","link":"https:\/\/spawlab.pl\/en\/produkt\/airpress-kompresor-dwutlokowy-hl-425-100v-8-bar-3-km-2-2-kw-260-l-min-100-l\/","title":{"rendered":"Airpress Kompresor dwut\u0142okowy HL 425-100V 8 bar 3 KM\/2.2 kW 260 l\/min 100 l"},"content":{"rendered":"<p>Rozgl\u0105dasz si\u0119 za wydajnym \u017ar\u00f3d\u0142em spr\u0119\u017conego powietrza? Nadal szukasz idealnego kompresora do ogrodu b\u0105d\u017a przydomowego gara\u017cu? Chcesz zainwestowa\u0107 w wysokiej jako\u015bci urz\u0105dzenie?<\/p>\n<p>W Airpress mamy dla Ciebie odpowied\u017a!<\/p>\n<p>Poznaj nasz\u0105 <b>spr\u0119\u017cark\u0119 HL 425-100V<\/b>, kt\u00f3ry \u015bwietnie sprawdzi si\u0119 we wszelkiego rodzaju pracach domowych, ogrodowych i gara\u017cowych! Z naszym kompresorem, praca ze spr\u0119\u017conym powietrzem b\u0119dzie czyst\u0105 przyjemno\u015bci\u0105.<\/p>\n<div class=&quot;r&quot;>\n<div class=&quot;w-1\/2&quot;>\n<h2>Model HL 425-100V czyli wydajno\u015b\u0107 i jako\u015b\u0107 na najwy\u017cszym poziomie!<\/h2>\n<p>Model HL 425-100V to <b>spr\u0119\u017carka dwut\u0142okowa<\/b>, kt\u00f3ra dzi\u0119ki naprzemiennej pracy dw\u00f3ch t\u0142ok\u00f3w osi\u0105ga wi\u0119ksz\u0105 wydajno\u015b\u0107 na wylocie ni\u017c kompresory jednot\u0142okowe o takiej samej mocy i takim samym zu\u017cyciu energii przez silnik.<\/p>\n<p><b>Kompresor olejowy HL 425-100V cechuje si\u0119 wyj\u0105tkow\u0105 \u017cywotno\u015bci\u0105 i wydajno\u015bci\u0105.<\/b> Stosowanie oleju jako \u015brodka smarnego w bloku t\u0142okowym redukuje tarcie i zu\u017cycie jego element\u00f3w, co znacz\u0105co <b>przed\u0142u\u017ca \u017cywotno\u015b\u0107 kompresora i obni\u017ca koszty konserwacji<\/b>. Dodatkowo, olej w spr\u0119\u017carce wspomaga ch\u0142odzenie, zapobiegaj\u0105c przegrzewaniu si\u0119 urz\u0105dzenia podczas intensywnej pracy. Kompresory olejowe s\u0105 r\u00f3wnie\u017c bardziej wydajne ni\u017c ich bezolejowe odpowiedniki.<\/p>\n<p>Spr\u0119\u017carka HL 425-100V posiada <b>nap\u0119d bezpo\u015bredni, kt\u00f3ry w zastosowaniach p\u00f3\u0142profesjonalnych jest bardziej ekonomiczny<\/b> ni\u017c nap\u0119d pasowy. Prosta konstrukcja nap\u0119du bezpo\u015bredniego sprawia, \u017ce przy niskim zapotrzebowaniu na spr\u0119\u017cone powietrze koszty eksploatacji s\u0105 ni\u017csze.<\/p>\n<p>Model HL 425-100V wyposa\u017cony jest w <b>zbiornik na spr\u0119\u017cone powietrze o pojemno\u015bci 100 litr\u00f3w<\/b>, co pozwala na wykonywanie najr\u00f3\u017cniejszych zada\u0144, w tym <b>zasilanie narz\u0119dzi pneumatycznych<\/b>. Ponadto, du\u017cy zbiornik pozwala na d\u0142u\u017csz\u0105 prac\u0119 bez konieczno\u015bci cz\u0119stego w\u0142\u0105czania urz\u0105dzenia, co znacz\u0105co zwi\u0119ksza efektywno\u015b\u0107 i komfort u\u017cytkowania. Dzi\u0119ki temu mo\u017cesz skupi\u0107 si\u0119 na pracy, zamiast martwi\u0107 si\u0119 o przerwy w dost\u0119pie do spr\u0119\u017conego powietrza!<\/p>\n<p>Wybieraj\u0105c kompresor HL 425-100V od Airpress, stawiasz na wydajno\u015b\u0107 i \u017cywotno\u015b\u0107 swojego urz\u0105dzenia!<\/p>\n<\/p><\/div>\n<div class=&quot;w-1\/2&quot;>\n        <center><img src=&quot;https:\/\/airpress.pl\/media\/wysiwyg\/36834_2d_0003.png&quot; width=&quot;550&quot; height=&quot;550&quot; alt=&quot;Kompresor HL 425-100V&quot; \/><\/center>\n    <\/div>\n<\/div>\n<div class=&quot;r&quot;>\n<div class=&quot;w-1\/2&quot;>\n        <center><img src=&quot;https:\/\/airpress.pl\/media\/wysiwyg\/36834_2d_0010_1.png&quot; width=&quot;350&quot; height=&quot;350&quot; alt=&quot;Szybkoz\u0142\u0105czka HL 425-100V&quot;><\/center>\n    <\/div>\n<div class=&quot;w-1\/2&quot;>\n<h2>Pe\u0142en wachlarz mo\u017cliwo\u015bci z HL 425-100V<\/h2>\n<p>Wydajno\u015b\u0107 kompresora HL 425-100V na poziomie 260 l\/min, <b>maksymalne ci\u015bnienie wynosz\u0105ce 8 bar oraz wspomniany zbiornik 100 l<\/b> umo\u017cliwiaj\u0105 <b>zasilanie podstawowych narz\u0119dzi pneumatycznych,<\/b> takich jak nitownice i wkr\u0119tarki pneumatyczne czy nawet klucze udarowe. Z nasz\u0105 spr\u0119\u017cark\u0105 mo\u017cesz korzysta\u0107 z wysokiej jako\u015bci narz\u0119dzi!<\/p>\n<p>Ten kompresor r\u00f3wnie\u017c znajdzie zastosowanie przy pompowaniu pi\u0142ek, materacy oraz opon zar\u00f3wno w rowerach, jak i samochodach. Dodatkowo, \u015bwietnie sprawdzi si\u0119 do przedmuchu urz\u0105dze\u0144 elektrycznych, powierzchni, li\u015bci oraz instalacji wodnych.<\/p>\n<p>Ponadto, model HL 425-100V jest <b>wyposa\u017cony w dwa uniwersalne szybkoz\u0142\u0105cza<\/b>, co pozwala na jednoczesne pod\u0142\u0105czanie dw\u00f3ch r\u00f3\u017cnych narz\u0119dzi b\u0105d\u017a akcesori\u00f3w pneumatycznych. Takie rozwi\u0105zanie znacz\u0105co u\u0142atwia prac\u0119, gdy\u017c nie musisz pod\u0142\u0105cza\u0107 i od\u0142\u0105cza\u0107 narz\u0119dzi. Zamiast tego mo\u017cesz szybko i sprawnie je wymienia\u0107, co oszcz\u0119dza czas i zwi\u0119ksza efektywno\u015b\u0107 pracy.<\/p>\n<p>\n    <\/div>\n<\/div>\n<div class=&quot;r&quot;>\n<div class=&quot;w-1\/2&quot;>\n<h2>Mobilno\u015b\u0107 i bezpiecze\u0144stwo bez strat na wydajno\u015bci!<\/h2>\n<p>W Airpress wiemy, jak wa\u017cna jest mobilno\u015b\u0107 podczas pracy ze spr\u0119\u017conym powietrzem. Dlatego <b>model HL 425-100V wyposa\u017cony jest w du\u017ce, plastikowe ko\u0142a<\/b> u\u0142atwiaj\u0105ce transport urz\u0105dzenia po gara\u017cu czy ogrodzie.<\/p>\n<p>Ponadto, kompresor wyposa\u017cony jest w por\u0119czny uchwyt, dzi\u0119ki czemu \u0142atwiej przetransportujesz swoje urz\u0105dzenie!<\/p>\n<p>W celu zapewnienia bezpiecze\u0144stwa podczas korzystania ze spr\u0119\u017carki, model HL 425-100V zosta\u0142 wyposa\u017cony w <b>specjaln\u0105 os\u0142on\u0119 bloku spr\u0119\u017carkowego<\/b>. Os\u0142ona chroni zar\u00f3wno u\u017cytkownika, jak i urz\u0105dzenie przed uszkodzeniami mechanicznymi oraz przypadkowymi wypadkami, co znacz\u0105co podnosi poziom bezpiecze\u0144stwa podczas u\u017cytkowania.<\/p>\n<p>Polecamy t\u0105 spr\u0119\u017cark\u0119 nawet je\u015bli jeste\u015b profesjonalist\u0105 o ograniczonym zapotrzebowaniu na spr\u0119\u017cone powietrze. Wysokiej jako\u015bci komponenty i przemy\u015blana konstrukcja czyni\u0105 425-100V idealnym kompresorem dla wszystkich chc\u0105cych pracowa\u0107 ze spr\u0119\u017conym powietrzem.<\/p>\n<p>Je\u015bli cenisz sobie wydajno\u015b\u0107 r\u00f3wnie\u017c w domu, to kompresor olejowy HL 425-100V jest idealny dla Ciebie!<\/p>\n<\/p><\/div>\n<div class=&quot;w-1\/2&quot;>\n<p>        <center><img src=&quot;https:\/\/airpress.pl\/media\/wysiwyg\/36834_2d_0020.png&quot; width=&quot;400&quot; height=&quot;400&quot; alt=&quot;Mobilny kompresor HL 425-100V&quot; \/><\/center>\n    <\/div>\n<\/div>\n","protected":false},"excerpt":{"rendered":"<p>Rozgl\u0105dasz si\u0119 za wydajnym \u017ar\u00f3d\u0142em spr\u0119\u017conego powietrza? Nadal szukasz idealnego kompresora do ogrodu b\u0105d\u017a przydomowego gara\u017cu? Chcesz zainwestowa\u0107 w wysokiej jako\u015bci urz\u0105dzenie? W Airpress mamy dla Ciebie odpowied\u017a! Poznaj nasz\u0105 spr\u0119\u017cark\u0119 HL 425-100V, kt\u00f3ry \u015bwietnie sprawdzi si\u0119 we wszelkiego rodzaju pracach domowych, ogrodowych i gara\u017cowych! Z naszym kompresorem, praca ze spr\u0119\u017conym powietrzem b\u0119dzie czyst\u0105 przyjemno\u015bci\u0105. [&hellip;]<\/p>\n","protected":false},"featured_media":71869,"template":"","meta":{"inline_featured_image":false},"product_brand":[1038],"product_cat":[26025,1037,81,27908,16,343,3342],"product_tag":[],"class_list":{"0":"post-71868","1":"product","2":"type-product","3":"status-publish","4":"has-post-thumbnail","6":"product_brand-airpress","7":"product_cat-airpress","8":"product_cat-sprezarki-airpress","9":"product_cat-akcesoria-czesci","10":"product_cat-airpress-kompresory-tlokowe","11":"product_cat-nowe","12":"product_cat-sprezarki-i-kompresory1","13":"product_cat-strefa-marki","14":"ep-can-popup","16":"first","17":"instock","18":"sale","19":"purchasable","20":"product-type-simple"},"yoast_head":"<!-- This site is optimized with the Yoast SEO Premium plugin v27.0 (Yoast SEO v27.3) - https:\/\/yoast.com\/product\/yoast-seo-premium-wordpress\/ -->\n<title>Airpress Kompresor dwut\u0142okowy HL 425-100V 8 bar 3 KM\/2.2 kW 260 l\/min 100 l - SpawLab - Welding equipment and plasma cutters - store and service<\/title>\n<meta name=\"description\" content=\"Lider sprzeda\u017cy, Oficjalny Dystrybutor Premium i Serwis na Polsk\u0119 Migatronic, Gys, Voestalpine Bohler Welding. Nowe i u\u017cywane Spawarki, Przecinarki Plazmowe, Kompresory. Mgr in\u017c. Jaros\u0142aw Ko\u0142aski, IWE\" \/>\n<meta name=\"robots\" content=\"index, follow, max-snippet:-1, max-image-preview:large, max-video-preview:-1\" \/>\n<link rel=\"canonical\" href=\"https:\/\/spawlab.pl\/en\/produkt\/airpress-kompresor-dwutlokowy-hl-425-100v-8-bar-3-km-2-2-kw-260-l-min-100-l\/\" \/>\n<meta property=\"og:locale\" content=\"en_US\" \/>\n<meta property=\"og:type\" content=\"article\" \/>\n<meta property=\"og:title\" content=\"Airpress Kompresor dwut\u0142okowy HL 425-100V 8 bar 3 KM\/2.2 kW 260 l\/min 100 l\" \/>\n<meta property=\"og:description\" content=\"Lider sprzeda\u017cy, Oficjalny Dystrybutor Premium i Serwis na Polsk\u0119 Migatronic, Gys, Voestalpine Bohler Welding. Nowe i u\u017cywane Spawarki, Przecinarki Plazmowe, Kompresory. Mgr in\u017c. Jaros\u0142aw Ko\u0142aski, IWE\" \/>\n<meta property=\"og:url\" content=\"https:\/\/spawlab.pl\/en\/produkt\/airpress-kompresor-dwutlokowy-hl-425-100v-8-bar-3-km-2-2-kw-260-l-min-100-l\/\" \/>\n<meta property=\"og:site_name\" content=\"SpawLab - Welding equipment and plasma cutters - store and service\" \/>\n<meta property=\"article:publisher\" content=\"https:\/\/www.facebook.com\/Spawlab\/\" \/>\n<meta property=\"article:modified_time\" content=\"2026-04-03T22:05:10+00:00\" \/>\n<meta property=\"og:image\" content=\"https:\/\/spawlab.pl\/wp-content\/uploads\/2025\/12\/36834_2d_0002_3.jpg\" \/>\n\t<meta property=\"og:image:width\" content=\"1200\" \/>\n\t<meta property=\"og:image:height\" content=\"1200\" \/>\n\t<meta property=\"og:image:type\" content=\"image\/jpeg\" \/>\n<meta name=\"twitter:label1\" content=\"Price\" \/>\n\t<meta name=\"twitter:data1\" content=\"1 299,00&nbsp;&#122;&#322;\" \/>\n\t<meta name=\"twitter:label2\" content=\"Availability\" \/>\n\t<meta name=\"twitter:data2\" content=\"In stock\" \/>\n<script type=\"application\/ld+json\" class=\"yoast-schema-graph\">{\"@context\":\"https:\\\/\\\/schema.org\",\"@graph\":[{\"@type\":[\"WebPage\",\"ItemPage\"],\"@id\":\"https:\\\/\\\/spawlab.pl\\\/en\\\/produkt\\\/airpress-kompresor-dwutlokowy-hl-425-100v-8-bar-3-km-2-2-kw-260-l-min-100-l\\\/\",\"url\":\"https:\\\/\\\/spawlab.pl\\\/en\\\/produkt\\\/airpress-kompresor-dwutlokowy-hl-425-100v-8-bar-3-km-2-2-kw-260-l-min-100-l\\\/\",\"name\":\"Airpress Kompresor dwut\u0142okowy HL 425-100V 8 bar 3 KM\\\/2.2 kW 260 l\\\/min 100 l - SpawLab - Welding equipment and plasma cutters - store and service\",\"isPartOf\":{\"@id\":\"https:\\\/\\\/spawlab.pl\\\/en\\\/#website\"},\"primaryImageOfPage\":{\"@id\":\"https:\\\/\\\/spawlab.pl\\\/en\\\/produkt\\\/airpress-kompresor-dwutlokowy-hl-425-100v-8-bar-3-km-2-2-kw-260-l-min-100-l\\\/#primaryimage\"},\"image\":{\"@id\":\"https:\\\/\\\/spawlab.pl\\\/en\\\/produkt\\\/airpress-kompresor-dwutlokowy-hl-425-100v-8-bar-3-km-2-2-kw-260-l-min-100-l\\\/#primaryimage\"},\"thumbnailUrl\":\"https:\\\/\\\/spawlab.pl\\\/wp-content\\\/uploads\\\/2025\\\/12\\\/36834_2d_0002_3.jpg\",\"datePublished\":\"2026-04-03T22:05:03+00:00\",\"dateModified\":\"2026-04-03T22:05:10+00:00\",\"description\":\"Lider sprzeda\u017cy, Oficjalny Dystrybutor Premium i Serwis na Polsk\u0119 Migatronic, Gys, Voestalpine Bohler Welding. Nowe i u\u017cywane Spawarki, Przecinarki Plazmowe, Kompresory. Mgr in\u017c. Jaros\u0142aw Ko\u0142aski, IWE\",\"breadcrumb\":{\"@id\":\"https:\\\/\\\/spawlab.pl\\\/en\\\/produkt\\\/airpress-kompresor-dwutlokowy-hl-425-100v-8-bar-3-km-2-2-kw-260-l-min-100-l\\\/#breadcrumb\"},\"inLanguage\":\"en-US\",\"potentialAction\":[{\"@type\":\"ReadAction\",\"target\":[\"https:\\\/\\\/spawlab.pl\\\/en\\\/produkt\\\/airpress-kompresor-dwutlokowy-hl-425-100v-8-bar-3-km-2-2-kw-260-l-min-100-l\\\/\"]}]},{\"@type\":\"ImageObject\",\"inLanguage\":\"en-US\",\"@id\":\"https:\\\/\\\/spawlab.pl\\\/en\\\/produkt\\\/airpress-kompresor-dwutlokowy-hl-425-100v-8-bar-3-km-2-2-kw-260-l-min-100-l\\\/#primaryimage\",\"url\":\"https:\\\/\\\/spawlab.pl\\\/wp-content\\\/uploads\\\/2025\\\/12\\\/36834_2d_0002_3.jpg\",\"contentUrl\":\"https:\\\/\\\/spawlab.pl\\\/wp-content\\\/uploads\\\/2025\\\/12\\\/36834_2d_0002_3.jpg\",\"width\":1200,\"height\":1200},{\"@type\":\"BreadcrumbList\",\"@id\":\"https:\\\/\\\/spawlab.pl\\\/en\\\/produkt\\\/airpress-kompresor-dwutlokowy-hl-425-100v-8-bar-3-km-2-2-kw-260-l-min-100-l\\\/#breadcrumb\",\"itemListElement\":[{\"@type\":\"ListItem\",\"position\":1,\"name\":\"Strona g\u0142\u00f3wna\",\"item\":\"https:\\\/\\\/spawlab.pl\\\/en\\\/\"},{\"@type\":\"ListItem\",\"position\":2,\"name\":\"Store\",\"item\":\"https:\\\/\\\/spawlab.pl\\\/en\\\/shop\\\/\"},{\"@type\":\"ListItem\",\"position\":3,\"name\":\"Airpress Kompresor dwut\u0142okowy HL 425-100V 8 bar 3 KM\\\/2.2 kW 260 l\\\/min 100 l\"}]},{\"@type\":\"WebSite\",\"@id\":\"https:\\\/\\\/spawlab.pl\\\/en\\\/#website\",\"url\":\"https:\\\/\\\/spawlab.pl\\\/en\\\/\",\"name\":\"Spawlab.pl Lider - Spawarki, Przecinarki Plazmowe, Kompresory\",\"description\":\"Urz\u0105dzenia spawalnicze i Przecinarki plazmowe\\\/ nowe i u\u017cywane \\\/ Profesjonalny serwis\",\"publisher\":{\"@id\":\"https:\\\/\\\/spawlab.pl\\\/en\\\/#organization\"},\"alternateName\":\"Spawlab.pl - Dystrybutor Premium i Serwis na Polske Migatronic, Gys, Voestalpine Bohler Welding\",\"potentialAction\":[{\"@type\":\"SearchAction\",\"target\":{\"@type\":\"EntryPoint\",\"urlTemplate\":\"https:\\\/\\\/spawlab.pl\\\/en\\\/?s={search_term_string}\"},\"query-input\":{\"@type\":\"PropertyValueSpecification\",\"valueRequired\":true,\"valueName\":\"search_term_string\"}}],\"inLanguage\":\"en-US\"},{\"@type\":[\"Organization\",\"Place\"],\"@id\":\"https:\\\/\\\/spawlab.pl\\\/en\\\/#organization\",\"name\":\"Spawlab.pl\",\"url\":\"https:\\\/\\\/spawlab.pl\\\/en\\\/\",\"logo\":{\"@id\":\"https:\\\/\\\/spawlab.pl\\\/en\\\/produkt\\\/airpress-kompresor-dwutlokowy-hl-425-100v-8-bar-3-km-2-2-kw-260-l-min-100-l\\\/#local-main-organization-logo\"},\"image\":{\"@id\":\"https:\\\/\\\/spawlab.pl\\\/en\\\/produkt\\\/airpress-kompresor-dwutlokowy-hl-425-100v-8-bar-3-km-2-2-kw-260-l-min-100-l\\\/#local-main-organization-logo\"},\"sameAs\":[\"https:\\\/\\\/www.facebook.com\\\/Spawlab\\\/\",\"https:\\\/\\\/www.linkedin.com\\\/company\\\/spawlab\",\"https:\\\/\\\/www.instagram.com\\\/spawlab.pl\",\"https:\\\/\\\/www.tiktok.com\\\/@spawlab\"],\"description\":\"Lider sprzeda\u017cy, Oficjalny Dystrybutor Premium i Serwis na Polsk\u0119 Migatronic, Gys, Voestalpine Bohler Welding. Nowe i u\u017cywane Spawarki, Przecinarki Plazmowe, Kompresory. Mgr in\u017c. Jaros\u0142aw Ko\u0142aski, IWE\",\"hasMerchantReturnPolicy\":{\"@type\":\"MerchantReturnPolicy\",\"merchantReturnLink\":\"https:\\\/\\\/spawlab.pl\\\/polityka-prywatnosci-2\\\/\"},\"telephone\":[],\"openingHoursSpecification\":[{\"@type\":\"OpeningHoursSpecification\",\"dayOfWeek\":[\"Monday\",\"Tuesday\",\"Wednesday\",\"Thursday\",\"Friday\",\"Saturday\",\"Sunday\"],\"opens\":\"09:00\",\"closes\":\"17:00\"}]},{\"@type\":\"ImageObject\",\"inLanguage\":\"en-US\",\"@id\":\"https:\\\/\\\/spawlab.pl\\\/en\\\/produkt\\\/airpress-kompresor-dwutlokowy-hl-425-100v-8-bar-3-km-2-2-kw-260-l-min-100-l\\\/#local-main-organization-logo\",\"url\":\"https:\\\/\\\/spawlab.pl\\\/wp-content\\\/uploads\\\/2022\\\/01\\\/olx.jpg\",\"contentUrl\":\"https:\\\/\\\/spawlab.pl\\\/wp-content\\\/uploads\\\/2022\\\/01\\\/olx.jpg\",\"width\":200,\"height\":200,\"caption\":\"Spawlab.pl\"}]}<\/script>\n<meta property=\"product:price:amount\" content=\"1299.00\" \/>\n<meta property=\"product:price:currency\" content=\"PLN\" \/>\n<meta property=\"og:availability\" content=\"instock\" \/>\n<meta property=\"product:availability\" content=\"instock\" \/>\n<meta property=\"product:retailer_item_id\" content=\"36834\" \/>\n<meta property=\"product:condition\" content=\"new\" \/>\n<!-- \/ Yoast SEO Premium plugin. -->","yoast_head_json":{"title":"Airpress Kompresor dwut\u0142okowy HL 425-100V 8 bar 3 KM\/2.2 kW 260 l\/min 100 l - SpawLab - Welding equipment and plasma cutters - store and service","description":"Lider sprzeda\u017cy, Oficjalny Dystrybutor Premium i Serwis na Polsk\u0119 Migatronic, Gys, Voestalpine Bohler Welding. Nowe i u\u017cywane Spawarki, Przecinarki Plazmowe, Kompresory. Mgr in\u017c. Jaros\u0142aw Ko\u0142aski, IWE","robots":{"index":"index","follow":"follow","max-snippet":"max-snippet:-1","max-image-preview":"max-image-preview:large","max-video-preview":"max-video-preview:-1"},"canonical":"https:\/\/spawlab.pl\/en\/produkt\/airpress-kompresor-dwutlokowy-hl-425-100v-8-bar-3-km-2-2-kw-260-l-min-100-l\/","og_locale":"en_US","og_type":"article","og_title":"Airpress Kompresor dwut\u0142okowy HL 425-100V 8 bar 3 KM\/2.2 kW 260 l\/min 100 l","og_description":"Lider sprzeda\u017cy, Oficjalny Dystrybutor Premium i Serwis na Polsk\u0119 Migatronic, Gys, Voestalpine Bohler Welding. Nowe i u\u017cywane Spawarki, Przecinarki Plazmowe, Kompresory. Mgr in\u017c. Jaros\u0142aw Ko\u0142aski, IWE","og_url":"https:\/\/spawlab.pl\/en\/produkt\/airpress-kompresor-dwutlokowy-hl-425-100v-8-bar-3-km-2-2-kw-260-l-min-100-l\/","og_site_name":"SpawLab - Welding equipment and plasma cutters - store and service","article_publisher":"https:\/\/www.facebook.com\/Spawlab\/","article_modified_time":"2026-04-03T22:05:10+00:00","og_image":[{"width":1200,"height":1200,"url":"https:\/\/spawlab.pl\/wp-content\/uploads\/2025\/12\/36834_2d_0002_3.jpg","type":"image\/jpeg"}],"twitter_misc":{"Price":"1 299,00&nbsp;&#122;&#322;","Availability":"In stock"},"schema":{"@context":"https:\/\/schema.org","@graph":[{"@type":["WebPage","ItemPage"],"@id":"https:\/\/spawlab.pl\/en\/produkt\/airpress-kompresor-dwutlokowy-hl-425-100v-8-bar-3-km-2-2-kw-260-l-min-100-l\/","url":"https:\/\/spawlab.pl\/en\/produkt\/airpress-kompresor-dwutlokowy-hl-425-100v-8-bar-3-km-2-2-kw-260-l-min-100-l\/","name":"Airpress Kompresor dwut\u0142okowy HL 425-100V 8 bar 3 KM\/2.2 kW 260 l\/min 100 l - SpawLab - Welding equipment and plasma cutters - store and service","isPartOf":{"@id":"https:\/\/spawlab.pl\/en\/#website"},"primaryImageOfPage":{"@id":"https:\/\/spawlab.pl\/en\/produkt\/airpress-kompresor-dwutlokowy-hl-425-100v-8-bar-3-km-2-2-kw-260-l-min-100-l\/#primaryimage"},"image":{"@id":"https:\/\/spawlab.pl\/en\/produkt\/airpress-kompresor-dwutlokowy-hl-425-100v-8-bar-3-km-2-2-kw-260-l-min-100-l\/#primaryimage"},"thumbnailUrl":"https:\/\/spawlab.pl\/wp-content\/uploads\/2025\/12\/36834_2d_0002_3.jpg","datePublished":"2026-04-03T22:05:03+00:00","dateModified":"2026-04-03T22:05:10+00:00","description":"Lider sprzeda\u017cy, Oficjalny Dystrybutor Premium i Serwis na Polsk\u0119 Migatronic, Gys, Voestalpine Bohler Welding. Nowe i u\u017cywane Spawarki, Przecinarki Plazmowe, Kompresory. Mgr in\u017c. Jaros\u0142aw Ko\u0142aski, IWE","breadcrumb":{"@id":"https:\/\/spawlab.pl\/en\/produkt\/airpress-kompresor-dwutlokowy-hl-425-100v-8-bar-3-km-2-2-kw-260-l-min-100-l\/#breadcrumb"},"inLanguage":"en-US","potentialAction":[{"@type":"ReadAction","target":["https:\/\/spawlab.pl\/en\/produkt\/airpress-kompresor-dwutlokowy-hl-425-100v-8-bar-3-km-2-2-kw-260-l-min-100-l\/"]}]},{"@type":"ImageObject","inLanguage":"en-US","@id":"https:\/\/spawlab.pl\/en\/produkt\/airpress-kompresor-dwutlokowy-hl-425-100v-8-bar-3-km-2-2-kw-260-l-min-100-l\/#primaryimage","url":"https:\/\/spawlab.pl\/wp-content\/uploads\/2025\/12\/36834_2d_0002_3.jpg","contentUrl":"https:\/\/spawlab.pl\/wp-content\/uploads\/2025\/12\/36834_2d_0002_3.jpg","width":1200,"height":1200},{"@type":"BreadcrumbList","@id":"https:\/\/spawlab.pl\/en\/produkt\/airpress-kompresor-dwutlokowy-hl-425-100v-8-bar-3-km-2-2-kw-260-l-min-100-l\/#breadcrumb","itemListElement":[{"@type":"ListItem","position":1,"name":"Strona g\u0142\u00f3wna","item":"https:\/\/spawlab.pl\/en\/"},{"@type":"ListItem","position":2,"name":"Store","item":"https:\/\/spawlab.pl\/en\/shop\/"},{"@type":"ListItem","position":3,"name":"Airpress Kompresor dwut\u0142okowy HL 425-100V 8 bar 3 KM\/2.2 kW 260 l\/min 100 l"}]},{"@type":"WebSite","@id":"https:\/\/spawlab.pl\/en\/#website","url":"https:\/\/spawlab.pl\/en\/","name":"Spawlab.pl Lider - Spawarki, Przecinarki Plazmowe, Kompresory","description":"Urz\u0105dzenia spawalnicze i Przecinarki plazmowe\/ nowe i u\u017cywane \/ Profesjonalny serwis","publisher":{"@id":"https:\/\/spawlab.pl\/en\/#organization"},"alternateName":"Spawlab.pl - Dystrybutor Premium i Serwis na Polske Migatronic, Gys, Voestalpine Bohler Welding","potentialAction":[{"@type":"SearchAction","target":{"@type":"EntryPoint","urlTemplate":"https:\/\/spawlab.pl\/en\/?s={search_term_string}"},"query-input":{"@type":"PropertyValueSpecification","valueRequired":true,"valueName":"search_term_string"}}],"inLanguage":"en-US"},{"@type":["Organization","Place"],"@id":"https:\/\/spawlab.pl\/en\/#organization","name":"Spawlab.pl","url":"https:\/\/spawlab.pl\/en\/","logo":{"@id":"https:\/\/spawlab.pl\/en\/produkt\/airpress-kompresor-dwutlokowy-hl-425-100v-8-bar-3-km-2-2-kw-260-l-min-100-l\/#local-main-organization-logo"},"image":{"@id":"https:\/\/spawlab.pl\/en\/produkt\/airpress-kompresor-dwutlokowy-hl-425-100v-8-bar-3-km-2-2-kw-260-l-min-100-l\/#local-main-organization-logo"},"sameAs":["https:\/\/www.facebook.com\/Spawlab\/","https:\/\/www.linkedin.com\/company\/spawlab","https:\/\/www.instagram.com\/spawlab.pl","https:\/\/www.tiktok.com\/@spawlab"],"description":"Lider sprzeda\u017cy, Oficjalny Dystrybutor Premium i Serwis na Polsk\u0119 Migatronic, Gys, Voestalpine Bohler Welding. Nowe i u\u017cywane Spawarki, Przecinarki Plazmowe, Kompresory. Mgr in\u017c. Jaros\u0142aw Ko\u0142aski, IWE","hasMerchantReturnPolicy":{"@type":"MerchantReturnPolicy","merchantReturnLink":"https:\/\/spawlab.pl\/polityka-prywatnosci-2\/"},"telephone":[],"openingHoursSpecification":[{"@type":"OpeningHoursSpecification","dayOfWeek":["Monday","Tuesday","Wednesday","Thursday","Friday","Saturday","Sunday"],"opens":"09:00","closes":"17:00"}]},{"@type":"ImageObject","inLanguage":"en-US","@id":"https:\/\/spawlab.pl\/en\/produkt\/airpress-kompresor-dwutlokowy-hl-425-100v-8-bar-3-km-2-2-kw-260-l-min-100-l\/#local-main-organization-logo","url":"https:\/\/spawlab.pl\/wp-content\/uploads\/2022\/01\/olx.jpg","contentUrl":"https:\/\/spawlab.pl\/wp-content\/uploads\/2022\/01\/olx.jpg","width":200,"height":200,"caption":"Spawlab.pl"}]},"product_price_amount":"1299.00","product_price_currency":"PLN","og_availability":"instock","product_availability":"instock","product_retailer_item_id":"36834","product_condition":"new"},"_links":{"self":[{"href":"https:\/\/spawlab.pl\/en\/wp-json\/wp\/v2\/product\/71868","targetHints":{"allow":["GET"]}}],"collection":[{"href":"https:\/\/spawlab.pl\/en\/wp-json\/wp\/v2\/product"}],"about":[{"href":"https:\/\/spawlab.pl\/en\/wp-json\/wp\/v2\/types\/product"}],"wp:featuredmedia":[{"embeddable":true,"href":"https:\/\/spawlab.pl\/en\/wp-json\/wp\/v2\/media\/71869"}],"wp:attachment":[{"href":"https:\/\/spawlab.pl\/en\/wp-json\/wp\/v2\/media?parent=71868"}],"wp:term":[{"taxonomy":"product_brand","embeddable":true,"href":"https:\/\/spawlab.pl\/en\/wp-json\/wp\/v2\/product_brand?post=71868"},{"taxonomy":"product_cat","embeddable":true,"href":"https:\/\/spawlab.pl\/en\/wp-json\/wp\/v2\/product_cat?post=71868"},{"taxonomy":"product_tag","embeddable":true,"href":"https:\/\/spawlab.pl\/en\/wp-json\/wp\/v2\/product_tag?post=71868"}],"curies":[{"name":"wp","href":"https:\/\/api.w.org\/{rel}","templated":true}]}}