{"id":75496,"date":"2026-01-27T09:58:13","date_gmt":"2026-01-27T08:58:13","guid":{"rendered":"https:\/\/spawlab.pl\/?post_type=product&#038;p=75496"},"modified":"2026-01-27T09:58:14","modified_gmt":"2026-01-27T08:58:14","slug":"migatronic-klin-rownolegly-4x4x8-mm-72220077","status":"publish","type":"product","link":"https:\/\/spawlab.pl\/en\/produkt\/migatronic-klin-rownolegly-4x4x8-mm-72220077\/","title":{"rendered":"Migatronic Klin r\u00f3wnoleg\u0142y 4x4x8 mm &#8211; 72220077"},"content":{"rendered":"<div style=\"font-family: Arial, sans-serif;line-height: 1.6;color: #333333\">\n<div style=\"background-color: #f5f5f5;border-left: 5px solid #1E6146;padding: 15px 20px;margin-bottom: 25px;text-align: center\">\n<p style=\"margin: 0;font-size: 16px;color: #333333\"><b>Oficjalny Dystrybutor i Autoryzowany Serwis Migatronic w Polsce<\/b><\/p>\n<\/div>\n<div style=\"border: 1px solid #e0e0e0;border-top: 5px solid #1E6146;padding: 25px;margin-bottom: 30px;background-color: #ffffff\">\n<h2 style=\"text-align: center;color: #333333;font-family: Arial, sans-serif;font-size: 28px;margin-top: 0;margin-bottom: 15px\">Migatronic Klin r\u00f3wnoleg\u0142y 4x4x8 mm &#8211; 72220077<\/h2>\n<p style=\"font-size: 18px;text-align: center;color: #555555;margin-bottom: 20px\">Klin r\u00f3wnoleg\u0142y (wpustowy) o wymiarach 4x4x8 mm to precyzyjny element mechaniczny, stosowany w urz\u0105dzeniach Migatronic do przenoszenia momentu obrotowego. Jego zadaniem jest zablokowanie wzgl\u0119dem siebie dw\u00f3ch element\u00f3w, najcz\u0119\u015bciej wa\u0142u nap\u0119dowego i osadzonego na nim ko\u0142a z\u0119batego (np. w podajniku drutu), zapobiegaj\u0105c ich po\u015blizgowi i gwarantuj\u0105c stabiln\u0105 prac\u0119 mechanizmu.<\/p>\n<p>Stosowanie oryginalnej cz\u0119\u015bci zamiennej Migatronic o numerze 72220077 zapewnia idealne dopasowanie wymiarowe i odpowiedni\u0105 twardo\u015b\u0107 materia\u0142u. U\u017cycie nieoryginalnego zamiennika o niew\u0142a\u015bciwej tolerancji lub wytrzyma\u0142o\u015bci mo\u017ce prowadzi\u0107 do uszkodzenia wa\u0142u, ko\u0142a z\u0119batego lub innych kosztownych komponent\u00f3w, a tak\u017ce do przestoj\u00f3w w pracy urz\u0105dzenia.<\/p>\n<\/div>\n<h3 style=\"font-family: Arial, sans-serif;font-size: 24px;color: #333333;border-bottom: 3px solid #1E6146;padding-bottom: 10px;margin-top: 40px;margin-bottom: 20px\">Dane Techniczne w Pigu\u0142ce<\/h3>\n<table style=\"width: 100%;border-collapse: collapse;margin-bottom: 30px\">\n<thead>\n<tr style=\"background-color: #1E6146;color: #FFFFFF\">\n<th style=\"padding: 12px;text-align: left;font-family: Arial, sans-serif\">Cecha<\/th>\n<th style=\"padding: 12px;text-align: left;font-family: Arial, sans-serif\">Specyfikacja<\/th>\n<\/tr>\n<\/thead>\n<tbody>\n<tr style=\"background-color: #ffffff\">\n<td style=\"padding: 12px;border: 1px solid #ddd;color: #333333\"><b>&#8211; **Typ<\/b><\/td>\n<td style=\"padding: 12px;border: 1px solid #ddd;color: #333333\">** Klin r\u00f3wnoleg\u0142y (wpustowy)<\/td>\n<\/tr>\n<tr style=\"background-color: #dde7e3\">\n<td style=\"padding: 12px;border: 1px solid #ddd;color: #333333\"><b>&#8211; **Szeroko\u015b\u0107<\/b><\/td>\n<td style=\"padding: 12px;border: 1px solid #ddd;color: #333333\">** 4 mm<\/td>\n<\/tr>\n<tr style=\"background-color: #ffffff\">\n<td style=\"padding: 12px;border: 1px solid #ddd;color: #333333\"><b>&#8211; **Wysoko\u015b\u0107<\/b><\/td>\n<td style=\"padding: 12px;border: 1px solid #ddd;color: #333333\">** 4 mm<\/td>\n<\/tr>\n<tr style=\"background-color: #dde7e3\">\n<td style=\"padding: 12px;border: 1px solid #ddd;color: #333333\"><b>&#8211; **D\u0142ugo\u015b\u0107<\/b><\/td>\n<td style=\"padding: 12px;border: 1px solid #ddd;color: #333333\">** 8 mm<\/td>\n<\/tr>\n<tr style=\"background-color: #ffffff\">\n<td style=\"padding: 12px;border: 1px solid #ddd;color: #333333\"><b>&#8211; **Numer katalogowy<\/b><\/td>\n<td style=\"padding: 12px;border: 1px solid #ddd;color: #333333\">** 72220077<\/td>\n<\/tr>\n<tr style=\"background-color: #dde7e3\">\n<td style=\"padding: 12px;border: 1px solid #ddd;color: #333333\"><b>&#8211; **Marka<\/b><\/td>\n<td style=\"padding: 12px;border: 1px solid #ddd;color: #333333\">** Migatronic<\/td>\n<\/tr>\n<\/tbody>\n<\/table>\n<h3 style=\"font-family: Arial, sans-serif;font-size: 24px;color: #333333;border-bottom: 3px solid #1E6146;padding-bottom: 10px;margin-top: 40px;margin-bottom: 20px\">Co Otrzymujesz w Zestawie?<\/h3>\n<p style=\"color: #333333;font-family: Arial, sans-serif\">Produkt sprzedawany jako 1 sztuka.<\/p>\n<div style=\"text-align: center;margin-top: 40px;padding: 20px;background-color: #f5f5f5;border-top: 3px solid #1E6146\">\n<p style=\"font-size: 18px;margin: 0;color: #333333;font-family: Arial, sans-serif\">Oryginalna cz\u0119\u015b\u0107 zamienna Migatronic (72220077) gwarantuje idealne dopasowanie i niezawodno\u015b\u0107 mechanizm\u00f3w nap\u0119dowych w urz\u0105dzeniach spawalniczych.<\/p>\n<\/div>\n<\/div>\n","protected":false},"excerpt":{"rendered":"<p>Oryginalny klin r\u00f3wnoleg\u0142y Migatronic 4x4x8 mm (72220077). Gwarantuje precyzyjne dopasowanie i niezawodno\u015b\u0107 mechanizm\u00f3w nap\u0119dowych.<\/p>\n","protected":false},"featured_media":65460,"template":"","meta":{"inline_featured_image":false},"product_brand":[822],"product_cat":[741],"product_tag":[27011,22202,22268,25162,22267,27010,27009,827],"class_list":{"0":"post-75496","1":"product","2":"type-product","3":"status-publish","4":"has-post-thumbnail","6":"product_brand-migatronic","7":"product_cat-migatronic-55","8":"product_tag-4x4x8","9":"product_tag-czesci","10":"product_tag-drutu","11":"product_tag-klin","12":"product_tag-podajnik","13":"product_tag-wpustowy","14":"product_tag-27009","15":"product_tag-migatronic","17":"first","18":"onbackorder","19":"taxable","20":"shipping-taxable","21":"purchasable","22":"product-type-simple"},"yoast_head":"<!-- This site is optimized with the Yoast SEO Premium plugin v27.0 (Yoast SEO v27.3) - https:\/\/yoast.com\/product\/yoast-seo-premium-wordpress\/ -->\n<title>Migatronic NOT \/ PARALLEL KEY 4x4x8 - 72220077 | Cz\u0119\u015bci Oryginalne<\/title>\n<meta name=\"description\" content=\"Oryginalny klin r\u00f3wnoleg\u0142y Migatronic 4x4x8 mm (72220077). Gwarantuje precyzyjne dopasowanie i niezawodno\u015b\u0107 mechanizm\u00f3w nap\u0119dowych.\" \/>\n<meta name=\"robots\" content=\"index, follow, max-snippet:-1, max-image-preview:large, max-video-preview:-1\" \/>\n<link rel=\"canonical\" href=\"https:\/\/spawlab.pl\/en\/produkt\/migatronic-klin-rownolegly-4x4x8-mm-72220077\/\" \/>\n<meta property=\"og:locale\" content=\"en_US\" \/>\n<meta property=\"og:type\" content=\"article\" \/>\n<meta property=\"og:title\" content=\"Migatronic Klin r\u00f3wnoleg\u0142y 4x4x8 mm - 72220077\" \/>\n<meta property=\"og:description\" content=\"Lider sprzeda\u017cy, Oficjalny Dystrybutor Premium i Serwis na Polsk\u0119 Migatronic, Gys, Voestalpine Bohler Welding. Nowe i u\u017cywane Spawarki, Przecinarki Plazmowe, Kompresory. Mgr in\u017c. Jaros\u0142aw Ko\u0142aski, IWE\" \/>\n<meta property=\"og:url\" content=\"https:\/\/spawlab.pl\/en\/produkt\/migatronic-klin-rownolegly-4x4x8-mm-72220077\/\" \/>\n<meta property=\"og:site_name\" content=\"SpawLab - Welding equipment and plasma cutters - store and service\" \/>\n<meta property=\"article:publisher\" content=\"https:\/\/www.facebook.com\/Spawlab\/\" \/>\n<meta property=\"article:modified_time\" content=\"2026-01-27T08:58:14+00:00\" \/>\n<meta property=\"og:image\" content=\"https:\/\/spawlab.pl\/wp-content\/uploads\/2025\/12\/12270103-1.jpg\" \/>\n\t<meta property=\"og:image:width\" content=\"500\" \/>\n\t<meta property=\"og:image:height\" content=\"500\" \/>\n\t<meta property=\"og:image:type\" content=\"image\/jpeg\" \/>\n<meta name=\"twitter:label1\" content=\"Price\" \/>\n\t<meta name=\"twitter:data1\" content=\"5,92&nbsp;&#122;&#322; (4,81&nbsp;&#122;&#322; netto)\" \/>\n\t<meta name=\"twitter:label2\" content=\"Availability\" \/>\n\t<meta name=\"twitter:data2\" content=\"On backorder\" \/>\n<script type=\"application\/ld+json\" class=\"yoast-schema-graph\">{\"@context\":\"https:\\\/\\\/schema.org\",\"@graph\":[{\"@type\":[\"WebPage\",\"ItemPage\"],\"@id\":\"https:\\\/\\\/spawlab.pl\\\/en\\\/produkt\\\/migatronic-klin-rownolegly-4x4x8-mm-72220077\\\/\",\"url\":\"https:\\\/\\\/spawlab.pl\\\/en\\\/produkt\\\/migatronic-klin-rownolegly-4x4x8-mm-72220077\\\/\",\"name\":\"Migatronic NOT \\\/ PARALLEL KEY 4x4x8 - 72220077 | Cz\u0119\u015bci Oryginalne\",\"isPartOf\":{\"@id\":\"https:\\\/\\\/spawlab.pl\\\/en\\\/#website\"},\"primaryImageOfPage\":{\"@id\":\"https:\\\/\\\/spawlab.pl\\\/en\\\/produkt\\\/migatronic-klin-rownolegly-4x4x8-mm-72220077\\\/#primaryimage\"},\"image\":{\"@id\":\"https:\\\/\\\/spawlab.pl\\\/en\\\/produkt\\\/migatronic-klin-rownolegly-4x4x8-mm-72220077\\\/#primaryimage\"},\"thumbnailUrl\":\"https:\\\/\\\/spawlab.pl\\\/wp-content\\\/uploads\\\/2025\\\/12\\\/12270103-1.jpg\",\"datePublished\":\"2026-01-27T08:58:13+00:00\",\"dateModified\":\"2026-01-27T08:58:14+00:00\",\"description\":\"Oryginalny klin r\u00f3wnoleg\u0142y Migatronic 4x4x8 mm (72220077). Gwarantuje precyzyjne dopasowanie i niezawodno\u015b\u0107 mechanizm\u00f3w nap\u0119dowych.\",\"breadcrumb\":{\"@id\":\"https:\\\/\\\/spawlab.pl\\\/en\\\/produkt\\\/migatronic-klin-rownolegly-4x4x8-mm-72220077\\\/#breadcrumb\"},\"inLanguage\":\"en-US\",\"potentialAction\":[{\"@type\":\"ReadAction\",\"target\":[\"https:\\\/\\\/spawlab.pl\\\/en\\\/produkt\\\/migatronic-klin-rownolegly-4x4x8-mm-72220077\\\/\"]}]},{\"@type\":\"ImageObject\",\"inLanguage\":\"en-US\",\"@id\":\"https:\\\/\\\/spawlab.pl\\\/en\\\/produkt\\\/migatronic-klin-rownolegly-4x4x8-mm-72220077\\\/#primaryimage\",\"url\":\"https:\\\/\\\/spawlab.pl\\\/wp-content\\\/uploads\\\/2025\\\/12\\\/12270103-1.jpg\",\"contentUrl\":\"https:\\\/\\\/spawlab.pl\\\/wp-content\\\/uploads\\\/2025\\\/12\\\/12270103-1.jpg\",\"width\":500,\"height\":500},{\"@type\":\"BreadcrumbList\",\"@id\":\"https:\\\/\\\/spawlab.pl\\\/en\\\/produkt\\\/migatronic-klin-rownolegly-4x4x8-mm-72220077\\\/#breadcrumb\",\"itemListElement\":[{\"@type\":\"ListItem\",\"position\":1,\"name\":\"Strona g\u0142\u00f3wna\",\"item\":\"https:\\\/\\\/spawlab.pl\\\/en\\\/\"},{\"@type\":\"ListItem\",\"position\":2,\"name\":\"Store\",\"item\":\"https:\\\/\\\/spawlab.pl\\\/en\\\/shop\\\/\"},{\"@type\":\"ListItem\",\"position\":3,\"name\":\"Migatronic Klin r\u00f3wnoleg\u0142y 4x4x8 mm - 72220077\"}]},{\"@type\":\"WebSite\",\"@id\":\"https:\\\/\\\/spawlab.pl\\\/en\\\/#website\",\"url\":\"https:\\\/\\\/spawlab.pl\\\/en\\\/\",\"name\":\"Spawlab.pl Lider - Spawarki, Przecinarki Plazmowe, Kompresory\",\"description\":\"Urz\u0105dzenia spawalnicze i Przecinarki plazmowe\\\/ nowe i u\u017cywane \\\/ Profesjonalny serwis\",\"publisher\":{\"@id\":\"https:\\\/\\\/spawlab.pl\\\/en\\\/#organization\"},\"alternateName\":\"Spawlab.pl - Dystrybutor Premium i Serwis na Polske Migatronic, Gys, Voestalpine Bohler Welding\",\"potentialAction\":[{\"@type\":\"SearchAction\",\"target\":{\"@type\":\"EntryPoint\",\"urlTemplate\":\"https:\\\/\\\/spawlab.pl\\\/en\\\/?s={search_term_string}\"},\"query-input\":{\"@type\":\"PropertyValueSpecification\",\"valueRequired\":true,\"valueName\":\"search_term_string\"}}],\"inLanguage\":\"en-US\"},{\"@type\":[\"Organization\",\"Place\"],\"@id\":\"https:\\\/\\\/spawlab.pl\\\/en\\\/#organization\",\"name\":\"Spawlab.pl\",\"url\":\"https:\\\/\\\/spawlab.pl\\\/en\\\/\",\"logo\":{\"@id\":\"https:\\\/\\\/spawlab.pl\\\/en\\\/produkt\\\/migatronic-klin-rownolegly-4x4x8-mm-72220077\\\/#local-main-organization-logo\"},\"image\":{\"@id\":\"https:\\\/\\\/spawlab.pl\\\/en\\\/produkt\\\/migatronic-klin-rownolegly-4x4x8-mm-72220077\\\/#local-main-organization-logo\"},\"sameAs\":[\"https:\\\/\\\/www.facebook.com\\\/Spawlab\\\/\",\"https:\\\/\\\/www.linkedin.com\\\/company\\\/spawlab\",\"https:\\\/\\\/www.instagram.com\\\/spawlab.pl\",\"https:\\\/\\\/www.tiktok.com\\\/@spawlab\"],\"description\":\"Lider sprzeda\u017cy, Oficjalny Dystrybutor Premium i Serwis na Polsk\u0119 Migatronic, Gys, Voestalpine Bohler Welding. Nowe i u\u017cywane Spawarki, Przecinarki Plazmowe, Kompresory. Mgr in\u017c. Jaros\u0142aw Ko\u0142aski, IWE\",\"hasMerchantReturnPolicy\":{\"@type\":\"MerchantReturnPolicy\",\"merchantReturnLink\":\"https:\\\/\\\/spawlab.pl\\\/polityka-prywatnosci-2\\\/\"},\"telephone\":[],\"openingHoursSpecification\":[{\"@type\":\"OpeningHoursSpecification\",\"dayOfWeek\":[\"Monday\",\"Tuesday\",\"Wednesday\",\"Thursday\",\"Friday\",\"Saturday\",\"Sunday\"],\"opens\":\"09:00\",\"closes\":\"17:00\"}]},{\"@type\":\"ImageObject\",\"inLanguage\":\"en-US\",\"@id\":\"https:\\\/\\\/spawlab.pl\\\/en\\\/produkt\\\/migatronic-klin-rownolegly-4x4x8-mm-72220077\\\/#local-main-organization-logo\",\"url\":\"https:\\\/\\\/spawlab.pl\\\/wp-content\\\/uploads\\\/2022\\\/01\\\/olx.jpg\",\"contentUrl\":\"https:\\\/\\\/spawlab.pl\\\/wp-content\\\/uploads\\\/2022\\\/01\\\/olx.jpg\",\"width\":200,\"height\":200,\"caption\":\"Spawlab.pl\"}]}<\/script>\n<meta property=\"product:brand\" content=\"Migatronic\" \/>\n<meta property=\"product:price:amount\" content=\"5.92\" \/>\n<meta property=\"product:price:currency\" content=\"PLN\" \/>\n<meta property=\"og:availability\" content=\"backorder\" \/>\n<meta property=\"product:availability\" content=\"available for order\" \/>\n<meta property=\"product:retailer_item_id\" content=\"72220077\" \/>\n<meta property=\"product:condition\" content=\"new\" \/>\n<!-- \/ Yoast SEO Premium plugin. -->","yoast_head_json":{"title":"Migatronic NOT \/ PARALLEL KEY 4x4x8 - 72220077 | Cz\u0119\u015bci Oryginalne","description":"Oryginalny klin r\u00f3wnoleg\u0142y Migatronic 4x4x8 mm (72220077). Gwarantuje precyzyjne dopasowanie i niezawodno\u015b\u0107 mechanizm\u00f3w nap\u0119dowych.","robots":{"index":"index","follow":"follow","max-snippet":"max-snippet:-1","max-image-preview":"max-image-preview:large","max-video-preview":"max-video-preview:-1"},"canonical":"https:\/\/spawlab.pl\/en\/produkt\/migatronic-klin-rownolegly-4x4x8-mm-72220077\/","og_locale":"en_US","og_type":"article","og_title":"Migatronic Klin r\u00f3wnoleg\u0142y 4x4x8 mm - 72220077","og_description":"Lider sprzeda\u017cy, Oficjalny Dystrybutor Premium i Serwis na Polsk\u0119 Migatronic, Gys, Voestalpine Bohler Welding. Nowe i u\u017cywane Spawarki, Przecinarki Plazmowe, Kompresory. Mgr in\u017c. Jaros\u0142aw Ko\u0142aski, IWE","og_url":"https:\/\/spawlab.pl\/en\/produkt\/migatronic-klin-rownolegly-4x4x8-mm-72220077\/","og_site_name":"SpawLab - Welding equipment and plasma cutters - store and service","article_publisher":"https:\/\/www.facebook.com\/Spawlab\/","article_modified_time":"2026-01-27T08:58:14+00:00","og_image":[{"width":500,"height":500,"url":"https:\/\/spawlab.pl\/wp-content\/uploads\/2025\/12\/12270103-1.jpg","type":"image\/jpeg"}],"twitter_misc":{"Price":"5,92&nbsp;&#122;&#322; (4,81&nbsp;&#122;&#322; netto)","Availability":"On backorder"},"schema":{"@context":"https:\/\/schema.org","@graph":[{"@type":["WebPage","ItemPage"],"@id":"https:\/\/spawlab.pl\/en\/produkt\/migatronic-klin-rownolegly-4x4x8-mm-72220077\/","url":"https:\/\/spawlab.pl\/en\/produkt\/migatronic-klin-rownolegly-4x4x8-mm-72220077\/","name":"Migatronic NOT \/ PARALLEL KEY 4x4x8 - 72220077 | Cz\u0119\u015bci Oryginalne","isPartOf":{"@id":"https:\/\/spawlab.pl\/en\/#website"},"primaryImageOfPage":{"@id":"https:\/\/spawlab.pl\/en\/produkt\/migatronic-klin-rownolegly-4x4x8-mm-72220077\/#primaryimage"},"image":{"@id":"https:\/\/spawlab.pl\/en\/produkt\/migatronic-klin-rownolegly-4x4x8-mm-72220077\/#primaryimage"},"thumbnailUrl":"https:\/\/spawlab.pl\/wp-content\/uploads\/2025\/12\/12270103-1.jpg","datePublished":"2026-01-27T08:58:13+00:00","dateModified":"2026-01-27T08:58:14+00:00","description":"Oryginalny klin r\u00f3wnoleg\u0142y Migatronic 4x4x8 mm (72220077). Gwarantuje precyzyjne dopasowanie i niezawodno\u015b\u0107 mechanizm\u00f3w nap\u0119dowych.","breadcrumb":{"@id":"https:\/\/spawlab.pl\/en\/produkt\/migatronic-klin-rownolegly-4x4x8-mm-72220077\/#breadcrumb"},"inLanguage":"en-US","potentialAction":[{"@type":"ReadAction","target":["https:\/\/spawlab.pl\/en\/produkt\/migatronic-klin-rownolegly-4x4x8-mm-72220077\/"]}]},{"@type":"ImageObject","inLanguage":"en-US","@id":"https:\/\/spawlab.pl\/en\/produkt\/migatronic-klin-rownolegly-4x4x8-mm-72220077\/#primaryimage","url":"https:\/\/spawlab.pl\/wp-content\/uploads\/2025\/12\/12270103-1.jpg","contentUrl":"https:\/\/spawlab.pl\/wp-content\/uploads\/2025\/12\/12270103-1.jpg","width":500,"height":500},{"@type":"BreadcrumbList","@id":"https:\/\/spawlab.pl\/en\/produkt\/migatronic-klin-rownolegly-4x4x8-mm-72220077\/#breadcrumb","itemListElement":[{"@type":"ListItem","position":1,"name":"Strona g\u0142\u00f3wna","item":"https:\/\/spawlab.pl\/en\/"},{"@type":"ListItem","position":2,"name":"Store","item":"https:\/\/spawlab.pl\/en\/shop\/"},{"@type":"ListItem","position":3,"name":"Migatronic Klin r\u00f3wnoleg\u0142y 4x4x8 mm - 72220077"}]},{"@type":"WebSite","@id":"https:\/\/spawlab.pl\/en\/#website","url":"https:\/\/spawlab.pl\/en\/","name":"Spawlab.pl Lider - Spawarki, Przecinarki Plazmowe, Kompresory","description":"Urz\u0105dzenia spawalnicze i Przecinarki plazmowe\/ nowe i u\u017cywane \/ Profesjonalny serwis","publisher":{"@id":"https:\/\/spawlab.pl\/en\/#organization"},"alternateName":"Spawlab.pl - Dystrybutor Premium i Serwis na Polske Migatronic, Gys, Voestalpine Bohler Welding","potentialAction":[{"@type":"SearchAction","target":{"@type":"EntryPoint","urlTemplate":"https:\/\/spawlab.pl\/en\/?s={search_term_string}"},"query-input":{"@type":"PropertyValueSpecification","valueRequired":true,"valueName":"search_term_string"}}],"inLanguage":"en-US"},{"@type":["Organization","Place"],"@id":"https:\/\/spawlab.pl\/en\/#organization","name":"Spawlab.pl","url":"https:\/\/spawlab.pl\/en\/","logo":{"@id":"https:\/\/spawlab.pl\/en\/produkt\/migatronic-klin-rownolegly-4x4x8-mm-72220077\/#local-main-organization-logo"},"image":{"@id":"https:\/\/spawlab.pl\/en\/produkt\/migatronic-klin-rownolegly-4x4x8-mm-72220077\/#local-main-organization-logo"},"sameAs":["https:\/\/www.facebook.com\/Spawlab\/","https:\/\/www.linkedin.com\/company\/spawlab","https:\/\/www.instagram.com\/spawlab.pl","https:\/\/www.tiktok.com\/@spawlab"],"description":"Lider sprzeda\u017cy, Oficjalny Dystrybutor Premium i Serwis na Polsk\u0119 Migatronic, Gys, Voestalpine Bohler Welding. Nowe i u\u017cywane Spawarki, Przecinarki Plazmowe, Kompresory. Mgr in\u017c. Jaros\u0142aw Ko\u0142aski, IWE","hasMerchantReturnPolicy":{"@type":"MerchantReturnPolicy","merchantReturnLink":"https:\/\/spawlab.pl\/polityka-prywatnosci-2\/"},"telephone":[],"openingHoursSpecification":[{"@type":"OpeningHoursSpecification","dayOfWeek":["Monday","Tuesday","Wednesday","Thursday","Friday","Saturday","Sunday"],"opens":"09:00","closes":"17:00"}]},{"@type":"ImageObject","inLanguage":"en-US","@id":"https:\/\/spawlab.pl\/en\/produkt\/migatronic-klin-rownolegly-4x4x8-mm-72220077\/#local-main-organization-logo","url":"https:\/\/spawlab.pl\/wp-content\/uploads\/2022\/01\/olx.jpg","contentUrl":"https:\/\/spawlab.pl\/wp-content\/uploads\/2022\/01\/olx.jpg","width":200,"height":200,"caption":"Spawlab.pl"}]},"product_brand":"Migatronic","product_price_amount":"5.92","product_price_currency":"PLN","og_availability":"backorder","product_availability":"available for order","product_retailer_item_id":"72220077","product_condition":"new"},"_links":{"self":[{"href":"https:\/\/spawlab.pl\/en\/wp-json\/wp\/v2\/product\/75496","targetHints":{"allow":["GET"]}}],"collection":[{"href":"https:\/\/spawlab.pl\/en\/wp-json\/wp\/v2\/product"}],"about":[{"href":"https:\/\/spawlab.pl\/en\/wp-json\/wp\/v2\/types\/product"}],"wp:featuredmedia":[{"embeddable":true,"href":"https:\/\/spawlab.pl\/en\/wp-json\/wp\/v2\/media\/65460"}],"wp:attachment":[{"href":"https:\/\/spawlab.pl\/en\/wp-json\/wp\/v2\/media?parent=75496"}],"wp:term":[{"taxonomy":"product_brand","embeddable":true,"href":"https:\/\/spawlab.pl\/en\/wp-json\/wp\/v2\/product_brand?post=75496"},{"taxonomy":"product_cat","embeddable":true,"href":"https:\/\/spawlab.pl\/en\/wp-json\/wp\/v2\/product_cat?post=75496"},{"taxonomy":"product_tag","embeddable":true,"href":"https:\/\/spawlab.pl\/en\/wp-json\/wp\/v2\/product_tag?post=75496"}],"curies":[{"name":"wp","href":"https:\/\/api.w.org\/{rel}","templated":true}]}}