{"id":78195,"date":"2026-02-12T00:15:03","date_gmt":"2026-02-11T23:15:03","guid":{"rendered":"https:\/\/spawlab.pl\/produkt\/pompa-sprezarkowa-b3800b-1l-oleju-do-kompresorow-tlokowych-gratis\/"},"modified":"2026-04-03T20:06:06","modified_gmt":"2026-04-03T18:06:06","slug":"airpress-pompa-sprezarkowa-b3800b-1l-oleju-do-kompresorow-tlokowych-gratis","status":"publish","type":"product","link":"https:\/\/spawlab.pl\/en\/produkt\/airpress-pompa-sprezarkowa-b3800b-1l-oleju-do-kompresorow-tlokowych-gratis\/","title":{"rendered":"Airpress Pompa spr\u0119\u017carkowa B3800B + 1l oleju do kompresor\u00f3w t\u0142okowych GRATIS"},"content":{"rendered":"<h2>Pompa spr\u0119\u017carkowa B3800B + 1l oleju do kompresor\u00f3w t\u0142okowych GRATIS<\/h2>\n<p><b>Pompa t\u0142okowa spr\u0119\u017carkowa B3800B<\/b> to wytrzyma\u0142a jednostopniowa pompa z nap\u0119dem pasowym, wyposa\u017cona w dwa t\u0142oki. Produkowana w Unii Europejskiej, spe\u0142nia europejskie standardy jako\u015bci i bezpiecze\u0144stwa, gwarantuj\u0105c trwa\u0142o\u015b\u0107 i niezawodno\u015b\u0107 w pracy.<\/p>\n<p>Model B3800B zosta\u0142 zaprojektowany z my\u015bl\u0105 o intensywnym u\u017cytkowaniu. Wyposa\u017cony w <b>\u017celiwne cylindry odporne na wysokie temperatury, szerokie o\u017cebrowanie oraz kute wa\u0142y korbowe<\/b>, charakteryzuje si\u0119 wyj\u0105tkow\u0105 trwa\u0142o\u015bci\u0105 i odporno\u015bci\u0105 na przeci\u0105\u017cenia. <b>Du\u017ce ko\u0142a pasowe z powi\u0119kszonymi \u0142opatkami oraz efektywne odprowadzanie ciep\u0142a<\/b> gwarantuj\u0105 stabilne dzia\u0142anie nawet w najtrudniejszych warunkach.<\/p>\n<div class=&quot;r&quot;>\n<div class=&quot;w-2\/3&quot;>\n<h2>Specyfikacja techniczna:<\/h2>\n<ul class=&quot;list&quot;>\n<li><b>Moc silnika:<\/b> 4 KM (3 kW)<\/li>\n<li><b>Wydajno\u015b\u0107:<\/b> 476 l\/min<\/li>\n<li><b>Maksymalne ci\u015bnienie:<\/b> 10 bar<\/li>\n<li><b>Pr\u0119dko\u015b\u0107 obrotowa:<\/b> 1400 obr.\/min<\/li>\n<li><b>Liczba t\u0142ok\u00f3w:<\/b> 2<\/li>\n<li><b>Liczba stopni spr\u0119\u017cania:<\/b> 1<\/li>\n<li><b>Wymiary:<\/b> 280 x 390 x 320 mm<\/li>\n<li><b>Waga:<\/b> 12 kg<\/li>\n<\/ul>\n<p><\/p>\n<p>Pompa B2800B jest dostarczana bez uzupe\u0142nionego oleju, dlatego przed jej pierwszym uruchomieniem konieczne jest uzupe\u0142nienie p\u0142ynu zgodnego ze specyfikacj\u0105 VG 100. Aby u\u0142atwi\u0107 ten proces oraz zapewni\u0107 optymaln\u0105 wydajno\u015b\u0107 i bezpiecze\u0144stwo pracy, <b>do\u0142\u0105czamy 1 litr profesjonalnego mineralnego oleju do kompresor\u00f3w t\u0142okowych GRATIS<\/b><\/p>\n<h2>Olej do kompresor\u00f3w t\u0142okowych 1 litr<\/h2>\n<p>Profesjonalny mineralny olej przeznaczony do smarowania r\u00f3\u017cnego typu spr\u0119\u017carek t\u0142okowych, pracuj\u0105cych w normalnych oraz ci\u0119\u017ckich warunkach. Olej charakteryzuje si\u0119:<\/p>\n<ul class=&quot;list&quot;>\n<li>Bardzo dobrymi w\u0142a\u015bciwo\u015bciami przeciwkorozyjnymi i przeciwzu\u017cyciowymi<\/li>\n<li>Dobrym oporem na utlenianie<\/li>\n<li>Skutecznym wydzielaniem powietrza i nisk\u0105 sk\u0142onno\u015bci\u0105 do pienienia<\/li>\n<\/ul><\/div>\n<div class=&quot;w-1\/3 place-content-center&quot;>\n        <img src=&quot;https:\/\/airpress.pl\/media\/wysiwyg\/AirpressPL\/6218739400-12494.jpg&quot; alt=&quot;Pompa t\u0142okowa spr\u0119\u017carkowa B3800B&quot; \/>\n    <\/div>\n<\/div>\n","protected":false},"excerpt":{"rendered":"<p>Pompa spr\u0119\u017carkowa B3800B + 1l oleju do kompresor\u00f3w t\u0142okowych GRATIS Pompa t\u0142okowa spr\u0119\u017carkowa B3800B to wytrzyma\u0142a jednostopniowa pompa z nap\u0119dem pasowym, wyposa\u017cona w dwa t\u0142oki. Produkowana w Unii Europejskiej, spe\u0142nia europejskie standardy jako\u015bci i bezpiecze\u0144stwa, gwarantuj\u0105c trwa\u0142o\u015b\u0107 i niezawodno\u015b\u0107 w pracy. Model B3800B zosta\u0142 zaprojektowany z my\u015bl\u0105 o intensywnym u\u017cytkowaniu. Wyposa\u017cony w \u017celiwne cylindry odporne [&hellip;]<\/p>\n","protected":false},"featured_media":0,"template":"","meta":{"inline_featured_image":false},"product_brand":[1038],"product_cat":[26025,1037,81,16,27910,343,3342],"product_tag":[],"class_list":{"0":"post-78195","1":"product","2":"type-product","3":"status-publish","5":"product_brand-airpress","6":"product_cat-airpress","7":"product_cat-sprezarki-airpress","8":"product_cat-akcesoria-czesci","9":"product_cat-nowe","10":"product_cat-pozostale","11":"product_cat-sprezarki-i-kompresory1","12":"product_cat-strefa-marki","13":"ep-can-popup","15":"first","16":"outofstock","17":"purchasable","18":"product-type-simple"},"yoast_head":"<!-- This site is optimized with the Yoast SEO Premium plugin v27.0 (Yoast SEO v27.3) - https:\/\/yoast.com\/product\/yoast-seo-premium-wordpress\/ -->\n<title>Airpress Pompa spr\u0119\u017carkowa B3800B + 1l oleju do kompresor\u00f3w t\u0142okowych GRATIS - SpawLab - Welding equipment and plasma cutters - store and service<\/title>\n<meta name=\"description\" content=\"Lider sprzeda\u017cy, Oficjalny Dystrybutor Premium i Serwis na Polsk\u0119 Migatronic, Gys, Voestalpine Bohler Welding. Nowe i u\u017cywane Spawarki, Przecinarki Plazmowe, Kompresory. Mgr in\u017c. Jaros\u0142aw Ko\u0142aski, IWE\" \/>\n<meta name=\"robots\" content=\"index, follow, max-snippet:-1, max-image-preview:large, max-video-preview:-1\" \/>\n<link rel=\"canonical\" href=\"https:\/\/spawlab.pl\/en\/produkt\/airpress-pompa-sprezarkowa-b3800b-1l-oleju-do-kompresorow-tlokowych-gratis\/\" \/>\n<meta property=\"og:locale\" content=\"en_US\" \/>\n<meta property=\"og:type\" content=\"article\" \/>\n<meta property=\"og:title\" content=\"Airpress Pompa spr\u0119\u017carkowa B3800B + 1l oleju do kompresor\u00f3w t\u0142okowych GRATIS\" \/>\n<meta property=\"og:description\" content=\"Lider sprzeda\u017cy, Oficjalny Dystrybutor Premium i Serwis na Polsk\u0119 Migatronic, Gys, Voestalpine Bohler Welding. Nowe i u\u017cywane Spawarki, Przecinarki Plazmowe, Kompresory. Mgr in\u017c. Jaros\u0142aw Ko\u0142aski, IWE\" \/>\n<meta property=\"og:url\" content=\"https:\/\/spawlab.pl\/en\/produkt\/airpress-pompa-sprezarkowa-b3800b-1l-oleju-do-kompresorow-tlokowych-gratis\/\" \/>\n<meta property=\"og:site_name\" content=\"SpawLab - Welding equipment and plasma cutters - store and service\" \/>\n<meta property=\"article:publisher\" content=\"https:\/\/www.facebook.com\/Spawlab\/\" \/>\n<meta property=\"article:modified_time\" content=\"2026-04-03T18:06:06+00:00\" \/>\n<meta property=\"og:image\" content=\"https:\/\/spawlab.pl\/wp-content\/uploads\/2025\/06\/LOGO-SPOLECZN-scaled.png\" \/>\n\t<meta property=\"og:image:width\" content=\"2560\" \/>\n\t<meta property=\"og:image:height\" content=\"1440\" \/>\n\t<meta property=\"og:image:type\" content=\"image\/png\" \/>\n<meta name=\"twitter:label1\" content=\"Price\" \/>\n\t<meta name=\"twitter:data1\" content=\"904,67&nbsp;&#122;&#322;\" \/>\n\t<meta name=\"twitter:label2\" content=\"Availability\" \/>\n\t<meta name=\"twitter:data2\" content=\"Out of stock\" \/>\n<script type=\"application\/ld+json\" class=\"yoast-schema-graph\">{\"@context\":\"https:\\\/\\\/schema.org\",\"@graph\":[{\"@type\":[\"WebPage\",\"ItemPage\"],\"@id\":\"https:\\\/\\\/spawlab.pl\\\/en\\\/produkt\\\/airpress-pompa-sprezarkowa-b3800b-1l-oleju-do-kompresorow-tlokowych-gratis\\\/\",\"url\":\"https:\\\/\\\/spawlab.pl\\\/en\\\/produkt\\\/airpress-pompa-sprezarkowa-b3800b-1l-oleju-do-kompresorow-tlokowych-gratis\\\/\",\"name\":\"Airpress Pompa spr\u0119\u017carkowa B3800B + 1l oleju do kompresor\u00f3w t\u0142okowych GRATIS - SpawLab - Welding equipment and plasma cutters - store and service\",\"isPartOf\":{\"@id\":\"https:\\\/\\\/spawlab.pl\\\/en\\\/#website\"},\"datePublished\":\"2026-02-11T23:15:03+00:00\",\"dateModified\":\"2026-04-03T18:06:06+00:00\",\"description\":\"Lider sprzeda\u017cy, Oficjalny Dystrybutor Premium i Serwis na Polsk\u0119 Migatronic, Gys, Voestalpine Bohler Welding. Nowe i u\u017cywane Spawarki, Przecinarki Plazmowe, Kompresory. Mgr in\u017c. Jaros\u0142aw Ko\u0142aski, IWE\",\"breadcrumb\":{\"@id\":\"https:\\\/\\\/spawlab.pl\\\/en\\\/produkt\\\/airpress-pompa-sprezarkowa-b3800b-1l-oleju-do-kompresorow-tlokowych-gratis\\\/#breadcrumb\"},\"inLanguage\":\"en-US\",\"potentialAction\":[{\"@type\":\"ReadAction\",\"target\":[\"https:\\\/\\\/spawlab.pl\\\/en\\\/produkt\\\/airpress-pompa-sprezarkowa-b3800b-1l-oleju-do-kompresorow-tlokowych-gratis\\\/\"]}]},{\"@type\":\"BreadcrumbList\",\"@id\":\"https:\\\/\\\/spawlab.pl\\\/en\\\/produkt\\\/airpress-pompa-sprezarkowa-b3800b-1l-oleju-do-kompresorow-tlokowych-gratis\\\/#breadcrumb\",\"itemListElement\":[{\"@type\":\"ListItem\",\"position\":1,\"name\":\"Strona g\u0142\u00f3wna\",\"item\":\"https:\\\/\\\/spawlab.pl\\\/en\\\/\"},{\"@type\":\"ListItem\",\"position\":2,\"name\":\"Store\",\"item\":\"https:\\\/\\\/spawlab.pl\\\/en\\\/shop\\\/\"},{\"@type\":\"ListItem\",\"position\":3,\"name\":\"Airpress Pompa spr\u0119\u017carkowa B3800B + 1l oleju do kompresor\u00f3w t\u0142okowych GRATIS\"}]},{\"@type\":\"WebSite\",\"@id\":\"https:\\\/\\\/spawlab.pl\\\/en\\\/#website\",\"url\":\"https:\\\/\\\/spawlab.pl\\\/en\\\/\",\"name\":\"Spawlab.pl Lider - Spawarki, Przecinarki Plazmowe, Kompresory\",\"description\":\"Urz\u0105dzenia spawalnicze i Przecinarki plazmowe\\\/ nowe i u\u017cywane \\\/ Profesjonalny serwis\",\"publisher\":{\"@id\":\"https:\\\/\\\/spawlab.pl\\\/en\\\/#organization\"},\"alternateName\":\"Spawlab.pl - Dystrybutor Premium i Serwis na Polske Migatronic, Gys, Voestalpine Bohler Welding\",\"potentialAction\":[{\"@type\":\"SearchAction\",\"target\":{\"@type\":\"EntryPoint\",\"urlTemplate\":\"https:\\\/\\\/spawlab.pl\\\/en\\\/?s={search_term_string}\"},\"query-input\":{\"@type\":\"PropertyValueSpecification\",\"valueRequired\":true,\"valueName\":\"search_term_string\"}}],\"inLanguage\":\"en-US\"},{\"@type\":[\"Organization\",\"Place\"],\"@id\":\"https:\\\/\\\/spawlab.pl\\\/en\\\/#organization\",\"name\":\"Spawlab.pl\",\"url\":\"https:\\\/\\\/spawlab.pl\\\/en\\\/\",\"logo\":{\"@id\":\"https:\\\/\\\/spawlab.pl\\\/en\\\/produkt\\\/airpress-pompa-sprezarkowa-b3800b-1l-oleju-do-kompresorow-tlokowych-gratis\\\/#local-main-organization-logo\"},\"image\":{\"@id\":\"https:\\\/\\\/spawlab.pl\\\/en\\\/produkt\\\/airpress-pompa-sprezarkowa-b3800b-1l-oleju-do-kompresorow-tlokowych-gratis\\\/#local-main-organization-logo\"},\"sameAs\":[\"https:\\\/\\\/www.facebook.com\\\/Spawlab\\\/\",\"https:\\\/\\\/www.linkedin.com\\\/company\\\/spawlab\",\"https:\\\/\\\/www.instagram.com\\\/spawlab.pl\",\"https:\\\/\\\/www.tiktok.com\\\/@spawlab\"],\"description\":\"Lider sprzeda\u017cy, Oficjalny Dystrybutor Premium i Serwis na Polsk\u0119 Migatronic, Gys, Voestalpine Bohler Welding. Nowe i u\u017cywane Spawarki, Przecinarki Plazmowe, Kompresory. Mgr in\u017c. Jaros\u0142aw Ko\u0142aski, IWE\",\"hasMerchantReturnPolicy\":{\"@type\":\"MerchantReturnPolicy\",\"merchantReturnLink\":\"https:\\\/\\\/spawlab.pl\\\/polityka-prywatnosci-2\\\/\"},\"telephone\":[],\"openingHoursSpecification\":[{\"@type\":\"OpeningHoursSpecification\",\"dayOfWeek\":[\"Monday\",\"Tuesday\",\"Wednesday\",\"Thursday\",\"Friday\",\"Saturday\",\"Sunday\"],\"opens\":\"09:00\",\"closes\":\"17:00\"}]},{\"@type\":\"ImageObject\",\"inLanguage\":\"en-US\",\"@id\":\"https:\\\/\\\/spawlab.pl\\\/en\\\/produkt\\\/airpress-pompa-sprezarkowa-b3800b-1l-oleju-do-kompresorow-tlokowych-gratis\\\/#local-main-organization-logo\",\"url\":\"https:\\\/\\\/spawlab.pl\\\/wp-content\\\/uploads\\\/2022\\\/01\\\/olx.jpg\",\"contentUrl\":\"https:\\\/\\\/spawlab.pl\\\/wp-content\\\/uploads\\\/2022\\\/01\\\/olx.jpg\",\"width\":200,\"height\":200,\"caption\":\"Spawlab.pl\"}]}<\/script>\n<meta property=\"product:price:amount\" content=\"904.67\" \/>\n<meta property=\"product:price:currency\" content=\"PLN\" \/>\n<meta property=\"og:availability\" content=\"out of stock\" \/>\n<meta property=\"product:availability\" content=\"out of stock\" \/>\n<meta property=\"product:retailer_item_id\" content=\"6218739400-12494\" \/>\n<meta property=\"product:condition\" content=\"new\" \/>\n<!-- \/ Yoast SEO Premium plugin. -->","yoast_head_json":{"title":"Airpress Pompa spr\u0119\u017carkowa B3800B + 1l oleju do kompresor\u00f3w t\u0142okowych GRATIS - SpawLab - Welding equipment and plasma cutters - store and service","description":"Lider sprzeda\u017cy, Oficjalny Dystrybutor Premium i Serwis na Polsk\u0119 Migatronic, Gys, Voestalpine Bohler Welding. Nowe i u\u017cywane Spawarki, Przecinarki Plazmowe, Kompresory. Mgr in\u017c. Jaros\u0142aw Ko\u0142aski, IWE","robots":{"index":"index","follow":"follow","max-snippet":"max-snippet:-1","max-image-preview":"max-image-preview:large","max-video-preview":"max-video-preview:-1"},"canonical":"https:\/\/spawlab.pl\/en\/produkt\/airpress-pompa-sprezarkowa-b3800b-1l-oleju-do-kompresorow-tlokowych-gratis\/","og_locale":"en_US","og_type":"article","og_title":"Airpress Pompa spr\u0119\u017carkowa B3800B + 1l oleju do kompresor\u00f3w t\u0142okowych GRATIS","og_description":"Lider sprzeda\u017cy, Oficjalny Dystrybutor Premium i Serwis na Polsk\u0119 Migatronic, Gys, Voestalpine Bohler Welding. Nowe i u\u017cywane Spawarki, Przecinarki Plazmowe, Kompresory. Mgr in\u017c. Jaros\u0142aw Ko\u0142aski, IWE","og_url":"https:\/\/spawlab.pl\/en\/produkt\/airpress-pompa-sprezarkowa-b3800b-1l-oleju-do-kompresorow-tlokowych-gratis\/","og_site_name":"SpawLab - Welding equipment and plasma cutters - store and service","article_publisher":"https:\/\/www.facebook.com\/Spawlab\/","article_modified_time":"2026-04-03T18:06:06+00:00","og_image":[{"width":2560,"height":1440,"url":"https:\/\/spawlab.pl\/wp-content\/uploads\/2025\/06\/LOGO-SPOLECZN-scaled.png","type":"image\/png"}],"twitter_misc":{"Price":"904,67&nbsp;&#122;&#322;","Availability":"Out of stock"},"schema":{"@context":"https:\/\/schema.org","@graph":[{"@type":["WebPage","ItemPage"],"@id":"https:\/\/spawlab.pl\/en\/produkt\/airpress-pompa-sprezarkowa-b3800b-1l-oleju-do-kompresorow-tlokowych-gratis\/","url":"https:\/\/spawlab.pl\/en\/produkt\/airpress-pompa-sprezarkowa-b3800b-1l-oleju-do-kompresorow-tlokowych-gratis\/","name":"Airpress Pompa spr\u0119\u017carkowa B3800B + 1l oleju do kompresor\u00f3w t\u0142okowych GRATIS - SpawLab - Welding equipment and plasma cutters - store and service","isPartOf":{"@id":"https:\/\/spawlab.pl\/en\/#website"},"datePublished":"2026-02-11T23:15:03+00:00","dateModified":"2026-04-03T18:06:06+00:00","description":"Lider sprzeda\u017cy, Oficjalny Dystrybutor Premium i Serwis na Polsk\u0119 Migatronic, Gys, Voestalpine Bohler Welding. Nowe i u\u017cywane Spawarki, Przecinarki Plazmowe, Kompresory. Mgr in\u017c. Jaros\u0142aw Ko\u0142aski, IWE","breadcrumb":{"@id":"https:\/\/spawlab.pl\/en\/produkt\/airpress-pompa-sprezarkowa-b3800b-1l-oleju-do-kompresorow-tlokowych-gratis\/#breadcrumb"},"inLanguage":"en-US","potentialAction":[{"@type":"ReadAction","target":["https:\/\/spawlab.pl\/en\/produkt\/airpress-pompa-sprezarkowa-b3800b-1l-oleju-do-kompresorow-tlokowych-gratis\/"]}]},{"@type":"BreadcrumbList","@id":"https:\/\/spawlab.pl\/en\/produkt\/airpress-pompa-sprezarkowa-b3800b-1l-oleju-do-kompresorow-tlokowych-gratis\/#breadcrumb","itemListElement":[{"@type":"ListItem","position":1,"name":"Strona g\u0142\u00f3wna","item":"https:\/\/spawlab.pl\/en\/"},{"@type":"ListItem","position":2,"name":"Store","item":"https:\/\/spawlab.pl\/en\/shop\/"},{"@type":"ListItem","position":3,"name":"Airpress Pompa spr\u0119\u017carkowa B3800B + 1l oleju do kompresor\u00f3w t\u0142okowych GRATIS"}]},{"@type":"WebSite","@id":"https:\/\/spawlab.pl\/en\/#website","url":"https:\/\/spawlab.pl\/en\/","name":"Spawlab.pl Lider - Spawarki, Przecinarki Plazmowe, Kompresory","description":"Urz\u0105dzenia spawalnicze i Przecinarki plazmowe\/ nowe i u\u017cywane \/ Profesjonalny serwis","publisher":{"@id":"https:\/\/spawlab.pl\/en\/#organization"},"alternateName":"Spawlab.pl - Dystrybutor Premium i Serwis na Polske Migatronic, Gys, Voestalpine Bohler Welding","potentialAction":[{"@type":"SearchAction","target":{"@type":"EntryPoint","urlTemplate":"https:\/\/spawlab.pl\/en\/?s={search_term_string}"},"query-input":{"@type":"PropertyValueSpecification","valueRequired":true,"valueName":"search_term_string"}}],"inLanguage":"en-US"},{"@type":["Organization","Place"],"@id":"https:\/\/spawlab.pl\/en\/#organization","name":"Spawlab.pl","url":"https:\/\/spawlab.pl\/en\/","logo":{"@id":"https:\/\/spawlab.pl\/en\/produkt\/airpress-pompa-sprezarkowa-b3800b-1l-oleju-do-kompresorow-tlokowych-gratis\/#local-main-organization-logo"},"image":{"@id":"https:\/\/spawlab.pl\/en\/produkt\/airpress-pompa-sprezarkowa-b3800b-1l-oleju-do-kompresorow-tlokowych-gratis\/#local-main-organization-logo"},"sameAs":["https:\/\/www.facebook.com\/Spawlab\/","https:\/\/www.linkedin.com\/company\/spawlab","https:\/\/www.instagram.com\/spawlab.pl","https:\/\/www.tiktok.com\/@spawlab"],"description":"Lider sprzeda\u017cy, Oficjalny Dystrybutor Premium i Serwis na Polsk\u0119 Migatronic, Gys, Voestalpine Bohler Welding. Nowe i u\u017cywane Spawarki, Przecinarki Plazmowe, Kompresory. Mgr in\u017c. Jaros\u0142aw Ko\u0142aski, IWE","hasMerchantReturnPolicy":{"@type":"MerchantReturnPolicy","merchantReturnLink":"https:\/\/spawlab.pl\/polityka-prywatnosci-2\/"},"telephone":[],"openingHoursSpecification":[{"@type":"OpeningHoursSpecification","dayOfWeek":["Monday","Tuesday","Wednesday","Thursday","Friday","Saturday","Sunday"],"opens":"09:00","closes":"17:00"}]},{"@type":"ImageObject","inLanguage":"en-US","@id":"https:\/\/spawlab.pl\/en\/produkt\/airpress-pompa-sprezarkowa-b3800b-1l-oleju-do-kompresorow-tlokowych-gratis\/#local-main-organization-logo","url":"https:\/\/spawlab.pl\/wp-content\/uploads\/2022\/01\/olx.jpg","contentUrl":"https:\/\/spawlab.pl\/wp-content\/uploads\/2022\/01\/olx.jpg","width":200,"height":200,"caption":"Spawlab.pl"}]},"product_price_amount":"904.67","product_price_currency":"PLN","og_availability":"out of stock","product_availability":"out of stock","product_retailer_item_id":"6218739400-12494","product_condition":"new"},"_links":{"self":[{"href":"https:\/\/spawlab.pl\/en\/wp-json\/wp\/v2\/product\/78195","targetHints":{"allow":["GET"]}}],"collection":[{"href":"https:\/\/spawlab.pl\/en\/wp-json\/wp\/v2\/product"}],"about":[{"href":"https:\/\/spawlab.pl\/en\/wp-json\/wp\/v2\/types\/product"}],"wp:attachment":[{"href":"https:\/\/spawlab.pl\/en\/wp-json\/wp\/v2\/media?parent=78195"}],"wp:term":[{"taxonomy":"product_brand","embeddable":true,"href":"https:\/\/spawlab.pl\/en\/wp-json\/wp\/v2\/product_brand?post=78195"},{"taxonomy":"product_cat","embeddable":true,"href":"https:\/\/spawlab.pl\/en\/wp-json\/wp\/v2\/product_cat?post=78195"},{"taxonomy":"product_tag","embeddable":true,"href":"https:\/\/spawlab.pl\/en\/wp-json\/wp\/v2\/product_tag?post=78195"}],"curies":[{"name":"wp","href":"https:\/\/api.w.org\/{rel}","templated":true}]}}