{"id":81252,"date":"2026-04-02T00:01:13","date_gmt":"2026-04-01T22:01:13","guid":{"rendered":"https:\/\/spawlab.pl\/produkt\/maly-kompresor-h-185-6-zestaw-akcesoriow-pneumatycznych\/"},"modified":"2026-04-04T00:05:42","modified_gmt":"2026-04-03T22:05:42","slug":"airpress-maly-kompresor-h-185-6-zestaw-akcesoriow-pneumatycznych","status":"publish","type":"product","link":"https:\/\/spawlab.pl\/en\/produkt\/airpress-maly-kompresor-h-185-6-zestaw-akcesoriow-pneumatycznych\/","title":{"rendered":"Airpress Ma\u0142y kompresor H 185-6 + zestaw akcesori\u00f3w pneumatycznych"},"content":{"rendered":"<div class=&quot;r&quot;>\n<div class=&quot;w-1\/2&quot;>\n<p>Chcesz usprawni\u0107 swoj\u0105 prac\u0119 w ogrodzie i w domu? Potrzebujesz dost\u0119pu do spr\u0119\u017conego powietrza w podr\u00f3\u017cy b\u0105d\u017a na dzia\u0142ce? Szukasz <b>mobilnego kompresora, kt\u00f3ry mo\u017cesz zabra\u0107 ze sob\u0105 wsz\u0119dzie?<\/b><br \/>\n            Kompresor domowy H 185-6 to uniwersalne urz\u0105dzenie, kt\u00f3re znacz\u0105co usprawni wykonywanie codziennych obowi\u0105zk\u00f3w w Twoim domu i ogrodzie.<\/p>\n<p>Spr\u0119\u017carka od Airpress zapewni Ci optymalne parametry pracy do podstawowych zastosowa\u0144, takich jak pompowanie opon i materacy oraz przedmuch instalacji wodnych lub li\u015bci. W rezultacie ka\u017cde zadanie wykonasz szybko i efektywnie, oszcz\u0119dzaj\u0105c Tw\u00f3j czas i energi\u0119!<\/p>\n<h2>Wybieraj\u0105c spr\u0119\u017cark\u0119 H 185-6, wybierasz \u017cywotno\u015b\u0107 i wydajno\u015b\u0107!<\/h2>\n<p><b>Kompresor olejowy H 185-6<\/b> od Airpress wyr\u00f3\u017cnia si\u0119 niezwyk\u0142\u0105 trwa\u0142o\u015bci\u0105. Smarowanie bloku t\u0142okowego olejem zapewnia lepsze ch\u0142odzenie i zmniejsza zu\u017cycie cz\u0119\u015bci, co znacznie wyd\u0142u\u017ca \u017cywotno\u015b\u0107 urz\u0105dzenia. Co wi\u0119cej, <b>olej usuwa zanieczyszczenia ze spr\u0119\u017conego powietrza, co wp\u0142ywa na zwi\u0119kszenie jako\u015bci medium roboczego.<\/b> Dzi\u0119ki temu mo\u017cesz d\u0142ugo korzysta\u0107 ze swojej spr\u0119\u017carki!<\/p>\n<p>Kompresor H 185-6 wyposa\u017cony jest w nap\u0119d bezpo\u015bredni, co jest idealnym rozwi\u0105zaniem dla u\u017cytkownik\u00f3w o mniejszym zapotrzebowaniu na spr\u0119\u017cone powietrze. Dzi\u0119ki nap\u0119dowi bezpo\u015bredniemu, nasz kompresor zapewnia szybszy start i p\u0142ynn\u0105 prac\u0119 w kr\u00f3tkich cyklach.<\/p>\n<\/p><\/div>\n<div class=&quot;w-1\/2&quot;>\n        <center><img src=&quot;https:\/\/airpress.pl\/media\/wysiwyg\/36546_productpic_1.jpg&quot; width=&quot;450&quot; height=&quot;450&quot;  alt=&quot;Kompresor H 185-6&quot; \/><\/center>\n    <\/div>\n<\/div>\n<h2>Pracuj efektywnie i bezpiecznie z nasz\u0105 spr\u0119\u017cark\u0105 H 185-6!<\/h2>\n<p><b>Maksymalne ci\u015bnienie robocze wynosz\u0105ce 8 bar\u00f3w<\/b> pozwala na wykonywanie r\u00f3\u017cnorodnych zada\u0144, od pompowania opon i dmuchania materacy, po zasilanie podstawowych narz\u0119dzi pneumatycznych, takich jak zszywarki czy gwo\u017adziarki.<\/p>\n<p>Nasz kompresor H 185-6 spe\u0142ni Twoje podstawowe potrzeby w domu czy ogrodzie,, eliminuj\u0105c konieczno\u015b\u0107 r\u0119cznego wykonywania wielu czynno\u015bci.<\/p>\n<p>Model H 185-6 jest wyposa\u017cony w <b>specjaln\u0105 os\u0142on\u0119 bloku spr\u0119\u017carkowego, kt\u00f3ra nie tylko chroni kluczowe elementy przed uszkodzeniami, ale tak\u017ce zwi\u0119ksza bezpiecze\u0144stwo u\u017cytkowania.<\/b> To szczeg\u00f3lnie wa\u017cne dla pocz\u0105tkuj\u0105cych u\u017cytkownik\u00f3w, kt\u00f3rzy mog\u0105 nie by\u0107 jeszcze zaznajomieni z obs\u0142ug\u0105 tego typu urz\u0105dze\u0144. Specjalna os\u0142ona zabezpiecza przed przypadkowym kontaktem z ruchomymi cz\u0119\u015bciami, zapewniaj\u0105c spok\u00f3j i bezpiecze\u0144stwo podczas pracy.<\/p>\n<div class=&quot;r&quot;>\n<div class=&quot;w-1\/2&quot;>\n<h2>Korzystaj z przeno\u015bnego kompresora H 185-6 od Airpress!<\/h2>\n<p>Mobilno\u015b\u0107 spr\u0119\u017carki H 185-6 od Airpress to kolejna wielka zaleta tego urz\u0105dzenia. Dzi\u0119ki <b>kompaktowym rozmiarom, ergonomicznemu uchwytowi i niskiej wadze,<\/b> kompresor jest idealnym modelem przeno\u015bnym, kt\u00f3ry \u0142atwo przetransportujesz. Teraz mo\u017cesz korzysta\u0107 ze swojej spr\u0119\u017carki w dowolnym miejscu, zar\u00f3wno wewn\u0105trz domu, jak i w ogrodzie i gara\u017cu. W ka\u017cdej chwili mo\u017cesz j\u0105 zapakowa\u0107 do samochodu i zabra\u0107 na wycieczk\u0119!<\/p>\n<p>Niezale\u017cnie od tego, czy musisz napompowa\u0107 opony w gara\u017cu, czy przedmucha\u0107 instalacj\u0119 wodn\u0105, nasz kompresor jest zawsze pod r\u0119k\u0105, gotowy do dzia\u0142ania!<\/p>\n<\/p><\/div>\n<div class=&quot;w-1\/2&quot;>\n        <center><img src=&quot;https:\/\/airpress.pl\/media\/wysiwyg\/36546_2D_0016.jpg&quot; width=&quot;300&quot; height=&quot;300&quot; alt=&quot;Uchwyt kompresora H 185-6&quot; \/><\/center>\n    <\/div>\n<\/div>\n<div class=&quot;r&quot;>\n<div class=&quot;w-1\/2&quot;>\n<p>        <center><img src=&quot;https:\/\/airpress.pl\/media\/wysiwyg\/36546_2D_0001.png&quot; width=&quot;400&quot; height=&quot;400&quot; alt=&quot;Kompresor t\u0142okowy H 185-6&quot; \/><\/center>\n    <\/div>\n<div class=&quot;w-1\/2&quot;><\/p>\n<h2>Zwi\u0119ksz efektywno\u015b\u0107 prac domowych z modelem H 185-6<\/h2>\n<p>Kompresor H 185-6 oferuje wydajno\u015b\u0107 na poziomie 82,3 l\/min, co sprawia, \u017ce jest idealny do wielu zastosowa\u0144 domowych. Dzi\u0119ki takiej wydajno\u015bci, mo\u017cesz szybko i sprawnie <b>przedmucha\u0107 powierzchni\u0119 oraz urz\u0105dzenia w domu,<\/b> oszcz\u0119dzaj\u0105c czas i energi\u0119.<\/p>\n<p>Model H 185-6 wyposa\u017cony jest w <b>szybkoz\u0142\u0105cze powietrza, co znacznie u\u0142atwia pod\u0142\u0105czanie i od\u0142\u0105czanie akcesori\u00f3w pneumatycznych.<\/b> Dzi\u0119ki temu zmiana narz\u0119dzi jest szybka i prosta, co znacznie zwi\u0119ksza efektywno\u015b\u0107 pracy. Szybkoz\u0142\u0105cze zapewnia r\u00f3wnie\u017c szczelne po\u0142\u0105czenie, eliminuj\u0105c straty powietrza i zwi\u0119kszaj\u0105c wydajno\u015b\u0107 pracy.<\/p>\n<p><b>Zbiornik o pojemno\u015bci 6 litr\u00f3w<\/b> to optymalne rozwi\u0105zanie dla podstawowych zastosowa\u0144 w gospodarstwach domowych. Taka pojemno\u015b\u0107 zapewnia wystarczaj\u0105c\u0105 ilo\u015b\u0107 powietrza do wykonywania wi\u0119kszo\u015bci zada\u0144, takich jak pompowanie czy przedmuchiwanie, bez konieczno\u015bci cz\u0119stego w\u0142\u0105czania silnika. Ma\u0142a pojemno\u015b\u0107 przek\u0142ada si\u0119 r\u00f3wnie\u017c na ni\u017csz\u0105 wag\u0119 i kompaktowe rozmiary, dzi\u0119ki czemu kompresor H 185-6 jest \u0142atwy w transporcie i przenoszeniu.<\/p>\n<\/p><\/div>\n<div class=&quot;w-2\/3&quot;>\n<h2>Zestaw narz\u0119dzi idealnie dobrany do Twojego kompresora!<\/h2>\n<p>W komplecie ze spr\u0119\u017cark\u0105 HL 425-50 otrzymasz zestaw narz\u0119dzi pneumatycznych, w tym pistolet do pompowania z manometrem, pistolet do przedmuchu, zestaw dysz oraz w\u0105\u017c pneumatyczny.<br \/>\nJu\u017c nie musisz si\u0119 zastanawia\u0107, czy Twoje narz\u0119dzia s\u0105 dopasowane do Twojej spr\u0119\u017carki! My dobrali\u015bmy je za Ciebie!<\/p>\n<h2>Zainwestuj w wygod\u0119 i efektywno\u015b\u0107 \u2013 wybierz kompresor Airpress<\/h2>\n<p>Mimo ni\u017cszej wydajno\u015bci i podstawowych parametr\u00f3w technicznych, spr\u0119\u017carka H 185-6 doskonale sprawdzi si\u0119 r\u00f3wnie\u017c w <b>zastosowaniach profesjonalnych o mniejszych wymaganiach<\/b>. Ze wzgl\u0119du na przemy\u015blan\u0105 konstrukcj\u0119 i zastosowanie wysokiej jako\u015bci komponent\u00f3w, model ten jest idealnym pomocnikiem mobilnych serwisant\u00f3w, monter\u00f3w i instalator\u00f3w, we wszystkich pracach wymagaj\u0105cych mniejszej ilo\u015bci spr\u0119\u017conego powietrza.<\/p>\n<p>Wybieraj\u0105c kompresor H 185-6 od Airpress, otrzymujesz urz\u0105dzenie, kt\u00f3re nie tylko u\u0142atwi wykonywanie codziennych obowi\u0105zk\u00f3w, ale r\u00f3wnie\u017c znacznie <b>zwi\u0119kszy Twoj\u0105 efektywno\u015b\u0107 i zaoszcz\u0119dzi czas<\/b>. Dzi\u0119ki jego niezawodno\u015bci i wszechstronno\u015bci, prace domowe i ogrodowe stan\u0105 si\u0119 \u0142atwiejsze i mniej czasoch\u0142onne.<\/p>\n<p>Nie zwlekaj \u2013 zainwestuj w niezawodn\u0105 spr\u0119\u017cark\u0119 H 185-6 od Airpress!<\/p>\n<\/div>\n<div class=&quot;w-1\/3&quot;>\n<p><center><img src=&quot;https:\/\/airpress.pl\/media\/wysiwyg\/AirpressPL\/4300027_d1_0004.jpg&quot; width=&quot;450&quot; height=&quot;450&quot; alt=&quot;&quot; \/><\/center>\n<\/div>\n<\/div>\n","protected":false},"excerpt":{"rendered":"<p>Chcesz usprawni\u0107 swoj\u0105 prac\u0119 w ogrodzie i w domu? Potrzebujesz dost\u0119pu do spr\u0119\u017conego powietrza w podr\u00f3\u017cy b\u0105d\u017a na dzia\u0142ce? Szukasz mobilnego kompresora, kt\u00f3ry mo\u017cesz zabra\u0107 ze sob\u0105 wsz\u0119dzie? Kompresor domowy H 185-6 to uniwersalne urz\u0105dzenie, kt\u00f3re znacz\u0105co usprawni wykonywanie codziennych obowi\u0105zk\u00f3w w Twoim domu i ogrodzie. Spr\u0119\u017carka od Airpress zapewni Ci optymalne parametry pracy do [&hellip;]<\/p>\n","protected":false},"featured_media":81253,"template":"","meta":{"inline_featured_image":false},"product_brand":[1038],"product_cat":[26025,1037,81,27908,16,343,3342],"product_tag":[],"class_list":{"0":"post-81252","1":"product","2":"type-product","3":"status-publish","4":"has-post-thumbnail","6":"product_brand-airpress","7":"product_cat-airpress","8":"product_cat-sprezarki-airpress","9":"product_cat-akcesoria-czesci","10":"product_cat-airpress-kompresory-tlokowe","11":"product_cat-nowe","12":"product_cat-sprezarki-i-kompresory1","13":"product_cat-strefa-marki","14":"ep-can-popup","16":"first","17":"instock","18":"purchasable","19":"product-type-simple"},"yoast_head":"<!-- This site is optimized with the Yoast SEO Premium plugin v27.0 (Yoast SEO v27.3) - https:\/\/yoast.com\/product\/yoast-seo-premium-wordpress\/ -->\n<title>Airpress Ma\u0142y kompresor H 185-6 + zestaw akcesori\u00f3w pneumatycznych - SpawLab - Welding equipment and plasma cutters - store and service<\/title>\n<meta name=\"description\" content=\"Lider sprzeda\u017cy, Oficjalny Dystrybutor Premium i Serwis na Polsk\u0119 Migatronic, Gys, Voestalpine Bohler Welding. Nowe i u\u017cywane Spawarki, Przecinarki Plazmowe, Kompresory. Mgr in\u017c. Jaros\u0142aw Ko\u0142aski, IWE\" \/>\n<meta name=\"robots\" content=\"index, follow, max-snippet:-1, max-image-preview:large, max-video-preview:-1\" \/>\n<link rel=\"canonical\" href=\"https:\/\/spawlab.pl\/en\/produkt\/airpress-maly-kompresor-h-185-6-zestaw-akcesoriow-pneumatycznych\/\" \/>\n<meta property=\"og:locale\" content=\"en_US\" \/>\n<meta property=\"og:type\" content=\"article\" \/>\n<meta property=\"og:title\" content=\"Airpress Ma\u0142y kompresor H 185-6 + zestaw akcesori\u00f3w pneumatycznych\" \/>\n<meta property=\"og:description\" content=\"Lider sprzeda\u017cy, Oficjalny Dystrybutor Premium i Serwis na Polsk\u0119 Migatronic, Gys, Voestalpine Bohler Welding. Nowe i u\u017cywane Spawarki, Przecinarki Plazmowe, Kompresory. Mgr in\u017c. Jaros\u0142aw Ko\u0142aski, IWE\" \/>\n<meta property=\"og:url\" content=\"https:\/\/spawlab.pl\/en\/produkt\/airpress-maly-kompresor-h-185-6-zestaw-akcesoriow-pneumatycznych\/\" \/>\n<meta property=\"og:site_name\" content=\"SpawLab - Welding equipment and plasma cutters - store and service\" \/>\n<meta property=\"article:publisher\" content=\"https:\/\/www.facebook.com\/Spawlab\/\" \/>\n<meta property=\"article:modified_time\" content=\"2026-04-03T22:05:42+00:00\" \/>\n<meta property=\"og:image\" content=\"https:\/\/spawlab.pl\/wp-content\/uploads\/2025\/12\/36546_2d_0001_2_2.jpg\" \/>\n\t<meta property=\"og:image:width\" content=\"1200\" \/>\n\t<meta property=\"og:image:height\" content=\"1200\" \/>\n\t<meta property=\"og:image:type\" content=\"image\/jpeg\" \/>\n<meta name=\"twitter:label1\" content=\"Price\" \/>\n\t<meta name=\"twitter:data1\" content=\"505,43&nbsp;&#122;&#322;\" \/>\n\t<meta name=\"twitter:label2\" content=\"Availability\" \/>\n\t<meta name=\"twitter:data2\" content=\"In stock\" \/>\n<script type=\"application\/ld+json\" class=\"yoast-schema-graph\">{\"@context\":\"https:\\\/\\\/schema.org\",\"@graph\":[{\"@type\":[\"WebPage\",\"ItemPage\"],\"@id\":\"https:\\\/\\\/spawlab.pl\\\/en\\\/produkt\\\/airpress-maly-kompresor-h-185-6-zestaw-akcesoriow-pneumatycznych\\\/\",\"url\":\"https:\\\/\\\/spawlab.pl\\\/en\\\/produkt\\\/airpress-maly-kompresor-h-185-6-zestaw-akcesoriow-pneumatycznych\\\/\",\"name\":\"Airpress Ma\u0142y kompresor H 185-6 + zestaw akcesori\u00f3w pneumatycznych - SpawLab - Welding equipment and plasma cutters - store and service\",\"isPartOf\":{\"@id\":\"https:\\\/\\\/spawlab.pl\\\/en\\\/#website\"},\"primaryImageOfPage\":{\"@id\":\"https:\\\/\\\/spawlab.pl\\\/en\\\/produkt\\\/airpress-maly-kompresor-h-185-6-zestaw-akcesoriow-pneumatycznych\\\/#primaryimage\"},\"image\":{\"@id\":\"https:\\\/\\\/spawlab.pl\\\/en\\\/produkt\\\/airpress-maly-kompresor-h-185-6-zestaw-akcesoriow-pneumatycznych\\\/#primaryimage\"},\"thumbnailUrl\":\"https:\\\/\\\/spawlab.pl\\\/wp-content\\\/uploads\\\/2025\\\/12\\\/36546_2d_0001_2_2.jpg\",\"datePublished\":\"2026-04-01T22:01:13+00:00\",\"dateModified\":\"2026-04-03T22:05:42+00:00\",\"description\":\"Lider sprzeda\u017cy, Oficjalny Dystrybutor Premium i Serwis na Polsk\u0119 Migatronic, Gys, Voestalpine Bohler Welding. Nowe i u\u017cywane Spawarki, Przecinarki Plazmowe, Kompresory. Mgr in\u017c. Jaros\u0142aw Ko\u0142aski, IWE\",\"breadcrumb\":{\"@id\":\"https:\\\/\\\/spawlab.pl\\\/en\\\/produkt\\\/airpress-maly-kompresor-h-185-6-zestaw-akcesoriow-pneumatycznych\\\/#breadcrumb\"},\"inLanguage\":\"en-US\",\"potentialAction\":[{\"@type\":\"ReadAction\",\"target\":[\"https:\\\/\\\/spawlab.pl\\\/en\\\/produkt\\\/airpress-maly-kompresor-h-185-6-zestaw-akcesoriow-pneumatycznych\\\/\"]}]},{\"@type\":\"ImageObject\",\"inLanguage\":\"en-US\",\"@id\":\"https:\\\/\\\/spawlab.pl\\\/en\\\/produkt\\\/airpress-maly-kompresor-h-185-6-zestaw-akcesoriow-pneumatycznych\\\/#primaryimage\",\"url\":\"https:\\\/\\\/spawlab.pl\\\/wp-content\\\/uploads\\\/2025\\\/12\\\/36546_2d_0001_2_2.jpg\",\"contentUrl\":\"https:\\\/\\\/spawlab.pl\\\/wp-content\\\/uploads\\\/2025\\\/12\\\/36546_2d_0001_2_2.jpg\",\"width\":1200,\"height\":1200},{\"@type\":\"BreadcrumbList\",\"@id\":\"https:\\\/\\\/spawlab.pl\\\/en\\\/produkt\\\/airpress-maly-kompresor-h-185-6-zestaw-akcesoriow-pneumatycznych\\\/#breadcrumb\",\"itemListElement\":[{\"@type\":\"ListItem\",\"position\":1,\"name\":\"Strona g\u0142\u00f3wna\",\"item\":\"https:\\\/\\\/spawlab.pl\\\/en\\\/\"},{\"@type\":\"ListItem\",\"position\":2,\"name\":\"Store\",\"item\":\"https:\\\/\\\/spawlab.pl\\\/en\\\/shop\\\/\"},{\"@type\":\"ListItem\",\"position\":3,\"name\":\"Airpress Ma\u0142y kompresor H 185-6 + zestaw akcesori\u00f3w pneumatycznych\"}]},{\"@type\":\"WebSite\",\"@id\":\"https:\\\/\\\/spawlab.pl\\\/en\\\/#website\",\"url\":\"https:\\\/\\\/spawlab.pl\\\/en\\\/\",\"name\":\"Spawlab.pl Lider - Spawarki, Przecinarki Plazmowe, Kompresory\",\"description\":\"Urz\u0105dzenia spawalnicze i Przecinarki plazmowe\\\/ nowe i u\u017cywane \\\/ Profesjonalny serwis\",\"publisher\":{\"@id\":\"https:\\\/\\\/spawlab.pl\\\/en\\\/#organization\"},\"alternateName\":\"Spawlab.pl - Dystrybutor Premium i Serwis na Polske Migatronic, Gys, Voestalpine Bohler Welding\",\"potentialAction\":[{\"@type\":\"SearchAction\",\"target\":{\"@type\":\"EntryPoint\",\"urlTemplate\":\"https:\\\/\\\/spawlab.pl\\\/en\\\/?s={search_term_string}\"},\"query-input\":{\"@type\":\"PropertyValueSpecification\",\"valueRequired\":true,\"valueName\":\"search_term_string\"}}],\"inLanguage\":\"en-US\"},{\"@type\":[\"Organization\",\"Place\"],\"@id\":\"https:\\\/\\\/spawlab.pl\\\/en\\\/#organization\",\"name\":\"Spawlab.pl\",\"url\":\"https:\\\/\\\/spawlab.pl\\\/en\\\/\",\"logo\":{\"@id\":\"https:\\\/\\\/spawlab.pl\\\/en\\\/produkt\\\/airpress-maly-kompresor-h-185-6-zestaw-akcesoriow-pneumatycznych\\\/#local-main-organization-logo\"},\"image\":{\"@id\":\"https:\\\/\\\/spawlab.pl\\\/en\\\/produkt\\\/airpress-maly-kompresor-h-185-6-zestaw-akcesoriow-pneumatycznych\\\/#local-main-organization-logo\"},\"sameAs\":[\"https:\\\/\\\/www.facebook.com\\\/Spawlab\\\/\",\"https:\\\/\\\/www.linkedin.com\\\/company\\\/spawlab\",\"https:\\\/\\\/www.instagram.com\\\/spawlab.pl\",\"https:\\\/\\\/www.tiktok.com\\\/@spawlab\"],\"description\":\"Lider sprzeda\u017cy, Oficjalny Dystrybutor Premium i Serwis na Polsk\u0119 Migatronic, Gys, Voestalpine Bohler Welding. Nowe i u\u017cywane Spawarki, Przecinarki Plazmowe, Kompresory. Mgr in\u017c. Jaros\u0142aw Ko\u0142aski, IWE\",\"hasMerchantReturnPolicy\":{\"@type\":\"MerchantReturnPolicy\",\"merchantReturnLink\":\"https:\\\/\\\/spawlab.pl\\\/polityka-prywatnosci-2\\\/\"},\"telephone\":[],\"openingHoursSpecification\":[{\"@type\":\"OpeningHoursSpecification\",\"dayOfWeek\":[\"Monday\",\"Tuesday\",\"Wednesday\",\"Thursday\",\"Friday\",\"Saturday\",\"Sunday\"],\"opens\":\"09:00\",\"closes\":\"17:00\"}]},{\"@type\":\"ImageObject\",\"inLanguage\":\"en-US\",\"@id\":\"https:\\\/\\\/spawlab.pl\\\/en\\\/produkt\\\/airpress-maly-kompresor-h-185-6-zestaw-akcesoriow-pneumatycznych\\\/#local-main-organization-logo\",\"url\":\"https:\\\/\\\/spawlab.pl\\\/wp-content\\\/uploads\\\/2022\\\/01\\\/olx.jpg\",\"contentUrl\":\"https:\\\/\\\/spawlab.pl\\\/wp-content\\\/uploads\\\/2022\\\/01\\\/olx.jpg\",\"width\":200,\"height\":200,\"caption\":\"Spawlab.pl\"}]}<\/script>\n<meta property=\"product:price:amount\" content=\"505.43\" \/>\n<meta property=\"product:price:currency\" content=\"PLN\" \/>\n<meta property=\"og:availability\" content=\"instock\" \/>\n<meta property=\"product:availability\" content=\"instock\" \/>\n<meta property=\"product:retailer_item_id\" content=\"36546-4300027\" \/>\n<meta property=\"product:condition\" content=\"new\" \/>\n<!-- \/ Yoast SEO Premium plugin. -->","yoast_head_json":{"title":"Airpress Ma\u0142y kompresor H 185-6 + zestaw akcesori\u00f3w pneumatycznych - SpawLab - Welding equipment and plasma cutters - store and service","description":"Lider sprzeda\u017cy, Oficjalny Dystrybutor Premium i Serwis na Polsk\u0119 Migatronic, Gys, Voestalpine Bohler Welding. Nowe i u\u017cywane Spawarki, Przecinarki Plazmowe, Kompresory. Mgr in\u017c. Jaros\u0142aw Ko\u0142aski, IWE","robots":{"index":"index","follow":"follow","max-snippet":"max-snippet:-1","max-image-preview":"max-image-preview:large","max-video-preview":"max-video-preview:-1"},"canonical":"https:\/\/spawlab.pl\/en\/produkt\/airpress-maly-kompresor-h-185-6-zestaw-akcesoriow-pneumatycznych\/","og_locale":"en_US","og_type":"article","og_title":"Airpress Ma\u0142y kompresor H 185-6 + zestaw akcesori\u00f3w pneumatycznych","og_description":"Lider sprzeda\u017cy, Oficjalny Dystrybutor Premium i Serwis na Polsk\u0119 Migatronic, Gys, Voestalpine Bohler Welding. Nowe i u\u017cywane Spawarki, Przecinarki Plazmowe, Kompresory. Mgr in\u017c. Jaros\u0142aw Ko\u0142aski, IWE","og_url":"https:\/\/spawlab.pl\/en\/produkt\/airpress-maly-kompresor-h-185-6-zestaw-akcesoriow-pneumatycznych\/","og_site_name":"SpawLab - Welding equipment and plasma cutters - store and service","article_publisher":"https:\/\/www.facebook.com\/Spawlab\/","article_modified_time":"2026-04-03T22:05:42+00:00","og_image":[{"width":1200,"height":1200,"url":"https:\/\/spawlab.pl\/wp-content\/uploads\/2025\/12\/36546_2d_0001_2_2.jpg","type":"image\/jpeg"}],"twitter_misc":{"Price":"505,43&nbsp;&#122;&#322;","Availability":"In stock"},"schema":{"@context":"https:\/\/schema.org","@graph":[{"@type":["WebPage","ItemPage"],"@id":"https:\/\/spawlab.pl\/en\/produkt\/airpress-maly-kompresor-h-185-6-zestaw-akcesoriow-pneumatycznych\/","url":"https:\/\/spawlab.pl\/en\/produkt\/airpress-maly-kompresor-h-185-6-zestaw-akcesoriow-pneumatycznych\/","name":"Airpress Ma\u0142y kompresor H 185-6 + zestaw akcesori\u00f3w pneumatycznych - SpawLab - Welding equipment and plasma cutters - store and service","isPartOf":{"@id":"https:\/\/spawlab.pl\/en\/#website"},"primaryImageOfPage":{"@id":"https:\/\/spawlab.pl\/en\/produkt\/airpress-maly-kompresor-h-185-6-zestaw-akcesoriow-pneumatycznych\/#primaryimage"},"image":{"@id":"https:\/\/spawlab.pl\/en\/produkt\/airpress-maly-kompresor-h-185-6-zestaw-akcesoriow-pneumatycznych\/#primaryimage"},"thumbnailUrl":"https:\/\/spawlab.pl\/wp-content\/uploads\/2025\/12\/36546_2d_0001_2_2.jpg","datePublished":"2026-04-01T22:01:13+00:00","dateModified":"2026-04-03T22:05:42+00:00","description":"Lider sprzeda\u017cy, Oficjalny Dystrybutor Premium i Serwis na Polsk\u0119 Migatronic, Gys, Voestalpine Bohler Welding. Nowe i u\u017cywane Spawarki, Przecinarki Plazmowe, Kompresory. Mgr in\u017c. Jaros\u0142aw Ko\u0142aski, IWE","breadcrumb":{"@id":"https:\/\/spawlab.pl\/en\/produkt\/airpress-maly-kompresor-h-185-6-zestaw-akcesoriow-pneumatycznych\/#breadcrumb"},"inLanguage":"en-US","potentialAction":[{"@type":"ReadAction","target":["https:\/\/spawlab.pl\/en\/produkt\/airpress-maly-kompresor-h-185-6-zestaw-akcesoriow-pneumatycznych\/"]}]},{"@type":"ImageObject","inLanguage":"en-US","@id":"https:\/\/spawlab.pl\/en\/produkt\/airpress-maly-kompresor-h-185-6-zestaw-akcesoriow-pneumatycznych\/#primaryimage","url":"https:\/\/spawlab.pl\/wp-content\/uploads\/2025\/12\/36546_2d_0001_2_2.jpg","contentUrl":"https:\/\/spawlab.pl\/wp-content\/uploads\/2025\/12\/36546_2d_0001_2_2.jpg","width":1200,"height":1200},{"@type":"BreadcrumbList","@id":"https:\/\/spawlab.pl\/en\/produkt\/airpress-maly-kompresor-h-185-6-zestaw-akcesoriow-pneumatycznych\/#breadcrumb","itemListElement":[{"@type":"ListItem","position":1,"name":"Strona g\u0142\u00f3wna","item":"https:\/\/spawlab.pl\/en\/"},{"@type":"ListItem","position":2,"name":"Store","item":"https:\/\/spawlab.pl\/en\/shop\/"},{"@type":"ListItem","position":3,"name":"Airpress Ma\u0142y kompresor H 185-6 + zestaw akcesori\u00f3w pneumatycznych"}]},{"@type":"WebSite","@id":"https:\/\/spawlab.pl\/en\/#website","url":"https:\/\/spawlab.pl\/en\/","name":"Spawlab.pl Lider - Spawarki, Przecinarki Plazmowe, Kompresory","description":"Urz\u0105dzenia spawalnicze i Przecinarki plazmowe\/ nowe i u\u017cywane \/ Profesjonalny serwis","publisher":{"@id":"https:\/\/spawlab.pl\/en\/#organization"},"alternateName":"Spawlab.pl - Dystrybutor Premium i Serwis na Polske Migatronic, Gys, Voestalpine Bohler Welding","potentialAction":[{"@type":"SearchAction","target":{"@type":"EntryPoint","urlTemplate":"https:\/\/spawlab.pl\/en\/?s={search_term_string}"},"query-input":{"@type":"PropertyValueSpecification","valueRequired":true,"valueName":"search_term_string"}}],"inLanguage":"en-US"},{"@type":["Organization","Place"],"@id":"https:\/\/spawlab.pl\/en\/#organization","name":"Spawlab.pl","url":"https:\/\/spawlab.pl\/en\/","logo":{"@id":"https:\/\/spawlab.pl\/en\/produkt\/airpress-maly-kompresor-h-185-6-zestaw-akcesoriow-pneumatycznych\/#local-main-organization-logo"},"image":{"@id":"https:\/\/spawlab.pl\/en\/produkt\/airpress-maly-kompresor-h-185-6-zestaw-akcesoriow-pneumatycznych\/#local-main-organization-logo"},"sameAs":["https:\/\/www.facebook.com\/Spawlab\/","https:\/\/www.linkedin.com\/company\/spawlab","https:\/\/www.instagram.com\/spawlab.pl","https:\/\/www.tiktok.com\/@spawlab"],"description":"Lider sprzeda\u017cy, Oficjalny Dystrybutor Premium i Serwis na Polsk\u0119 Migatronic, Gys, Voestalpine Bohler Welding. Nowe i u\u017cywane Spawarki, Przecinarki Plazmowe, Kompresory. Mgr in\u017c. Jaros\u0142aw Ko\u0142aski, IWE","hasMerchantReturnPolicy":{"@type":"MerchantReturnPolicy","merchantReturnLink":"https:\/\/spawlab.pl\/polityka-prywatnosci-2\/"},"telephone":[],"openingHoursSpecification":[{"@type":"OpeningHoursSpecification","dayOfWeek":["Monday","Tuesday","Wednesday","Thursday","Friday","Saturday","Sunday"],"opens":"09:00","closes":"17:00"}]},{"@type":"ImageObject","inLanguage":"en-US","@id":"https:\/\/spawlab.pl\/en\/produkt\/airpress-maly-kompresor-h-185-6-zestaw-akcesoriow-pneumatycznych\/#local-main-organization-logo","url":"https:\/\/spawlab.pl\/wp-content\/uploads\/2022\/01\/olx.jpg","contentUrl":"https:\/\/spawlab.pl\/wp-content\/uploads\/2022\/01\/olx.jpg","width":200,"height":200,"caption":"Spawlab.pl"}]},"product_price_amount":"505.43","product_price_currency":"PLN","og_availability":"instock","product_availability":"instock","product_retailer_item_id":"36546-4300027","product_condition":"new"},"_links":{"self":[{"href":"https:\/\/spawlab.pl\/en\/wp-json\/wp\/v2\/product\/81252","targetHints":{"allow":["GET"]}}],"collection":[{"href":"https:\/\/spawlab.pl\/en\/wp-json\/wp\/v2\/product"}],"about":[{"href":"https:\/\/spawlab.pl\/en\/wp-json\/wp\/v2\/types\/product"}],"wp:featuredmedia":[{"embeddable":true,"href":"https:\/\/spawlab.pl\/en\/wp-json\/wp\/v2\/media\/81253"}],"wp:attachment":[{"href":"https:\/\/spawlab.pl\/en\/wp-json\/wp\/v2\/media?parent=81252"}],"wp:term":[{"taxonomy":"product_brand","embeddable":true,"href":"https:\/\/spawlab.pl\/en\/wp-json\/wp\/v2\/product_brand?post=81252"},{"taxonomy":"product_cat","embeddable":true,"href":"https:\/\/spawlab.pl\/en\/wp-json\/wp\/v2\/product_cat?post=81252"},{"taxonomy":"product_tag","embeddable":true,"href":"https:\/\/spawlab.pl\/en\/wp-json\/wp\/v2\/product_tag?post=81252"}],"curies":[{"name":"wp","href":"https:\/\/api.w.org\/{rel}","templated":true}]}}