{"id":81355,"date":"2026-01-09T00:10:03","date_gmt":"2026-01-08T23:10:03","guid":{"rendered":"https:\/\/spawlab.pl\/produkt\/kompresor-dwutlokowy-hl-425-24-zestaw-klucz-pneumatyczny-i-akcesoria\/"},"modified":"2026-04-04T00:05:53","modified_gmt":"2026-04-03T22:05:53","slug":"airpress-kompresor-dwutlokowy-hl-425-24-zestaw-klucz-pneumatyczny-i-akcesoria","status":"publish","type":"product","link":"https:\/\/spawlab.pl\/en\/produkt\/airpress-kompresor-dwutlokowy-hl-425-24-zestaw-klucz-pneumatyczny-i-akcesoria\/","title":{"rendered":"Airpress Kompresor dwut\u0142okowy HL 425-24  + zestaw klucz pneumatyczny i akcesoria"},"content":{"rendered":"<div class=&quot;r&quot;>\n<div class=&quot;w-1\/2&quot;>\n<p>Jeste\u015b majsterkowiczem, i jeste\u015b gotowy rozpocz\u0105\u0107 prac\u0119 ze spr\u0119\u017conym powietrzem? A mo\u017ce szukasz kompresora do prostych zada\u0144 w ogrodzie i domu? Cenisz sobie niezawodno\u015b\u0107?<br \/>\nPoznaj spr\u0119\u017cark\u0119 HL 425-24 od Airpress!\n<\/p>\n<p>Ten dwut\u0142okowy kompresor idealnie sprawdzi si\u0119 do pracy w domu lub w ogrodzie! Model HL 425-24 na pewno spodoba si\u0119 r\u00f3wnie\u017c profesjonalnym u\u017cytkownikom o mniejszym zapotrzebowaniu na spr\u0119\u017cone powietrze.\n<\/p>\n<h2>Niezawodno\u015b\u0107 i \u017cywotno\u015b\u0107 czyli Tw\u00f3j nowy kompresor olejowy!<\/h2>\n<p>Model HL 425-24 jest <b>spr\u0119\u017cark\u0105 olejow\u0105<\/b>, wi\u0119c cechuje si\u0119 wyj\u0105tkow\u0105 \u017cywotno\u015bci\u0105 i wydajno\u015bci\u0105. Wykorzystanie oleju jako \u015brodka smarnego w bloku t\u0142okowym <b>zmniejsza tarcie oraz zu\u017cycie jego komponent\u00f3w<\/b>, co znacz\u0105co wyd\u0142u\u017ca cykl \u017cycia urz\u0105dzenia oraz zmniejsza koszty konserwacji. Co wi\u0119cej, olej w spr\u0119\u017carce pomaga w ch\u0142odzeniu, co zapobiega przegrzewaniu si\u0119 urz\u0105dzenia podczas intensywnej pracy. Kompresor olejowy jest r\u00f3wnie\u017c bardziej wydajny ni\u017c bezolejowe spr\u0119\u017carki.\n<\/p>\n<p>Kompresor HL 425-24 jest <b>wyposa\u017cony w nap\u0119d bezpo\u015bredni<\/b>, kt\u00f3ry przy zastosowaniach p\u00f3\u0142profesjonalnych jest bardziej ekonomicznym wyborem ni\u017c nap\u0119d pasowy. Nap\u0119d bezpo\u015bredni ma znacznie prostsz\u0105 konstrukcj\u0119, co przy niskim zapotrzebowaniu na spr\u0119\u017cone powietrze przek\u0142ada si\u0119 na ni\u017csze koszty eksploatacji.<\/p>\n<p>\nCiesz si\u0119 swoj\u0105 spr\u0119\u017cark\u0105 przez d\u0142ugi czas i wybierz kompresor HL 425-24 od Airpress!<\/p>\n<\/div>\n<div class=&quot;w-1\/2&quot;>\n<center><img src=&quot;https:\/\/airpress.pl\/media\/wysiwyg\/36833_2D_0001.png&quot; width=&quot;450&quot; height=&quot;450&quot; alt=&quot;Kompresor HL 425-24&quot; \/><\/center>\n<\/div>\n<\/div>\n<h2>HL 425-24 czyli optymalne parametry do zastosowa\u0144 domowych!<\/h2>\n<p>Spr\u0119\u017carka HL 425-24 jest na tyle wydajna, \u017ce dzi\u0119ki niej wykonasz podstawowe prace ze spr\u0119\u017conym powietrzem, a nawet zasilisz podstawowe narz\u0119dzia pneumatyczne!<\/p>\n<p>Kompresor ten mo\u017cesz wykorzysta\u0107 do pompowania pi\u0142ek, materacy, oraz opon w rowerze i samochodzie. R\u00f3wnie\u017c bez problemu przedmuchasz urz\u0105dzenia elektryczne, powierzchnie, li\u015bcie oraz instalacje wodne.<\/p>\n<p>Opr\u00f3cz tego, <b>wydajno\u015b\u0107 na poziomie 260 l\/min i ci\u015bnienie maksymalne wynosz\u0105ce 8 bar<\/b> pozwala na <b>zasilenie podstawowych narz\u0119dzi pneumatycznych<\/b>, takich jak gwo\u017adziarki, wiertarki czy zszywarki pneumatyczne. Dzi\u0119ki temu mo\u017cesz korzysta\u0107 z wysokiej jako\u015bci narz\u0119dzi!<\/p>\n<p>Kompresor HL 425-24 wyposa\u017cony jest w <b>zbiornik o pojemno\u015bci 24 litr\u00f3w<\/b>, co stanowi doskona\u0142\u0105 r\u00f3wnowag\u0119 pomi\u0119dzy mobilno\u015bci\u0105 a wydajno\u015bci\u0105. Taki zbiornik jest wystarczaj\u0105cy do wykonania wi\u0119kszo\u015bci domowych prac wymagaj\u0105cych spr\u0119\u017conego powietrza bez konieczno\u015bci cz\u0119stego w\u0142\u0105czania si\u0119 silnika kompresora. <\/p>\n<p>Model HL 425-24 zosta\u0142 stworzony dla u\u017cytkownik\u00f3w p\u00f3\u0142profesjonalnych, a jego parametry zosta\u0142y dobrane, aby spe\u0142ni\u0107 Twoje wymagania!<\/p>\n<div class=&quot;r&quot;>\n<div class=&quot;w-1\/2&quot;>\n<h2>Je\u015bli stawiasz na mobilno\u015b\u0107 i komfort, wybierz model HL 425-24!<\/h2>\n<p>Je\u015bli cz\u0119sto korzystasz ze spr\u0119\u017conego powietrza w ogrodzie lub na budowie, to na pewno wiesz, jak wa\u017cna jest mobilno\u015b\u0107 Twojego urz\u0105dzenia! Dlatego model HL 425-24 <b>wyposa\u017cony jest w du\u017ce, gumowe k\u00f3\u0142ka<\/b>, kt\u00f3re s\u0105 idealne do transportu spr\u0119\u017carki, nawet po nier\u00f3wnym terenie!<\/p>\n<p>Niezale\u017cnie od tego, czy pracujesz w gara\u017cu, ogrodzie czy na podje\u017adzie, \u0142atwo przetransportujesz kompresor tam, gdzie jest najbardziej potrzebny.<\/p>\n<p>Co wi\u0119cej, w celu zwi\u0119kszenia komfortu u\u017cytkownika podczas pracy ze spr\u0119\u017conym powietrzem, model HL 425-24 jest <b>wyposa\u017cony w ergonomiczny uchwyt<\/b> u\u0142atwiaj\u0105cy transport kompresora! <\/p>\n<p>Nasz kompresor zosta\u0142 r\u00f3wnie\u017c <b>wyposa\u017cony w uniwersaln\u0105 szybkoz\u0142\u0105czk\u0119<\/b>, co znacz\u0105co u\u0142atwia pod\u0142\u0105czanie r\u00f3\u017cnych narz\u0119dzi pneumatycznych. Dzi\u0119ki szybkoz\u0142\u0105czce mo\u017cesz szybko i sprawnie zmienia\u0107 narz\u0119dzia, co oszcz\u0119dza czas i zwi\u0119ksza efektywno\u015b\u0107 pracy.\n<\/p>\n<p>Bezpiecze\u0144stwo u\u017cytkownik\u00f3w jest dla nas priorytetem. Z tego powodu nasz kompresor HL 425-24 zosta\u0142 wyposa\u017cony <b>w specjaln\u0105 os\u0142on\u0119 bloku spr\u0119\u017carkowego<\/b>, kt\u00f3ra chroni zar\u00f3wno u\u017cytkownika, jak i sam\u0105 spr\u0119\u017cark\u0119 przed uszkodzeniami mechanicznymi i przypadkowymi wypadkami, co znacz\u0105co zwi\u0119ksza poziom bezpiecze\u0144stwa podczas pracy.<\/p>\n<p>Zadbaj o sw\u00f3j komfort podczas pracy ze spr\u0119\u017conym powietrzem i wybierz kompresor HL 425-24 od Airpress!<\/p>\n<\/div>\n<div class=&quot;w-1\/2&quot;>\n<p><center><img src=&quot;https:\/\/airpress.pl\/media\/wysiwyg\/36833_2D_0004.png&quot; width=&quot;430&quot; height=&quot;430&quot; alt=&quot;Mobilny kompresor HL 425-24&quot; \/><\/center>\n<\/div>\n<div class=&quot;w-1\/2&quot;>\n<center><img src=&quot;https:\/\/airpress.pl\/media\/wysiwyg\/AirpressPL\/zestaw-do_wymiany_kol.jpg&quot; width=&quot;450&quot; height=&quot;450&quot; alt=&quot;Zestaw do wymiany k\u00f3\u0142&quot; \/><\/center>\n<\/div>\n<div class=&quot;w-1\/2&quot;>\n<h2>Zestaw do wymiany k\u00f3\u0142 \u2013 wszystko, czego potrzebujesz w jednym komplecie!<\/h2>\n<p>Ten zestaw pneumatyczny do wymiany k\u00f3\u0142 zawiera wszystko, co niezb\u0119dne, aby <b>prace zwi\u0105zane z wymian\u0105 opon by\u0142y szybkie i efektywne<\/b>. W sk\u0142ad zestawu wchodzi: <b>klucz udarowy pneumatyczny 1\/2&quot;<\/b> o maksymalnym momencie obrotowym 680 Nm, zapewniaj\u0105cy du\u017c\u0105 moc i wysok\u0105 pr\u0119dko\u015b\u0107 obrotow\u0105 7000 obr.\/min, co gwarantuje sprawn\u0105 wymian\u0119 k\u00f3\u0142, <b>w\u0105\u017c pneumatyczny spiralny PU o d\u0142ugo\u015bci 10 m<\/b> i \u015brednicy fi 12 x 8 mm zapewnia wygod\u0119 pracy, a <b>naoliwiacz mini 1\/4&quot;<\/b> umo\u017cliwia odpowiednie smarowanie urz\u0105dzenia, co zwi\u0119ksza jego trwa\u0142o\u015b\u0107 i wydajno\u015b\u0107. <\/p>\n<p>Z tym zestawem wymiana k\u00f3\u0142 stanie si\u0119 prostsza, szybsza i bardziej komfortowa.<\/p>\n<h2>Nie wahaj si\u0119 i rozpocznij przygod\u0119 ze spr\u0119\u017conym powietrzem ju\u017c dzi\u015b!<\/h2>\n<p>Je\u017celi szukasz kompresora, kt\u00f3ry b\u0119dzie <b>niezawodny, ekonomiczny i \u0142atwy w obs\u0142udze<\/b>, nasza spr\u0119\u017carka HL 425-24 jest idealnym rozwi\u0105zaniem dla Ciebie! <\/p>\n<p>Co wi\u0119cej, model HL 425-24 r\u00f3wnie\u017c \u015bwietnie sprawdzi si\u0119 w r\u0119kach u\u017cytkownik\u00f3w profesjonalnych, podczas prac charakteryzuj\u0105cych si\u0119 mniejszym zapotrzebowaniem na spr\u0119\u017cone powietrze. Wysokiej jako\u015bci komponenty oraz przemy\u015blana konstrukcja sprawiaj\u0105, \u017ce jest to idealny kompresor nie tylko dla p\u00f3\u0142profesjonalist\u00f3w, ale r\u00f3wnie\u017c mobilnych serwisant\u00f3w, monter\u00f3w i instalator\u00f3w. <\/p>\n<p>Wybierz spr\u0119\u017cark\u0119 HL 425-24 od Airpress i ciesz si\u0119 niezawodno\u015bci\u0105 oraz efektywno\u015bci\u0105 w codziennych pracach domowych!<\/p>\n<\/div>\n<\/div>\n","protected":false},"excerpt":{"rendered":"<p>Jeste\u015b majsterkowiczem, i jeste\u015b gotowy rozpocz\u0105\u0107 prac\u0119 ze spr\u0119\u017conym powietrzem? A mo\u017ce szukasz kompresora do prostych zada\u0144 w ogrodzie i domu? Cenisz sobie niezawodno\u015b\u0107? Poznaj spr\u0119\u017cark\u0119 HL 425-24 od Airpress! Ten dwut\u0142okowy kompresor idealnie sprawdzi si\u0119 do pracy w domu lub w ogrodzie! Model HL 425-24 na pewno spodoba si\u0119 r\u00f3wnie\u017c profesjonalnym u\u017cytkownikom o mniejszym [&hellip;]<\/p>\n","protected":false},"featured_media":81356,"template":"","meta":{"inline_featured_image":false},"product_brand":[1038],"product_cat":[26025,1037,81,27908,16,343,3342],"product_tag":[],"class_list":{"0":"post-81355","1":"product","2":"type-product","3":"status-publish","4":"has-post-thumbnail","6":"product_brand-airpress","7":"product_cat-airpress","8":"product_cat-sprezarki-airpress","9":"product_cat-akcesoria-czesci","10":"product_cat-airpress-kompresory-tlokowe","11":"product_cat-nowe","12":"product_cat-sprezarki-i-kompresory1","13":"product_cat-strefa-marki","14":"ep-can-popup","16":"first","17":"instock","18":"purchasable","19":"product-type-simple"},"yoast_head":"<!-- This site is optimized with the Yoast SEO Premium plugin v27.0 (Yoast SEO v27.3) - https:\/\/yoast.com\/product\/yoast-seo-premium-wordpress\/ -->\n<title>Airpress Kompresor dwut\u0142okowy HL 425-24 + zestaw klucz pneumatyczny i akcesoria - SpawLab - Welding equipment and plasma cutters - store and service<\/title>\n<meta name=\"description\" content=\"Lider sprzeda\u017cy, Oficjalny Dystrybutor Premium i Serwis na Polsk\u0119 Migatronic, Gys, Voestalpine Bohler Welding. Nowe i u\u017cywane Spawarki, Przecinarki Plazmowe, Kompresory. Mgr in\u017c. Jaros\u0142aw Ko\u0142aski, IWE\" \/>\n<meta name=\"robots\" content=\"index, follow, max-snippet:-1, max-image-preview:large, max-video-preview:-1\" \/>\n<link rel=\"canonical\" href=\"https:\/\/spawlab.pl\/en\/produkt\/airpress-kompresor-dwutlokowy-hl-425-24-zestaw-klucz-pneumatyczny-i-akcesoria\/\" \/>\n<meta property=\"og:locale\" content=\"en_US\" \/>\n<meta property=\"og:type\" content=\"article\" \/>\n<meta property=\"og:title\" content=\"Airpress Kompresor dwut\u0142okowy HL 425-24 + zestaw klucz pneumatyczny i akcesoria\" \/>\n<meta property=\"og:description\" content=\"Lider sprzeda\u017cy, Oficjalny Dystrybutor Premium i Serwis na Polsk\u0119 Migatronic, Gys, Voestalpine Bohler Welding. Nowe i u\u017cywane Spawarki, Przecinarki Plazmowe, Kompresory. Mgr in\u017c. Jaros\u0142aw Ko\u0142aski, IWE\" \/>\n<meta property=\"og:url\" content=\"https:\/\/spawlab.pl\/en\/produkt\/airpress-kompresor-dwutlokowy-hl-425-24-zestaw-klucz-pneumatyczny-i-akcesoria\/\" \/>\n<meta property=\"og:site_name\" content=\"SpawLab - Welding equipment and plasma cutters - store and service\" \/>\n<meta property=\"article:publisher\" content=\"https:\/\/www.facebook.com\/Spawlab\/\" \/>\n<meta property=\"article:modified_time\" content=\"2026-04-03T22:05:53+00:00\" \/>\n<meta property=\"og:image\" content=\"https:\/\/spawlab.pl\/wp-content\/uploads\/2025\/12\/36833_2d_0001_3.jpg\" \/>\n\t<meta property=\"og:image:width\" content=\"1200\" \/>\n\t<meta property=\"og:image:height\" content=\"1200\" \/>\n\t<meta property=\"og:image:type\" content=\"image\/jpeg\" \/>\n<meta name=\"twitter:label1\" content=\"Price\" \/>\n\t<meta name=\"twitter:data1\" content=\"1 500,60&nbsp;&#122;&#322;\" \/>\n\t<meta name=\"twitter:label2\" content=\"Availability\" \/>\n\t<meta name=\"twitter:data2\" content=\"In stock\" \/>\n<script type=\"application\/ld+json\" class=\"yoast-schema-graph\">{\"@context\":\"https:\\\/\\\/schema.org\",\"@graph\":[{\"@type\":[\"WebPage\",\"ItemPage\"],\"@id\":\"https:\\\/\\\/spawlab.pl\\\/en\\\/produkt\\\/airpress-kompresor-dwutlokowy-hl-425-24-zestaw-klucz-pneumatyczny-i-akcesoria\\\/\",\"url\":\"https:\\\/\\\/spawlab.pl\\\/en\\\/produkt\\\/airpress-kompresor-dwutlokowy-hl-425-24-zestaw-klucz-pneumatyczny-i-akcesoria\\\/\",\"name\":\"Airpress Kompresor dwut\u0142okowy HL 425-24 + zestaw klucz pneumatyczny i akcesoria - SpawLab - Welding equipment and plasma cutters - store and service\",\"isPartOf\":{\"@id\":\"https:\\\/\\\/spawlab.pl\\\/en\\\/#website\"},\"primaryImageOfPage\":{\"@id\":\"https:\\\/\\\/spawlab.pl\\\/en\\\/produkt\\\/airpress-kompresor-dwutlokowy-hl-425-24-zestaw-klucz-pneumatyczny-i-akcesoria\\\/#primaryimage\"},\"image\":{\"@id\":\"https:\\\/\\\/spawlab.pl\\\/en\\\/produkt\\\/airpress-kompresor-dwutlokowy-hl-425-24-zestaw-klucz-pneumatyczny-i-akcesoria\\\/#primaryimage\"},\"thumbnailUrl\":\"https:\\\/\\\/spawlab.pl\\\/wp-content\\\/uploads\\\/2025\\\/12\\\/36833_2d_0001_3.jpg\",\"datePublished\":\"2026-01-08T23:10:03+00:00\",\"dateModified\":\"2026-04-03T22:05:53+00:00\",\"description\":\"Lider sprzeda\u017cy, Oficjalny Dystrybutor Premium i Serwis na Polsk\u0119 Migatronic, Gys, Voestalpine Bohler Welding. Nowe i u\u017cywane Spawarki, Przecinarki Plazmowe, Kompresory. Mgr in\u017c. Jaros\u0142aw Ko\u0142aski, IWE\",\"breadcrumb\":{\"@id\":\"https:\\\/\\\/spawlab.pl\\\/en\\\/produkt\\\/airpress-kompresor-dwutlokowy-hl-425-24-zestaw-klucz-pneumatyczny-i-akcesoria\\\/#breadcrumb\"},\"inLanguage\":\"en-US\",\"potentialAction\":[{\"@type\":\"ReadAction\",\"target\":[\"https:\\\/\\\/spawlab.pl\\\/en\\\/produkt\\\/airpress-kompresor-dwutlokowy-hl-425-24-zestaw-klucz-pneumatyczny-i-akcesoria\\\/\"]}]},{\"@type\":\"ImageObject\",\"inLanguage\":\"en-US\",\"@id\":\"https:\\\/\\\/spawlab.pl\\\/en\\\/produkt\\\/airpress-kompresor-dwutlokowy-hl-425-24-zestaw-klucz-pneumatyczny-i-akcesoria\\\/#primaryimage\",\"url\":\"https:\\\/\\\/spawlab.pl\\\/wp-content\\\/uploads\\\/2025\\\/12\\\/36833_2d_0001_3.jpg\",\"contentUrl\":\"https:\\\/\\\/spawlab.pl\\\/wp-content\\\/uploads\\\/2025\\\/12\\\/36833_2d_0001_3.jpg\",\"width\":1200,\"height\":1200},{\"@type\":\"BreadcrumbList\",\"@id\":\"https:\\\/\\\/spawlab.pl\\\/en\\\/produkt\\\/airpress-kompresor-dwutlokowy-hl-425-24-zestaw-klucz-pneumatyczny-i-akcesoria\\\/#breadcrumb\",\"itemListElement\":[{\"@type\":\"ListItem\",\"position\":1,\"name\":\"Strona g\u0142\u00f3wna\",\"item\":\"https:\\\/\\\/spawlab.pl\\\/en\\\/\"},{\"@type\":\"ListItem\",\"position\":2,\"name\":\"Store\",\"item\":\"https:\\\/\\\/spawlab.pl\\\/en\\\/shop\\\/\"},{\"@type\":\"ListItem\",\"position\":3,\"name\":\"Airpress Kompresor dwut\u0142okowy HL 425-24 + zestaw klucz pneumatyczny i akcesoria\"}]},{\"@type\":\"WebSite\",\"@id\":\"https:\\\/\\\/spawlab.pl\\\/en\\\/#website\",\"url\":\"https:\\\/\\\/spawlab.pl\\\/en\\\/\",\"name\":\"Spawlab.pl Lider - Spawarki, Przecinarki Plazmowe, Kompresory\",\"description\":\"Urz\u0105dzenia spawalnicze i Przecinarki plazmowe\\\/ nowe i u\u017cywane \\\/ Profesjonalny serwis\",\"publisher\":{\"@id\":\"https:\\\/\\\/spawlab.pl\\\/en\\\/#organization\"},\"alternateName\":\"Spawlab.pl - Dystrybutor Premium i Serwis na Polske Migatronic, Gys, Voestalpine Bohler Welding\",\"potentialAction\":[{\"@type\":\"SearchAction\",\"target\":{\"@type\":\"EntryPoint\",\"urlTemplate\":\"https:\\\/\\\/spawlab.pl\\\/en\\\/?s={search_term_string}\"},\"query-input\":{\"@type\":\"PropertyValueSpecification\",\"valueRequired\":true,\"valueName\":\"search_term_string\"}}],\"inLanguage\":\"en-US\"},{\"@type\":[\"Organization\",\"Place\"],\"@id\":\"https:\\\/\\\/spawlab.pl\\\/en\\\/#organization\",\"name\":\"Spawlab.pl\",\"url\":\"https:\\\/\\\/spawlab.pl\\\/en\\\/\",\"logo\":{\"@id\":\"https:\\\/\\\/spawlab.pl\\\/en\\\/produkt\\\/airpress-kompresor-dwutlokowy-hl-425-24-zestaw-klucz-pneumatyczny-i-akcesoria\\\/#local-main-organization-logo\"},\"image\":{\"@id\":\"https:\\\/\\\/spawlab.pl\\\/en\\\/produkt\\\/airpress-kompresor-dwutlokowy-hl-425-24-zestaw-klucz-pneumatyczny-i-akcesoria\\\/#local-main-organization-logo\"},\"sameAs\":[\"https:\\\/\\\/www.facebook.com\\\/Spawlab\\\/\",\"https:\\\/\\\/www.linkedin.com\\\/company\\\/spawlab\",\"https:\\\/\\\/www.instagram.com\\\/spawlab.pl\",\"https:\\\/\\\/www.tiktok.com\\\/@spawlab\"],\"description\":\"Lider sprzeda\u017cy, Oficjalny Dystrybutor Premium i Serwis na Polsk\u0119 Migatronic, Gys, Voestalpine Bohler Welding. Nowe i u\u017cywane Spawarki, Przecinarki Plazmowe, Kompresory. Mgr in\u017c. Jaros\u0142aw Ko\u0142aski, IWE\",\"hasMerchantReturnPolicy\":{\"@type\":\"MerchantReturnPolicy\",\"merchantReturnLink\":\"https:\\\/\\\/spawlab.pl\\\/polityka-prywatnosci-2\\\/\"},\"telephone\":[],\"openingHoursSpecification\":[{\"@type\":\"OpeningHoursSpecification\",\"dayOfWeek\":[\"Monday\",\"Tuesday\",\"Wednesday\",\"Thursday\",\"Friday\",\"Saturday\",\"Sunday\"],\"opens\":\"09:00\",\"closes\":\"17:00\"}]},{\"@type\":\"ImageObject\",\"inLanguage\":\"en-US\",\"@id\":\"https:\\\/\\\/spawlab.pl\\\/en\\\/produkt\\\/airpress-kompresor-dwutlokowy-hl-425-24-zestaw-klucz-pneumatyczny-i-akcesoria\\\/#local-main-organization-logo\",\"url\":\"https:\\\/\\\/spawlab.pl\\\/wp-content\\\/uploads\\\/2022\\\/01\\\/olx.jpg\",\"contentUrl\":\"https:\\\/\\\/spawlab.pl\\\/wp-content\\\/uploads\\\/2022\\\/01\\\/olx.jpg\",\"width\":200,\"height\":200,\"caption\":\"Spawlab.pl\"}]}<\/script>\n<meta property=\"product:price:amount\" content=\"1500.60\" \/>\n<meta property=\"product:price:currency\" content=\"PLN\" \/>\n<meta property=\"og:availability\" content=\"instock\" \/>\n<meta property=\"product:availability\" content=\"instock\" \/>\n<meta property=\"product:retailer_item_id\" content=\"36833-45470-4304210-45481\" \/>\n<meta property=\"product:condition\" content=\"new\" \/>\n<!-- \/ Yoast SEO Premium plugin. -->","yoast_head_json":{"title":"Airpress Kompresor dwut\u0142okowy HL 425-24 + zestaw klucz pneumatyczny i akcesoria - SpawLab - Welding equipment and plasma cutters - store and service","description":"Lider sprzeda\u017cy, Oficjalny Dystrybutor Premium i Serwis na Polsk\u0119 Migatronic, Gys, Voestalpine Bohler Welding. Nowe i u\u017cywane Spawarki, Przecinarki Plazmowe, Kompresory. Mgr in\u017c. Jaros\u0142aw Ko\u0142aski, IWE","robots":{"index":"index","follow":"follow","max-snippet":"max-snippet:-1","max-image-preview":"max-image-preview:large","max-video-preview":"max-video-preview:-1"},"canonical":"https:\/\/spawlab.pl\/en\/produkt\/airpress-kompresor-dwutlokowy-hl-425-24-zestaw-klucz-pneumatyczny-i-akcesoria\/","og_locale":"en_US","og_type":"article","og_title":"Airpress Kompresor dwut\u0142okowy HL 425-24 + zestaw klucz pneumatyczny i akcesoria","og_description":"Lider sprzeda\u017cy, Oficjalny Dystrybutor Premium i Serwis na Polsk\u0119 Migatronic, Gys, Voestalpine Bohler Welding. Nowe i u\u017cywane Spawarki, Przecinarki Plazmowe, Kompresory. Mgr in\u017c. Jaros\u0142aw Ko\u0142aski, IWE","og_url":"https:\/\/spawlab.pl\/en\/produkt\/airpress-kompresor-dwutlokowy-hl-425-24-zestaw-klucz-pneumatyczny-i-akcesoria\/","og_site_name":"SpawLab - Welding equipment and plasma cutters - store and service","article_publisher":"https:\/\/www.facebook.com\/Spawlab\/","article_modified_time":"2026-04-03T22:05:53+00:00","og_image":[{"width":1200,"height":1200,"url":"https:\/\/spawlab.pl\/wp-content\/uploads\/2025\/12\/36833_2d_0001_3.jpg","type":"image\/jpeg"}],"twitter_misc":{"Price":"1 500,60&nbsp;&#122;&#322;","Availability":"In stock"},"schema":{"@context":"https:\/\/schema.org","@graph":[{"@type":["WebPage","ItemPage"],"@id":"https:\/\/spawlab.pl\/en\/produkt\/airpress-kompresor-dwutlokowy-hl-425-24-zestaw-klucz-pneumatyczny-i-akcesoria\/","url":"https:\/\/spawlab.pl\/en\/produkt\/airpress-kompresor-dwutlokowy-hl-425-24-zestaw-klucz-pneumatyczny-i-akcesoria\/","name":"Airpress Kompresor dwut\u0142okowy HL 425-24 + zestaw klucz pneumatyczny i akcesoria - SpawLab - Welding equipment and plasma cutters - store and service","isPartOf":{"@id":"https:\/\/spawlab.pl\/en\/#website"},"primaryImageOfPage":{"@id":"https:\/\/spawlab.pl\/en\/produkt\/airpress-kompresor-dwutlokowy-hl-425-24-zestaw-klucz-pneumatyczny-i-akcesoria\/#primaryimage"},"image":{"@id":"https:\/\/spawlab.pl\/en\/produkt\/airpress-kompresor-dwutlokowy-hl-425-24-zestaw-klucz-pneumatyczny-i-akcesoria\/#primaryimage"},"thumbnailUrl":"https:\/\/spawlab.pl\/wp-content\/uploads\/2025\/12\/36833_2d_0001_3.jpg","datePublished":"2026-01-08T23:10:03+00:00","dateModified":"2026-04-03T22:05:53+00:00","description":"Lider sprzeda\u017cy, Oficjalny Dystrybutor Premium i Serwis na Polsk\u0119 Migatronic, Gys, Voestalpine Bohler Welding. Nowe i u\u017cywane Spawarki, Przecinarki Plazmowe, Kompresory. Mgr in\u017c. Jaros\u0142aw Ko\u0142aski, IWE","breadcrumb":{"@id":"https:\/\/spawlab.pl\/en\/produkt\/airpress-kompresor-dwutlokowy-hl-425-24-zestaw-klucz-pneumatyczny-i-akcesoria\/#breadcrumb"},"inLanguage":"en-US","potentialAction":[{"@type":"ReadAction","target":["https:\/\/spawlab.pl\/en\/produkt\/airpress-kompresor-dwutlokowy-hl-425-24-zestaw-klucz-pneumatyczny-i-akcesoria\/"]}]},{"@type":"ImageObject","inLanguage":"en-US","@id":"https:\/\/spawlab.pl\/en\/produkt\/airpress-kompresor-dwutlokowy-hl-425-24-zestaw-klucz-pneumatyczny-i-akcesoria\/#primaryimage","url":"https:\/\/spawlab.pl\/wp-content\/uploads\/2025\/12\/36833_2d_0001_3.jpg","contentUrl":"https:\/\/spawlab.pl\/wp-content\/uploads\/2025\/12\/36833_2d_0001_3.jpg","width":1200,"height":1200},{"@type":"BreadcrumbList","@id":"https:\/\/spawlab.pl\/en\/produkt\/airpress-kompresor-dwutlokowy-hl-425-24-zestaw-klucz-pneumatyczny-i-akcesoria\/#breadcrumb","itemListElement":[{"@type":"ListItem","position":1,"name":"Strona g\u0142\u00f3wna","item":"https:\/\/spawlab.pl\/en\/"},{"@type":"ListItem","position":2,"name":"Store","item":"https:\/\/spawlab.pl\/en\/shop\/"},{"@type":"ListItem","position":3,"name":"Airpress Kompresor dwut\u0142okowy HL 425-24 + zestaw klucz pneumatyczny i akcesoria"}]},{"@type":"WebSite","@id":"https:\/\/spawlab.pl\/en\/#website","url":"https:\/\/spawlab.pl\/en\/","name":"Spawlab.pl Lider - Spawarki, Przecinarki Plazmowe, Kompresory","description":"Urz\u0105dzenia spawalnicze i Przecinarki plazmowe\/ nowe i u\u017cywane \/ Profesjonalny serwis","publisher":{"@id":"https:\/\/spawlab.pl\/en\/#organization"},"alternateName":"Spawlab.pl - Dystrybutor Premium i Serwis na Polske Migatronic, Gys, Voestalpine Bohler Welding","potentialAction":[{"@type":"SearchAction","target":{"@type":"EntryPoint","urlTemplate":"https:\/\/spawlab.pl\/en\/?s={search_term_string}"},"query-input":{"@type":"PropertyValueSpecification","valueRequired":true,"valueName":"search_term_string"}}],"inLanguage":"en-US"},{"@type":["Organization","Place"],"@id":"https:\/\/spawlab.pl\/en\/#organization","name":"Spawlab.pl","url":"https:\/\/spawlab.pl\/en\/","logo":{"@id":"https:\/\/spawlab.pl\/en\/produkt\/airpress-kompresor-dwutlokowy-hl-425-24-zestaw-klucz-pneumatyczny-i-akcesoria\/#local-main-organization-logo"},"image":{"@id":"https:\/\/spawlab.pl\/en\/produkt\/airpress-kompresor-dwutlokowy-hl-425-24-zestaw-klucz-pneumatyczny-i-akcesoria\/#local-main-organization-logo"},"sameAs":["https:\/\/www.facebook.com\/Spawlab\/","https:\/\/www.linkedin.com\/company\/spawlab","https:\/\/www.instagram.com\/spawlab.pl","https:\/\/www.tiktok.com\/@spawlab"],"description":"Lider sprzeda\u017cy, Oficjalny Dystrybutor Premium i Serwis na Polsk\u0119 Migatronic, Gys, Voestalpine Bohler Welding. Nowe i u\u017cywane Spawarki, Przecinarki Plazmowe, Kompresory. Mgr in\u017c. Jaros\u0142aw Ko\u0142aski, IWE","hasMerchantReturnPolicy":{"@type":"MerchantReturnPolicy","merchantReturnLink":"https:\/\/spawlab.pl\/polityka-prywatnosci-2\/"},"telephone":[],"openingHoursSpecification":[{"@type":"OpeningHoursSpecification","dayOfWeek":["Monday","Tuesday","Wednesday","Thursday","Friday","Saturday","Sunday"],"opens":"09:00","closes":"17:00"}]},{"@type":"ImageObject","inLanguage":"en-US","@id":"https:\/\/spawlab.pl\/en\/produkt\/airpress-kompresor-dwutlokowy-hl-425-24-zestaw-klucz-pneumatyczny-i-akcesoria\/#local-main-organization-logo","url":"https:\/\/spawlab.pl\/wp-content\/uploads\/2022\/01\/olx.jpg","contentUrl":"https:\/\/spawlab.pl\/wp-content\/uploads\/2022\/01\/olx.jpg","width":200,"height":200,"caption":"Spawlab.pl"}]},"product_price_amount":"1500.60","product_price_currency":"PLN","og_availability":"instock","product_availability":"instock","product_retailer_item_id":"36833-45470-4304210-45481","product_condition":"new"},"_links":{"self":[{"href":"https:\/\/spawlab.pl\/en\/wp-json\/wp\/v2\/product\/81355","targetHints":{"allow":["GET"]}}],"collection":[{"href":"https:\/\/spawlab.pl\/en\/wp-json\/wp\/v2\/product"}],"about":[{"href":"https:\/\/spawlab.pl\/en\/wp-json\/wp\/v2\/types\/product"}],"wp:featuredmedia":[{"embeddable":true,"href":"https:\/\/spawlab.pl\/en\/wp-json\/wp\/v2\/media\/81356"}],"wp:attachment":[{"href":"https:\/\/spawlab.pl\/en\/wp-json\/wp\/v2\/media?parent=81355"}],"wp:term":[{"taxonomy":"product_brand","embeddable":true,"href":"https:\/\/spawlab.pl\/en\/wp-json\/wp\/v2\/product_brand?post=81355"},{"taxonomy":"product_cat","embeddable":true,"href":"https:\/\/spawlab.pl\/en\/wp-json\/wp\/v2\/product_cat?post=81355"},{"taxonomy":"product_tag","embeddable":true,"href":"https:\/\/spawlab.pl\/en\/wp-json\/wp\/v2\/product_tag?post=81355"}],"curies":[{"name":"wp","href":"https:\/\/api.w.org\/{rel}","templated":true}]}}