{"id":81580,"date":"2026-01-09T00:10:03","date_gmt":"2026-01-08T23:10:03","guid":{"rendered":"https:\/\/spawlab.pl\/produkt\/kompresor-hl-325-50-zestaw-pistolet-lakierniczy-i-waz-pneumatyczny\/"},"modified":"2026-04-04T00:05:45","modified_gmt":"2026-04-03T22:05:45","slug":"airpress-kompresor-hl-325-50-zestaw-pistolet-lakierniczy-i-waz-pneumatyczny","status":"publish","type":"product","link":"https:\/\/spawlab.pl\/en\/produkt\/airpress-kompresor-hl-325-50-zestaw-pistolet-lakierniczy-i-waz-pneumatyczny\/","title":{"rendered":"Airpress Kompresor HL 325-50 + zestaw pistolet lakierniczy i w\u0105\u017c pneumatyczny"},"content":{"rendered":"<p>Szukasz urz\u0105dzenia, kt\u00f3re u\u0142atwi Ci domowe prace? Potrzebujesz kompresora, kt\u00f3ry sprosta wszystkim Twoim wymaganiom? Czy marzysz o szybkim i \u0142atwym pompowaniu opon, pi\u0142ek czy materacy?<\/p>\n<p>Model HL 325-50 to spr\u0119\u017carka, kt\u00f3ra znacz\u0105co zwi\u0119kszy Twoj\u0105 wydajno\u015b\u0107 i u\u0142atwi Tobie wykonywanie wielu zada\u0144 w gospodarstwie domowym. Dzi\u0119ki zaawansowanej technologii i przemy\u015blanej konstrukcji, nasz kompresor spe\u0142ni wszystkie Twoje wymagania!<\/p>\n<h2>Model HL 325-50 czyli ekonomiczne rozwi\u0105zanie dla Twojego domu!<\/h2>\n<p>Kompresor HL 325-50 jest <b>jednot\u0142okowy, co oznacza, \u017ce posiada jeden t\u0142ok odpowiedzialny za spr\u0119\u017canie powietrza<\/b>. Tego typu konstrukcja jest prostsza, co przek\u0142ada si\u0119 na ni\u017csze koszty eksploatacji i mniejsz\u0105 liczb\u0119 potencjalnych awarii. Jednot\u0142okowe kompresory s\u0105 idealne do podstawowych zastosowa\u0144 domowych, gdzie nie jest wymagana ekstremalna moc, ale liczy si\u0119 niezawodno\u015b\u0107 i \u0142atwo\u015b\u0107 obs\u0142ugi.<\/p>\n<p>Model HL 325-50 <b>wyposa\u017cony jest w nap\u0119d bezpo\u015bredni<\/b>, kt\u00f3ry jest doskona\u0142ym rozwi\u0105zaniem dla u\u017cytkownik\u00f3w domowych, kt\u00f3rzy korzystaj\u0105 z urz\u0105dzenia sporadycznie. Nap\u0119d bezpo\u015bredni jest <b>bardziej ekonomicznym wyborem w podstawowych zastosowaniach<\/b>, poniewa\u017c eliminuje straty energii wynikaj\u0105ce z konieczno\u015bci przekazywania nap\u0119du za pomoc\u0105 pas\u00f3w czy innych mechanizm\u00f3w. Dzi\u0119ki temu, kompresor jest bardziej efektywny energetycznie i prostszy w konstrukcji, co r\u00f3wnie\u017c przek\u0142ada si\u0119 na mniejsz\u0105 liczb\u0119 cz\u0119\u015bci mog\u0105cych ulec awarii.<\/p>\n<div class=&quot;r&quot;>\n<div class=&quot;w-1\/2&quot;>\n        <center><img src=&quot;https:\/\/airpress.pl\/media\/wysiwyg\/36832_2D_0001.png&quot; width=&quot;350&quot; height=&quot;350&quot; alt=&quot;Kompresor&quot; \/><\/center>\n    <\/div>\n<div class=&quot;w-1\/2&quot;><\/p>\n<h2>Kompresor olejowy HL 325-50 czyli \u017cywotno\u015b\u0107 na najwy\u017cszym poziomie!<\/h2>\n<p>Kompresor olejowy HL 325-50 charakteryzuje si\u0119 <b>lepszym ch\u0142odzeniem i wi\u0119ksz\u0105 wytrzyma\u0142o\u015bci\u0105<\/b> w por\u00f3wnaniu do modeli bezolejowych. Olej stosowany w kompresorze skutecznie ch\u0142odzi t\u0142ok i cylinder, co zapobiega przegrzewaniu si\u0119 urz\u0105dzenia nawet podczas d\u0142u\u017cszej pracy. Dodatkowo, smarowanie olejem ruchomych cz\u0119\u015bci znacz\u0105co wyd\u0142u\u017ca \u017cywotno\u015b\u0107 urz\u0105dzenia.<\/p>\n<p><\/p>\n<p>Kompresor olejowy wymaga jednak regularnej kontroli poziomu oleju i jego okresowej wymiany, co jest jednak niewielk\u0105 cen\u0105 za zwi\u0119kszon\u0105 trwa\u0142o\u015b\u0107 i niezawodno\u015b\u0107 urz\u0105dzenia!<br \/>\n            Pomimo ni\u017cszych wydajno\u015bci i podstawowych parametr\u00f3w technicznych, model HL 325-50 \u015bwietnie sprawdzi si\u0119 r\u00f3wnie\u017c <b>w r\u0119kach u\u017cytkownik\u00f3w profesjonalnych, podczas prac charakteryzuj\u0105cych si\u0119 mniejszym zapotrzebowaniem na spr\u0119\u017cone powietrze<\/b>.<\/p>\n<\/p><\/div>\n<\/div>\n<div class=&quot;r&quot;>\n<div class=&quot;w-1\/2&quot;>\n<h2>Postaw na wygod\u0119 podczas pracy ze spr\u0119\u017conym powietrzem!<\/h2>\n<p>Nasz kompresor HL 325-50 jest wyposa\u017cony w <b>dwa przy\u0142\u0105cza powietrza, co umo\u017cliwia jednoczesne pod\u0142\u0105czenie dw\u00f3ch narz\u0119dzi pneumatycznych<\/b>. Dzi\u0119ki dw\u00f3m szybkoz\u0142\u0105czom, zmiana narz\u0119dzi jest szybka i bezproblemowa, co pozwala na sprawne wykonywanie r\u00f3\u017cnych zada\u0144 bez zb\u0119dnych przerw.<\/p>\n<p>Model HL 325-50 jest <b>urz\u0105dzeniem mobilnym, co oznacza, \u017ce mo\u017cna go \u0142atwo przenosi\u0107<\/b> i u\u017cywa\u0107 w r\u00f3\u017cnych miejscach w domu, gara\u017cu czy na ogrodzie. Kompresor wyposa\u017cony jest <b>w k\u00f3\u0142ka, kt\u00f3re u\u0142atwiaj\u0105 transport, oraz ergonomiczny uchwyt<\/b>, kt\u00f3ry wp\u0142ywa na komfort u\u017cytkownika podczas pracy ze spr\u0119\u017conym powietrzem.<\/p>\n<p>Bezpiecze\u0144stwo u\u017cytkownika jest dla nas priorytetem, dlatego model HL 325-50 zosta\u0142 <b>wyposa\u017cony w specjaln\u0105 os\u0142on\u0119 bloku spr\u0119\u017carkowego<\/b>. Os\u0142ona ta stanowi dodatkowe zabezpieczenie, chroni\u0105ce blok spr\u0119\u017carkowy przed uszkodzeniami mechanicznymi oraz zwi\u0119kszaj\u0105ce poziom bezpiecze\u0144stwa pracy. Dodatkowo, os\u0142ona zapobiega przypadkowemu dotkni\u0119ciu ruchomych cz\u0119\u015bci, co minimalizuje ryzyko wypadk\u00f3w.<\/p>\n<p>Postaw na wygod\u0119 podczas pracy i wybierz model HL 325-50 od Airpress!<\/p>\n<\/p><\/div>\n<div class=&quot;w-1\/2&quot;>\n<p>\n        <center><img src=&quot;https:\/\/airpress.pl\/media\/wysiwyg\/36832_2D_0020.png&quot; width=&quot;350&quot; height=&quot;350&quot; alt=&quot;Ko\u0142o&quot; \/><\/center>\n    <\/div>\n<div class=&quot;w-1\/4&quot;>\n<center><img src=&quot;https:\/\/airpress.pl\/media\/wysiwyg\/AirpressPL\/45191-14_1_.jpg&quot; width=&quot;450&quot; height=&quot;450&quot; alt=&quot;Zestaw do malowania drewna&quot; \/><\/center>\n<\/div>\n<div class=&quot;w-1\/4&quot;>\n<center><img src=&quot;https:\/\/airpress.pl\/media\/wysiwyg\/AirpressPL\/40480_0001.jpg&quot; width=&quot;450&quot; height=&quot;450&quot; alt=&quot;Zestaw do malowania drewna&quot; \/><\/center>\n<\/div>\n<div class=&quot;w-1\/2&quot;>\n<h2>Zestaw do malowania drewna \u2013 precyzyjne i wydajne narz\u0119dzie do malowania!<\/h2>\n<p>Ten <b>zestaw do malowania drewna<\/b> to doskona\u0142e rozwi\u0105zanie dla os\u00f3b, kt\u00f3re chc\u0105 uzyska\u0107 profesjonalne wyko\u0144czenie. W sk\u0142ad zestawu wchodzi <b>pistolet lakierniczy<\/b>, kt\u00f3ry zapewnia doskona\u0142\u0105 jako\u015b\u0107 aplikacji dzi\u0119ki dyszy 1.4 mm i maksymalnemu ci\u015bnieniu 3.5 bar, umo\u017cliwiaj\u0105c r\u00f3wnomierne rozprowadzenie farby na powierzchni. Dodatkowo, zestaw zawiera <b>w\u0105\u017c pneumatyczny uniwersalny<\/b> PVC o d\u0142ugo\u015bci 10 m i \u015brednicy 8 mm, co zapewnia wygod\u0119 i mobilno\u015b\u0107 podczas pracy.<\/p>\n<p>Idealny do malowania drewna, mebli i innych powierzchni, zestaw ten umo\u017cliwia uzyskanie wysokiej jako\u015bci wyko\u0144cze\u0144, kt\u00f3re zadowol\u0105 ka\u017cdego u\u017cytkownika!<\/p>\n<\/p><\/div>\n<\/div>\n<h2>Kompresor HL 325-50 czyli Tw\u00f3j niezawodny partner w codziennych zadaniach!<\/h2>\n<p><b>Pojemno\u015b\u0107 zbiornika wynosz\u0105ca 50 litr\u00f3w<\/b> pozwala na bezproblemowe wykonywanie zada\u0144 w gospodarstwach domowych. Taki zbiornik pozwala na d\u0142u\u017csz\u0105 prac\u0119 w jednym cyklu przy przedmuchu urz\u0105dze\u0144 i powierzchni, co zwi\u0119ksza efektywno\u015b\u0107 i komfort u\u017cytkowania.<br \/>\n    Wi\u0119ksza pojemno\u015b\u0107 zbiornika sprawia, \u017ce kompresor nie musi uruchamia\u0107 si\u0119 tak cz\u0119sto, co z kolei przek\u0142ada si\u0119 na mniejsze zu\u017cycie energii oraz d\u0142u\u017csz\u0105 \u017cywotno\u015b\u0107 urz\u0105dzenia.<\/p>\n<p>Model HL 325-50 wykorzystasz do <b>podstawowych prac w ogrodzie i domu, m.in. do przedmuchu li\u015bci, instalacji wodnych czy urz\u0105dze\u0144 elektrycznych, oraz do pompowania materacy, basen\u00f3w, pi\u0142ek czy opon!<\/b><br \/>\n    <b>Maksymalne ci\u015bnienie robocze wynosz\u0105ce 8 bar\u00f3w oraz wydajno\u015b\u0107 wynosz\u0105ca 195 l\/min<\/b> pozwalaj\u0105 ju\u017c na zasilanie podstawowych narz\u0119dzi pneumatycznych, czyli takich o stosunkowo niskim zapotrzebowaniu na spr\u0119\u017cone powietrze i charakteryzuj\u0105cych si\u0119 prac\u0105 w kr\u00f3tkich cyklach. Model HL 325-50 bez problemu poradzi sobie z <b>zasileniem gwo\u017adziarek, zszywarek czy kluczy udarowych!<\/b><\/p>\n<p>Wybieraj\u0105c nasz kompresor HL 325-50, inwestujesz w niezawodne i trwa\u0142e narz\u0119dzie, kt\u00f3re u\u0142atwi Ci wykonywanie wielu zada\u0144 w Twoim domu!<\/p>\n","protected":false},"excerpt":{"rendered":"<p>Szukasz urz\u0105dzenia, kt\u00f3re u\u0142atwi Ci domowe prace? Potrzebujesz kompresora, kt\u00f3ry sprosta wszystkim Twoim wymaganiom? Czy marzysz o szybkim i \u0142atwym pompowaniu opon, pi\u0142ek czy materacy? Model HL 325-50 to spr\u0119\u017carka, kt\u00f3ra znacz\u0105co zwi\u0119kszy Twoj\u0105 wydajno\u015b\u0107 i u\u0142atwi Tobie wykonywanie wielu zada\u0144 w gospodarstwie domowym. Dzi\u0119ki zaawansowanej technologii i przemy\u015blanej konstrukcji, nasz kompresor spe\u0142ni wszystkie Twoje [&hellip;]<\/p>\n","protected":false},"featured_media":81581,"template":"","meta":{"inline_featured_image":false},"product_brand":[1038],"product_cat":[1037,26025,81,27908,16,343,3342],"product_tag":[],"class_list":{"0":"post-81580","1":"product","2":"type-product","3":"status-publish","4":"has-post-thumbnail","6":"product_brand-airpress","7":"product_cat-sprezarki-airpress","8":"product_cat-airpress","9":"product_cat-akcesoria-czesci","10":"product_cat-airpress-kompresory-tlokowe","11":"product_cat-nowe","12":"product_cat-sprezarki-i-kompresory1","13":"product_cat-strefa-marki","14":"ep-can-popup","16":"first","17":"instock","18":"purchasable","19":"product-type-simple"},"yoast_head":"<!-- This site is optimized with the Yoast SEO Premium plugin v27.0 (Yoast SEO v27.3) - https:\/\/yoast.com\/product\/yoast-seo-premium-wordpress\/ -->\n<title>Airpress Kompresor HL 325-50 + zestaw pistolet lakierniczy i w\u0105\u017c pneumatyczny - SpawLab - Welding equipment and plasma cutters - store and service<\/title>\n<meta name=\"description\" content=\"Lider sprzeda\u017cy, Oficjalny Dystrybutor Premium i Serwis na Polsk\u0119 Migatronic, Gys, Voestalpine Bohler Welding. Nowe i u\u017cywane Spawarki, Przecinarki Plazmowe, Kompresory. Mgr in\u017c. Jaros\u0142aw Ko\u0142aski, IWE\" \/>\n<meta name=\"robots\" content=\"index, follow, max-snippet:-1, max-image-preview:large, max-video-preview:-1\" \/>\n<link rel=\"canonical\" href=\"https:\/\/spawlab.pl\/en\/produkt\/airpress-kompresor-hl-325-50-zestaw-pistolet-lakierniczy-i-waz-pneumatyczny\/\" \/>\n<meta property=\"og:locale\" content=\"en_US\" \/>\n<meta property=\"og:type\" content=\"article\" \/>\n<meta property=\"og:title\" content=\"Airpress Kompresor HL 325-50 + zestaw pistolet lakierniczy i w\u0105\u017c pneumatyczny\" \/>\n<meta property=\"og:description\" content=\"Lider sprzeda\u017cy, Oficjalny Dystrybutor Premium i Serwis na Polsk\u0119 Migatronic, Gys, Voestalpine Bohler Welding. Nowe i u\u017cywane Spawarki, Przecinarki Plazmowe, Kompresory. Mgr in\u017c. Jaros\u0142aw Ko\u0142aski, IWE\" \/>\n<meta property=\"og:url\" content=\"https:\/\/spawlab.pl\/en\/produkt\/airpress-kompresor-hl-325-50-zestaw-pistolet-lakierniczy-i-waz-pneumatyczny\/\" \/>\n<meta property=\"og:site_name\" content=\"SpawLab - Welding equipment and plasma cutters - store and service\" \/>\n<meta property=\"article:publisher\" content=\"https:\/\/www.facebook.com\/Spawlab\/\" \/>\n<meta property=\"article:modified_time\" content=\"2026-04-03T22:05:45+00:00\" \/>\n<meta property=\"og:image\" content=\"https:\/\/spawlab.pl\/wp-content\/uploads\/2025\/12\/36832_2d_0001_6.jpg\" \/>\n\t<meta property=\"og:image:width\" content=\"1200\" \/>\n\t<meta property=\"og:image:height\" content=\"1200\" \/>\n\t<meta property=\"og:image:type\" content=\"image\/jpeg\" \/>\n<meta name=\"twitter:label1\" content=\"Price\" \/>\n\t<meta name=\"twitter:data1\" content=\"938,99&nbsp;&#122;&#322;\" \/>\n\t<meta name=\"twitter:label2\" content=\"Availability\" \/>\n\t<meta name=\"twitter:data2\" content=\"In stock\" \/>\n<script type=\"application\/ld+json\" class=\"yoast-schema-graph\">{\"@context\":\"https:\\\/\\\/schema.org\",\"@graph\":[{\"@type\":[\"WebPage\",\"ItemPage\"],\"@id\":\"https:\\\/\\\/spawlab.pl\\\/en\\\/produkt\\\/airpress-kompresor-hl-325-50-zestaw-pistolet-lakierniczy-i-waz-pneumatyczny\\\/\",\"url\":\"https:\\\/\\\/spawlab.pl\\\/en\\\/produkt\\\/airpress-kompresor-hl-325-50-zestaw-pistolet-lakierniczy-i-waz-pneumatyczny\\\/\",\"name\":\"Airpress Kompresor HL 325-50 + zestaw pistolet lakierniczy i w\u0105\u017c pneumatyczny - SpawLab - Welding equipment and plasma cutters - store and service\",\"isPartOf\":{\"@id\":\"https:\\\/\\\/spawlab.pl\\\/en\\\/#website\"},\"primaryImageOfPage\":{\"@id\":\"https:\\\/\\\/spawlab.pl\\\/en\\\/produkt\\\/airpress-kompresor-hl-325-50-zestaw-pistolet-lakierniczy-i-waz-pneumatyczny\\\/#primaryimage\"},\"image\":{\"@id\":\"https:\\\/\\\/spawlab.pl\\\/en\\\/produkt\\\/airpress-kompresor-hl-325-50-zestaw-pistolet-lakierniczy-i-waz-pneumatyczny\\\/#primaryimage\"},\"thumbnailUrl\":\"https:\\\/\\\/spawlab.pl\\\/wp-content\\\/uploads\\\/2025\\\/12\\\/36832_2d_0001_6.jpg\",\"datePublished\":\"2026-01-08T23:10:03+00:00\",\"dateModified\":\"2026-04-03T22:05:45+00:00\",\"description\":\"Lider sprzeda\u017cy, Oficjalny Dystrybutor Premium i Serwis na Polsk\u0119 Migatronic, Gys, Voestalpine Bohler Welding. Nowe i u\u017cywane Spawarki, Przecinarki Plazmowe, Kompresory. Mgr in\u017c. Jaros\u0142aw Ko\u0142aski, IWE\",\"breadcrumb\":{\"@id\":\"https:\\\/\\\/spawlab.pl\\\/en\\\/produkt\\\/airpress-kompresor-hl-325-50-zestaw-pistolet-lakierniczy-i-waz-pneumatyczny\\\/#breadcrumb\"},\"inLanguage\":\"en-US\",\"potentialAction\":[{\"@type\":\"ReadAction\",\"target\":[\"https:\\\/\\\/spawlab.pl\\\/en\\\/produkt\\\/airpress-kompresor-hl-325-50-zestaw-pistolet-lakierniczy-i-waz-pneumatyczny\\\/\"]}]},{\"@type\":\"ImageObject\",\"inLanguage\":\"en-US\",\"@id\":\"https:\\\/\\\/spawlab.pl\\\/en\\\/produkt\\\/airpress-kompresor-hl-325-50-zestaw-pistolet-lakierniczy-i-waz-pneumatyczny\\\/#primaryimage\",\"url\":\"https:\\\/\\\/spawlab.pl\\\/wp-content\\\/uploads\\\/2025\\\/12\\\/36832_2d_0001_6.jpg\",\"contentUrl\":\"https:\\\/\\\/spawlab.pl\\\/wp-content\\\/uploads\\\/2025\\\/12\\\/36832_2d_0001_6.jpg\",\"width\":1200,\"height\":1200},{\"@type\":\"BreadcrumbList\",\"@id\":\"https:\\\/\\\/spawlab.pl\\\/en\\\/produkt\\\/airpress-kompresor-hl-325-50-zestaw-pistolet-lakierniczy-i-waz-pneumatyczny\\\/#breadcrumb\",\"itemListElement\":[{\"@type\":\"ListItem\",\"position\":1,\"name\":\"Strona g\u0142\u00f3wna\",\"item\":\"https:\\\/\\\/spawlab.pl\\\/en\\\/\"},{\"@type\":\"ListItem\",\"position\":2,\"name\":\"Store\",\"item\":\"https:\\\/\\\/spawlab.pl\\\/en\\\/shop\\\/\"},{\"@type\":\"ListItem\",\"position\":3,\"name\":\"Airpress Kompresor HL 325-50 + zestaw pistolet lakierniczy i w\u0105\u017c pneumatyczny\"}]},{\"@type\":\"WebSite\",\"@id\":\"https:\\\/\\\/spawlab.pl\\\/en\\\/#website\",\"url\":\"https:\\\/\\\/spawlab.pl\\\/en\\\/\",\"name\":\"Spawlab.pl Lider - Spawarki, Przecinarki Plazmowe, Kompresory\",\"description\":\"Urz\u0105dzenia spawalnicze i Przecinarki plazmowe\\\/ nowe i u\u017cywane \\\/ Profesjonalny serwis\",\"publisher\":{\"@id\":\"https:\\\/\\\/spawlab.pl\\\/en\\\/#organization\"},\"alternateName\":\"Spawlab.pl - Dystrybutor Premium i Serwis na Polske Migatronic, Gys, Voestalpine Bohler Welding\",\"potentialAction\":[{\"@type\":\"SearchAction\",\"target\":{\"@type\":\"EntryPoint\",\"urlTemplate\":\"https:\\\/\\\/spawlab.pl\\\/en\\\/?s={search_term_string}\"},\"query-input\":{\"@type\":\"PropertyValueSpecification\",\"valueRequired\":true,\"valueName\":\"search_term_string\"}}],\"inLanguage\":\"en-US\"},{\"@type\":[\"Organization\",\"Place\"],\"@id\":\"https:\\\/\\\/spawlab.pl\\\/en\\\/#organization\",\"name\":\"Spawlab.pl\",\"url\":\"https:\\\/\\\/spawlab.pl\\\/en\\\/\",\"logo\":{\"@id\":\"https:\\\/\\\/spawlab.pl\\\/en\\\/produkt\\\/airpress-kompresor-hl-325-50-zestaw-pistolet-lakierniczy-i-waz-pneumatyczny\\\/#local-main-organization-logo\"},\"image\":{\"@id\":\"https:\\\/\\\/spawlab.pl\\\/en\\\/produkt\\\/airpress-kompresor-hl-325-50-zestaw-pistolet-lakierniczy-i-waz-pneumatyczny\\\/#local-main-organization-logo\"},\"sameAs\":[\"https:\\\/\\\/www.facebook.com\\\/Spawlab\\\/\",\"https:\\\/\\\/www.linkedin.com\\\/company\\\/spawlab\",\"https:\\\/\\\/www.instagram.com\\\/spawlab.pl\",\"https:\\\/\\\/www.tiktok.com\\\/@spawlab\"],\"description\":\"Lider sprzeda\u017cy, Oficjalny Dystrybutor Premium i Serwis na Polsk\u0119 Migatronic, Gys, Voestalpine Bohler Welding. Nowe i u\u017cywane Spawarki, Przecinarki Plazmowe, Kompresory. Mgr in\u017c. Jaros\u0142aw Ko\u0142aski, IWE\",\"hasMerchantReturnPolicy\":{\"@type\":\"MerchantReturnPolicy\",\"merchantReturnLink\":\"https:\\\/\\\/spawlab.pl\\\/polityka-prywatnosci-2\\\/\"},\"telephone\":[],\"openingHoursSpecification\":[{\"@type\":\"OpeningHoursSpecification\",\"dayOfWeek\":[\"Monday\",\"Tuesday\",\"Wednesday\",\"Thursday\",\"Friday\",\"Saturday\",\"Sunday\"],\"opens\":\"09:00\",\"closes\":\"17:00\"}]},{\"@type\":\"ImageObject\",\"inLanguage\":\"en-US\",\"@id\":\"https:\\\/\\\/spawlab.pl\\\/en\\\/produkt\\\/airpress-kompresor-hl-325-50-zestaw-pistolet-lakierniczy-i-waz-pneumatyczny\\\/#local-main-organization-logo\",\"url\":\"https:\\\/\\\/spawlab.pl\\\/wp-content\\\/uploads\\\/2022\\\/01\\\/olx.jpg\",\"contentUrl\":\"https:\\\/\\\/spawlab.pl\\\/wp-content\\\/uploads\\\/2022\\\/01\\\/olx.jpg\",\"width\":200,\"height\":200,\"caption\":\"Spawlab.pl\"}]}<\/script>\n<meta property=\"product:price:amount\" content=\"938.99\" \/>\n<meta property=\"product:price:currency\" content=\"PLN\" \/>\n<meta property=\"og:availability\" content=\"instock\" \/>\n<meta property=\"product:availability\" content=\"instock\" \/>\n<meta property=\"product:retailer_item_id\" content=\"36832-45191-1.4-40480\" \/>\n<meta property=\"product:condition\" content=\"new\" \/>\n<!-- \/ Yoast SEO Premium plugin. -->","yoast_head_json":{"title":"Airpress Kompresor HL 325-50 + zestaw pistolet lakierniczy i w\u0105\u017c pneumatyczny - SpawLab - Welding equipment and plasma cutters - store and service","description":"Lider sprzeda\u017cy, Oficjalny Dystrybutor Premium i Serwis na Polsk\u0119 Migatronic, Gys, Voestalpine Bohler Welding. Nowe i u\u017cywane Spawarki, Przecinarki Plazmowe, Kompresory. Mgr in\u017c. Jaros\u0142aw Ko\u0142aski, IWE","robots":{"index":"index","follow":"follow","max-snippet":"max-snippet:-1","max-image-preview":"max-image-preview:large","max-video-preview":"max-video-preview:-1"},"canonical":"https:\/\/spawlab.pl\/en\/produkt\/airpress-kompresor-hl-325-50-zestaw-pistolet-lakierniczy-i-waz-pneumatyczny\/","og_locale":"en_US","og_type":"article","og_title":"Airpress Kompresor HL 325-50 + zestaw pistolet lakierniczy i w\u0105\u017c pneumatyczny","og_description":"Lider sprzeda\u017cy, Oficjalny Dystrybutor Premium i Serwis na Polsk\u0119 Migatronic, Gys, Voestalpine Bohler Welding. Nowe i u\u017cywane Spawarki, Przecinarki Plazmowe, Kompresory. Mgr in\u017c. Jaros\u0142aw Ko\u0142aski, IWE","og_url":"https:\/\/spawlab.pl\/en\/produkt\/airpress-kompresor-hl-325-50-zestaw-pistolet-lakierniczy-i-waz-pneumatyczny\/","og_site_name":"SpawLab - Welding equipment and plasma cutters - store and service","article_publisher":"https:\/\/www.facebook.com\/Spawlab\/","article_modified_time":"2026-04-03T22:05:45+00:00","og_image":[{"width":1200,"height":1200,"url":"https:\/\/spawlab.pl\/wp-content\/uploads\/2025\/12\/36832_2d_0001_6.jpg","type":"image\/jpeg"}],"twitter_misc":{"Price":"938,99&nbsp;&#122;&#322;","Availability":"In stock"},"schema":{"@context":"https:\/\/schema.org","@graph":[{"@type":["WebPage","ItemPage"],"@id":"https:\/\/spawlab.pl\/en\/produkt\/airpress-kompresor-hl-325-50-zestaw-pistolet-lakierniczy-i-waz-pneumatyczny\/","url":"https:\/\/spawlab.pl\/en\/produkt\/airpress-kompresor-hl-325-50-zestaw-pistolet-lakierniczy-i-waz-pneumatyczny\/","name":"Airpress Kompresor HL 325-50 + zestaw pistolet lakierniczy i w\u0105\u017c pneumatyczny - SpawLab - Welding equipment and plasma cutters - store and service","isPartOf":{"@id":"https:\/\/spawlab.pl\/en\/#website"},"primaryImageOfPage":{"@id":"https:\/\/spawlab.pl\/en\/produkt\/airpress-kompresor-hl-325-50-zestaw-pistolet-lakierniczy-i-waz-pneumatyczny\/#primaryimage"},"image":{"@id":"https:\/\/spawlab.pl\/en\/produkt\/airpress-kompresor-hl-325-50-zestaw-pistolet-lakierniczy-i-waz-pneumatyczny\/#primaryimage"},"thumbnailUrl":"https:\/\/spawlab.pl\/wp-content\/uploads\/2025\/12\/36832_2d_0001_6.jpg","datePublished":"2026-01-08T23:10:03+00:00","dateModified":"2026-04-03T22:05:45+00:00","description":"Lider sprzeda\u017cy, Oficjalny Dystrybutor Premium i Serwis na Polsk\u0119 Migatronic, Gys, Voestalpine Bohler Welding. Nowe i u\u017cywane Spawarki, Przecinarki Plazmowe, Kompresory. Mgr in\u017c. Jaros\u0142aw Ko\u0142aski, IWE","breadcrumb":{"@id":"https:\/\/spawlab.pl\/en\/produkt\/airpress-kompresor-hl-325-50-zestaw-pistolet-lakierniczy-i-waz-pneumatyczny\/#breadcrumb"},"inLanguage":"en-US","potentialAction":[{"@type":"ReadAction","target":["https:\/\/spawlab.pl\/en\/produkt\/airpress-kompresor-hl-325-50-zestaw-pistolet-lakierniczy-i-waz-pneumatyczny\/"]}]},{"@type":"ImageObject","inLanguage":"en-US","@id":"https:\/\/spawlab.pl\/en\/produkt\/airpress-kompresor-hl-325-50-zestaw-pistolet-lakierniczy-i-waz-pneumatyczny\/#primaryimage","url":"https:\/\/spawlab.pl\/wp-content\/uploads\/2025\/12\/36832_2d_0001_6.jpg","contentUrl":"https:\/\/spawlab.pl\/wp-content\/uploads\/2025\/12\/36832_2d_0001_6.jpg","width":1200,"height":1200},{"@type":"BreadcrumbList","@id":"https:\/\/spawlab.pl\/en\/produkt\/airpress-kompresor-hl-325-50-zestaw-pistolet-lakierniczy-i-waz-pneumatyczny\/#breadcrumb","itemListElement":[{"@type":"ListItem","position":1,"name":"Strona g\u0142\u00f3wna","item":"https:\/\/spawlab.pl\/en\/"},{"@type":"ListItem","position":2,"name":"Store","item":"https:\/\/spawlab.pl\/en\/shop\/"},{"@type":"ListItem","position":3,"name":"Airpress Kompresor HL 325-50 + zestaw pistolet lakierniczy i w\u0105\u017c pneumatyczny"}]},{"@type":"WebSite","@id":"https:\/\/spawlab.pl\/en\/#website","url":"https:\/\/spawlab.pl\/en\/","name":"Spawlab.pl Lider - Spawarki, Przecinarki Plazmowe, Kompresory","description":"Urz\u0105dzenia spawalnicze i Przecinarki plazmowe\/ nowe i u\u017cywane \/ Profesjonalny serwis","publisher":{"@id":"https:\/\/spawlab.pl\/en\/#organization"},"alternateName":"Spawlab.pl - Dystrybutor Premium i Serwis na Polske Migatronic, Gys, Voestalpine Bohler Welding","potentialAction":[{"@type":"SearchAction","target":{"@type":"EntryPoint","urlTemplate":"https:\/\/spawlab.pl\/en\/?s={search_term_string}"},"query-input":{"@type":"PropertyValueSpecification","valueRequired":true,"valueName":"search_term_string"}}],"inLanguage":"en-US"},{"@type":["Organization","Place"],"@id":"https:\/\/spawlab.pl\/en\/#organization","name":"Spawlab.pl","url":"https:\/\/spawlab.pl\/en\/","logo":{"@id":"https:\/\/spawlab.pl\/en\/produkt\/airpress-kompresor-hl-325-50-zestaw-pistolet-lakierniczy-i-waz-pneumatyczny\/#local-main-organization-logo"},"image":{"@id":"https:\/\/spawlab.pl\/en\/produkt\/airpress-kompresor-hl-325-50-zestaw-pistolet-lakierniczy-i-waz-pneumatyczny\/#local-main-organization-logo"},"sameAs":["https:\/\/www.facebook.com\/Spawlab\/","https:\/\/www.linkedin.com\/company\/spawlab","https:\/\/www.instagram.com\/spawlab.pl","https:\/\/www.tiktok.com\/@spawlab"],"description":"Lider sprzeda\u017cy, Oficjalny Dystrybutor Premium i Serwis na Polsk\u0119 Migatronic, Gys, Voestalpine Bohler Welding. Nowe i u\u017cywane Spawarki, Przecinarki Plazmowe, Kompresory. Mgr in\u017c. Jaros\u0142aw Ko\u0142aski, IWE","hasMerchantReturnPolicy":{"@type":"MerchantReturnPolicy","merchantReturnLink":"https:\/\/spawlab.pl\/polityka-prywatnosci-2\/"},"telephone":[],"openingHoursSpecification":[{"@type":"OpeningHoursSpecification","dayOfWeek":["Monday","Tuesday","Wednesday","Thursday","Friday","Saturday","Sunday"],"opens":"09:00","closes":"17:00"}]},{"@type":"ImageObject","inLanguage":"en-US","@id":"https:\/\/spawlab.pl\/en\/produkt\/airpress-kompresor-hl-325-50-zestaw-pistolet-lakierniczy-i-waz-pneumatyczny\/#local-main-organization-logo","url":"https:\/\/spawlab.pl\/wp-content\/uploads\/2022\/01\/olx.jpg","contentUrl":"https:\/\/spawlab.pl\/wp-content\/uploads\/2022\/01\/olx.jpg","width":200,"height":200,"caption":"Spawlab.pl"}]},"product_price_amount":"938.99","product_price_currency":"PLN","og_availability":"instock","product_availability":"instock","product_retailer_item_id":"36832-45191-1.4-40480","product_condition":"new"},"_links":{"self":[{"href":"https:\/\/spawlab.pl\/en\/wp-json\/wp\/v2\/product\/81580","targetHints":{"allow":["GET"]}}],"collection":[{"href":"https:\/\/spawlab.pl\/en\/wp-json\/wp\/v2\/product"}],"about":[{"href":"https:\/\/spawlab.pl\/en\/wp-json\/wp\/v2\/types\/product"}],"wp:featuredmedia":[{"embeddable":true,"href":"https:\/\/spawlab.pl\/en\/wp-json\/wp\/v2\/media\/81581"}],"wp:attachment":[{"href":"https:\/\/spawlab.pl\/en\/wp-json\/wp\/v2\/media?parent=81580"}],"wp:term":[{"taxonomy":"product_brand","embeddable":true,"href":"https:\/\/spawlab.pl\/en\/wp-json\/wp\/v2\/product_brand?post=81580"},{"taxonomy":"product_cat","embeddable":true,"href":"https:\/\/spawlab.pl\/en\/wp-json\/wp\/v2\/product_cat?post=81580"},{"taxonomy":"product_tag","embeddable":true,"href":"https:\/\/spawlab.pl\/en\/wp-json\/wp\/v2\/product_tag?post=81580"}],"curies":[{"name":"wp","href":"https:\/\/api.w.org\/{rel}","templated":true}]}}