{"id":81710,"date":"2026-04-08T00:01:26","date_gmt":"2026-04-07T22:01:26","guid":{"rendered":"https:\/\/spawlab.pl\/produkt\/kompresor-dwutlokowy-hl-425-50-8-bar-3-km-2-2-kw-260-l-min-50-l\/"},"modified":"2026-04-08T00:01:28","modified_gmt":"2026-04-07T22:01:28","slug":"airpress-kompresor-dwutlokowy-hl-425-50-8-bar-3-km-2-2-kw-260-l-min-50-l","status":"publish","type":"product","link":"https:\/\/spawlab.pl\/en\/produkt\/airpress-kompresor-dwutlokowy-hl-425-50-8-bar-3-km-2-2-kw-260-l-min-50-l\/","title":{"rendered":"Airpress Kompresor dwut\u0142okowy HL 425-50 8 bar 3 KM\/2.2 kW 260 l\/min 50 l"},"content":{"rendered":"<p>Szukasz wydajnego kompresora do prostych prac w domu, gara\u017cu lub mobilnym serwisie? Zale\u017cy Ci na komforcie pracy? Potrzebujesz urz\u0105dzenia, kt\u00f3re sprosta wymaganiom codziennego u\u017cytkowania? Przedstawiamy nasz\u0105 spr\u0119\u017cark\u0119 HL 425-50!<\/p>\n<p>Dwut\u0142okowy kompresor HL 425-50 jest dok\u0142adnie tym, czego potrzebujesz od swojej domowej spr\u0119\u017carki. Zainwestuj ju\u017c teraz w niezawodne \u017ar\u00f3d\u0142a spr\u0119\u017conego powietrza!<\/p>\n<div class=&quot;r&quot;>\n<div class=&quot;w-1\/2&quot;>\n<h2>Kompresor olejowy czyli wysoka efektywno\u015b\u0107 i d\u0142uga \u017cywotno\u015b\u0107<\/h2>\n<p>Wybieraj\u0105c kompresor olejowy, dbasz o swoje urz\u0105dzenie! W modelu HL 425-50 <b>olej stosowany jest jako \u015brodek smarny w bloku t\u0142okowym.<\/b> Obecno\u015b\u0107 oleju w spr\u0119\u017carce wspomaga ch\u0142odzenie, zapobiegaj\u0105c przegrzewaniu si\u0119 urz\u0105dzenia podczas pracy. Olej r\u00f3wnie\u017c redukuje tarcie i zu\u017cycie element\u00f3w bloku t\u0142okowego.<\/p>\n<p>Kompresor olejowy jest znacznie <b>bardziej \u017cywotny ni\u017c spr\u0119\u017carka bezolejowa<\/b>, a prawid\u0142owa konserwacja urz\u0105dzenia pozwala obni\u017cy\u0107 koszty serwisowania urz\u0105dzenia.<\/p>\n<p>Co wi\u0119cej, <b>model HL 425-50 z nap\u0119dem bezpo\u015brednim jest znacznie lepszym wyborem przy niskim zapotrzebowaniu na spr\u0119\u017cone powietrze<\/b> ni\u017c nap\u0119d pasowy. Nap\u0119d bezpo\u015bredni jest idealnym wyborem dla u\u017cytkownik\u00f3w p\u00f3\u0142profesjonalnych ze wzgl\u0119du na swoj\u0105 prost\u0105 konstrukcj\u0119 i niskie koszty utrzymania.<\/p>\n<p>Kompresor HL 425-50 <b>wyposa\u017cony jest w dwie szybkoz\u0142\u0105czki<\/b>, co oznacza, \u017ce jednocze\u015bnie mo\u017cesz pod\u0142\u0105czy\u0107 do spr\u0119\u017carki a\u017c dwa narz\u0119dzia, b\u0105d\u017a akcesoria  pneumatyczne. Dzi\u0119ki temu zaoszcz\u0119dzisz czas i zwi\u0119kszysz efektywno\u015b\u0107 swojej pracy, gdy\u017c nie musisz ju\u017c przerywa\u0107 pracy, aby zmienia\u0107 narz\u0119dzia \u2013 nasz kompresor pozwala na p\u0142ynne i bezproblemowe przej\u015bcie pomi\u0119dzy zadaniami!<\/p>\n<p><\/p>\n<\/div>\n<div class=&quot;w-1\/2&quot;>\n<br \/>\n<center><img src=&quot;https:\/\/airpress.pl\/media\/wysiwyg\/36843_2d_0001.png&quot; width=&quot;450&quot; height=&quot;450&quot; alt=&quot;Kompresor HL 425-50&quot; \/><\/center>\n<\/div>\n<\/div>\n<h2>HL 425-50 czyli r\u00f3wnowaga mi\u0119dzy wydajno\u015bci\u0105 a mobilno\u015bci\u0105!<\/h2>\n<p>Kompresor HL 425-50 od Airpress to jeden z najbardziej wydajnych modeli z serii Niebieskiej Basic, dedykowanej dla hobbyst\u00f3w, majsterkowicz\u00f3w i mobilnych serwisant\u00f3w.<\/p>\n<p>Model HL 425-50 jest <b>w pe\u0142ni mobilny<\/b>! Mo\u017cliwo\u015b\u0107 transportu \u017ar\u00f3d\u0142a spr\u0119\u017conego powietrza jest szczeg\u00f3lnie wa\u017cna dla profesjonalist\u00f3w pracuj\u0105cych w mobilnych serwisach o mniejszym zapotrzebowaniu na spr\u0119\u017cone powietrze, oraz dla os\u00f3b korzystaj\u0105cych ze spr\u0119\u017carki w g\u0142\u0119bi ogrodu lub w r\u00f3\u017cnych miejscach w domu. Dlatego nasz kompresor HL 425-50 wyposa\u017cony jest <b>w plastikowe k\u00f3\u0142ka oraz ergonomiczny uchwyt<\/b>, co nie tylko wp\u0142ywa na mobilno\u015b\u0107 spr\u0119\u017carki, ale r\u00f3wnie\u017c na komfort pracy.<\/p>\n<p>Co wi\u0119cej, w Airpress wiemy, jak bezpiecze\u0144stwo wp\u0142ywa na komfort korzystania z urz\u0105dzenia. Dlatego model HL 425-50 wyposa\u017cony <b>jest w os\u0142on\u0119 bloku spr\u0119\u017carkowego<\/b>, kt\u00f3ra chroni zar\u00f3wno u\u017cytkownika, jak i sam\u0105 spr\u0119\u017cark\u0119 przed uszkodzeniami i przypadkowymi wypadkami.<\/p>\n<p>Model HL 425-50 jest idealnym rozwi\u0105zaniem dla u\u017cytkownik\u00f3w o ograniczonym zapotrzebowaniu na spr\u0119\u017cone powietrze, kt\u00f3rzy ceni\u0105 sobie mobilno\u015b\u0107!<\/p>\n<p><\/p>\n<div class=&quot;r&quot;>\n<div class=&quot;w-1\/2&quot;>\n<center><img src=&quot;https:\/\/airpress.pl\/media\/wysiwyg\/36843_2d_0020.png&quot; width=&quot;400&quot; height=&quot;400&quot; alt=&quot;Ko\u0142o HL 425-50&quot; \/><\/center>\n<\/div>\n<div class=&quot;w-1\/2&quot;>\n<center><img src=&quot;https:\/\/airpress.pl\/media\/wysiwyg\/36843_08.jpg&quot; width=&quot;400&quot; height=&quot;400&quot; alt=&quot;Os\u0142ona HL 425-50&quot; \/><\/center><\/p>\n<\/div>\n<\/div>\n<h2>Dowiedz si\u0119, dlaczego warto zainwestowa\u0107 w spr\u0119\u017cone powietrze!<\/h2>\n<p>Spr\u0119\u017carka HL 425-50 o <b>wydajno\u015bci 260 l\/min oraz ci\u015bnieniu maksymalnym 8 bar<\/b> posiada parametry, kt\u00f3re spokojnie wystarcz\u0105 do zasilenia podstawowych narz\u0119dzi pneumatycznych. Bez problemu zasilisz gwo\u017adziark\u0119 czy wiertark\u0119 pneumatyczn\u0105, oraz klucze udarowe.<\/p>\n<p>Ponadto, mo\u017cesz wykorzysta\u0107 kompresor HL 425-50 do przedmuchu powierzchni czy urz\u0105dze\u0144 elektrycznych, oraz do pompowania materacy, pi\u0142ek czy opon w pojazdach!<\/p>\n<p>Dodatkowo, <b>zbiornik o pojemno\u015bci 50 l, w kt\u00f3ry wyposa\u017cony jest kompresor HL 425-50<\/b>, zapewnia wystarczaj\u0105c\u0105 ilo\u015b\u0107 spr\u0119\u017conego powietrza do wykonywania podstawowych zada\u0144 bez konieczno\u015bci cz\u0119stego uruchamiania kompresora. Taka pojemno\u015b\u0107 jest idealnym kompromisem mi\u0119dzy mobilno\u015bci\u0105 a wydajno\u015bci\u0105, oferuj\u0105c odpowiedni\u0105 ilo\u015b\u0107 powietrza do zasilania podstawowych narz\u0119dzi pneumatycznych.<\/p>\n<p>Kompresor HL 425-50 wi\u0119c bez problemu poradzi sobie z zadaniami wymagaj\u0105cymi spr\u0119\u017conego powietrza w Twoim gospodarstwie domowym!<\/p>\n<p>Mobilno\u015b\u0107, \u0142atwo\u015b\u0107 obs\u0142ugi oraz \u017cywotno\u015b\u0107 to cechy, kt\u00f3re definiuj\u0105 kompresor HL 425-50 od Airpress! Niezale\u017cnie od tego, czy jeste\u015b profesjonalist\u0105 pracuj\u0105cym w mobilnym serwisie, czy majsterkowiczem, ten model na pewno spe\u0142ni Twoje oczekiwania!<\/p>\n","protected":false},"excerpt":{"rendered":"<p>Szukasz wydajnego kompresora do prostych prac w domu, gara\u017cu lub mobilnym serwisie? Zale\u017cy Ci na komforcie pracy? Potrzebujesz urz\u0105dzenia, kt\u00f3re sprosta wymaganiom codziennego u\u017cytkowania? Przedstawiamy nasz\u0105 spr\u0119\u017cark\u0119 HL 425-50! Dwut\u0142okowy kompresor HL 425-50 jest dok\u0142adnie tym, czego potrzebujesz od swojej domowej spr\u0119\u017carki. Zainwestuj ju\u017c teraz w niezawodne \u017ar\u00f3d\u0142a spr\u0119\u017conego powietrza! Kompresor olejowy czyli wysoka efektywno\u015b\u0107 [&hellip;]<\/p>\n","protected":false},"featured_media":81711,"template":"","meta":{"inline_featured_image":false},"product_brand":[1038],"product_cat":[26025,1037,81,27908,16,343,3342],"product_tag":[],"class_list":{"0":"post-81710","1":"product","2":"type-product","3":"status-publish","4":"has-post-thumbnail","6":"product_brand-airpress","7":"product_cat-airpress","8":"product_cat-sprezarki-airpress","9":"product_cat-akcesoria-czesci","10":"product_cat-airpress-kompresory-tlokowe","11":"product_cat-nowe","12":"product_cat-sprezarki-i-kompresory1","13":"product_cat-strefa-marki","14":"ep-can-popup","16":"first","17":"instock","18":"purchasable","19":"product-type-simple"},"yoast_head":"<!-- This site is optimized with the Yoast SEO Premium plugin v27.0 (Yoast SEO v27.3) - https:\/\/yoast.com\/product\/yoast-seo-premium-wordpress\/ -->\n<title>Airpress Kompresor dwut\u0142okowy HL 425-50 8 bar 3 KM\/2.2 kW 260 l\/min 50 l - SpawLab - Welding equipment and plasma cutters - store and service<\/title>\n<meta name=\"description\" content=\"Lider sprzeda\u017cy, Oficjalny Dystrybutor Premium i Serwis na Polsk\u0119 Migatronic, Gys, Voestalpine Bohler Welding. Nowe i u\u017cywane Spawarki, Przecinarki Plazmowe, Kompresory. Mgr in\u017c. Jaros\u0142aw Ko\u0142aski, IWE\" \/>\n<meta name=\"robots\" content=\"index, follow, max-snippet:-1, max-image-preview:large, max-video-preview:-1\" \/>\n<link rel=\"canonical\" href=\"https:\/\/spawlab.pl\/en\/produkt\/airpress-kompresor-dwutlokowy-hl-425-50-8-bar-3-km-2-2-kw-260-l-min-50-l\/\" \/>\n<meta property=\"og:locale\" content=\"en_US\" \/>\n<meta property=\"og:type\" content=\"article\" \/>\n<meta property=\"og:title\" content=\"Airpress Kompresor dwut\u0142okowy HL 425-50 8 bar 3 KM\/2.2 kW 260 l\/min 50 l\" \/>\n<meta property=\"og:description\" content=\"Lider sprzeda\u017cy, Oficjalny Dystrybutor Premium i Serwis na Polsk\u0119 Migatronic, Gys, Voestalpine Bohler Welding. Nowe i u\u017cywane Spawarki, Przecinarki Plazmowe, Kompresory. Mgr in\u017c. Jaros\u0142aw Ko\u0142aski, IWE\" \/>\n<meta property=\"og:url\" content=\"https:\/\/spawlab.pl\/en\/produkt\/airpress-kompresor-dwutlokowy-hl-425-50-8-bar-3-km-2-2-kw-260-l-min-50-l\/\" \/>\n<meta property=\"og:site_name\" content=\"SpawLab - Welding equipment and plasma cutters - store and service\" \/>\n<meta property=\"article:publisher\" content=\"https:\/\/www.facebook.com\/Spawlab\/\" \/>\n<meta property=\"article:modified_time\" content=\"2026-04-07T22:01:28+00:00\" \/>\n<meta property=\"og:image\" content=\"https:\/\/spawlab.pl\/wp-content\/uploads\/2025\/12\/36843_2d_0002_kopia.jpg\" \/>\n\t<meta property=\"og:image:width\" content=\"1785\" \/>\n\t<meta property=\"og:image:height\" content=\"2000\" \/>\n\t<meta property=\"og:image:type\" content=\"image\/jpeg\" \/>\n<meta name=\"twitter:label1\" content=\"Price\" \/>\n\t<meta name=\"twitter:data1\" content=\"977,85&nbsp;&#122;&#322;\" \/>\n\t<meta name=\"twitter:label2\" content=\"Availability\" \/>\n\t<meta name=\"twitter:data2\" content=\"In stock\" \/>\n<script type=\"application\/ld+json\" class=\"yoast-schema-graph\">{\"@context\":\"https:\\\/\\\/schema.org\",\"@graph\":[{\"@type\":[\"WebPage\",\"ItemPage\"],\"@id\":\"https:\\\/\\\/spawlab.pl\\\/en\\\/produkt\\\/airpress-kompresor-dwutlokowy-hl-425-50-8-bar-3-km-2-2-kw-260-l-min-50-l\\\/\",\"url\":\"https:\\\/\\\/spawlab.pl\\\/en\\\/produkt\\\/airpress-kompresor-dwutlokowy-hl-425-50-8-bar-3-km-2-2-kw-260-l-min-50-l\\\/\",\"name\":\"Airpress Kompresor dwut\u0142okowy HL 425-50 8 bar 3 KM\\\/2.2 kW 260 l\\\/min 50 l - SpawLab - Welding equipment and plasma cutters - store and service\",\"isPartOf\":{\"@id\":\"https:\\\/\\\/spawlab.pl\\\/en\\\/#website\"},\"primaryImageOfPage\":{\"@id\":\"https:\\\/\\\/spawlab.pl\\\/en\\\/produkt\\\/airpress-kompresor-dwutlokowy-hl-425-50-8-bar-3-km-2-2-kw-260-l-min-50-l\\\/#primaryimage\"},\"image\":{\"@id\":\"https:\\\/\\\/spawlab.pl\\\/en\\\/produkt\\\/airpress-kompresor-dwutlokowy-hl-425-50-8-bar-3-km-2-2-kw-260-l-min-50-l\\\/#primaryimage\"},\"thumbnailUrl\":\"https:\\\/\\\/spawlab.pl\\\/wp-content\\\/uploads\\\/2025\\\/12\\\/36843_2d_0002_kopia.jpg\",\"datePublished\":\"2026-04-07T22:01:26+00:00\",\"dateModified\":\"2026-04-07T22:01:28+00:00\",\"description\":\"Lider sprzeda\u017cy, Oficjalny Dystrybutor Premium i Serwis na Polsk\u0119 Migatronic, Gys, Voestalpine Bohler Welding. Nowe i u\u017cywane Spawarki, Przecinarki Plazmowe, Kompresory. Mgr in\u017c. Jaros\u0142aw Ko\u0142aski, IWE\",\"breadcrumb\":{\"@id\":\"https:\\\/\\\/spawlab.pl\\\/en\\\/produkt\\\/airpress-kompresor-dwutlokowy-hl-425-50-8-bar-3-km-2-2-kw-260-l-min-50-l\\\/#breadcrumb\"},\"inLanguage\":\"en-US\",\"potentialAction\":[{\"@type\":\"ReadAction\",\"target\":[\"https:\\\/\\\/spawlab.pl\\\/en\\\/produkt\\\/airpress-kompresor-dwutlokowy-hl-425-50-8-bar-3-km-2-2-kw-260-l-min-50-l\\\/\"]}]},{\"@type\":\"ImageObject\",\"inLanguage\":\"en-US\",\"@id\":\"https:\\\/\\\/spawlab.pl\\\/en\\\/produkt\\\/airpress-kompresor-dwutlokowy-hl-425-50-8-bar-3-km-2-2-kw-260-l-min-50-l\\\/#primaryimage\",\"url\":\"https:\\\/\\\/spawlab.pl\\\/wp-content\\\/uploads\\\/2025\\\/12\\\/36843_2d_0002_kopia.jpg\",\"contentUrl\":\"https:\\\/\\\/spawlab.pl\\\/wp-content\\\/uploads\\\/2025\\\/12\\\/36843_2d_0002_kopia.jpg\",\"width\":1785,\"height\":2000},{\"@type\":\"BreadcrumbList\",\"@id\":\"https:\\\/\\\/spawlab.pl\\\/en\\\/produkt\\\/airpress-kompresor-dwutlokowy-hl-425-50-8-bar-3-km-2-2-kw-260-l-min-50-l\\\/#breadcrumb\",\"itemListElement\":[{\"@type\":\"ListItem\",\"position\":1,\"name\":\"Strona g\u0142\u00f3wna\",\"item\":\"https:\\\/\\\/spawlab.pl\\\/en\\\/\"},{\"@type\":\"ListItem\",\"position\":2,\"name\":\"Store\",\"item\":\"https:\\\/\\\/spawlab.pl\\\/en\\\/shop\\\/\"},{\"@type\":\"ListItem\",\"position\":3,\"name\":\"Airpress Kompresor dwut\u0142okowy HL 425-50 8 bar 3 KM\\\/2.2 kW 260 l\\\/min 50 l\"}]},{\"@type\":\"WebSite\",\"@id\":\"https:\\\/\\\/spawlab.pl\\\/en\\\/#website\",\"url\":\"https:\\\/\\\/spawlab.pl\\\/en\\\/\",\"name\":\"Spawlab.pl Lider - Spawarki, Przecinarki Plazmowe, Kompresory\",\"description\":\"Urz\u0105dzenia spawalnicze i Przecinarki plazmowe\\\/ nowe i u\u017cywane \\\/ Profesjonalny serwis\",\"publisher\":{\"@id\":\"https:\\\/\\\/spawlab.pl\\\/en\\\/#organization\"},\"alternateName\":\"Spawlab.pl - Dystrybutor Premium i Serwis na Polske Migatronic, Gys, Voestalpine Bohler Welding\",\"potentialAction\":[{\"@type\":\"SearchAction\",\"target\":{\"@type\":\"EntryPoint\",\"urlTemplate\":\"https:\\\/\\\/spawlab.pl\\\/en\\\/?s={search_term_string}\"},\"query-input\":{\"@type\":\"PropertyValueSpecification\",\"valueRequired\":true,\"valueName\":\"search_term_string\"}}],\"inLanguage\":\"en-US\"},{\"@type\":[\"Organization\",\"Place\"],\"@id\":\"https:\\\/\\\/spawlab.pl\\\/en\\\/#organization\",\"name\":\"Spawlab.pl\",\"url\":\"https:\\\/\\\/spawlab.pl\\\/en\\\/\",\"logo\":{\"@id\":\"https:\\\/\\\/spawlab.pl\\\/en\\\/produkt\\\/airpress-kompresor-dwutlokowy-hl-425-50-8-bar-3-km-2-2-kw-260-l-min-50-l\\\/#local-main-organization-logo\"},\"image\":{\"@id\":\"https:\\\/\\\/spawlab.pl\\\/en\\\/produkt\\\/airpress-kompresor-dwutlokowy-hl-425-50-8-bar-3-km-2-2-kw-260-l-min-50-l\\\/#local-main-organization-logo\"},\"sameAs\":[\"https:\\\/\\\/www.facebook.com\\\/Spawlab\\\/\",\"https:\\\/\\\/www.linkedin.com\\\/company\\\/spawlab\",\"https:\\\/\\\/www.instagram.com\\\/spawlab.pl\",\"https:\\\/\\\/www.tiktok.com\\\/@spawlab\"],\"description\":\"Lider sprzeda\u017cy, Oficjalny Dystrybutor Premium i Serwis na Polsk\u0119 Migatronic, Gys, Voestalpine Bohler Welding. Nowe i u\u017cywane Spawarki, Przecinarki Plazmowe, Kompresory. Mgr in\u017c. Jaros\u0142aw Ko\u0142aski, IWE\",\"hasMerchantReturnPolicy\":{\"@type\":\"MerchantReturnPolicy\",\"merchantReturnLink\":\"https:\\\/\\\/spawlab.pl\\\/polityka-prywatnosci-2\\\/\"},\"telephone\":[],\"openingHoursSpecification\":[{\"@type\":\"OpeningHoursSpecification\",\"dayOfWeek\":[\"Monday\",\"Tuesday\",\"Wednesday\",\"Thursday\",\"Friday\",\"Saturday\",\"Sunday\"],\"opens\":\"09:00\",\"closes\":\"17:00\"}]},{\"@type\":\"ImageObject\",\"inLanguage\":\"en-US\",\"@id\":\"https:\\\/\\\/spawlab.pl\\\/en\\\/produkt\\\/airpress-kompresor-dwutlokowy-hl-425-50-8-bar-3-km-2-2-kw-260-l-min-50-l\\\/#local-main-organization-logo\",\"url\":\"https:\\\/\\\/spawlab.pl\\\/wp-content\\\/uploads\\\/2022\\\/01\\\/olx.jpg\",\"contentUrl\":\"https:\\\/\\\/spawlab.pl\\\/wp-content\\\/uploads\\\/2022\\\/01\\\/olx.jpg\",\"width\":200,\"height\":200,\"caption\":\"Spawlab.pl\"}]}<\/script>\n<meta property=\"product:price:amount\" content=\"977.85\" \/>\n<meta property=\"product:price:currency\" content=\"PLN\" \/>\n<meta property=\"og:availability\" content=\"instock\" \/>\n<meta property=\"product:availability\" content=\"instock\" \/>\n<meta property=\"product:retailer_item_id\" content=\"36843\" \/>\n<meta property=\"product:condition\" content=\"new\" \/>\n<!-- \/ Yoast SEO Premium plugin. -->","yoast_head_json":{"title":"Airpress Kompresor dwut\u0142okowy HL 425-50 8 bar 3 KM\/2.2 kW 260 l\/min 50 l - SpawLab - Welding equipment and plasma cutters - store and service","description":"Lider sprzeda\u017cy, Oficjalny Dystrybutor Premium i Serwis na Polsk\u0119 Migatronic, Gys, Voestalpine Bohler Welding. Nowe i u\u017cywane Spawarki, Przecinarki Plazmowe, Kompresory. Mgr in\u017c. Jaros\u0142aw Ko\u0142aski, IWE","robots":{"index":"index","follow":"follow","max-snippet":"max-snippet:-1","max-image-preview":"max-image-preview:large","max-video-preview":"max-video-preview:-1"},"canonical":"https:\/\/spawlab.pl\/en\/produkt\/airpress-kompresor-dwutlokowy-hl-425-50-8-bar-3-km-2-2-kw-260-l-min-50-l\/","og_locale":"en_US","og_type":"article","og_title":"Airpress Kompresor dwut\u0142okowy HL 425-50 8 bar 3 KM\/2.2 kW 260 l\/min 50 l","og_description":"Lider sprzeda\u017cy, Oficjalny Dystrybutor Premium i Serwis na Polsk\u0119 Migatronic, Gys, Voestalpine Bohler Welding. Nowe i u\u017cywane Spawarki, Przecinarki Plazmowe, Kompresory. Mgr in\u017c. Jaros\u0142aw Ko\u0142aski, IWE","og_url":"https:\/\/spawlab.pl\/en\/produkt\/airpress-kompresor-dwutlokowy-hl-425-50-8-bar-3-km-2-2-kw-260-l-min-50-l\/","og_site_name":"SpawLab - Welding equipment and plasma cutters - store and service","article_publisher":"https:\/\/www.facebook.com\/Spawlab\/","article_modified_time":"2026-04-07T22:01:28+00:00","og_image":[{"width":1785,"height":2000,"url":"https:\/\/spawlab.pl\/wp-content\/uploads\/2025\/12\/36843_2d_0002_kopia.jpg","type":"image\/jpeg"}],"twitter_misc":{"Price":"977,85&nbsp;&#122;&#322;","Availability":"In stock"},"schema":{"@context":"https:\/\/schema.org","@graph":[{"@type":["WebPage","ItemPage"],"@id":"https:\/\/spawlab.pl\/en\/produkt\/airpress-kompresor-dwutlokowy-hl-425-50-8-bar-3-km-2-2-kw-260-l-min-50-l\/","url":"https:\/\/spawlab.pl\/en\/produkt\/airpress-kompresor-dwutlokowy-hl-425-50-8-bar-3-km-2-2-kw-260-l-min-50-l\/","name":"Airpress Kompresor dwut\u0142okowy HL 425-50 8 bar 3 KM\/2.2 kW 260 l\/min 50 l - SpawLab - Welding equipment and plasma cutters - store and service","isPartOf":{"@id":"https:\/\/spawlab.pl\/en\/#website"},"primaryImageOfPage":{"@id":"https:\/\/spawlab.pl\/en\/produkt\/airpress-kompresor-dwutlokowy-hl-425-50-8-bar-3-km-2-2-kw-260-l-min-50-l\/#primaryimage"},"image":{"@id":"https:\/\/spawlab.pl\/en\/produkt\/airpress-kompresor-dwutlokowy-hl-425-50-8-bar-3-km-2-2-kw-260-l-min-50-l\/#primaryimage"},"thumbnailUrl":"https:\/\/spawlab.pl\/wp-content\/uploads\/2025\/12\/36843_2d_0002_kopia.jpg","datePublished":"2026-04-07T22:01:26+00:00","dateModified":"2026-04-07T22:01:28+00:00","description":"Lider sprzeda\u017cy, Oficjalny Dystrybutor Premium i Serwis na Polsk\u0119 Migatronic, Gys, Voestalpine Bohler Welding. Nowe i u\u017cywane Spawarki, Przecinarki Plazmowe, Kompresory. Mgr in\u017c. Jaros\u0142aw Ko\u0142aski, IWE","breadcrumb":{"@id":"https:\/\/spawlab.pl\/en\/produkt\/airpress-kompresor-dwutlokowy-hl-425-50-8-bar-3-km-2-2-kw-260-l-min-50-l\/#breadcrumb"},"inLanguage":"en-US","potentialAction":[{"@type":"ReadAction","target":["https:\/\/spawlab.pl\/en\/produkt\/airpress-kompresor-dwutlokowy-hl-425-50-8-bar-3-km-2-2-kw-260-l-min-50-l\/"]}]},{"@type":"ImageObject","inLanguage":"en-US","@id":"https:\/\/spawlab.pl\/en\/produkt\/airpress-kompresor-dwutlokowy-hl-425-50-8-bar-3-km-2-2-kw-260-l-min-50-l\/#primaryimage","url":"https:\/\/spawlab.pl\/wp-content\/uploads\/2025\/12\/36843_2d_0002_kopia.jpg","contentUrl":"https:\/\/spawlab.pl\/wp-content\/uploads\/2025\/12\/36843_2d_0002_kopia.jpg","width":1785,"height":2000},{"@type":"BreadcrumbList","@id":"https:\/\/spawlab.pl\/en\/produkt\/airpress-kompresor-dwutlokowy-hl-425-50-8-bar-3-km-2-2-kw-260-l-min-50-l\/#breadcrumb","itemListElement":[{"@type":"ListItem","position":1,"name":"Strona g\u0142\u00f3wna","item":"https:\/\/spawlab.pl\/en\/"},{"@type":"ListItem","position":2,"name":"Store","item":"https:\/\/spawlab.pl\/en\/shop\/"},{"@type":"ListItem","position":3,"name":"Airpress Kompresor dwut\u0142okowy HL 425-50 8 bar 3 KM\/2.2 kW 260 l\/min 50 l"}]},{"@type":"WebSite","@id":"https:\/\/spawlab.pl\/en\/#website","url":"https:\/\/spawlab.pl\/en\/","name":"Spawlab.pl Lider - Spawarki, Przecinarki Plazmowe, Kompresory","description":"Urz\u0105dzenia spawalnicze i Przecinarki plazmowe\/ nowe i u\u017cywane \/ Profesjonalny serwis","publisher":{"@id":"https:\/\/spawlab.pl\/en\/#organization"},"alternateName":"Spawlab.pl - Dystrybutor Premium i Serwis na Polske Migatronic, Gys, Voestalpine Bohler Welding","potentialAction":[{"@type":"SearchAction","target":{"@type":"EntryPoint","urlTemplate":"https:\/\/spawlab.pl\/en\/?s={search_term_string}"},"query-input":{"@type":"PropertyValueSpecification","valueRequired":true,"valueName":"search_term_string"}}],"inLanguage":"en-US"},{"@type":["Organization","Place"],"@id":"https:\/\/spawlab.pl\/en\/#organization","name":"Spawlab.pl","url":"https:\/\/spawlab.pl\/en\/","logo":{"@id":"https:\/\/spawlab.pl\/en\/produkt\/airpress-kompresor-dwutlokowy-hl-425-50-8-bar-3-km-2-2-kw-260-l-min-50-l\/#local-main-organization-logo"},"image":{"@id":"https:\/\/spawlab.pl\/en\/produkt\/airpress-kompresor-dwutlokowy-hl-425-50-8-bar-3-km-2-2-kw-260-l-min-50-l\/#local-main-organization-logo"},"sameAs":["https:\/\/www.facebook.com\/Spawlab\/","https:\/\/www.linkedin.com\/company\/spawlab","https:\/\/www.instagram.com\/spawlab.pl","https:\/\/www.tiktok.com\/@spawlab"],"description":"Lider sprzeda\u017cy, Oficjalny Dystrybutor Premium i Serwis na Polsk\u0119 Migatronic, Gys, Voestalpine Bohler Welding. Nowe i u\u017cywane Spawarki, Przecinarki Plazmowe, Kompresory. Mgr in\u017c. Jaros\u0142aw Ko\u0142aski, IWE","hasMerchantReturnPolicy":{"@type":"MerchantReturnPolicy","merchantReturnLink":"https:\/\/spawlab.pl\/polityka-prywatnosci-2\/"},"telephone":[],"openingHoursSpecification":[{"@type":"OpeningHoursSpecification","dayOfWeek":["Monday","Tuesday","Wednesday","Thursday","Friday","Saturday","Sunday"],"opens":"09:00","closes":"17:00"}]},{"@type":"ImageObject","inLanguage":"en-US","@id":"https:\/\/spawlab.pl\/en\/produkt\/airpress-kompresor-dwutlokowy-hl-425-50-8-bar-3-km-2-2-kw-260-l-min-50-l\/#local-main-organization-logo","url":"https:\/\/spawlab.pl\/wp-content\/uploads\/2022\/01\/olx.jpg","contentUrl":"https:\/\/spawlab.pl\/wp-content\/uploads\/2022\/01\/olx.jpg","width":200,"height":200,"caption":"Spawlab.pl"}]},"product_price_amount":"977.85","product_price_currency":"PLN","og_availability":"instock","product_availability":"instock","product_retailer_item_id":"36843","product_condition":"new"},"_links":{"self":[{"href":"https:\/\/spawlab.pl\/en\/wp-json\/wp\/v2\/product\/81710","targetHints":{"allow":["GET"]}}],"collection":[{"href":"https:\/\/spawlab.pl\/en\/wp-json\/wp\/v2\/product"}],"about":[{"href":"https:\/\/spawlab.pl\/en\/wp-json\/wp\/v2\/types\/product"}],"wp:featuredmedia":[{"embeddable":true,"href":"https:\/\/spawlab.pl\/en\/wp-json\/wp\/v2\/media\/81711"}],"wp:attachment":[{"href":"https:\/\/spawlab.pl\/en\/wp-json\/wp\/v2\/media?parent=81710"}],"wp:term":[{"taxonomy":"product_brand","embeddable":true,"href":"https:\/\/spawlab.pl\/en\/wp-json\/wp\/v2\/product_brand?post=81710"},{"taxonomy":"product_cat","embeddable":true,"href":"https:\/\/spawlab.pl\/en\/wp-json\/wp\/v2\/product_cat?post=81710"},{"taxonomy":"product_tag","embeddable":true,"href":"https:\/\/spawlab.pl\/en\/wp-json\/wp\/v2\/product_tag?post=81710"}],"curies":[{"name":"wp","href":"https:\/\/api.w.org\/{rel}","templated":true}]}}