{"id":81897,"date":"2026-01-27T14:25:20","date_gmt":"2026-01-27T13:25:20","guid":{"rendered":"https:\/\/spawlab.pl\/?post_type=product&#038;p=81897"},"modified":"2026-01-27T14:25:21","modified_gmt":"2026-01-27T13:25:21","slug":"migatronic-przecinarka-plazmowa-zeta-100-80600230","status":"publish","type":"product","link":"https:\/\/spawlab.pl\/en\/produkt\/migatronic-przecinarka-plazmowa-zeta-100-80600230\/","title":{"rendered":"Migatronic Przecinarka Plazmowa Zeta 100 &#8211; 80600230"},"content":{"rendered":"<div style=\"font-family: Arial, sans-serif;line-height: 1.6;color: #333333\">\n<div style=\"background-color: #f5f5f5;border-left: 5px solid #1E6146;padding: 15px 20px;margin-bottom: 25px;text-align: center\">\n<p style=\"margin: 0;font-size: 16px;color: #333333\"><b>Oficjalny Dystrybutor i Autoryzowany Serwis Migatronic w Polsce<\/b><\/p>\n<\/div>\n<div style=\"border: 1px solid #e0e0e0;border-top: 5px solid #1E6146;padding: 25px;margin-bottom: 30px;background-color: #ffffff\">\n<h2 style=\"text-align: center;color: #333333;font-family: Arial, sans-serif;font-size: 28px;margin-top: 0;margin-bottom: 15px\">Migatronic Przecinarka Plazmowa Zeta 100 &#8211; 80600230<\/h2>\n<p style=\"font-size: 18px;text-align: center;color: #555555;margin-bottom: 20px\">Migatronic Zeta 100 to nie jest kolejna przecinarka plazmowa w Twoim warsztacie. To strategiczna inwestycja w moc, wszechstronno\u015b\u0107 i wydajno\u015b\u0107, zaprojektowana z my\u015bl\u0105 o profesjonalistach, dla kt\u00f3rych liczy si\u0119 ka\u017cda minuta pracy i ka\u017cdy milimetr precyzji. Stworzona do najci\u0119\u017cszych zada\u0144 w przemy\u015ble, konstrukcjach stalowych i zaawansowanych pracach naprawczych, Zeta 100 podwaja wydajno\u015b\u0107 ci\u0119cia w stosunku do standardowych urz\u0105dze\u0144 i dodaje do arsena\u0142u unikaln\u0105 funkcj\u0119 precyzyjnego \u017c\u0142obienia.<\/p>\n<p>Zapomnij o kompromisach. Dzi\u0119ki pot\u0119\u017cnemu \u017ar\u00f3d\u0142u pr\u0105du 100 A, Zeta 100 bez wysi\u0142ku radzi sobie z ci\u0119ciem jako\u015bciowym materia\u0142\u00f3w o grubo\u015bci do 25 mm i rozdzielaj\u0105cym do 35 mm. To oznacza, \u017ce grube blachy, ci\u0119\u017ckie profile i belki konstrukcyjne staj\u0105 si\u0119 \u0142atwym zadaniem, a nie wyzwaniem logistycznym. Wybieraj\u0105c Zeta 100, inwestujesz w maszyn\u0119, kt\u00f3ra nie tylko przyspieszy bie\u017c\u0105ce procesy, ale r\u00f3wnie\u017c otworzy przed Twoj\u0105 firm\u0105 nowe mo\u017cliwo\u015bci w zakresie zaawansowanych napraw i regeneracji, bezpo\u015brednio wp\u0142ywaj\u0105c na rentowno\u015b\u0107 Twojego biznesu.<\/p>\n<\/div>\n<h3 style=\"font-family: Arial, sans-serif;font-size: 24px;color: #333333;border-bottom: 3px solid #1E6146;padding-bottom: 10px;margin-top: 40px;margin-bottom: 20px\">Kluczowe Technologie i Funkcje<\/h3>\n<div style=\"border: 1px solid #ddd;border-radius: 5px;overflow: hidden\">\n<details style=\"border-bottom: 1px solid #ddd;margin: 0\" open>\n<summary style=\"display: block;padding: 15px 20px;background-color: #f9f9f9;cursor: pointer;font-weight: bold;font-size: 18px;color: #333333\"><span style=\"color: #1E6146;font-size: 22px;vertical-align: middle\">\ud83d\udee0\ufe0f<\/span> \u017b\u0142obienie Precyzyjne (Fine Gouging)<\/summary>\n<div style=\"padding: 20px;background-color: #ffffff\">\n<p style=\"margin:0;padding:0;color:#333333;font-family: Arial, sans-serif\">Ta wysoce specjalistyczna funkcja, dost\u0119pna standardowo w modelu Zeta 100, przekszta\u0142ca przecinark\u0119 w precyzyjne narz\u0119dzie do prac naprawczych i regeneracyjnych. Technologia \u017c\u0142obienia umo\u017cliwia szybkie i kontrolowane usuwanie uszkodzonego materia\u0142u, starych spoin czy wad odlewniczych bez naruszania struktury bazowej elementu. Jest to kluczowa technologia pozwalaj\u0105ca na przygotowanie powierzchni do ponownego spawania z chirurgiczn\u0105 dok\u0142adno\u015bci\u0105. Dzi\u0119ki tej funkcji Twoja firma zyskuje strategiczn\u0105 przewag\u0119 konkurencyjn\u0105, oferuj\u0105c zaawansowane us\u0142ugi naprawcze. Zamiast wymienia\u0107 drogie komponenty, mo\u017cesz je efektywnie regenerowa\u0107, co znacz\u0105co obni\u017ca koszty i skraca czas przestoju. To rozwi\u0105zanie dedykowane dla najbardziej wymagaj\u0105cych sektor\u00f3w przemys\u0142u.<\/p>\n<\/div>\n<\/details>\n<\/div>\n<h3 style=\"font-family: Arial, sans-serif;font-size: 24px;color: #333333;border-bottom: 3px solid #1E6146;padding-bottom: 10px;margin-top: 40px;margin-bottom: 20px\">Dane Techniczne w Pigu\u0142ce<\/h3>\n<table style=\"width: 100%;border-collapse: collapse;margin-bottom: 30px\">\n<thead>\n<tr style=\"background-color: #1E6146;color: #FFFFFF\">\n<th style=\"padding: 12px;text-align: left;font-family: Arial, sans-serif\">Cecha<\/th>\n<th style=\"padding: 12px;text-align: left;font-family: Arial, sans-serif\">Specyfikacja<\/th>\n<\/tr>\n<\/thead>\n<tbody>\n<tr style=\"background-color: #ffffff\">\n<td style=\"padding: 12px;border: 1px solid #ddd;color: #333333\"><b>**Procesy<\/b><\/td>\n<td style=\"padding: 12px;border: 1px solid #ddd;color: #333333\">** Ci\u0119cie plazmowe, \u017b\u0142obienie precyzyjne<\/td>\n<\/tr>\n<tr style=\"background-color: #dde7e3\">\n<td style=\"padding: 12px;border: 1px solid #ddd;color: #333333\"><b>**Zakres pr\u0105du<\/b><\/td>\n<td style=\"padding: 12px;border: 1px solid #ddd;color: #333333\">** 20 &#8211; 100 A<\/td>\n<\/tr>\n<tr style=\"background-color: #ffffff\">\n<td style=\"padding: 12px;border: 1px solid #ddd;color: #333333\"><b>**Ci\u0119cie jako\u015bciowe<\/b><\/td>\n<td style=\"padding: 12px;border: 1px solid #ddd;color: #333333\">** do 25 mm<\/td>\n<\/tr>\n<tr style=\"background-color: #dde7e3\">\n<td style=\"padding: 12px;border: 1px solid #ddd;color: #333333\"><b>**Ci\u0119cie rozdzielaj\u0105ce<\/b><\/td>\n<td style=\"padding: 12px;border: 1px solid #ddd;color: #333333\">** do 35 mm<\/td>\n<\/tr>\n<tr style=\"background-color: #ffffff\">\n<td style=\"padding: 12px;border: 1px solid #ddd;color: #333333\"><b>**Cykl pracy (100%)<\/b><\/td>\n<td style=\"padding: 12px;border: 1px solid #ddd;color: #333333\">** 75 A<\/td>\n<\/tr>\n<tr style=\"background-color: #dde7e3\">\n<td style=\"padding: 12px;border: 1px solid #ddd;color: #333333\"><b>**Cykl pracy (40%)<\/b><\/td>\n<td style=\"padding: 12px;border: 1px solid #ddd;color: #333333\">** 100 A<\/td>\n<\/tr>\n<tr style=\"background-color: #ffffff\">\n<td style=\"padding: 12px;border: 1px solid #ddd;color: #333333\"><b>**Zabezpieczenie sieciowe<\/b><\/td>\n<td style=\"padding: 12px;border: 1px solid #ddd;color: #333333\">** 20 A (typ C)<\/td>\n<\/tr>\n<tr style=\"background-color: #dde7e3\">\n<td style=\"padding: 12px;border: 1px solid #ddd;color: #333333\"><b>**Obs\u0142ugiwane materia\u0142y<\/b><\/td>\n<td style=\"padding: 12px;border: 1px solid #ddd;color: #333333\">** Wszystkie metale przewodz\u0105ce pr\u0105d (m.in. stal czarna, stal nierdzewna, aluminium)<\/td>\n<\/tr>\n<tr style=\"background-color: #ffffff\">\n<td style=\"padding: 12px;border: 1px solid #ddd;color: #333333\"><b>**Waga<\/b><\/td>\n<td style=\"padding: 12px;border: 1px solid #ddd;color: #333333\">** 36 kg<\/td>\n<\/tr>\n<tr style=\"background-color: #dde7e3\">\n<td style=\"padding: 12px;border: 1px solid #ddd;color: #333333\"><b>**Wymiary (D\u0142. x Szer. x Wys.)<\/b><\/td>\n<td style=\"padding: 12px;border: 1px solid #ddd;color: #333333\">** 405 x 345 x 675 mm<\/td>\n<\/tr>\n<\/tbody>\n<\/table>\n<h3 style=\"font-family: Arial, sans-serif;font-size: 24px;color: #333333;border-bottom: 3px solid #1E6146;padding-bottom: 10px;margin-top: 40px;margin-bottom: 20px\">Co Otrzymujesz w Zestawie?<\/h3>\n<p style=\"color: #333333;font-family: Arial, sans-serif\">Standardowy zestaw Migatronic Zeta 100 zawiera \u017ar\u00f3d\u0142o pr\u0105du i przew\u00f3d masowy. Pozosta\u0142e komponenty, jak uchwyty plazmowe, w\u00f3zek transportowy, cyrkiel czy prowadnice rolkowe, s\u0105 dobierane indywidualnie w zale\u017cno\u015bci od specyfiki zastosowa\u0144. Skontaktuj si\u0119 z nami w celu konfiguracji optymalnego zestawu, dopasowanego do Twoich potrzeb produkcyjnych.<\/p>\n<div style=\"text-align: center;margin-top: 40px;padding: 20px;background-color: #f5f5f5;border-top: 3px solid #1E6146\">\n<p style=\"font-size: 18px;margin: 0;color: #333333;font-family: Arial, sans-serif\">Migatronic Zeta 100 to bezkompromisowe rozwi\u0105zanie dla Twojej firmy. To po\u0142\u0105czenie surowej mocy, niezb\u0119dnej do ci\u0119cia grubych materia\u0142\u00f3w, z finezj\u0105 technologii \u017c\u0142obienia, kt\u00f3ra otwiera nowe mo\u017cliwo\u015bci w zakresie zaawansowanych napraw. Ka\u017cdy aspekt tego urz\u0105dzenia zosta\u0142 zaprojektowany, aby maksymalizowa\u0107 Twoj\u0105 wydajno\u015b\u0107 i obni\u017ca\u0107 koszty operacyjne \u2013 od imponuj\u0105cego cyklu pracy po inteligentne funkcje. Przesta\u0144 adaptowa\u0107 narz\u0119dzia do zada\u0144. Zainwestuj w maszyn\u0119, kt\u00f3ra zosta\u0142a stworzona, by dominowa\u0107 w najtrudniejszych warunkach przemys\u0142owych. Skontaktuj si\u0119 z naszym ekspertem i dowiedz si\u0119, jak Zeta 100 mo\u017ce zrewolucjonizowa\u0107 Tw\u00f3j proces produkcyjny.<\/p>\n<\/div>\n<\/div>\n","protected":false},"excerpt":{"rendered":"<p>Pot\u0119\u017cna przecinarka plazmowa Migatronic Zeta 100 (100A) z funkcj\u0105 \u017c\u0142obienia. Ci\u0119cie jako\u015bciowe do 25mm stali. Niezawodno\u015b\u0107 dla przemys\u0142u.<\/p>\n","protected":false},"featured_media":69037,"template":"","meta":{"inline_featured_image":false},"product_brand":[822],"product_cat":[741,16,34],"product_tag":[22358,25504,22976,24583,22328,25515,22982,29209,27883,22977,22975,2040,827,2048,1573],"class_list":{"0":"post-81897","1":"product","2":"type-product","3":"status-publish","4":"has-post-thumbnail","6":"product_brand-migatronic","7":"product_cat-migatronic-55","8":"product_cat-nowe","9":"product_cat-przecinarki-plazmowe","10":"product_tag-22358","11":"product_tag-dla","12":"product_tag-plazmowa","13":"product_tag-plazmowe","14":"product_tag-spawalnicze","15":"product_tag-sprzet","16":"product_tag-stali","17":"product_tag-urzadzenia","18":"product_tag-warsztatu","19":"product_tag-zeta","20":"product_tag-przecinarka","21":"product_tag-ciecie","22":"product_tag-migatronic","23":"product_tag-plazma","24":"product_tag-zlobienie","25":"ep-can-popup","27":"first","28":"onbackorder","29":"taxable","30":"shipping-taxable","31":"purchasable","32":"product-type-simple"},"yoast_head":"<!-- This site is optimized with the Yoast SEO Premium plugin v27.5 (Yoast SEO v27.6) - https:\/\/yoast.com\/product\/yoast-seo-premium-wordpress\/ -->\n<title>Migatronic Przecinarka Plazmowa Zeta 100 - 80600230<\/title>\n<meta name=\"description\" content=\"Pot\u0119\u017cna przecinarka plazmowa Migatronic Zeta 100 (100A) z funkcj\u0105 \u017c\u0142obienia. Ci\u0119cie jako\u015bciowe do 25mm stali. Niezawodno\u015b\u0107 dla przemys\u0142u.\" \/>\n<meta name=\"robots\" content=\"index, follow, max-snippet:-1, max-image-preview:large, max-video-preview:-1\" \/>\n<link rel=\"canonical\" href=\"https:\/\/spawlab.pl\/en\/produkt\/migatronic-przecinarka-plazmowa-zeta-100-80600230\/\" \/>\n<meta property=\"og:locale\" content=\"en_US\" \/>\n<meta property=\"og:type\" content=\"article\" \/>\n<meta property=\"og:title\" content=\"Migatronic Przecinarka Plazmowa Zeta 100 - 80600230\" \/>\n<meta property=\"og:description\" content=\"Lider sprzeda\u017cy, Oficjalny Dystrybutor Premium i Serwis na Polsk\u0119 Migatronic, Gys, Voestalpine Bohler Welding. Nowe i u\u017cywane Spawarki, Przecinarki Plazmowe, Kompresory. Mgr in\u017c. Jaros\u0142aw Ko\u0142aski, IWE\" \/>\n<meta property=\"og:url\" content=\"https:\/\/spawlab.pl\/en\/produkt\/migatronic-przecinarka-plazmowa-zeta-100-80600230\/\" \/>\n<meta property=\"og:site_name\" content=\"SpawLab - Welding equipment and plasma cutters - store and service\" \/>\n<meta property=\"article:publisher\" content=\"https:\/\/www.facebook.com\/Spawlab\/\" \/>\n<meta property=\"article:modified_time\" content=\"2026-01-27T13:25:21+00:00\" \/>\n<meta property=\"og:image\" content=\"https:\/\/spawlab.pl\/wp-content\/uploads\/2025\/12\/80600230.jpg\" \/>\n\t<meta property=\"og:image:width\" content=\"500\" \/>\n\t<meta property=\"og:image:height\" content=\"500\" \/>\n\t<meta property=\"og:image:type\" content=\"image\/jpeg\" \/>\n<meta name=\"twitter:label1\" content=\"Price\" \/>\n\t<meta name=\"twitter:data1\" content=\"3 384,43&nbsp;&#122;&#322; (2 751,57&nbsp;&#122;&#322; netto)\" \/>\n\t<meta name=\"twitter:label2\" content=\"Availability\" \/>\n\t<meta name=\"twitter:data2\" content=\"On backorder\" \/>\n<script type=\"application\/ld+json\" class=\"yoast-schema-graph\">{\"@context\":\"https:\\\/\\\/schema.org\",\"@graph\":[{\"@type\":[\"WebPage\",\"ItemPage\"],\"@id\":\"https:\\\/\\\/spawlab.pl\\\/en\\\/produkt\\\/migatronic-przecinarka-plazmowa-zeta-100-80600230\\\/\",\"url\":\"https:\\\/\\\/spawlab.pl\\\/en\\\/produkt\\\/migatronic-przecinarka-plazmowa-zeta-100-80600230\\\/\",\"name\":\"Migatronic Przecinarka Plazmowa Zeta 100 - 80600230\",\"isPartOf\":{\"@id\":\"https:\\\/\\\/spawlab.pl\\\/en\\\/#website\"},\"primaryImageOfPage\":{\"@id\":\"https:\\\/\\\/spawlab.pl\\\/en\\\/produkt\\\/migatronic-przecinarka-plazmowa-zeta-100-80600230\\\/#primaryimage\"},\"image\":{\"@id\":\"https:\\\/\\\/spawlab.pl\\\/en\\\/produkt\\\/migatronic-przecinarka-plazmowa-zeta-100-80600230\\\/#primaryimage\"},\"thumbnailUrl\":\"https:\\\/\\\/spawlab.pl\\\/wp-content\\\/uploads\\\/2025\\\/12\\\/80600230.jpg\",\"datePublished\":\"2026-01-27T13:25:20+00:00\",\"dateModified\":\"2026-01-27T13:25:21+00:00\",\"description\":\"Pot\u0119\u017cna przecinarka plazmowa Migatronic Zeta 100 (100A) z funkcj\u0105 \u017c\u0142obienia. Ci\u0119cie jako\u015bciowe do 25mm stali. Niezawodno\u015b\u0107 dla przemys\u0142u.\",\"breadcrumb\":{\"@id\":\"https:\\\/\\\/spawlab.pl\\\/en\\\/produkt\\\/migatronic-przecinarka-plazmowa-zeta-100-80600230\\\/#breadcrumb\"},\"inLanguage\":\"en-US\",\"potentialAction\":[{\"@type\":\"ReadAction\",\"target\":[\"https:\\\/\\\/spawlab.pl\\\/en\\\/produkt\\\/migatronic-przecinarka-plazmowa-zeta-100-80600230\\\/\"]}]},{\"@type\":\"ImageObject\",\"inLanguage\":\"en-US\",\"@id\":\"https:\\\/\\\/spawlab.pl\\\/en\\\/produkt\\\/migatronic-przecinarka-plazmowa-zeta-100-80600230\\\/#primaryimage\",\"url\":\"https:\\\/\\\/spawlab.pl\\\/wp-content\\\/uploads\\\/2025\\\/12\\\/80600230.jpg\",\"contentUrl\":\"https:\\\/\\\/spawlab.pl\\\/wp-content\\\/uploads\\\/2025\\\/12\\\/80600230.jpg\",\"width\":500,\"height\":500},{\"@type\":\"BreadcrumbList\",\"@id\":\"https:\\\/\\\/spawlab.pl\\\/en\\\/produkt\\\/migatronic-przecinarka-plazmowa-zeta-100-80600230\\\/#breadcrumb\",\"itemListElement\":[{\"@type\":\"ListItem\",\"position\":1,\"name\":\"Strona g\u0142\u00f3wna\",\"item\":\"https:\\\/\\\/spawlab.pl\\\/en\\\/\"},{\"@type\":\"ListItem\",\"position\":2,\"name\":\"Store\",\"item\":\"https:\\\/\\\/spawlab.pl\\\/en\\\/shop\\\/\"},{\"@type\":\"ListItem\",\"position\":3,\"name\":\"Migatronic Przecinarka Plazmowa Zeta 100 - 80600230\"}]},{\"@type\":\"WebSite\",\"@id\":\"https:\\\/\\\/spawlab.pl\\\/en\\\/#website\",\"url\":\"https:\\\/\\\/spawlab.pl\\\/en\\\/\",\"name\":\"Spawlab.pl Lider - Spawarki, Przecinarki Plazmowe, Kompresory\",\"description\":\"Urz\u0105dzenia spawalnicze i Przecinarki plazmowe\\\/ nowe i u\u017cywane \\\/ Profesjonalny serwis\",\"publisher\":{\"@id\":\"https:\\\/\\\/spawlab.pl\\\/en\\\/#organization\"},\"alternateName\":\"Spawlab.pl - Dystrybutor Premium i Serwis na Polske Migatronic, Gys, Voestalpine Bohler Welding\",\"potentialAction\":[{\"@type\":\"SearchAction\",\"target\":{\"@type\":\"EntryPoint\",\"urlTemplate\":\"https:\\\/\\\/spawlab.pl\\\/en\\\/?s={search_term_string}\"},\"query-input\":{\"@type\":\"PropertyValueSpecification\",\"valueRequired\":true,\"valueName\":\"search_term_string\"}}],\"inLanguage\":\"en-US\"},{\"@type\":[\"Organization\",\"Place\"],\"@id\":\"https:\\\/\\\/spawlab.pl\\\/en\\\/#organization\",\"name\":\"Spawlab.pl\",\"url\":\"https:\\\/\\\/spawlab.pl\\\/en\\\/\",\"logo\":{\"@id\":\"https:\\\/\\\/spawlab.pl\\\/en\\\/produkt\\\/migatronic-przecinarka-plazmowa-zeta-100-80600230\\\/#local-main-organization-logo\"},\"image\":{\"@id\":\"https:\\\/\\\/spawlab.pl\\\/en\\\/produkt\\\/migatronic-przecinarka-plazmowa-zeta-100-80600230\\\/#local-main-organization-logo\"},\"sameAs\":[\"https:\\\/\\\/www.facebook.com\\\/Spawlab\\\/\",\"https:\\\/\\\/www.linkedin.com\\\/company\\\/spawlab\",\"https:\\\/\\\/www.instagram.com\\\/spawlab.pl\",\"https:\\\/\\\/www.tiktok.com\\\/@spawlab\"],\"description\":\"Lider sprzeda\u017cy, Oficjalny Dystrybutor Premium i Serwis na Polsk\u0119 Migatronic, Gys, Voestalpine Bohler Welding. Nowe i u\u017cywane Spawarki, Przecinarki Plazmowe, Kompresory. Mgr in\u017c. Jaros\u0142aw Ko\u0142aski, IWE\",\"hasMerchantReturnPolicy\":{\"@type\":\"MerchantReturnPolicy\",\"merchantReturnLink\":\"https:\\\/\\\/spawlab.pl\\\/polityka-prywatnosci-2\\\/\"},\"telephone\":[],\"openingHoursSpecification\":[{\"@type\":\"OpeningHoursSpecification\",\"dayOfWeek\":[\"Monday\",\"Tuesday\",\"Wednesday\",\"Thursday\",\"Friday\",\"Saturday\",\"Sunday\"],\"opens\":\"09:00\",\"closes\":\"17:00\"}]},{\"@type\":\"ImageObject\",\"inLanguage\":\"en-US\",\"@id\":\"https:\\\/\\\/spawlab.pl\\\/en\\\/produkt\\\/migatronic-przecinarka-plazmowa-zeta-100-80600230\\\/#local-main-organization-logo\",\"url\":\"https:\\\/\\\/spawlab.pl\\\/wp-content\\\/uploads\\\/2022\\\/01\\\/olx.jpg\",\"contentUrl\":\"https:\\\/\\\/spawlab.pl\\\/wp-content\\\/uploads\\\/2022\\\/01\\\/olx.jpg\",\"width\":200,\"height\":200,\"caption\":\"Spawlab.pl\"}]}<\/script>\n<meta property=\"product:brand\" content=\"Migatronic\" \/>\n<meta property=\"product:price:amount\" content=\"3384.43\" \/>\n<meta property=\"product:price:currency\" content=\"PLN\" \/>\n<meta property=\"og:availability\" content=\"backorder\" \/>\n<meta property=\"product:availability\" content=\"available for order\" \/>\n<meta property=\"product:retailer_item_id\" content=\"80600230\" \/>\n<meta property=\"product:condition\" content=\"new\" \/>\n<!-- \/ Yoast SEO Premium plugin. -->","yoast_head_json":{"title":"Migatronic Przecinarka Plazmowa Zeta 100 - 80600230","description":"Pot\u0119\u017cna przecinarka plazmowa Migatronic Zeta 100 (100A) z funkcj\u0105 \u017c\u0142obienia. Ci\u0119cie jako\u015bciowe do 25mm stali. Niezawodno\u015b\u0107 dla przemys\u0142u.","robots":{"index":"index","follow":"follow","max-snippet":"max-snippet:-1","max-image-preview":"max-image-preview:large","max-video-preview":"max-video-preview:-1"},"canonical":"https:\/\/spawlab.pl\/en\/produkt\/migatronic-przecinarka-plazmowa-zeta-100-80600230\/","og_locale":"en_US","og_type":"article","og_title":"Migatronic Przecinarka Plazmowa Zeta 100 - 80600230","og_description":"Lider sprzeda\u017cy, Oficjalny Dystrybutor Premium i Serwis na Polsk\u0119 Migatronic, Gys, Voestalpine Bohler Welding. Nowe i u\u017cywane Spawarki, Przecinarki Plazmowe, Kompresory. Mgr in\u017c. Jaros\u0142aw Ko\u0142aski, IWE","og_url":"https:\/\/spawlab.pl\/en\/produkt\/migatronic-przecinarka-plazmowa-zeta-100-80600230\/","og_site_name":"SpawLab - Welding equipment and plasma cutters - store and service","article_publisher":"https:\/\/www.facebook.com\/Spawlab\/","article_modified_time":"2026-01-27T13:25:21+00:00","og_image":[{"width":500,"height":500,"url":"https:\/\/spawlab.pl\/wp-content\/uploads\/2025\/12\/80600230.jpg","type":"image\/jpeg"}],"twitter_misc":{"Price":"3 384,43&nbsp;&#122;&#322; (2 751,57&nbsp;&#122;&#322; netto)","Availability":"On backorder"},"schema":{"@context":"https:\/\/schema.org","@graph":[{"@type":["WebPage","ItemPage"],"@id":"https:\/\/spawlab.pl\/en\/produkt\/migatronic-przecinarka-plazmowa-zeta-100-80600230\/","url":"https:\/\/spawlab.pl\/en\/produkt\/migatronic-przecinarka-plazmowa-zeta-100-80600230\/","name":"Migatronic Przecinarka Plazmowa Zeta 100 - 80600230","isPartOf":{"@id":"https:\/\/spawlab.pl\/en\/#website"},"primaryImageOfPage":{"@id":"https:\/\/spawlab.pl\/en\/produkt\/migatronic-przecinarka-plazmowa-zeta-100-80600230\/#primaryimage"},"image":{"@id":"https:\/\/spawlab.pl\/en\/produkt\/migatronic-przecinarka-plazmowa-zeta-100-80600230\/#primaryimage"},"thumbnailUrl":"https:\/\/spawlab.pl\/wp-content\/uploads\/2025\/12\/80600230.jpg","datePublished":"2026-01-27T13:25:20+00:00","dateModified":"2026-01-27T13:25:21+00:00","description":"Pot\u0119\u017cna przecinarka plazmowa Migatronic Zeta 100 (100A) z funkcj\u0105 \u017c\u0142obienia. Ci\u0119cie jako\u015bciowe do 25mm stali. Niezawodno\u015b\u0107 dla przemys\u0142u.","breadcrumb":{"@id":"https:\/\/spawlab.pl\/en\/produkt\/migatronic-przecinarka-plazmowa-zeta-100-80600230\/#breadcrumb"},"inLanguage":"en-US","potentialAction":[{"@type":"ReadAction","target":["https:\/\/spawlab.pl\/en\/produkt\/migatronic-przecinarka-plazmowa-zeta-100-80600230\/"]}]},{"@type":"ImageObject","inLanguage":"en-US","@id":"https:\/\/spawlab.pl\/en\/produkt\/migatronic-przecinarka-plazmowa-zeta-100-80600230\/#primaryimage","url":"https:\/\/spawlab.pl\/wp-content\/uploads\/2025\/12\/80600230.jpg","contentUrl":"https:\/\/spawlab.pl\/wp-content\/uploads\/2025\/12\/80600230.jpg","width":500,"height":500},{"@type":"BreadcrumbList","@id":"https:\/\/spawlab.pl\/en\/produkt\/migatronic-przecinarka-plazmowa-zeta-100-80600230\/#breadcrumb","itemListElement":[{"@type":"ListItem","position":1,"name":"Strona g\u0142\u00f3wna","item":"https:\/\/spawlab.pl\/en\/"},{"@type":"ListItem","position":2,"name":"Store","item":"https:\/\/spawlab.pl\/en\/shop\/"},{"@type":"ListItem","position":3,"name":"Migatronic Przecinarka Plazmowa Zeta 100 - 80600230"}]},{"@type":"WebSite","@id":"https:\/\/spawlab.pl\/en\/#website","url":"https:\/\/spawlab.pl\/en\/","name":"Spawlab.pl Lider - Spawarki, Przecinarki Plazmowe, Kompresory","description":"Urz\u0105dzenia spawalnicze i Przecinarki plazmowe\/ nowe i u\u017cywane \/ Profesjonalny serwis","publisher":{"@id":"https:\/\/spawlab.pl\/en\/#organization"},"alternateName":"Spawlab.pl - Dystrybutor Premium i Serwis na Polske Migatronic, Gys, Voestalpine Bohler Welding","potentialAction":[{"@type":"SearchAction","target":{"@type":"EntryPoint","urlTemplate":"https:\/\/spawlab.pl\/en\/?s={search_term_string}"},"query-input":{"@type":"PropertyValueSpecification","valueRequired":true,"valueName":"search_term_string"}}],"inLanguage":"en-US"},{"@type":["Organization","Place"],"@id":"https:\/\/spawlab.pl\/en\/#organization","name":"Spawlab.pl","url":"https:\/\/spawlab.pl\/en\/","logo":{"@id":"https:\/\/spawlab.pl\/en\/produkt\/migatronic-przecinarka-plazmowa-zeta-100-80600230\/#local-main-organization-logo"},"image":{"@id":"https:\/\/spawlab.pl\/en\/produkt\/migatronic-przecinarka-plazmowa-zeta-100-80600230\/#local-main-organization-logo"},"sameAs":["https:\/\/www.facebook.com\/Spawlab\/","https:\/\/www.linkedin.com\/company\/spawlab","https:\/\/www.instagram.com\/spawlab.pl","https:\/\/www.tiktok.com\/@spawlab"],"description":"Lider sprzeda\u017cy, Oficjalny Dystrybutor Premium i Serwis na Polsk\u0119 Migatronic, Gys, Voestalpine Bohler Welding. Nowe i u\u017cywane Spawarki, Przecinarki Plazmowe, Kompresory. Mgr in\u017c. Jaros\u0142aw Ko\u0142aski, IWE","hasMerchantReturnPolicy":{"@type":"MerchantReturnPolicy","merchantReturnLink":"https:\/\/spawlab.pl\/polityka-prywatnosci-2\/"},"telephone":[],"openingHoursSpecification":[{"@type":"OpeningHoursSpecification","dayOfWeek":["Monday","Tuesday","Wednesday","Thursday","Friday","Saturday","Sunday"],"opens":"09:00","closes":"17:00"}]},{"@type":"ImageObject","inLanguage":"en-US","@id":"https:\/\/spawlab.pl\/en\/produkt\/migatronic-przecinarka-plazmowa-zeta-100-80600230\/#local-main-organization-logo","url":"https:\/\/spawlab.pl\/wp-content\/uploads\/2022\/01\/olx.jpg","contentUrl":"https:\/\/spawlab.pl\/wp-content\/uploads\/2022\/01\/olx.jpg","width":200,"height":200,"caption":"Spawlab.pl"}]},"product_brand":"Migatronic","product_price_amount":"3384.43","product_price_currency":"PLN","og_availability":"backorder","product_availability":"available for order","product_retailer_item_id":"80600230","product_condition":"new"},"_links":{"self":[{"href":"https:\/\/spawlab.pl\/en\/wp-json\/wp\/v2\/product\/81897","targetHints":{"allow":["GET"]}}],"collection":[{"href":"https:\/\/spawlab.pl\/en\/wp-json\/wp\/v2\/product"}],"about":[{"href":"https:\/\/spawlab.pl\/en\/wp-json\/wp\/v2\/types\/product"}],"wp:featuredmedia":[{"embeddable":true,"href":"https:\/\/spawlab.pl\/en\/wp-json\/wp\/v2\/media\/69037"}],"wp:attachment":[{"href":"https:\/\/spawlab.pl\/en\/wp-json\/wp\/v2\/media?parent=81897"}],"wp:term":[{"taxonomy":"product_brand","embeddable":true,"href":"https:\/\/spawlab.pl\/en\/wp-json\/wp\/v2\/product_brand?post=81897"},{"taxonomy":"product_cat","embeddable":true,"href":"https:\/\/spawlab.pl\/en\/wp-json\/wp\/v2\/product_cat?post=81897"},{"taxonomy":"product_tag","embeddable":true,"href":"https:\/\/spawlab.pl\/en\/wp-json\/wp\/v2\/product_tag?post=81897"}],"curies":[{"name":"wp","href":"https:\/\/api.w.org\/{rel}","templated":true}]}}