{"id":82447,"date":"2026-02-12T00:30:03","date_gmt":"2026-02-11T23:30:03","guid":{"rendered":"https:\/\/spawlab.pl\/produkt\/kompresor-srubowy-aps-20-ivr-combi-dry-x-10-bar-20-km-15-kw-820-2200-l-min-500-l\/"},"modified":"2026-04-05T00:05:11","modified_gmt":"2026-04-04T22:05:11","slug":"airpress-kompresor-srubowy-aps-20-ivr-combi-dry-x-10-bar-20-km-15-kw-820-2200-l-min-500-l","status":"publish","type":"product","link":"https:\/\/spawlab.pl\/en\/produkt\/airpress-kompresor-srubowy-aps-20-ivr-combi-dry-x-10-bar-20-km-15-kw-820-2200-l-min-500-l\/","title":{"rendered":"Airpress Kompresor \u015brubowy APS 20 IVR Combi Dry X 10 bar 20 KM\/15 kW 820 &#8211; 2200 l\/min 500 l"},"content":{"rendered":"<p><b> Kompresory \u015brubowe APS 20-500 IVR COMBI DRY X <\/b> to gotowe do u\u017cytku urz\u0105dzenia. <b>Osadzone na zbiorniku z osuszaczem<\/b> s\u0105 gotowe do wytwarzania spr\u0119zonego powietrza o przemys\u0142owej jako\u015bci do serwis\u00f3w samochodowych, zasilania si\u0142owni pneumatycznych czy te\u017c do piaskowania. Po zastosowaniu filtr\u00f3w dok\u0142adnych mog\u0105 z powodzeniem zasila\u0107 tak\u017ce lakiernie oraz systemy wymagaj\u0105ce lepszej klasy powietrza.<\/p>\n<h2> Kompresory \u015brubowe APS X NOWY STANDARD<\/h2>\n<p> W wyniku nieustannych nak\u0142ad\u00f3w na rozw\u00f3j technologii, Airpress przedstawia now\u0105 seri\u0119 kompresor\u00f3w \u015brubowych o mocy od 5,5 kW a\u017c do 37 kW. Seria APS X dost\u0119pna jest w wersji sta\u0142o- lub <b> zmiennobrotowej (IVR) <\/b>.<br \/>\nUrz\u0105dzenia od 15 kW dost\u0119pne s\u0105 r\u00f3wnie\u017c w wersji z dwustopniowym modu\u0142em \u015brubowym. Dzi\u0119ki temu zastosowaniu uzyskujemy znacznie wi\u0119ksz\u0105 wydajno\u015b\u0107 przy takim samym poborze mocy. W zale\u017cno\u015bci od potrzeb, maszyny zaprojektowano w wersji wolnostoj\u0105cej, osadzonej na zbiorniku oraz na zbiorniku ze zintegrowanym osuszaczem zi\u0119bniczym.<br \/>\nKompresory Serii X charakteryzuj\u0105 si\u0119 now\u0105 generacj\u0105 modu\u0142\u00f3w \u015brubowych. Zastosowano innowacyjny nap\u0119d bezpo\u015bredni dzi\u0119ki kt\u00f3remu uzyskano najwy\u017csz\u0105 mo\u017cliw\u0105 sprawno\u015b\u0107. Niezawodne, wydajne i \u0142atwe w u\u017cytkowaniu kompresory zapewniaj\u0105 bezproblemowe dzia\u0142anie przy minimalnych kosztach eksploatacji.<br \/>\nNowoczesne panele steruj\u0105ce pozwalaj\u0105 na sta\u0142e monitorowanie pracy oraz wprowadzanie zmian najwa\u017cniejszych parametr\u00f3w urz\u0105dzenia.<\/p>\n<h2>Potrzebujesz pomocy? Wype\u0142nij poni\u017cszy formularz, a my skontaktujemy si\u0119 z Tob\u0105!<\/h2>\n<p>{{widget type=&quot;PluginCompanyContactFormsBlockFormWidgetView&quot; form_id=&quot;55&quot; show_form_as=&quot;form&quot;}}<\/p>\n","protected":false},"excerpt":{"rendered":"<p>Kompresory \u015brubowe APS 20-500 IVR COMBI DRY X to gotowe do u\u017cytku urz\u0105dzenia. Osadzone na zbiorniku z osuszaczem s\u0105 gotowe do wytwarzania spr\u0119zonego powietrza o przemys\u0142owej jako\u015bci do serwis\u00f3w samochodowych, zasilania si\u0142owni pneumatycznych czy te\u017c do piaskowania. Po zastosowaniu filtr\u00f3w dok\u0142adnych mog\u0105 z powodzeniem zasila\u0107 tak\u017ce lakiernie oraz systemy wymagaj\u0105ce lepszej klasy powietrza. Kompresory \u015brubowe [&hellip;]<\/p>\n","protected":false},"featured_media":82448,"template":"","meta":{"inline_featured_image":false},"product_brand":[1038],"product_cat":[26025,1037,81,27909,16,343,3342],"product_tag":[],"class_list":{"0":"post-82447","1":"product","2":"type-product","3":"status-publish","4":"has-post-thumbnail","6":"product_brand-airpress","7":"product_cat-airpress","8":"product_cat-sprezarki-airpress","9":"product_cat-akcesoria-czesci","10":"product_cat-kompresory-srubowe","11":"product_cat-nowe","12":"product_cat-sprezarki-i-kompresory1","13":"product_cat-strefa-marki","14":"ep-can-popup","16":"first","17":"outofstock","18":"sale","19":"purchasable","20":"product-type-simple"},"yoast_head":"<!-- This site is optimized with the Yoast SEO Premium plugin v27.0 (Yoast SEO v27.3) - https:\/\/yoast.com\/product\/yoast-seo-premium-wordpress\/ -->\n<title>Airpress Kompresor \u015brubowy APS 20 IVR Combi Dry X 10 bar 20 KM\/15 kW 820 - 2200 l\/min 500 l - SpawLab - Welding equipment and plasma cutters - store and service<\/title>\n<meta name=\"description\" content=\"Lider sprzeda\u017cy, Oficjalny Dystrybutor Premium i Serwis na Polsk\u0119 Migatronic, Gys, Voestalpine Bohler Welding. Nowe i u\u017cywane Spawarki, Przecinarki Plazmowe, Kompresory. Mgr in\u017c. Jaros\u0142aw Ko\u0142aski, IWE\" \/>\n<meta name=\"robots\" content=\"index, follow, max-snippet:-1, max-image-preview:large, max-video-preview:-1\" \/>\n<link rel=\"canonical\" href=\"https:\/\/spawlab.pl\/en\/produkt\/airpress-kompresor-srubowy-aps-20-ivr-combi-dry-x-10-bar-20-km-15-kw-820-2200-l-min-500-l\/\" \/>\n<meta property=\"og:locale\" content=\"en_US\" \/>\n<meta property=\"og:type\" content=\"article\" \/>\n<meta property=\"og:title\" content=\"Airpress Kompresor \u015brubowy APS 20 IVR Combi Dry X 10 bar 20 KM\/15 kW 820 - 2200 l\/min 500 l\" \/>\n<meta property=\"og:description\" content=\"Lider sprzeda\u017cy, Oficjalny Dystrybutor Premium i Serwis na Polsk\u0119 Migatronic, Gys, Voestalpine Bohler Welding. Nowe i u\u017cywane Spawarki, Przecinarki Plazmowe, Kompresory. Mgr in\u017c. Jaros\u0142aw Ko\u0142aski, IWE\" \/>\n<meta property=\"og:url\" content=\"https:\/\/spawlab.pl\/en\/produkt\/airpress-kompresor-srubowy-aps-20-ivr-combi-dry-x-10-bar-20-km-15-kw-820-2200-l-min-500-l\/\" \/>\n<meta property=\"og:site_name\" content=\"SpawLab - Welding equipment and plasma cutters - store and service\" \/>\n<meta property=\"article:publisher\" content=\"https:\/\/www.facebook.com\/Spawlab\/\" \/>\n<meta property=\"article:modified_time\" content=\"2026-04-04T22:05:11+00:00\" \/>\n<meta property=\"og:image\" content=\"https:\/\/spawlab.pl\/wp-content\/uploads\/2025\/12\/369214-ivr_2d_0002.jpg\" \/>\n\t<meta property=\"og:image:width\" content=\"1000\" \/>\n\t<meta property=\"og:image:height\" content=\"1000\" \/>\n\t<meta property=\"og:image:type\" content=\"image\/jpeg\" \/>\n<meta name=\"twitter:label1\" content=\"Price\" \/>\n\t<meta name=\"twitter:data1\" content=\"29 900,00&nbsp;&#122;&#322;\" \/>\n\t<meta name=\"twitter:label2\" content=\"Availability\" \/>\n\t<meta name=\"twitter:data2\" content=\"Out of stock\" \/>\n<script type=\"application\/ld+json\" class=\"yoast-schema-graph\">{\"@context\":\"https:\\\/\\\/schema.org\",\"@graph\":[{\"@type\":[\"WebPage\",\"ItemPage\"],\"@id\":\"https:\\\/\\\/spawlab.pl\\\/en\\\/produkt\\\/airpress-kompresor-srubowy-aps-20-ivr-combi-dry-x-10-bar-20-km-15-kw-820-2200-l-min-500-l\\\/\",\"url\":\"https:\\\/\\\/spawlab.pl\\\/en\\\/produkt\\\/airpress-kompresor-srubowy-aps-20-ivr-combi-dry-x-10-bar-20-km-15-kw-820-2200-l-min-500-l\\\/\",\"name\":\"Airpress Kompresor \u015brubowy APS 20 IVR Combi Dry X 10 bar 20 KM\\\/15 kW 820 - 2200 l\\\/min 500 l - SpawLab - Welding equipment and plasma cutters - store and service\",\"isPartOf\":{\"@id\":\"https:\\\/\\\/spawlab.pl\\\/en\\\/#website\"},\"primaryImageOfPage\":{\"@id\":\"https:\\\/\\\/spawlab.pl\\\/en\\\/produkt\\\/airpress-kompresor-srubowy-aps-20-ivr-combi-dry-x-10-bar-20-km-15-kw-820-2200-l-min-500-l\\\/#primaryimage\"},\"image\":{\"@id\":\"https:\\\/\\\/spawlab.pl\\\/en\\\/produkt\\\/airpress-kompresor-srubowy-aps-20-ivr-combi-dry-x-10-bar-20-km-15-kw-820-2200-l-min-500-l\\\/#primaryimage\"},\"thumbnailUrl\":\"https:\\\/\\\/spawlab.pl\\\/wp-content\\\/uploads\\\/2025\\\/12\\\/369214-ivr_2d_0002.jpg\",\"datePublished\":\"2026-02-11T23:30:03+00:00\",\"dateModified\":\"2026-04-04T22:05:11+00:00\",\"description\":\"Lider sprzeda\u017cy, Oficjalny Dystrybutor Premium i Serwis na Polsk\u0119 Migatronic, Gys, Voestalpine Bohler Welding. Nowe i u\u017cywane Spawarki, Przecinarki Plazmowe, Kompresory. Mgr in\u017c. Jaros\u0142aw Ko\u0142aski, IWE\",\"breadcrumb\":{\"@id\":\"https:\\\/\\\/spawlab.pl\\\/en\\\/produkt\\\/airpress-kompresor-srubowy-aps-20-ivr-combi-dry-x-10-bar-20-km-15-kw-820-2200-l-min-500-l\\\/#breadcrumb\"},\"inLanguage\":\"en-US\",\"potentialAction\":[{\"@type\":\"ReadAction\",\"target\":[\"https:\\\/\\\/spawlab.pl\\\/en\\\/produkt\\\/airpress-kompresor-srubowy-aps-20-ivr-combi-dry-x-10-bar-20-km-15-kw-820-2200-l-min-500-l\\\/\"]}]},{\"@type\":\"ImageObject\",\"inLanguage\":\"en-US\",\"@id\":\"https:\\\/\\\/spawlab.pl\\\/en\\\/produkt\\\/airpress-kompresor-srubowy-aps-20-ivr-combi-dry-x-10-bar-20-km-15-kw-820-2200-l-min-500-l\\\/#primaryimage\",\"url\":\"https:\\\/\\\/spawlab.pl\\\/wp-content\\\/uploads\\\/2025\\\/12\\\/369214-ivr_2d_0002.jpg\",\"contentUrl\":\"https:\\\/\\\/spawlab.pl\\\/wp-content\\\/uploads\\\/2025\\\/12\\\/369214-ivr_2d_0002.jpg\",\"width\":1000,\"height\":1000},{\"@type\":\"BreadcrumbList\",\"@id\":\"https:\\\/\\\/spawlab.pl\\\/en\\\/produkt\\\/airpress-kompresor-srubowy-aps-20-ivr-combi-dry-x-10-bar-20-km-15-kw-820-2200-l-min-500-l\\\/#breadcrumb\",\"itemListElement\":[{\"@type\":\"ListItem\",\"position\":1,\"name\":\"Strona g\u0142\u00f3wna\",\"item\":\"https:\\\/\\\/spawlab.pl\\\/en\\\/\"},{\"@type\":\"ListItem\",\"position\":2,\"name\":\"Store\",\"item\":\"https:\\\/\\\/spawlab.pl\\\/en\\\/shop\\\/\"},{\"@type\":\"ListItem\",\"position\":3,\"name\":\"Airpress Kompresor \u015brubowy APS 20 IVR Combi Dry X 10 bar 20 KM\\\/15 kW 820 - 2200 l\\\/min 500 l\"}]},{\"@type\":\"WebSite\",\"@id\":\"https:\\\/\\\/spawlab.pl\\\/en\\\/#website\",\"url\":\"https:\\\/\\\/spawlab.pl\\\/en\\\/\",\"name\":\"Spawlab.pl Lider - Spawarki, Przecinarki Plazmowe, Kompresory\",\"description\":\"Urz\u0105dzenia spawalnicze i Przecinarki plazmowe\\\/ nowe i u\u017cywane \\\/ Profesjonalny serwis\",\"publisher\":{\"@id\":\"https:\\\/\\\/spawlab.pl\\\/en\\\/#organization\"},\"alternateName\":\"Spawlab.pl - Dystrybutor Premium i Serwis na Polske Migatronic, Gys, Voestalpine Bohler Welding\",\"potentialAction\":[{\"@type\":\"SearchAction\",\"target\":{\"@type\":\"EntryPoint\",\"urlTemplate\":\"https:\\\/\\\/spawlab.pl\\\/en\\\/?s={search_term_string}\"},\"query-input\":{\"@type\":\"PropertyValueSpecification\",\"valueRequired\":true,\"valueName\":\"search_term_string\"}}],\"inLanguage\":\"en-US\"},{\"@type\":[\"Organization\",\"Place\"],\"@id\":\"https:\\\/\\\/spawlab.pl\\\/en\\\/#organization\",\"name\":\"Spawlab.pl\",\"url\":\"https:\\\/\\\/spawlab.pl\\\/en\\\/\",\"logo\":{\"@id\":\"https:\\\/\\\/spawlab.pl\\\/en\\\/produkt\\\/airpress-kompresor-srubowy-aps-20-ivr-combi-dry-x-10-bar-20-km-15-kw-820-2200-l-min-500-l\\\/#local-main-organization-logo\"},\"image\":{\"@id\":\"https:\\\/\\\/spawlab.pl\\\/en\\\/produkt\\\/airpress-kompresor-srubowy-aps-20-ivr-combi-dry-x-10-bar-20-km-15-kw-820-2200-l-min-500-l\\\/#local-main-organization-logo\"},\"sameAs\":[\"https:\\\/\\\/www.facebook.com\\\/Spawlab\\\/\",\"https:\\\/\\\/www.linkedin.com\\\/company\\\/spawlab\",\"https:\\\/\\\/www.instagram.com\\\/spawlab.pl\",\"https:\\\/\\\/www.tiktok.com\\\/@spawlab\"],\"description\":\"Lider sprzeda\u017cy, Oficjalny Dystrybutor Premium i Serwis na Polsk\u0119 Migatronic, Gys, Voestalpine Bohler Welding. Nowe i u\u017cywane Spawarki, Przecinarki Plazmowe, Kompresory. Mgr in\u017c. Jaros\u0142aw Ko\u0142aski, IWE\",\"hasMerchantReturnPolicy\":{\"@type\":\"MerchantReturnPolicy\",\"merchantReturnLink\":\"https:\\\/\\\/spawlab.pl\\\/polityka-prywatnosci-2\\\/\"},\"telephone\":[],\"openingHoursSpecification\":[{\"@type\":\"OpeningHoursSpecification\",\"dayOfWeek\":[\"Monday\",\"Tuesday\",\"Wednesday\",\"Thursday\",\"Friday\",\"Saturday\",\"Sunday\"],\"opens\":\"09:00\",\"closes\":\"17:00\"}]},{\"@type\":\"ImageObject\",\"inLanguage\":\"en-US\",\"@id\":\"https:\\\/\\\/spawlab.pl\\\/en\\\/produkt\\\/airpress-kompresor-srubowy-aps-20-ivr-combi-dry-x-10-bar-20-km-15-kw-820-2200-l-min-500-l\\\/#local-main-organization-logo\",\"url\":\"https:\\\/\\\/spawlab.pl\\\/wp-content\\\/uploads\\\/2022\\\/01\\\/olx.jpg\",\"contentUrl\":\"https:\\\/\\\/spawlab.pl\\\/wp-content\\\/uploads\\\/2022\\\/01\\\/olx.jpg\",\"width\":200,\"height\":200,\"caption\":\"Spawlab.pl\"}]}<\/script>\n<meta property=\"product:price:amount\" content=\"29900.00\" \/>\n<meta property=\"product:price:currency\" content=\"PLN\" \/>\n<meta property=\"og:availability\" content=\"out of stock\" \/>\n<meta property=\"product:availability\" content=\"out of stock\" \/>\n<meta property=\"product:retailer_item_id\" content=\"369214-IVR-P\" \/>\n<meta property=\"product:condition\" content=\"new\" \/>\n<!-- \/ Yoast SEO Premium plugin. -->","yoast_head_json":{"title":"Airpress Kompresor \u015brubowy APS 20 IVR Combi Dry X 10 bar 20 KM\/15 kW 820 - 2200 l\/min 500 l - SpawLab - Welding equipment and plasma cutters - store and service","description":"Lider sprzeda\u017cy, Oficjalny Dystrybutor Premium i Serwis na Polsk\u0119 Migatronic, Gys, Voestalpine Bohler Welding. Nowe i u\u017cywane Spawarki, Przecinarki Plazmowe, Kompresory. Mgr in\u017c. Jaros\u0142aw Ko\u0142aski, IWE","robots":{"index":"index","follow":"follow","max-snippet":"max-snippet:-1","max-image-preview":"max-image-preview:large","max-video-preview":"max-video-preview:-1"},"canonical":"https:\/\/spawlab.pl\/en\/produkt\/airpress-kompresor-srubowy-aps-20-ivr-combi-dry-x-10-bar-20-km-15-kw-820-2200-l-min-500-l\/","og_locale":"en_US","og_type":"article","og_title":"Airpress Kompresor \u015brubowy APS 20 IVR Combi Dry X 10 bar 20 KM\/15 kW 820 - 2200 l\/min 500 l","og_description":"Lider sprzeda\u017cy, Oficjalny Dystrybutor Premium i Serwis na Polsk\u0119 Migatronic, Gys, Voestalpine Bohler Welding. Nowe i u\u017cywane Spawarki, Przecinarki Plazmowe, Kompresory. Mgr in\u017c. Jaros\u0142aw Ko\u0142aski, IWE","og_url":"https:\/\/spawlab.pl\/en\/produkt\/airpress-kompresor-srubowy-aps-20-ivr-combi-dry-x-10-bar-20-km-15-kw-820-2200-l-min-500-l\/","og_site_name":"SpawLab - Welding equipment and plasma cutters - store and service","article_publisher":"https:\/\/www.facebook.com\/Spawlab\/","article_modified_time":"2026-04-04T22:05:11+00:00","og_image":[{"width":1000,"height":1000,"url":"https:\/\/spawlab.pl\/wp-content\/uploads\/2025\/12\/369214-ivr_2d_0002.jpg","type":"image\/jpeg"}],"twitter_misc":{"Price":"29 900,00&nbsp;&#122;&#322;","Availability":"Out of stock"},"schema":{"@context":"https:\/\/schema.org","@graph":[{"@type":["WebPage","ItemPage"],"@id":"https:\/\/spawlab.pl\/en\/produkt\/airpress-kompresor-srubowy-aps-20-ivr-combi-dry-x-10-bar-20-km-15-kw-820-2200-l-min-500-l\/","url":"https:\/\/spawlab.pl\/en\/produkt\/airpress-kompresor-srubowy-aps-20-ivr-combi-dry-x-10-bar-20-km-15-kw-820-2200-l-min-500-l\/","name":"Airpress Kompresor \u015brubowy APS 20 IVR Combi Dry X 10 bar 20 KM\/15 kW 820 - 2200 l\/min 500 l - SpawLab - Welding equipment and plasma cutters - store and service","isPartOf":{"@id":"https:\/\/spawlab.pl\/en\/#website"},"primaryImageOfPage":{"@id":"https:\/\/spawlab.pl\/en\/produkt\/airpress-kompresor-srubowy-aps-20-ivr-combi-dry-x-10-bar-20-km-15-kw-820-2200-l-min-500-l\/#primaryimage"},"image":{"@id":"https:\/\/spawlab.pl\/en\/produkt\/airpress-kompresor-srubowy-aps-20-ivr-combi-dry-x-10-bar-20-km-15-kw-820-2200-l-min-500-l\/#primaryimage"},"thumbnailUrl":"https:\/\/spawlab.pl\/wp-content\/uploads\/2025\/12\/369214-ivr_2d_0002.jpg","datePublished":"2026-02-11T23:30:03+00:00","dateModified":"2026-04-04T22:05:11+00:00","description":"Lider sprzeda\u017cy, Oficjalny Dystrybutor Premium i Serwis na Polsk\u0119 Migatronic, Gys, Voestalpine Bohler Welding. Nowe i u\u017cywane Spawarki, Przecinarki Plazmowe, Kompresory. Mgr in\u017c. Jaros\u0142aw Ko\u0142aski, IWE","breadcrumb":{"@id":"https:\/\/spawlab.pl\/en\/produkt\/airpress-kompresor-srubowy-aps-20-ivr-combi-dry-x-10-bar-20-km-15-kw-820-2200-l-min-500-l\/#breadcrumb"},"inLanguage":"en-US","potentialAction":[{"@type":"ReadAction","target":["https:\/\/spawlab.pl\/en\/produkt\/airpress-kompresor-srubowy-aps-20-ivr-combi-dry-x-10-bar-20-km-15-kw-820-2200-l-min-500-l\/"]}]},{"@type":"ImageObject","inLanguage":"en-US","@id":"https:\/\/spawlab.pl\/en\/produkt\/airpress-kompresor-srubowy-aps-20-ivr-combi-dry-x-10-bar-20-km-15-kw-820-2200-l-min-500-l\/#primaryimage","url":"https:\/\/spawlab.pl\/wp-content\/uploads\/2025\/12\/369214-ivr_2d_0002.jpg","contentUrl":"https:\/\/spawlab.pl\/wp-content\/uploads\/2025\/12\/369214-ivr_2d_0002.jpg","width":1000,"height":1000},{"@type":"BreadcrumbList","@id":"https:\/\/spawlab.pl\/en\/produkt\/airpress-kompresor-srubowy-aps-20-ivr-combi-dry-x-10-bar-20-km-15-kw-820-2200-l-min-500-l\/#breadcrumb","itemListElement":[{"@type":"ListItem","position":1,"name":"Strona g\u0142\u00f3wna","item":"https:\/\/spawlab.pl\/en\/"},{"@type":"ListItem","position":2,"name":"Store","item":"https:\/\/spawlab.pl\/en\/shop\/"},{"@type":"ListItem","position":3,"name":"Airpress Kompresor \u015brubowy APS 20 IVR Combi Dry X 10 bar 20 KM\/15 kW 820 - 2200 l\/min 500 l"}]},{"@type":"WebSite","@id":"https:\/\/spawlab.pl\/en\/#website","url":"https:\/\/spawlab.pl\/en\/","name":"Spawlab.pl Lider - Spawarki, Przecinarki Plazmowe, Kompresory","description":"Urz\u0105dzenia spawalnicze i Przecinarki plazmowe\/ nowe i u\u017cywane \/ Profesjonalny serwis","publisher":{"@id":"https:\/\/spawlab.pl\/en\/#organization"},"alternateName":"Spawlab.pl - Dystrybutor Premium i Serwis na Polske Migatronic, Gys, Voestalpine Bohler Welding","potentialAction":[{"@type":"SearchAction","target":{"@type":"EntryPoint","urlTemplate":"https:\/\/spawlab.pl\/en\/?s={search_term_string}"},"query-input":{"@type":"PropertyValueSpecification","valueRequired":true,"valueName":"search_term_string"}}],"inLanguage":"en-US"},{"@type":["Organization","Place"],"@id":"https:\/\/spawlab.pl\/en\/#organization","name":"Spawlab.pl","url":"https:\/\/spawlab.pl\/en\/","logo":{"@id":"https:\/\/spawlab.pl\/en\/produkt\/airpress-kompresor-srubowy-aps-20-ivr-combi-dry-x-10-bar-20-km-15-kw-820-2200-l-min-500-l\/#local-main-organization-logo"},"image":{"@id":"https:\/\/spawlab.pl\/en\/produkt\/airpress-kompresor-srubowy-aps-20-ivr-combi-dry-x-10-bar-20-km-15-kw-820-2200-l-min-500-l\/#local-main-organization-logo"},"sameAs":["https:\/\/www.facebook.com\/Spawlab\/","https:\/\/www.linkedin.com\/company\/spawlab","https:\/\/www.instagram.com\/spawlab.pl","https:\/\/www.tiktok.com\/@spawlab"],"description":"Lider sprzeda\u017cy, Oficjalny Dystrybutor Premium i Serwis na Polsk\u0119 Migatronic, Gys, Voestalpine Bohler Welding. Nowe i u\u017cywane Spawarki, Przecinarki Plazmowe, Kompresory. Mgr in\u017c. Jaros\u0142aw Ko\u0142aski, IWE","hasMerchantReturnPolicy":{"@type":"MerchantReturnPolicy","merchantReturnLink":"https:\/\/spawlab.pl\/polityka-prywatnosci-2\/"},"telephone":[],"openingHoursSpecification":[{"@type":"OpeningHoursSpecification","dayOfWeek":["Monday","Tuesday","Wednesday","Thursday","Friday","Saturday","Sunday"],"opens":"09:00","closes":"17:00"}]},{"@type":"ImageObject","inLanguage":"en-US","@id":"https:\/\/spawlab.pl\/en\/produkt\/airpress-kompresor-srubowy-aps-20-ivr-combi-dry-x-10-bar-20-km-15-kw-820-2200-l-min-500-l\/#local-main-organization-logo","url":"https:\/\/spawlab.pl\/wp-content\/uploads\/2022\/01\/olx.jpg","contentUrl":"https:\/\/spawlab.pl\/wp-content\/uploads\/2022\/01\/olx.jpg","width":200,"height":200,"caption":"Spawlab.pl"}]},"product_price_amount":"29900.00","product_price_currency":"PLN","og_availability":"out of stock","product_availability":"out of stock","product_retailer_item_id":"369214-IVR-P","product_condition":"new"},"_links":{"self":[{"href":"https:\/\/spawlab.pl\/en\/wp-json\/wp\/v2\/product\/82447","targetHints":{"allow":["GET"]}}],"collection":[{"href":"https:\/\/spawlab.pl\/en\/wp-json\/wp\/v2\/product"}],"about":[{"href":"https:\/\/spawlab.pl\/en\/wp-json\/wp\/v2\/types\/product"}],"wp:featuredmedia":[{"embeddable":true,"href":"https:\/\/spawlab.pl\/en\/wp-json\/wp\/v2\/media\/82448"}],"wp:attachment":[{"href":"https:\/\/spawlab.pl\/en\/wp-json\/wp\/v2\/media?parent=82447"}],"wp:term":[{"taxonomy":"product_brand","embeddable":true,"href":"https:\/\/spawlab.pl\/en\/wp-json\/wp\/v2\/product_brand?post=82447"},{"taxonomy":"product_cat","embeddable":true,"href":"https:\/\/spawlab.pl\/en\/wp-json\/wp\/v2\/product_cat?post=82447"},{"taxonomy":"product_tag","embeddable":true,"href":"https:\/\/spawlab.pl\/en\/wp-json\/wp\/v2\/product_tag?post=82447"}],"curies":[{"name":"wp","href":"https:\/\/api.w.org\/{rel}","templated":true}]}}