{"id":83323,"date":"2026-02-11T10:31:13","date_gmt":"2026-02-11T09:31:13","guid":{"rendered":"https:\/\/spawlab.pl\/produkt\/sprezarka-tlokowa-kompresor-shamal-cm-390-200-sb38c-2-2kw-230v-10-bar\/"},"modified":"2026-02-11T10:31:31","modified_gmt":"2026-02-11T09:31:31","slug":"sprezarka-tlokowa-kompresor-shamal-cm-390-200-sb38c-2-2kw-230v-10-bar","status":"publish","type":"product","link":"https:\/\/spawlab.pl\/en\/produkt\/sprezarka-tlokowa-kompresor-shamal-cm-390-200-sb38c-2-2kw-230v-10-bar\/","title":{"rendered":"Spr\u0119\u017carka t\u0142okowa kompresor Shamal CM 390\/200 SB38C 2.2kW 230V 10 bar"},"content":{"rendered":"<p style=\"text-align: justify;\"><span style=\"font-family: arial, helvetica, sans-serif; font-size: small;\">Spr\u0119\u017carki w\u0142oskiej firmy SHAMAL<span style=\"color: #000000;\"><sup>\u00ae <\/sup><\/span>to najwy\u017csza jako\u015b\u0107 urz\u0105dze\u0144 oraz gwarancja d\u0142ugiej i bezproblemowej pracy. Kompresor CM 390\/200 z \u017celiwnym agregatem znajdzie zastosowanie w warsztatach motoryzacyjnych, budownictwie i przemy\u015ble. Posiada zabezpieczenie termiczne oraz zaw\u00f3r odpr\u0119\u017caj\u0105cy umo\u017cliwiaj\u0105cy \u0142atwiejszy ponowny rozruch silnika. Na zbiorniku zamontowany jest reduktor ci\u015bnienia z dwoma szybkoz\u0142\u0105czami.<br \/>Standardowe wyposa\u017cenie spr\u0119\u017carki obejmuje presostat, zaw\u00f3r bezpiecze\u0144stwa, reduktor z manometrem, zaw\u00f3r zwrotny, zaw\u00f3r odwadniaj\u0105cy. Kompresor posiada dodatkowo zaw\u00f3r odpr\u0119\u017caj\u0105cy u\u0142atwiaj\u0105cy ponowny rozruch.<\/span><\/p>\n<p><span style=\"font-family: arial, helvetica, sans-serif; font-size: small;\">DANE TECHNICZNE:<\/span><\/p>\n<table border=\"1\" cellspacing=\"0\" cellpadding=\"0\">\n<tbody>\n<tr>\n<td width=\"234\" valign=\"top\"><span style=\"font-family: arial, helvetica, sans-serif; font-size: small;\">Pojemno\u015b\u0107 zbiornika [l]<\/span><\/td>\n<td style=\"text-align: center;\" width=\"217\" valign=\"top\"><span style=\"font-family: arial, helvetica, sans-serif; font-size: small;\">200<\/span><\/td>\n<\/tr>\n<tr>\n<td width=\"234\" valign=\"top\"><span style=\"font-family: arial, helvetica, sans-serif; font-size: small;\">Wydajno\u015b\u0107 [l\/min]<\/span><\/td>\n<td style=\"text-align: center;\" width=\"217\" valign=\"top\"><span style=\"font-family: arial, helvetica, sans-serif; font-size: small;\">390<\/span><\/td>\n<\/tr>\n<tr>\n<td width=\"234\" valign=\"top\"><span style=\"font-family: arial, helvetica, sans-serif; font-size: small;\">Wydajno\u015b\u0107 [m3\/h]<\/span><\/td>\n<td style=\"text-align: center;\" width=\"217\" valign=\"top\"><span style=\"font-family: arial, helvetica, sans-serif; font-size: small;\">23<\/span><\/td>\n<\/tr>\n<tr>\n<td width=\"234\" valign=\"top\"><span style=\"font-family: arial, helvetica, sans-serif; font-size: small;\">Moc silnika [kW]<\/span><\/td>\n<td style=\"text-align: center;\" width=\"217\" valign=\"top\"><span style=\"font-family: arial, helvetica, sans-serif; font-size: small;\">2,2<\/span><\/td>\n<\/tr>\n<tr>\n<td width=\"234\" valign=\"top\"><span style=\"font-family: arial, helvetica, sans-serif; font-size: small;\">Napi\u0119cie zasilania [V]<\/span><\/td>\n<td style=\"text-align: center;\" width=\"217\" valign=\"top\"><span style=\"font-family: arial, helvetica, sans-serif; font-size: small;\">230<\/span><\/td>\n<\/tr>\n<tr>\n<td width=\"234\" valign=\"top\"><span style=\"font-family: arial, helvetica, sans-serif; font-size: small;\">Obroty na minut\u0119 [r.p.m.]<\/span><\/td>\n<td style=\"text-align: center;\" width=\"217\" valign=\"top\"><span style=\"font-family: arial, helvetica, sans-serif; font-size: small;\">1100<\/span><\/td>\n<\/tr>\n<tr>\n<td width=\"234\" valign=\"top\"><span style=\"font-family: arial, helvetica, sans-serif; font-size: small;\">Max ci\u015bnienie [bar]<\/span><\/td>\n<td style=\"text-align: center;\" width=\"217\" valign=\"top\"><span style=\"font-family: arial, helvetica, sans-serif; font-size: small;\">10<\/span><\/td>\n<\/tr>\n<tr>\n<td width=\"234\" valign=\"top\"><span style=\"font-family: arial, helvetica, sans-serif; font-size: small;\">Typ pompy<\/span><\/td>\n<td style=\"text-align: center;\" width=\"217\" valign=\"top\"><span style=\"font-family: arial, helvetica, sans-serif; font-size: small;\">SB38C<\/span><\/td>\n<\/tr>\n<tr>\n<td width=\"234\" valign=\"top\"><span style=\"font-family: arial, helvetica, sans-serif; font-size: small;\">Ilo\u015b\u0107 t\u0142ok\u00f3w<\/span><\/td>\n<td style=\"text-align: center;\" width=\"217\" valign=\"top\"><span style=\"font-family: arial, helvetica, sans-serif; font-size: small;\">2<\/span><\/td>\n<\/tr>\n<tr>\n<td width=\"234\" valign=\"top\"><span style=\"font-family: arial, helvetica, sans-serif; font-size: small;\">Stopnie spr\u0119\u017cania<\/span><\/td>\n<td style=\"text-align: center;\" width=\"217\" valign=\"top\"><span style=\"font-family: arial, helvetica, sans-serif; font-size: small;\">1<\/span><\/td>\n<\/tr>\n<tr>\n<td width=\"234\" valign=\"top\"><span style=\"font-family: arial, helvetica, sans-serif; font-size: small;\">Waga [kg]<\/span><\/td>\n<td style=\"text-align: center;\" width=\"217\" valign=\"top\"><span style=\"font-family: arial, helvetica, sans-serif; font-size: small;\">102<\/span><\/td>\n<\/tr>\n<tr>\n<td width=\"234\" valign=\"top\"><span style=\"font-family: arial, helvetica, sans-serif; font-size: small;\">Wymiary [mm]<\/span><\/td>\n<td style=\"text-align: center;\" width=\"217\" valign=\"top\"><span style=\"font-family: arial, helvetica, sans-serif; font-size: small;\">1435*475*995<\/span><\/td>\n<\/tr>\n<\/tbody>\n<\/table>\n","protected":false},"excerpt":{"rendered":"<p>Spr\u0119\u017carki w\u0142oskiej firmy SHAMAL\u00ae to najwy\u017csza jako\u015b\u0107 urz\u0105dze\u0144 oraz gwarancja d\u0142ugiej i bezproblemowej pracy. Kompresor CM 390\/200 z \u017celiwnym agregatem znajdzie zastosowanie w warsztatach motoryzacyjnych, budownictwie i przemy\u015ble. Posiada zabezpieczenie termiczne oraz zaw\u00f3r odpr\u0119\u017caj\u0105cy umo\u017cliwiaj\u0105cy \u0142atwiejszy ponowny rozruch silnika. Na zbiorniku zamontowany jest reduktor ci\u015bnienia z dwoma szybkoz\u0142\u0105czami.Standardowe wyposa\u017cenie spr\u0119\u017carki obejmuje presostat, zaw\u00f3r bezpiecze\u0144stwa, reduktor [&hellip;]<\/p>\n","protected":false},"featured_media":83765,"template":"","meta":{"inline_featured_image":false},"product_brand":[31235],"product_cat":[81,1036,343,3342,31236],"product_tag":[],"class_list":{"0":"post-83323","1":"product","2":"type-product","3":"status-publish","4":"has-post-thumbnail","6":"product_brand-welder-fantasy","7":"product_cat-akcesoria-czesci","8":"product_cat-kompresory1","9":"product_cat-sprezarki-i-kompresory1","10":"product_cat-strefa-marki","11":"product_cat-welder-fantasy","13":"first","14":"instock","15":"purchasable","16":"product-type-simple"},"yoast_head":"<!-- This site is optimized with the Yoast SEO Premium plugin v27.0 (Yoast SEO v27.3) - https:\/\/yoast.com\/product\/yoast-seo-premium-wordpress\/ -->\n<title>Spr\u0119\u017carka t\u0142okowa kompresor Shamal CM 390\/200 SB38C 2.2kW 230V 10 bar - SpawLab - Welding equipment and plasma cutters - store and service<\/title>\n<meta name=\"description\" content=\"Lider sprzeda\u017cy, Oficjalny Dystrybutor Premium i Serwis na Polsk\u0119 Migatronic, Gys, Voestalpine Bohler Welding. Nowe i u\u017cywane Spawarki, Przecinarki Plazmowe, Kompresory. Mgr in\u017c. Jaros\u0142aw Ko\u0142aski, IWE\" \/>\n<meta name=\"robots\" content=\"index, follow, max-snippet:-1, max-image-preview:large, max-video-preview:-1\" \/>\n<link rel=\"canonical\" href=\"https:\/\/spawlab.pl\/en\/produkt\/sprezarka-tlokowa-kompresor-shamal-cm-390-200-sb38c-2-2kw-230v-10-bar\/\" \/>\n<meta property=\"og:locale\" content=\"en_US\" \/>\n<meta property=\"og:type\" content=\"article\" \/>\n<meta property=\"og:title\" content=\"Spr\u0119\u017carka t\u0142okowa kompresor Shamal CM 390\/200 SB38C 2.2kW 230V 10 bar\" \/>\n<meta property=\"og:description\" content=\"Lider sprzeda\u017cy, Oficjalny Dystrybutor Premium i Serwis na Polsk\u0119 Migatronic, Gys, Voestalpine Bohler Welding. Nowe i u\u017cywane Spawarki, Przecinarki Plazmowe, Kompresory. Mgr in\u017c. Jaros\u0142aw Ko\u0142aski, IWE\" \/>\n<meta property=\"og:url\" content=\"https:\/\/spawlab.pl\/en\/produkt\/sprezarka-tlokowa-kompresor-shamal-cm-390-200-sb38c-2-2kw-230v-10-bar\/\" \/>\n<meta property=\"og:site_name\" content=\"SpawLab - Welding equipment and plasma cutters - store and service\" \/>\n<meta property=\"article:publisher\" content=\"https:\/\/www.facebook.com\/Spawlab\/\" \/>\n<meta property=\"article:modified_time\" content=\"2026-02-11T09:31:31+00:00\" \/>\n<meta property=\"og:image\" content=\"https:\/\/spawlab.pl\/wp-content\/uploads\/2025\/12\/k1045.jpg\" \/>\n\t<meta property=\"og:image:width\" content=\"2227\" \/>\n\t<meta property=\"og:image:height\" content=\"2000\" \/>\n\t<meta property=\"og:image:type\" content=\"image\/jpeg\" \/>\n<meta name=\"twitter:label1\" content=\"Price\" \/>\n\t<meta name=\"twitter:data1\" content=\"4 100,00&nbsp;&#122;&#322;\" \/>\n\t<meta name=\"twitter:label2\" content=\"Availability\" \/>\n\t<meta name=\"twitter:data2\" content=\"In stock\" \/>\n<script type=\"application\/ld+json\" class=\"yoast-schema-graph\">{\"@context\":\"https:\\\/\\\/schema.org\",\"@graph\":[{\"@type\":[\"WebPage\",\"ItemPage\"],\"@id\":\"https:\\\/\\\/spawlab.pl\\\/en\\\/produkt\\\/sprezarka-tlokowa-kompresor-shamal-cm-390-200-sb38c-2-2kw-230v-10-bar\\\/\",\"url\":\"https:\\\/\\\/spawlab.pl\\\/en\\\/produkt\\\/sprezarka-tlokowa-kompresor-shamal-cm-390-200-sb38c-2-2kw-230v-10-bar\\\/\",\"name\":\"Spr\u0119\u017carka t\u0142okowa kompresor Shamal CM 390\\\/200 SB38C 2.2kW 230V 10 bar - SpawLab - Welding equipment and plasma cutters - store and service\",\"isPartOf\":{\"@id\":\"https:\\\/\\\/spawlab.pl\\\/en\\\/#website\"},\"primaryImageOfPage\":{\"@id\":\"https:\\\/\\\/spawlab.pl\\\/en\\\/produkt\\\/sprezarka-tlokowa-kompresor-shamal-cm-390-200-sb38c-2-2kw-230v-10-bar\\\/#primaryimage\"},\"image\":{\"@id\":\"https:\\\/\\\/spawlab.pl\\\/en\\\/produkt\\\/sprezarka-tlokowa-kompresor-shamal-cm-390-200-sb38c-2-2kw-230v-10-bar\\\/#primaryimage\"},\"thumbnailUrl\":\"https:\\\/\\\/spawlab.pl\\\/wp-content\\\/uploads\\\/2025\\\/12\\\/k1045.jpg\",\"datePublished\":\"2026-02-11T09:31:13+00:00\",\"dateModified\":\"2026-02-11T09:31:31+00:00\",\"description\":\"Lider sprzeda\u017cy, Oficjalny Dystrybutor Premium i Serwis na Polsk\u0119 Migatronic, Gys, Voestalpine Bohler Welding. Nowe i u\u017cywane Spawarki, Przecinarki Plazmowe, Kompresory. Mgr in\u017c. Jaros\u0142aw Ko\u0142aski, IWE\",\"breadcrumb\":{\"@id\":\"https:\\\/\\\/spawlab.pl\\\/en\\\/produkt\\\/sprezarka-tlokowa-kompresor-shamal-cm-390-200-sb38c-2-2kw-230v-10-bar\\\/#breadcrumb\"},\"inLanguage\":\"en-US\",\"potentialAction\":[{\"@type\":\"ReadAction\",\"target\":[\"https:\\\/\\\/spawlab.pl\\\/en\\\/produkt\\\/sprezarka-tlokowa-kompresor-shamal-cm-390-200-sb38c-2-2kw-230v-10-bar\\\/\"]}]},{\"@type\":\"ImageObject\",\"inLanguage\":\"en-US\",\"@id\":\"https:\\\/\\\/spawlab.pl\\\/en\\\/produkt\\\/sprezarka-tlokowa-kompresor-shamal-cm-390-200-sb38c-2-2kw-230v-10-bar\\\/#primaryimage\",\"url\":\"https:\\\/\\\/spawlab.pl\\\/wp-content\\\/uploads\\\/2025\\\/12\\\/k1045.jpg\",\"contentUrl\":\"https:\\\/\\\/spawlab.pl\\\/wp-content\\\/uploads\\\/2025\\\/12\\\/k1045.jpg\",\"width\":2227,\"height\":2000},{\"@type\":\"BreadcrumbList\",\"@id\":\"https:\\\/\\\/spawlab.pl\\\/en\\\/produkt\\\/sprezarka-tlokowa-kompresor-shamal-cm-390-200-sb38c-2-2kw-230v-10-bar\\\/#breadcrumb\",\"itemListElement\":[{\"@type\":\"ListItem\",\"position\":1,\"name\":\"Strona g\u0142\u00f3wna\",\"item\":\"https:\\\/\\\/spawlab.pl\\\/en\\\/\"},{\"@type\":\"ListItem\",\"position\":2,\"name\":\"Store\",\"item\":\"https:\\\/\\\/spawlab.pl\\\/en\\\/shop\\\/\"},{\"@type\":\"ListItem\",\"position\":3,\"name\":\"Spr\u0119\u017carka t\u0142okowa kompresor Shamal CM 390\\\/200 SB38C 2.2kW 230V 10 bar\"}]},{\"@type\":\"WebSite\",\"@id\":\"https:\\\/\\\/spawlab.pl\\\/en\\\/#website\",\"url\":\"https:\\\/\\\/spawlab.pl\\\/en\\\/\",\"name\":\"Spawlab.pl Lider - Spawarki, Przecinarki Plazmowe, Kompresory\",\"description\":\"Urz\u0105dzenia spawalnicze i Przecinarki plazmowe\\\/ nowe i u\u017cywane \\\/ Profesjonalny serwis\",\"publisher\":{\"@id\":\"https:\\\/\\\/spawlab.pl\\\/en\\\/#organization\"},\"alternateName\":\"Spawlab.pl - Dystrybutor Premium i Serwis na Polske Migatronic, Gys, Voestalpine Bohler Welding\",\"potentialAction\":[{\"@type\":\"SearchAction\",\"target\":{\"@type\":\"EntryPoint\",\"urlTemplate\":\"https:\\\/\\\/spawlab.pl\\\/en\\\/?s={search_term_string}\"},\"query-input\":{\"@type\":\"PropertyValueSpecification\",\"valueRequired\":true,\"valueName\":\"search_term_string\"}}],\"inLanguage\":\"en-US\"},{\"@type\":[\"Organization\",\"Place\"],\"@id\":\"https:\\\/\\\/spawlab.pl\\\/en\\\/#organization\",\"name\":\"Spawlab.pl\",\"url\":\"https:\\\/\\\/spawlab.pl\\\/en\\\/\",\"logo\":{\"@id\":\"https:\\\/\\\/spawlab.pl\\\/en\\\/produkt\\\/sprezarka-tlokowa-kompresor-shamal-cm-390-200-sb38c-2-2kw-230v-10-bar\\\/#local-main-organization-logo\"},\"image\":{\"@id\":\"https:\\\/\\\/spawlab.pl\\\/en\\\/produkt\\\/sprezarka-tlokowa-kompresor-shamal-cm-390-200-sb38c-2-2kw-230v-10-bar\\\/#local-main-organization-logo\"},\"sameAs\":[\"https:\\\/\\\/www.facebook.com\\\/Spawlab\\\/\",\"https:\\\/\\\/www.linkedin.com\\\/company\\\/spawlab\",\"https:\\\/\\\/www.instagram.com\\\/spawlab.pl\",\"https:\\\/\\\/www.tiktok.com\\\/@spawlab\"],\"description\":\"Lider sprzeda\u017cy, Oficjalny Dystrybutor Premium i Serwis na Polsk\u0119 Migatronic, Gys, Voestalpine Bohler Welding. Nowe i u\u017cywane Spawarki, Przecinarki Plazmowe, Kompresory. Mgr in\u017c. Jaros\u0142aw Ko\u0142aski, IWE\",\"hasMerchantReturnPolicy\":{\"@type\":\"MerchantReturnPolicy\",\"merchantReturnLink\":\"https:\\\/\\\/spawlab.pl\\\/polityka-prywatnosci-2\\\/\"},\"telephone\":[],\"openingHoursSpecification\":[{\"@type\":\"OpeningHoursSpecification\",\"dayOfWeek\":[\"Monday\",\"Tuesday\",\"Wednesday\",\"Thursday\",\"Friday\",\"Saturday\",\"Sunday\"],\"opens\":\"09:00\",\"closes\":\"17:00\"}]},{\"@type\":\"ImageObject\",\"inLanguage\":\"en-US\",\"@id\":\"https:\\\/\\\/spawlab.pl\\\/en\\\/produkt\\\/sprezarka-tlokowa-kompresor-shamal-cm-390-200-sb38c-2-2kw-230v-10-bar\\\/#local-main-organization-logo\",\"url\":\"https:\\\/\\\/spawlab.pl\\\/wp-content\\\/uploads\\\/2022\\\/01\\\/olx.jpg\",\"contentUrl\":\"https:\\\/\\\/spawlab.pl\\\/wp-content\\\/uploads\\\/2022\\\/01\\\/olx.jpg\",\"width\":200,\"height\":200,\"caption\":\"Spawlab.pl\"}]}<\/script>\n<meta property=\"product:price:amount\" content=\"4100.00\" \/>\n<meta property=\"product:price:currency\" content=\"PLN\" \/>\n<meta property=\"og:availability\" content=\"instock\" \/>\n<meta property=\"product:availability\" content=\"instock\" \/>\n<meta property=\"product:retailer_item_id\" content=\"K1045\" \/>\n<meta property=\"product:condition\" content=\"new\" \/>\n<!-- \/ Yoast SEO Premium plugin. -->","yoast_head_json":{"title":"Spr\u0119\u017carka t\u0142okowa kompresor Shamal CM 390\/200 SB38C 2.2kW 230V 10 bar - SpawLab - Welding equipment and plasma cutters - store and service","description":"Lider sprzeda\u017cy, Oficjalny Dystrybutor Premium i Serwis na Polsk\u0119 Migatronic, Gys, Voestalpine Bohler Welding. Nowe i u\u017cywane Spawarki, Przecinarki Plazmowe, Kompresory. Mgr in\u017c. Jaros\u0142aw Ko\u0142aski, IWE","robots":{"index":"index","follow":"follow","max-snippet":"max-snippet:-1","max-image-preview":"max-image-preview:large","max-video-preview":"max-video-preview:-1"},"canonical":"https:\/\/spawlab.pl\/en\/produkt\/sprezarka-tlokowa-kompresor-shamal-cm-390-200-sb38c-2-2kw-230v-10-bar\/","og_locale":"en_US","og_type":"article","og_title":"Spr\u0119\u017carka t\u0142okowa kompresor Shamal CM 390\/200 SB38C 2.2kW 230V 10 bar","og_description":"Lider sprzeda\u017cy, Oficjalny Dystrybutor Premium i Serwis na Polsk\u0119 Migatronic, Gys, Voestalpine Bohler Welding. Nowe i u\u017cywane Spawarki, Przecinarki Plazmowe, Kompresory. Mgr in\u017c. Jaros\u0142aw Ko\u0142aski, IWE","og_url":"https:\/\/spawlab.pl\/en\/produkt\/sprezarka-tlokowa-kompresor-shamal-cm-390-200-sb38c-2-2kw-230v-10-bar\/","og_site_name":"SpawLab - Welding equipment and plasma cutters - store and service","article_publisher":"https:\/\/www.facebook.com\/Spawlab\/","article_modified_time":"2026-02-11T09:31:31+00:00","og_image":[{"width":2227,"height":2000,"url":"https:\/\/spawlab.pl\/wp-content\/uploads\/2025\/12\/k1045.jpg","type":"image\/jpeg"}],"twitter_misc":{"Price":"4 100,00&nbsp;&#122;&#322;","Availability":"In stock"},"schema":{"@context":"https:\/\/schema.org","@graph":[{"@type":["WebPage","ItemPage"],"@id":"https:\/\/spawlab.pl\/en\/produkt\/sprezarka-tlokowa-kompresor-shamal-cm-390-200-sb38c-2-2kw-230v-10-bar\/","url":"https:\/\/spawlab.pl\/en\/produkt\/sprezarka-tlokowa-kompresor-shamal-cm-390-200-sb38c-2-2kw-230v-10-bar\/","name":"Spr\u0119\u017carka t\u0142okowa kompresor Shamal CM 390\/200 SB38C 2.2kW 230V 10 bar - SpawLab - Welding equipment and plasma cutters - store and service","isPartOf":{"@id":"https:\/\/spawlab.pl\/en\/#website"},"primaryImageOfPage":{"@id":"https:\/\/spawlab.pl\/en\/produkt\/sprezarka-tlokowa-kompresor-shamal-cm-390-200-sb38c-2-2kw-230v-10-bar\/#primaryimage"},"image":{"@id":"https:\/\/spawlab.pl\/en\/produkt\/sprezarka-tlokowa-kompresor-shamal-cm-390-200-sb38c-2-2kw-230v-10-bar\/#primaryimage"},"thumbnailUrl":"https:\/\/spawlab.pl\/wp-content\/uploads\/2025\/12\/k1045.jpg","datePublished":"2026-02-11T09:31:13+00:00","dateModified":"2026-02-11T09:31:31+00:00","description":"Lider sprzeda\u017cy, Oficjalny Dystrybutor Premium i Serwis na Polsk\u0119 Migatronic, Gys, Voestalpine Bohler Welding. Nowe i u\u017cywane Spawarki, Przecinarki Plazmowe, Kompresory. Mgr in\u017c. Jaros\u0142aw Ko\u0142aski, IWE","breadcrumb":{"@id":"https:\/\/spawlab.pl\/en\/produkt\/sprezarka-tlokowa-kompresor-shamal-cm-390-200-sb38c-2-2kw-230v-10-bar\/#breadcrumb"},"inLanguage":"en-US","potentialAction":[{"@type":"ReadAction","target":["https:\/\/spawlab.pl\/en\/produkt\/sprezarka-tlokowa-kompresor-shamal-cm-390-200-sb38c-2-2kw-230v-10-bar\/"]}]},{"@type":"ImageObject","inLanguage":"en-US","@id":"https:\/\/spawlab.pl\/en\/produkt\/sprezarka-tlokowa-kompresor-shamal-cm-390-200-sb38c-2-2kw-230v-10-bar\/#primaryimage","url":"https:\/\/spawlab.pl\/wp-content\/uploads\/2025\/12\/k1045.jpg","contentUrl":"https:\/\/spawlab.pl\/wp-content\/uploads\/2025\/12\/k1045.jpg","width":2227,"height":2000},{"@type":"BreadcrumbList","@id":"https:\/\/spawlab.pl\/en\/produkt\/sprezarka-tlokowa-kompresor-shamal-cm-390-200-sb38c-2-2kw-230v-10-bar\/#breadcrumb","itemListElement":[{"@type":"ListItem","position":1,"name":"Strona g\u0142\u00f3wna","item":"https:\/\/spawlab.pl\/en\/"},{"@type":"ListItem","position":2,"name":"Store","item":"https:\/\/spawlab.pl\/en\/shop\/"},{"@type":"ListItem","position":3,"name":"Spr\u0119\u017carka t\u0142okowa kompresor Shamal CM 390\/200 SB38C 2.2kW 230V 10 bar"}]},{"@type":"WebSite","@id":"https:\/\/spawlab.pl\/en\/#website","url":"https:\/\/spawlab.pl\/en\/","name":"Spawlab.pl Lider - Spawarki, Przecinarki Plazmowe, Kompresory","description":"Urz\u0105dzenia spawalnicze i Przecinarki plazmowe\/ nowe i u\u017cywane \/ Profesjonalny serwis","publisher":{"@id":"https:\/\/spawlab.pl\/en\/#organization"},"alternateName":"Spawlab.pl - Dystrybutor Premium i Serwis na Polske Migatronic, Gys, Voestalpine Bohler Welding","potentialAction":[{"@type":"SearchAction","target":{"@type":"EntryPoint","urlTemplate":"https:\/\/spawlab.pl\/en\/?s={search_term_string}"},"query-input":{"@type":"PropertyValueSpecification","valueRequired":true,"valueName":"search_term_string"}}],"inLanguage":"en-US"},{"@type":["Organization","Place"],"@id":"https:\/\/spawlab.pl\/en\/#organization","name":"Spawlab.pl","url":"https:\/\/spawlab.pl\/en\/","logo":{"@id":"https:\/\/spawlab.pl\/en\/produkt\/sprezarka-tlokowa-kompresor-shamal-cm-390-200-sb38c-2-2kw-230v-10-bar\/#local-main-organization-logo"},"image":{"@id":"https:\/\/spawlab.pl\/en\/produkt\/sprezarka-tlokowa-kompresor-shamal-cm-390-200-sb38c-2-2kw-230v-10-bar\/#local-main-organization-logo"},"sameAs":["https:\/\/www.facebook.com\/Spawlab\/","https:\/\/www.linkedin.com\/company\/spawlab","https:\/\/www.instagram.com\/spawlab.pl","https:\/\/www.tiktok.com\/@spawlab"],"description":"Lider sprzeda\u017cy, Oficjalny Dystrybutor Premium i Serwis na Polsk\u0119 Migatronic, Gys, Voestalpine Bohler Welding. Nowe i u\u017cywane Spawarki, Przecinarki Plazmowe, Kompresory. Mgr in\u017c. Jaros\u0142aw Ko\u0142aski, IWE","hasMerchantReturnPolicy":{"@type":"MerchantReturnPolicy","merchantReturnLink":"https:\/\/spawlab.pl\/polityka-prywatnosci-2\/"},"telephone":[],"openingHoursSpecification":[{"@type":"OpeningHoursSpecification","dayOfWeek":["Monday","Tuesday","Wednesday","Thursday","Friday","Saturday","Sunday"],"opens":"09:00","closes":"17:00"}]},{"@type":"ImageObject","inLanguage":"en-US","@id":"https:\/\/spawlab.pl\/en\/produkt\/sprezarka-tlokowa-kompresor-shamal-cm-390-200-sb38c-2-2kw-230v-10-bar\/#local-main-organization-logo","url":"https:\/\/spawlab.pl\/wp-content\/uploads\/2022\/01\/olx.jpg","contentUrl":"https:\/\/spawlab.pl\/wp-content\/uploads\/2022\/01\/olx.jpg","width":200,"height":200,"caption":"Spawlab.pl"}]},"product_price_amount":"4100.00","product_price_currency":"PLN","og_availability":"instock","product_availability":"instock","product_retailer_item_id":"K1045","product_condition":"new"},"_links":{"self":[{"href":"https:\/\/spawlab.pl\/en\/wp-json\/wp\/v2\/product\/83323","targetHints":{"allow":["GET"]}}],"collection":[{"href":"https:\/\/spawlab.pl\/en\/wp-json\/wp\/v2\/product"}],"about":[{"href":"https:\/\/spawlab.pl\/en\/wp-json\/wp\/v2\/types\/product"}],"wp:featuredmedia":[{"embeddable":true,"href":"https:\/\/spawlab.pl\/en\/wp-json\/wp\/v2\/media\/83765"}],"wp:attachment":[{"href":"https:\/\/spawlab.pl\/en\/wp-json\/wp\/v2\/media?parent=83323"}],"wp:term":[{"taxonomy":"product_brand","embeddable":true,"href":"https:\/\/spawlab.pl\/en\/wp-json\/wp\/v2\/product_brand?post=83323"},{"taxonomy":"product_cat","embeddable":true,"href":"https:\/\/spawlab.pl\/en\/wp-json\/wp\/v2\/product_cat?post=83323"},{"taxonomy":"product_tag","embeddable":true,"href":"https:\/\/spawlab.pl\/en\/wp-json\/wp\/v2\/product_tag?post=83323"}],"curies":[{"name":"wp","href":"https:\/\/api.w.org\/{rel}","templated":true}]}}