{"id":83327,"date":"2026-02-11T10:31:13","date_gmt":"2026-02-11T09:31:13","guid":{"rendered":"https:\/\/spawlab.pl\/produkt\/spawarka-arc-mma-adore-x-320-igbt-welder-fantasy-hot\/"},"modified":"2026-02-11T10:31:45","modified_gmt":"2026-02-11T09:31:45","slug":"spawarka-arc-mma-adore-x-320-igbt-welder-fantasy-hot","status":"publish","type":"product","link":"https:\/\/spawlab.pl\/en\/produkt\/spawarka-arc-mma-adore-x-320-igbt-welder-fantasy-hot\/","title":{"rendered":"Spawarka ARC MMA ADORE X\/320 IGBT Welder Fantasy HOT"},"content":{"rendered":"<p style=\"text-align: justify;\"><span style=\"font-size: small; font-family: arial,helvetica,sans-serif;\">Spawarki ADORE to najnowsza ods\u0142ona  znanych i renomowanych urz\u0105dze\u0144  spawalniczych serii Welder Fantasy,  kt\u00f3re od lat ciesz\u0105 si\u0119  nies\u0142abn\u0105cym uznaniem klient\u00f3w w Polsce i  zagranic\u0105. Prezentowane  urz\u0105dzenia o zwartej, kompaktowej budowie wraz z  cyfrowym wy\u015bwietlaczem  parametr\u00f3w spawania, przeznaczone jest do  spawania metod\u0105 MMA  (elektrod\u0105 otulon\u0105).<\/span><\/p>\n<p style=\"text-align: justify;\"><span style=\"font-size: small; font-family: arial,helvetica,sans-serif;\">Dzi\u0119ki  zastosowaniu technologii opartej na przetwornikach IGBT, spawarki ADORE  charakteryzuj\u0105 si\u0119 ma\u0142ymi gabarytami oraz wysok\u0105 sprawno\u015bci\u0105.<\/span><\/p>\n<p style=\"text-align: justify;\">\u00a0<\/p>\n<p style=\"text-align: justify;\"><span style=\"font-size: small; font-family: arial,helvetica,sans-serif;\"><span style=\"color: #ff0000;\"><strong>&#8220;WELDER FANTASY&#8221; JEST CHRONIONYM I ZASTRZE\u017bONYM ZNAKIEM TOWAROWYM<\/strong><\/span> &#8211; <strong><a style=\"color: #5e42c5; text-decoration: none;\" rel=\" nofollow\" href=\"http:\/\/www.fachowiec.com\/files\/certyfikaty\/0019.pdf\" target=\"_blank\">zobacz dokument \u015awiadectwa Ochronnego<\/a><\/strong><\/span><\/p>\n<p style=\"text-align: justify;\"><span style=\"font-size: small; font-family: arial,helvetica,sans-serif;\"><strong><br \/><\/strong><\/span><\/p>\n<p style=\"text-align: justify;\"><span style=\"font-size: small; font-family: arial,helvetica,sans-serif;\">Regulowana funkcja <strong>ARC FORCE <\/strong>pomaga utrzyma\u0107 w\u0142a\u015bciwe napi\u0119cie \u0142uku podczas ca\u0142ego procesu spawalniczego. <\/span><\/p>\n<p style=\"text-align: justify;\"><span style=\"font-size: small; font-family: arial,helvetica,sans-serif;\">W przypadku, gdy operator zbyt mocno zbli\u017cy elektrod\u0119 do materia\u0142u spawalniczego to mikrokontroler podnosi napi\u0119cie \u0142uku, a w przypadku oddalenia elektrody obni\u017ca napi\u0119cie \u0142uku. W praktyce przek\u0142ada si\u0119 to na mniejsz\u0105 ilo\u015b\u0107 odprysk\u00f3w, \u0142adniejszy wygl\u0105d samego lica spoiny oraz utrudnia ewentualn\u0105 mo\u017cliwo\u015b\u0107 zwarcia elektrody z materia\u0142em spawanym.<\/span><\/p>\n<p style=\"text-align: justify;\">\u00a0<\/p>\n<p style=\"text-align: justify;\"><strong><span style=\"font-size: small; font-family: arial,helvetica,sans-serif;\">Mo\u017cliwe jest spawanie nast\u0119puj\u0105cymi metodami:<\/span><\/strong><\/p>\n<p><span style=\"font-family: arial, helvetica, sans-serif; font-size: small;\"> <\/span><\/p>\n<p><span style=\"font-family: arial, helvetica, sans-serif; font-size: small;\"> <\/span><\/p>\n<p><span style=\"font-size: small; font-family: arial,helvetica,sans-serif;\"> <\/span><\/p>\n<table border=\"0\">\n<tbody>\n<tr>\n<td><span style=\"font-family: arial,helvetica,sans-serif; font-size: small;\"><img decoding=\"async\" style=\"--smush-placeholder-width: 117px; --smush-placeholder-aspect-ratio: 117\/73;float: left;\" title=\"symbol metody MMA DC+\" data-src=\"https:\/\/fachowiec.com\/pkftp\/strona\/s_metod\/mma_dc_plus.svg\" alt=\"symbol metody MMA DC+\" width=\"117\" height=\"73\" src=\"data:image\/svg+xml;base64,PHN2ZyB3aWR0aD0iMSIgaGVpZ2h0PSIxIiB4bWxucz0iaHR0cDovL3d3dy53My5vcmcvMjAwMC9zdmciPjwvc3ZnPg==\" class=\"lazyload\" \/><\/span><\/td>\n<td style=\"text-align: justify;\"><span style=\"font-family: arial,helvetica,sans-serif; font-size: small;\"> <span style=\"color: #000000;\"><strong>MMA DC+<\/strong> <\/span>&#8211;                   W metodzie MMA wykorzystywana jest elektroda otulona,           sk\u0142adaj\u0105ca     si\u0119  z    metalowego rdzenia pokrytego otulin\u0105.     Pomi\u0119dzy       ko\u0144cem     elektrody, a     spawanym materia\u0142em     wytwarzany jest  \u0142uk      elektryczny.     Zajarzenie \u0142uku     powstaje     przez dotkni\u0119cie   ko\u0144cem     elektrody do     materia\u0142u spawanego.     MMA     DC+ oznacza   spawanie z     dodatni\u0105     biegunowo\u015bci\u0105 &#8211;  wi\u0119cej    ciep\u0142a  wydziela      si\u0119 w  materiale,    a mniej w      elektrodzie.<\/span><\/td>\n<\/tr>\n<tr>\n<td><span style=\"font-family: arial,helvetica,sans-serif; font-size: small;\"><img decoding=\"async\" style=\"--smush-placeholder-width: 117px; --smush-placeholder-aspect-ratio: 117\/73;float: left;\" title=\"symbol metody MMA DC-\" data-src=\"https:\/\/fachowiec.com\/pkftp\/strona\/s_metod\/mma_dc_minus.svg\" alt=\"symbol metody MMA DC-\" width=\"117\" height=\"73\" src=\"data:image\/svg+xml;base64,PHN2ZyB3aWR0aD0iMSIgaGVpZ2h0PSIxIiB4bWxucz0iaHR0cDovL3d3dy53My5vcmcvMjAwMC9zdmciPjwvc3ZnPg==\" class=\"lazyload\" \/><\/span><\/td>\n<td style=\"text-align: justify;\"><span style=\"font-family: arial,helvetica,sans-serif; font-size: small;\"><span style=\"color: #000000;\"><strong>MMA DC-<\/strong><\/span> &#8211; r\u00f3\u017cnica mi\u0119dzy MMA DC+ polega na tym, \u017ce biegunowo\u015b\u0107 w trybie MMA DC &#8211;                   jest ujemna, a wi\u0119c rozk\u0142ad ciep\u0142a jest odwrotny &#8211;    wi\u0119cej        ciep\u0142a         wydziela si\u0119 na elektrodzie, a mniej w    spawanym        materiale.<\/span><\/td>\n<\/tr>\n<\/tbody>\n<\/table>\n<p style=\"text-align: justify;\">\u00a0<\/p>\n<p style=\"text-align: justify;\"><span style=\"font-size: small; font-family: arial,helvetica,sans-serif;\"><strong>Kompletny zestaw zawiera:<\/strong><br \/> * spawarka WF ADORE X320<br \/> * uchwyt masowy 3m gniazdo 35-50<br \/> * uchwyt elektrodowy 3m gniazdo 35-50<br \/> * maska + szczotka<br \/> * instrukcja w j\u0119zyku polskim <\/span><\/p>\n<p><span style=\"font-weight: bold; font-size: small; font-family: arial,helvetica,sans-serif;\">DANE TECHNICZNE:<\/span><br \/><span style=\"font-size: 10pt;\"> <\/span><span style=\"font-size: 10pt;\"> <\/span><\/p>\n<table border=\"1\" cellspacing=\"0\" cellpadding=\"0\">\n<tbody>\n<tr>\n<td width=\"234\" valign=\"top\">\n<p><span style=\"font-family: arial,helvetica,sans-serif; font-size: small;\">Napi\u0119cie zasilania [V]<\/span><\/p>\n<\/td>\n<td style=\"text-align: center;\" width=\"217\" valign=\"top\">\n<p><span style=\"font-family: arial,helvetica,sans-serif; font-size: small;\">400<\/span><\/p>\n<\/td>\n<\/tr>\n<tr>\n<td width=\"234\" valign=\"top\">\n<p><span style=\"font-family: arial,helvetica,sans-serif; font-size: small;\">Pr\u0105d wej\u015bciowy AC [Hz]<\/span><\/p>\n<\/td>\n<td style=\"text-align: center;\" width=\"217\" valign=\"top\">\n<p><span style=\"font-family: arial,helvetica,sans-serif; font-size: small;\">50\/60<\/span><\/p>\n<\/td>\n<\/tr>\n<tr>\n<td width=\"234\" valign=\"top\">\n<p><span style=\"font-family: arial,helvetica,sans-serif; font-size: small;\">Zabezpieczenie [A]<\/span><\/p>\n<\/td>\n<td style=\"text-align: center;\" width=\"217\" valign=\"top\">\n<p><span style=\"font-family: arial,helvetica,sans-serif; font-size: small;\">32<\/span><\/p>\n<\/td>\n<\/tr>\n<tr>\n<td width=\"234\" valign=\"top\">\n<p><span style=\"font-family: arial,helvetica,sans-serif; font-size: small;\">Napi\u0119cie pr\u0105du ja\u0142owego [V]<\/span><\/p>\n<\/td>\n<td style=\"text-align: center;\" width=\"217\" valign=\"top\">\n<p><span style=\"font-family: arial,helvetica,sans-serif; font-size: small;\">20-30<\/span><\/p>\n<\/td>\n<\/tr>\n<tr>\n<td width=\"234\" valign=\"top\">\n<p><span style=\"font-family: arial,helvetica,sans-serif; font-size: small;\">Zakres pr\u0105du wyj\u015bciowego [A]<\/span><\/p>\n<\/td>\n<td style=\"text-align: center;\" width=\"217\" valign=\"top\">\n<p><span style=\"font-family: arial, helvetica, sans-serif; font-size: small;\">30-320<\/span><\/p>\n<\/td>\n<\/tr>\n<tr>\n<td width=\"234\" valign=\"top\">\n<p><span style=\"font-family: arial, helvetica, sans-serif; font-size: small;\">Sprawno\u015b\u0107 [%]<\/span><\/p>\n<\/td>\n<td style=\"text-align: center;\" width=\"217\" valign=\"top\">\n<p><span style=\"font-family: arial, helvetica, sans-serif; font-size: small;\">80<\/span><\/p>\n<\/td>\n<\/tr>\n<tr>\n<td width=\"234\" valign=\"top\">\n<p><span style=\"font-family: arial,helvetica,sans-serif; font-size: small;\">Wsp\u00f3\u0142czynnik mocy COS<\/span><\/p>\n<\/td>\n<td style=\"text-align: center;\" width=\"217\" valign=\"top\">\n<p><span style=\"font-family: arial,helvetica,sans-serif; font-size: small;\">0,93<\/span><\/p>\n<\/td>\n<\/tr>\n<tr>\n<td width=\"234\" valign=\"top\">\n<p><span style=\"font-family: arial,helvetica,sans-serif; font-size: small;\">Stopie\u0144 ochrony<\/span><\/p>\n<\/td>\n<td style=\"text-align: center;\" width=\"217\" valign=\"top\">\n<p><span style=\"font-family: arial,helvetica,sans-serif; font-size: small;\">IP21S<\/span><\/p>\n<\/td>\n<\/tr>\n<tr>\n<td width=\"234\" valign=\"top\">\n<p><span style=\"font-family: arial,helvetica,sans-serif; font-size: small;\">Waga [kg]<\/span><\/p>\n<\/td>\n<td style=\"text-align: center;\" width=\"217\" valign=\"top\">\n<p><span style=\"font-family: arial,helvetica,sans-serif; font-size: small;\">12,7<\/span><\/p>\n<\/td>\n<\/tr>\n<tr>\n<td width=\"234\" valign=\"top\">\n<p><span style=\"font-family: arial,helvetica,sans-serif; font-size: small;\">Wymiary [mm]<\/span><\/p>\n<\/td>\n<td style=\"text-align: center;\" width=\"217\" valign=\"top\">\n<p><span style=\"font-family: arial,helvetica,sans-serif; font-size: small;\">410*225*340<\/span><\/p>\n<\/td>\n<\/tr>\n<\/tbody>\n<\/table>\n<p style=\"text-align: justify;\"><span style=\"font-size: 10pt;\"> <\/span><\/p>\n","protected":false},"excerpt":{"rendered":"<p>Spawarki ADORE to najnowsza ods\u0142ona znanych i renomowanych urz\u0105dze\u0144 spawalniczych serii Welder Fantasy, kt\u00f3re od lat ciesz\u0105 si\u0119 nies\u0142abn\u0105cym uznaniem klient\u00f3w w Polsce i zagranic\u0105. Prezentowane urz\u0105dzenia o zwartej, kompaktowej budowie wraz z cyfrowym wy\u015bwietlaczem parametr\u00f3w spawania, przeznaczone jest do spawania metod\u0105 MMA (elektrod\u0105 otulon\u0105). Dzi\u0119ki zastosowaniu technologii opartej na przetwornikach IGBT, spawarki ADORE charakteryzuj\u0105 [&hellip;]<\/p>\n","protected":false},"featured_media":83813,"template":"","meta":{"inline_featured_image":false},"product_brand":[31235],"product_cat":[81,22,3342,31236],"product_tag":[],"class_list":{"0":"post-83327","1":"product","2":"type-product","3":"status-publish","4":"has-post-thumbnail","6":"product_brand-welder-fantasy","7":"product_cat-akcesoria-czesci","8":"product_cat-mma12","9":"product_cat-strefa-marki","10":"product_cat-welder-fantasy","12":"first","13":"instock","14":"purchasable","15":"product-type-simple"},"yoast_head":"<!-- This site is optimized with the Yoast SEO Premium plugin v27.0 (Yoast SEO v27.3) - https:\/\/yoast.com\/product\/yoast-seo-premium-wordpress\/ -->\n<title>Spawarka ARC MMA ADORE X\/320 IGBT Welder Fantasy HOT - SpawLab - Welding equipment and plasma cutters - store and service<\/title>\n<meta name=\"description\" content=\"Lider sprzeda\u017cy, Oficjalny Dystrybutor Premium i Serwis na Polsk\u0119 Migatronic, Gys, Voestalpine Bohler Welding. Nowe i u\u017cywane Spawarki, Przecinarki Plazmowe, Kompresory. Mgr in\u017c. Jaros\u0142aw Ko\u0142aski, IWE\" \/>\n<meta name=\"robots\" content=\"index, follow, max-snippet:-1, max-image-preview:large, max-video-preview:-1\" \/>\n<link rel=\"canonical\" href=\"https:\/\/spawlab.pl\/en\/produkt\/spawarka-arc-mma-adore-x-320-igbt-welder-fantasy-hot\/\" \/>\n<meta property=\"og:locale\" content=\"en_US\" \/>\n<meta property=\"og:type\" content=\"article\" \/>\n<meta property=\"og:title\" content=\"Spawarka ARC MMA ADORE X\/320 IGBT Welder Fantasy HOT\" \/>\n<meta property=\"og:description\" content=\"Lider sprzeda\u017cy, Oficjalny Dystrybutor Premium i Serwis na Polsk\u0119 Migatronic, Gys, Voestalpine Bohler Welding. Nowe i u\u017cywane Spawarki, Przecinarki Plazmowe, Kompresory. Mgr in\u017c. Jaros\u0142aw Ko\u0142aski, IWE\" \/>\n<meta property=\"og:url\" content=\"https:\/\/spawlab.pl\/en\/produkt\/spawarka-arc-mma-adore-x-320-igbt-welder-fantasy-hot\/\" \/>\n<meta property=\"og:site_name\" content=\"SpawLab - Welding equipment and plasma cutters - store and service\" \/>\n<meta property=\"article:publisher\" content=\"https:\/\/www.facebook.com\/Spawlab\/\" \/>\n<meta property=\"article:modified_time\" content=\"2026-02-11T09:31:45+00:00\" \/>\n<meta property=\"og:image\" content=\"https:\/\/spawlab.pl\/wp-content\/uploads\/2025\/12\/x320.jpg\" \/>\n\t<meta property=\"og:image:width\" content=\"1447\" \/>\n\t<meta property=\"og:image:height\" content=\"1600\" \/>\n\t<meta property=\"og:image:type\" content=\"image\/jpeg\" \/>\n<meta name=\"twitter:label1\" content=\"Price\" \/>\n\t<meta name=\"twitter:data1\" content=\"890,00&nbsp;&#122;&#322;\" \/>\n\t<meta name=\"twitter:label2\" content=\"Availability\" \/>\n\t<meta name=\"twitter:data2\" content=\"In stock\" \/>\n<script type=\"application\/ld+json\" class=\"yoast-schema-graph\">{\"@context\":\"https:\\\/\\\/schema.org\",\"@graph\":[{\"@type\":[\"WebPage\",\"ItemPage\"],\"@id\":\"https:\\\/\\\/spawlab.pl\\\/en\\\/produkt\\\/spawarka-arc-mma-adore-x-320-igbt-welder-fantasy-hot\\\/\",\"url\":\"https:\\\/\\\/spawlab.pl\\\/en\\\/produkt\\\/spawarka-arc-mma-adore-x-320-igbt-welder-fantasy-hot\\\/\",\"name\":\"Spawarka ARC MMA ADORE X\\\/320 IGBT Welder Fantasy HOT - SpawLab - Welding equipment and plasma cutters - store and service\",\"isPartOf\":{\"@id\":\"https:\\\/\\\/spawlab.pl\\\/en\\\/#website\"},\"primaryImageOfPage\":{\"@id\":\"https:\\\/\\\/spawlab.pl\\\/en\\\/produkt\\\/spawarka-arc-mma-adore-x-320-igbt-welder-fantasy-hot\\\/#primaryimage\"},\"image\":{\"@id\":\"https:\\\/\\\/spawlab.pl\\\/en\\\/produkt\\\/spawarka-arc-mma-adore-x-320-igbt-welder-fantasy-hot\\\/#primaryimage\"},\"thumbnailUrl\":\"https:\\\/\\\/spawlab.pl\\\/wp-content\\\/uploads\\\/2025\\\/12\\\/x320.jpg\",\"datePublished\":\"2026-02-11T09:31:13+00:00\",\"dateModified\":\"2026-02-11T09:31:45+00:00\",\"description\":\"Lider sprzeda\u017cy, Oficjalny Dystrybutor Premium i Serwis na Polsk\u0119 Migatronic, Gys, Voestalpine Bohler Welding. Nowe i u\u017cywane Spawarki, Przecinarki Plazmowe, Kompresory. Mgr in\u017c. Jaros\u0142aw Ko\u0142aski, IWE\",\"breadcrumb\":{\"@id\":\"https:\\\/\\\/spawlab.pl\\\/en\\\/produkt\\\/spawarka-arc-mma-adore-x-320-igbt-welder-fantasy-hot\\\/#breadcrumb\"},\"inLanguage\":\"en-US\",\"potentialAction\":[{\"@type\":\"ReadAction\",\"target\":[\"https:\\\/\\\/spawlab.pl\\\/en\\\/produkt\\\/spawarka-arc-mma-adore-x-320-igbt-welder-fantasy-hot\\\/\"]}]},{\"@type\":\"ImageObject\",\"inLanguage\":\"en-US\",\"@id\":\"https:\\\/\\\/spawlab.pl\\\/en\\\/produkt\\\/spawarka-arc-mma-adore-x-320-igbt-welder-fantasy-hot\\\/#primaryimage\",\"url\":\"https:\\\/\\\/spawlab.pl\\\/wp-content\\\/uploads\\\/2025\\\/12\\\/x320.jpg\",\"contentUrl\":\"https:\\\/\\\/spawlab.pl\\\/wp-content\\\/uploads\\\/2025\\\/12\\\/x320.jpg\",\"width\":1447,\"height\":1600},{\"@type\":\"BreadcrumbList\",\"@id\":\"https:\\\/\\\/spawlab.pl\\\/en\\\/produkt\\\/spawarka-arc-mma-adore-x-320-igbt-welder-fantasy-hot\\\/#breadcrumb\",\"itemListElement\":[{\"@type\":\"ListItem\",\"position\":1,\"name\":\"Strona g\u0142\u00f3wna\",\"item\":\"https:\\\/\\\/spawlab.pl\\\/en\\\/\"},{\"@type\":\"ListItem\",\"position\":2,\"name\":\"Store\",\"item\":\"https:\\\/\\\/spawlab.pl\\\/en\\\/shop\\\/\"},{\"@type\":\"ListItem\",\"position\":3,\"name\":\"Spawarka ARC MMA ADORE X\\\/320 IGBT Welder Fantasy HOT\"}]},{\"@type\":\"WebSite\",\"@id\":\"https:\\\/\\\/spawlab.pl\\\/en\\\/#website\",\"url\":\"https:\\\/\\\/spawlab.pl\\\/en\\\/\",\"name\":\"Spawlab.pl Lider - Spawarki, Przecinarki Plazmowe, Kompresory\",\"description\":\"Urz\u0105dzenia spawalnicze i Przecinarki plazmowe\\\/ nowe i u\u017cywane \\\/ Profesjonalny serwis\",\"publisher\":{\"@id\":\"https:\\\/\\\/spawlab.pl\\\/en\\\/#organization\"},\"alternateName\":\"Spawlab.pl - Dystrybutor Premium i Serwis na Polske Migatronic, Gys, Voestalpine Bohler Welding\",\"potentialAction\":[{\"@type\":\"SearchAction\",\"target\":{\"@type\":\"EntryPoint\",\"urlTemplate\":\"https:\\\/\\\/spawlab.pl\\\/en\\\/?s={search_term_string}\"},\"query-input\":{\"@type\":\"PropertyValueSpecification\",\"valueRequired\":true,\"valueName\":\"search_term_string\"}}],\"inLanguage\":\"en-US\"},{\"@type\":[\"Organization\",\"Place\"],\"@id\":\"https:\\\/\\\/spawlab.pl\\\/en\\\/#organization\",\"name\":\"Spawlab.pl\",\"url\":\"https:\\\/\\\/spawlab.pl\\\/en\\\/\",\"logo\":{\"@id\":\"https:\\\/\\\/spawlab.pl\\\/en\\\/produkt\\\/spawarka-arc-mma-adore-x-320-igbt-welder-fantasy-hot\\\/#local-main-organization-logo\"},\"image\":{\"@id\":\"https:\\\/\\\/spawlab.pl\\\/en\\\/produkt\\\/spawarka-arc-mma-adore-x-320-igbt-welder-fantasy-hot\\\/#local-main-organization-logo\"},\"sameAs\":[\"https:\\\/\\\/www.facebook.com\\\/Spawlab\\\/\",\"https:\\\/\\\/www.linkedin.com\\\/company\\\/spawlab\",\"https:\\\/\\\/www.instagram.com\\\/spawlab.pl\",\"https:\\\/\\\/www.tiktok.com\\\/@spawlab\"],\"description\":\"Lider sprzeda\u017cy, Oficjalny Dystrybutor Premium i Serwis na Polsk\u0119 Migatronic, Gys, Voestalpine Bohler Welding. Nowe i u\u017cywane Spawarki, Przecinarki Plazmowe, Kompresory. Mgr in\u017c. Jaros\u0142aw Ko\u0142aski, IWE\",\"hasMerchantReturnPolicy\":{\"@type\":\"MerchantReturnPolicy\",\"merchantReturnLink\":\"https:\\\/\\\/spawlab.pl\\\/polityka-prywatnosci-2\\\/\"},\"telephone\":[],\"openingHoursSpecification\":[{\"@type\":\"OpeningHoursSpecification\",\"dayOfWeek\":[\"Monday\",\"Tuesday\",\"Wednesday\",\"Thursday\",\"Friday\",\"Saturday\",\"Sunday\"],\"opens\":\"09:00\",\"closes\":\"17:00\"}]},{\"@type\":\"ImageObject\",\"inLanguage\":\"en-US\",\"@id\":\"https:\\\/\\\/spawlab.pl\\\/en\\\/produkt\\\/spawarka-arc-mma-adore-x-320-igbt-welder-fantasy-hot\\\/#local-main-organization-logo\",\"url\":\"https:\\\/\\\/spawlab.pl\\\/wp-content\\\/uploads\\\/2022\\\/01\\\/olx.jpg\",\"contentUrl\":\"https:\\\/\\\/spawlab.pl\\\/wp-content\\\/uploads\\\/2022\\\/01\\\/olx.jpg\",\"width\":200,\"height\":200,\"caption\":\"Spawlab.pl\"}]}<\/script>\n<meta property=\"product:price:amount\" content=\"890.00\" \/>\n<meta property=\"product:price:currency\" content=\"PLN\" \/>\n<meta property=\"og:availability\" content=\"instock\" \/>\n<meta property=\"product:availability\" content=\"instock\" \/>\n<meta property=\"product:retailer_item_id\" content=\"X320\" \/>\n<meta property=\"product:condition\" content=\"new\" \/>\n<!-- \/ Yoast SEO Premium plugin. -->","yoast_head_json":{"title":"Spawarka ARC MMA ADORE X\/320 IGBT Welder Fantasy HOT - SpawLab - Welding equipment and plasma cutters - store and service","description":"Lider sprzeda\u017cy, Oficjalny Dystrybutor Premium i Serwis na Polsk\u0119 Migatronic, Gys, Voestalpine Bohler Welding. Nowe i u\u017cywane Spawarki, Przecinarki Plazmowe, Kompresory. Mgr in\u017c. Jaros\u0142aw Ko\u0142aski, IWE","robots":{"index":"index","follow":"follow","max-snippet":"max-snippet:-1","max-image-preview":"max-image-preview:large","max-video-preview":"max-video-preview:-1"},"canonical":"https:\/\/spawlab.pl\/en\/produkt\/spawarka-arc-mma-adore-x-320-igbt-welder-fantasy-hot\/","og_locale":"en_US","og_type":"article","og_title":"Spawarka ARC MMA ADORE X\/320 IGBT Welder Fantasy HOT","og_description":"Lider sprzeda\u017cy, Oficjalny Dystrybutor Premium i Serwis na Polsk\u0119 Migatronic, Gys, Voestalpine Bohler Welding. Nowe i u\u017cywane Spawarki, Przecinarki Plazmowe, Kompresory. Mgr in\u017c. Jaros\u0142aw Ko\u0142aski, IWE","og_url":"https:\/\/spawlab.pl\/en\/produkt\/spawarka-arc-mma-adore-x-320-igbt-welder-fantasy-hot\/","og_site_name":"SpawLab - Welding equipment and plasma cutters - store and service","article_publisher":"https:\/\/www.facebook.com\/Spawlab\/","article_modified_time":"2026-02-11T09:31:45+00:00","og_image":[{"width":1447,"height":1600,"url":"https:\/\/spawlab.pl\/wp-content\/uploads\/2025\/12\/x320.jpg","type":"image\/jpeg"}],"twitter_misc":{"Price":"890,00&nbsp;&#122;&#322;","Availability":"In stock"},"schema":{"@context":"https:\/\/schema.org","@graph":[{"@type":["WebPage","ItemPage"],"@id":"https:\/\/spawlab.pl\/en\/produkt\/spawarka-arc-mma-adore-x-320-igbt-welder-fantasy-hot\/","url":"https:\/\/spawlab.pl\/en\/produkt\/spawarka-arc-mma-adore-x-320-igbt-welder-fantasy-hot\/","name":"Spawarka ARC MMA ADORE X\/320 IGBT Welder Fantasy HOT - SpawLab - Welding equipment and plasma cutters - store and service","isPartOf":{"@id":"https:\/\/spawlab.pl\/en\/#website"},"primaryImageOfPage":{"@id":"https:\/\/spawlab.pl\/en\/produkt\/spawarka-arc-mma-adore-x-320-igbt-welder-fantasy-hot\/#primaryimage"},"image":{"@id":"https:\/\/spawlab.pl\/en\/produkt\/spawarka-arc-mma-adore-x-320-igbt-welder-fantasy-hot\/#primaryimage"},"thumbnailUrl":"https:\/\/spawlab.pl\/wp-content\/uploads\/2025\/12\/x320.jpg","datePublished":"2026-02-11T09:31:13+00:00","dateModified":"2026-02-11T09:31:45+00:00","description":"Lider sprzeda\u017cy, Oficjalny Dystrybutor Premium i Serwis na Polsk\u0119 Migatronic, Gys, Voestalpine Bohler Welding. Nowe i u\u017cywane Spawarki, Przecinarki Plazmowe, Kompresory. Mgr in\u017c. Jaros\u0142aw Ko\u0142aski, IWE","breadcrumb":{"@id":"https:\/\/spawlab.pl\/en\/produkt\/spawarka-arc-mma-adore-x-320-igbt-welder-fantasy-hot\/#breadcrumb"},"inLanguage":"en-US","potentialAction":[{"@type":"ReadAction","target":["https:\/\/spawlab.pl\/en\/produkt\/spawarka-arc-mma-adore-x-320-igbt-welder-fantasy-hot\/"]}]},{"@type":"ImageObject","inLanguage":"en-US","@id":"https:\/\/spawlab.pl\/en\/produkt\/spawarka-arc-mma-adore-x-320-igbt-welder-fantasy-hot\/#primaryimage","url":"https:\/\/spawlab.pl\/wp-content\/uploads\/2025\/12\/x320.jpg","contentUrl":"https:\/\/spawlab.pl\/wp-content\/uploads\/2025\/12\/x320.jpg","width":1447,"height":1600},{"@type":"BreadcrumbList","@id":"https:\/\/spawlab.pl\/en\/produkt\/spawarka-arc-mma-adore-x-320-igbt-welder-fantasy-hot\/#breadcrumb","itemListElement":[{"@type":"ListItem","position":1,"name":"Strona g\u0142\u00f3wna","item":"https:\/\/spawlab.pl\/en\/"},{"@type":"ListItem","position":2,"name":"Store","item":"https:\/\/spawlab.pl\/en\/shop\/"},{"@type":"ListItem","position":3,"name":"Spawarka ARC MMA ADORE X\/320 IGBT Welder Fantasy HOT"}]},{"@type":"WebSite","@id":"https:\/\/spawlab.pl\/en\/#website","url":"https:\/\/spawlab.pl\/en\/","name":"Spawlab.pl Lider - Spawarki, Przecinarki Plazmowe, Kompresory","description":"Urz\u0105dzenia spawalnicze i Przecinarki plazmowe\/ nowe i u\u017cywane \/ Profesjonalny serwis","publisher":{"@id":"https:\/\/spawlab.pl\/en\/#organization"},"alternateName":"Spawlab.pl - Dystrybutor Premium i Serwis na Polske Migatronic, Gys, Voestalpine Bohler Welding","potentialAction":[{"@type":"SearchAction","target":{"@type":"EntryPoint","urlTemplate":"https:\/\/spawlab.pl\/en\/?s={search_term_string}"},"query-input":{"@type":"PropertyValueSpecification","valueRequired":true,"valueName":"search_term_string"}}],"inLanguage":"en-US"},{"@type":["Organization","Place"],"@id":"https:\/\/spawlab.pl\/en\/#organization","name":"Spawlab.pl","url":"https:\/\/spawlab.pl\/en\/","logo":{"@id":"https:\/\/spawlab.pl\/en\/produkt\/spawarka-arc-mma-adore-x-320-igbt-welder-fantasy-hot\/#local-main-organization-logo"},"image":{"@id":"https:\/\/spawlab.pl\/en\/produkt\/spawarka-arc-mma-adore-x-320-igbt-welder-fantasy-hot\/#local-main-organization-logo"},"sameAs":["https:\/\/www.facebook.com\/Spawlab\/","https:\/\/www.linkedin.com\/company\/spawlab","https:\/\/www.instagram.com\/spawlab.pl","https:\/\/www.tiktok.com\/@spawlab"],"description":"Lider sprzeda\u017cy, Oficjalny Dystrybutor Premium i Serwis na Polsk\u0119 Migatronic, Gys, Voestalpine Bohler Welding. Nowe i u\u017cywane Spawarki, Przecinarki Plazmowe, Kompresory. Mgr in\u017c. Jaros\u0142aw Ko\u0142aski, IWE","hasMerchantReturnPolicy":{"@type":"MerchantReturnPolicy","merchantReturnLink":"https:\/\/spawlab.pl\/polityka-prywatnosci-2\/"},"telephone":[],"openingHoursSpecification":[{"@type":"OpeningHoursSpecification","dayOfWeek":["Monday","Tuesday","Wednesday","Thursday","Friday","Saturday","Sunday"],"opens":"09:00","closes":"17:00"}]},{"@type":"ImageObject","inLanguage":"en-US","@id":"https:\/\/spawlab.pl\/en\/produkt\/spawarka-arc-mma-adore-x-320-igbt-welder-fantasy-hot\/#local-main-organization-logo","url":"https:\/\/spawlab.pl\/wp-content\/uploads\/2022\/01\/olx.jpg","contentUrl":"https:\/\/spawlab.pl\/wp-content\/uploads\/2022\/01\/olx.jpg","width":200,"height":200,"caption":"Spawlab.pl"}]},"product_price_amount":"890.00","product_price_currency":"PLN","og_availability":"instock","product_availability":"instock","product_retailer_item_id":"X320","product_condition":"new"},"_links":{"self":[{"href":"https:\/\/spawlab.pl\/en\/wp-json\/wp\/v2\/product\/83327","targetHints":{"allow":["GET"]}}],"collection":[{"href":"https:\/\/spawlab.pl\/en\/wp-json\/wp\/v2\/product"}],"about":[{"href":"https:\/\/spawlab.pl\/en\/wp-json\/wp\/v2\/types\/product"}],"wp:featuredmedia":[{"embeddable":true,"href":"https:\/\/spawlab.pl\/en\/wp-json\/wp\/v2\/media\/83813"}],"wp:attachment":[{"href":"https:\/\/spawlab.pl\/en\/wp-json\/wp\/v2\/media?parent=83327"}],"wp:term":[{"taxonomy":"product_brand","embeddable":true,"href":"https:\/\/spawlab.pl\/en\/wp-json\/wp\/v2\/product_brand?post=83327"},{"taxonomy":"product_cat","embeddable":true,"href":"https:\/\/spawlab.pl\/en\/wp-json\/wp\/v2\/product_cat?post=83327"},{"taxonomy":"product_tag","embeddable":true,"href":"https:\/\/spawlab.pl\/en\/wp-json\/wp\/v2\/product_tag?post=83327"}],"curies":[{"name":"wp","href":"https:\/\/api.w.org\/{rel}","templated":true}]}}