{"id":83332,"date":"2026-02-11T10:32:13","date_gmt":"2026-02-11T09:32:13","guid":{"rendered":"https:\/\/spawlab.pl\/produkt\/sprezarka-tlokowa-kompresor-shamal-ct-750-500-k30-5-5-kw-400v-14-bar\/"},"modified":"2026-02-11T10:32:15","modified_gmt":"2026-02-11T09:32:15","slug":"sprezarka-tlokowa-kompresor-shamal-ct-750-500-k30-5-5-kw-400v-14-bar","status":"publish","type":"product","link":"https:\/\/spawlab.pl\/en\/produkt\/sprezarka-tlokowa-kompresor-shamal-ct-750-500-k30-5-5-kw-400v-14-bar\/","title":{"rendered":"Spr\u0119\u017carka t\u0142okowa kompresor Shamal CT 750\/500 K30 5.5 kW 400V 14 bar"},"content":{"rendered":"<p style=\"text-align: justify;\"><span style=\"font-family: arial,helvetica,sans-serif; font-size: small;\">Spr\u0119\u017carki w\u0142oskiej firmy SHAMAL<span style=\"color: #000000;\"><sup>\u00ae <\/sup><\/span>to   najwy\u017csza jako\u015b\u0107 urz\u0105dze\u0144 oraz gwarancja d\u0142ugiej i bezproblemowej   pracy. Kompresor CT 750\/500 14 bar z \u017celiwnym agregatem znajdzie zastosowanie  w  warsztatach motoryzacyjnych, budownictwie i przemy\u015ble. Posiada   zabezpieczenie termiczne oraz zaw\u00f3r odpr\u0119\u017caj\u0105cy umo\u017cliwiaj\u0105cy \u0142atwiejszy   ponowny rozruch silnika.<br \/>Standardowe  wyposa\u017cenie spr\u0119\u017carki obejmuje presostat, zaw\u00f3r bezpiecze\u0144stwa, zaw\u00f3r zwrotny, zaw\u00f3r odwadniaj\u0105cy. Kompresor  posiada dodatkowo zaw\u00f3r odpr\u0119\u017caj\u0105cy u\u0142atwiaj\u0105cy ponowny rozruch. <\/span><\/p>\n<p><span style=\"font-weight: bold; font-size: small; font-family: arial,helvetica,sans-serif;\">DANE TECHNICZNE:<\/span><br \/><span style=\"font-size: 10pt;\"> <\/span><span style=\"font-size: 10pt;\"> <\/span><\/p>\n<table border=\"1\" cellspacing=\"0\" cellpadding=\"0\">\n<tbody>\n<tr>\n<td width=\"234\" valign=\"top\">\n<p><span style=\"font-family: arial,helvetica,sans-serif; font-size: small;\">Pojemno\u015b\u0107 zbiornika [l]<\/span><\/p>\n<\/td>\n<td style=\"text-align: center;\" width=\"217\" valign=\"top\">\n<p><span style=\"font-family: arial,helvetica,sans-serif; font-size: small;\">500<\/span><\/p>\n<\/td>\n<\/tr>\n<tr>\n<td width=\"234\" valign=\"top\">\n<p><span style=\"font-family: arial,helvetica,sans-serif; font-size: small;\">Wydajno\u015b\u0107 [l\/min]<\/span><\/p>\n<\/td>\n<td style=\"text-align: center;\" width=\"217\" valign=\"top\">\n<p><span style=\"font-family: arial,helvetica,sans-serif; font-size: small;\">582<\/span><\/p>\n<\/td>\n<\/tr>\n<tr>\n<td width=\"234\" valign=\"top\">\n<p><span style=\"font-family: arial,helvetica,sans-serif; font-size: small;\">Wydajno\u015b\u0107 [m3\/h]<\/span><\/p>\n<\/td>\n<td style=\"text-align: center;\" width=\"217\" valign=\"top\">\n<p><span style=\"font-family: arial,helvetica,sans-serif; font-size: small;\">35<\/span><\/p>\n<\/td>\n<\/tr>\n<tr>\n<td width=\"234\" valign=\"top\">\n<p><span style=\"font-family: arial,helvetica,sans-serif; font-size: small;\">Moc silnika [kW]<\/span><\/p>\n<\/td>\n<td style=\"text-align: center;\" width=\"217\" valign=\"top\">\n<p><span style=\"font-family: arial,helvetica,sans-serif; font-size: small;\">5,5<\/span><\/p>\n<\/td>\n<\/tr>\n<tr>\n<td width=\"234\" valign=\"top\">\n<p><span style=\"font-family: arial,helvetica,sans-serif; font-size: small;\">Napi\u0119cie zasilania [V]<\/span><\/p>\n<\/td>\n<td style=\"text-align: center;\" width=\"217\" valign=\"top\">\n<p><span style=\"font-family: arial,helvetica,sans-serif; font-size: small;\">400<\/span><\/p>\n<\/td>\n<\/tr>\n<tr>\n<td width=\"234\" valign=\"top\">\n<p><span style=\"font-family: arial,helvetica,sans-serif; font-size: small;\">Obroty na minut\u0119 [r.p.m.]<\/span><\/p>\n<\/td>\n<td style=\"text-align: center;\" width=\"217\" valign=\"top\">\n<p><span style=\"font-family: arial,helvetica,sans-serif; font-size: small;\">800<\/span><\/p>\n<\/td>\n<\/tr>\n<tr>\n<td width=\"234\" valign=\"top\">\n<p><span style=\"font-family: arial,helvetica,sans-serif; font-size: small;\">Max ci\u015bnienie [bar]<\/span><\/p>\n<\/td>\n<td style=\"text-align: center;\" width=\"217\" valign=\"top\">\n<p><span style=\"font-family: arial,helvetica,sans-serif; font-size: small;\">14<\/span><\/p>\n<\/td>\n<\/tr>\n<tr>\n<td width=\"234\" valign=\"top\">\n<p><span style=\"font-family: arial,helvetica,sans-serif; font-size: small;\">Typ pompy<\/span><\/p>\n<\/td>\n<td style=\"text-align: center;\" width=\"217\" valign=\"top\">\n<p><span style=\"font-family: arial,helvetica,sans-serif; font-size: small;\">K30<\/span><\/p>\n<\/td>\n<\/tr>\n<tr>\n<td width=\"234\" valign=\"top\">\n<p><span style=\"font-family: arial,helvetica,sans-serif; font-size: small;\">Ilo\u015b\u0107 t\u0142ok\u00f3w<\/span><\/p>\n<\/td>\n<td style=\"text-align: center;\" width=\"217\" valign=\"top\">\n<p><span style=\"font-family: arial,helvetica,sans-serif; font-size: small;\">2<\/span><\/p>\n<\/td>\n<\/tr>\n<tr>\n<td width=\"234\" valign=\"top\">\n<p><span style=\"font-family: arial,helvetica,sans-serif; font-size: small;\">Stopnie spr\u0119\u017cania<\/span><\/p>\n<\/td>\n<td style=\"text-align: center;\" width=\"217\" valign=\"top\">\n<p><span style=\"font-family: arial,helvetica,sans-serif; font-size: small;\">2<\/span><\/p>\n<\/td>\n<\/tr>\n<tr>\n<td width=\"234\" valign=\"top\">\n<p><span style=\"font-family: arial,helvetica,sans-serif; font-size: small;\">Waga [kg]<\/span><\/p>\n<\/td>\n<td style=\"text-align: center;\" width=\"217\" valign=\"top\">\n<p><span style=\"font-family: arial,helvetica,sans-serif; font-size: small;\">230<\/span><\/p>\n<\/td>\n<\/tr>\n<tr>\n<td width=\"234\" valign=\"top\">\n<p><span style=\"font-family: arial,helvetica,sans-serif; font-size: small;\">Wymiary [mm]<\/span><\/p>\n<\/td>\n<td style=\"text-align: center;\" width=\"217\" valign=\"top\">\n<p><span style=\"font-family: arial,helvetica,sans-serif; font-size: small;\">2010*650*1330<\/span><\/p>\n<\/td>\n<\/tr>\n<\/tbody>\n<\/table>\n<p style=\"text-align: justify;\"><span style=\"font-size: 10pt;\"> <\/span><\/p>\n","protected":false},"excerpt":{"rendered":"<p>Spr\u0119\u017carki w\u0142oskiej firmy SHAMAL\u00ae to najwy\u017csza jako\u015b\u0107 urz\u0105dze\u0144 oraz gwarancja d\u0142ugiej i bezproblemowej pracy. Kompresor CT 750\/500 14 bar z \u017celiwnym agregatem znajdzie zastosowanie w warsztatach motoryzacyjnych, budownictwie i przemy\u015ble. Posiada zabezpieczenie termiczne oraz zaw\u00f3r odpr\u0119\u017caj\u0105cy umo\u017cliwiaj\u0105cy \u0142atwiejszy ponowny rozruch silnika.Standardowe wyposa\u017cenie spr\u0119\u017carki obejmuje presostat, zaw\u00f3r bezpiecze\u0144stwa, zaw\u00f3r zwrotny, zaw\u00f3r odwadniaj\u0105cy. Kompresor posiada dodatkowo zaw\u00f3r [&hellip;]<\/p>\n","protected":false},"featured_media":83863,"template":"","meta":{"inline_featured_image":false},"product_brand":[31235],"product_cat":[81,1036,343,3342,31236],"product_tag":[],"class_list":{"0":"post-83332","1":"product","2":"type-product","3":"status-publish","4":"has-post-thumbnail","6":"product_brand-welder-fantasy","7":"product_cat-akcesoria-czesci","8":"product_cat-kompresory1","9":"product_cat-sprezarki-i-kompresory1","10":"product_cat-strefa-marki","11":"product_cat-welder-fantasy","13":"first","14":"instock","15":"purchasable","16":"product-type-simple"},"yoast_head":"<!-- This site is optimized with the Yoast SEO Premium plugin v27.0 (Yoast SEO v27.3) - https:\/\/yoast.com\/product\/yoast-seo-premium-wordpress\/ -->\n<title>Spr\u0119\u017carka t\u0142okowa kompresor Shamal CT 750\/500 K30 5.5 kW 400V 14 bar - SpawLab - Welding equipment and plasma cutters - store and service<\/title>\n<meta name=\"description\" content=\"Lider sprzeda\u017cy, Oficjalny Dystrybutor Premium i Serwis na Polsk\u0119 Migatronic, Gys, Voestalpine Bohler Welding. Nowe i u\u017cywane Spawarki, Przecinarki Plazmowe, Kompresory. Mgr in\u017c. Jaros\u0142aw Ko\u0142aski, IWE\" \/>\n<meta name=\"robots\" content=\"index, follow, max-snippet:-1, max-image-preview:large, max-video-preview:-1\" \/>\n<link rel=\"canonical\" href=\"https:\/\/spawlab.pl\/en\/produkt\/sprezarka-tlokowa-kompresor-shamal-ct-750-500-k30-5-5-kw-400v-14-bar\/\" \/>\n<meta property=\"og:locale\" content=\"en_US\" \/>\n<meta property=\"og:type\" content=\"article\" \/>\n<meta property=\"og:title\" content=\"Spr\u0119\u017carka t\u0142okowa kompresor Shamal CT 750\/500 K30 5.5 kW 400V 14 bar\" \/>\n<meta property=\"og:description\" content=\"Lider sprzeda\u017cy, Oficjalny Dystrybutor Premium i Serwis na Polsk\u0119 Migatronic, Gys, Voestalpine Bohler Welding. Nowe i u\u017cywane Spawarki, Przecinarki Plazmowe, Kompresory. Mgr in\u017c. Jaros\u0142aw Ko\u0142aski, IWE\" \/>\n<meta property=\"og:url\" content=\"https:\/\/spawlab.pl\/en\/produkt\/sprezarka-tlokowa-kompresor-shamal-ct-750-500-k30-5-5-kw-400v-14-bar\/\" \/>\n<meta property=\"og:site_name\" content=\"SpawLab - Welding equipment and plasma cutters - store and service\" \/>\n<meta property=\"article:publisher\" content=\"https:\/\/www.facebook.com\/Spawlab\/\" \/>\n<meta property=\"article:modified_time\" content=\"2026-02-11T09:32:15+00:00\" \/>\n<meta property=\"og:image\" content=\"https:\/\/spawlab.pl\/wp-content\/uploads\/2025\/12\/k2035.jpg\" \/>\n\t<meta property=\"og:image:width\" content=\"630\" \/>\n\t<meta property=\"og:image:height\" content=\"540\" \/>\n\t<meta property=\"og:image:type\" content=\"image\/jpeg\" \/>\n<meta name=\"twitter:label1\" content=\"Price\" \/>\n\t<meta name=\"twitter:data1\" content=\"12 200,00&nbsp;&#122;&#322;\" \/>\n\t<meta name=\"twitter:label2\" content=\"Availability\" \/>\n\t<meta name=\"twitter:data2\" content=\"In stock\" \/>\n<script type=\"application\/ld+json\" class=\"yoast-schema-graph\">{\"@context\":\"https:\\\/\\\/schema.org\",\"@graph\":[{\"@type\":[\"WebPage\",\"ItemPage\"],\"@id\":\"https:\\\/\\\/spawlab.pl\\\/en\\\/produkt\\\/sprezarka-tlokowa-kompresor-shamal-ct-750-500-k30-5-5-kw-400v-14-bar\\\/\",\"url\":\"https:\\\/\\\/spawlab.pl\\\/en\\\/produkt\\\/sprezarka-tlokowa-kompresor-shamal-ct-750-500-k30-5-5-kw-400v-14-bar\\\/\",\"name\":\"Spr\u0119\u017carka t\u0142okowa kompresor Shamal CT 750\\\/500 K30 5.5 kW 400V 14 bar - SpawLab - Welding equipment and plasma cutters - store and service\",\"isPartOf\":{\"@id\":\"https:\\\/\\\/spawlab.pl\\\/en\\\/#website\"},\"primaryImageOfPage\":{\"@id\":\"https:\\\/\\\/spawlab.pl\\\/en\\\/produkt\\\/sprezarka-tlokowa-kompresor-shamal-ct-750-500-k30-5-5-kw-400v-14-bar\\\/#primaryimage\"},\"image\":{\"@id\":\"https:\\\/\\\/spawlab.pl\\\/en\\\/produkt\\\/sprezarka-tlokowa-kompresor-shamal-ct-750-500-k30-5-5-kw-400v-14-bar\\\/#primaryimage\"},\"thumbnailUrl\":\"https:\\\/\\\/spawlab.pl\\\/wp-content\\\/uploads\\\/2025\\\/12\\\/k2035.jpg\",\"datePublished\":\"2026-02-11T09:32:13+00:00\",\"dateModified\":\"2026-02-11T09:32:15+00:00\",\"description\":\"Lider sprzeda\u017cy, Oficjalny Dystrybutor Premium i Serwis na Polsk\u0119 Migatronic, Gys, Voestalpine Bohler Welding. Nowe i u\u017cywane Spawarki, Przecinarki Plazmowe, Kompresory. Mgr in\u017c. Jaros\u0142aw Ko\u0142aski, IWE\",\"breadcrumb\":{\"@id\":\"https:\\\/\\\/spawlab.pl\\\/en\\\/produkt\\\/sprezarka-tlokowa-kompresor-shamal-ct-750-500-k30-5-5-kw-400v-14-bar\\\/#breadcrumb\"},\"inLanguage\":\"en-US\",\"potentialAction\":[{\"@type\":\"ReadAction\",\"target\":[\"https:\\\/\\\/spawlab.pl\\\/en\\\/produkt\\\/sprezarka-tlokowa-kompresor-shamal-ct-750-500-k30-5-5-kw-400v-14-bar\\\/\"]}]},{\"@type\":\"ImageObject\",\"inLanguage\":\"en-US\",\"@id\":\"https:\\\/\\\/spawlab.pl\\\/en\\\/produkt\\\/sprezarka-tlokowa-kompresor-shamal-ct-750-500-k30-5-5-kw-400v-14-bar\\\/#primaryimage\",\"url\":\"https:\\\/\\\/spawlab.pl\\\/wp-content\\\/uploads\\\/2025\\\/12\\\/k2035.jpg\",\"contentUrl\":\"https:\\\/\\\/spawlab.pl\\\/wp-content\\\/uploads\\\/2025\\\/12\\\/k2035.jpg\",\"width\":630,\"height\":540},{\"@type\":\"BreadcrumbList\",\"@id\":\"https:\\\/\\\/spawlab.pl\\\/en\\\/produkt\\\/sprezarka-tlokowa-kompresor-shamal-ct-750-500-k30-5-5-kw-400v-14-bar\\\/#breadcrumb\",\"itemListElement\":[{\"@type\":\"ListItem\",\"position\":1,\"name\":\"Strona g\u0142\u00f3wna\",\"item\":\"https:\\\/\\\/spawlab.pl\\\/en\\\/\"},{\"@type\":\"ListItem\",\"position\":2,\"name\":\"Store\",\"item\":\"https:\\\/\\\/spawlab.pl\\\/en\\\/shop\\\/\"},{\"@type\":\"ListItem\",\"position\":3,\"name\":\"Spr\u0119\u017carka t\u0142okowa kompresor Shamal CT 750\\\/500 K30 5.5 kW 400V 14 bar\"}]},{\"@type\":\"WebSite\",\"@id\":\"https:\\\/\\\/spawlab.pl\\\/en\\\/#website\",\"url\":\"https:\\\/\\\/spawlab.pl\\\/en\\\/\",\"name\":\"Spawlab.pl Lider - Spawarki, Przecinarki Plazmowe, Kompresory\",\"description\":\"Urz\u0105dzenia spawalnicze i Przecinarki plazmowe\\\/ nowe i u\u017cywane \\\/ Profesjonalny serwis\",\"publisher\":{\"@id\":\"https:\\\/\\\/spawlab.pl\\\/en\\\/#organization\"},\"alternateName\":\"Spawlab.pl - Dystrybutor Premium i Serwis na Polske Migatronic, Gys, Voestalpine Bohler Welding\",\"potentialAction\":[{\"@type\":\"SearchAction\",\"target\":{\"@type\":\"EntryPoint\",\"urlTemplate\":\"https:\\\/\\\/spawlab.pl\\\/en\\\/?s={search_term_string}\"},\"query-input\":{\"@type\":\"PropertyValueSpecification\",\"valueRequired\":true,\"valueName\":\"search_term_string\"}}],\"inLanguage\":\"en-US\"},{\"@type\":[\"Organization\",\"Place\"],\"@id\":\"https:\\\/\\\/spawlab.pl\\\/en\\\/#organization\",\"name\":\"Spawlab.pl\",\"url\":\"https:\\\/\\\/spawlab.pl\\\/en\\\/\",\"logo\":{\"@id\":\"https:\\\/\\\/spawlab.pl\\\/en\\\/produkt\\\/sprezarka-tlokowa-kompresor-shamal-ct-750-500-k30-5-5-kw-400v-14-bar\\\/#local-main-organization-logo\"},\"image\":{\"@id\":\"https:\\\/\\\/spawlab.pl\\\/en\\\/produkt\\\/sprezarka-tlokowa-kompresor-shamal-ct-750-500-k30-5-5-kw-400v-14-bar\\\/#local-main-organization-logo\"},\"sameAs\":[\"https:\\\/\\\/www.facebook.com\\\/Spawlab\\\/\",\"https:\\\/\\\/www.linkedin.com\\\/company\\\/spawlab\",\"https:\\\/\\\/www.instagram.com\\\/spawlab.pl\",\"https:\\\/\\\/www.tiktok.com\\\/@spawlab\"],\"description\":\"Lider sprzeda\u017cy, Oficjalny Dystrybutor Premium i Serwis na Polsk\u0119 Migatronic, Gys, Voestalpine Bohler Welding. Nowe i u\u017cywane Spawarki, Przecinarki Plazmowe, Kompresory. Mgr in\u017c. Jaros\u0142aw Ko\u0142aski, IWE\",\"hasMerchantReturnPolicy\":{\"@type\":\"MerchantReturnPolicy\",\"merchantReturnLink\":\"https:\\\/\\\/spawlab.pl\\\/polityka-prywatnosci-2\\\/\"},\"telephone\":[],\"openingHoursSpecification\":[{\"@type\":\"OpeningHoursSpecification\",\"dayOfWeek\":[\"Monday\",\"Tuesday\",\"Wednesday\",\"Thursday\",\"Friday\",\"Saturday\",\"Sunday\"],\"opens\":\"09:00\",\"closes\":\"17:00\"}]},{\"@type\":\"ImageObject\",\"inLanguage\":\"en-US\",\"@id\":\"https:\\\/\\\/spawlab.pl\\\/en\\\/produkt\\\/sprezarka-tlokowa-kompresor-shamal-ct-750-500-k30-5-5-kw-400v-14-bar\\\/#local-main-organization-logo\",\"url\":\"https:\\\/\\\/spawlab.pl\\\/wp-content\\\/uploads\\\/2022\\\/01\\\/olx.jpg\",\"contentUrl\":\"https:\\\/\\\/spawlab.pl\\\/wp-content\\\/uploads\\\/2022\\\/01\\\/olx.jpg\",\"width\":200,\"height\":200,\"caption\":\"Spawlab.pl\"}]}<\/script>\n<meta property=\"product:price:amount\" content=\"12200.00\" \/>\n<meta property=\"product:price:currency\" content=\"PLN\" \/>\n<meta property=\"og:availability\" content=\"instock\" \/>\n<meta property=\"product:availability\" content=\"instock\" \/>\n<meta property=\"product:retailer_item_id\" content=\"K2035\" \/>\n<meta property=\"product:condition\" content=\"new\" \/>\n<!-- \/ Yoast SEO Premium plugin. -->","yoast_head_json":{"title":"Spr\u0119\u017carka t\u0142okowa kompresor Shamal CT 750\/500 K30 5.5 kW 400V 14 bar - SpawLab - Welding equipment and plasma cutters - store and service","description":"Lider sprzeda\u017cy, Oficjalny Dystrybutor Premium i Serwis na Polsk\u0119 Migatronic, Gys, Voestalpine Bohler Welding. Nowe i u\u017cywane Spawarki, Przecinarki Plazmowe, Kompresory. Mgr in\u017c. Jaros\u0142aw Ko\u0142aski, IWE","robots":{"index":"index","follow":"follow","max-snippet":"max-snippet:-1","max-image-preview":"max-image-preview:large","max-video-preview":"max-video-preview:-1"},"canonical":"https:\/\/spawlab.pl\/en\/produkt\/sprezarka-tlokowa-kompresor-shamal-ct-750-500-k30-5-5-kw-400v-14-bar\/","og_locale":"en_US","og_type":"article","og_title":"Spr\u0119\u017carka t\u0142okowa kompresor Shamal CT 750\/500 K30 5.5 kW 400V 14 bar","og_description":"Lider sprzeda\u017cy, Oficjalny Dystrybutor Premium i Serwis na Polsk\u0119 Migatronic, Gys, Voestalpine Bohler Welding. Nowe i u\u017cywane Spawarki, Przecinarki Plazmowe, Kompresory. Mgr in\u017c. Jaros\u0142aw Ko\u0142aski, IWE","og_url":"https:\/\/spawlab.pl\/en\/produkt\/sprezarka-tlokowa-kompresor-shamal-ct-750-500-k30-5-5-kw-400v-14-bar\/","og_site_name":"SpawLab - Welding equipment and plasma cutters - store and service","article_publisher":"https:\/\/www.facebook.com\/Spawlab\/","article_modified_time":"2026-02-11T09:32:15+00:00","og_image":[{"width":630,"height":540,"url":"https:\/\/spawlab.pl\/wp-content\/uploads\/2025\/12\/k2035.jpg","type":"image\/jpeg"}],"twitter_misc":{"Price":"12 200,00&nbsp;&#122;&#322;","Availability":"In stock"},"schema":{"@context":"https:\/\/schema.org","@graph":[{"@type":["WebPage","ItemPage"],"@id":"https:\/\/spawlab.pl\/en\/produkt\/sprezarka-tlokowa-kompresor-shamal-ct-750-500-k30-5-5-kw-400v-14-bar\/","url":"https:\/\/spawlab.pl\/en\/produkt\/sprezarka-tlokowa-kompresor-shamal-ct-750-500-k30-5-5-kw-400v-14-bar\/","name":"Spr\u0119\u017carka t\u0142okowa kompresor Shamal CT 750\/500 K30 5.5 kW 400V 14 bar - SpawLab - Welding equipment and plasma cutters - store and service","isPartOf":{"@id":"https:\/\/spawlab.pl\/en\/#website"},"primaryImageOfPage":{"@id":"https:\/\/spawlab.pl\/en\/produkt\/sprezarka-tlokowa-kompresor-shamal-ct-750-500-k30-5-5-kw-400v-14-bar\/#primaryimage"},"image":{"@id":"https:\/\/spawlab.pl\/en\/produkt\/sprezarka-tlokowa-kompresor-shamal-ct-750-500-k30-5-5-kw-400v-14-bar\/#primaryimage"},"thumbnailUrl":"https:\/\/spawlab.pl\/wp-content\/uploads\/2025\/12\/k2035.jpg","datePublished":"2026-02-11T09:32:13+00:00","dateModified":"2026-02-11T09:32:15+00:00","description":"Lider sprzeda\u017cy, Oficjalny Dystrybutor Premium i Serwis na Polsk\u0119 Migatronic, Gys, Voestalpine Bohler Welding. Nowe i u\u017cywane Spawarki, Przecinarki Plazmowe, Kompresory. Mgr in\u017c. Jaros\u0142aw Ko\u0142aski, IWE","breadcrumb":{"@id":"https:\/\/spawlab.pl\/en\/produkt\/sprezarka-tlokowa-kompresor-shamal-ct-750-500-k30-5-5-kw-400v-14-bar\/#breadcrumb"},"inLanguage":"en-US","potentialAction":[{"@type":"ReadAction","target":["https:\/\/spawlab.pl\/en\/produkt\/sprezarka-tlokowa-kompresor-shamal-ct-750-500-k30-5-5-kw-400v-14-bar\/"]}]},{"@type":"ImageObject","inLanguage":"en-US","@id":"https:\/\/spawlab.pl\/en\/produkt\/sprezarka-tlokowa-kompresor-shamal-ct-750-500-k30-5-5-kw-400v-14-bar\/#primaryimage","url":"https:\/\/spawlab.pl\/wp-content\/uploads\/2025\/12\/k2035.jpg","contentUrl":"https:\/\/spawlab.pl\/wp-content\/uploads\/2025\/12\/k2035.jpg","width":630,"height":540},{"@type":"BreadcrumbList","@id":"https:\/\/spawlab.pl\/en\/produkt\/sprezarka-tlokowa-kompresor-shamal-ct-750-500-k30-5-5-kw-400v-14-bar\/#breadcrumb","itemListElement":[{"@type":"ListItem","position":1,"name":"Strona g\u0142\u00f3wna","item":"https:\/\/spawlab.pl\/en\/"},{"@type":"ListItem","position":2,"name":"Store","item":"https:\/\/spawlab.pl\/en\/shop\/"},{"@type":"ListItem","position":3,"name":"Spr\u0119\u017carka t\u0142okowa kompresor Shamal CT 750\/500 K30 5.5 kW 400V 14 bar"}]},{"@type":"WebSite","@id":"https:\/\/spawlab.pl\/en\/#website","url":"https:\/\/spawlab.pl\/en\/","name":"Spawlab.pl Lider - Spawarki, Przecinarki Plazmowe, Kompresory","description":"Urz\u0105dzenia spawalnicze i Przecinarki plazmowe\/ nowe i u\u017cywane \/ Profesjonalny serwis","publisher":{"@id":"https:\/\/spawlab.pl\/en\/#organization"},"alternateName":"Spawlab.pl - Dystrybutor Premium i Serwis na Polske Migatronic, Gys, Voestalpine Bohler Welding","potentialAction":[{"@type":"SearchAction","target":{"@type":"EntryPoint","urlTemplate":"https:\/\/spawlab.pl\/en\/?s={search_term_string}"},"query-input":{"@type":"PropertyValueSpecification","valueRequired":true,"valueName":"search_term_string"}}],"inLanguage":"en-US"},{"@type":["Organization","Place"],"@id":"https:\/\/spawlab.pl\/en\/#organization","name":"Spawlab.pl","url":"https:\/\/spawlab.pl\/en\/","logo":{"@id":"https:\/\/spawlab.pl\/en\/produkt\/sprezarka-tlokowa-kompresor-shamal-ct-750-500-k30-5-5-kw-400v-14-bar\/#local-main-organization-logo"},"image":{"@id":"https:\/\/spawlab.pl\/en\/produkt\/sprezarka-tlokowa-kompresor-shamal-ct-750-500-k30-5-5-kw-400v-14-bar\/#local-main-organization-logo"},"sameAs":["https:\/\/www.facebook.com\/Spawlab\/","https:\/\/www.linkedin.com\/company\/spawlab","https:\/\/www.instagram.com\/spawlab.pl","https:\/\/www.tiktok.com\/@spawlab"],"description":"Lider sprzeda\u017cy, Oficjalny Dystrybutor Premium i Serwis na Polsk\u0119 Migatronic, Gys, Voestalpine Bohler Welding. Nowe i u\u017cywane Spawarki, Przecinarki Plazmowe, Kompresory. Mgr in\u017c. Jaros\u0142aw Ko\u0142aski, IWE","hasMerchantReturnPolicy":{"@type":"MerchantReturnPolicy","merchantReturnLink":"https:\/\/spawlab.pl\/polityka-prywatnosci-2\/"},"telephone":[],"openingHoursSpecification":[{"@type":"OpeningHoursSpecification","dayOfWeek":["Monday","Tuesday","Wednesday","Thursday","Friday","Saturday","Sunday"],"opens":"09:00","closes":"17:00"}]},{"@type":"ImageObject","inLanguage":"en-US","@id":"https:\/\/spawlab.pl\/en\/produkt\/sprezarka-tlokowa-kompresor-shamal-ct-750-500-k30-5-5-kw-400v-14-bar\/#local-main-organization-logo","url":"https:\/\/spawlab.pl\/wp-content\/uploads\/2022\/01\/olx.jpg","contentUrl":"https:\/\/spawlab.pl\/wp-content\/uploads\/2022\/01\/olx.jpg","width":200,"height":200,"caption":"Spawlab.pl"}]},"product_price_amount":"12200.00","product_price_currency":"PLN","og_availability":"instock","product_availability":"instock","product_retailer_item_id":"K2035","product_condition":"new"},"_links":{"self":[{"href":"https:\/\/spawlab.pl\/en\/wp-json\/wp\/v2\/product\/83332","targetHints":{"allow":["GET"]}}],"collection":[{"href":"https:\/\/spawlab.pl\/en\/wp-json\/wp\/v2\/product"}],"about":[{"href":"https:\/\/spawlab.pl\/en\/wp-json\/wp\/v2\/types\/product"}],"wp:featuredmedia":[{"embeddable":true,"href":"https:\/\/spawlab.pl\/en\/wp-json\/wp\/v2\/media\/83863"}],"wp:attachment":[{"href":"https:\/\/spawlab.pl\/en\/wp-json\/wp\/v2\/media?parent=83332"}],"wp:term":[{"taxonomy":"product_brand","embeddable":true,"href":"https:\/\/spawlab.pl\/en\/wp-json\/wp\/v2\/product_brand?post=83332"},{"taxonomy":"product_cat","embeddable":true,"href":"https:\/\/spawlab.pl\/en\/wp-json\/wp\/v2\/product_cat?post=83332"},{"taxonomy":"product_tag","embeddable":true,"href":"https:\/\/spawlab.pl\/en\/wp-json\/wp\/v2\/product_tag?post=83332"}],"curies":[{"name":"wp","href":"https:\/\/api.w.org\/{rel}","templated":true}]}}