{"id":84644,"date":"2026-02-11T10:15:05","date_gmt":"2026-02-11T09:15:05","guid":{"rendered":"https:\/\/spawlab.pl\/produkt\/bohler-mma-elektroda-spawalnicza-do-napawania-dur-600-4-0x450-5-9paczka-23-6karton-cena-za-1-paczke\/"},"modified":"2026-02-11T10:15:06","modified_gmt":"2026-02-11T09:15:06","slug":"bohler-mma-elektroda-spawalnicza-do-napawania-dur-600-4-0x450-5-9paczka-23-6karton-cena-za-1-paczke","status":"publish","type":"product","link":"https:\/\/spawlab.pl\/en\/produkt\/bohler-mma-elektroda-spawalnicza-do-napawania-dur-600-4-0x450-5-9paczka-23-6karton-cena-za-1-paczke\/","title":{"rendered":"Bohler MMA elektroda spawalnicza do napawania DUR 600 4.0&#215;450\/5.9paczka\/23.6karton (cena za 1 paczk\u0119)"},"content":{"rendered":"<p style=\"text-align: justify;\">\u00a0<\/p>\n<p style=\"text-align: justify;\"><strong><span style=\"font-family: arial,helvetica,sans-serif; font-size: small;\">Zamiennik SUPRADUR<\/span><\/strong><\/p>\n<p style=\"text-align: justify;\">\u00a0<\/p>\n<p style=\"text-align: justify;\"><span style=\"font-family: arial,helvetica,sans-serif; font-size: small;\">Materia\u0142y spawalnicze renomowanej firmy <strong>B\u00f6hler Uddeholm Voeastalpine<\/strong> stworzone zosta\u0142y w oparciu o najnowocze\u015bniejsze technologie oraz      autorskie sk\u0142ady chemiczne. Produkty B\u00f6hler ciesz\u0105 si\u0119 niemalej\u0105c\u0105      popularno\u015bci\u0105 w ca\u0142ej Europie i na \u015bwiecie.  Bezkompromisowe podej\u015bcie     do jako\u015bci produkt\u00f3w jest znakiem  rozpoznawczym tego producenta. <\/span><\/p>\n<p style=\"text-align: justify;\">\u00a0<\/p>\n<p style=\"text-align: justify;\"><span style=\"font-family: arial,helvetica,sans-serif; font-size: small;\"><br \/><\/span><\/p>\n<p style=\"text-align: justify;\"><span style=\"font-family: arial,helvetica,sans-serif; font-size: small;\"><strong>Elektrody do napawania UTP DUR 600<\/strong> nadaj\u0105 si\u0119 do podzespo\u0142\u00f3w ze stali, staliwa oraz twardej stali manganowej, nara\u017conych na \u015bcieranie, uderzenia oraz nacisk. Obszary zastosowa\u0144 elektrod to spawy nanoszone na narz\u0119dziach maszyn do rob\u00f3t  ziemnych, takich jak ostrza \u0142y\u017cek w koparkach, z\u0119by w \u0142y\u017ckach, a tak\u017ce  cz\u0119\u015bci podlegaj\u0105ce zu\u017cyciu w maszynach u\u017cywanych w kamienio\u0142omach,  takich jak szcz\u0119ki krusz\u0105ce, sto\u017cki krusz\u0105ce, listwy krusz\u0105ce i m\u0142yny  kruszarek. R\u00f3wnie\u017c do kraw\u0119dzi tn\u0105cych i powierzchni roboczych w  narz\u0119dziach do pracy na zimno. Obr\u00f3bka spawu mo\u017cliwa tylko poprzez  szlifowanie<\/span><\/p>\n<p style=\"text-align: justify;\">\u00a0<\/p>\n<p style=\"text-align: justify;\">\u00a0<\/p>\n<table style=\"height: 84px; width: 280px;\" border=\"1\" cellspacing=\"0\" cellpadding=\"0\">\n<tbody>\n<tr>\n<td colspan=\"2\" width=\"234\" valign=\"top\">\n<p><span style=\"font-family: arial,helvetica,sans-serif; font-size: small;\"><strong>Klasyfikacja<\/strong><br \/><\/span><\/p>\n<\/td>\n<\/tr>\n<tr>\n<td style=\"text-align: left;\" width=\"234\" valign=\"top\">\n<p><span style=\"font-family: arial,helvetica,sans-serif; font-size: small;\">DIN 8555<br \/><\/span><\/p>\n<\/td>\n<td style=\"text-align: center;\" width=\"217\" valign=\"top\">\n<p><span style=\"font-family: arial,helvetica,sans-serif; font-size: small;\">E 6-UM-60<br \/><\/span><\/p>\n<\/td>\n<\/tr>\n<tr>\n<td style=\"text-align: left;\" width=\"234\" valign=\"top\">\n<p><span style=\"font-family: arial,helvetica,sans-serif; font-size: small;\">EN 14700<br \/><\/span><\/p>\n<\/td>\n<td style=\"text-align: center;\" width=\"217\" valign=\"top\">\n<p><span style=\"font-family: arial,helvetica,sans-serif; font-size: small;\">E Fe8<br \/><\/span><\/p>\n<\/td>\n<\/tr>\n<\/tbody>\n<\/table>\n<p style=\"text-align: justify;\">\u00a0<\/p>\n<p style=\"text-align: justify;\">\u00a0<\/p>\n<p style=\"text-align: justify;\"><span style=\"font-family: arial,helvetica,sans-serif; font-size: small;\"><br \/><\/span><\/p>\n<p style=\"text-align: justify;\">\u00a0<\/p>\n<table style=\"border: 0px solid #000000; width: 700px; height: 57px;\" border=\"0\" frame=\"box\" rules=\"all\">\n<tbody>\n<tr>\n<td colspan=\"5\">\n<p><span style=\"font-family: arial,helvetica,sans-serif; font-size: small;\"><strong>Typowy sk\u0142ad chemiczny (% wag.)<\/strong><\/span><\/p>\n<\/td>\n<\/tr>\n<tr>\n<td style=\"text-align: center;\">\n<p><span style=\"font-family: arial,helvetica,sans-serif; font-size: small;\">C<\/span><\/p>\n<\/td>\n<td style=\"text-align: center;\">\n<p><span style=\"font-family: arial,helvetica,sans-serif; font-size: small;\">Si<\/span><\/p>\n<\/td>\n<td style=\"text-align: center;\">\n<p><span style=\"font-family: arial,helvetica,sans-serif; font-size: small;\">Mn<\/span><\/p>\n<\/td>\n<td style=\"text-align: center;\">\n<p><span style=\"font-family: arial,helvetica,sans-serif; font-size: small;\">Cr<\/span><\/p>\n<\/td>\n<td style=\"text-align: center;\">\n<p><span style=\"font-family: arial,helvetica,sans-serif; font-size: small;\">Fe<\/span><\/p>\n<\/td>\n<\/tr>\n<tr>\n<td style=\"text-align: center;\">\n<p><span style=\"font-family: arial,helvetica,sans-serif; font-size: small;\">0.5<\/span><\/p>\n<\/td>\n<td style=\"text-align: center;\">\n<p><span style=\"font-family: arial,helvetica,sans-serif; font-size: small;\">2.3<\/span><\/p>\n<\/td>\n<td style=\"text-align: center;\">\n<p><span style=\"font-family: arial,helvetica,sans-serif; font-size: small;\">0.4<br \/><\/span><\/p>\n<\/td>\n<td style=\"text-align: center;\">\n<p><span style=\"font-family: arial,helvetica,sans-serif; font-size: small;\">9.0<\/span><\/p>\n<\/td>\n<td style=\"text-align: center;\">\n<p><span style=\"font-family: arial,helvetica,sans-serif; font-size: small;\">balans<br \/><\/span><\/p>\n<\/td>\n<\/tr>\n<\/tbody>\n<\/table>\n<p style=\"text-align: justify;\">\u00a0<\/p>\n<p style=\"text-align: justify;\">\u00a0<\/p>\n<p style=\"text-align: justify;\">\u00a0<\/p>\n<p style=\"text-align: justify;\">\u00a0<\/p>\n<p style=\"text-align: justify;\">\u00a0<\/p>\n<table style=\"border: 0px solid #000000; width: 700px; height: 58px;\" border=\"0\" frame=\"box\" rules=\"all\">\n<tbody>\n<tr>\n<td colspan=\"6\">\n<p><span style=\"font-family: arial,helvetica,sans-serif; font-size: small;\"><strong>Dane eksploatacyjne<br \/><\/strong><\/span><\/p>\n<\/td>\n<\/tr>\n<tr>\n<td style=\"text-align: center;\" rowspan=\"2\">\n<p><span style=\"font-family: arial,helvetica,sans-serif; font-size: small;\"><img decoding=\"async\" title=\"Pozycje spawania\" data-src=\"https:\/\/fachowiec.com\/pkftp\/strona\/strzalki_op.svg\" alt=\"Pozycje spawania\" width=\"100\" height=\"100\" src=\"data:image\/svg+xml;base64,PHN2ZyB3aWR0aD0iMSIgaGVpZ2h0PSIxIiB4bWxucz0iaHR0cDovL3d3dy53My5vcmcvMjAwMC9zdmciPjwvc3ZnPg==\" class=\"lazyload\" style=\"--smush-placeholder-width: 100px; --smush-placeholder-aspect-ratio: 100\/100;\" \/><br \/><\/span><\/p>\n<\/td>\n<td style=\"text-align: center;\">\n<p><span style=\"font-family: arial,helvetica,sans-serif; font-size: small;\">Biegunowo\u015b\u0107<br \/><\/span><\/p>\n<\/td>\n<td style=\"text-align: center;\">\n<p><span style=\"font-family: arial,helvetica,sans-serif; font-size: small;\">Suszenie<br \/><\/span><\/p>\n<\/td>\n<td style=\"text-align: center;\">\n<p><span style=\"font-family: arial,helvetica,sans-serif; font-size: small;\">\u015arednica<\/span><\/p>\n<\/td>\n<td style=\"text-align: center;\">\n<p><span style=\"font-family: arial,helvetica,sans-serif; font-size: small;\">D\u0142ugo\u015b\u0107<\/span><\/p>\n<\/td>\n<td style=\"text-align: center;\"><span style=\"font-family: arial,helvetica,sans-serif; font-size: small;\">Pr\u0105d spawania<\/span><\/td>\n<\/tr>\n<tr>\n<td style=\"text-align: center;\">\n<p><span style=\"font-family: arial,helvetica,sans-serif; font-size: small;\">DC(+) \/ AC<br \/><\/span><\/p>\n<\/td>\n<td style=\"text-align: center;\">\n<p><span style=\"font-family: arial,helvetica,sans-serif; font-size: small;\">(je\u015bli konieczne) <\/span><\/p>\n<p><span style=\"font-family: arial,helvetica,sans-serif; font-size: small;\">300\u00b0C <\/span><\/p>\n<p><span style=\"font-family: arial,helvetica,sans-serif; font-size: small;\">2h<br \/><\/span><\/p>\n<\/td>\n<td style=\"text-align: center;\">\n<p><span style=\"font-family: arial,helvetica,sans-serif; font-size: small;\">4.0mm<\/span><\/p>\n<\/td>\n<td style=\"text-align: center;\">\n<p><span style=\"font-family: arial,helvetica,sans-serif; font-size: small;\">450mm<\/span><\/p>\n<\/td>\n<td style=\"text-align: center;\"><span style=\"font-family: arial,helvetica,sans-serif; font-size: small;\">140-180A<\/span><\/td>\n<\/tr>\n<\/tbody>\n<\/table>\n<p style=\"text-align: justify;\">\u00a0<\/p>\n<p style=\"text-align: justify;\">\u00a0<\/p>\n<p style=\"text-align: justify;\">\u00a0<\/p>\n<p style=\"text-align: justify;\"><strong><span style=\"font-family: arial,helvetica,sans-serif; font-size: small;\">Dopuszczenia:<\/span><\/strong><\/p>\n<p style=\"text-align: justify;\"><span style=\"font-family: arial,helvetica,sans-serif; font-size: small;\">DB (No. 20.014.23)<\/span><\/p>\n<p style=\"text-align: justify;\">\u00a0<\/p>\n<p style=\"text-align: justify;\"><strong><span style=\"font-family: arial,helvetica,sans-serif; font-size: small;\">Opakowanie zawiera 90 sztuk.<\/span><\/strong><\/p>\n<p style=\"text-align: justify;\"><span style=\"font-family: arial,helvetica,sans-serif; font-size: small;\"><br \/><\/span><\/p>\n","protected":false},"excerpt":{"rendered":"<p>\u00a0 Zamiennik SUPRADUR \u00a0 Materia\u0142y spawalnicze renomowanej firmy B\u00f6hler Uddeholm Voeastalpine stworzone zosta\u0142y w oparciu o najnowocze\u015bniejsze technologie oraz autorskie sk\u0142ady chemiczne. Produkty B\u00f6hler ciesz\u0105 si\u0119 niemalej\u0105c\u0105 popularno\u015bci\u0105 w ca\u0142ej Europie i na \u015bwiecie. Bezkompromisowe podej\u015bcie do jako\u015bci produkt\u00f3w jest znakiem rozpoznawczym tego producenta. \u00a0 Elektrody do napawania UTP DUR 600 nadaj\u0105 si\u0119 do podzespo\u0142\u00f3w [&hellip;]<\/p>\n","protected":false},"featured_media":84645,"template":"","meta":{"inline_featured_image":false},"product_brand":[31235],"product_cat":[81,3342,31236],"product_tag":[],"class_list":{"0":"post-84644","1":"product","2":"type-product","3":"status-publish","4":"has-post-thumbnail","6":"product_brand-welder-fantasy","7":"product_cat-akcesoria-czesci","8":"product_cat-strefa-marki","9":"product_cat-welder-fantasy","11":"first","12":"instock","13":"purchasable","14":"product-type-simple"},"yoast_head":"<!-- This site is optimized with the Yoast SEO Premium plugin v27.0 (Yoast SEO v27.3) - https:\/\/yoast.com\/product\/yoast-seo-premium-wordpress\/ -->\n<title>Bohler MMA elektroda spawalnicza do napawania DUR 600 4.0x450\/5.9paczka\/23.6karton (cena za 1 paczk\u0119) - SpawLab - Welding equipment and plasma cutters - store and service<\/title>\n<meta name=\"description\" content=\"Lider sprzeda\u017cy, Oficjalny Dystrybutor Premium i Serwis na Polsk\u0119 Migatronic, Gys, Voestalpine Bohler Welding. Nowe i u\u017cywane Spawarki, Przecinarki Plazmowe, Kompresory. Mgr in\u017c. Jaros\u0142aw Ko\u0142aski, IWE\" \/>\n<meta name=\"robots\" content=\"index, follow, max-snippet:-1, max-image-preview:large, max-video-preview:-1\" \/>\n<link rel=\"canonical\" href=\"https:\/\/spawlab.pl\/en\/produkt\/bohler-mma-elektroda-spawalnicza-do-napawania-dur-600-4-0x450-5-9paczka-23-6karton-cena-za-1-paczke\/\" \/>\n<meta property=\"og:locale\" content=\"en_US\" \/>\n<meta property=\"og:type\" content=\"article\" \/>\n<meta property=\"og:title\" content=\"Bohler MMA elektroda spawalnicza do napawania DUR 600 4.0x450\/5.9paczka\/23.6karton (cena za 1 paczk\u0119)\" \/>\n<meta property=\"og:description\" content=\"Lider sprzeda\u017cy, Oficjalny Dystrybutor Premium i Serwis na Polsk\u0119 Migatronic, Gys, Voestalpine Bohler Welding. Nowe i u\u017cywane Spawarki, Przecinarki Plazmowe, Kompresory. Mgr in\u017c. Jaros\u0142aw Ko\u0142aski, IWE\" \/>\n<meta property=\"og:url\" content=\"https:\/\/spawlab.pl\/en\/produkt\/bohler-mma-elektroda-spawalnicza-do-napawania-dur-600-4-0x450-5-9paczka-23-6karton-cena-za-1-paczke\/\" \/>\n<meta property=\"og:site_name\" content=\"SpawLab - Welding equipment and plasma cutters - store and service\" \/>\n<meta property=\"article:publisher\" content=\"https:\/\/www.facebook.com\/Spawlab\/\" \/>\n<meta property=\"article:modified_time\" content=\"2026-02-11T09:15:06+00:00\" \/>\n<meta property=\"og:image\" content=\"https:\/\/spawlab.pl\/wp-content\/uploads\/2025\/12\/78011001-scaled.jpg\" \/>\n\t<meta property=\"og:image:width\" content=\"2560\" \/>\n\t<meta property=\"og:image:height\" content=\"1157\" \/>\n\t<meta property=\"og:image:type\" content=\"image\/jpeg\" \/>\n<meta name=\"twitter:label1\" content=\"Price\" \/>\n\t<meta name=\"twitter:data1\" content=\"630,00&nbsp;&#122;&#322;\" \/>\n\t<meta name=\"twitter:label2\" content=\"Availability\" \/>\n\t<meta name=\"twitter:data2\" content=\"In stock\" \/>\n<script type=\"application\/ld+json\" class=\"yoast-schema-graph\">{\"@context\":\"https:\\\/\\\/schema.org\",\"@graph\":[{\"@type\":[\"WebPage\",\"ItemPage\"],\"@id\":\"https:\\\/\\\/spawlab.pl\\\/en\\\/produkt\\\/bohler-mma-elektroda-spawalnicza-do-napawania-dur-600-4-0x450-5-9paczka-23-6karton-cena-za-1-paczke\\\/\",\"url\":\"https:\\\/\\\/spawlab.pl\\\/en\\\/produkt\\\/bohler-mma-elektroda-spawalnicza-do-napawania-dur-600-4-0x450-5-9paczka-23-6karton-cena-za-1-paczke\\\/\",\"name\":\"Bohler MMA elektroda spawalnicza do napawania DUR 600 4.0x450\\\/5.9paczka\\\/23.6karton (cena za 1 paczk\u0119) - SpawLab - Welding equipment and plasma cutters - store and service\",\"isPartOf\":{\"@id\":\"https:\\\/\\\/spawlab.pl\\\/en\\\/#website\"},\"primaryImageOfPage\":{\"@id\":\"https:\\\/\\\/spawlab.pl\\\/en\\\/produkt\\\/bohler-mma-elektroda-spawalnicza-do-napawania-dur-600-4-0x450-5-9paczka-23-6karton-cena-za-1-paczke\\\/#primaryimage\"},\"image\":{\"@id\":\"https:\\\/\\\/spawlab.pl\\\/en\\\/produkt\\\/bohler-mma-elektroda-spawalnicza-do-napawania-dur-600-4-0x450-5-9paczka-23-6karton-cena-za-1-paczke\\\/#primaryimage\"},\"thumbnailUrl\":\"https:\\\/\\\/spawlab.pl\\\/wp-content\\\/uploads\\\/2025\\\/12\\\/78011001-scaled.jpg\",\"datePublished\":\"2026-02-11T09:15:05+00:00\",\"dateModified\":\"2026-02-11T09:15:06+00:00\",\"description\":\"Lider sprzeda\u017cy, Oficjalny Dystrybutor Premium i Serwis na Polsk\u0119 Migatronic, Gys, Voestalpine Bohler Welding. Nowe i u\u017cywane Spawarki, Przecinarki Plazmowe, Kompresory. Mgr in\u017c. Jaros\u0142aw Ko\u0142aski, IWE\",\"breadcrumb\":{\"@id\":\"https:\\\/\\\/spawlab.pl\\\/en\\\/produkt\\\/bohler-mma-elektroda-spawalnicza-do-napawania-dur-600-4-0x450-5-9paczka-23-6karton-cena-za-1-paczke\\\/#breadcrumb\"},\"inLanguage\":\"en-US\",\"potentialAction\":[{\"@type\":\"ReadAction\",\"target\":[\"https:\\\/\\\/spawlab.pl\\\/en\\\/produkt\\\/bohler-mma-elektroda-spawalnicza-do-napawania-dur-600-4-0x450-5-9paczka-23-6karton-cena-za-1-paczke\\\/\"]}]},{\"@type\":\"ImageObject\",\"inLanguage\":\"en-US\",\"@id\":\"https:\\\/\\\/spawlab.pl\\\/en\\\/produkt\\\/bohler-mma-elektroda-spawalnicza-do-napawania-dur-600-4-0x450-5-9paczka-23-6karton-cena-za-1-paczke\\\/#primaryimage\",\"url\":\"https:\\\/\\\/spawlab.pl\\\/wp-content\\\/uploads\\\/2025\\\/12\\\/78011001-scaled.jpg\",\"contentUrl\":\"https:\\\/\\\/spawlab.pl\\\/wp-content\\\/uploads\\\/2025\\\/12\\\/78011001-scaled.jpg\",\"width\":2560,\"height\":1157},{\"@type\":\"BreadcrumbList\",\"@id\":\"https:\\\/\\\/spawlab.pl\\\/en\\\/produkt\\\/bohler-mma-elektroda-spawalnicza-do-napawania-dur-600-4-0x450-5-9paczka-23-6karton-cena-za-1-paczke\\\/#breadcrumb\",\"itemListElement\":[{\"@type\":\"ListItem\",\"position\":1,\"name\":\"Strona g\u0142\u00f3wna\",\"item\":\"https:\\\/\\\/spawlab.pl\\\/en\\\/\"},{\"@type\":\"ListItem\",\"position\":2,\"name\":\"Store\",\"item\":\"https:\\\/\\\/spawlab.pl\\\/en\\\/shop\\\/\"},{\"@type\":\"ListItem\",\"position\":3,\"name\":\"Bohler MMA elektroda spawalnicza do napawania DUR 600 4.0&#215;450\\\/5.9paczka\\\/23.6karton (cena za 1 paczk\u0119)\"}]},{\"@type\":\"WebSite\",\"@id\":\"https:\\\/\\\/spawlab.pl\\\/en\\\/#website\",\"url\":\"https:\\\/\\\/spawlab.pl\\\/en\\\/\",\"name\":\"Spawlab.pl Lider - Spawarki, Przecinarki Plazmowe, Kompresory\",\"description\":\"Urz\u0105dzenia spawalnicze i Przecinarki plazmowe\\\/ nowe i u\u017cywane \\\/ Profesjonalny serwis\",\"publisher\":{\"@id\":\"https:\\\/\\\/spawlab.pl\\\/en\\\/#organization\"},\"alternateName\":\"Spawlab.pl - Dystrybutor Premium i Serwis na Polske Migatronic, Gys, Voestalpine Bohler Welding\",\"potentialAction\":[{\"@type\":\"SearchAction\",\"target\":{\"@type\":\"EntryPoint\",\"urlTemplate\":\"https:\\\/\\\/spawlab.pl\\\/en\\\/?s={search_term_string}\"},\"query-input\":{\"@type\":\"PropertyValueSpecification\",\"valueRequired\":true,\"valueName\":\"search_term_string\"}}],\"inLanguage\":\"en-US\"},{\"@type\":[\"Organization\",\"Place\"],\"@id\":\"https:\\\/\\\/spawlab.pl\\\/en\\\/#organization\",\"name\":\"Spawlab.pl\",\"url\":\"https:\\\/\\\/spawlab.pl\\\/en\\\/\",\"logo\":{\"@id\":\"https:\\\/\\\/spawlab.pl\\\/en\\\/produkt\\\/bohler-mma-elektroda-spawalnicza-do-napawania-dur-600-4-0x450-5-9paczka-23-6karton-cena-za-1-paczke\\\/#local-main-organization-logo\"},\"image\":{\"@id\":\"https:\\\/\\\/spawlab.pl\\\/en\\\/produkt\\\/bohler-mma-elektroda-spawalnicza-do-napawania-dur-600-4-0x450-5-9paczka-23-6karton-cena-za-1-paczke\\\/#local-main-organization-logo\"},\"sameAs\":[\"https:\\\/\\\/www.facebook.com\\\/Spawlab\\\/\",\"https:\\\/\\\/www.linkedin.com\\\/company\\\/spawlab\",\"https:\\\/\\\/www.instagram.com\\\/spawlab.pl\",\"https:\\\/\\\/www.tiktok.com\\\/@spawlab\"],\"description\":\"Lider sprzeda\u017cy, Oficjalny Dystrybutor Premium i Serwis na Polsk\u0119 Migatronic, Gys, Voestalpine Bohler Welding. Nowe i u\u017cywane Spawarki, Przecinarki Plazmowe, Kompresory. Mgr in\u017c. Jaros\u0142aw Ko\u0142aski, IWE\",\"hasMerchantReturnPolicy\":{\"@type\":\"MerchantReturnPolicy\",\"merchantReturnLink\":\"https:\\\/\\\/spawlab.pl\\\/polityka-prywatnosci-2\\\/\"},\"telephone\":[],\"openingHoursSpecification\":[{\"@type\":\"OpeningHoursSpecification\",\"dayOfWeek\":[\"Monday\",\"Tuesday\",\"Wednesday\",\"Thursday\",\"Friday\",\"Saturday\",\"Sunday\"],\"opens\":\"09:00\",\"closes\":\"17:00\"}]},{\"@type\":\"ImageObject\",\"inLanguage\":\"en-US\",\"@id\":\"https:\\\/\\\/spawlab.pl\\\/en\\\/produkt\\\/bohler-mma-elektroda-spawalnicza-do-napawania-dur-600-4-0x450-5-9paczka-23-6karton-cena-za-1-paczke\\\/#local-main-organization-logo\",\"url\":\"https:\\\/\\\/spawlab.pl\\\/wp-content\\\/uploads\\\/2022\\\/01\\\/olx.jpg\",\"contentUrl\":\"https:\\\/\\\/spawlab.pl\\\/wp-content\\\/uploads\\\/2022\\\/01\\\/olx.jpg\",\"width\":200,\"height\":200,\"caption\":\"Spawlab.pl\"}]}<\/script>\n<meta property=\"product:price:amount\" content=\"630.00\" \/>\n<meta property=\"product:price:currency\" content=\"PLN\" \/>\n<meta property=\"og:availability\" content=\"instock\" \/>\n<meta property=\"product:availability\" content=\"instock\" \/>\n<meta property=\"product:retailer_item_id\" content=\"78011001\" \/>\n<meta property=\"product:condition\" content=\"new\" \/>\n<!-- \/ Yoast SEO Premium plugin. -->","yoast_head_json":{"title":"Bohler MMA elektroda spawalnicza do napawania DUR 600 4.0x450\/5.9paczka\/23.6karton (cena za 1 paczk\u0119) - SpawLab - Welding equipment and plasma cutters - store and service","description":"Lider sprzeda\u017cy, Oficjalny Dystrybutor Premium i Serwis na Polsk\u0119 Migatronic, Gys, Voestalpine Bohler Welding. Nowe i u\u017cywane Spawarki, Przecinarki Plazmowe, Kompresory. Mgr in\u017c. Jaros\u0142aw Ko\u0142aski, IWE","robots":{"index":"index","follow":"follow","max-snippet":"max-snippet:-1","max-image-preview":"max-image-preview:large","max-video-preview":"max-video-preview:-1"},"canonical":"https:\/\/spawlab.pl\/en\/produkt\/bohler-mma-elektroda-spawalnicza-do-napawania-dur-600-4-0x450-5-9paczka-23-6karton-cena-za-1-paczke\/","og_locale":"en_US","og_type":"article","og_title":"Bohler MMA elektroda spawalnicza do napawania DUR 600 4.0x450\/5.9paczka\/23.6karton (cena za 1 paczk\u0119)","og_description":"Lider sprzeda\u017cy, Oficjalny Dystrybutor Premium i Serwis na Polsk\u0119 Migatronic, Gys, Voestalpine Bohler Welding. Nowe i u\u017cywane Spawarki, Przecinarki Plazmowe, Kompresory. Mgr in\u017c. Jaros\u0142aw Ko\u0142aski, IWE","og_url":"https:\/\/spawlab.pl\/en\/produkt\/bohler-mma-elektroda-spawalnicza-do-napawania-dur-600-4-0x450-5-9paczka-23-6karton-cena-za-1-paczke\/","og_site_name":"SpawLab - Welding equipment and plasma cutters - store and service","article_publisher":"https:\/\/www.facebook.com\/Spawlab\/","article_modified_time":"2026-02-11T09:15:06+00:00","og_image":[{"width":2560,"height":1157,"url":"https:\/\/spawlab.pl\/wp-content\/uploads\/2025\/12\/78011001-scaled.jpg","type":"image\/jpeg"}],"twitter_misc":{"Price":"630,00&nbsp;&#122;&#322;","Availability":"In stock"},"schema":{"@context":"https:\/\/schema.org","@graph":[{"@type":["WebPage","ItemPage"],"@id":"https:\/\/spawlab.pl\/en\/produkt\/bohler-mma-elektroda-spawalnicza-do-napawania-dur-600-4-0x450-5-9paczka-23-6karton-cena-za-1-paczke\/","url":"https:\/\/spawlab.pl\/en\/produkt\/bohler-mma-elektroda-spawalnicza-do-napawania-dur-600-4-0x450-5-9paczka-23-6karton-cena-za-1-paczke\/","name":"Bohler MMA elektroda spawalnicza do napawania DUR 600 4.0x450\/5.9paczka\/23.6karton (cena za 1 paczk\u0119) - SpawLab - Welding equipment and plasma cutters - store and service","isPartOf":{"@id":"https:\/\/spawlab.pl\/en\/#website"},"primaryImageOfPage":{"@id":"https:\/\/spawlab.pl\/en\/produkt\/bohler-mma-elektroda-spawalnicza-do-napawania-dur-600-4-0x450-5-9paczka-23-6karton-cena-za-1-paczke\/#primaryimage"},"image":{"@id":"https:\/\/spawlab.pl\/en\/produkt\/bohler-mma-elektroda-spawalnicza-do-napawania-dur-600-4-0x450-5-9paczka-23-6karton-cena-za-1-paczke\/#primaryimage"},"thumbnailUrl":"https:\/\/spawlab.pl\/wp-content\/uploads\/2025\/12\/78011001-scaled.jpg","datePublished":"2026-02-11T09:15:05+00:00","dateModified":"2026-02-11T09:15:06+00:00","description":"Lider sprzeda\u017cy, Oficjalny Dystrybutor Premium i Serwis na Polsk\u0119 Migatronic, Gys, Voestalpine Bohler Welding. Nowe i u\u017cywane Spawarki, Przecinarki Plazmowe, Kompresory. Mgr in\u017c. Jaros\u0142aw Ko\u0142aski, IWE","breadcrumb":{"@id":"https:\/\/spawlab.pl\/en\/produkt\/bohler-mma-elektroda-spawalnicza-do-napawania-dur-600-4-0x450-5-9paczka-23-6karton-cena-za-1-paczke\/#breadcrumb"},"inLanguage":"en-US","potentialAction":[{"@type":"ReadAction","target":["https:\/\/spawlab.pl\/en\/produkt\/bohler-mma-elektroda-spawalnicza-do-napawania-dur-600-4-0x450-5-9paczka-23-6karton-cena-za-1-paczke\/"]}]},{"@type":"ImageObject","inLanguage":"en-US","@id":"https:\/\/spawlab.pl\/en\/produkt\/bohler-mma-elektroda-spawalnicza-do-napawania-dur-600-4-0x450-5-9paczka-23-6karton-cena-za-1-paczke\/#primaryimage","url":"https:\/\/spawlab.pl\/wp-content\/uploads\/2025\/12\/78011001-scaled.jpg","contentUrl":"https:\/\/spawlab.pl\/wp-content\/uploads\/2025\/12\/78011001-scaled.jpg","width":2560,"height":1157},{"@type":"BreadcrumbList","@id":"https:\/\/spawlab.pl\/en\/produkt\/bohler-mma-elektroda-spawalnicza-do-napawania-dur-600-4-0x450-5-9paczka-23-6karton-cena-za-1-paczke\/#breadcrumb","itemListElement":[{"@type":"ListItem","position":1,"name":"Strona g\u0142\u00f3wna","item":"https:\/\/spawlab.pl\/en\/"},{"@type":"ListItem","position":2,"name":"Store","item":"https:\/\/spawlab.pl\/en\/shop\/"},{"@type":"ListItem","position":3,"name":"Bohler MMA elektroda spawalnicza do napawania DUR 600 4.0&#215;450\/5.9paczka\/23.6karton (cena za 1 paczk\u0119)"}]},{"@type":"WebSite","@id":"https:\/\/spawlab.pl\/en\/#website","url":"https:\/\/spawlab.pl\/en\/","name":"Spawlab.pl Lider - Spawarki, Przecinarki Plazmowe, Kompresory","description":"Urz\u0105dzenia spawalnicze i Przecinarki plazmowe\/ nowe i u\u017cywane \/ Profesjonalny serwis","publisher":{"@id":"https:\/\/spawlab.pl\/en\/#organization"},"alternateName":"Spawlab.pl - Dystrybutor Premium i Serwis na Polske Migatronic, Gys, Voestalpine Bohler Welding","potentialAction":[{"@type":"SearchAction","target":{"@type":"EntryPoint","urlTemplate":"https:\/\/spawlab.pl\/en\/?s={search_term_string}"},"query-input":{"@type":"PropertyValueSpecification","valueRequired":true,"valueName":"search_term_string"}}],"inLanguage":"en-US"},{"@type":["Organization","Place"],"@id":"https:\/\/spawlab.pl\/en\/#organization","name":"Spawlab.pl","url":"https:\/\/spawlab.pl\/en\/","logo":{"@id":"https:\/\/spawlab.pl\/en\/produkt\/bohler-mma-elektroda-spawalnicza-do-napawania-dur-600-4-0x450-5-9paczka-23-6karton-cena-za-1-paczke\/#local-main-organization-logo"},"image":{"@id":"https:\/\/spawlab.pl\/en\/produkt\/bohler-mma-elektroda-spawalnicza-do-napawania-dur-600-4-0x450-5-9paczka-23-6karton-cena-za-1-paczke\/#local-main-organization-logo"},"sameAs":["https:\/\/www.facebook.com\/Spawlab\/","https:\/\/www.linkedin.com\/company\/spawlab","https:\/\/www.instagram.com\/spawlab.pl","https:\/\/www.tiktok.com\/@spawlab"],"description":"Lider sprzeda\u017cy, Oficjalny Dystrybutor Premium i Serwis na Polsk\u0119 Migatronic, Gys, Voestalpine Bohler Welding. Nowe i u\u017cywane Spawarki, Przecinarki Plazmowe, Kompresory. Mgr in\u017c. Jaros\u0142aw Ko\u0142aski, IWE","hasMerchantReturnPolicy":{"@type":"MerchantReturnPolicy","merchantReturnLink":"https:\/\/spawlab.pl\/polityka-prywatnosci-2\/"},"telephone":[],"openingHoursSpecification":[{"@type":"OpeningHoursSpecification","dayOfWeek":["Monday","Tuesday","Wednesday","Thursday","Friday","Saturday","Sunday"],"opens":"09:00","closes":"17:00"}]},{"@type":"ImageObject","inLanguage":"en-US","@id":"https:\/\/spawlab.pl\/en\/produkt\/bohler-mma-elektroda-spawalnicza-do-napawania-dur-600-4-0x450-5-9paczka-23-6karton-cena-za-1-paczke\/#local-main-organization-logo","url":"https:\/\/spawlab.pl\/wp-content\/uploads\/2022\/01\/olx.jpg","contentUrl":"https:\/\/spawlab.pl\/wp-content\/uploads\/2022\/01\/olx.jpg","width":200,"height":200,"caption":"Spawlab.pl"}]},"product_price_amount":"630.00","product_price_currency":"PLN","og_availability":"instock","product_availability":"instock","product_retailer_item_id":"78011001","product_condition":"new"},"_links":{"self":[{"href":"https:\/\/spawlab.pl\/en\/wp-json\/wp\/v2\/product\/84644","targetHints":{"allow":["GET"]}}],"collection":[{"href":"https:\/\/spawlab.pl\/en\/wp-json\/wp\/v2\/product"}],"about":[{"href":"https:\/\/spawlab.pl\/en\/wp-json\/wp\/v2\/types\/product"}],"wp:featuredmedia":[{"embeddable":true,"href":"https:\/\/spawlab.pl\/en\/wp-json\/wp\/v2\/media\/84645"}],"wp:attachment":[{"href":"https:\/\/spawlab.pl\/en\/wp-json\/wp\/v2\/media?parent=84644"}],"wp:term":[{"taxonomy":"product_brand","embeddable":true,"href":"https:\/\/spawlab.pl\/en\/wp-json\/wp\/v2\/product_brand?post=84644"},{"taxonomy":"product_cat","embeddable":true,"href":"https:\/\/spawlab.pl\/en\/wp-json\/wp\/v2\/product_cat?post=84644"},{"taxonomy":"product_tag","embeddable":true,"href":"https:\/\/spawlab.pl\/en\/wp-json\/wp\/v2\/product_tag?post=84644"}],"curies":[{"name":"wp","href":"https:\/\/api.w.org\/{rel}","templated":true}]}}