{"id":85153,"date":"2026-02-11T10:31:13","date_gmt":"2026-02-11T09:31:13","guid":{"rendered":"https:\/\/spawlab.pl\/produkt\/przecinarka-plazmowa-galaxy-cut-40-welder-fantasy-hot\/"},"modified":"2026-02-11T10:32:10","modified_gmt":"2026-02-11T09:32:10","slug":"przecinarka-plazmowa-galaxy-cut-40-welder-fantasy-hot","status":"publish","type":"product","link":"https:\/\/spawlab.pl\/en\/produkt\/przecinarka-plazmowa-galaxy-cut-40-welder-fantasy-hot\/","title":{"rendered":"Przecinarka plazmowa GALAXY CUT 40 Welder Fantasy HOT"},"content":{"rendered":"<p style=\"text-align: justify;\"><span style=\"font-size: small; font-family: arial,helvetica,sans-serif;\">Przecinarka plazmowa <strong>Welder Fantasy GALAXY CUT 40<\/strong> przeznaczona jest do ci\u0119cia element\u00f3w przewodz\u0105cych pr\u0105d elektryczny,    wykonanych ze stali w\u0119glowych i stopowych, aluminium i jego stop\u00f3w,   mosi\u0105dzu, miedzi, a tak\u017ce \u017celiwa. Przecinarki plazmowe z nowej serii <strong>GALAXY<\/strong> posiadaj\u0105 30% sprawno\u015b\u0107 ci\u0119cia, co pozwala na swobodn\u0105 prac\u0119 w ka\u017cdych  warunkach, w tym przemys\u0142owych. Urz\u0105dzenie dzi\u0119ki zastosowaniu  najnowocze\u015bniejszych tranzystor\u00f3w <strong>IGBT<\/strong>, zapewnia  ci\u0105g\u0142o\u015b\u0107 pracy i jest jest bezawaryjne. Przecinarka ta znajdzie  zastosowanie w warsztatach samochodowych, przemy\u015ble stoczniowym,  blacharskim, \u015blusarstwie i wielu innych. Plazma <strong>GALAXY<\/strong> dzi\u0119ki swojej niskiej wadze, ma\u0142ym wymiarom i zasilaniu 230V jest mobilna i pozwala na prac\u0119 w najtrudniejszych warunkach.<\/span><\/p>\n<p style=\"text-align: justify;\"><span style=\"font-size: small; font-family: arial,helvetica,sans-serif;\"><br \/><\/span><\/p>\n<p style=\"margin-top: 0px; margin-bottom: 1px; text-align: justify;\"><span style=\"font-family: arial,helvetica,sans-serif; font-size: small;\">Urz\u0105dzenie wyposa\u017cone jest w system bezstykowego zajarzenia \u0142uku przep\u0142ywem wstecznym &#8220;<strong><a title=\"BLOW BACK GALAXY 40\" rel=\"nofollow\" href=\"https:\/\/www.youtube.com\/watch?v=21SJn6-9m50\" target=\"_blank\">BLOW-BACK<\/a><\/strong>&#8220;.  Metoda ta polega na przesuni\u0119ciu elektrody do ty\u0142y przy zajarzeniu  \u0142uku. Niew\u0105tpliw\u0105 zalet\u0105 tego typu rozwi\u0105zania jest mniejsze zu\u017cycie  element\u00f3w eksploatacyjnych, oraz zmniejszenie do minimum zak\u0142\u00f3ce\u0144  elektromagnetycznych, w por\u00f3wnaniu do zajarzenia HF. Ma to du\u017cy wp\u0142yw na  ochron\u0119 urz\u0105dze\u0144 elektrycznych tj. sterowniki, silniki krokowe czy  komputery, znajduj\u0105cych si\u0119  w s\u0105siedztwie przecinarki plazmowej. Dodatkowym atutem jest mniejsza  awaryjno\u015b\u0107 urz\u0105dzenia, poprzez wyeliminowanie modu\u0142u HF.<\/span><\/p>\n<p style=\"text-align: justify;\"><span style=\"font-family: arial,helvetica,sans-serif; font-size: small;\"><br \/> Cechy przecinarki plazmowej\u00a0<strong>Welder Fantasy GALAXY<\/strong>: <\/span><\/p>\n<p style=\"margin-top: 0px; margin-bottom: 1px; text-align: justify;\"><span style=\"font-size: small; font-family: arial,helvetica,sans-serif;\">&#8211; ma\u0142e gabaryty i niska waga,<\/span><\/p>\n<p style=\"margin-top: 0px; margin-bottom: 1px; text-align: justify;\"><span style=\"font-size: small; font-family: arial,helvetica,sans-serif;\">&#8211; p\u0142ynna regulacja pr\u0105du ci\u0119cia,<\/span><\/p>\n<p style=\"margin-top: 0px; margin-bottom: 1px; text-align: justify;\"><span style=\"font-size: small; font-family: arial,helvetica,sans-serif;\">&#8211; wy\u015bwietlacz <strong>LCD<\/strong> parametr\u00f3w pr\u0105du,<\/span><\/p>\n<p style=\"margin-top: 0px; margin-bottom: 1px; text-align: justify;\"><span style=\"font-size: small; font-family: arial,helvetica,sans-serif;\">&#8211; zabezpieczenie informuj\u0105ce o za niskim poziomie ci\u015bnienia spr\u0119\u017conego powietrza,<\/span><\/p>\n<p style=\"margin-top: 0px; margin-bottom: 1px; text-align: justify;\"><span style=\"font-size: small; font-family: arial,helvetica,sans-serif;\">&#8211; zabezpieczenie informuj\u0105ce o niepoprawnym pod\u0142\u0105czeniu uchwytu tn\u0105cego,<\/span><\/p>\n<p style=\"margin-top: 0px; margin-bottom: 1px; text-align: justify;\"><span style=\"font-size: small; font-family: arial,helvetica,sans-serif;\">&#8211; system bezstykowego zajarzenia \u0142uku <strong><a title=\"BLOW BACK Welder Fantasy GALAXY 40\" rel=\"nofollow\" href=\"https:\/\/www.youtube.com\/watch?v=21SJn6-9m50\" target=\"_blank\">BLOW BACK<\/a><\/strong>,<\/span><\/p>\n<p style=\"margin-top: 0px; margin-bottom: 1px; text-align: justify;\"><span style=\"font-size: small; font-family: arial,helvetica,sans-serif;\">&#8211; gniazdo <strong>EURO<\/strong>, pozwalaj\u0105ce na szybki demonta\u017c uchwytu i u\u0142atwiaj\u0105ce jego wymian\u0119,<\/span><\/p>\n<p style=\"margin-top: 0px; margin-bottom: 1px; text-align: justify;\"><span style=\"font-family: arial,helvetica,sans-serif; font-size: small;\">&#8211; zasilanie <strong>230V<\/strong> pozwalaj\u0105ce na prac\u0119 w ka\u017cdych warunkach.<\/p>\n<p> Kompletny zestaw zawiera:<br \/>&#8211; przecinark\u0119 <strong>Welder Fatasy GALAXY 40<\/strong>,<br \/>&#8211; uchwyt plazmy <strong>S45-6m<\/strong> z przy\u0142\u0105czem <strong>EURO<\/strong>,<br \/>&#8211; uchwyt masowy 2,5 mb,<br \/>&#8211; szczotka,<br \/>&#8211; instrukcja w j\u0119zyku polskim i kart\u0119 gwarancyjn\u0105.<\/span><\/p>\n<p style=\"margin-top: 0px; margin-bottom: 1px; text-align: justify;\">\u00a0<\/p>\n<p><span style=\"font-weight: bold; font-size: small; font-family: arial,helvetica,sans-serif;\">DANE TECHNICZNE:<\/span><br \/><span style=\"font-size: 10pt;\"> <\/span><span style=\"font-size: 10pt;\"> <\/span><\/p>\n<table border=\"1\" cellspacing=\"0\" cellpadding=\"0\">\n<tbody>\n<tr>\n<td width=\"234\" valign=\"top\">\n<p><span style=\"font-family: arial,helvetica,sans-serif; font-size: small;\">Napi\u0119cie zasilania [V]<\/span><\/p>\n<\/td>\n<td style=\"text-align: center;\" width=\"217\" valign=\"top\">\n<p><span style=\"font-family: arial,helvetica,sans-serif; font-size: small;\">230<\/span><\/p>\n<\/td>\n<\/tr>\n<tr>\n<td width=\"234\" valign=\"top\">\n<p><span style=\"font-size: 10pt;\"><span style=\"font-size: 10pt;\"><span style=\"font-family: arial,helvetica,sans-serif; font-size: small;\">Pob\u00f3r mocy [kVA]<\/span><br \/><\/span><\/span><\/p>\n<\/td>\n<td style=\"text-align: center;\" width=\"217\" valign=\"top\">\n<p><span style=\"font-family: arial,helvetica,sans-serif; font-size: small;\">3,8<\/span><\/p>\n<\/td>\n<\/tr>\n<tr>\n<td width=\"234\" valign=\"top\">\n<p><span style=\"font-size: 10pt;\"><span style=\"font-size: 10pt;\"><span style=\"font-family: arial,helvetica,sans-serif; font-size: small;\">Zabezpieczenie zw\u0142oczne min. [A]<\/span><br \/><\/span><\/span><\/p>\n<\/td>\n<td style=\"text-align: center;\" width=\"217\" valign=\"top\">\n<p><span style=\"font-family: arial,helvetica,sans-serif; font-size: small;\">16<\/span><\/p>\n<\/td>\n<\/tr>\n<tr>\n<td width=\"234\" valign=\"top\">\n<p><span style=\"font-size: 10pt;\"><span style=\"font-size: 10pt;\"><span style=\"font-family: arial,helvetica,sans-serif; font-size: small;\">Pob\u00f3r powietrza [l\/min]<\/span><br \/><\/span><\/span><\/p>\n<\/td>\n<td style=\"text-align: center;\" width=\"217\" valign=\"top\">\n<p><span style=\"font-family: arial,helvetica,sans-serif; font-size: small;\">130<\/span><\/p>\n<\/td>\n<\/tr>\n<tr>\n<td width=\"234\" valign=\"top\">\n<p><span style=\"font-size: 10pt;\"><span style=\"font-size: 10pt;\"><span style=\"font-family: arial,helvetica,sans-serif; font-size: small;\">Ci\u015bnienie powietrza [bar]<\/span><br \/><\/span><\/span><\/p>\n<\/td>\n<td style=\"text-align: center;\" width=\"217\" valign=\"top\">\n<p><span style=\"font-family: arial,helvetica,sans-serif; font-size: small;\">4,5-5<\/span><\/p>\n<\/td>\n<\/tr>\n<tr>\n<td width=\"234\" valign=\"top\">\n<p><span style=\"font-size: 10pt;\"><span style=\"font-family: arial,helvetica,sans-serif; font-size: small;\">Max ci\u0119cie jako\u015bciowe [mm]<\/span><br \/><\/span><\/p>\n<\/td>\n<td style=\"text-align: center;\" width=\"217\" valign=\"top\">\n<p><span style=\"font-family: arial,helvetica,sans-serif; font-size: small;\">16<\/span><\/p>\n<\/td>\n<\/tr>\n<tr>\n<td width=\"234\" valign=\"top\">\n<p><span style=\"font-size: 10pt;\"><span style=\"font-family: arial,helvetica,sans-serif; font-size: small;\">Max ci\u0119cie rozdzielaj\u0105ce [mm]<\/span><br \/><\/span><\/p>\n<\/td>\n<td style=\"text-align: center;\" width=\"217\" valign=\"top\">\n<p><span style=\"font-family: arial,helvetica,sans-serif; font-size: small;\">18<\/span><\/p>\n<\/td>\n<\/tr>\n<tr>\n<td width=\"234\" valign=\"top\">\n<p><span style=\"font-size: 10pt;\"><span style=\"font-family: arial,helvetica,sans-serif; font-size: small;\">Sprawno\u015b\u0107 [%]<\/span><br \/><\/span><\/p>\n<\/td>\n<td style=\"text-align: center;\" width=\"217\" valign=\"top\">\n<p><span style=\"font-family: arial,helvetica,sans-serif; font-size: small;\">30<\/span><\/p>\n<\/td>\n<\/tr>\n<tr>\n<td width=\"234\" valign=\"top\">\n<p><span style=\"font-size: small; font-family: arial,helvetica,sans-serif;\">Wsp\u00f3\u0142czynnik mocy cos\u03c6<\/span><\/p>\n<\/td>\n<td style=\"text-align: center;\" width=\"217\" valign=\"top\">\n<p><span style=\"font-family: arial,helvetica,sans-serif; font-size: small;\">0,90<\/span><\/p>\n<\/td>\n<\/tr>\n<tr>\n<td width=\"234\" valign=\"top\">\n<p><span style=\"font-size: 10pt;\"><span style=\"font-family: arial,helvetica,sans-serif; font-size: small;\">Pr\u0105d ci\u0119cia [A]<\/span><br \/><\/span><\/p>\n<\/td>\n<td style=\"text-align: center;\" width=\"217\" valign=\"top\">\n<p><span style=\"font-size: small; font-family: arial,helvetica,sans-serif;\">20-40<\/span><\/p>\n<\/td>\n<\/tr>\n<tr>\n<td width=\"234\" valign=\"top\">\n<p><span style=\"font-size: 10pt;\"><span style=\"font-family: arial,helvetica,sans-serif; font-size: small;\">Zajarzenie \u0142uku<\/span><br \/><\/span><\/p>\n<\/td>\n<td style=\"text-align: center;\" width=\"217\" valign=\"top\">\n<p><span style=\"font-size: small; font-family: arial,helvetica,sans-serif;\">BLOW BACK<\/span><\/p>\n<\/td>\n<\/tr>\n<tr>\n<td width=\"234\" valign=\"top\">\n<p><span style=\"font-size: 10pt;\"><span style=\"font-family: arial,helvetica,sans-serif; font-size: small;\">Waga [kg]<\/span><br \/><\/span><\/p>\n<\/td>\n<td style=\"text-align: center;\" width=\"217\" valign=\"top\">\n<p><span style=\"font-family: arial,helvetica,sans-serif; font-size: small;\">8,5<\/span><\/p>\n<\/td>\n<\/tr>\n<tr>\n<td width=\"234\" valign=\"top\">\n<p><span style=\"font-size: 10pt;\"><span style=\"font-family: arial,helvetica,sans-serif; font-size: small;\">Wymiary [mm]<\/span><br \/><\/span><\/p>\n<\/td>\n<td style=\"text-align: center;\" width=\"217\" valign=\"top\">\n<p><span style=\"font-family: arial,helvetica,sans-serif; font-size: small;\">180*410*250<\/span><\/p>\n<\/td>\n<\/tr>\n<\/tbody>\n<\/table>\n","protected":false},"excerpt":{"rendered":"<p>Przecinarka plazmowa Welder Fantasy GALAXY CUT 40 przeznaczona jest do ci\u0119cia element\u00f3w przewodz\u0105cych pr\u0105d elektryczny, wykonanych ze stali w\u0119glowych i stopowych, aluminium i jego stop\u00f3w, mosi\u0105dzu, miedzi, a tak\u017ce \u017celiwa. Przecinarki plazmowe z nowej serii GALAXY posiadaj\u0105 30% sprawno\u015b\u0107 ci\u0119cia, co pozwala na swobodn\u0105 prac\u0119 w ka\u017cdych warunkach, w tym przemys\u0142owych. Urz\u0105dzenie dzi\u0119ki zastosowaniu najnowocze\u015bniejszych [&hellip;]<\/p>\n","protected":false},"featured_media":85154,"template":"","meta":{"inline_featured_image":false},"product_brand":[31235],"product_cat":[81,3342,31236],"product_tag":[],"class_list":{"0":"post-85153","1":"product","2":"type-product","3":"status-publish","4":"has-post-thumbnail","6":"product_brand-welder-fantasy","7":"product_cat-akcesoria-czesci","8":"product_cat-strefa-marki","9":"product_cat-welder-fantasy","11":"first","12":"instock","13":"purchasable","14":"product-type-simple"},"yoast_head":"<!-- This site is optimized with the Yoast SEO Premium plugin v27.0 (Yoast SEO v27.4) - https:\/\/yoast.com\/product\/yoast-seo-premium-wordpress\/ -->\n<title>Przecinarka plazmowa GALAXY CUT 40 Welder Fantasy HOT - SpawLab - Welding equipment and plasma cutters - store and service<\/title>\n<meta name=\"description\" content=\"Lider sprzeda\u017cy, Oficjalny Dystrybutor Premium i Serwis na Polsk\u0119 Migatronic, Gys, Voestalpine Bohler Welding. Nowe i u\u017cywane Spawarki, Przecinarki Plazmowe, Kompresory. Mgr in\u017c. Jaros\u0142aw Ko\u0142aski, IWE\" \/>\n<meta name=\"robots\" content=\"index, follow, max-snippet:-1, max-image-preview:large, max-video-preview:-1\" \/>\n<link rel=\"canonical\" href=\"https:\/\/spawlab.pl\/en\/produkt\/przecinarka-plazmowa-galaxy-cut-40-welder-fantasy-hot\/\" \/>\n<meta property=\"og:locale\" content=\"en_US\" \/>\n<meta property=\"og:type\" content=\"article\" \/>\n<meta property=\"og:title\" content=\"Przecinarka plazmowa GALAXY CUT 40 Welder Fantasy HOT\" \/>\n<meta property=\"og:description\" content=\"Lider sprzeda\u017cy, Oficjalny Dystrybutor Premium i Serwis na Polsk\u0119 Migatronic, Gys, Voestalpine Bohler Welding. Nowe i u\u017cywane Spawarki, Przecinarki Plazmowe, Kompresory. Mgr in\u017c. Jaros\u0142aw Ko\u0142aski, IWE\" \/>\n<meta property=\"og:url\" content=\"https:\/\/spawlab.pl\/en\/produkt\/przecinarka-plazmowa-galaxy-cut-40-welder-fantasy-hot\/\" \/>\n<meta property=\"og:site_name\" content=\"SpawLab - Welding equipment and plasma cutters - store and service\" \/>\n<meta property=\"article:publisher\" content=\"https:\/\/www.facebook.com\/Spawlab\/\" \/>\n<meta property=\"article:modified_time\" content=\"2026-02-11T09:32:10+00:00\" \/>\n<meta property=\"og:image\" content=\"https:\/\/spawlab.pl\/wp-content\/uploads\/2025\/12\/0534.jpg\" \/>\n\t<meta property=\"og:image:width\" content=\"566\" \/>\n\t<meta property=\"og:image:height\" content=\"814\" \/>\n\t<meta property=\"og:image:type\" content=\"image\/jpeg\" \/>\n<meta name=\"twitter:label1\" content=\"Price\" \/>\n\t<meta name=\"twitter:data1\" content=\"2 100,00&nbsp;&#122;&#322;\" \/>\n\t<meta name=\"twitter:label2\" content=\"Availability\" \/>\n\t<meta name=\"twitter:data2\" content=\"In stock\" \/>\n<script type=\"application\/ld+json\" class=\"yoast-schema-graph\">{\"@context\":\"https:\\\/\\\/schema.org\",\"@graph\":[{\"@type\":[\"WebPage\",\"ItemPage\"],\"@id\":\"https:\\\/\\\/spawlab.pl\\\/en\\\/produkt\\\/przecinarka-plazmowa-galaxy-cut-40-welder-fantasy-hot\\\/\",\"url\":\"https:\\\/\\\/spawlab.pl\\\/en\\\/produkt\\\/przecinarka-plazmowa-galaxy-cut-40-welder-fantasy-hot\\\/\",\"name\":\"Przecinarka plazmowa GALAXY CUT 40 Welder Fantasy HOT - SpawLab - Welding equipment and plasma cutters - store and service\",\"isPartOf\":{\"@id\":\"https:\\\/\\\/spawlab.pl\\\/en\\\/#website\"},\"primaryImageOfPage\":{\"@id\":\"https:\\\/\\\/spawlab.pl\\\/en\\\/produkt\\\/przecinarka-plazmowa-galaxy-cut-40-welder-fantasy-hot\\\/#primaryimage\"},\"image\":{\"@id\":\"https:\\\/\\\/spawlab.pl\\\/en\\\/produkt\\\/przecinarka-plazmowa-galaxy-cut-40-welder-fantasy-hot\\\/#primaryimage\"},\"thumbnailUrl\":\"https:\\\/\\\/spawlab.pl\\\/wp-content\\\/uploads\\\/2025\\\/12\\\/0534.jpg\",\"datePublished\":\"2026-02-11T09:31:13+00:00\",\"dateModified\":\"2026-02-11T09:32:10+00:00\",\"description\":\"Lider sprzeda\u017cy, Oficjalny Dystrybutor Premium i Serwis na Polsk\u0119 Migatronic, Gys, Voestalpine Bohler Welding. Nowe i u\u017cywane Spawarki, Przecinarki Plazmowe, Kompresory. Mgr in\u017c. Jaros\u0142aw Ko\u0142aski, IWE\",\"breadcrumb\":{\"@id\":\"https:\\\/\\\/spawlab.pl\\\/en\\\/produkt\\\/przecinarka-plazmowa-galaxy-cut-40-welder-fantasy-hot\\\/#breadcrumb\"},\"inLanguage\":\"en-US\",\"potentialAction\":[{\"@type\":\"ReadAction\",\"target\":[\"https:\\\/\\\/spawlab.pl\\\/en\\\/produkt\\\/przecinarka-plazmowa-galaxy-cut-40-welder-fantasy-hot\\\/\"]}]},{\"@type\":\"ImageObject\",\"inLanguage\":\"en-US\",\"@id\":\"https:\\\/\\\/spawlab.pl\\\/en\\\/produkt\\\/przecinarka-plazmowa-galaxy-cut-40-welder-fantasy-hot\\\/#primaryimage\",\"url\":\"https:\\\/\\\/spawlab.pl\\\/wp-content\\\/uploads\\\/2025\\\/12\\\/0534.jpg\",\"contentUrl\":\"https:\\\/\\\/spawlab.pl\\\/wp-content\\\/uploads\\\/2025\\\/12\\\/0534.jpg\",\"width\":566,\"height\":814},{\"@type\":\"BreadcrumbList\",\"@id\":\"https:\\\/\\\/spawlab.pl\\\/en\\\/produkt\\\/przecinarka-plazmowa-galaxy-cut-40-welder-fantasy-hot\\\/#breadcrumb\",\"itemListElement\":[{\"@type\":\"ListItem\",\"position\":1,\"name\":\"Strona g\u0142\u00f3wna\",\"item\":\"https:\\\/\\\/spawlab.pl\\\/en\\\/\"},{\"@type\":\"ListItem\",\"position\":2,\"name\":\"Store\",\"item\":\"https:\\\/\\\/spawlab.pl\\\/en\\\/shop\\\/\"},{\"@type\":\"ListItem\",\"position\":3,\"name\":\"Przecinarka plazmowa GALAXY CUT 40 Welder Fantasy HOT\"}]},{\"@type\":\"WebSite\",\"@id\":\"https:\\\/\\\/spawlab.pl\\\/en\\\/#website\",\"url\":\"https:\\\/\\\/spawlab.pl\\\/en\\\/\",\"name\":\"Spawlab.pl Lider - Spawarki, Przecinarki Plazmowe, Kompresory\",\"description\":\"Urz\u0105dzenia spawalnicze i Przecinarki plazmowe\\\/ nowe i u\u017cywane \\\/ Profesjonalny serwis\",\"publisher\":{\"@id\":\"https:\\\/\\\/spawlab.pl\\\/en\\\/#organization\"},\"alternateName\":\"Spawlab.pl - Dystrybutor Premium i Serwis na Polske Migatronic, Gys, Voestalpine Bohler Welding\",\"potentialAction\":[{\"@type\":\"SearchAction\",\"target\":{\"@type\":\"EntryPoint\",\"urlTemplate\":\"https:\\\/\\\/spawlab.pl\\\/en\\\/?s={search_term_string}\"},\"query-input\":{\"@type\":\"PropertyValueSpecification\",\"valueRequired\":true,\"valueName\":\"search_term_string\"}}],\"inLanguage\":\"en-US\"},{\"@type\":[\"Organization\",\"Place\"],\"@id\":\"https:\\\/\\\/spawlab.pl\\\/en\\\/#organization\",\"name\":\"Spawlab.pl\",\"url\":\"https:\\\/\\\/spawlab.pl\\\/en\\\/\",\"logo\":{\"@id\":\"https:\\\/\\\/spawlab.pl\\\/en\\\/produkt\\\/przecinarka-plazmowa-galaxy-cut-40-welder-fantasy-hot\\\/#local-main-organization-logo\"},\"image\":{\"@id\":\"https:\\\/\\\/spawlab.pl\\\/en\\\/produkt\\\/przecinarka-plazmowa-galaxy-cut-40-welder-fantasy-hot\\\/#local-main-organization-logo\"},\"sameAs\":[\"https:\\\/\\\/www.facebook.com\\\/Spawlab\\\/\",\"https:\\\/\\\/www.linkedin.com\\\/company\\\/spawlab\",\"https:\\\/\\\/www.instagram.com\\\/spawlab.pl\",\"https:\\\/\\\/www.tiktok.com\\\/@spawlab\"],\"description\":\"Lider sprzeda\u017cy, Oficjalny Dystrybutor Premium i Serwis na Polsk\u0119 Migatronic, Gys, Voestalpine Bohler Welding. Nowe i u\u017cywane Spawarki, Przecinarki Plazmowe, Kompresory. Mgr in\u017c. Jaros\u0142aw Ko\u0142aski, IWE\",\"hasMerchantReturnPolicy\":{\"@type\":\"MerchantReturnPolicy\",\"merchantReturnLink\":\"https:\\\/\\\/spawlab.pl\\\/polityka-prywatnosci-2\\\/\"},\"telephone\":[],\"openingHoursSpecification\":[{\"@type\":\"OpeningHoursSpecification\",\"dayOfWeek\":[\"Monday\",\"Tuesday\",\"Wednesday\",\"Thursday\",\"Friday\",\"Saturday\",\"Sunday\"],\"opens\":\"09:00\",\"closes\":\"17:00\"}]},{\"@type\":\"ImageObject\",\"inLanguage\":\"en-US\",\"@id\":\"https:\\\/\\\/spawlab.pl\\\/en\\\/produkt\\\/przecinarka-plazmowa-galaxy-cut-40-welder-fantasy-hot\\\/#local-main-organization-logo\",\"url\":\"https:\\\/\\\/spawlab.pl\\\/wp-content\\\/uploads\\\/2022\\\/01\\\/olx.jpg\",\"contentUrl\":\"https:\\\/\\\/spawlab.pl\\\/wp-content\\\/uploads\\\/2022\\\/01\\\/olx.jpg\",\"width\":200,\"height\":200,\"caption\":\"Spawlab.pl\"}]}<\/script>\n<meta property=\"product:price:amount\" content=\"2100.00\" \/>\n<meta property=\"product:price:currency\" content=\"PLN\" \/>\n<meta property=\"og:availability\" content=\"instock\" \/>\n<meta property=\"product:availability\" content=\"instock\" \/>\n<meta property=\"product:retailer_item_id\" content=\"0534\" \/>\n<meta property=\"product:condition\" content=\"new\" \/>\n<!-- \/ Yoast SEO Premium plugin. -->","yoast_head_json":{"title":"Przecinarka plazmowa GALAXY CUT 40 Welder Fantasy HOT - SpawLab - Welding equipment and plasma cutters - store and service","description":"Lider sprzeda\u017cy, Oficjalny Dystrybutor Premium i Serwis na Polsk\u0119 Migatronic, Gys, Voestalpine Bohler Welding. Nowe i u\u017cywane Spawarki, Przecinarki Plazmowe, Kompresory. Mgr in\u017c. Jaros\u0142aw Ko\u0142aski, IWE","robots":{"index":"index","follow":"follow","max-snippet":"max-snippet:-1","max-image-preview":"max-image-preview:large","max-video-preview":"max-video-preview:-1"},"canonical":"https:\/\/spawlab.pl\/en\/produkt\/przecinarka-plazmowa-galaxy-cut-40-welder-fantasy-hot\/","og_locale":"en_US","og_type":"article","og_title":"Przecinarka plazmowa GALAXY CUT 40 Welder Fantasy HOT","og_description":"Lider sprzeda\u017cy, Oficjalny Dystrybutor Premium i Serwis na Polsk\u0119 Migatronic, Gys, Voestalpine Bohler Welding. Nowe i u\u017cywane Spawarki, Przecinarki Plazmowe, Kompresory. Mgr in\u017c. Jaros\u0142aw Ko\u0142aski, IWE","og_url":"https:\/\/spawlab.pl\/en\/produkt\/przecinarka-plazmowa-galaxy-cut-40-welder-fantasy-hot\/","og_site_name":"SpawLab - Welding equipment and plasma cutters - store and service","article_publisher":"https:\/\/www.facebook.com\/Spawlab\/","article_modified_time":"2026-02-11T09:32:10+00:00","og_image":[{"width":566,"height":814,"url":"https:\/\/spawlab.pl\/wp-content\/uploads\/2025\/12\/0534.jpg","type":"image\/jpeg"}],"twitter_misc":{"Price":"2 100,00&nbsp;&#122;&#322;","Availability":"In stock"},"schema":{"@context":"https:\/\/schema.org","@graph":[{"@type":["WebPage","ItemPage"],"@id":"https:\/\/spawlab.pl\/en\/produkt\/przecinarka-plazmowa-galaxy-cut-40-welder-fantasy-hot\/","url":"https:\/\/spawlab.pl\/en\/produkt\/przecinarka-plazmowa-galaxy-cut-40-welder-fantasy-hot\/","name":"Przecinarka plazmowa GALAXY CUT 40 Welder Fantasy HOT - SpawLab - Welding equipment and plasma cutters - store and service","isPartOf":{"@id":"https:\/\/spawlab.pl\/en\/#website"},"primaryImageOfPage":{"@id":"https:\/\/spawlab.pl\/en\/produkt\/przecinarka-plazmowa-galaxy-cut-40-welder-fantasy-hot\/#primaryimage"},"image":{"@id":"https:\/\/spawlab.pl\/en\/produkt\/przecinarka-plazmowa-galaxy-cut-40-welder-fantasy-hot\/#primaryimage"},"thumbnailUrl":"https:\/\/spawlab.pl\/wp-content\/uploads\/2025\/12\/0534.jpg","datePublished":"2026-02-11T09:31:13+00:00","dateModified":"2026-02-11T09:32:10+00:00","description":"Lider sprzeda\u017cy, Oficjalny Dystrybutor Premium i Serwis na Polsk\u0119 Migatronic, Gys, Voestalpine Bohler Welding. Nowe i u\u017cywane Spawarki, Przecinarki Plazmowe, Kompresory. Mgr in\u017c. Jaros\u0142aw Ko\u0142aski, IWE","breadcrumb":{"@id":"https:\/\/spawlab.pl\/en\/produkt\/przecinarka-plazmowa-galaxy-cut-40-welder-fantasy-hot\/#breadcrumb"},"inLanguage":"en-US","potentialAction":[{"@type":"ReadAction","target":["https:\/\/spawlab.pl\/en\/produkt\/przecinarka-plazmowa-galaxy-cut-40-welder-fantasy-hot\/"]}]},{"@type":"ImageObject","inLanguage":"en-US","@id":"https:\/\/spawlab.pl\/en\/produkt\/przecinarka-plazmowa-galaxy-cut-40-welder-fantasy-hot\/#primaryimage","url":"https:\/\/spawlab.pl\/wp-content\/uploads\/2025\/12\/0534.jpg","contentUrl":"https:\/\/spawlab.pl\/wp-content\/uploads\/2025\/12\/0534.jpg","width":566,"height":814},{"@type":"BreadcrumbList","@id":"https:\/\/spawlab.pl\/en\/produkt\/przecinarka-plazmowa-galaxy-cut-40-welder-fantasy-hot\/#breadcrumb","itemListElement":[{"@type":"ListItem","position":1,"name":"Strona g\u0142\u00f3wna","item":"https:\/\/spawlab.pl\/en\/"},{"@type":"ListItem","position":2,"name":"Store","item":"https:\/\/spawlab.pl\/en\/shop\/"},{"@type":"ListItem","position":3,"name":"Przecinarka plazmowa GALAXY CUT 40 Welder Fantasy HOT"}]},{"@type":"WebSite","@id":"https:\/\/spawlab.pl\/en\/#website","url":"https:\/\/spawlab.pl\/en\/","name":"Spawlab.pl Lider - Spawarki, Przecinarki Plazmowe, Kompresory","description":"Urz\u0105dzenia spawalnicze i Przecinarki plazmowe\/ nowe i u\u017cywane \/ Profesjonalny serwis","publisher":{"@id":"https:\/\/spawlab.pl\/en\/#organization"},"alternateName":"Spawlab.pl - Dystrybutor Premium i Serwis na Polske Migatronic, Gys, Voestalpine Bohler Welding","potentialAction":[{"@type":"SearchAction","target":{"@type":"EntryPoint","urlTemplate":"https:\/\/spawlab.pl\/en\/?s={search_term_string}"},"query-input":{"@type":"PropertyValueSpecification","valueRequired":true,"valueName":"search_term_string"}}],"inLanguage":"en-US"},{"@type":["Organization","Place"],"@id":"https:\/\/spawlab.pl\/en\/#organization","name":"Spawlab.pl","url":"https:\/\/spawlab.pl\/en\/","logo":{"@id":"https:\/\/spawlab.pl\/en\/produkt\/przecinarka-plazmowa-galaxy-cut-40-welder-fantasy-hot\/#local-main-organization-logo"},"image":{"@id":"https:\/\/spawlab.pl\/en\/produkt\/przecinarka-plazmowa-galaxy-cut-40-welder-fantasy-hot\/#local-main-organization-logo"},"sameAs":["https:\/\/www.facebook.com\/Spawlab\/","https:\/\/www.linkedin.com\/company\/spawlab","https:\/\/www.instagram.com\/spawlab.pl","https:\/\/www.tiktok.com\/@spawlab"],"description":"Lider sprzeda\u017cy, Oficjalny Dystrybutor Premium i Serwis na Polsk\u0119 Migatronic, Gys, Voestalpine Bohler Welding. Nowe i u\u017cywane Spawarki, Przecinarki Plazmowe, Kompresory. Mgr in\u017c. Jaros\u0142aw Ko\u0142aski, IWE","hasMerchantReturnPolicy":{"@type":"MerchantReturnPolicy","merchantReturnLink":"https:\/\/spawlab.pl\/polityka-prywatnosci-2\/"},"telephone":[],"openingHoursSpecification":[{"@type":"OpeningHoursSpecification","dayOfWeek":["Monday","Tuesday","Wednesday","Thursday","Friday","Saturday","Sunday"],"opens":"09:00","closes":"17:00"}]},{"@type":"ImageObject","inLanguage":"en-US","@id":"https:\/\/spawlab.pl\/en\/produkt\/przecinarka-plazmowa-galaxy-cut-40-welder-fantasy-hot\/#local-main-organization-logo","url":"https:\/\/spawlab.pl\/wp-content\/uploads\/2022\/01\/olx.jpg","contentUrl":"https:\/\/spawlab.pl\/wp-content\/uploads\/2022\/01\/olx.jpg","width":200,"height":200,"caption":"Spawlab.pl"}]},"product_price_amount":"2100.00","product_price_currency":"PLN","og_availability":"instock","product_availability":"instock","product_retailer_item_id":"0534","product_condition":"new"},"_links":{"self":[{"href":"https:\/\/spawlab.pl\/en\/wp-json\/wp\/v2\/product\/85153","targetHints":{"allow":["GET"]}}],"collection":[{"href":"https:\/\/spawlab.pl\/en\/wp-json\/wp\/v2\/product"}],"about":[{"href":"https:\/\/spawlab.pl\/en\/wp-json\/wp\/v2\/types\/product"}],"wp:featuredmedia":[{"embeddable":true,"href":"https:\/\/spawlab.pl\/en\/wp-json\/wp\/v2\/media\/85154"}],"wp:attachment":[{"href":"https:\/\/spawlab.pl\/en\/wp-json\/wp\/v2\/media?parent=85153"}],"wp:term":[{"taxonomy":"product_brand","embeddable":true,"href":"https:\/\/spawlab.pl\/en\/wp-json\/wp\/v2\/product_brand?post=85153"},{"taxonomy":"product_cat","embeddable":true,"href":"https:\/\/spawlab.pl\/en\/wp-json\/wp\/v2\/product_cat?post=85153"},{"taxonomy":"product_tag","embeddable":true,"href":"https:\/\/spawlab.pl\/en\/wp-json\/wp\/v2\/product_tag?post=85153"}],"curies":[{"name":"wp","href":"https:\/\/api.w.org\/{rel}","templated":true}]}}