{"id":85444,"date":"2026-02-11T10:45:39","date_gmt":"2026-02-11T09:45:39","guid":{"rendered":"https:\/\/spawlab.pl\/produkt\/przecinarka-plazmowa-hefty-150-welder-fantasy\/"},"modified":"2026-02-11T10:45:50","modified_gmt":"2026-02-11T09:45:50","slug":"przecinarka-plazmowa-hefty-150-welder-fantasy","status":"publish","type":"product","link":"https:\/\/spawlab.pl\/en\/produkt\/przecinarka-plazmowa-hefty-150-welder-fantasy\/","title":{"rendered":"Przecinarka plazmowa HEFTY 150 Welder Fantasy"},"content":{"rendered":"<p style=\"text-align: justify;\">\u00a0<\/p>\n<p style=\"text-align: justify;\"><span style=\"font-family: arial,helvetica,sans-serif; font-size: small;\">Welder Fantasy to marka utworzona przez firm\u0119 <strong>FACHOWIEC <\/strong>w 1991 roku. Spawarki inwertorowe TIG\/MMA, p\u00f3\u0142automaty spawalnicze MIG\/MAG, przecinarki plazmowe oraz pozosta\u0142y sprz\u0119t asygnowany znakiem Welder Fantasy, od wielu ju\u017c lat znajduje uznanie tysi\u0119cy warsztat\u00f3w i przedsi\u0119biorstw w Polsce i zagranic\u0105. Marka Welder Fantasy to:<\/span><\/p>\n<p style=\"text-align: justify;\"><span style=\"font-family: arial,helvetica,sans-serif; font-size: small;\">&#8211; Najwy\u017csza jako\u015b\u0107 urz\u0105dze\u0144,<\/span><\/p>\n<p style=\"text-align: justify;\"><span style=\"font-family: arial,helvetica,sans-serif; font-size: small;\">&#8211; Gwarancja niezawodno\u015bci,<\/span><\/p>\n<p style=\"text-align: justify;\"><span style=\"font-family: arial,helvetica,sans-serif; font-size: small;\">&#8211; Wysokie parametry pracy,<\/span><\/p>\n<p style=\"text-align: justify;\"><span style=\"font-family: arial,helvetica,sans-serif; font-size: small;\">&#8211; Lider na polskim rynku.<\/span><\/p>\n<p>\u00a0<\/p>\n<table border=\"0\" cellspacing=\"0\" cellpadding=\"0\">\n<tbody>\n<tr>\n<td><span style=\"font-family: arial,helvetica,sans-serif; font-size: small;\"><strong><em><img decoding=\"async\" style=\"--smush-placeholder-width: 117px; --smush-placeholder-aspect-ratio: 117\/73;float: left; margin-left: 0px; margin-right: 0px;\" title=\"symbol IGBT\" data-src=\"https:\/\/fachowiec.com\/pkftp\/strona\/s_metod\/igbt.svg\" alt=\"symbol IGBT\" width=\"117\" height=\"73\" src=\"data:image\/svg+xml;base64,PHN2ZyB3aWR0aD0iMSIgaGVpZ2h0PSIxIiB4bWxucz0iaHR0cDovL3d3dy53My5vcmcvMjAwMC9zdmciPjwvc3ZnPg==\" class=\"lazyload\" \/><\/em><\/strong><\/span><\/td>\n<td>\n<p style=\"text-align: justify;\"><span style=\"font-family: arial,helvetica,sans-serif; font-size: small;\"><strong><em>Technologia IGBT &#8211; ang. Insulated Gate Bipolar Transistor &#8211; <\/em><\/strong><em>to nowoczesna technologia oparta na tranzystorach bipolarnych z izolowan\u0105 bramk\u0105. \u0141\u0105czy w sobie \u0142atwo\u015b\u0107 sterowania tranzystor\u00f3w polowych z wysokim napi\u0119ciem przebicia i szybko\u015bci\u0105 prze\u0142\u0105czania tranzystor\u00f3w bipolarnych. Zastosowanie technologii IGBT ma wp\u0142yw na znaczne wyd\u0142u\u017cenie niezawodnej pracy urz\u0105dze\u0144 spawalniczych.<\/em><\/span><\/p>\n<\/td>\n<\/tr>\n<tr>\n<td><span style=\"font-family: arial,helvetica,sans-serif; font-size: small;\"><strong><em><img decoding=\"async\" style=\"--smush-placeholder-width: 117px; --smush-placeholder-aspect-ratio: 117\/73;float: left;\" title=\"symbol sprawno\u015b\u0107 60\" data-src=\"https:\/\/fachowiec.com\/pkftp\/strona\/s_metod\/60.svg\" alt=\"symbol sprawno\u015b\u0107 60\" width=\"117\" height=\"73\" src=\"data:image\/svg+xml;base64,PHN2ZyB3aWR0aD0iMSIgaGVpZ2h0PSIxIiB4bWxucz0iaHR0cDovL3d3dy53My5vcmcvMjAwMC9zdmciPjwvc3ZnPg==\" class=\"lazyload\" \/><\/em><\/strong><\/span><\/td>\n<td>\n<p style=\"text-align: justify;\"><span style=\"font-family: arial,helvetica,sans-serif; font-size: small;\"><em>Wysoka <strong>sprawno\u015b\u0107 <\/strong>urz\u0105dzenia 60%.<\/em><\/span><\/p>\n<\/td>\n<\/tr>\n<\/tbody>\n<\/table>\n<p><strong><span style=\"font-family: arial,helvetica,sans-serif; font-size: small;\"> <\/span><\/strong><\/p>\n<p style=\"text-align: justify;\">\u00a0<\/p>\n<p style=\"text-align: justify;\"><span style=\"font-size: small; font-family: arial,helvetica,sans-serif;\"><span style=\"color: #ff0000;\"><strong>&#8220;WELDER FANTASY&#8221; JEST CHRONIONYM I ZASTRZE\u017bONYM ZNAKIEM TOWAROWYM<\/strong><\/span> &#8211; <strong><a style=\"color: #5e42c5; text-decoration: none;\" rel=\" nofollow\" href=\"http:\/\/www.fachowiec.com\/files\/certyfikaty\/0019.pdf\" target=\"_blank\">zobacz dokument \u015awiadectwa Ochronnego<\/a><\/strong><\/span><\/p>\n<p style=\"text-align: justify;\">\u00a0<\/p>\n<p style=\"text-align: justify;\"><span style=\"font-size: small; font-family: arial,helvetica,sans-serif;\">Przecinarka plazmowa Welder Fantasy <strong>HEFTY 150<\/strong> przeznaczona jest do ci\u0119cia element\u00f3w przewodz\u0105cych pr\u0105d elektryczny, wykonanych ze stali w\u0119glowych i stopowych, aluminium i jego stop\u00f3w, mosi\u0105dzu, miedzi, a tak\u017ce \u017celiwa.<br \/>Przecinarki plazmowe z nowej serii HEFTY posiadaj\u0105 60% sprawno\u015b\u0107 ci\u0119cia, co pozwala na swobodn\u0105 prac\u0119 w ka\u017cdych warunkach, w tym przemys\u0142owych.<\/span><\/p>\n<p style=\"text-align: justify;\">\u00a0<\/p>\n<p style=\"text-align: justify;\"><span style=\"font-size: small; font-family: arial,helvetica,sans-serif;\"><br \/>Przecinarka umo\u017cliwia pod\u0142\u0105czenie <strong>ch\u0142odnicy<\/strong> i zastosowanie <strong>uchwytu ch\u0142odzonego ciecz\u0105<\/strong>. Na panelu sterowania u\u017cytkownik mo\u017ce wybra\u0107 pomi\u0119dzy ch\u0142odzeniem wod\u0105 a ch\u0142odzeniem powietrzem. Dodatkowo urz\u0105dzenie posiada wbudowany czujnik ci\u015bnienia powietrza, kt\u00f3ry w przypadku zbyt niskiego ci\u015bnienia uniemo\u017cliwi zajarzenie \u0142uku.<\/span><\/p>\n<p style=\"text-align: justify;\"><span style=\"font-size: small; font-family: arial,helvetica,sans-serif;\"><\/p>\n<p><\/span><\/p>\n<p style=\"text-align: justify;\"><span style=\"font-size: small; font-family: arial,helvetica,sans-serif;\">Maszyna o ponadprzeci\u0119tnych parametrach pracy (z kompletem uchwyt\u00f3w oraz dodatkowym osprz\u0119tem w zestawie) spe\u0142ni oczekiwania najbardziej wymagaj\u0105cych warsztat\u00f3w i firm bran\u017cy przemys\u0142owej. Urz\u0105dzenie wyposa\u017cone jest m.in. w rozbudowany panel sterowania umo\u017cliwiaj\u0105cy regulacj\u0119 takich parametr\u00f3w jak: <\/span><\/p>\n<p style=\"text-align: justify;\"><span style=\"font-size: small; font-family: arial,helvetica,sans-serif;\"><br \/>&#8211; wyp\u0142yw powietrza przed zajarzeniem \u0142uku,<br \/>&#8211; \u0142uk pilotuj\u0105cy,<br \/>&#8211; czas narastania pr\u0105du,<br \/>&#8211; pr\u0105d przebicia,<br \/>&#8211; czas pr\u0105du przebicia,<br \/>&#8211; pr\u0105d ci\u0119cia.<br \/>&#8211; czas opadania pr\u0105du,<br \/>&#8211; wyp\u0142yw powietrza po wyga\u015bni\u0119ciu \u0142uku.<\/span><\/p>\n<p style=\"text-align: justify;\">\u00a0<\/p>\n<p style=\"text-align: justify;\"><span style=\"font-family: arial,helvetica,sans-serif; font-size: small;\"><strong>Uwaga! Mo\u017cliwo\u015b\u0107 pod\u0142\u0105czenia urz\u0105dzenia do maszyny CNC.<\/strong><\/span><\/p>\n<p style=\"text-align: justify;\">\u00a0<\/p>\n<p style=\"text-align: justify;\"><span style=\"font-size: small; font-family: arial,helvetica,sans-serif;\">Cechy przecinarek plazmowych Welder Fantasy HEFTY: <br \/>&#8211; wysoka 60% sprawno\u015b\u0107,<\/span><br \/><span style=\"font-size: small; font-family: arial,helvetica,sans-serif;\"> &#8211; urz\u0105dzenia w technologii IGBT,<br \/>&#8211; kompaktowa obudowa i niska waga,<br \/>&#8211; zajarzenie \u0142uku poprzez dwutakt lub czterotakt (2T\/4T),<br \/>&#8211; kontrola zbyt wysokiego nat\u0119\u017cenia pr\u0105du,<br \/>&#8211; kontrola zbyt wysokiej temperatury,<br \/> &#8211; p\u0142ynna regulacja pr\u0105du ci\u0119cia,<br \/>&#8211; wy\u015bwietlacz LCD parametr\u00f3w pr\u0105du.<\/span><\/p>\n<p style=\"text-align: justify;\"><span style=\"font-size: small; font-family: arial,helvetica,sans-serif;\"><br \/><\/span><\/p>\n<p style=\"text-align: justify;\"><span style=\"font-size: small; font-family: arial,helvetica,sans-serif;\"> Kompletny zestaw zawiera:<br \/>&#8211; przecinarka WF HEFTY 150<br \/>&#8211; uchwyt plazmy LT-141 6 mb<br \/>&#8211; uchwyt masowy 3 mb<br \/>&#8211; cz\u0119\u015bci eksploatacyjne + filtr powietrza<br \/>&#8211; instrukcja w j\u0119zyku polskim <\/span><\/p>\n<p><span style=\"font-weight: bold; font-size: small; font-family: arial,helvetica,sans-serif;\">DANE TECHNICZNE:<\/span><br \/><span style=\"font-size: 10pt;\"> <\/span><span style=\"font-size: 10pt;\"> <\/span><\/p>\n<table border=\"1\" cellspacing=\"0\" cellpadding=\"0\">\n<tbody>\n<tr>\n<td width=\"250\" valign=\"top\">\n<p><span style=\"font-family: arial, helvetica, sans-serif; font-size: small;\">Napi\u0119cie zasilania [V]<\/span><\/p>\n<\/td>\n<td style=\"text-align: center;\" width=\"217\" valign=\"top\">\n<p><span style=\"font-family: arial, helvetica, sans-serif; font-size: small;\">400<\/span><\/p>\n<\/td>\n<\/tr>\n<tr>\n<td width=\"250\" valign=\"top\">\n<p><span style=\"font-family: arial, helvetica, sans-serif; font-size: small;\">Pob\u00f3r mocy [kVA]<\/span><\/p>\n<\/td>\n<td style=\"text-align: center;\" width=\"217\" valign=\"top\">\n<p><span style=\"font-family: arial, helvetica, sans-serif; font-size: small;\">19<\/span><\/p>\n<\/td>\n<\/tr>\n<tr>\n<td width=\"250\" valign=\"top\">\n<p><span style=\"font-family: arial, helvetica, sans-serif; font-size: small;\">Max ci\u0119cie jako\u015bciowe [mm]<\/span><\/p>\n<\/td>\n<td style=\"text-align: center;\" width=\"217\" valign=\"top\">\n<p><span style=\"font-family: arial, helvetica, sans-serif; font-size: small;\">30<\/span><\/p>\n<\/td>\n<\/tr>\n<tr>\n<td width=\"250\" valign=\"top\">\n<p><span style=\"font-family: arial, helvetica, sans-serif; font-size: small;\">Max ci\u0119cie rozdzielaj\u0105ce [mm]<\/span><\/p>\n<\/td>\n<td style=\"text-align: center;\" width=\"217\" valign=\"top\">\n<p><span style=\"font-family: arial, helvetica, sans-serif; font-size: small;\">50<\/span><\/p>\n<\/td>\n<\/tr>\n<tr>\n<td width=\"250\" valign=\"top\">\n<p><span style=\"font-family: arial, helvetica, sans-serif; font-size: small;\">Pr\u0105d ci\u0119cia [A]<\/span><\/p>\n<\/td>\n<td style=\"text-align: center;\" width=\"217\" valign=\"top\">\n<p><span style=\"font-family: arial, helvetica, sans-serif; font-size: small;\">20-150<\/span><\/p>\n<\/td>\n<\/tr>\n<tr>\n<td width=\"250\" valign=\"top\">\n<p><span style=\"font-family: arial, helvetica, sans-serif; font-size: small;\">Sprawno\u015b\u0107 [%]<\/span><\/p>\n<\/td>\n<td style=\"text-align: center;\" width=\"217\" valign=\"top\">\n<p><span style=\"font-family: arial, helvetica, sans-serif; font-size: small;\">60<\/span><\/p>\n<\/td>\n<\/tr>\n<tr>\n<td width=\"250\" valign=\"top\">\n<p><span style=\"font-family: arial, helvetica, sans-serif; font-size: small;\">Waga [kg]<\/span><\/p>\n<\/td>\n<td style=\"text-align: center;\" width=\"217\" valign=\"top\">\n<p><span style=\"font-family: arial, helvetica, sans-serif; font-size: small;\">54<\/span><\/p>\n<\/td>\n<\/tr>\n<tr>\n<td width=\"250\" valign=\"top\">\n<p><span style=\"font-family: arial, helvetica, sans-serif; font-size: small;\">Wymiary [mm]<\/span><\/p>\n<\/td>\n<td style=\"text-align: center;\" width=\"217\" valign=\"top\">\n<p><span style=\"font-family: arial, helvetica, sans-serif; font-size: small;\">700*285*640<\/span><\/p>\n<\/td>\n<\/tr>\n<\/tbody>\n<\/table>\n<p style=\"text-align: justify;\"><span style=\"font-size: 10pt;\"> <\/span><\/p>\n","protected":false},"excerpt":{"rendered":"<p>\u00a0 Welder Fantasy to marka utworzona przez firm\u0119 FACHOWIEC w 1991 roku. Spawarki inwertorowe TIG\/MMA, p\u00f3\u0142automaty spawalnicze MIG\/MAG, przecinarki plazmowe oraz pozosta\u0142y sprz\u0119t asygnowany znakiem Welder Fantasy, od wielu ju\u017c lat znajduje uznanie tysi\u0119cy warsztat\u00f3w i przedsi\u0119biorstw w Polsce i zagranic\u0105. Marka Welder Fantasy to: &#8211; Najwy\u017csza jako\u015b\u0107 urz\u0105dze\u0144, &#8211; Gwarancja niezawodno\u015bci, &#8211; Wysokie parametry [&hellip;]<\/p>\n","protected":false},"featured_media":85445,"template":"","meta":{"inline_featured_image":false},"product_brand":[31235],"product_cat":[81,40,34,3342,31236],"product_tag":[],"class_list":{"0":"post-85444","1":"product","2":"type-product","3":"status-publish","4":"has-post-thumbnail","6":"product_brand-welder-fantasy","7":"product_cat-akcesoria-czesci","8":"product_cat-chlodzone-powietrzem","9":"product_cat-przecinarki-plazmowe","10":"product_cat-strefa-marki","11":"product_cat-welder-fantasy","13":"first","14":"instock","15":"purchasable","16":"product-type-simple"},"yoast_head":"<!-- This site is optimized with the Yoast SEO Premium plugin v27.0 (Yoast SEO v27.3) - https:\/\/yoast.com\/product\/yoast-seo-premium-wordpress\/ -->\n<title>Przecinarka plazmowa HEFTY 150 Welder Fantasy - SpawLab - Welding equipment and plasma cutters - store and service<\/title>\n<meta name=\"description\" content=\"Lider sprzeda\u017cy, Oficjalny Dystrybutor Premium i Serwis na Polsk\u0119 Migatronic, Gys, Voestalpine Bohler Welding. Nowe i u\u017cywane Spawarki, Przecinarki Plazmowe, Kompresory. Mgr in\u017c. Jaros\u0142aw Ko\u0142aski, IWE\" \/>\n<meta name=\"robots\" content=\"index, follow, max-snippet:-1, max-image-preview:large, max-video-preview:-1\" \/>\n<link rel=\"canonical\" href=\"https:\/\/spawlab.pl\/en\/produkt\/przecinarka-plazmowa-hefty-150-welder-fantasy\/\" \/>\n<meta property=\"og:locale\" content=\"en_US\" \/>\n<meta property=\"og:type\" content=\"article\" \/>\n<meta property=\"og:title\" content=\"Przecinarka plazmowa HEFTY 150 Welder Fantasy\" \/>\n<meta property=\"og:description\" content=\"Lider sprzeda\u017cy, Oficjalny Dystrybutor Premium i Serwis na Polsk\u0119 Migatronic, Gys, Voestalpine Bohler Welding. Nowe i u\u017cywane Spawarki, Przecinarki Plazmowe, Kompresory. Mgr in\u017c. Jaros\u0142aw Ko\u0142aski, IWE\" \/>\n<meta property=\"og:url\" content=\"https:\/\/spawlab.pl\/en\/produkt\/przecinarka-plazmowa-hefty-150-welder-fantasy\/\" \/>\n<meta property=\"og:site_name\" content=\"SpawLab - Welding equipment and plasma cutters - store and service\" \/>\n<meta property=\"article:publisher\" content=\"https:\/\/www.facebook.com\/Spawlab\/\" \/>\n<meta property=\"article:modified_time\" content=\"2026-02-11T09:45:50+00:00\" \/>\n<meta property=\"og:image\" content=\"https:\/\/spawlab.pl\/wp-content\/uploads\/2025\/12\/hy150.jpg\" \/>\n\t<meta property=\"og:image:width\" content=\"1053\" \/>\n\t<meta property=\"og:image:height\" content=\"1600\" \/>\n\t<meta property=\"og:image:type\" content=\"image\/jpeg\" \/>\n<meta name=\"twitter:label1\" content=\"Price\" \/>\n\t<meta name=\"twitter:data1\" content=\"9 300,00&nbsp;&#122;&#322;\" \/>\n\t<meta name=\"twitter:label2\" content=\"Availability\" \/>\n\t<meta name=\"twitter:data2\" content=\"In stock\" \/>\n<script type=\"application\/ld+json\" class=\"yoast-schema-graph\">{\"@context\":\"https:\\\/\\\/schema.org\",\"@graph\":[{\"@type\":[\"WebPage\",\"ItemPage\"],\"@id\":\"https:\\\/\\\/spawlab.pl\\\/en\\\/produkt\\\/przecinarka-plazmowa-hefty-150-welder-fantasy\\\/\",\"url\":\"https:\\\/\\\/spawlab.pl\\\/en\\\/produkt\\\/przecinarka-plazmowa-hefty-150-welder-fantasy\\\/\",\"name\":\"Przecinarka plazmowa HEFTY 150 Welder Fantasy - SpawLab - Welding equipment and plasma cutters - store and service\",\"isPartOf\":{\"@id\":\"https:\\\/\\\/spawlab.pl\\\/en\\\/#website\"},\"primaryImageOfPage\":{\"@id\":\"https:\\\/\\\/spawlab.pl\\\/en\\\/produkt\\\/przecinarka-plazmowa-hefty-150-welder-fantasy\\\/#primaryimage\"},\"image\":{\"@id\":\"https:\\\/\\\/spawlab.pl\\\/en\\\/produkt\\\/przecinarka-plazmowa-hefty-150-welder-fantasy\\\/#primaryimage\"},\"thumbnailUrl\":\"https:\\\/\\\/spawlab.pl\\\/wp-content\\\/uploads\\\/2025\\\/12\\\/hy150.jpg\",\"datePublished\":\"2026-02-11T09:45:39+00:00\",\"dateModified\":\"2026-02-11T09:45:50+00:00\",\"description\":\"Lider sprzeda\u017cy, Oficjalny Dystrybutor Premium i Serwis na Polsk\u0119 Migatronic, Gys, Voestalpine Bohler Welding. Nowe i u\u017cywane Spawarki, Przecinarki Plazmowe, Kompresory. Mgr in\u017c. Jaros\u0142aw Ko\u0142aski, IWE\",\"breadcrumb\":{\"@id\":\"https:\\\/\\\/spawlab.pl\\\/en\\\/produkt\\\/przecinarka-plazmowa-hefty-150-welder-fantasy\\\/#breadcrumb\"},\"inLanguage\":\"en-US\",\"potentialAction\":[{\"@type\":\"ReadAction\",\"target\":[\"https:\\\/\\\/spawlab.pl\\\/en\\\/produkt\\\/przecinarka-plazmowa-hefty-150-welder-fantasy\\\/\"]}]},{\"@type\":\"ImageObject\",\"inLanguage\":\"en-US\",\"@id\":\"https:\\\/\\\/spawlab.pl\\\/en\\\/produkt\\\/przecinarka-plazmowa-hefty-150-welder-fantasy\\\/#primaryimage\",\"url\":\"https:\\\/\\\/spawlab.pl\\\/wp-content\\\/uploads\\\/2025\\\/12\\\/hy150.jpg\",\"contentUrl\":\"https:\\\/\\\/spawlab.pl\\\/wp-content\\\/uploads\\\/2025\\\/12\\\/hy150.jpg\",\"width\":1053,\"height\":1600},{\"@type\":\"BreadcrumbList\",\"@id\":\"https:\\\/\\\/spawlab.pl\\\/en\\\/produkt\\\/przecinarka-plazmowa-hefty-150-welder-fantasy\\\/#breadcrumb\",\"itemListElement\":[{\"@type\":\"ListItem\",\"position\":1,\"name\":\"Strona g\u0142\u00f3wna\",\"item\":\"https:\\\/\\\/spawlab.pl\\\/en\\\/\"},{\"@type\":\"ListItem\",\"position\":2,\"name\":\"Store\",\"item\":\"https:\\\/\\\/spawlab.pl\\\/en\\\/shop\\\/\"},{\"@type\":\"ListItem\",\"position\":3,\"name\":\"Przecinarka plazmowa HEFTY 150 Welder Fantasy\"}]},{\"@type\":\"WebSite\",\"@id\":\"https:\\\/\\\/spawlab.pl\\\/en\\\/#website\",\"url\":\"https:\\\/\\\/spawlab.pl\\\/en\\\/\",\"name\":\"Spawlab.pl Lider - Spawarki, Przecinarki Plazmowe, Kompresory\",\"description\":\"Urz\u0105dzenia spawalnicze i Przecinarki plazmowe\\\/ nowe i u\u017cywane \\\/ Profesjonalny serwis\",\"publisher\":{\"@id\":\"https:\\\/\\\/spawlab.pl\\\/en\\\/#organization\"},\"alternateName\":\"Spawlab.pl - Dystrybutor Premium i Serwis na Polske Migatronic, Gys, Voestalpine Bohler Welding\",\"potentialAction\":[{\"@type\":\"SearchAction\",\"target\":{\"@type\":\"EntryPoint\",\"urlTemplate\":\"https:\\\/\\\/spawlab.pl\\\/en\\\/?s={search_term_string}\"},\"query-input\":{\"@type\":\"PropertyValueSpecification\",\"valueRequired\":true,\"valueName\":\"search_term_string\"}}],\"inLanguage\":\"en-US\"},{\"@type\":[\"Organization\",\"Place\"],\"@id\":\"https:\\\/\\\/spawlab.pl\\\/en\\\/#organization\",\"name\":\"Spawlab.pl\",\"url\":\"https:\\\/\\\/spawlab.pl\\\/en\\\/\",\"logo\":{\"@id\":\"https:\\\/\\\/spawlab.pl\\\/en\\\/produkt\\\/przecinarka-plazmowa-hefty-150-welder-fantasy\\\/#local-main-organization-logo\"},\"image\":{\"@id\":\"https:\\\/\\\/spawlab.pl\\\/en\\\/produkt\\\/przecinarka-plazmowa-hefty-150-welder-fantasy\\\/#local-main-organization-logo\"},\"sameAs\":[\"https:\\\/\\\/www.facebook.com\\\/Spawlab\\\/\",\"https:\\\/\\\/www.linkedin.com\\\/company\\\/spawlab\",\"https:\\\/\\\/www.instagram.com\\\/spawlab.pl\",\"https:\\\/\\\/www.tiktok.com\\\/@spawlab\"],\"description\":\"Lider sprzeda\u017cy, Oficjalny Dystrybutor Premium i Serwis na Polsk\u0119 Migatronic, Gys, Voestalpine Bohler Welding. Nowe i u\u017cywane Spawarki, Przecinarki Plazmowe, Kompresory. Mgr in\u017c. Jaros\u0142aw Ko\u0142aski, IWE\",\"hasMerchantReturnPolicy\":{\"@type\":\"MerchantReturnPolicy\",\"merchantReturnLink\":\"https:\\\/\\\/spawlab.pl\\\/polityka-prywatnosci-2\\\/\"},\"telephone\":[],\"openingHoursSpecification\":[{\"@type\":\"OpeningHoursSpecification\",\"dayOfWeek\":[\"Monday\",\"Tuesday\",\"Wednesday\",\"Thursday\",\"Friday\",\"Saturday\",\"Sunday\"],\"opens\":\"09:00\",\"closes\":\"17:00\"}]},{\"@type\":\"ImageObject\",\"inLanguage\":\"en-US\",\"@id\":\"https:\\\/\\\/spawlab.pl\\\/en\\\/produkt\\\/przecinarka-plazmowa-hefty-150-welder-fantasy\\\/#local-main-organization-logo\",\"url\":\"https:\\\/\\\/spawlab.pl\\\/wp-content\\\/uploads\\\/2022\\\/01\\\/olx.jpg\",\"contentUrl\":\"https:\\\/\\\/spawlab.pl\\\/wp-content\\\/uploads\\\/2022\\\/01\\\/olx.jpg\",\"width\":200,\"height\":200,\"caption\":\"Spawlab.pl\"}]}<\/script>\n<meta property=\"product:price:amount\" content=\"9300.00\" \/>\n<meta property=\"product:price:currency\" content=\"PLN\" \/>\n<meta property=\"og:availability\" content=\"instock\" \/>\n<meta property=\"product:availability\" content=\"instock\" \/>\n<meta property=\"product:retailer_item_id\" content=\"HY150\" \/>\n<meta property=\"product:condition\" content=\"new\" \/>\n<!-- \/ Yoast SEO Premium plugin. -->","yoast_head_json":{"title":"Przecinarka plazmowa HEFTY 150 Welder Fantasy - SpawLab - Welding equipment and plasma cutters - store and service","description":"Lider sprzeda\u017cy, Oficjalny Dystrybutor Premium i Serwis na Polsk\u0119 Migatronic, Gys, Voestalpine Bohler Welding. Nowe i u\u017cywane Spawarki, Przecinarki Plazmowe, Kompresory. Mgr in\u017c. Jaros\u0142aw Ko\u0142aski, IWE","robots":{"index":"index","follow":"follow","max-snippet":"max-snippet:-1","max-image-preview":"max-image-preview:large","max-video-preview":"max-video-preview:-1"},"canonical":"https:\/\/spawlab.pl\/en\/produkt\/przecinarka-plazmowa-hefty-150-welder-fantasy\/","og_locale":"en_US","og_type":"article","og_title":"Przecinarka plazmowa HEFTY 150 Welder Fantasy","og_description":"Lider sprzeda\u017cy, Oficjalny Dystrybutor Premium i Serwis na Polsk\u0119 Migatronic, Gys, Voestalpine Bohler Welding. Nowe i u\u017cywane Spawarki, Przecinarki Plazmowe, Kompresory. Mgr in\u017c. Jaros\u0142aw Ko\u0142aski, IWE","og_url":"https:\/\/spawlab.pl\/en\/produkt\/przecinarka-plazmowa-hefty-150-welder-fantasy\/","og_site_name":"SpawLab - Welding equipment and plasma cutters - store and service","article_publisher":"https:\/\/www.facebook.com\/Spawlab\/","article_modified_time":"2026-02-11T09:45:50+00:00","og_image":[{"width":1053,"height":1600,"url":"https:\/\/spawlab.pl\/wp-content\/uploads\/2025\/12\/hy150.jpg","type":"image\/jpeg"}],"twitter_misc":{"Price":"9 300,00&nbsp;&#122;&#322;","Availability":"In stock"},"schema":{"@context":"https:\/\/schema.org","@graph":[{"@type":["WebPage","ItemPage"],"@id":"https:\/\/spawlab.pl\/en\/produkt\/przecinarka-plazmowa-hefty-150-welder-fantasy\/","url":"https:\/\/spawlab.pl\/en\/produkt\/przecinarka-plazmowa-hefty-150-welder-fantasy\/","name":"Przecinarka plazmowa HEFTY 150 Welder Fantasy - SpawLab - Welding equipment and plasma cutters - store and service","isPartOf":{"@id":"https:\/\/spawlab.pl\/en\/#website"},"primaryImageOfPage":{"@id":"https:\/\/spawlab.pl\/en\/produkt\/przecinarka-plazmowa-hefty-150-welder-fantasy\/#primaryimage"},"image":{"@id":"https:\/\/spawlab.pl\/en\/produkt\/przecinarka-plazmowa-hefty-150-welder-fantasy\/#primaryimage"},"thumbnailUrl":"https:\/\/spawlab.pl\/wp-content\/uploads\/2025\/12\/hy150.jpg","datePublished":"2026-02-11T09:45:39+00:00","dateModified":"2026-02-11T09:45:50+00:00","description":"Lider sprzeda\u017cy, Oficjalny Dystrybutor Premium i Serwis na Polsk\u0119 Migatronic, Gys, Voestalpine Bohler Welding. Nowe i u\u017cywane Spawarki, Przecinarki Plazmowe, Kompresory. Mgr in\u017c. Jaros\u0142aw Ko\u0142aski, IWE","breadcrumb":{"@id":"https:\/\/spawlab.pl\/en\/produkt\/przecinarka-plazmowa-hefty-150-welder-fantasy\/#breadcrumb"},"inLanguage":"en-US","potentialAction":[{"@type":"ReadAction","target":["https:\/\/spawlab.pl\/en\/produkt\/przecinarka-plazmowa-hefty-150-welder-fantasy\/"]}]},{"@type":"ImageObject","inLanguage":"en-US","@id":"https:\/\/spawlab.pl\/en\/produkt\/przecinarka-plazmowa-hefty-150-welder-fantasy\/#primaryimage","url":"https:\/\/spawlab.pl\/wp-content\/uploads\/2025\/12\/hy150.jpg","contentUrl":"https:\/\/spawlab.pl\/wp-content\/uploads\/2025\/12\/hy150.jpg","width":1053,"height":1600},{"@type":"BreadcrumbList","@id":"https:\/\/spawlab.pl\/en\/produkt\/przecinarka-plazmowa-hefty-150-welder-fantasy\/#breadcrumb","itemListElement":[{"@type":"ListItem","position":1,"name":"Strona g\u0142\u00f3wna","item":"https:\/\/spawlab.pl\/en\/"},{"@type":"ListItem","position":2,"name":"Store","item":"https:\/\/spawlab.pl\/en\/shop\/"},{"@type":"ListItem","position":3,"name":"Przecinarka plazmowa HEFTY 150 Welder Fantasy"}]},{"@type":"WebSite","@id":"https:\/\/spawlab.pl\/en\/#website","url":"https:\/\/spawlab.pl\/en\/","name":"Spawlab.pl Lider - Spawarki, Przecinarki Plazmowe, Kompresory","description":"Urz\u0105dzenia spawalnicze i Przecinarki plazmowe\/ nowe i u\u017cywane \/ Profesjonalny serwis","publisher":{"@id":"https:\/\/spawlab.pl\/en\/#organization"},"alternateName":"Spawlab.pl - Dystrybutor Premium i Serwis na Polske Migatronic, Gys, Voestalpine Bohler Welding","potentialAction":[{"@type":"SearchAction","target":{"@type":"EntryPoint","urlTemplate":"https:\/\/spawlab.pl\/en\/?s={search_term_string}"},"query-input":{"@type":"PropertyValueSpecification","valueRequired":true,"valueName":"search_term_string"}}],"inLanguage":"en-US"},{"@type":["Organization","Place"],"@id":"https:\/\/spawlab.pl\/en\/#organization","name":"Spawlab.pl","url":"https:\/\/spawlab.pl\/en\/","logo":{"@id":"https:\/\/spawlab.pl\/en\/produkt\/przecinarka-plazmowa-hefty-150-welder-fantasy\/#local-main-organization-logo"},"image":{"@id":"https:\/\/spawlab.pl\/en\/produkt\/przecinarka-plazmowa-hefty-150-welder-fantasy\/#local-main-organization-logo"},"sameAs":["https:\/\/www.facebook.com\/Spawlab\/","https:\/\/www.linkedin.com\/company\/spawlab","https:\/\/www.instagram.com\/spawlab.pl","https:\/\/www.tiktok.com\/@spawlab"],"description":"Lider sprzeda\u017cy, Oficjalny Dystrybutor Premium i Serwis na Polsk\u0119 Migatronic, Gys, Voestalpine Bohler Welding. Nowe i u\u017cywane Spawarki, Przecinarki Plazmowe, Kompresory. Mgr in\u017c. Jaros\u0142aw Ko\u0142aski, IWE","hasMerchantReturnPolicy":{"@type":"MerchantReturnPolicy","merchantReturnLink":"https:\/\/spawlab.pl\/polityka-prywatnosci-2\/"},"telephone":[],"openingHoursSpecification":[{"@type":"OpeningHoursSpecification","dayOfWeek":["Monday","Tuesday","Wednesday","Thursday","Friday","Saturday","Sunday"],"opens":"09:00","closes":"17:00"}]},{"@type":"ImageObject","inLanguage":"en-US","@id":"https:\/\/spawlab.pl\/en\/produkt\/przecinarka-plazmowa-hefty-150-welder-fantasy\/#local-main-organization-logo","url":"https:\/\/spawlab.pl\/wp-content\/uploads\/2022\/01\/olx.jpg","contentUrl":"https:\/\/spawlab.pl\/wp-content\/uploads\/2022\/01\/olx.jpg","width":200,"height":200,"caption":"Spawlab.pl"}]},"product_price_amount":"9300.00","product_price_currency":"PLN","og_availability":"instock","product_availability":"instock","product_retailer_item_id":"HY150","product_condition":"new"},"_links":{"self":[{"href":"https:\/\/spawlab.pl\/en\/wp-json\/wp\/v2\/product\/85444","targetHints":{"allow":["GET"]}}],"collection":[{"href":"https:\/\/spawlab.pl\/en\/wp-json\/wp\/v2\/product"}],"about":[{"href":"https:\/\/spawlab.pl\/en\/wp-json\/wp\/v2\/types\/product"}],"wp:featuredmedia":[{"embeddable":true,"href":"https:\/\/spawlab.pl\/en\/wp-json\/wp\/v2\/media\/85445"}],"wp:attachment":[{"href":"https:\/\/spawlab.pl\/en\/wp-json\/wp\/v2\/media?parent=85444"}],"wp:term":[{"taxonomy":"product_brand","embeddable":true,"href":"https:\/\/spawlab.pl\/en\/wp-json\/wp\/v2\/product_brand?post=85444"},{"taxonomy":"product_cat","embeddable":true,"href":"https:\/\/spawlab.pl\/en\/wp-json\/wp\/v2\/product_cat?post=85444"},{"taxonomy":"product_tag","embeddable":true,"href":"https:\/\/spawlab.pl\/en\/wp-json\/wp\/v2\/product_tag?post=85444"}],"curies":[{"name":"wp","href":"https:\/\/api.w.org\/{rel}","templated":true}]}}