{"id":85499,"date":"2026-02-11T10:45:39","date_gmt":"2026-02-11T09:45:39","guid":{"rendered":"https:\/\/spawlab.pl\/produkt\/agregat-sprezarkowy-shamal-sb38c-pa1405-480-l-min-3-0-kw\/"},"modified":"2026-02-11T10:46:10","modified_gmt":"2026-02-11T09:46:10","slug":"agregat-sprezarkowy-shamal-sb38c-pa1405-480-l-min-3-0-kw","status":"publish","type":"product","link":"https:\/\/spawlab.pl\/en\/produkt\/agregat-sprezarkowy-shamal-sb38c-pa1405-480-l-min-3-0-kw\/","title":{"rendered":"Agregat spr\u0119\u017carkowy SHAMAL SB38C \/PA1405 480 l\/min 3.0 kW"},"content":{"rendered":"<p style=\"text-align: justify;\">\u00a0<\/p>\n<p style=\"text-align: justify;\"><span style=\"font-family: arial,helvetica,sans-serif; font-size: small;\">Wysokiej klasy agregat spr\u0119\u017carkowy z  \u017celiwnym blokiem, dwut\u0142okowy, jednostopniowy. Moc silnika 3 kW,  wydajno\u015b\u0107 480 l\/min. Agregat doskonale sprawdzi si\u0119 m.in. przy  oferowanych przez nas kompresorach Shamal czy Profi Kompressoren, a  tak\u017ce przy spr\u0119\u017carkach innych producent\u00f3w.<\/p>\n<p><\/span><\/p>\n<h2><span style=\"font-family: arial,helvetica,sans-serif; font-size: small;\">Agregat spr\u0119\u017carkowy<\/span><\/h2>\n<p><span style=\"font-family: arial,helvetica,sans-serif; font-size: small;\"><br \/><span style=\"font-weight: bold;\">DANE TECHNICZNE:<\/span><\/span><\/p>\n<p><span style=\"font-family: arial,helvetica,sans-serif; font-size: small;\"> <\/span><\/p>\n<p>\u00a0<\/p>\n<table border=\"1\" cellspacing=\"0\" cellpadding=\"0\">\n<tbody>\n<tr>\n<td width=\"234\" valign=\"top\">\n<p><span style=\"font-family: arial,helvetica,sans-serif; font-size: small;\">Wydajno\u015b\u0107 [l\/min]<\/span><\/p>\n<\/td>\n<td style=\"text-align: center;\" width=\"217\" valign=\"top\">\n<p><span style=\"font-family: arial,helvetica,sans-serif; font-size: small;\">480<\/span><\/p>\n<\/td>\n<\/tr>\n<tr>\n<td width=\"234\" valign=\"top\">\n<p><span style=\"font-size: small; font-family: arial,helvetica,sans-serif;\">Wydajno\u015b\u0107 [m3h]<br \/><\/span><\/p>\n<\/td>\n<td style=\"text-align: center;\" width=\"217\" valign=\"top\">\n<p><span style=\"font-family: arial,helvetica,sans-serif; font-size: small;\">28,8<\/span><\/p>\n<\/td>\n<\/tr>\n<tr>\n<td width=\"234\" valign=\"top\">\n<p><span style=\"font-size: small; font-family: arial,helvetica,sans-serif;\">Obroty na minut\u0119 [r.p.m.]<br \/><\/span><\/p>\n<\/td>\n<td style=\"text-align: center;\" width=\"217\" valign=\"top\">\n<p><span style=\"font-family: arial,helvetica,sans-serif; font-size: small;\">1450<\/span><\/p>\n<\/td>\n<\/tr>\n<tr>\n<td width=\"234\" valign=\"top\">\n<p><span style=\"font-size: small; font-family: arial,helvetica,sans-serif;\">Max ci\u015bnienie [bar]<br \/><\/span><\/p>\n<\/td>\n<td style=\"text-align: center;\" width=\"217\" valign=\"top\">\n<p><span style=\"font-family: arial,helvetica,sans-serif; font-size: small;\">10<\/span><\/p>\n<\/td>\n<\/tr>\n<tr>\n<td width=\"234\" valign=\"top\">\n<p><span style=\"font-size: small; font-family: arial,helvetica,sans-serif;\">Ilo\u015b\u0107 t\u0142ok\u00f3w<br \/><\/span><\/p>\n<\/td>\n<td style=\"text-align: center;\" width=\"217\" valign=\"top\">\n<p><span style=\"font-family: arial,helvetica,sans-serif; font-size: small;\">2<\/span><\/p>\n<\/td>\n<\/tr>\n<tr>\n<td width=\"234\" valign=\"top\">\n<p><span style=\"font-size: small; font-family: arial,helvetica,sans-serif;\">Stopnie spr\u0119\u017cania<br \/><\/span><\/p>\n<\/td>\n<td style=\"text-align: center;\" width=\"217\" valign=\"top\">\n<p><span style=\"font-family: arial,helvetica,sans-serif; font-size: small;\">1<\/span><\/p>\n<\/td>\n<\/tr>\n<tr>\n<td width=\"234\" valign=\"top\">\n<p><span style=\"font-family: arial,helvetica,sans-serif; font-size: small;\">Odleg\u0142o\u015b\u0107 mi\u0119dzy \u015brubami monta\u017cowymi [mm]<\/span><\/p>\n<\/td>\n<td style=\"text-align: center;\" width=\"217\" valign=\"top\"><span style=\"font-family: arial,helvetica,sans-serif; font-size: small;\">140 x 160<\/span><\/td>\n<\/tr>\n<tr>\n<td width=\"234\" valign=\"top\">\n<p><span style=\"font-family: arial,helvetica,sans-serif; font-size: small;\">\u015arednica ko\u0142a pasowego [mm]<\/span><\/p>\n<\/td>\n<td style=\"text-align: center;\" width=\"217\" valign=\"top\"><span style=\"font-family: arial,helvetica,sans-serif; font-size: small;\">348<\/span><\/td>\n<\/tr>\n<tr>\n<td width=\"234\" valign=\"top\">\n<p><span style=\"font-size: small; font-family: arial,helvetica,sans-serif;\">Waga [kg]<br \/><\/span><\/p>\n<\/td>\n<td style=\"text-align: center;\" width=\"217\" valign=\"top\">\n<p><span style=\"font-size: small; font-family: arial,helvetica,sans-serif;\">13<\/span><\/p>\n<\/td>\n<\/tr>\n<\/tbody>\n<\/table>\n<p style=\"text-align: justify;\"><span style=\"font-size: small; font-family: arial,helvetica,sans-serif;\"> <\/span><\/p>\n","protected":false},"excerpt":{"rendered":"<p>\u00a0 Wysokiej klasy agregat spr\u0119\u017carkowy z \u017celiwnym blokiem, dwut\u0142okowy, jednostopniowy. Moc silnika 3 kW, wydajno\u015b\u0107 480 l\/min. Agregat doskonale sprawdzi si\u0119 m.in. przy oferowanych przez nas kompresorach Shamal czy Profi Kompressoren, a tak\u017ce przy spr\u0119\u017carkach innych producent\u00f3w. Agregat spr\u0119\u017carkowy DANE TECHNICZNE: \u00a0 Wydajno\u015b\u0107 [l\/min] 480 Wydajno\u015b\u0107 [m3h] 28,8 Obroty na minut\u0119 [r.p.m.] 1450 Max ci\u015bnienie [&hellip;]<\/p>\n","protected":false},"featured_media":85500,"template":"","meta":{"inline_featured_image":false},"product_brand":[31235],"product_cat":[81,3342,31236],"product_tag":[],"class_list":{"0":"post-85499","1":"product","2":"type-product","3":"status-publish","4":"has-post-thumbnail","6":"product_brand-welder-fantasy","7":"product_cat-akcesoria-czesci","8":"product_cat-strefa-marki","9":"product_cat-welder-fantasy","11":"first","12":"instock","13":"purchasable","14":"product-type-simple"},"yoast_head":"<!-- This site is optimized with the Yoast SEO Premium plugin v27.0 (Yoast SEO v27.3) - https:\/\/yoast.com\/product\/yoast-seo-premium-wordpress\/ -->\n<title>Agregat spr\u0119\u017carkowy SHAMAL SB38C \/PA1405 480 l\/min 3.0 kW - SpawLab - Welding equipment and plasma cutters - store and service<\/title>\n<meta name=\"description\" content=\"Lider sprzeda\u017cy, Oficjalny Dystrybutor Premium i Serwis na Polsk\u0119 Migatronic, Gys, Voestalpine Bohler Welding. Nowe i u\u017cywane Spawarki, Przecinarki Plazmowe, Kompresory. Mgr in\u017c. Jaros\u0142aw Ko\u0142aski, IWE\" \/>\n<meta name=\"robots\" content=\"index, follow, max-snippet:-1, max-image-preview:large, max-video-preview:-1\" \/>\n<link rel=\"canonical\" href=\"https:\/\/spawlab.pl\/en\/produkt\/agregat-sprezarkowy-shamal-sb38c-pa1405-480-l-min-3-0-kw\/\" \/>\n<meta property=\"og:locale\" content=\"en_US\" \/>\n<meta property=\"og:type\" content=\"article\" \/>\n<meta property=\"og:title\" content=\"Agregat spr\u0119\u017carkowy SHAMAL SB38C \/PA1405 480 l\/min 3.0 kW\" \/>\n<meta property=\"og:description\" content=\"Lider sprzeda\u017cy, Oficjalny Dystrybutor Premium i Serwis na Polsk\u0119 Migatronic, Gys, Voestalpine Bohler Welding. Nowe i u\u017cywane Spawarki, Przecinarki Plazmowe, Kompresory. Mgr in\u017c. Jaros\u0142aw Ko\u0142aski, IWE\" \/>\n<meta property=\"og:url\" content=\"https:\/\/spawlab.pl\/en\/produkt\/agregat-sprezarkowy-shamal-sb38c-pa1405-480-l-min-3-0-kw\/\" \/>\n<meta property=\"og:site_name\" content=\"SpawLab - Welding equipment and plasma cutters - store and service\" \/>\n<meta property=\"article:publisher\" content=\"https:\/\/www.facebook.com\/Spawlab\/\" \/>\n<meta property=\"article:modified_time\" content=\"2026-02-11T09:46:10+00:00\" \/>\n<meta property=\"og:image\" content=\"https:\/\/spawlab.pl\/wp-content\/uploads\/2025\/12\/sb38c.jpg\" \/>\n\t<meta property=\"og:image:width\" content=\"1791\" \/>\n\t<meta property=\"og:image:height\" content=\"2000\" \/>\n\t<meta property=\"og:image:type\" content=\"image\/jpeg\" \/>\n<meta name=\"twitter:label1\" content=\"Price\" \/>\n\t<meta name=\"twitter:data1\" content=\"1 300,00&nbsp;&#122;&#322;\" \/>\n\t<meta name=\"twitter:label2\" content=\"Availability\" \/>\n\t<meta name=\"twitter:data2\" content=\"In stock\" \/>\n<script type=\"application\/ld+json\" class=\"yoast-schema-graph\">{\"@context\":\"https:\\\/\\\/schema.org\",\"@graph\":[{\"@type\":[\"WebPage\",\"ItemPage\"],\"@id\":\"https:\\\/\\\/spawlab.pl\\\/en\\\/produkt\\\/agregat-sprezarkowy-shamal-sb38c-pa1405-480-l-min-3-0-kw\\\/\",\"url\":\"https:\\\/\\\/spawlab.pl\\\/en\\\/produkt\\\/agregat-sprezarkowy-shamal-sb38c-pa1405-480-l-min-3-0-kw\\\/\",\"name\":\"Agregat spr\u0119\u017carkowy SHAMAL SB38C \\\/PA1405 480 l\\\/min 3.0 kW - SpawLab - Welding equipment and plasma cutters - store and service\",\"isPartOf\":{\"@id\":\"https:\\\/\\\/spawlab.pl\\\/en\\\/#website\"},\"primaryImageOfPage\":{\"@id\":\"https:\\\/\\\/spawlab.pl\\\/en\\\/produkt\\\/agregat-sprezarkowy-shamal-sb38c-pa1405-480-l-min-3-0-kw\\\/#primaryimage\"},\"image\":{\"@id\":\"https:\\\/\\\/spawlab.pl\\\/en\\\/produkt\\\/agregat-sprezarkowy-shamal-sb38c-pa1405-480-l-min-3-0-kw\\\/#primaryimage\"},\"thumbnailUrl\":\"https:\\\/\\\/spawlab.pl\\\/wp-content\\\/uploads\\\/2025\\\/12\\\/sb38c.jpg\",\"datePublished\":\"2026-02-11T09:45:39+00:00\",\"dateModified\":\"2026-02-11T09:46:10+00:00\",\"description\":\"Lider sprzeda\u017cy, Oficjalny Dystrybutor Premium i Serwis na Polsk\u0119 Migatronic, Gys, Voestalpine Bohler Welding. Nowe i u\u017cywane Spawarki, Przecinarki Plazmowe, Kompresory. Mgr in\u017c. Jaros\u0142aw Ko\u0142aski, IWE\",\"breadcrumb\":{\"@id\":\"https:\\\/\\\/spawlab.pl\\\/en\\\/produkt\\\/agregat-sprezarkowy-shamal-sb38c-pa1405-480-l-min-3-0-kw\\\/#breadcrumb\"},\"inLanguage\":\"en-US\",\"potentialAction\":[{\"@type\":\"ReadAction\",\"target\":[\"https:\\\/\\\/spawlab.pl\\\/en\\\/produkt\\\/agregat-sprezarkowy-shamal-sb38c-pa1405-480-l-min-3-0-kw\\\/\"]}]},{\"@type\":\"ImageObject\",\"inLanguage\":\"en-US\",\"@id\":\"https:\\\/\\\/spawlab.pl\\\/en\\\/produkt\\\/agregat-sprezarkowy-shamal-sb38c-pa1405-480-l-min-3-0-kw\\\/#primaryimage\",\"url\":\"https:\\\/\\\/spawlab.pl\\\/wp-content\\\/uploads\\\/2025\\\/12\\\/sb38c.jpg\",\"contentUrl\":\"https:\\\/\\\/spawlab.pl\\\/wp-content\\\/uploads\\\/2025\\\/12\\\/sb38c.jpg\",\"width\":1791,\"height\":2000},{\"@type\":\"BreadcrumbList\",\"@id\":\"https:\\\/\\\/spawlab.pl\\\/en\\\/produkt\\\/agregat-sprezarkowy-shamal-sb38c-pa1405-480-l-min-3-0-kw\\\/#breadcrumb\",\"itemListElement\":[{\"@type\":\"ListItem\",\"position\":1,\"name\":\"Strona g\u0142\u00f3wna\",\"item\":\"https:\\\/\\\/spawlab.pl\\\/en\\\/\"},{\"@type\":\"ListItem\",\"position\":2,\"name\":\"Store\",\"item\":\"https:\\\/\\\/spawlab.pl\\\/en\\\/shop\\\/\"},{\"@type\":\"ListItem\",\"position\":3,\"name\":\"Agregat spr\u0119\u017carkowy SHAMAL SB38C \\\/PA1405 480 l\\\/min 3.0 kW\"}]},{\"@type\":\"WebSite\",\"@id\":\"https:\\\/\\\/spawlab.pl\\\/en\\\/#website\",\"url\":\"https:\\\/\\\/spawlab.pl\\\/en\\\/\",\"name\":\"Spawlab.pl Lider - Spawarki, Przecinarki Plazmowe, Kompresory\",\"description\":\"Urz\u0105dzenia spawalnicze i Przecinarki plazmowe\\\/ nowe i u\u017cywane \\\/ Profesjonalny serwis\",\"publisher\":{\"@id\":\"https:\\\/\\\/spawlab.pl\\\/en\\\/#organization\"},\"alternateName\":\"Spawlab.pl - Dystrybutor Premium i Serwis na Polske Migatronic, Gys, Voestalpine Bohler Welding\",\"potentialAction\":[{\"@type\":\"SearchAction\",\"target\":{\"@type\":\"EntryPoint\",\"urlTemplate\":\"https:\\\/\\\/spawlab.pl\\\/en\\\/?s={search_term_string}\"},\"query-input\":{\"@type\":\"PropertyValueSpecification\",\"valueRequired\":true,\"valueName\":\"search_term_string\"}}],\"inLanguage\":\"en-US\"},{\"@type\":[\"Organization\",\"Place\"],\"@id\":\"https:\\\/\\\/spawlab.pl\\\/en\\\/#organization\",\"name\":\"Spawlab.pl\",\"url\":\"https:\\\/\\\/spawlab.pl\\\/en\\\/\",\"logo\":{\"@id\":\"https:\\\/\\\/spawlab.pl\\\/en\\\/produkt\\\/agregat-sprezarkowy-shamal-sb38c-pa1405-480-l-min-3-0-kw\\\/#local-main-organization-logo\"},\"image\":{\"@id\":\"https:\\\/\\\/spawlab.pl\\\/en\\\/produkt\\\/agregat-sprezarkowy-shamal-sb38c-pa1405-480-l-min-3-0-kw\\\/#local-main-organization-logo\"},\"sameAs\":[\"https:\\\/\\\/www.facebook.com\\\/Spawlab\\\/\",\"https:\\\/\\\/www.linkedin.com\\\/company\\\/spawlab\",\"https:\\\/\\\/www.instagram.com\\\/spawlab.pl\",\"https:\\\/\\\/www.tiktok.com\\\/@spawlab\"],\"description\":\"Lider sprzeda\u017cy, Oficjalny Dystrybutor Premium i Serwis na Polsk\u0119 Migatronic, Gys, Voestalpine Bohler Welding. Nowe i u\u017cywane Spawarki, Przecinarki Plazmowe, Kompresory. Mgr in\u017c. Jaros\u0142aw Ko\u0142aski, IWE\",\"hasMerchantReturnPolicy\":{\"@type\":\"MerchantReturnPolicy\",\"merchantReturnLink\":\"https:\\\/\\\/spawlab.pl\\\/polityka-prywatnosci-2\\\/\"},\"telephone\":[],\"openingHoursSpecification\":[{\"@type\":\"OpeningHoursSpecification\",\"dayOfWeek\":[\"Monday\",\"Tuesday\",\"Wednesday\",\"Thursday\",\"Friday\",\"Saturday\",\"Sunday\"],\"opens\":\"09:00\",\"closes\":\"17:00\"}]},{\"@type\":\"ImageObject\",\"inLanguage\":\"en-US\",\"@id\":\"https:\\\/\\\/spawlab.pl\\\/en\\\/produkt\\\/agregat-sprezarkowy-shamal-sb38c-pa1405-480-l-min-3-0-kw\\\/#local-main-organization-logo\",\"url\":\"https:\\\/\\\/spawlab.pl\\\/wp-content\\\/uploads\\\/2022\\\/01\\\/olx.jpg\",\"contentUrl\":\"https:\\\/\\\/spawlab.pl\\\/wp-content\\\/uploads\\\/2022\\\/01\\\/olx.jpg\",\"width\":200,\"height\":200,\"caption\":\"Spawlab.pl\"}]}<\/script>\n<meta property=\"product:price:amount\" content=\"1300.00\" \/>\n<meta property=\"product:price:currency\" content=\"PLN\" \/>\n<meta property=\"og:availability\" content=\"instock\" \/>\n<meta property=\"product:availability\" content=\"instock\" \/>\n<meta property=\"product:retailer_item_id\" content=\"SB38C\" \/>\n<meta property=\"product:condition\" content=\"new\" \/>\n<!-- \/ Yoast SEO Premium plugin. -->","yoast_head_json":{"title":"Agregat spr\u0119\u017carkowy SHAMAL SB38C \/PA1405 480 l\/min 3.0 kW - SpawLab - Welding equipment and plasma cutters - store and service","description":"Lider sprzeda\u017cy, Oficjalny Dystrybutor Premium i Serwis na Polsk\u0119 Migatronic, Gys, Voestalpine Bohler Welding. Nowe i u\u017cywane Spawarki, Przecinarki Plazmowe, Kompresory. Mgr in\u017c. Jaros\u0142aw Ko\u0142aski, IWE","robots":{"index":"index","follow":"follow","max-snippet":"max-snippet:-1","max-image-preview":"max-image-preview:large","max-video-preview":"max-video-preview:-1"},"canonical":"https:\/\/spawlab.pl\/en\/produkt\/agregat-sprezarkowy-shamal-sb38c-pa1405-480-l-min-3-0-kw\/","og_locale":"en_US","og_type":"article","og_title":"Agregat spr\u0119\u017carkowy SHAMAL SB38C \/PA1405 480 l\/min 3.0 kW","og_description":"Lider sprzeda\u017cy, Oficjalny Dystrybutor Premium i Serwis na Polsk\u0119 Migatronic, Gys, Voestalpine Bohler Welding. Nowe i u\u017cywane Spawarki, Przecinarki Plazmowe, Kompresory. Mgr in\u017c. Jaros\u0142aw Ko\u0142aski, IWE","og_url":"https:\/\/spawlab.pl\/en\/produkt\/agregat-sprezarkowy-shamal-sb38c-pa1405-480-l-min-3-0-kw\/","og_site_name":"SpawLab - Welding equipment and plasma cutters - store and service","article_publisher":"https:\/\/www.facebook.com\/Spawlab\/","article_modified_time":"2026-02-11T09:46:10+00:00","og_image":[{"width":1791,"height":2000,"url":"https:\/\/spawlab.pl\/wp-content\/uploads\/2025\/12\/sb38c.jpg","type":"image\/jpeg"}],"twitter_misc":{"Price":"1 300,00&nbsp;&#122;&#322;","Availability":"In stock"},"schema":{"@context":"https:\/\/schema.org","@graph":[{"@type":["WebPage","ItemPage"],"@id":"https:\/\/spawlab.pl\/en\/produkt\/agregat-sprezarkowy-shamal-sb38c-pa1405-480-l-min-3-0-kw\/","url":"https:\/\/spawlab.pl\/en\/produkt\/agregat-sprezarkowy-shamal-sb38c-pa1405-480-l-min-3-0-kw\/","name":"Agregat spr\u0119\u017carkowy SHAMAL SB38C \/PA1405 480 l\/min 3.0 kW - SpawLab - Welding equipment and plasma cutters - store and service","isPartOf":{"@id":"https:\/\/spawlab.pl\/en\/#website"},"primaryImageOfPage":{"@id":"https:\/\/spawlab.pl\/en\/produkt\/agregat-sprezarkowy-shamal-sb38c-pa1405-480-l-min-3-0-kw\/#primaryimage"},"image":{"@id":"https:\/\/spawlab.pl\/en\/produkt\/agregat-sprezarkowy-shamal-sb38c-pa1405-480-l-min-3-0-kw\/#primaryimage"},"thumbnailUrl":"https:\/\/spawlab.pl\/wp-content\/uploads\/2025\/12\/sb38c.jpg","datePublished":"2026-02-11T09:45:39+00:00","dateModified":"2026-02-11T09:46:10+00:00","description":"Lider sprzeda\u017cy, Oficjalny Dystrybutor Premium i Serwis na Polsk\u0119 Migatronic, Gys, Voestalpine Bohler Welding. Nowe i u\u017cywane Spawarki, Przecinarki Plazmowe, Kompresory. Mgr in\u017c. Jaros\u0142aw Ko\u0142aski, IWE","breadcrumb":{"@id":"https:\/\/spawlab.pl\/en\/produkt\/agregat-sprezarkowy-shamal-sb38c-pa1405-480-l-min-3-0-kw\/#breadcrumb"},"inLanguage":"en-US","potentialAction":[{"@type":"ReadAction","target":["https:\/\/spawlab.pl\/en\/produkt\/agregat-sprezarkowy-shamal-sb38c-pa1405-480-l-min-3-0-kw\/"]}]},{"@type":"ImageObject","inLanguage":"en-US","@id":"https:\/\/spawlab.pl\/en\/produkt\/agregat-sprezarkowy-shamal-sb38c-pa1405-480-l-min-3-0-kw\/#primaryimage","url":"https:\/\/spawlab.pl\/wp-content\/uploads\/2025\/12\/sb38c.jpg","contentUrl":"https:\/\/spawlab.pl\/wp-content\/uploads\/2025\/12\/sb38c.jpg","width":1791,"height":2000},{"@type":"BreadcrumbList","@id":"https:\/\/spawlab.pl\/en\/produkt\/agregat-sprezarkowy-shamal-sb38c-pa1405-480-l-min-3-0-kw\/#breadcrumb","itemListElement":[{"@type":"ListItem","position":1,"name":"Strona g\u0142\u00f3wna","item":"https:\/\/spawlab.pl\/en\/"},{"@type":"ListItem","position":2,"name":"Store","item":"https:\/\/spawlab.pl\/en\/shop\/"},{"@type":"ListItem","position":3,"name":"Agregat spr\u0119\u017carkowy SHAMAL SB38C \/PA1405 480 l\/min 3.0 kW"}]},{"@type":"WebSite","@id":"https:\/\/spawlab.pl\/en\/#website","url":"https:\/\/spawlab.pl\/en\/","name":"Spawlab.pl Lider - Spawarki, Przecinarki Plazmowe, Kompresory","description":"Urz\u0105dzenia spawalnicze i Przecinarki plazmowe\/ nowe i u\u017cywane \/ Profesjonalny serwis","publisher":{"@id":"https:\/\/spawlab.pl\/en\/#organization"},"alternateName":"Spawlab.pl - Dystrybutor Premium i Serwis na Polske Migatronic, Gys, Voestalpine Bohler Welding","potentialAction":[{"@type":"SearchAction","target":{"@type":"EntryPoint","urlTemplate":"https:\/\/spawlab.pl\/en\/?s={search_term_string}"},"query-input":{"@type":"PropertyValueSpecification","valueRequired":true,"valueName":"search_term_string"}}],"inLanguage":"en-US"},{"@type":["Organization","Place"],"@id":"https:\/\/spawlab.pl\/en\/#organization","name":"Spawlab.pl","url":"https:\/\/spawlab.pl\/en\/","logo":{"@id":"https:\/\/spawlab.pl\/en\/produkt\/agregat-sprezarkowy-shamal-sb38c-pa1405-480-l-min-3-0-kw\/#local-main-organization-logo"},"image":{"@id":"https:\/\/spawlab.pl\/en\/produkt\/agregat-sprezarkowy-shamal-sb38c-pa1405-480-l-min-3-0-kw\/#local-main-organization-logo"},"sameAs":["https:\/\/www.facebook.com\/Spawlab\/","https:\/\/www.linkedin.com\/company\/spawlab","https:\/\/www.instagram.com\/spawlab.pl","https:\/\/www.tiktok.com\/@spawlab"],"description":"Lider sprzeda\u017cy, Oficjalny Dystrybutor Premium i Serwis na Polsk\u0119 Migatronic, Gys, Voestalpine Bohler Welding. Nowe i u\u017cywane Spawarki, Przecinarki Plazmowe, Kompresory. Mgr in\u017c. Jaros\u0142aw Ko\u0142aski, IWE","hasMerchantReturnPolicy":{"@type":"MerchantReturnPolicy","merchantReturnLink":"https:\/\/spawlab.pl\/polityka-prywatnosci-2\/"},"telephone":[],"openingHoursSpecification":[{"@type":"OpeningHoursSpecification","dayOfWeek":["Monday","Tuesday","Wednesday","Thursday","Friday","Saturday","Sunday"],"opens":"09:00","closes":"17:00"}]},{"@type":"ImageObject","inLanguage":"en-US","@id":"https:\/\/spawlab.pl\/en\/produkt\/agregat-sprezarkowy-shamal-sb38c-pa1405-480-l-min-3-0-kw\/#local-main-organization-logo","url":"https:\/\/spawlab.pl\/wp-content\/uploads\/2022\/01\/olx.jpg","contentUrl":"https:\/\/spawlab.pl\/wp-content\/uploads\/2022\/01\/olx.jpg","width":200,"height":200,"caption":"Spawlab.pl"}]},"product_price_amount":"1300.00","product_price_currency":"PLN","og_availability":"instock","product_availability":"instock","product_retailer_item_id":"SB38C","product_condition":"new"},"_links":{"self":[{"href":"https:\/\/spawlab.pl\/en\/wp-json\/wp\/v2\/product\/85499","targetHints":{"allow":["GET"]}}],"collection":[{"href":"https:\/\/spawlab.pl\/en\/wp-json\/wp\/v2\/product"}],"about":[{"href":"https:\/\/spawlab.pl\/en\/wp-json\/wp\/v2\/types\/product"}],"wp:featuredmedia":[{"embeddable":true,"href":"https:\/\/spawlab.pl\/en\/wp-json\/wp\/v2\/media\/85500"}],"wp:attachment":[{"href":"https:\/\/spawlab.pl\/en\/wp-json\/wp\/v2\/media?parent=85499"}],"wp:term":[{"taxonomy":"product_brand","embeddable":true,"href":"https:\/\/spawlab.pl\/en\/wp-json\/wp\/v2\/product_brand?post=85499"},{"taxonomy":"product_cat","embeddable":true,"href":"https:\/\/spawlab.pl\/en\/wp-json\/wp\/v2\/product_cat?post=85499"},{"taxonomy":"product_tag","embeddable":true,"href":"https:\/\/spawlab.pl\/en\/wp-json\/wp\/v2\/product_tag?post=85499"}],"curies":[{"name":"wp","href":"https:\/\/api.w.org\/{rel}","templated":true}]}}