{"id":85596,"date":"2026-02-11T10:46:13","date_gmt":"2026-02-11T09:46:13","guid":{"rendered":"https:\/\/spawlab.pl\/produkt\/agregat-sprezarkowy-4-kw-jednostopniowy\/"},"modified":"2026-02-11T10:46:40","modified_gmt":"2026-02-11T09:46:40","slug":"agregat-sprezarkowy-4-kw-jednostopniowy","status":"publish","type":"product","link":"https:\/\/spawlab.pl\/en\/produkt\/agregat-sprezarkowy-4-kw-jednostopniowy\/","title":{"rendered":"Agregat spr\u0119\u017carkowy 4 kW jednostopniowy"},"content":{"rendered":"<p style=\"text-align: justify;\"><span style=\"font-size: small; font-family: arial,helvetica,sans-serif;\">Wysokiej klasy,  profesjonalny agregat spr\u0119\u017carkowy z \u017celiwnym blokiem, dwut\u0142okowy,  jednostopniowy, rz\u0119dowy, smarowany olejowo. Moc silnika 4 kW,  wydajno\u015b\u0107 620 l\/min. Agregat doskonale sprawdzi si\u0119 m.in. przy  oferowanych przez nas kompresorach <strong>Shamal<\/strong> czy <strong>Profi Kompressoren<\/strong>, a tak\u017ce przy spr\u0119\u017carkach innych producent\u00f3w.<\/span><\/p>\n<p style=\"text-align: justify;\">\u00a0<\/p>\n<p style=\"text-align: justify;\"><span style=\"font-size: small; font-family: arial,helvetica,sans-serif;\">W spr\u0119\u017carce zosta\u0142  zastosowany \u017celiwny cylinder co zapewnia d\u0142ug\u0105 i bezawaryjn\u0105 prac\u0119.  Urz\u0105dzenie uzyskuje wydajno\u015b\u0107 znamionow\u0105 przy stosunkowo niskiej  pr\u0119dko\u015bci obrotowej, przez co zu\u017cycie element\u00f3w agregatu zosta\u0142o  zredukowane do minimum.<\/span><\/p>\n<p style=\"text-align: justify;\">\u00a0<\/p>\n<p style=\"text-align: justify;\"><span style=\"font-size: small; font-family: arial,helvetica,sans-serif;\"><strong>NAJLEPSZY AGREGAT SPR\u0118\u017bARKOWY W SWOJEJ KLASIE CENOWEJ!!!<\/strong><\/span><\/p>\n<p style=\"text-align: justify;\">\u00a0<\/p>\n<p style=\"text-align: justify;\"><span style=\"font-size: small; font-family: arial,helvetica,sans-serif;\">Produkt posiada <strong>certyfikat CE<\/strong> gwarantuj\u0105cy zgodno\u015b\u0107 z przepisami i normami bezpiecze\u0144stwa Unii Europejskiej oraz z polskimi normami bezpiecze\u0144stwa.<\/span><\/p>\n<p style=\"text-align: justify;\">\u00a0<\/p>\n<p style=\"text-align: justify;\"><span style=\"font-family: arial,helvetica,sans-serif; font-size: small;\"><strong>ZESTAW ZAWIERA:<\/strong><\/span><\/p>\n<ul style=\"text-align: justify;\">\n<li><span style=\"font-size: small; font-family: arial,helvetica,sans-serif;\">agregat\u00a0<strong>HSC2080\/Z<\/strong>,<\/span><\/li>\n<li><span style=\"font-size: small; font-family: arial,helvetica,sans-serif;\">ko\u0142o pasowe,<\/span><\/li>\n<li><span style=\"font-size: small; font-family: arial,helvetica,sans-serif;\">filtr powietrza z obudow\u0105,<\/span><\/li>\n<li><span style=\"font-size: small; font-family: arial,helvetica,sans-serif;\">odpowietrznik, oczko i korek oleju.<\/span><\/li>\n<\/ul>\n<p style=\"text-align: justify;\">\u00a0<\/p>\n<p style=\"text-align: justify;\"><span style=\"font-weight: bold; font-size: small; font-family: arial,helvetica,sans-serif;\">DANE TECHNICZNE:<\/span><\/p>\n<table border=\"1\" cellspacing=\"0\" cellpadding=\"0\">\n<tbody>\n<tr>\n<td width=\"234\" valign=\"top\">\n<p><span style=\"font-family: arial,helvetica,sans-serif; font-size: small;\">Wydajno\u015b\u0107 [l\/min]<\/span><\/p>\n<\/td>\n<td style=\"text-align: center;\" width=\"217\" valign=\"top\">\n<p><span style=\"font-family: arial,helvetica,sans-serif; font-size: small;\">620<\/span><\/p>\n<\/td>\n<\/tr>\n<tr>\n<td width=\"234\" valign=\"top\">\n<p><span style=\"font-family: arial,helvetica,sans-serif; font-size: small;\">Wydajno\u015b\u0107 [m<sup>3<\/sup>\/h]<\/span><\/p>\n<\/td>\n<td style=\"text-align: center;\" width=\"217\" valign=\"top\">\n<p><span style=\"font-family: arial,helvetica,sans-serif; font-size: small;\">37,2<\/span><\/p>\n<\/td>\n<\/tr>\n<tr>\n<td width=\"234\" valign=\"top\">\n<p><span style=\"font-family: arial,helvetica,sans-serif; font-size: small;\">Obroty na minut\u0119 [r.p.m.]<\/span><\/p>\n<\/td>\n<td style=\"text-align: center;\" width=\"217\" valign=\"top\">\n<p><span style=\"font-family: arial,helvetica,sans-serif; font-size: small;\">950<\/span><\/p>\n<\/td>\n<\/tr>\n<tr>\n<td width=\"234\" valign=\"top\">\n<p><span style=\"font-family: arial,helvetica,sans-serif; font-size: small;\">Moc silnika [kW]<\/span><\/p>\n<\/td>\n<td style=\"text-align: center;\" width=\"217\" valign=\"top\">\n<p><span style=\"font-family: arial,helvetica,sans-serif; font-size: small;\">4<\/span><\/p>\n<\/td>\n<\/tr>\n<tr>\n<td width=\"234\" valign=\"top\">\n<p><span style=\"font-family: arial,helvetica,sans-serif; font-size: small;\">Moc silnika [KM]<\/span><\/p>\n<\/td>\n<td style=\"text-align: center;\" width=\"217\" valign=\"top\">\n<p><span style=\"font-family: arial,helvetica,sans-serif; font-size: small;\">5,5<\/span><\/p>\n<\/td>\n<\/tr>\n<tr>\n<td width=\"234\" valign=\"top\">\n<p><span style=\"font-family: arial,helvetica,sans-serif; font-size: small;\">Max ci\u015bnienie [bar]<\/span><\/p>\n<\/td>\n<td style=\"text-align: center;\" width=\"217\" valign=\"top\">\n<p><span style=\"font-family: arial,helvetica,sans-serif; font-size: small;\">9<\/span><\/p>\n<\/td>\n<\/tr>\n<tr>\n<td width=\"234\" valign=\"top\">\n<p><span style=\"font-family: arial,helvetica,sans-serif; font-size: small;\">Ilo\u015b\u0107 t\u0142ok\u00f3w<\/span><\/p>\n<\/td>\n<td style=\"text-align: center;\" width=\"217\" valign=\"top\">\n<p><span style=\"font-family: arial,helvetica,sans-serif; font-size: small;\">2<\/span><\/p>\n<\/td>\n<\/tr>\n<tr>\n<td width=\"234\" valign=\"top\">\n<p><span style=\"font-family: arial,helvetica,sans-serif; font-size: small;\">\u015arednica t\u0142oka [mm]<\/span><\/p>\n<\/td>\n<td style=\"text-align: center;\" width=\"217\" valign=\"top\">\n<p><span style=\"font-family: arial,helvetica,sans-serif; font-size: small;\">80<\/span><\/p>\n<\/td>\n<\/tr>\n<tr>\n<td width=\"234\" valign=\"top\">\n<p><span style=\"font-family: arial,helvetica,sans-serif; font-size: small;\">Stopnie spr\u0119\u017cania<\/span><\/p>\n<\/td>\n<td style=\"text-align: center;\" width=\"217\" valign=\"top\">\n<p><span style=\"font-family: arial,helvetica,sans-serif; font-size: small;\">1<\/span><\/p>\n<\/td>\n<\/tr>\n<tr>\n<td width=\"234\" valign=\"top\">\n<p><span style=\"font-family: arial,helvetica,sans-serif; font-size: small;\">Waga [kg]<\/span><\/p>\n<\/td>\n<td style=\"text-align: center;\" width=\"217\" valign=\"top\">\n<p><span style=\"font-family: arial,helvetica,sans-serif; font-size: small;\">22<\/span><\/p>\n<\/td>\n<\/tr>\n<tr>\n<td width=\"234\" valign=\"top\">\n<p><span style=\"font-family: arial, helvetica, sans-serif; font-size: small;\">Wymiary ca\u0142kowite d\u0142\/szer\/wys [mm]<\/span><\/p>\n<\/td>\n<td style=\"text-align: center;\" width=\"217\" valign=\"top\">\n<p><span style=\"font-family: arial, helvetica, sans-serif; font-size: small;\">300\/267\/310<\/span><\/p>\n<\/td>\n<\/tr>\n<\/tbody>\n<\/table>\n","protected":false},"excerpt":{"rendered":"<p>Wysokiej klasy, profesjonalny agregat spr\u0119\u017carkowy z \u017celiwnym blokiem, dwut\u0142okowy, jednostopniowy, rz\u0119dowy, smarowany olejowo. Moc silnika 4 kW, wydajno\u015b\u0107 620 l\/min. Agregat doskonale sprawdzi si\u0119 m.in. przy oferowanych przez nas kompresorach Shamal czy Profi Kompressoren, a tak\u017ce przy spr\u0119\u017carkach innych producent\u00f3w. \u00a0 W spr\u0119\u017carce zosta\u0142 zastosowany \u017celiwny cylinder co zapewnia d\u0142ug\u0105 i bezawaryjn\u0105 prac\u0119. Urz\u0105dzenie uzyskuje [&hellip;]<\/p>\n","protected":false},"featured_media":85597,"template":"","meta":{"inline_featured_image":false},"product_brand":[31235],"product_cat":[81,3342,31236],"product_tag":[],"class_list":{"0":"post-85596","1":"product","2":"type-product","3":"status-publish","4":"has-post-thumbnail","6":"product_brand-welder-fantasy","7":"product_cat-akcesoria-czesci","8":"product_cat-strefa-marki","9":"product_cat-welder-fantasy","11":"first","12":"outofstock","13":"purchasable","14":"product-type-simple"},"yoast_head":"<!-- This site is optimized with the Yoast SEO Premium plugin v27.0 (Yoast SEO v27.3) - https:\/\/yoast.com\/product\/yoast-seo-premium-wordpress\/ -->\n<title>Agregat spr\u0119\u017carkowy 4 kW jednostopniowy - SpawLab - Welding equipment and plasma cutters - store and service<\/title>\n<meta name=\"description\" content=\"Lider sprzeda\u017cy, Oficjalny Dystrybutor Premium i Serwis na Polsk\u0119 Migatronic, Gys, Voestalpine Bohler Welding. Nowe i u\u017cywane Spawarki, Przecinarki Plazmowe, Kompresory. Mgr in\u017c. Jaros\u0142aw Ko\u0142aski, IWE\" \/>\n<meta name=\"robots\" content=\"index, follow, max-snippet:-1, max-image-preview:large, max-video-preview:-1\" \/>\n<link rel=\"canonical\" href=\"https:\/\/spawlab.pl\/en\/produkt\/agregat-sprezarkowy-4-kw-jednostopniowy\/\" \/>\n<meta property=\"og:locale\" content=\"en_US\" \/>\n<meta property=\"og:type\" content=\"article\" \/>\n<meta property=\"og:title\" content=\"Agregat spr\u0119\u017carkowy 4 kW jednostopniowy\" \/>\n<meta property=\"og:description\" content=\"Lider sprzeda\u017cy, Oficjalny Dystrybutor Premium i Serwis na Polsk\u0119 Migatronic, Gys, Voestalpine Bohler Welding. Nowe i u\u017cywane Spawarki, Przecinarki Plazmowe, Kompresory. Mgr in\u017c. Jaros\u0142aw Ko\u0142aski, IWE\" \/>\n<meta property=\"og:url\" content=\"https:\/\/spawlab.pl\/en\/produkt\/agregat-sprezarkowy-4-kw-jednostopniowy\/\" \/>\n<meta property=\"og:site_name\" content=\"SpawLab - Welding equipment and plasma cutters - store and service\" \/>\n<meta property=\"article:publisher\" content=\"https:\/\/www.facebook.com\/Spawlab\/\" \/>\n<meta property=\"article:modified_time\" content=\"2026-02-11T09:46:40+00:00\" \/>\n<meta property=\"og:image\" content=\"https:\/\/spawlab.pl\/wp-content\/uploads\/2025\/12\/hsc2080_z.jpg\" \/>\n\t<meta property=\"og:image:width\" content=\"1361\" \/>\n\t<meta property=\"og:image:height\" content=\"1600\" \/>\n\t<meta property=\"og:image:type\" content=\"image\/jpeg\" \/>\n<meta name=\"twitter:label1\" content=\"Price\" \/>\n\t<meta name=\"twitter:data1\" content=\"930,00&nbsp;&#122;&#322;\" \/>\n\t<meta name=\"twitter:label2\" content=\"Availability\" \/>\n\t<meta name=\"twitter:data2\" content=\"Out of stock\" \/>\n<script type=\"application\/ld+json\" class=\"yoast-schema-graph\">{\"@context\":\"https:\\\/\\\/schema.org\",\"@graph\":[{\"@type\":[\"WebPage\",\"ItemPage\"],\"@id\":\"https:\\\/\\\/spawlab.pl\\\/en\\\/produkt\\\/agregat-sprezarkowy-4-kw-jednostopniowy\\\/\",\"url\":\"https:\\\/\\\/spawlab.pl\\\/en\\\/produkt\\\/agregat-sprezarkowy-4-kw-jednostopniowy\\\/\",\"name\":\"Agregat spr\u0119\u017carkowy 4 kW jednostopniowy - SpawLab - Welding equipment and plasma cutters - store and service\",\"isPartOf\":{\"@id\":\"https:\\\/\\\/spawlab.pl\\\/en\\\/#website\"},\"primaryImageOfPage\":{\"@id\":\"https:\\\/\\\/spawlab.pl\\\/en\\\/produkt\\\/agregat-sprezarkowy-4-kw-jednostopniowy\\\/#primaryimage\"},\"image\":{\"@id\":\"https:\\\/\\\/spawlab.pl\\\/en\\\/produkt\\\/agregat-sprezarkowy-4-kw-jednostopniowy\\\/#primaryimage\"},\"thumbnailUrl\":\"https:\\\/\\\/spawlab.pl\\\/wp-content\\\/uploads\\\/2025\\\/12\\\/hsc2080_z.jpg\",\"datePublished\":\"2026-02-11T09:46:13+00:00\",\"dateModified\":\"2026-02-11T09:46:40+00:00\",\"description\":\"Lider sprzeda\u017cy, Oficjalny Dystrybutor Premium i Serwis na Polsk\u0119 Migatronic, Gys, Voestalpine Bohler Welding. Nowe i u\u017cywane Spawarki, Przecinarki Plazmowe, Kompresory. Mgr in\u017c. Jaros\u0142aw Ko\u0142aski, IWE\",\"breadcrumb\":{\"@id\":\"https:\\\/\\\/spawlab.pl\\\/en\\\/produkt\\\/agregat-sprezarkowy-4-kw-jednostopniowy\\\/#breadcrumb\"},\"inLanguage\":\"en-US\",\"potentialAction\":[{\"@type\":\"ReadAction\",\"target\":[\"https:\\\/\\\/spawlab.pl\\\/en\\\/produkt\\\/agregat-sprezarkowy-4-kw-jednostopniowy\\\/\"]}]},{\"@type\":\"ImageObject\",\"inLanguage\":\"en-US\",\"@id\":\"https:\\\/\\\/spawlab.pl\\\/en\\\/produkt\\\/agregat-sprezarkowy-4-kw-jednostopniowy\\\/#primaryimage\",\"url\":\"https:\\\/\\\/spawlab.pl\\\/wp-content\\\/uploads\\\/2025\\\/12\\\/hsc2080_z.jpg\",\"contentUrl\":\"https:\\\/\\\/spawlab.pl\\\/wp-content\\\/uploads\\\/2025\\\/12\\\/hsc2080_z.jpg\",\"width\":1361,\"height\":1600},{\"@type\":\"BreadcrumbList\",\"@id\":\"https:\\\/\\\/spawlab.pl\\\/en\\\/produkt\\\/agregat-sprezarkowy-4-kw-jednostopniowy\\\/#breadcrumb\",\"itemListElement\":[{\"@type\":\"ListItem\",\"position\":1,\"name\":\"Strona g\u0142\u00f3wna\",\"item\":\"https:\\\/\\\/spawlab.pl\\\/en\\\/\"},{\"@type\":\"ListItem\",\"position\":2,\"name\":\"Store\",\"item\":\"https:\\\/\\\/spawlab.pl\\\/en\\\/shop\\\/\"},{\"@type\":\"ListItem\",\"position\":3,\"name\":\"Agregat spr\u0119\u017carkowy 4 kW jednostopniowy\"}]},{\"@type\":\"WebSite\",\"@id\":\"https:\\\/\\\/spawlab.pl\\\/en\\\/#website\",\"url\":\"https:\\\/\\\/spawlab.pl\\\/en\\\/\",\"name\":\"Spawlab.pl Lider - Spawarki, Przecinarki Plazmowe, Kompresory\",\"description\":\"Urz\u0105dzenia spawalnicze i Przecinarki plazmowe\\\/ nowe i u\u017cywane \\\/ Profesjonalny serwis\",\"publisher\":{\"@id\":\"https:\\\/\\\/spawlab.pl\\\/en\\\/#organization\"},\"alternateName\":\"Spawlab.pl - Dystrybutor Premium i Serwis na Polske Migatronic, Gys, Voestalpine Bohler Welding\",\"potentialAction\":[{\"@type\":\"SearchAction\",\"target\":{\"@type\":\"EntryPoint\",\"urlTemplate\":\"https:\\\/\\\/spawlab.pl\\\/en\\\/?s={search_term_string}\"},\"query-input\":{\"@type\":\"PropertyValueSpecification\",\"valueRequired\":true,\"valueName\":\"search_term_string\"}}],\"inLanguage\":\"en-US\"},{\"@type\":[\"Organization\",\"Place\"],\"@id\":\"https:\\\/\\\/spawlab.pl\\\/en\\\/#organization\",\"name\":\"Spawlab.pl\",\"url\":\"https:\\\/\\\/spawlab.pl\\\/en\\\/\",\"logo\":{\"@id\":\"https:\\\/\\\/spawlab.pl\\\/en\\\/produkt\\\/agregat-sprezarkowy-4-kw-jednostopniowy\\\/#local-main-organization-logo\"},\"image\":{\"@id\":\"https:\\\/\\\/spawlab.pl\\\/en\\\/produkt\\\/agregat-sprezarkowy-4-kw-jednostopniowy\\\/#local-main-organization-logo\"},\"sameAs\":[\"https:\\\/\\\/www.facebook.com\\\/Spawlab\\\/\",\"https:\\\/\\\/www.linkedin.com\\\/company\\\/spawlab\",\"https:\\\/\\\/www.instagram.com\\\/spawlab.pl\",\"https:\\\/\\\/www.tiktok.com\\\/@spawlab\"],\"description\":\"Lider sprzeda\u017cy, Oficjalny Dystrybutor Premium i Serwis na Polsk\u0119 Migatronic, Gys, Voestalpine Bohler Welding. Nowe i u\u017cywane Spawarki, Przecinarki Plazmowe, Kompresory. Mgr in\u017c. Jaros\u0142aw Ko\u0142aski, IWE\",\"hasMerchantReturnPolicy\":{\"@type\":\"MerchantReturnPolicy\",\"merchantReturnLink\":\"https:\\\/\\\/spawlab.pl\\\/polityka-prywatnosci-2\\\/\"},\"telephone\":[],\"openingHoursSpecification\":[{\"@type\":\"OpeningHoursSpecification\",\"dayOfWeek\":[\"Monday\",\"Tuesday\",\"Wednesday\",\"Thursday\",\"Friday\",\"Saturday\",\"Sunday\"],\"opens\":\"09:00\",\"closes\":\"17:00\"}]},{\"@type\":\"ImageObject\",\"inLanguage\":\"en-US\",\"@id\":\"https:\\\/\\\/spawlab.pl\\\/en\\\/produkt\\\/agregat-sprezarkowy-4-kw-jednostopniowy\\\/#local-main-organization-logo\",\"url\":\"https:\\\/\\\/spawlab.pl\\\/wp-content\\\/uploads\\\/2022\\\/01\\\/olx.jpg\",\"contentUrl\":\"https:\\\/\\\/spawlab.pl\\\/wp-content\\\/uploads\\\/2022\\\/01\\\/olx.jpg\",\"width\":200,\"height\":200,\"caption\":\"Spawlab.pl\"}]}<\/script>\n<meta property=\"product:price:amount\" content=\"930.00\" \/>\n<meta property=\"product:price:currency\" content=\"PLN\" \/>\n<meta property=\"og:availability\" content=\"out of stock\" \/>\n<meta property=\"product:availability\" content=\"out of stock\" \/>\n<meta property=\"product:retailer_item_id\" content=\"HSC2080\/Z\" \/>\n<meta property=\"product:condition\" content=\"new\" \/>\n<!-- \/ Yoast SEO Premium plugin. -->","yoast_head_json":{"title":"Agregat spr\u0119\u017carkowy 4 kW jednostopniowy - SpawLab - Welding equipment and plasma cutters - store and service","description":"Lider sprzeda\u017cy, Oficjalny Dystrybutor Premium i Serwis na Polsk\u0119 Migatronic, Gys, Voestalpine Bohler Welding. Nowe i u\u017cywane Spawarki, Przecinarki Plazmowe, Kompresory. Mgr in\u017c. Jaros\u0142aw Ko\u0142aski, IWE","robots":{"index":"index","follow":"follow","max-snippet":"max-snippet:-1","max-image-preview":"max-image-preview:large","max-video-preview":"max-video-preview:-1"},"canonical":"https:\/\/spawlab.pl\/en\/produkt\/agregat-sprezarkowy-4-kw-jednostopniowy\/","og_locale":"en_US","og_type":"article","og_title":"Agregat spr\u0119\u017carkowy 4 kW jednostopniowy","og_description":"Lider sprzeda\u017cy, Oficjalny Dystrybutor Premium i Serwis na Polsk\u0119 Migatronic, Gys, Voestalpine Bohler Welding. Nowe i u\u017cywane Spawarki, Przecinarki Plazmowe, Kompresory. Mgr in\u017c. Jaros\u0142aw Ko\u0142aski, IWE","og_url":"https:\/\/spawlab.pl\/en\/produkt\/agregat-sprezarkowy-4-kw-jednostopniowy\/","og_site_name":"SpawLab - Welding equipment and plasma cutters - store and service","article_publisher":"https:\/\/www.facebook.com\/Spawlab\/","article_modified_time":"2026-02-11T09:46:40+00:00","og_image":[{"width":1361,"height":1600,"url":"https:\/\/spawlab.pl\/wp-content\/uploads\/2025\/12\/hsc2080_z.jpg","type":"image\/jpeg"}],"twitter_misc":{"Price":"930,00&nbsp;&#122;&#322;","Availability":"Out of stock"},"schema":{"@context":"https:\/\/schema.org","@graph":[{"@type":["WebPage","ItemPage"],"@id":"https:\/\/spawlab.pl\/en\/produkt\/agregat-sprezarkowy-4-kw-jednostopniowy\/","url":"https:\/\/spawlab.pl\/en\/produkt\/agregat-sprezarkowy-4-kw-jednostopniowy\/","name":"Agregat spr\u0119\u017carkowy 4 kW jednostopniowy - SpawLab - Welding equipment and plasma cutters - store and service","isPartOf":{"@id":"https:\/\/spawlab.pl\/en\/#website"},"primaryImageOfPage":{"@id":"https:\/\/spawlab.pl\/en\/produkt\/agregat-sprezarkowy-4-kw-jednostopniowy\/#primaryimage"},"image":{"@id":"https:\/\/spawlab.pl\/en\/produkt\/agregat-sprezarkowy-4-kw-jednostopniowy\/#primaryimage"},"thumbnailUrl":"https:\/\/spawlab.pl\/wp-content\/uploads\/2025\/12\/hsc2080_z.jpg","datePublished":"2026-02-11T09:46:13+00:00","dateModified":"2026-02-11T09:46:40+00:00","description":"Lider sprzeda\u017cy, Oficjalny Dystrybutor Premium i Serwis na Polsk\u0119 Migatronic, Gys, Voestalpine Bohler Welding. Nowe i u\u017cywane Spawarki, Przecinarki Plazmowe, Kompresory. Mgr in\u017c. Jaros\u0142aw Ko\u0142aski, IWE","breadcrumb":{"@id":"https:\/\/spawlab.pl\/en\/produkt\/agregat-sprezarkowy-4-kw-jednostopniowy\/#breadcrumb"},"inLanguage":"en-US","potentialAction":[{"@type":"ReadAction","target":["https:\/\/spawlab.pl\/en\/produkt\/agregat-sprezarkowy-4-kw-jednostopniowy\/"]}]},{"@type":"ImageObject","inLanguage":"en-US","@id":"https:\/\/spawlab.pl\/en\/produkt\/agregat-sprezarkowy-4-kw-jednostopniowy\/#primaryimage","url":"https:\/\/spawlab.pl\/wp-content\/uploads\/2025\/12\/hsc2080_z.jpg","contentUrl":"https:\/\/spawlab.pl\/wp-content\/uploads\/2025\/12\/hsc2080_z.jpg","width":1361,"height":1600},{"@type":"BreadcrumbList","@id":"https:\/\/spawlab.pl\/en\/produkt\/agregat-sprezarkowy-4-kw-jednostopniowy\/#breadcrumb","itemListElement":[{"@type":"ListItem","position":1,"name":"Strona g\u0142\u00f3wna","item":"https:\/\/spawlab.pl\/en\/"},{"@type":"ListItem","position":2,"name":"Store","item":"https:\/\/spawlab.pl\/en\/shop\/"},{"@type":"ListItem","position":3,"name":"Agregat spr\u0119\u017carkowy 4 kW jednostopniowy"}]},{"@type":"WebSite","@id":"https:\/\/spawlab.pl\/en\/#website","url":"https:\/\/spawlab.pl\/en\/","name":"Spawlab.pl Lider - Spawarki, Przecinarki Plazmowe, Kompresory","description":"Urz\u0105dzenia spawalnicze i Przecinarki plazmowe\/ nowe i u\u017cywane \/ Profesjonalny serwis","publisher":{"@id":"https:\/\/spawlab.pl\/en\/#organization"},"alternateName":"Spawlab.pl - Dystrybutor Premium i Serwis na Polske Migatronic, Gys, Voestalpine Bohler Welding","potentialAction":[{"@type":"SearchAction","target":{"@type":"EntryPoint","urlTemplate":"https:\/\/spawlab.pl\/en\/?s={search_term_string}"},"query-input":{"@type":"PropertyValueSpecification","valueRequired":true,"valueName":"search_term_string"}}],"inLanguage":"en-US"},{"@type":["Organization","Place"],"@id":"https:\/\/spawlab.pl\/en\/#organization","name":"Spawlab.pl","url":"https:\/\/spawlab.pl\/en\/","logo":{"@id":"https:\/\/spawlab.pl\/en\/produkt\/agregat-sprezarkowy-4-kw-jednostopniowy\/#local-main-organization-logo"},"image":{"@id":"https:\/\/spawlab.pl\/en\/produkt\/agregat-sprezarkowy-4-kw-jednostopniowy\/#local-main-organization-logo"},"sameAs":["https:\/\/www.facebook.com\/Spawlab\/","https:\/\/www.linkedin.com\/company\/spawlab","https:\/\/www.instagram.com\/spawlab.pl","https:\/\/www.tiktok.com\/@spawlab"],"description":"Lider sprzeda\u017cy, Oficjalny Dystrybutor Premium i Serwis na Polsk\u0119 Migatronic, Gys, Voestalpine Bohler Welding. Nowe i u\u017cywane Spawarki, Przecinarki Plazmowe, Kompresory. Mgr in\u017c. Jaros\u0142aw Ko\u0142aski, IWE","hasMerchantReturnPolicy":{"@type":"MerchantReturnPolicy","merchantReturnLink":"https:\/\/spawlab.pl\/polityka-prywatnosci-2\/"},"telephone":[],"openingHoursSpecification":[{"@type":"OpeningHoursSpecification","dayOfWeek":["Monday","Tuesday","Wednesday","Thursday","Friday","Saturday","Sunday"],"opens":"09:00","closes":"17:00"}]},{"@type":"ImageObject","inLanguage":"en-US","@id":"https:\/\/spawlab.pl\/en\/produkt\/agregat-sprezarkowy-4-kw-jednostopniowy\/#local-main-organization-logo","url":"https:\/\/spawlab.pl\/wp-content\/uploads\/2022\/01\/olx.jpg","contentUrl":"https:\/\/spawlab.pl\/wp-content\/uploads\/2022\/01\/olx.jpg","width":200,"height":200,"caption":"Spawlab.pl"}]},"product_price_amount":"930.00","product_price_currency":"PLN","og_availability":"out of stock","product_availability":"out of stock","product_retailer_item_id":"HSC2080\/Z","product_condition":"new"},"_links":{"self":[{"href":"https:\/\/spawlab.pl\/en\/wp-json\/wp\/v2\/product\/85596","targetHints":{"allow":["GET"]}}],"collection":[{"href":"https:\/\/spawlab.pl\/en\/wp-json\/wp\/v2\/product"}],"about":[{"href":"https:\/\/spawlab.pl\/en\/wp-json\/wp\/v2\/types\/product"}],"wp:featuredmedia":[{"embeddable":true,"href":"https:\/\/spawlab.pl\/en\/wp-json\/wp\/v2\/media\/85597"}],"wp:attachment":[{"href":"https:\/\/spawlab.pl\/en\/wp-json\/wp\/v2\/media?parent=85596"}],"wp:term":[{"taxonomy":"product_brand","embeddable":true,"href":"https:\/\/spawlab.pl\/en\/wp-json\/wp\/v2\/product_brand?post=85596"},{"taxonomy":"product_cat","embeddable":true,"href":"https:\/\/spawlab.pl\/en\/wp-json\/wp\/v2\/product_cat?post=85596"},{"taxonomy":"product_tag","embeddable":true,"href":"https:\/\/spawlab.pl\/en\/wp-json\/wp\/v2\/product_tag?post=85596"}],"curies":[{"name":"wp","href":"https:\/\/api.w.org\/{rel}","templated":true}]}}