{"id":86161,"date":"2026-02-11T11:01:33","date_gmt":"2026-02-11T10:01:33","guid":{"rendered":"https:\/\/spawlab.pl\/produkt\/bohler-mig-drut-spawalniczy-do-lutospawania-cusi3-0-8x15kg-szpula-cena-za-1-szpule\/"},"modified":"2026-02-11T11:01:55","modified_gmt":"2026-02-11T10:01:55","slug":"bohler-mig-drut-spawalniczy-do-lutospawania-cusi3-0-8x15kg-szpula-cena-za-1-szpule","status":"publish","type":"product","link":"https:\/\/spawlab.pl\/en\/produkt\/bohler-mig-drut-spawalniczy-do-lutospawania-cusi3-0-8x15kg-szpula-cena-za-1-szpule\/","title":{"rendered":"Bohler MIG drut spawalniczy do lutospawania CuSi3 0.8x15kg szpula (cena za 1 szpul\u0119)"},"content":{"rendered":"<p>\u00a0<\/p>\n<p style=\"text-align: justify;\"><span style=\"font-family: arial, helvetica, sans-serif; font-size: small;\">Materia\u0142y spawalnicze renomowanej firmy\u00a0<strong>B\u00f6hler Uddeholm Voeastalpine<\/strong> stworzone zosta\u0142y w oparciu o najnowocze\u015bniejsze technologie oraz  autorskie sk\u0142ady chemiczne. Produkty B\u00f6hler ciesz\u0105 si\u0119 niemalej\u0105c\u0105  popularno\u015bci\u0105 w ca\u0142ej Europie i na \u015bwiecie. Bezkompromisowe podej\u015bcie do  jako\u015bci produkt\u00f3w jest znakiem rozpoznawczym tego producenta.<\/span><\/p>\n<p style=\"text-align: justify;\">\u00a0<\/p>\n<p style=\"text-align: justify;\"><span style=\"font-size: small; font-family: arial, helvetica, sans-serif;\"><strong>Drut do lutospawania metod\u0105 MIG\/MAG <\/strong>blach stalowych niepowlekanych oraz ocynkowanych b\u0105d\u017a pokrytych aluminium. Znajduje zastosowanie m.in. w przemy\u015ble samochodowym, instalacjach wentylacyjnych, budowie kontener\u00f3w itp. Odporno\u015b\u0107 na korozj\u0119 element\u00f3w ocynkowanych nie ulega pogorszeniu. Powoduje niewielk\u0105 deformacj\u0119 cie\u0144kich arkuszy blachy. <\/span><\/p>\n<p><span style=\"font-size: small; font-family: arial, helvetica, sans-serif;\"><strong> <\/strong><\/span><\/p>\n<p><span style=\"font-family: arial, helvetica, sans-serif; font-size: small;\"><br \/><\/span><\/p>\n<p>\u00a0<\/p>\n<table border=\"1\" cellspacing=\"0\" cellpadding=\"0\">\n<tbody>\n<tr>\n<td colspan=\"2\" width=\"234\" valign=\"top\"><span style=\"font-family: arial, helvetica, sans-serif; font-size: small;\"><strong>Klasyfikacja<\/strong><br \/><\/span><\/td>\n<\/tr>\n<tr>\n<td style=\"text-align: left;\" width=\"234\" valign=\"top\"><span style=\"font-family: arial, helvetica, sans-serif; font-size: small;\">ISO 24373<br \/><\/span><\/td>\n<td width=\"217\" valign=\"top\"><span style=\"font-family: arial, helvetica, sans-serif; font-size: small;\">S Cu 6560 (CuSi3Mn1)<br \/><\/span><\/td>\n<\/tr>\n<tr>\n<td style=\"text-align: left;\" width=\"234\" valign=\"top\"><span style=\"font-family: arial, helvetica, sans-serif; font-size: small;\">AWS A 5.7<br \/><\/span><\/td>\n<td width=\"217\" valign=\"top\"><span style=\"font-family: arial, helvetica, sans-serif; font-size: small;\">ERCuSi-A<br \/><\/span><\/td>\n<\/tr>\n<tr>\n<td style=\"text-align: left;\" width=\"234\" valign=\"top\"><span style=\"font-family: arial, helvetica, sans-serif; font-size: small;\">Nr materia\u0142u<br \/><\/span><\/td>\n<td width=\"217\" valign=\"top\"><span style=\"font-family: arial, helvetica, sans-serif; font-size: small;\">2.1461<\/span><\/td>\n<\/tr>\n<\/tbody>\n<\/table>\n<p>\u00a0<\/p>\n<p>\u00a0<\/p>\n<p>\u00a0<\/p>\n<p>\u00a0<\/p>\n<p>\u00a0<\/p>\n<table border=\"0\" frame=\"box\" rules=\"all\">\n<tbody>\n<tr>\n<td colspan=\"6\"><span style=\"font-family: arial, helvetica, sans-serif; font-size: small;\"><strong>Typowy sk\u0142ad chemiczny drutu (% wag.)<\/strong><\/span><\/td>\n<\/tr>\n<tr>\n<td><span style=\"font-family: arial, helvetica, sans-serif; font-size: small;\">Si<br \/><\/span><\/td>\n<td><span style=\"font-family: arial, helvetica, sans-serif; font-size: small;\">Sn<\/span><\/td>\n<td><span style=\"font-family: arial, helvetica, sans-serif; font-size: small;\">Zn<br \/><\/span><\/td>\n<td><span style=\"font-family: arial, helvetica, sans-serif; font-size: small;\">Mn<\/span><\/td>\n<td><span style=\"font-family: arial, helvetica, sans-serif; font-size: small;\">Fe<\/span><\/td>\n<td><span style=\"font-family: arial, helvetica, sans-serif; font-size: small;\">Cu<\/span><\/td>\n<\/tr>\n<tr>\n<td><span style=\"font-family: arial, helvetica, sans-serif; font-size: small;\">2,9<br \/><\/span><\/td>\n<td><span style=\"font-family: arial, helvetica, sans-serif; font-size: small;\">0,1<br \/><\/span><\/td>\n<td><span style=\"font-family: arial, helvetica, sans-serif; font-size: small;\">0,1<\/span><\/td>\n<td><span style=\"font-family: arial, helvetica, sans-serif; font-size: small;\">1,2<\/span><\/td>\n<td><span style=\"font-family: arial, helvetica, sans-serif; font-size: small;\">0,2<\/span><\/td>\n<td><span style=\"font-family: arial, helvetica, sans-serif; font-size: small;\">pozosta\u0142e<\/span><\/td>\n<\/tr>\n<\/tbody>\n<\/table>\n<p>\u00a0<\/p>\n<p>\u00a0<\/p>\n<p>\u00a0<\/p>\n<table border=\"0\" frame=\"box\" rules=\"all\">\n<tbody>\n<tr>\n<td colspan=\"6\"><span style=\"font-family: arial, helvetica, sans-serif; font-size: small;\"><strong>W\u0142a\u015bciwo\u015bci mechaniczne stopiwa<br \/><\/strong><\/span><\/td>\n<\/tr>\n<tr>\n<td><span style=\"font-family: arial, helvetica, sans-serif; font-size: small;\">Zakres temperatury topnienia [\u00b0C]<\/span><\/td>\n<td><span style=\"font-family: arial, helvetica, sans-serif; font-size: small;\">Granica plastyczno\u015bci [N\/mm<sup>2<\/sup>]<br \/><\/span><\/td>\n<td><span style=\"font-family: arial, helvetica, sans-serif; font-size: small;\">Wytrzyma\u0142o\u015b\u0107 na rozci\u0105ganie [<span style=\"font-family: arial, helvetica, sans-serif; font-size: small;\">N\/mm<sup>2<\/sup><\/span>]<br \/><\/span><\/td>\n<td><span style=\"font-family: arial, helvetica, sans-serif; font-size: small;\">Wyd\u0142u\u017cenie A (L<sub>0<\/sub>=5d<sub>0<\/sub>) [%]<br \/><\/span><\/td>\n<td><span style=\"font-family: arial, helvetica, sans-serif; font-size: small;\">Twardo\u015b\u0107 [HB]<\/span><span style=\"font-family: arial, helvetica, sans-serif; font-size: small;\"><br \/><\/span><\/td>\n<td><span style=\"font-family: arial, helvetica, sans-serif; font-size: small;\">Przewodnictwo cieplne [W\/m*K]<\/span><span style=\"font-family: arial, helvetica, sans-serif; font-size: small;\"> <\/span><\/td>\n<\/tr>\n<tr>\n<td><span style=\"font-family: arial, helvetica, sans-serif; font-size: small;\"><span style=\"font-family: arial, helvetica, sans-serif; font-size: small;\">965 &#8211; 1032<\/span><\/span><\/td>\n<td><span style=\"font-family: arial, helvetica, sans-serif; font-size: small;\">120<br \/><\/span><\/td>\n<td><span style=\"font-family: arial, helvetica, sans-serif; font-size: small;\">350<br \/><\/span><\/td>\n<td><span style=\"font-family: arial, helvetica, sans-serif; font-size: small;\">40<br \/><\/span><\/td>\n<td><span style=\"font-family: arial, helvetica, sans-serif; font-size: small;\">80<\/span><\/td>\n<td><span style=\"font-family: arial, helvetica, sans-serif; font-size: small;\"><sup><span style=\"font-family: arial, helvetica, sans-serif; font-size: small;\">35<\/span><\/sup><\/span><\/td>\n<\/tr>\n<\/tbody>\n<\/table>\n<p>\u00a0<\/p>\n<p>\u00a0<\/p>\n<table border=\"0\" frame=\"box\" rules=\"all\">\n<tbody>\n<tr>\n<td colspan=\"5\"><span style=\"font-family: arial, helvetica, sans-serif; font-size: small;\"><strong>Dane eksploatacyjne<br \/><\/strong><\/span><\/td>\n<\/tr>\n<tr>\n<td rowspan=\"2\">\n<p><span style=\"font-family: arial, helvetica, sans-serif; font-size: small;\">Pozyjce spawania (zgodnie z DIN EN 287):<\/span><\/p>\n<p><span style=\"font-family: arial, helvetica, sans-serif; font-size: small;\">PA, PB, PC, PE, PF<br \/><\/span><\/p>\n<\/td>\n<td><span style=\"font-family: arial, helvetica, sans-serif; font-size: small;\">Biegunowo\u015b\u0107<br \/><\/span><\/td>\n<td><span style=\"font-family: arial, helvetica, sans-serif; font-size: small;\">Gaz os\u0142onowy (DIN EN 439)<br \/><\/span><\/td>\n<td><span style=\"font-family: arial, helvetica, sans-serif; font-size: small;\">\u015arednica<br \/><\/span><\/td>\n<td><span style=\"font-family: arial, helvetica, sans-serif; font-size: small;\">Szpula<\/span><\/td>\n<\/tr>\n<tr>\n<td><span style=\"font-family: arial, helvetica, sans-serif; font-size: small;\">DC(+)<br \/><\/span><\/td>\n<td><span style=\"font-family: arial, helvetica, sans-serif; font-size: small;\">I 1 (Argon), M 12 (Ar + 2,5% CO<sub>2<\/sub><\/span><span style=\"font-family: arial, helvetica, sans-serif; font-size: small;\">), M 12 (Ar + 1-3% <span style=\"font-family: arial, helvetica, sans-serif; font-size: small;\">O<sub>2<\/sub>)<\/span><\/span><\/td>\n<td><span style=\"font-family: arial, helvetica, sans-serif; font-size: small;\">0,8mm<br \/><\/span><\/td>\n<td><span style=\"font-family: arial, helvetica, sans-serif; font-size: small;\"><span style=\"font-family: arial, helvetica, sans-serif; font-size: small;\">15kg<\/span><\/span><\/td>\n<\/tr>\n<\/tbody>\n<\/table>\n","protected":false},"excerpt":{"rendered":"<p>\u00a0 Materia\u0142y spawalnicze renomowanej firmy\u00a0B\u00f6hler Uddeholm Voeastalpine stworzone zosta\u0142y w oparciu o najnowocze\u015bniejsze technologie oraz autorskie sk\u0142ady chemiczne. Produkty B\u00f6hler ciesz\u0105 si\u0119 niemalej\u0105c\u0105 popularno\u015bci\u0105 w ca\u0142ej Europie i na \u015bwiecie. Bezkompromisowe podej\u015bcie do jako\u015bci produkt\u00f3w jest znakiem rozpoznawczym tego producenta. \u00a0 Drut do lutospawania metod\u0105 MIG\/MAG blach stalowych niepowlekanych oraz ocynkowanych b\u0105d\u017a pokrytych aluminium. Znajduje [&hellip;]<\/p>\n","protected":false},"featured_media":86162,"template":"","meta":{"inline_featured_image":false},"product_brand":[31235],"product_cat":[81,3342,31236],"product_tag":[],"class_list":{"0":"post-86161","1":"product","2":"type-product","3":"status-publish","4":"has-post-thumbnail","6":"product_brand-welder-fantasy","7":"product_cat-akcesoria-czesci","8":"product_cat-strefa-marki","9":"product_cat-welder-fantasy","11":"first","12":"instock","13":"purchasable","14":"product-type-simple"},"yoast_head":"<!-- This site is optimized with the Yoast SEO Premium plugin v27.0 (Yoast SEO v27.3) - https:\/\/yoast.com\/product\/yoast-seo-premium-wordpress\/ -->\n<title>Bohler MIG drut spawalniczy do lutospawania CuSi3 0.8x15kg szpula (cena za 1 szpul\u0119) - SpawLab - Welding equipment and plasma cutters - store and service<\/title>\n<meta name=\"description\" content=\"Lider sprzeda\u017cy, Oficjalny Dystrybutor Premium i Serwis na Polsk\u0119 Migatronic, Gys, Voestalpine Bohler Welding. Nowe i u\u017cywane Spawarki, Przecinarki Plazmowe, Kompresory. Mgr in\u017c. Jaros\u0142aw Ko\u0142aski, IWE\" \/>\n<meta name=\"robots\" content=\"index, follow, max-snippet:-1, max-image-preview:large, max-video-preview:-1\" \/>\n<link rel=\"canonical\" href=\"https:\/\/spawlab.pl\/en\/produkt\/bohler-mig-drut-spawalniczy-do-lutospawania-cusi3-0-8x15kg-szpula-cena-za-1-szpule\/\" \/>\n<meta property=\"og:locale\" content=\"en_US\" \/>\n<meta property=\"og:type\" content=\"article\" \/>\n<meta property=\"og:title\" content=\"Bohler MIG drut spawalniczy do lutospawania CuSi3 0.8x15kg szpula (cena za 1 szpul\u0119)\" \/>\n<meta property=\"og:description\" content=\"Lider sprzeda\u017cy, Oficjalny Dystrybutor Premium i Serwis na Polsk\u0119 Migatronic, Gys, Voestalpine Bohler Welding. Nowe i u\u017cywane Spawarki, Przecinarki Plazmowe, Kompresory. Mgr in\u017c. Jaros\u0142aw Ko\u0142aski, IWE\" \/>\n<meta property=\"og:url\" content=\"https:\/\/spawlab.pl\/en\/produkt\/bohler-mig-drut-spawalniczy-do-lutospawania-cusi3-0-8x15kg-szpula-cena-za-1-szpule\/\" \/>\n<meta property=\"og:site_name\" content=\"SpawLab - Welding equipment and plasma cutters - store and service\" \/>\n<meta property=\"article:publisher\" content=\"https:\/\/www.facebook.com\/Spawlab\/\" \/>\n<meta property=\"article:modified_time\" content=\"2026-02-11T10:01:55+00:00\" \/>\n<meta property=\"og:image\" content=\"https:\/\/spawlab.pl\/wp-content\/uploads\/2025\/12\/78023160.jpg\" \/>\n\t<meta property=\"og:image:width\" content=\"1165\" \/>\n\t<meta property=\"og:image:height\" content=\"1600\" \/>\n\t<meta property=\"og:image:type\" content=\"image\/jpeg\" \/>\n<meta name=\"twitter:label1\" content=\"Price\" \/>\n\t<meta name=\"twitter:data1\" content=\"3 500,00&nbsp;&#122;&#322;\" \/>\n\t<meta name=\"twitter:label2\" content=\"Availability\" \/>\n\t<meta name=\"twitter:data2\" content=\"In stock\" \/>\n<script type=\"application\/ld+json\" class=\"yoast-schema-graph\">{\"@context\":\"https:\\\/\\\/schema.org\",\"@graph\":[{\"@type\":[\"WebPage\",\"ItemPage\"],\"@id\":\"https:\\\/\\\/spawlab.pl\\\/en\\\/produkt\\\/bohler-mig-drut-spawalniczy-do-lutospawania-cusi3-0-8x15kg-szpula-cena-za-1-szpule\\\/\",\"url\":\"https:\\\/\\\/spawlab.pl\\\/en\\\/produkt\\\/bohler-mig-drut-spawalniczy-do-lutospawania-cusi3-0-8x15kg-szpula-cena-za-1-szpule\\\/\",\"name\":\"Bohler MIG drut spawalniczy do lutospawania CuSi3 0.8x15kg szpula (cena za 1 szpul\u0119) - SpawLab - Welding equipment and plasma cutters - store and service\",\"isPartOf\":{\"@id\":\"https:\\\/\\\/spawlab.pl\\\/en\\\/#website\"},\"primaryImageOfPage\":{\"@id\":\"https:\\\/\\\/spawlab.pl\\\/en\\\/produkt\\\/bohler-mig-drut-spawalniczy-do-lutospawania-cusi3-0-8x15kg-szpula-cena-za-1-szpule\\\/#primaryimage\"},\"image\":{\"@id\":\"https:\\\/\\\/spawlab.pl\\\/en\\\/produkt\\\/bohler-mig-drut-spawalniczy-do-lutospawania-cusi3-0-8x15kg-szpula-cena-za-1-szpule\\\/#primaryimage\"},\"thumbnailUrl\":\"https:\\\/\\\/spawlab.pl\\\/wp-content\\\/uploads\\\/2025\\\/12\\\/78023160.jpg\",\"datePublished\":\"2026-02-11T10:01:33+00:00\",\"dateModified\":\"2026-02-11T10:01:55+00:00\",\"description\":\"Lider sprzeda\u017cy, Oficjalny Dystrybutor Premium i Serwis na Polsk\u0119 Migatronic, Gys, Voestalpine Bohler Welding. Nowe i u\u017cywane Spawarki, Przecinarki Plazmowe, Kompresory. Mgr in\u017c. Jaros\u0142aw Ko\u0142aski, IWE\",\"breadcrumb\":{\"@id\":\"https:\\\/\\\/spawlab.pl\\\/en\\\/produkt\\\/bohler-mig-drut-spawalniczy-do-lutospawania-cusi3-0-8x15kg-szpula-cena-za-1-szpule\\\/#breadcrumb\"},\"inLanguage\":\"en-US\",\"potentialAction\":[{\"@type\":\"ReadAction\",\"target\":[\"https:\\\/\\\/spawlab.pl\\\/en\\\/produkt\\\/bohler-mig-drut-spawalniczy-do-lutospawania-cusi3-0-8x15kg-szpula-cena-za-1-szpule\\\/\"]}]},{\"@type\":\"ImageObject\",\"inLanguage\":\"en-US\",\"@id\":\"https:\\\/\\\/spawlab.pl\\\/en\\\/produkt\\\/bohler-mig-drut-spawalniczy-do-lutospawania-cusi3-0-8x15kg-szpula-cena-za-1-szpule\\\/#primaryimage\",\"url\":\"https:\\\/\\\/spawlab.pl\\\/wp-content\\\/uploads\\\/2025\\\/12\\\/78023160.jpg\",\"contentUrl\":\"https:\\\/\\\/spawlab.pl\\\/wp-content\\\/uploads\\\/2025\\\/12\\\/78023160.jpg\",\"width\":1165,\"height\":1600},{\"@type\":\"BreadcrumbList\",\"@id\":\"https:\\\/\\\/spawlab.pl\\\/en\\\/produkt\\\/bohler-mig-drut-spawalniczy-do-lutospawania-cusi3-0-8x15kg-szpula-cena-za-1-szpule\\\/#breadcrumb\",\"itemListElement\":[{\"@type\":\"ListItem\",\"position\":1,\"name\":\"Strona g\u0142\u00f3wna\",\"item\":\"https:\\\/\\\/spawlab.pl\\\/en\\\/\"},{\"@type\":\"ListItem\",\"position\":2,\"name\":\"Store\",\"item\":\"https:\\\/\\\/spawlab.pl\\\/en\\\/shop\\\/\"},{\"@type\":\"ListItem\",\"position\":3,\"name\":\"Bohler MIG drut spawalniczy do lutospawania CuSi3 0.8x15kg szpula (cena za 1 szpul\u0119)\"}]},{\"@type\":\"WebSite\",\"@id\":\"https:\\\/\\\/spawlab.pl\\\/en\\\/#website\",\"url\":\"https:\\\/\\\/spawlab.pl\\\/en\\\/\",\"name\":\"Spawlab.pl Lider - Spawarki, Przecinarki Plazmowe, Kompresory\",\"description\":\"Urz\u0105dzenia spawalnicze i Przecinarki plazmowe\\\/ nowe i u\u017cywane \\\/ Profesjonalny serwis\",\"publisher\":{\"@id\":\"https:\\\/\\\/spawlab.pl\\\/en\\\/#organization\"},\"alternateName\":\"Spawlab.pl - Dystrybutor Premium i Serwis na Polske Migatronic, Gys, Voestalpine Bohler Welding\",\"potentialAction\":[{\"@type\":\"SearchAction\",\"target\":{\"@type\":\"EntryPoint\",\"urlTemplate\":\"https:\\\/\\\/spawlab.pl\\\/en\\\/?s={search_term_string}\"},\"query-input\":{\"@type\":\"PropertyValueSpecification\",\"valueRequired\":true,\"valueName\":\"search_term_string\"}}],\"inLanguage\":\"en-US\"},{\"@type\":[\"Organization\",\"Place\"],\"@id\":\"https:\\\/\\\/spawlab.pl\\\/en\\\/#organization\",\"name\":\"Spawlab.pl\",\"url\":\"https:\\\/\\\/spawlab.pl\\\/en\\\/\",\"logo\":{\"@id\":\"https:\\\/\\\/spawlab.pl\\\/en\\\/produkt\\\/bohler-mig-drut-spawalniczy-do-lutospawania-cusi3-0-8x15kg-szpula-cena-za-1-szpule\\\/#local-main-organization-logo\"},\"image\":{\"@id\":\"https:\\\/\\\/spawlab.pl\\\/en\\\/produkt\\\/bohler-mig-drut-spawalniczy-do-lutospawania-cusi3-0-8x15kg-szpula-cena-za-1-szpule\\\/#local-main-organization-logo\"},\"sameAs\":[\"https:\\\/\\\/www.facebook.com\\\/Spawlab\\\/\",\"https:\\\/\\\/www.linkedin.com\\\/company\\\/spawlab\",\"https:\\\/\\\/www.instagram.com\\\/spawlab.pl\",\"https:\\\/\\\/www.tiktok.com\\\/@spawlab\"],\"description\":\"Lider sprzeda\u017cy, Oficjalny Dystrybutor Premium i Serwis na Polsk\u0119 Migatronic, Gys, Voestalpine Bohler Welding. Nowe i u\u017cywane Spawarki, Przecinarki Plazmowe, Kompresory. Mgr in\u017c. Jaros\u0142aw Ko\u0142aski, IWE\",\"hasMerchantReturnPolicy\":{\"@type\":\"MerchantReturnPolicy\",\"merchantReturnLink\":\"https:\\\/\\\/spawlab.pl\\\/polityka-prywatnosci-2\\\/\"},\"telephone\":[],\"openingHoursSpecification\":[{\"@type\":\"OpeningHoursSpecification\",\"dayOfWeek\":[\"Monday\",\"Tuesday\",\"Wednesday\",\"Thursday\",\"Friday\",\"Saturday\",\"Sunday\"],\"opens\":\"09:00\",\"closes\":\"17:00\"}]},{\"@type\":\"ImageObject\",\"inLanguage\":\"en-US\",\"@id\":\"https:\\\/\\\/spawlab.pl\\\/en\\\/produkt\\\/bohler-mig-drut-spawalniczy-do-lutospawania-cusi3-0-8x15kg-szpula-cena-za-1-szpule\\\/#local-main-organization-logo\",\"url\":\"https:\\\/\\\/spawlab.pl\\\/wp-content\\\/uploads\\\/2022\\\/01\\\/olx.jpg\",\"contentUrl\":\"https:\\\/\\\/spawlab.pl\\\/wp-content\\\/uploads\\\/2022\\\/01\\\/olx.jpg\",\"width\":200,\"height\":200,\"caption\":\"Spawlab.pl\"}]}<\/script>\n<meta property=\"product:price:amount\" content=\"3500.00\" \/>\n<meta property=\"product:price:currency\" content=\"PLN\" \/>\n<meta property=\"og:availability\" content=\"instock\" \/>\n<meta property=\"product:availability\" content=\"instock\" \/>\n<meta property=\"product:retailer_item_id\" content=\"78023160\" \/>\n<meta property=\"product:condition\" content=\"new\" \/>\n<!-- \/ Yoast SEO Premium plugin. -->","yoast_head_json":{"title":"Bohler MIG drut spawalniczy do lutospawania CuSi3 0.8x15kg szpula (cena za 1 szpul\u0119) - SpawLab - Welding equipment and plasma cutters - store and service","description":"Lider sprzeda\u017cy, Oficjalny Dystrybutor Premium i Serwis na Polsk\u0119 Migatronic, Gys, Voestalpine Bohler Welding. Nowe i u\u017cywane Spawarki, Przecinarki Plazmowe, Kompresory. Mgr in\u017c. Jaros\u0142aw Ko\u0142aski, IWE","robots":{"index":"index","follow":"follow","max-snippet":"max-snippet:-1","max-image-preview":"max-image-preview:large","max-video-preview":"max-video-preview:-1"},"canonical":"https:\/\/spawlab.pl\/en\/produkt\/bohler-mig-drut-spawalniczy-do-lutospawania-cusi3-0-8x15kg-szpula-cena-za-1-szpule\/","og_locale":"en_US","og_type":"article","og_title":"Bohler MIG drut spawalniczy do lutospawania CuSi3 0.8x15kg szpula (cena za 1 szpul\u0119)","og_description":"Lider sprzeda\u017cy, Oficjalny Dystrybutor Premium i Serwis na Polsk\u0119 Migatronic, Gys, Voestalpine Bohler Welding. Nowe i u\u017cywane Spawarki, Przecinarki Plazmowe, Kompresory. Mgr in\u017c. Jaros\u0142aw Ko\u0142aski, IWE","og_url":"https:\/\/spawlab.pl\/en\/produkt\/bohler-mig-drut-spawalniczy-do-lutospawania-cusi3-0-8x15kg-szpula-cena-za-1-szpule\/","og_site_name":"SpawLab - Welding equipment and plasma cutters - store and service","article_publisher":"https:\/\/www.facebook.com\/Spawlab\/","article_modified_time":"2026-02-11T10:01:55+00:00","og_image":[{"width":1165,"height":1600,"url":"https:\/\/spawlab.pl\/wp-content\/uploads\/2025\/12\/78023160.jpg","type":"image\/jpeg"}],"twitter_misc":{"Price":"3 500,00&nbsp;&#122;&#322;","Availability":"In stock"},"schema":{"@context":"https:\/\/schema.org","@graph":[{"@type":["WebPage","ItemPage"],"@id":"https:\/\/spawlab.pl\/en\/produkt\/bohler-mig-drut-spawalniczy-do-lutospawania-cusi3-0-8x15kg-szpula-cena-za-1-szpule\/","url":"https:\/\/spawlab.pl\/en\/produkt\/bohler-mig-drut-spawalniczy-do-lutospawania-cusi3-0-8x15kg-szpula-cena-za-1-szpule\/","name":"Bohler MIG drut spawalniczy do lutospawania CuSi3 0.8x15kg szpula (cena za 1 szpul\u0119) - SpawLab - Welding equipment and plasma cutters - store and service","isPartOf":{"@id":"https:\/\/spawlab.pl\/en\/#website"},"primaryImageOfPage":{"@id":"https:\/\/spawlab.pl\/en\/produkt\/bohler-mig-drut-spawalniczy-do-lutospawania-cusi3-0-8x15kg-szpula-cena-za-1-szpule\/#primaryimage"},"image":{"@id":"https:\/\/spawlab.pl\/en\/produkt\/bohler-mig-drut-spawalniczy-do-lutospawania-cusi3-0-8x15kg-szpula-cena-za-1-szpule\/#primaryimage"},"thumbnailUrl":"https:\/\/spawlab.pl\/wp-content\/uploads\/2025\/12\/78023160.jpg","datePublished":"2026-02-11T10:01:33+00:00","dateModified":"2026-02-11T10:01:55+00:00","description":"Lider sprzeda\u017cy, Oficjalny Dystrybutor Premium i Serwis na Polsk\u0119 Migatronic, Gys, Voestalpine Bohler Welding. Nowe i u\u017cywane Spawarki, Przecinarki Plazmowe, Kompresory. Mgr in\u017c. Jaros\u0142aw Ko\u0142aski, IWE","breadcrumb":{"@id":"https:\/\/spawlab.pl\/en\/produkt\/bohler-mig-drut-spawalniczy-do-lutospawania-cusi3-0-8x15kg-szpula-cena-za-1-szpule\/#breadcrumb"},"inLanguage":"en-US","potentialAction":[{"@type":"ReadAction","target":["https:\/\/spawlab.pl\/en\/produkt\/bohler-mig-drut-spawalniczy-do-lutospawania-cusi3-0-8x15kg-szpula-cena-za-1-szpule\/"]}]},{"@type":"ImageObject","inLanguage":"en-US","@id":"https:\/\/spawlab.pl\/en\/produkt\/bohler-mig-drut-spawalniczy-do-lutospawania-cusi3-0-8x15kg-szpula-cena-za-1-szpule\/#primaryimage","url":"https:\/\/spawlab.pl\/wp-content\/uploads\/2025\/12\/78023160.jpg","contentUrl":"https:\/\/spawlab.pl\/wp-content\/uploads\/2025\/12\/78023160.jpg","width":1165,"height":1600},{"@type":"BreadcrumbList","@id":"https:\/\/spawlab.pl\/en\/produkt\/bohler-mig-drut-spawalniczy-do-lutospawania-cusi3-0-8x15kg-szpula-cena-za-1-szpule\/#breadcrumb","itemListElement":[{"@type":"ListItem","position":1,"name":"Strona g\u0142\u00f3wna","item":"https:\/\/spawlab.pl\/en\/"},{"@type":"ListItem","position":2,"name":"Store","item":"https:\/\/spawlab.pl\/en\/shop\/"},{"@type":"ListItem","position":3,"name":"Bohler MIG drut spawalniczy do lutospawania CuSi3 0.8x15kg szpula (cena za 1 szpul\u0119)"}]},{"@type":"WebSite","@id":"https:\/\/spawlab.pl\/en\/#website","url":"https:\/\/spawlab.pl\/en\/","name":"Spawlab.pl Lider - Spawarki, Przecinarki Plazmowe, Kompresory","description":"Urz\u0105dzenia spawalnicze i Przecinarki plazmowe\/ nowe i u\u017cywane \/ Profesjonalny serwis","publisher":{"@id":"https:\/\/spawlab.pl\/en\/#organization"},"alternateName":"Spawlab.pl - Dystrybutor Premium i Serwis na Polske Migatronic, Gys, Voestalpine Bohler Welding","potentialAction":[{"@type":"SearchAction","target":{"@type":"EntryPoint","urlTemplate":"https:\/\/spawlab.pl\/en\/?s={search_term_string}"},"query-input":{"@type":"PropertyValueSpecification","valueRequired":true,"valueName":"search_term_string"}}],"inLanguage":"en-US"},{"@type":["Organization","Place"],"@id":"https:\/\/spawlab.pl\/en\/#organization","name":"Spawlab.pl","url":"https:\/\/spawlab.pl\/en\/","logo":{"@id":"https:\/\/spawlab.pl\/en\/produkt\/bohler-mig-drut-spawalniczy-do-lutospawania-cusi3-0-8x15kg-szpula-cena-za-1-szpule\/#local-main-organization-logo"},"image":{"@id":"https:\/\/spawlab.pl\/en\/produkt\/bohler-mig-drut-spawalniczy-do-lutospawania-cusi3-0-8x15kg-szpula-cena-za-1-szpule\/#local-main-organization-logo"},"sameAs":["https:\/\/www.facebook.com\/Spawlab\/","https:\/\/www.linkedin.com\/company\/spawlab","https:\/\/www.instagram.com\/spawlab.pl","https:\/\/www.tiktok.com\/@spawlab"],"description":"Lider sprzeda\u017cy, Oficjalny Dystrybutor Premium i Serwis na Polsk\u0119 Migatronic, Gys, Voestalpine Bohler Welding. Nowe i u\u017cywane Spawarki, Przecinarki Plazmowe, Kompresory. Mgr in\u017c. Jaros\u0142aw Ko\u0142aski, IWE","hasMerchantReturnPolicy":{"@type":"MerchantReturnPolicy","merchantReturnLink":"https:\/\/spawlab.pl\/polityka-prywatnosci-2\/"},"telephone":[],"openingHoursSpecification":[{"@type":"OpeningHoursSpecification","dayOfWeek":["Monday","Tuesday","Wednesday","Thursday","Friday","Saturday","Sunday"],"opens":"09:00","closes":"17:00"}]},{"@type":"ImageObject","inLanguage":"en-US","@id":"https:\/\/spawlab.pl\/en\/produkt\/bohler-mig-drut-spawalniczy-do-lutospawania-cusi3-0-8x15kg-szpula-cena-za-1-szpule\/#local-main-organization-logo","url":"https:\/\/spawlab.pl\/wp-content\/uploads\/2022\/01\/olx.jpg","contentUrl":"https:\/\/spawlab.pl\/wp-content\/uploads\/2022\/01\/olx.jpg","width":200,"height":200,"caption":"Spawlab.pl"}]},"product_price_amount":"3500.00","product_price_currency":"PLN","og_availability":"instock","product_availability":"instock","product_retailer_item_id":"78023160","product_condition":"new"},"_links":{"self":[{"href":"https:\/\/spawlab.pl\/en\/wp-json\/wp\/v2\/product\/86161","targetHints":{"allow":["GET"]}}],"collection":[{"href":"https:\/\/spawlab.pl\/en\/wp-json\/wp\/v2\/product"}],"about":[{"href":"https:\/\/spawlab.pl\/en\/wp-json\/wp\/v2\/types\/product"}],"wp:featuredmedia":[{"embeddable":true,"href":"https:\/\/spawlab.pl\/en\/wp-json\/wp\/v2\/media\/86162"}],"wp:attachment":[{"href":"https:\/\/spawlab.pl\/en\/wp-json\/wp\/v2\/media?parent=86161"}],"wp:term":[{"taxonomy":"product_brand","embeddable":true,"href":"https:\/\/spawlab.pl\/en\/wp-json\/wp\/v2\/product_brand?post=86161"},{"taxonomy":"product_cat","embeddable":true,"href":"https:\/\/spawlab.pl\/en\/wp-json\/wp\/v2\/product_cat?post=86161"},{"taxonomy":"product_tag","embeddable":true,"href":"https:\/\/spawlab.pl\/en\/wp-json\/wp\/v2\/product_tag?post=86161"}],"curies":[{"name":"wp","href":"https:\/\/api.w.org\/{rel}","templated":true}]}}