{"id":87114,"date":"2026-02-11T10:16:36","date_gmt":"2026-02-11T09:16:36","guid":{"rendered":"https:\/\/spawlab.pl\/produkt\/osuszacz-chlodniczy-ats-dgo-365-iso4-6083l-min-1-5\/"},"modified":"2026-02-11T10:16:55","modified_gmt":"2026-02-11T09:16:55","slug":"osuszacz-chlodniczy-ats-dgo-365-iso4-6083l-min-1-5","status":"publish","type":"product","link":"https:\/\/spawlab.pl\/en\/produkt\/osuszacz-chlodniczy-ats-dgo-365-iso4-6083l-min-1-5\/","title":{"rendered":"Osuszacz ch\u0142odniczy ATS DGO 365 ISO4 6083l\/min 1.5&#8243;"},"content":{"rendered":"<p style=\"text-align: justify;\"><span style=\"font-family: arial,helvetica,sans-serif; font-size: small;\">Osuszacze ATS poprzez wbudowany uk\u0142ad ch\u0142odniczy separuj\u0105 par\u0119 wodn\u0105 zawart\u0105 w spr\u0119\u017conym powietrzu. Punkt rosy osi\u0105gany podczas pracy urz\u0105dzenia wynosi 3\u00b0C z tolerancj\u0105 1\u00b0C. Osuszacze ATS s\u0105 ca\u0142kowicie zautomatyzowane i zaprojektowane tak, aby do minimum zredukowa\u0107 czas potrzebny na obs\u0142ug\u0119. Czynno\u015bci zwi\u0105zane z rutynow\u0105 kontrol\u0105 zapewniaj\u0105 bezawaryjn\u0105 prac\u0119 urz\u0105dzenia.<\/span><\/p>\n<p><span style=\"font-family: arial,helvetica,sans-serif; font-size: small;\"> <\/span><br \/><strong><span style=\"font-family: arial,helvetica,sans-serif; font-size: small;\">DANE TECHNICZNE:<\/span><\/strong><\/p>\n<table border=\"1\" cellspacing=\"0\" cellpadding=\"0\">\n<tbody>\n<tr>\n<td width=\"234\" valign=\"top\"><span style=\"font-family: arial, helvetica, sans-serif; font-size: small;\">Wydajno\u015b\u0107 [l\/min] <\/span><\/td>\n<td style=\"text-align: center;\" width=\"217\" valign=\"top\"><span style=\"font-family: arial, helvetica, sans-serif; font-size: small;\"> 6083 <\/span><\/td>\n<\/tr>\n<tr>\n<td width=\"234\" valign=\"top\"><span style=\"font-family: arial, helvetica, sans-serif; font-size: small;\"> Wydajno\u015b\u0107 [m3\/h] <\/span><\/td>\n<td style=\"text-align: center;\" width=\"217\" valign=\"top\"><span style=\"font-family: arial, helvetica, sans-serif; font-size: small;\"> 365 <\/span><\/td>\n<\/tr>\n<tr>\n<td width=\"234\" valign=\"top\"><span style=\"font-family: arial, helvetica, sans-serif; font-size: small;\"> Przy\u0142\u0105cze [cal] <\/span><\/td>\n<td style=\"text-align: center;\" width=\"217\" valign=\"top\"><span style=\"font-family: arial, helvetica, sans-serif; font-size: small;\"> 1.1\/2 &#8221; <\/span><\/td>\n<\/tr>\n<tr>\n<td width=\"234\" valign=\"top\"><span style=\"font-family: arial, helvetica, sans-serif; font-size: small;\">Max ci\u015bnienie wej\u015bciowe [bar]<\/span><\/td>\n<td style=\"text-align: center;\" width=\"217\" valign=\"top\"><span style=\"font-family: arial, helvetica, sans-serif; font-size: small;\">16<\/span><\/td>\n<\/tr>\n<tr>\n<td width=\"234\" valign=\"top\"><span style=\"font-family: arial, helvetica, sans-serif; font-size: small;\"> Napi\u0119cie zasilania [V] <\/span><\/td>\n<td style=\"text-align: center;\" width=\"217\" valign=\"top\"><span style=\"font-family: arial, helvetica, sans-serif; font-size: small;\"> 230 <\/span><\/td>\n<\/tr>\n<tr>\n<td width=\"234\" valign=\"top\"><span style=\"font-family: arial, helvetica, sans-serif; font-size: small;\"> Pob\u00f3r mocy [kW] <\/span><\/td>\n<td style=\"text-align: center;\" width=\"217\" valign=\"top\"><span style=\"font-family: arial, helvetica, sans-serif; font-size: small;\"> 1,11 <\/span><\/td>\n<\/tr>\n<tr>\n<td width=\"234\" valign=\"top\"><span style=\"font-family: arial, helvetica, sans-serif; font-size: small;\"> Waga [kg] <\/span><\/td>\n<td style=\"text-align: center;\" width=\"217\" valign=\"top\"><span style=\"font-family: arial, helvetica, sans-serif; font-size: small;\"> 90<br \/> <\/span><\/td>\n<\/tr>\n<tr>\n<td width=\"234\" valign=\"top\"><span style=\"font-family: arial, helvetica, sans-serif; font-size: small;\"> Wymiary [mm] <\/span><\/td>\n<td style=\"text-align: center;\" width=\"217\" valign=\"top\"><span style=\"font-family: arial, helvetica, sans-serif; font-size: small;\"> 405*685*1045 <\/span><\/td>\n<\/tr>\n<\/tbody>\n<\/table>\n","protected":false},"excerpt":{"rendered":"<p>Osuszacze ATS poprzez wbudowany uk\u0142ad ch\u0142odniczy separuj\u0105 par\u0119 wodn\u0105 zawart\u0105 w spr\u0119\u017conym powietrzu. Punkt rosy osi\u0105gany podczas pracy urz\u0105dzenia wynosi 3\u00b0C z tolerancj\u0105 1\u00b0C. Osuszacze ATS s\u0105 ca\u0142kowicie zautomatyzowane i zaprojektowane tak, aby do minimum zredukowa\u0107 czas potrzebny na obs\u0142ug\u0119. Czynno\u015bci zwi\u0105zane z rutynow\u0105 kontrol\u0105 zapewniaj\u0105 bezawaryjn\u0105 prac\u0119 urz\u0105dzenia. DANE TECHNICZNE: Wydajno\u015b\u0107 [l\/min] 6083 Wydajno\u015b\u0107 [&hellip;]<\/p>\n","protected":false},"featured_media":87115,"template":"","meta":{"inline_featured_image":false},"product_brand":[31235],"product_cat":[81,3342,31236],"product_tag":[],"class_list":{"0":"post-87114","1":"product","2":"type-product","3":"status-publish","4":"has-post-thumbnail","6":"product_brand-welder-fantasy","7":"product_cat-akcesoria-czesci","8":"product_cat-strefa-marki","9":"product_cat-welder-fantasy","11":"first","12":"instock","13":"purchasable","14":"product-type-simple"},"yoast_head":"<!-- This site is optimized with the Yoast SEO Premium plugin v27.0 (Yoast SEO v27.3) - https:\/\/yoast.com\/product\/yoast-seo-premium-wordpress\/ -->\n<title>Osuszacz ch\u0142odniczy ATS DGO 365 ISO4 6083l\/min 1.5&quot; - SpawLab - Welding equipment and plasma cutters - store and service<\/title>\n<meta name=\"description\" content=\"Lider sprzeda\u017cy, Oficjalny Dystrybutor Premium i Serwis na Polsk\u0119 Migatronic, Gys, Voestalpine Bohler Welding. Nowe i u\u017cywane Spawarki, Przecinarki Plazmowe, Kompresory. Mgr in\u017c. Jaros\u0142aw Ko\u0142aski, IWE\" \/>\n<meta name=\"robots\" content=\"index, follow, max-snippet:-1, max-image-preview:large, max-video-preview:-1\" \/>\n<link rel=\"canonical\" href=\"https:\/\/spawlab.pl\/en\/produkt\/osuszacz-chlodniczy-ats-dgo-365-iso4-6083l-min-1-5\/\" \/>\n<meta property=\"og:locale\" content=\"en_US\" \/>\n<meta property=\"og:type\" content=\"article\" \/>\n<meta property=\"og:title\" content=\"Osuszacz ch\u0142odniczy ATS DGO 365 ISO4 6083l\/min 1.5&quot;\" \/>\n<meta property=\"og:description\" content=\"Lider sprzeda\u017cy, Oficjalny Dystrybutor Premium i Serwis na Polsk\u0119 Migatronic, Gys, Voestalpine Bohler Welding. Nowe i u\u017cywane Spawarki, Przecinarki Plazmowe, Kompresory. Mgr in\u017c. Jaros\u0142aw Ko\u0142aski, IWE\" \/>\n<meta property=\"og:url\" content=\"https:\/\/spawlab.pl\/en\/produkt\/osuszacz-chlodniczy-ats-dgo-365-iso4-6083l-min-1-5\/\" \/>\n<meta property=\"og:site_name\" content=\"SpawLab - Welding equipment and plasma cutters - store and service\" \/>\n<meta property=\"article:publisher\" content=\"https:\/\/www.facebook.com\/Spawlab\/\" \/>\n<meta property=\"article:modified_time\" content=\"2026-02-11T09:16:55+00:00\" \/>\n<meta property=\"og:image\" content=\"https:\/\/spawlab.pl\/wp-content\/uploads\/2025\/12\/dgo365.jpg\" \/>\n\t<meta property=\"og:image:width\" content=\"1200\" \/>\n\t<meta property=\"og:image:height\" content=\"2286\" \/>\n\t<meta property=\"og:image:type\" content=\"image\/jpeg\" \/>\n<meta name=\"twitter:label1\" content=\"Price\" \/>\n\t<meta name=\"twitter:data1\" content=\"11 000,00&nbsp;&#122;&#322;\" \/>\n\t<meta name=\"twitter:label2\" content=\"Availability\" \/>\n\t<meta name=\"twitter:data2\" content=\"In stock\" \/>\n<script type=\"application\/ld+json\" class=\"yoast-schema-graph\">{\"@context\":\"https:\\\/\\\/schema.org\",\"@graph\":[{\"@type\":[\"WebPage\",\"ItemPage\"],\"@id\":\"https:\\\/\\\/spawlab.pl\\\/en\\\/produkt\\\/osuszacz-chlodniczy-ats-dgo-365-iso4-6083l-min-1-5\\\/\",\"url\":\"https:\\\/\\\/spawlab.pl\\\/en\\\/produkt\\\/osuszacz-chlodniczy-ats-dgo-365-iso4-6083l-min-1-5\\\/\",\"name\":\"Osuszacz ch\u0142odniczy ATS DGO 365 ISO4 6083l\\\/min 1.5\\\" - SpawLab - Welding equipment and plasma cutters - store and service\",\"isPartOf\":{\"@id\":\"https:\\\/\\\/spawlab.pl\\\/en\\\/#website\"},\"primaryImageOfPage\":{\"@id\":\"https:\\\/\\\/spawlab.pl\\\/en\\\/produkt\\\/osuszacz-chlodniczy-ats-dgo-365-iso4-6083l-min-1-5\\\/#primaryimage\"},\"image\":{\"@id\":\"https:\\\/\\\/spawlab.pl\\\/en\\\/produkt\\\/osuszacz-chlodniczy-ats-dgo-365-iso4-6083l-min-1-5\\\/#primaryimage\"},\"thumbnailUrl\":\"https:\\\/\\\/spawlab.pl\\\/wp-content\\\/uploads\\\/2025\\\/12\\\/dgo365.jpg\",\"datePublished\":\"2026-02-11T09:16:36+00:00\",\"dateModified\":\"2026-02-11T09:16:55+00:00\",\"description\":\"Lider sprzeda\u017cy, Oficjalny Dystrybutor Premium i Serwis na Polsk\u0119 Migatronic, Gys, Voestalpine Bohler Welding. Nowe i u\u017cywane Spawarki, Przecinarki Plazmowe, Kompresory. Mgr in\u017c. Jaros\u0142aw Ko\u0142aski, IWE\",\"breadcrumb\":{\"@id\":\"https:\\\/\\\/spawlab.pl\\\/en\\\/produkt\\\/osuszacz-chlodniczy-ats-dgo-365-iso4-6083l-min-1-5\\\/#breadcrumb\"},\"inLanguage\":\"en-US\",\"potentialAction\":[{\"@type\":\"ReadAction\",\"target\":[\"https:\\\/\\\/spawlab.pl\\\/en\\\/produkt\\\/osuszacz-chlodniczy-ats-dgo-365-iso4-6083l-min-1-5\\\/\"]}]},{\"@type\":\"ImageObject\",\"inLanguage\":\"en-US\",\"@id\":\"https:\\\/\\\/spawlab.pl\\\/en\\\/produkt\\\/osuszacz-chlodniczy-ats-dgo-365-iso4-6083l-min-1-5\\\/#primaryimage\",\"url\":\"https:\\\/\\\/spawlab.pl\\\/wp-content\\\/uploads\\\/2025\\\/12\\\/dgo365.jpg\",\"contentUrl\":\"https:\\\/\\\/spawlab.pl\\\/wp-content\\\/uploads\\\/2025\\\/12\\\/dgo365.jpg\",\"width\":1200,\"height\":2286},{\"@type\":\"BreadcrumbList\",\"@id\":\"https:\\\/\\\/spawlab.pl\\\/en\\\/produkt\\\/osuszacz-chlodniczy-ats-dgo-365-iso4-6083l-min-1-5\\\/#breadcrumb\",\"itemListElement\":[{\"@type\":\"ListItem\",\"position\":1,\"name\":\"Strona g\u0142\u00f3wna\",\"item\":\"https:\\\/\\\/spawlab.pl\\\/en\\\/\"},{\"@type\":\"ListItem\",\"position\":2,\"name\":\"Store\",\"item\":\"https:\\\/\\\/spawlab.pl\\\/en\\\/shop\\\/\"},{\"@type\":\"ListItem\",\"position\":3,\"name\":\"Osuszacz ch\u0142odniczy ATS DGO 365 ISO4 6083l\\\/min 1.5&#8243;\"}]},{\"@type\":\"WebSite\",\"@id\":\"https:\\\/\\\/spawlab.pl\\\/en\\\/#website\",\"url\":\"https:\\\/\\\/spawlab.pl\\\/en\\\/\",\"name\":\"Spawlab.pl Lider - Spawarki, Przecinarki Plazmowe, Kompresory\",\"description\":\"Urz\u0105dzenia spawalnicze i Przecinarki plazmowe\\\/ nowe i u\u017cywane \\\/ Profesjonalny serwis\",\"publisher\":{\"@id\":\"https:\\\/\\\/spawlab.pl\\\/en\\\/#organization\"},\"alternateName\":\"Spawlab.pl - Dystrybutor Premium i Serwis na Polske Migatronic, Gys, Voestalpine Bohler Welding\",\"potentialAction\":[{\"@type\":\"SearchAction\",\"target\":{\"@type\":\"EntryPoint\",\"urlTemplate\":\"https:\\\/\\\/spawlab.pl\\\/en\\\/?s={search_term_string}\"},\"query-input\":{\"@type\":\"PropertyValueSpecification\",\"valueRequired\":true,\"valueName\":\"search_term_string\"}}],\"inLanguage\":\"en-US\"},{\"@type\":[\"Organization\",\"Place\"],\"@id\":\"https:\\\/\\\/spawlab.pl\\\/en\\\/#organization\",\"name\":\"Spawlab.pl\",\"url\":\"https:\\\/\\\/spawlab.pl\\\/en\\\/\",\"logo\":{\"@id\":\"https:\\\/\\\/spawlab.pl\\\/en\\\/produkt\\\/osuszacz-chlodniczy-ats-dgo-365-iso4-6083l-min-1-5\\\/#local-main-organization-logo\"},\"image\":{\"@id\":\"https:\\\/\\\/spawlab.pl\\\/en\\\/produkt\\\/osuszacz-chlodniczy-ats-dgo-365-iso4-6083l-min-1-5\\\/#local-main-organization-logo\"},\"sameAs\":[\"https:\\\/\\\/www.facebook.com\\\/Spawlab\\\/\",\"https:\\\/\\\/www.linkedin.com\\\/company\\\/spawlab\",\"https:\\\/\\\/www.instagram.com\\\/spawlab.pl\",\"https:\\\/\\\/www.tiktok.com\\\/@spawlab\"],\"description\":\"Lider sprzeda\u017cy, Oficjalny Dystrybutor Premium i Serwis na Polsk\u0119 Migatronic, Gys, Voestalpine Bohler Welding. Nowe i u\u017cywane Spawarki, Przecinarki Plazmowe, Kompresory. Mgr in\u017c. Jaros\u0142aw Ko\u0142aski, IWE\",\"hasMerchantReturnPolicy\":{\"@type\":\"MerchantReturnPolicy\",\"merchantReturnLink\":\"https:\\\/\\\/spawlab.pl\\\/polityka-prywatnosci-2\\\/\"},\"telephone\":[],\"openingHoursSpecification\":[{\"@type\":\"OpeningHoursSpecification\",\"dayOfWeek\":[\"Monday\",\"Tuesday\",\"Wednesday\",\"Thursday\",\"Friday\",\"Saturday\",\"Sunday\"],\"opens\":\"09:00\",\"closes\":\"17:00\"}]},{\"@type\":\"ImageObject\",\"inLanguage\":\"en-US\",\"@id\":\"https:\\\/\\\/spawlab.pl\\\/en\\\/produkt\\\/osuszacz-chlodniczy-ats-dgo-365-iso4-6083l-min-1-5\\\/#local-main-organization-logo\",\"url\":\"https:\\\/\\\/spawlab.pl\\\/wp-content\\\/uploads\\\/2022\\\/01\\\/olx.jpg\",\"contentUrl\":\"https:\\\/\\\/spawlab.pl\\\/wp-content\\\/uploads\\\/2022\\\/01\\\/olx.jpg\",\"width\":200,\"height\":200,\"caption\":\"Spawlab.pl\"}]}<\/script>\n<meta property=\"product:price:amount\" content=\"11000.00\" \/>\n<meta property=\"product:price:currency\" content=\"PLN\" \/>\n<meta property=\"og:availability\" content=\"instock\" \/>\n<meta property=\"product:availability\" content=\"instock\" \/>\n<meta property=\"product:retailer_item_id\" content=\"DGO365\" \/>\n<meta property=\"product:condition\" content=\"new\" \/>\n<!-- \/ Yoast SEO Premium plugin. -->","yoast_head_json":{"title":"Osuszacz ch\u0142odniczy ATS DGO 365 ISO4 6083l\/min 1.5\" - SpawLab - Welding equipment and plasma cutters - store and service","description":"Lider sprzeda\u017cy, Oficjalny Dystrybutor Premium i Serwis na Polsk\u0119 Migatronic, Gys, Voestalpine Bohler Welding. Nowe i u\u017cywane Spawarki, Przecinarki Plazmowe, Kompresory. Mgr in\u017c. Jaros\u0142aw Ko\u0142aski, IWE","robots":{"index":"index","follow":"follow","max-snippet":"max-snippet:-1","max-image-preview":"max-image-preview:large","max-video-preview":"max-video-preview:-1"},"canonical":"https:\/\/spawlab.pl\/en\/produkt\/osuszacz-chlodniczy-ats-dgo-365-iso4-6083l-min-1-5\/","og_locale":"en_US","og_type":"article","og_title":"Osuszacz ch\u0142odniczy ATS DGO 365 ISO4 6083l\/min 1.5\"","og_description":"Lider sprzeda\u017cy, Oficjalny Dystrybutor Premium i Serwis na Polsk\u0119 Migatronic, Gys, Voestalpine Bohler Welding. Nowe i u\u017cywane Spawarki, Przecinarki Plazmowe, Kompresory. Mgr in\u017c. Jaros\u0142aw Ko\u0142aski, IWE","og_url":"https:\/\/spawlab.pl\/en\/produkt\/osuszacz-chlodniczy-ats-dgo-365-iso4-6083l-min-1-5\/","og_site_name":"SpawLab - Welding equipment and plasma cutters - store and service","article_publisher":"https:\/\/www.facebook.com\/Spawlab\/","article_modified_time":"2026-02-11T09:16:55+00:00","og_image":[{"width":1200,"height":2286,"url":"https:\/\/spawlab.pl\/wp-content\/uploads\/2025\/12\/dgo365.jpg","type":"image\/jpeg"}],"twitter_misc":{"Price":"11 000,00&nbsp;&#122;&#322;","Availability":"In stock"},"schema":{"@context":"https:\/\/schema.org","@graph":[{"@type":["WebPage","ItemPage"],"@id":"https:\/\/spawlab.pl\/en\/produkt\/osuszacz-chlodniczy-ats-dgo-365-iso4-6083l-min-1-5\/","url":"https:\/\/spawlab.pl\/en\/produkt\/osuszacz-chlodniczy-ats-dgo-365-iso4-6083l-min-1-5\/","name":"Osuszacz ch\u0142odniczy ATS DGO 365 ISO4 6083l\/min 1.5\" - SpawLab - Welding equipment and plasma cutters - store and service","isPartOf":{"@id":"https:\/\/spawlab.pl\/en\/#website"},"primaryImageOfPage":{"@id":"https:\/\/spawlab.pl\/en\/produkt\/osuszacz-chlodniczy-ats-dgo-365-iso4-6083l-min-1-5\/#primaryimage"},"image":{"@id":"https:\/\/spawlab.pl\/en\/produkt\/osuszacz-chlodniczy-ats-dgo-365-iso4-6083l-min-1-5\/#primaryimage"},"thumbnailUrl":"https:\/\/spawlab.pl\/wp-content\/uploads\/2025\/12\/dgo365.jpg","datePublished":"2026-02-11T09:16:36+00:00","dateModified":"2026-02-11T09:16:55+00:00","description":"Lider sprzeda\u017cy, Oficjalny Dystrybutor Premium i Serwis na Polsk\u0119 Migatronic, Gys, Voestalpine Bohler Welding. Nowe i u\u017cywane Spawarki, Przecinarki Plazmowe, Kompresory. Mgr in\u017c. Jaros\u0142aw Ko\u0142aski, IWE","breadcrumb":{"@id":"https:\/\/spawlab.pl\/en\/produkt\/osuszacz-chlodniczy-ats-dgo-365-iso4-6083l-min-1-5\/#breadcrumb"},"inLanguage":"en-US","potentialAction":[{"@type":"ReadAction","target":["https:\/\/spawlab.pl\/en\/produkt\/osuszacz-chlodniczy-ats-dgo-365-iso4-6083l-min-1-5\/"]}]},{"@type":"ImageObject","inLanguage":"en-US","@id":"https:\/\/spawlab.pl\/en\/produkt\/osuszacz-chlodniczy-ats-dgo-365-iso4-6083l-min-1-5\/#primaryimage","url":"https:\/\/spawlab.pl\/wp-content\/uploads\/2025\/12\/dgo365.jpg","contentUrl":"https:\/\/spawlab.pl\/wp-content\/uploads\/2025\/12\/dgo365.jpg","width":1200,"height":2286},{"@type":"BreadcrumbList","@id":"https:\/\/spawlab.pl\/en\/produkt\/osuszacz-chlodniczy-ats-dgo-365-iso4-6083l-min-1-5\/#breadcrumb","itemListElement":[{"@type":"ListItem","position":1,"name":"Strona g\u0142\u00f3wna","item":"https:\/\/spawlab.pl\/en\/"},{"@type":"ListItem","position":2,"name":"Store","item":"https:\/\/spawlab.pl\/en\/shop\/"},{"@type":"ListItem","position":3,"name":"Osuszacz ch\u0142odniczy ATS DGO 365 ISO4 6083l\/min 1.5&#8243;"}]},{"@type":"WebSite","@id":"https:\/\/spawlab.pl\/en\/#website","url":"https:\/\/spawlab.pl\/en\/","name":"Spawlab.pl Lider - Spawarki, Przecinarki Plazmowe, Kompresory","description":"Urz\u0105dzenia spawalnicze i Przecinarki plazmowe\/ nowe i u\u017cywane \/ Profesjonalny serwis","publisher":{"@id":"https:\/\/spawlab.pl\/en\/#organization"},"alternateName":"Spawlab.pl - Dystrybutor Premium i Serwis na Polske Migatronic, Gys, Voestalpine Bohler Welding","potentialAction":[{"@type":"SearchAction","target":{"@type":"EntryPoint","urlTemplate":"https:\/\/spawlab.pl\/en\/?s={search_term_string}"},"query-input":{"@type":"PropertyValueSpecification","valueRequired":true,"valueName":"search_term_string"}}],"inLanguage":"en-US"},{"@type":["Organization","Place"],"@id":"https:\/\/spawlab.pl\/en\/#organization","name":"Spawlab.pl","url":"https:\/\/spawlab.pl\/en\/","logo":{"@id":"https:\/\/spawlab.pl\/en\/produkt\/osuszacz-chlodniczy-ats-dgo-365-iso4-6083l-min-1-5\/#local-main-organization-logo"},"image":{"@id":"https:\/\/spawlab.pl\/en\/produkt\/osuszacz-chlodniczy-ats-dgo-365-iso4-6083l-min-1-5\/#local-main-organization-logo"},"sameAs":["https:\/\/www.facebook.com\/Spawlab\/","https:\/\/www.linkedin.com\/company\/spawlab","https:\/\/www.instagram.com\/spawlab.pl","https:\/\/www.tiktok.com\/@spawlab"],"description":"Lider sprzeda\u017cy, Oficjalny Dystrybutor Premium i Serwis na Polsk\u0119 Migatronic, Gys, Voestalpine Bohler Welding. Nowe i u\u017cywane Spawarki, Przecinarki Plazmowe, Kompresory. Mgr in\u017c. Jaros\u0142aw Ko\u0142aski, IWE","hasMerchantReturnPolicy":{"@type":"MerchantReturnPolicy","merchantReturnLink":"https:\/\/spawlab.pl\/polityka-prywatnosci-2\/"},"telephone":[],"openingHoursSpecification":[{"@type":"OpeningHoursSpecification","dayOfWeek":["Monday","Tuesday","Wednesday","Thursday","Friday","Saturday","Sunday"],"opens":"09:00","closes":"17:00"}]},{"@type":"ImageObject","inLanguage":"en-US","@id":"https:\/\/spawlab.pl\/en\/produkt\/osuszacz-chlodniczy-ats-dgo-365-iso4-6083l-min-1-5\/#local-main-organization-logo","url":"https:\/\/spawlab.pl\/wp-content\/uploads\/2022\/01\/olx.jpg","contentUrl":"https:\/\/spawlab.pl\/wp-content\/uploads\/2022\/01\/olx.jpg","width":200,"height":200,"caption":"Spawlab.pl"}]},"product_price_amount":"11000.00","product_price_currency":"PLN","og_availability":"instock","product_availability":"instock","product_retailer_item_id":"DGO365","product_condition":"new"},"_links":{"self":[{"href":"https:\/\/spawlab.pl\/en\/wp-json\/wp\/v2\/product\/87114","targetHints":{"allow":["GET"]}}],"collection":[{"href":"https:\/\/spawlab.pl\/en\/wp-json\/wp\/v2\/product"}],"about":[{"href":"https:\/\/spawlab.pl\/en\/wp-json\/wp\/v2\/types\/product"}],"wp:featuredmedia":[{"embeddable":true,"href":"https:\/\/spawlab.pl\/en\/wp-json\/wp\/v2\/media\/87115"}],"wp:attachment":[{"href":"https:\/\/spawlab.pl\/en\/wp-json\/wp\/v2\/media?parent=87114"}],"wp:term":[{"taxonomy":"product_brand","embeddable":true,"href":"https:\/\/spawlab.pl\/en\/wp-json\/wp\/v2\/product_brand?post=87114"},{"taxonomy":"product_cat","embeddable":true,"href":"https:\/\/spawlab.pl\/en\/wp-json\/wp\/v2\/product_cat?post=87114"},{"taxonomy":"product_tag","embeddable":true,"href":"https:\/\/spawlab.pl\/en\/wp-json\/wp\/v2\/product_tag?post=87114"}],"curies":[{"name":"wp","href":"https:\/\/api.w.org\/{rel}","templated":true}]}}