{"id":88082,"date":"2026-02-11T11:00:05","date_gmt":"2026-02-11T10:00:05","guid":{"rendered":"https:\/\/spawlab.pl\/produkt\/spawalniczy-katownik-magnetyczny-z-wlacznikiem\/"},"modified":"2026-02-11T11:00:26","modified_gmt":"2026-02-11T10:00:26","slug":"spawalniczy-katownik-magnetyczny-z-wlacznikiem","status":"publish","type":"product","link":"https:\/\/spawlab.pl\/en\/produkt\/spawalniczy-katownik-magnetyczny-z-wlacznikiem\/","title":{"rendered":"Spawalniczy k\u0105townik magnetyczny z w\u0142\u0105cznikiem"},"content":{"rendered":"<p>\u00a0<\/p>\n<p>\u00a0<\/p>\n<p><span style=\"font-family: arial,helvetica,sans-serif; font-size: small;\">Profesjonalny k\u0105townik magnetyczny <strong>WM5-S <\/strong>z wy\u0142\u0105cznikiem  znajduje  zastosowanie przy obr\u00f3bce i spawaniu metali.\u00a0 Pozwala na  stabilne utrzymanie materia\u0142\u00f3w pod k\u0105tem prostym przy  r\u00f3\u017cnego rodzaju  pracach, takich jak spawanie, monta\u017c, lutowanie itp.<\/span><\/p>\n<p><span style=\"font-family: arial,helvetica,sans-serif; font-size: small;\"><br \/><\/span><\/p>\n<p><span style=\"font-family: arial,helvetica,sans-serif; font-size: small;\">&#8211; k\u0105townik posiada wy\u0142\u0105cznik, kt\u00f3ry umo\u017cliwia kontrolowanie dzia\u0142ania<\/span><span style=\"font-family: arial,helvetica,sans-serif; font-size: small;\"> magnesu,<br \/><\/span><br \/><span style=\"font-family: arial,helvetica,sans-serif; font-size: small;\">&#8211; wy\u0142\u0105cznik umo\u017cliwia swobodne ustawienie k\u0105townika we w\u0142a\u015bciwej pozycji, a nast\u0119pnie \u0142atwe i bezpieczne w\u0142\u0105czenie magnesu,<\/span><span style=\"font-family: arial,helvetica,sans-serif; font-size: small;\"> <\/span><\/p>\n<p><span style=\"font-family: arial,helvetica,sans-serif; font-size: small;\">&#8211; doskonale nadaje si\u0119 do prac wymagaj\u0105cych bardzo silnego utrzymania p\u0142askich i okr\u0105g\u0142ych powierzchni metalowych,<\/span><\/p>\n<p>\u00a0<\/p>\n<p><span style=\"font-family: arial,helvetica,sans-serif; font-size: small;\">&#8211; k\u0105townik umo\u017cliwia prac\u0119 pod r\u00f3\u017cnymi k\u0105tami: 45\u00b0, 60<span style=\"font-family: arial,helvetica,sans-serif; font-size: small;\">\u00b0, 90<span style=\"font-family: arial,helvetica,sans-serif; font-size: small;\">\u00b0, 110<span style=\"font-family: arial,helvetica,sans-serif; font-size: small;\">\u00b0, 115<span style=\"font-family: arial,helvetica,sans-serif; font-size: small;\">\u00b0, 165<span style=\"font-family: arial,helvetica,sans-serif; font-size: small;\">\u00b0.<\/span><\/span><\/span><\/span><\/span><\/span><\/p>\n<p>\u00a0<\/p>\n<p><span style=\"font-family: arial,helvetica,sans-serif; font-size: small;\">&#8211; ud\u017awig max 30kg,<\/span><\/p>\n<p><span style=\"font-family: arial,helvetica,sans-serif; font-size: small;\"><br \/>&#8211; wymiary: 110 x 110 x 25mm.<\/span><\/p>\n","protected":false},"excerpt":{"rendered":"<p>\u00a0 \u00a0 Profesjonalny k\u0105townik magnetyczny WM5-S z wy\u0142\u0105cznikiem znajduje zastosowanie przy obr\u00f3bce i spawaniu metali.\u00a0 Pozwala na stabilne utrzymanie materia\u0142\u00f3w pod k\u0105tem prostym przy r\u00f3\u017cnego rodzaju pracach, takich jak spawanie, monta\u017c, lutowanie itp. &#8211; k\u0105townik posiada wy\u0142\u0105cznik, kt\u00f3ry umo\u017cliwia kontrolowanie dzia\u0142ania magnesu,&#8211; wy\u0142\u0105cznik umo\u017cliwia swobodne ustawienie k\u0105townika we w\u0142a\u015bciwej pozycji, a nast\u0119pnie \u0142atwe i bezpieczne [&hellip;]<\/p>\n","protected":false},"featured_media":85782,"template":"","meta":{"inline_featured_image":false},"product_brand":[31235],"product_cat":[81,3342,31236],"product_tag":[],"class_list":{"0":"post-88082","1":"product","2":"type-product","3":"status-publish","4":"has-post-thumbnail","6":"product_brand-welder-fantasy","7":"product_cat-akcesoria-czesci","8":"product_cat-strefa-marki","9":"product_cat-welder-fantasy","11":"first","12":"outofstock","13":"purchasable","14":"product-type-simple"},"yoast_head":"<!-- This site is optimized with the Yoast SEO Premium plugin v27.0 (Yoast SEO v27.3) - https:\/\/yoast.com\/product\/yoast-seo-premium-wordpress\/ -->\n<title>Spawalniczy k\u0105townik magnetyczny z w\u0142\u0105cznikiem - SpawLab - Welding equipment and plasma cutters - store and service<\/title>\n<meta name=\"description\" content=\"Lider sprzeda\u017cy, Oficjalny Dystrybutor Premium i Serwis na Polsk\u0119 Migatronic, Gys, Voestalpine Bohler Welding. Nowe i u\u017cywane Spawarki, Przecinarki Plazmowe, Kompresory. Mgr in\u017c. Jaros\u0142aw Ko\u0142aski, IWE\" \/>\n<meta name=\"robots\" content=\"index, follow, max-snippet:-1, max-image-preview:large, max-video-preview:-1\" \/>\n<link rel=\"canonical\" href=\"https:\/\/spawlab.pl\/en\/produkt\/spawalniczy-katownik-magnetyczny-z-wlacznikiem\/\" \/>\n<meta property=\"og:locale\" content=\"en_US\" \/>\n<meta property=\"og:type\" content=\"article\" \/>\n<meta property=\"og:title\" content=\"Spawalniczy k\u0105townik magnetyczny z w\u0142\u0105cznikiem\" \/>\n<meta property=\"og:description\" content=\"Lider sprzeda\u017cy, Oficjalny Dystrybutor Premium i Serwis na Polsk\u0119 Migatronic, Gys, Voestalpine Bohler Welding. Nowe i u\u017cywane Spawarki, Przecinarki Plazmowe, Kompresory. Mgr in\u017c. Jaros\u0142aw Ko\u0142aski, IWE\" \/>\n<meta property=\"og:url\" content=\"https:\/\/spawlab.pl\/en\/produkt\/spawalniczy-katownik-magnetyczny-z-wlacznikiem\/\" \/>\n<meta property=\"og:site_name\" content=\"SpawLab - Welding equipment and plasma cutters - store and service\" \/>\n<meta property=\"article:publisher\" content=\"https:\/\/www.facebook.com\/Spawlab\/\" \/>\n<meta property=\"article:modified_time\" content=\"2026-02-11T10:00:26+00:00\" \/>\n<meta property=\"og:image\" content=\"https:\/\/spawlab.pl\/wp-content\/uploads\/2025\/12\/czs90.5.jpg\" \/>\n\t<meta property=\"og:image:width\" content=\"1691\" \/>\n\t<meta property=\"og:image:height\" content=\"1600\" \/>\n\t<meta property=\"og:image:type\" content=\"image\/jpeg\" \/>\n<meta name=\"twitter:label1\" content=\"Price\" \/>\n\t<meta name=\"twitter:data1\" content=\"200,00&nbsp;&#122;&#322;\" \/>\n\t<meta name=\"twitter:label2\" content=\"Availability\" \/>\n\t<meta name=\"twitter:data2\" content=\"Out of stock\" \/>\n<script type=\"application\/ld+json\" class=\"yoast-schema-graph\">{\"@context\":\"https:\\\/\\\/schema.org\",\"@graph\":[{\"@type\":[\"WebPage\",\"ItemPage\"],\"@id\":\"https:\\\/\\\/spawlab.pl\\\/en\\\/produkt\\\/spawalniczy-katownik-magnetyczny-z-wlacznikiem\\\/\",\"url\":\"https:\\\/\\\/spawlab.pl\\\/en\\\/produkt\\\/spawalniczy-katownik-magnetyczny-z-wlacznikiem\\\/\",\"name\":\"Spawalniczy k\u0105townik magnetyczny z w\u0142\u0105cznikiem - SpawLab - Welding equipment and plasma cutters - store and service\",\"isPartOf\":{\"@id\":\"https:\\\/\\\/spawlab.pl\\\/en\\\/#website\"},\"primaryImageOfPage\":{\"@id\":\"https:\\\/\\\/spawlab.pl\\\/en\\\/produkt\\\/spawalniczy-katownik-magnetyczny-z-wlacznikiem\\\/#primaryimage\"},\"image\":{\"@id\":\"https:\\\/\\\/spawlab.pl\\\/en\\\/produkt\\\/spawalniczy-katownik-magnetyczny-z-wlacznikiem\\\/#primaryimage\"},\"thumbnailUrl\":\"https:\\\/\\\/spawlab.pl\\\/wp-content\\\/uploads\\\/2025\\\/12\\\/czs90.5.jpg\",\"datePublished\":\"2026-02-11T10:00:05+00:00\",\"dateModified\":\"2026-02-11T10:00:26+00:00\",\"description\":\"Lider sprzeda\u017cy, Oficjalny Dystrybutor Premium i Serwis na Polsk\u0119 Migatronic, Gys, Voestalpine Bohler Welding. Nowe i u\u017cywane Spawarki, Przecinarki Plazmowe, Kompresory. Mgr in\u017c. Jaros\u0142aw Ko\u0142aski, IWE\",\"breadcrumb\":{\"@id\":\"https:\\\/\\\/spawlab.pl\\\/en\\\/produkt\\\/spawalniczy-katownik-magnetyczny-z-wlacznikiem\\\/#breadcrumb\"},\"inLanguage\":\"en-US\",\"potentialAction\":[{\"@type\":\"ReadAction\",\"target\":[\"https:\\\/\\\/spawlab.pl\\\/en\\\/produkt\\\/spawalniczy-katownik-magnetyczny-z-wlacznikiem\\\/\"]}]},{\"@type\":\"ImageObject\",\"inLanguage\":\"en-US\",\"@id\":\"https:\\\/\\\/spawlab.pl\\\/en\\\/produkt\\\/spawalniczy-katownik-magnetyczny-z-wlacznikiem\\\/#primaryimage\",\"url\":\"https:\\\/\\\/spawlab.pl\\\/wp-content\\\/uploads\\\/2025\\\/12\\\/czs90.5.jpg\",\"contentUrl\":\"https:\\\/\\\/spawlab.pl\\\/wp-content\\\/uploads\\\/2025\\\/12\\\/czs90.5.jpg\",\"width\":1691,\"height\":1600},{\"@type\":\"BreadcrumbList\",\"@id\":\"https:\\\/\\\/spawlab.pl\\\/en\\\/produkt\\\/spawalniczy-katownik-magnetyczny-z-wlacznikiem\\\/#breadcrumb\",\"itemListElement\":[{\"@type\":\"ListItem\",\"position\":1,\"name\":\"Strona g\u0142\u00f3wna\",\"item\":\"https:\\\/\\\/spawlab.pl\\\/en\\\/\"},{\"@type\":\"ListItem\",\"position\":2,\"name\":\"Store\",\"item\":\"https:\\\/\\\/spawlab.pl\\\/en\\\/shop\\\/\"},{\"@type\":\"ListItem\",\"position\":3,\"name\":\"Spawalniczy k\u0105townik magnetyczny z w\u0142\u0105cznikiem\"}]},{\"@type\":\"WebSite\",\"@id\":\"https:\\\/\\\/spawlab.pl\\\/en\\\/#website\",\"url\":\"https:\\\/\\\/spawlab.pl\\\/en\\\/\",\"name\":\"Spawlab.pl Lider - Spawarki, Przecinarki Plazmowe, Kompresory\",\"description\":\"Urz\u0105dzenia spawalnicze i Przecinarki plazmowe\\\/ nowe i u\u017cywane \\\/ Profesjonalny serwis\",\"publisher\":{\"@id\":\"https:\\\/\\\/spawlab.pl\\\/en\\\/#organization\"},\"alternateName\":\"Spawlab.pl - Dystrybutor Premium i Serwis na Polske Migatronic, Gys, Voestalpine Bohler Welding\",\"potentialAction\":[{\"@type\":\"SearchAction\",\"target\":{\"@type\":\"EntryPoint\",\"urlTemplate\":\"https:\\\/\\\/spawlab.pl\\\/en\\\/?s={search_term_string}\"},\"query-input\":{\"@type\":\"PropertyValueSpecification\",\"valueRequired\":true,\"valueName\":\"search_term_string\"}}],\"inLanguage\":\"en-US\"},{\"@type\":[\"Organization\",\"Place\"],\"@id\":\"https:\\\/\\\/spawlab.pl\\\/en\\\/#organization\",\"name\":\"Spawlab.pl\",\"url\":\"https:\\\/\\\/spawlab.pl\\\/en\\\/\",\"logo\":{\"@id\":\"https:\\\/\\\/spawlab.pl\\\/en\\\/produkt\\\/spawalniczy-katownik-magnetyczny-z-wlacznikiem\\\/#local-main-organization-logo\"},\"image\":{\"@id\":\"https:\\\/\\\/spawlab.pl\\\/en\\\/produkt\\\/spawalniczy-katownik-magnetyczny-z-wlacznikiem\\\/#local-main-organization-logo\"},\"sameAs\":[\"https:\\\/\\\/www.facebook.com\\\/Spawlab\\\/\",\"https:\\\/\\\/www.linkedin.com\\\/company\\\/spawlab\",\"https:\\\/\\\/www.instagram.com\\\/spawlab.pl\",\"https:\\\/\\\/www.tiktok.com\\\/@spawlab\"],\"description\":\"Lider sprzeda\u017cy, Oficjalny Dystrybutor Premium i Serwis na Polsk\u0119 Migatronic, Gys, Voestalpine Bohler Welding. Nowe i u\u017cywane Spawarki, Przecinarki Plazmowe, Kompresory. Mgr in\u017c. Jaros\u0142aw Ko\u0142aski, IWE\",\"hasMerchantReturnPolicy\":{\"@type\":\"MerchantReturnPolicy\",\"merchantReturnLink\":\"https:\\\/\\\/spawlab.pl\\\/polityka-prywatnosci-2\\\/\"},\"telephone\":[],\"openingHoursSpecification\":[{\"@type\":\"OpeningHoursSpecification\",\"dayOfWeek\":[\"Monday\",\"Tuesday\",\"Wednesday\",\"Thursday\",\"Friday\",\"Saturday\",\"Sunday\"],\"opens\":\"09:00\",\"closes\":\"17:00\"}]},{\"@type\":\"ImageObject\",\"inLanguage\":\"en-US\",\"@id\":\"https:\\\/\\\/spawlab.pl\\\/en\\\/produkt\\\/spawalniczy-katownik-magnetyczny-z-wlacznikiem\\\/#local-main-organization-logo\",\"url\":\"https:\\\/\\\/spawlab.pl\\\/wp-content\\\/uploads\\\/2022\\\/01\\\/olx.jpg\",\"contentUrl\":\"https:\\\/\\\/spawlab.pl\\\/wp-content\\\/uploads\\\/2022\\\/01\\\/olx.jpg\",\"width\":200,\"height\":200,\"caption\":\"Spawlab.pl\"}]}<\/script>\n<meta property=\"product:price:amount\" content=\"200.00\" \/>\n<meta property=\"product:price:currency\" content=\"PLN\" \/>\n<meta property=\"og:availability\" content=\"out of stock\" \/>\n<meta property=\"product:availability\" content=\"out of stock\" \/>\n<meta property=\"product:retailer_item_id\" content=\"CZS90.5\" \/>\n<meta property=\"product:condition\" content=\"new\" \/>\n<!-- \/ Yoast SEO Premium plugin. -->","yoast_head_json":{"title":"Spawalniczy k\u0105townik magnetyczny z w\u0142\u0105cznikiem - SpawLab - Welding equipment and plasma cutters - store and service","description":"Lider sprzeda\u017cy, Oficjalny Dystrybutor Premium i Serwis na Polsk\u0119 Migatronic, Gys, Voestalpine Bohler Welding. Nowe i u\u017cywane Spawarki, Przecinarki Plazmowe, Kompresory. Mgr in\u017c. Jaros\u0142aw Ko\u0142aski, IWE","robots":{"index":"index","follow":"follow","max-snippet":"max-snippet:-1","max-image-preview":"max-image-preview:large","max-video-preview":"max-video-preview:-1"},"canonical":"https:\/\/spawlab.pl\/en\/produkt\/spawalniczy-katownik-magnetyczny-z-wlacznikiem\/","og_locale":"en_US","og_type":"article","og_title":"Spawalniczy k\u0105townik magnetyczny z w\u0142\u0105cznikiem","og_description":"Lider sprzeda\u017cy, Oficjalny Dystrybutor Premium i Serwis na Polsk\u0119 Migatronic, Gys, Voestalpine Bohler Welding. Nowe i u\u017cywane Spawarki, Przecinarki Plazmowe, Kompresory. Mgr in\u017c. Jaros\u0142aw Ko\u0142aski, IWE","og_url":"https:\/\/spawlab.pl\/en\/produkt\/spawalniczy-katownik-magnetyczny-z-wlacznikiem\/","og_site_name":"SpawLab - Welding equipment and plasma cutters - store and service","article_publisher":"https:\/\/www.facebook.com\/Spawlab\/","article_modified_time":"2026-02-11T10:00:26+00:00","og_image":[{"width":1691,"height":1600,"url":"https:\/\/spawlab.pl\/wp-content\/uploads\/2025\/12\/czs90.5.jpg","type":"image\/jpeg"}],"twitter_misc":{"Price":"200,00&nbsp;&#122;&#322;","Availability":"Out of stock"},"schema":{"@context":"https:\/\/schema.org","@graph":[{"@type":["WebPage","ItemPage"],"@id":"https:\/\/spawlab.pl\/en\/produkt\/spawalniczy-katownik-magnetyczny-z-wlacznikiem\/","url":"https:\/\/spawlab.pl\/en\/produkt\/spawalniczy-katownik-magnetyczny-z-wlacznikiem\/","name":"Spawalniczy k\u0105townik magnetyczny z w\u0142\u0105cznikiem - SpawLab - Welding equipment and plasma cutters - store and service","isPartOf":{"@id":"https:\/\/spawlab.pl\/en\/#website"},"primaryImageOfPage":{"@id":"https:\/\/spawlab.pl\/en\/produkt\/spawalniczy-katownik-magnetyczny-z-wlacznikiem\/#primaryimage"},"image":{"@id":"https:\/\/spawlab.pl\/en\/produkt\/spawalniczy-katownik-magnetyczny-z-wlacznikiem\/#primaryimage"},"thumbnailUrl":"https:\/\/spawlab.pl\/wp-content\/uploads\/2025\/12\/czs90.5.jpg","datePublished":"2026-02-11T10:00:05+00:00","dateModified":"2026-02-11T10:00:26+00:00","description":"Lider sprzeda\u017cy, Oficjalny Dystrybutor Premium i Serwis na Polsk\u0119 Migatronic, Gys, Voestalpine Bohler Welding. Nowe i u\u017cywane Spawarki, Przecinarki Plazmowe, Kompresory. Mgr in\u017c. Jaros\u0142aw Ko\u0142aski, IWE","breadcrumb":{"@id":"https:\/\/spawlab.pl\/en\/produkt\/spawalniczy-katownik-magnetyczny-z-wlacznikiem\/#breadcrumb"},"inLanguage":"en-US","potentialAction":[{"@type":"ReadAction","target":["https:\/\/spawlab.pl\/en\/produkt\/spawalniczy-katownik-magnetyczny-z-wlacznikiem\/"]}]},{"@type":"ImageObject","inLanguage":"en-US","@id":"https:\/\/spawlab.pl\/en\/produkt\/spawalniczy-katownik-magnetyczny-z-wlacznikiem\/#primaryimage","url":"https:\/\/spawlab.pl\/wp-content\/uploads\/2025\/12\/czs90.5.jpg","contentUrl":"https:\/\/spawlab.pl\/wp-content\/uploads\/2025\/12\/czs90.5.jpg","width":1691,"height":1600},{"@type":"BreadcrumbList","@id":"https:\/\/spawlab.pl\/en\/produkt\/spawalniczy-katownik-magnetyczny-z-wlacznikiem\/#breadcrumb","itemListElement":[{"@type":"ListItem","position":1,"name":"Strona g\u0142\u00f3wna","item":"https:\/\/spawlab.pl\/en\/"},{"@type":"ListItem","position":2,"name":"Store","item":"https:\/\/spawlab.pl\/en\/shop\/"},{"@type":"ListItem","position":3,"name":"Spawalniczy k\u0105townik magnetyczny z w\u0142\u0105cznikiem"}]},{"@type":"WebSite","@id":"https:\/\/spawlab.pl\/en\/#website","url":"https:\/\/spawlab.pl\/en\/","name":"Spawlab.pl Lider - Spawarki, Przecinarki Plazmowe, Kompresory","description":"Urz\u0105dzenia spawalnicze i Przecinarki plazmowe\/ nowe i u\u017cywane \/ Profesjonalny serwis","publisher":{"@id":"https:\/\/spawlab.pl\/en\/#organization"},"alternateName":"Spawlab.pl - Dystrybutor Premium i Serwis na Polske Migatronic, Gys, Voestalpine Bohler Welding","potentialAction":[{"@type":"SearchAction","target":{"@type":"EntryPoint","urlTemplate":"https:\/\/spawlab.pl\/en\/?s={search_term_string}"},"query-input":{"@type":"PropertyValueSpecification","valueRequired":true,"valueName":"search_term_string"}}],"inLanguage":"en-US"},{"@type":["Organization","Place"],"@id":"https:\/\/spawlab.pl\/en\/#organization","name":"Spawlab.pl","url":"https:\/\/spawlab.pl\/en\/","logo":{"@id":"https:\/\/spawlab.pl\/en\/produkt\/spawalniczy-katownik-magnetyczny-z-wlacznikiem\/#local-main-organization-logo"},"image":{"@id":"https:\/\/spawlab.pl\/en\/produkt\/spawalniczy-katownik-magnetyczny-z-wlacznikiem\/#local-main-organization-logo"},"sameAs":["https:\/\/www.facebook.com\/Spawlab\/","https:\/\/www.linkedin.com\/company\/spawlab","https:\/\/www.instagram.com\/spawlab.pl","https:\/\/www.tiktok.com\/@spawlab"],"description":"Lider sprzeda\u017cy, Oficjalny Dystrybutor Premium i Serwis na Polsk\u0119 Migatronic, Gys, Voestalpine Bohler Welding. Nowe i u\u017cywane Spawarki, Przecinarki Plazmowe, Kompresory. Mgr in\u017c. Jaros\u0142aw Ko\u0142aski, IWE","hasMerchantReturnPolicy":{"@type":"MerchantReturnPolicy","merchantReturnLink":"https:\/\/spawlab.pl\/polityka-prywatnosci-2\/"},"telephone":[],"openingHoursSpecification":[{"@type":"OpeningHoursSpecification","dayOfWeek":["Monday","Tuesday","Wednesday","Thursday","Friday","Saturday","Sunday"],"opens":"09:00","closes":"17:00"}]},{"@type":"ImageObject","inLanguage":"en-US","@id":"https:\/\/spawlab.pl\/en\/produkt\/spawalniczy-katownik-magnetyczny-z-wlacznikiem\/#local-main-organization-logo","url":"https:\/\/spawlab.pl\/wp-content\/uploads\/2022\/01\/olx.jpg","contentUrl":"https:\/\/spawlab.pl\/wp-content\/uploads\/2022\/01\/olx.jpg","width":200,"height":200,"caption":"Spawlab.pl"}]},"product_price_amount":"200.00","product_price_currency":"PLN","og_availability":"out of stock","product_availability":"out of stock","product_retailer_item_id":"CZS90.5","product_condition":"new"},"_links":{"self":[{"href":"https:\/\/spawlab.pl\/en\/wp-json\/wp\/v2\/product\/88082","targetHints":{"allow":["GET"]}}],"collection":[{"href":"https:\/\/spawlab.pl\/en\/wp-json\/wp\/v2\/product"}],"about":[{"href":"https:\/\/spawlab.pl\/en\/wp-json\/wp\/v2\/types\/product"}],"wp:featuredmedia":[{"embeddable":true,"href":"https:\/\/spawlab.pl\/en\/wp-json\/wp\/v2\/media\/85782"}],"wp:attachment":[{"href":"https:\/\/spawlab.pl\/en\/wp-json\/wp\/v2\/media?parent=88082"}],"wp:term":[{"taxonomy":"product_brand","embeddable":true,"href":"https:\/\/spawlab.pl\/en\/wp-json\/wp\/v2\/product_brand?post=88082"},{"taxonomy":"product_cat","embeddable":true,"href":"https:\/\/spawlab.pl\/en\/wp-json\/wp\/v2\/product_cat?post=88082"},{"taxonomy":"product_tag","embeddable":true,"href":"https:\/\/spawlab.pl\/en\/wp-json\/wp\/v2\/product_tag?post=88082"}],"curies":[{"name":"wp","href":"https:\/\/api.w.org\/{rel}","templated":true}]}}