{"id":92593,"date":"2026-05-17T00:05:03","date_gmt":"2026-05-16T22:05:03","guid":{"rendered":"https:\/\/spawlab.pl\/produkt\/airpress-kompresor-pionowy-8-bar-2-5-km-1-8-kw-231-l-min-50-l-hl-360-50-2\/"},"modified":"2026-05-17T00:05:07","modified_gmt":"2026-05-16T22:05:07","slug":"airpress-kompresor-pionowy-8-bar-2-5-km-1-8-kw-231-l-min-50-l-hl-360-50-2","status":"publish","type":"product","link":"https:\/\/spawlab.pl\/en\/produkt\/airpress-kompresor-pionowy-8-bar-2-5-km-1-8-kw-231-l-min-50-l-hl-360-50-2\/","title":{"rendered":"Airpress Kompresor pionowy 8 bar 2.5 KM\/1.8 kW 231 l\/min 50 l HL 360-50"},"content":{"rendered":"<p>Szukasz kompresora, kt\u00f3ry zaspokoi podstawowe potrzeby w Twoim gospodarstwie domowym, a jednocze\u015bnie b\u0119dzie wydajny i trwa\u0142y? Potrzebujesz spr\u0119\u017carki, kt\u00f3ra sprosta wymaganiom zar\u00f3wno profesjonalist\u00f3w, jak i hobbyst\u00f3w? Model HL 360-50 jest idealnym rozwi\u0105zaniem dla Ciebie!<\/p>\n<p>Pomy\u015bl tylko, jak przyjemne mo\u017ce by\u0107 wykonywanie prac domowych z wykorzystaniem spr\u0119\u017conego powietrza! Model HL 360-50, czyli jednot\u0142okowy kompresor olejowy z nap\u0119dem bezpo\u015brednim, oferuje doskona\u0142\u0105 r\u00f3wnowag\u0119 pomi\u0119dzy wydajno\u015bci\u0105 a ekonomiczno\u015bci\u0105.<\/p>\n<div class=&quot;r&quot;>\n<div class=&quot;w-1\/2&quot;>\n        <center><img src=&quot;https:\/\/airpress.pl\/media\/wysiwyg\/36852_2d_0001_black.png&quot; width=&quot;350&quot; height=&quot;350&quot; alt=&quot;Kompresor&quot; \/><\/center>\n    <\/div>\n<div class=&quot;w-1\/2&quot;>\n<h2>Kompresor olejowy od Airpress &#8211; postaw na \u017cywotno\u015b\u0107!<\/h2>\n<p>Model HL 360-50 to <b>jednot\u0142okowy kompresor olejowy<\/b>, co oznacza, \u017ce blok t\u0142okowy spr\u0119\u017carki wymaga regularnego olejowania. Olej w kompresorze wp\u0142ywa na lepsze ch\u0142odzenie urz\u0105dzenia, oraz <b>zapewnia mniejsze tarcie komponent\u00f3w<\/b> spr\u0119\u017carki, co przek\u0142ada si\u0119 na wyd\u0142u\u017cenie pracy urz\u0105dzenia.<br \/>\n            Co wi\u0119cej, spr\u0119\u017carka olejowa charakteryzuje si\u0119 <b>d\u0142u\u017csz\u0105 \u017cywotno\u015bci\u0105<\/b> w por\u00f3wnaniu do kompresor\u00f3w bezolejowych, co jest to szczeg\u00f3lnie wa\u017cne dla u\u017cytkownik\u00f3w, kt\u00f3rzy planuj\u0105 korzysta\u0107 z kompresora regularnie, cho\u0107 niekoniecznie intensywnie.<\/p>\n<p><\/p>\n<p>Kompresor HL 360-50 jest <b>wyposa\u017cony w nap\u0119d bezpo\u015bredni,<\/b> co czyni go idealnym wyborem do sporadycznego u\u017cytkowania w podstawowych zastosowaniach. Nap\u0119d bezpo\u015bredni eliminuje konieczno\u015b\u0107 stosowania dodatkowych element\u00f3w takich jak pasy czy ko\u0142a pasowe, co z jednej strony upraszcza konstrukcj\u0119, a z drugiej obni\u017ca koszty eksploatacji i konserwacji. Dzi\u0119ki temu kompresor jest bardziej ekonomiczny, co jest kluczowe dla u\u017cytkownik\u00f3w domowych.<\/p>\n<\/p><\/div>\n<\/div>\n<h2>Pracuj efektywnie i bezpiecznie z kompresorem HL 360-50!<\/h2>\n<p>Jednym z kluczowych element\u00f3w kompresora HL 360-50 jest <b>specjalna os\u0142ona bloku spr\u0119\u017carkowego<\/b>. Takie rozwi\u0105zanie zwi\u0119ksza poziom bezpiecze\u0144stwa pracy, co jest szczeg\u00f3lnie istotne dla u\u017cytkownik\u00f3w, kt\u00f3rzy dopiero rozpoczynaj\u0105 swoj\u0105 prac\u0119 ze spr\u0119\u017conym powietrzem. Os\u0142ona chroni przed przypadkowym kontaktem z ruchomymi cz\u0119\u015bciami, co minimalizuje ryzyko wypadk\u00f3w. Dzi\u0119ki temu mo\u017cesz skupi\u0107 si\u0119 na wykonywaniu zada\u0144, maj\u0105c pewno\u015b\u0107, \u017ce Twoje bezpiecze\u0144stwo jest na pierwszym miejscu!<\/p>\n<p>Spr\u0119\u017carka HL 360-50 wyposa\u017cona jest r\u00f3wnie\u017c w <b>szybkoz\u0142\u0105cze uniwersalne<\/b> kt\u00f3re pozwala na bezproblemowe pod\u0142\u0105czenie narz\u0119dzi oraz akcesori\u00f3w pneumatycznych!<\/p>\n<div class=&quot;r&quot;>\n<div class=&quot;w-2\/3&quot;>\n<h2>Mobilny i kompaktowy czyli dbaj o swoj\u0105 przestrze\u0144!<\/h2>\n<p>Model HL 360-50 jest mobilny, co oznacza, \u017ce dzi\u0119ki <b>kompaktowej konstrukcji i wbudowanym k\u00f3\u0142kom, kompresor jest \u0142atwy w transporcie<\/b>, czy to po domu, warsztacie czy ogrodzie. Mo\u017cesz go bez trudu przewozi\u0107 tam, gdzie jest najbardziej potrzebny, co zwi\u0119ksza jego wszechstronno\u015b\u0107 i u\u017cyteczno\u015b\u0107. Kompresor HL 360-50 jest <b>modelem pionowym<\/b>, co jest najlepszym wyborem dla gospodarstw domowych, gara\u017cy i przydomowych warsztat\u00f3w o ograniczonej przestrzeni, gdy\u017c dzi\u0119ki pionowej konstrukcji spr\u0119\u017carka zajmuje mniej powierzchni u\u017cytkowe i jest \u0142atwiejsza w przechowywaniu!<\/p>\n<\/p><\/div>\n<div class=&quot;w-1\/3&quot;>\n<p>        <center><img src=&quot;https:\/\/airpress.pl\/media\/wysiwyg\/36852_2d_0019.png&quot; width=&quot;180&quot; height=&quot;180&quot; alt=&quot;Ko\u0142o&quot; \/><\/center>\n    <\/div>\n<\/div>\n<h2>Dlaczego warto wybra\u0107 spr\u0119\u017cark\u0119 HL 360-50 od Airpress?<\/h2>\n<p><b>Ci\u015bnienie na poziomie 8 bar<\/b> oraz wydajno\u015b\u0107 wynosz\u0105ca 231 l\/min pozwalaj\u0105 na <b>zasilanie narz\u0119dzi pneumatycznych o stosunkowo niskim zapotrzebowaniu na spr\u0119\u017cone powietrze i charakteryzuj\u0105cych si\u0119 prac\u0105 w kr\u00f3tkich cyklach, takich jak wkr\u0119tarki czy klucze pneumatyczne<\/b>. Kompresor HL 360-50 mo\u017cna r\u00f3wnie\u017c wykorzysta\u0107 do pompowania pi\u0142ek, materacy, opon w rowerze i samochodzie, oraz do przedmuchu urz\u0105dze\u0144 czy instalacji wodnych!<\/p>\n<p><b>Zbiornik o pojemno\u015bci 50 litr\u00f3w to doskona\u0142y wyb\u00f3r dla podstawowych zastosowa\u0144 w gospodarstwach domowych<\/b>. Taka pojemno\u015b\u0107 zapewnia odpowiedni\u0105 ilo\u015b\u0107 spr\u0119\u017conego powietrza do wykonywania podstawowych prac w d\u0142u\u017cszych cyklach. Dzi\u0119ki wi\u0119kszemu zbiornikowi kompresor mo\u017ce dzia\u0142a\u0107 bardziej efektywnie, co r\u00f3wnie\u017c przek\u0142ada si\u0119 na wyd\u0142u\u017cenie \u017cywotno\u015bci samej maszyny.<\/p>\n<p>Wydajno\u015b\u0107, ci\u015bnienie maksymalne oraz inne parametry kompresora HL 360-50 zapewniaj\u0105 wystarczaj\u0105c\u0105 moc, aby sprosta\u0107 codziennym wyzwaniom bez potrzeby inwestowania w bardziej zaawansowane i kosztowne urz\u0105dzenia! Nie czekaj, zainwestuj w kompresor HL 360-50 i odkryj, jak wiele mo\u017cesz zyska\u0107!<\/p>\n","protected":false},"excerpt":{"rendered":"<p>Szukasz kompresora, kt\u00f3ry zaspokoi podstawowe potrzeby w Twoim gospodarstwie domowym, a jednocze\u015bnie b\u0119dzie wydajny i trwa\u0142y? Potrzebujesz spr\u0119\u017carki, kt\u00f3ra sprosta wymaganiom zar\u00f3wno profesjonalist\u00f3w, jak i hobbyst\u00f3w? Model HL 360-50 jest idealnym rozwi\u0105zaniem dla Ciebie! Pomy\u015bl tylko, jak przyjemne mo\u017ce by\u0107 wykonywanie prac domowych z wykorzystaniem spr\u0119\u017conego powietrza! Model HL 360-50, czyli jednot\u0142okowy kompresor olejowy z [&hellip;]<\/p>\n","protected":false},"featured_media":71813,"template":"","meta":{"inline_featured_image":false},"product_brand":[1038],"product_cat":[26025,1037,81,27908,16,343,3342],"product_tag":[],"class_list":{"0":"post-92593","1":"product","2":"type-product","3":"status-publish","4":"has-post-thumbnail","6":"product_brand-airpress","7":"product_cat-airpress","8":"product_cat-sprezarki-airpress","9":"product_cat-akcesoria-czesci","10":"product_cat-airpress-kompresory-tlokowe","11":"product_cat-nowe","12":"product_cat-sprezarki-i-kompresory1","13":"product_cat-strefa-marki","14":"ep-can-popup","16":"first","17":"instock","18":"sale","19":"purchasable","20":"product-type-simple"},"yoast_head":"<!-- This site is optimized with the Yoast SEO Premium plugin v27.5 (Yoast SEO v27.6) - https:\/\/yoast.com\/product\/yoast-seo-premium-wordpress\/ -->\n<title>Airpress Kompresor pionowy 8 bar 2.5 KM\/1.8 kW 231 l\/min 50 l HL 360-50 - SpawLab - Welding equipment and plasma cutters - store and service<\/title>\n<meta name=\"description\" content=\"Lider sprzeda\u017cy, Oficjalny Dystrybutor Premium i Serwis na Polsk\u0119 Migatronic, Gys, Voestalpine Bohler Welding. Nowe i u\u017cywane Spawarki, Przecinarki Plazmowe, Kompresory. Mgr in\u017c. Jaros\u0142aw Ko\u0142aski, IWE\" \/>\n<meta name=\"robots\" content=\"index, follow, max-snippet:-1, max-image-preview:large, max-video-preview:-1\" \/>\n<link rel=\"canonical\" href=\"https:\/\/spawlab.pl\/en\/produkt\/airpress-kompresor-pionowy-8-bar-2-5-km-1-8-kw-231-l-min-50-l-hl-360-50-2\/\" \/>\n<meta property=\"og:locale\" content=\"en_US\" \/>\n<meta property=\"og:type\" content=\"article\" \/>\n<meta property=\"og:title\" content=\"Airpress Kompresor pionowy 8 bar 2.5 KM\/1.8 kW 231 l\/min 50 l HL 360-50\" \/>\n<meta property=\"og:description\" content=\"Lider sprzeda\u017cy, Oficjalny Dystrybutor Premium i Serwis na Polsk\u0119 Migatronic, Gys, Voestalpine Bohler Welding. Nowe i u\u017cywane Spawarki, Przecinarki Plazmowe, Kompresory. Mgr in\u017c. Jaros\u0142aw Ko\u0142aski, IWE\" \/>\n<meta property=\"og:url\" content=\"https:\/\/spawlab.pl\/en\/produkt\/airpress-kompresor-pionowy-8-bar-2-5-km-1-8-kw-231-l-min-50-l-hl-360-50-2\/\" \/>\n<meta property=\"og:site_name\" content=\"SpawLab - Welding equipment and plasma cutters - store and service\" \/>\n<meta property=\"article:publisher\" content=\"https:\/\/www.facebook.com\/Spawlab\/\" \/>\n<meta property=\"article:modified_time\" content=\"2026-05-16T22:05:07+00:00\" \/>\n<meta property=\"og:image\" content=\"https:\/\/spawlab.pl\/wp-content\/uploads\/2025\/12\/36852_002_3d.jpg\" \/>\n\t<meta property=\"og:image:width\" content=\"1200\" \/>\n\t<meta property=\"og:image:height\" content=\"1200\" \/>\n\t<meta property=\"og:image:type\" content=\"image\/jpeg\" \/>\n<meta name=\"twitter:label1\" content=\"Price\" \/>\n\t<meta name=\"twitter:data1\" content=\"753,01&nbsp;&#122;&#322;\" \/>\n\t<meta name=\"twitter:label2\" content=\"Availability\" \/>\n\t<meta name=\"twitter:data2\" content=\"In stock\" \/>\n<script type=\"application\/ld+json\" class=\"yoast-schema-graph\">{\"@context\":\"https:\\\/\\\/schema.org\",\"@graph\":[{\"@type\":[\"WebPage\",\"ItemPage\"],\"@id\":\"https:\\\/\\\/spawlab.pl\\\/en\\\/produkt\\\/airpress-kompresor-pionowy-8-bar-2-5-km-1-8-kw-231-l-min-50-l-hl-360-50-2\\\/\",\"url\":\"https:\\\/\\\/spawlab.pl\\\/en\\\/produkt\\\/airpress-kompresor-pionowy-8-bar-2-5-km-1-8-kw-231-l-min-50-l-hl-360-50-2\\\/\",\"name\":\"Airpress Kompresor pionowy 8 bar 2.5 KM\\\/1.8 kW 231 l\\\/min 50 l HL 360-50 - SpawLab - Welding equipment and plasma cutters - store and service\",\"isPartOf\":{\"@id\":\"https:\\\/\\\/spawlab.pl\\\/en\\\/#website\"},\"primaryImageOfPage\":{\"@id\":\"https:\\\/\\\/spawlab.pl\\\/en\\\/produkt\\\/airpress-kompresor-pionowy-8-bar-2-5-km-1-8-kw-231-l-min-50-l-hl-360-50-2\\\/#primaryimage\"},\"image\":{\"@id\":\"https:\\\/\\\/spawlab.pl\\\/en\\\/produkt\\\/airpress-kompresor-pionowy-8-bar-2-5-km-1-8-kw-231-l-min-50-l-hl-360-50-2\\\/#primaryimage\"},\"thumbnailUrl\":\"https:\\\/\\\/spawlab.pl\\\/wp-content\\\/uploads\\\/2025\\\/12\\\/36852_002_3d.jpg\",\"datePublished\":\"2026-05-16T22:05:03+00:00\",\"dateModified\":\"2026-05-16T22:05:07+00:00\",\"description\":\"Lider sprzeda\u017cy, Oficjalny Dystrybutor Premium i Serwis na Polsk\u0119 Migatronic, Gys, Voestalpine Bohler Welding. Nowe i u\u017cywane Spawarki, Przecinarki Plazmowe, Kompresory. Mgr in\u017c. Jaros\u0142aw Ko\u0142aski, IWE\",\"breadcrumb\":{\"@id\":\"https:\\\/\\\/spawlab.pl\\\/en\\\/produkt\\\/airpress-kompresor-pionowy-8-bar-2-5-km-1-8-kw-231-l-min-50-l-hl-360-50-2\\\/#breadcrumb\"},\"inLanguage\":\"en-US\",\"potentialAction\":[{\"@type\":\"ReadAction\",\"target\":[\"https:\\\/\\\/spawlab.pl\\\/en\\\/produkt\\\/airpress-kompresor-pionowy-8-bar-2-5-km-1-8-kw-231-l-min-50-l-hl-360-50-2\\\/\"]}]},{\"@type\":\"ImageObject\",\"inLanguage\":\"en-US\",\"@id\":\"https:\\\/\\\/spawlab.pl\\\/en\\\/produkt\\\/airpress-kompresor-pionowy-8-bar-2-5-km-1-8-kw-231-l-min-50-l-hl-360-50-2\\\/#primaryimage\",\"url\":\"https:\\\/\\\/spawlab.pl\\\/wp-content\\\/uploads\\\/2025\\\/12\\\/36852_002_3d.jpg\",\"contentUrl\":\"https:\\\/\\\/spawlab.pl\\\/wp-content\\\/uploads\\\/2025\\\/12\\\/36852_002_3d.jpg\",\"width\":1200,\"height\":1200},{\"@type\":\"BreadcrumbList\",\"@id\":\"https:\\\/\\\/spawlab.pl\\\/en\\\/produkt\\\/airpress-kompresor-pionowy-8-bar-2-5-km-1-8-kw-231-l-min-50-l-hl-360-50-2\\\/#breadcrumb\",\"itemListElement\":[{\"@type\":\"ListItem\",\"position\":1,\"name\":\"Strona g\u0142\u00f3wna\",\"item\":\"https:\\\/\\\/spawlab.pl\\\/en\\\/\"},{\"@type\":\"ListItem\",\"position\":2,\"name\":\"Store\",\"item\":\"https:\\\/\\\/spawlab.pl\\\/en\\\/shop\\\/\"},{\"@type\":\"ListItem\",\"position\":3,\"name\":\"Airpress Kompresor pionowy 8 bar 2.5 KM\\\/1.8 kW 231 l\\\/min 50 l HL 360-50\"}]},{\"@type\":\"WebSite\",\"@id\":\"https:\\\/\\\/spawlab.pl\\\/en\\\/#website\",\"url\":\"https:\\\/\\\/spawlab.pl\\\/en\\\/\",\"name\":\"Spawlab.pl Lider - Spawarki, Przecinarki Plazmowe, Kompresory\",\"description\":\"Urz\u0105dzenia spawalnicze i Przecinarki plazmowe\\\/ nowe i u\u017cywane \\\/ Profesjonalny serwis\",\"publisher\":{\"@id\":\"https:\\\/\\\/spawlab.pl\\\/en\\\/#organization\"},\"alternateName\":\"Spawlab.pl - Dystrybutor Premium i Serwis na Polske Migatronic, Gys, Voestalpine Bohler Welding\",\"potentialAction\":[{\"@type\":\"SearchAction\",\"target\":{\"@type\":\"EntryPoint\",\"urlTemplate\":\"https:\\\/\\\/spawlab.pl\\\/en\\\/?s={search_term_string}\"},\"query-input\":{\"@type\":\"PropertyValueSpecification\",\"valueRequired\":true,\"valueName\":\"search_term_string\"}}],\"inLanguage\":\"en-US\"},{\"@type\":[\"Organization\",\"Place\"],\"@id\":\"https:\\\/\\\/spawlab.pl\\\/en\\\/#organization\",\"name\":\"Spawlab.pl\",\"url\":\"https:\\\/\\\/spawlab.pl\\\/en\\\/\",\"logo\":{\"@id\":\"https:\\\/\\\/spawlab.pl\\\/en\\\/produkt\\\/airpress-kompresor-pionowy-8-bar-2-5-km-1-8-kw-231-l-min-50-l-hl-360-50-2\\\/#local-main-organization-logo\"},\"image\":{\"@id\":\"https:\\\/\\\/spawlab.pl\\\/en\\\/produkt\\\/airpress-kompresor-pionowy-8-bar-2-5-km-1-8-kw-231-l-min-50-l-hl-360-50-2\\\/#local-main-organization-logo\"},\"sameAs\":[\"https:\\\/\\\/www.facebook.com\\\/Spawlab\\\/\",\"https:\\\/\\\/www.linkedin.com\\\/company\\\/spawlab\",\"https:\\\/\\\/www.instagram.com\\\/spawlab.pl\",\"https:\\\/\\\/www.tiktok.com\\\/@spawlab\"],\"description\":\"Lider sprzeda\u017cy, Oficjalny Dystrybutor Premium i Serwis na Polsk\u0119 Migatronic, Gys, Voestalpine Bohler Welding. Nowe i u\u017cywane Spawarki, Przecinarki Plazmowe, Kompresory. Mgr in\u017c. Jaros\u0142aw Ko\u0142aski, IWE\",\"hasMerchantReturnPolicy\":{\"@type\":\"MerchantReturnPolicy\",\"merchantReturnLink\":\"https:\\\/\\\/spawlab.pl\\\/polityka-prywatnosci-2\\\/\"},\"telephone\":[],\"openingHoursSpecification\":[{\"@type\":\"OpeningHoursSpecification\",\"dayOfWeek\":[\"Monday\",\"Tuesday\",\"Wednesday\",\"Thursday\",\"Friday\",\"Saturday\",\"Sunday\"],\"opens\":\"09:00\",\"closes\":\"17:00\"}]},{\"@type\":\"ImageObject\",\"inLanguage\":\"en-US\",\"@id\":\"https:\\\/\\\/spawlab.pl\\\/en\\\/produkt\\\/airpress-kompresor-pionowy-8-bar-2-5-km-1-8-kw-231-l-min-50-l-hl-360-50-2\\\/#local-main-organization-logo\",\"url\":\"https:\\\/\\\/spawlab.pl\\\/wp-content\\\/uploads\\\/2022\\\/01\\\/olx.jpg\",\"contentUrl\":\"https:\\\/\\\/spawlab.pl\\\/wp-content\\\/uploads\\\/2022\\\/01\\\/olx.jpg\",\"width\":200,\"height\":200,\"caption\":\"Spawlab.pl\"}]}<\/script>\n<meta property=\"product:price:amount\" content=\"753.01\" \/>\n<meta property=\"product:price:currency\" content=\"PLN\" \/>\n<meta property=\"og:availability\" content=\"instock\" \/>\n<meta property=\"product:availability\" content=\"instock\" \/>\n<meta property=\"product:retailer_item_id\" content=\"36852\" \/>\n<meta property=\"product:condition\" content=\"new\" \/>\n<!-- \/ Yoast SEO Premium plugin. -->","yoast_head_json":{"title":"Airpress Kompresor pionowy 8 bar 2.5 KM\/1.8 kW 231 l\/min 50 l HL 360-50 - SpawLab - Welding equipment and plasma cutters - store and service","description":"Lider sprzeda\u017cy, Oficjalny Dystrybutor Premium i Serwis na Polsk\u0119 Migatronic, Gys, Voestalpine Bohler Welding. Nowe i u\u017cywane Spawarki, Przecinarki Plazmowe, Kompresory. Mgr in\u017c. Jaros\u0142aw Ko\u0142aski, IWE","robots":{"index":"index","follow":"follow","max-snippet":"max-snippet:-1","max-image-preview":"max-image-preview:large","max-video-preview":"max-video-preview:-1"},"canonical":"https:\/\/spawlab.pl\/en\/produkt\/airpress-kompresor-pionowy-8-bar-2-5-km-1-8-kw-231-l-min-50-l-hl-360-50-2\/","og_locale":"en_US","og_type":"article","og_title":"Airpress Kompresor pionowy 8 bar 2.5 KM\/1.8 kW 231 l\/min 50 l HL 360-50","og_description":"Lider sprzeda\u017cy, Oficjalny Dystrybutor Premium i Serwis na Polsk\u0119 Migatronic, Gys, Voestalpine Bohler Welding. Nowe i u\u017cywane Spawarki, Przecinarki Plazmowe, Kompresory. Mgr in\u017c. Jaros\u0142aw Ko\u0142aski, IWE","og_url":"https:\/\/spawlab.pl\/en\/produkt\/airpress-kompresor-pionowy-8-bar-2-5-km-1-8-kw-231-l-min-50-l-hl-360-50-2\/","og_site_name":"SpawLab - Welding equipment and plasma cutters - store and service","article_publisher":"https:\/\/www.facebook.com\/Spawlab\/","article_modified_time":"2026-05-16T22:05:07+00:00","og_image":[{"width":1200,"height":1200,"url":"https:\/\/spawlab.pl\/wp-content\/uploads\/2025\/12\/36852_002_3d.jpg","type":"image\/jpeg"}],"twitter_misc":{"Price":"753,01&nbsp;&#122;&#322;","Availability":"In stock"},"schema":{"@context":"https:\/\/schema.org","@graph":[{"@type":["WebPage","ItemPage"],"@id":"https:\/\/spawlab.pl\/en\/produkt\/airpress-kompresor-pionowy-8-bar-2-5-km-1-8-kw-231-l-min-50-l-hl-360-50-2\/","url":"https:\/\/spawlab.pl\/en\/produkt\/airpress-kompresor-pionowy-8-bar-2-5-km-1-8-kw-231-l-min-50-l-hl-360-50-2\/","name":"Airpress Kompresor pionowy 8 bar 2.5 KM\/1.8 kW 231 l\/min 50 l HL 360-50 - SpawLab - Welding equipment and plasma cutters - store and service","isPartOf":{"@id":"https:\/\/spawlab.pl\/en\/#website"},"primaryImageOfPage":{"@id":"https:\/\/spawlab.pl\/en\/produkt\/airpress-kompresor-pionowy-8-bar-2-5-km-1-8-kw-231-l-min-50-l-hl-360-50-2\/#primaryimage"},"image":{"@id":"https:\/\/spawlab.pl\/en\/produkt\/airpress-kompresor-pionowy-8-bar-2-5-km-1-8-kw-231-l-min-50-l-hl-360-50-2\/#primaryimage"},"thumbnailUrl":"https:\/\/spawlab.pl\/wp-content\/uploads\/2025\/12\/36852_002_3d.jpg","datePublished":"2026-05-16T22:05:03+00:00","dateModified":"2026-05-16T22:05:07+00:00","description":"Lider sprzeda\u017cy, Oficjalny Dystrybutor Premium i Serwis na Polsk\u0119 Migatronic, Gys, Voestalpine Bohler Welding. Nowe i u\u017cywane Spawarki, Przecinarki Plazmowe, Kompresory. Mgr in\u017c. Jaros\u0142aw Ko\u0142aski, IWE","breadcrumb":{"@id":"https:\/\/spawlab.pl\/en\/produkt\/airpress-kompresor-pionowy-8-bar-2-5-km-1-8-kw-231-l-min-50-l-hl-360-50-2\/#breadcrumb"},"inLanguage":"en-US","potentialAction":[{"@type":"ReadAction","target":["https:\/\/spawlab.pl\/en\/produkt\/airpress-kompresor-pionowy-8-bar-2-5-km-1-8-kw-231-l-min-50-l-hl-360-50-2\/"]}]},{"@type":"ImageObject","inLanguage":"en-US","@id":"https:\/\/spawlab.pl\/en\/produkt\/airpress-kompresor-pionowy-8-bar-2-5-km-1-8-kw-231-l-min-50-l-hl-360-50-2\/#primaryimage","url":"https:\/\/spawlab.pl\/wp-content\/uploads\/2025\/12\/36852_002_3d.jpg","contentUrl":"https:\/\/spawlab.pl\/wp-content\/uploads\/2025\/12\/36852_002_3d.jpg","width":1200,"height":1200},{"@type":"BreadcrumbList","@id":"https:\/\/spawlab.pl\/en\/produkt\/airpress-kompresor-pionowy-8-bar-2-5-km-1-8-kw-231-l-min-50-l-hl-360-50-2\/#breadcrumb","itemListElement":[{"@type":"ListItem","position":1,"name":"Strona g\u0142\u00f3wna","item":"https:\/\/spawlab.pl\/en\/"},{"@type":"ListItem","position":2,"name":"Store","item":"https:\/\/spawlab.pl\/en\/shop\/"},{"@type":"ListItem","position":3,"name":"Airpress Kompresor pionowy 8 bar 2.5 KM\/1.8 kW 231 l\/min 50 l HL 360-50"}]},{"@type":"WebSite","@id":"https:\/\/spawlab.pl\/en\/#website","url":"https:\/\/spawlab.pl\/en\/","name":"Spawlab.pl Lider - Spawarki, Przecinarki Plazmowe, Kompresory","description":"Urz\u0105dzenia spawalnicze i Przecinarki plazmowe\/ nowe i u\u017cywane \/ Profesjonalny serwis","publisher":{"@id":"https:\/\/spawlab.pl\/en\/#organization"},"alternateName":"Spawlab.pl - Dystrybutor Premium i Serwis na Polske Migatronic, Gys, Voestalpine Bohler Welding","potentialAction":[{"@type":"SearchAction","target":{"@type":"EntryPoint","urlTemplate":"https:\/\/spawlab.pl\/en\/?s={search_term_string}"},"query-input":{"@type":"PropertyValueSpecification","valueRequired":true,"valueName":"search_term_string"}}],"inLanguage":"en-US"},{"@type":["Organization","Place"],"@id":"https:\/\/spawlab.pl\/en\/#organization","name":"Spawlab.pl","url":"https:\/\/spawlab.pl\/en\/","logo":{"@id":"https:\/\/spawlab.pl\/en\/produkt\/airpress-kompresor-pionowy-8-bar-2-5-km-1-8-kw-231-l-min-50-l-hl-360-50-2\/#local-main-organization-logo"},"image":{"@id":"https:\/\/spawlab.pl\/en\/produkt\/airpress-kompresor-pionowy-8-bar-2-5-km-1-8-kw-231-l-min-50-l-hl-360-50-2\/#local-main-organization-logo"},"sameAs":["https:\/\/www.facebook.com\/Spawlab\/","https:\/\/www.linkedin.com\/company\/spawlab","https:\/\/www.instagram.com\/spawlab.pl","https:\/\/www.tiktok.com\/@spawlab"],"description":"Lider sprzeda\u017cy, Oficjalny Dystrybutor Premium i Serwis na Polsk\u0119 Migatronic, Gys, Voestalpine Bohler Welding. Nowe i u\u017cywane Spawarki, Przecinarki Plazmowe, Kompresory. Mgr in\u017c. Jaros\u0142aw Ko\u0142aski, IWE","hasMerchantReturnPolicy":{"@type":"MerchantReturnPolicy","merchantReturnLink":"https:\/\/spawlab.pl\/polityka-prywatnosci-2\/"},"telephone":[],"openingHoursSpecification":[{"@type":"OpeningHoursSpecification","dayOfWeek":["Monday","Tuesday","Wednesday","Thursday","Friday","Saturday","Sunday"],"opens":"09:00","closes":"17:00"}]},{"@type":"ImageObject","inLanguage":"en-US","@id":"https:\/\/spawlab.pl\/en\/produkt\/airpress-kompresor-pionowy-8-bar-2-5-km-1-8-kw-231-l-min-50-l-hl-360-50-2\/#local-main-organization-logo","url":"https:\/\/spawlab.pl\/wp-content\/uploads\/2022\/01\/olx.jpg","contentUrl":"https:\/\/spawlab.pl\/wp-content\/uploads\/2022\/01\/olx.jpg","width":200,"height":200,"caption":"Spawlab.pl"}]},"product_price_amount":"753.01","product_price_currency":"PLN","og_availability":"instock","product_availability":"instock","product_retailer_item_id":"36852","product_condition":"new"},"_links":{"self":[{"href":"https:\/\/spawlab.pl\/en\/wp-json\/wp\/v2\/product\/92593","targetHints":{"allow":["GET"]}}],"collection":[{"href":"https:\/\/spawlab.pl\/en\/wp-json\/wp\/v2\/product"}],"about":[{"href":"https:\/\/spawlab.pl\/en\/wp-json\/wp\/v2\/types\/product"}],"wp:featuredmedia":[{"embeddable":true,"href":"https:\/\/spawlab.pl\/en\/wp-json\/wp\/v2\/media\/71813"}],"wp:attachment":[{"href":"https:\/\/spawlab.pl\/en\/wp-json\/wp\/v2\/media?parent=92593"}],"wp:term":[{"taxonomy":"product_brand","embeddable":true,"href":"https:\/\/spawlab.pl\/en\/wp-json\/wp\/v2\/product_brand?post=92593"},{"taxonomy":"product_cat","embeddable":true,"href":"https:\/\/spawlab.pl\/en\/wp-json\/wp\/v2\/product_cat?post=92593"},{"taxonomy":"product_tag","embeddable":true,"href":"https:\/\/spawlab.pl\/en\/wp-json\/wp\/v2\/product_tag?post=92593"}],"curies":[{"name":"wp","href":"https:\/\/api.w.org\/{rel}","templated":true}]}}