{"id":92595,"date":"2026-05-17T00:05:03","date_gmt":"2026-05-16T22:05:03","guid":{"rendered":"https:\/\/spawlab.pl\/produkt\/airpress-maly-kompresor-bezolejowy-h-215-6-8-bar-1-5-km-1-1-kw-92-l-min-6-l-boombox-2\/"},"modified":"2026-05-17T00:05:10","modified_gmt":"2026-05-16T22:05:10","slug":"airpress-maly-kompresor-bezolejowy-h-215-6-8-bar-1-5-km-1-1-kw-92-l-min-6-l-boombox-2","status":"publish","type":"product","link":"https:\/\/spawlab.pl\/en\/produkt\/airpress-maly-kompresor-bezolejowy-h-215-6-8-bar-1-5-km-1-1-kw-92-l-min-6-l-boombox-2\/","title":{"rendered":"Airpress Ma\u0142y kompresor bezolejowy H 215-6 8 bar 1.5 KM\/1.1 kW 92 l\/min 6 l BoomBox"},"content":{"rendered":"<p>Szukasz niezawodnego i ekonomicznego \u017ar\u00f3d\u0142a spr\u0119\u017conego powietrza, kt\u00f3re sprawdzi si\u0119 w podstawowych zastosowaniach w Twoim domu? Czy potrzebujesz kompaktowego kompresora, kt\u00f3ry \u0142atwo przechowasz i przewieziesz?<\/p>\n<p>Przedstawiamy BoomBox, czyli <b>praktyczn\u0105 i przeno\u015bn\u0105 spr\u0119\u017cark\u0119<\/b> od Airpress!<br \/>\nNowoczesna konstrukcja oznacza, \u017ce nasz kompresor jest nie tylko wydajny, ale r\u00f3wnie\u017c \u0142adnie si\u0119 prezentuje, a w ka\u017cdej chwili mo\u017cesz wrzuci\u0107 go do baga\u017cnika! <\/p>\n<p><center><img src=&quot;https:\/\/airpress.pl\/media\/wysiwyg\/36943_pistol.jpg&quot; width=&quot;1600&quot; height=&quot;1400&quot; alt=&quot;BoomBox pompuj\u0105cy opon\u0119&quot; \/><\/center><\/p>\n<h2>BoomBox czyli bezolejowy kompresor przeno\u015bny!<\/h2>\n<p>BoomBox to kompresor, kt\u00f3ry spe\u0142ni Twoje oczekiwania, dostarczaj\u0105c czyste spr\u0119\u017cone powietrze, tam gdzie go potrzebujesz!<\/p>\n<p>BoomBox to <b>spr\u0119\u017carka bezolejowa, co oznacza, \u017ce wymaga ona znacznie mniej konserwacji<\/b> w por\u00f3wnaniu do tradycyjnych modeli olejowych. Brak konieczno\u015bci zakupu i wymiany oleju oznacza r\u00f3wnie\u017c mniejsze koszty eksploatacyjne oraz mniej skomplikowan\u0105 obs\u0142ug\u0119.<\/p>\n<p>Ponadto, <b>spr\u0119\u017cone powietrze wytwarzane przez kompresor bezolejowy jest znacznie czystsze<\/b> ni\u017c w przypadku spr\u0119\u017carki olejowej. Kompresory bezolejowe nie wymagaj\u0105 olejowania bloku t\u0142okowego, co eliminuje ryzyko zanieczyszczenia spr\u0119\u017conego powietrza olejem.<\/p>\n<p>Bezolejowa technologia sprawia r\u00f3wnie\u017c, \u017ce BoomBox jest bezpieczny podczas przedmuchiwania elektroniki i wra\u017cliwych powierzchni, co jest szczeg\u00f3lnie wa\u017cne w przypadku delikatnych prac domowych.<\/p>\n<div class=&quot;r&quot;>\n<div class=&quot;w-1\/2&quot;>\n<h2>Oszcz\u0119dno\u015b\u0107 na wyci\u0105gni\u0119cie r\u0119ki z BoomBoxem!<\/h2>\n<p>BoomBox wykorzystuje <b>nap\u0119d bezpo\u015bredni, kt\u00f3ry jest bardziej efektywny i ekonomiczny<\/b> dla u\u017cytkownik\u00f3w o ograniczonym zapotrzebowaniu na spr\u0119\u017cone powietrze. Nap\u0119d bezpo\u015bredni eliminuje potrzeb\u0119 stosowania pas\u00f3w i dodatkowych mechanizm\u00f3w, co przek\u0142ada si\u0119 na mniejsz\u0105 liczb\u0119 element\u00f3w, kt\u00f3re mog\u0105 ulec zu\u017cyciu. Dla u\u017cytkownik\u00f3w domowych oznacza to mniejsze koszty utrzymania i d\u0142u\u017csz\u0105 \u017cywotno\u015b\u0107 kompresora.<\/p>\n<p>BoomBox jest wyposa\u017cony w <b>jednot\u0142okowy mechanizm spr\u0119\u017caj\u0105cy, co gwarantuje prostot\u0119 obs\u0142ugi<\/b>. Konstrukcja jednot\u0142okowa minimalizuje liczb\u0119 ruchomych cz\u0119\u015bci, co przek\u0142ada si\u0119 na mniejsze ryzyko awarii i d\u0142u\u017csz\u0105 \u017cywotno\u015b\u0107 urz\u0105dzenia.<\/p>\n<p>Dla <b>zwi\u0119kszenia bezpiecze\u0144stwa u\u017cytkowania, BoomBox jest wyposa\u017cony w specjaln\u0105 os\u0142on\u0119 bloku spr\u0119\u017carkowego<\/b>. Ta os\u0142ona chroni kluczowe elementy kompresora przed uszkodzeniami mechanicznymi i zwi\u0119ksza og\u00f3lny poziom bezpiecze\u0144stwa pracy. <\/p>\n<p>Dzi\u0119ki temu rozwi\u0105zaniu, mo\u017cesz mie\u0107 pewno\u015b\u0107, \u017ce BoomBox dostarczy spr\u0119\u017cone powietrze tam, gdzie go potrzebujesz bezpiecznie i bez marnowania energii!<\/p>\n<\/div>\n<div class=&quot;w-1\/2&quot;>\n<p>\t<center><img src=&quot;https:\/\/airpress.pl\/media\/wysiwyg\/36943_3D_1.png&quot; width=&quot;400&quot; height=&quot;400&quot;  alt=&quot;&quot; \/><\/center><\/p>\n<\/div>\n<\/div>\n<h2>Kompaktowy kompresor, kt\u00f3ry jest zawsze pod r\u0119k\u0105!<\/h2>\n<p>BoomBox to <b>jeden z najmniejszych modeli dost\u0119pnych na rynku<\/b>, wi\u0119c bez problemu mo\u017cesz go spakowa\u0107 do baga\u017cnika i zabra\u0107 ze sob\u0105 na wakacje! Niezale\u017cnie od tego, czy potrzebujesz dost\u0119pu do spr\u0119\u017conego powietrza w gara\u017cu, ogrodzie, czy warsztacie, jego transport nie b\u0119dzie stanowi\u0142 dla Ciebie \u017cadnego problemu. <\/p>\n<p>Dodatkowo, BoomBox wyposa\u017cony jest <b>w ergonomiczny uchwyt, dzi\u0119ki kt\u00f3remu \u0142atwo podniesiesz urz\u0105dzenie<\/b>! Mobilno\u015b\u0107 BoomBox sprawia, \u017ce jest idealnym wyborem dla ka\u017cdego gospodarstwa domowego.<br \/>\nWybierz BoomBoxa i zawsze miej spr\u0119\u017cone powietrze pod r\u0119k\u0105!<\/p>\n<h2>Dlaczego BoomBox jest idealny dla Ciebie?<\/h2>\n<p>BoomBox zaspokaja wszystkie podstawowe potrzeby gospodarstwa domowego. Mo\u017cesz go wykorzysta\u0107 do <b>pompowania opon w rowerach, pompowania materacy, pi\u0142ek oraz basen\u00f3w, a tak\u017ce do przedmuchiwania urz\u0105dze\u0144 elektrycznych!<\/b><\/p>\n<p><b>Zbiornik o pojemno\u015bci 6 litr\u00f3w i maksymalne ci\u015bnienie 8 bar<\/b> sprawiaj\u0105, \u017ce BoomBox jest idealnym wyborem dla domowych u\u017cytkownik\u00f3w. Dzi\u0119ki tej pojemno\u015bci kompresor radzi sobie z r\u00f3\u017cnorodnymi zadaniami, od przedmuchiwania elektroniki po pompowanie opon. Jego wszechstronno\u015b\u0107 i mobilno\u015b\u0107 czyni\u0105 go niezwykle praktycznym wyborem.<\/p>\n<p>Wybieraj\u0105c BoomBox, masz pewno\u015b\u0107, \u017ce wszystkie domowe prace zostan\u0105 wykonane sprawnie i efektywnie. Przekonaj si\u0119 na w\u0142asn\u0105 r\u0119k\u0119, jak wiele korzy\u015bci oferuje BoomBox!<\/p>\n","protected":false},"excerpt":{"rendered":"<p>Szukasz niezawodnego i ekonomicznego \u017ar\u00f3d\u0142a spr\u0119\u017conego powietrza, kt\u00f3re sprawdzi si\u0119 w podstawowych zastosowaniach w Twoim domu? Czy potrzebujesz kompaktowego kompresora, kt\u00f3ry \u0142atwo przechowasz i przewieziesz? Przedstawiamy BoomBox, czyli praktyczn\u0105 i przeno\u015bn\u0105 spr\u0119\u017cark\u0119 od Airpress! Nowoczesna konstrukcja oznacza, \u017ce nasz kompresor jest nie tylko wydajny, ale r\u00f3wnie\u017c \u0142adnie si\u0119 prezentuje, a w ka\u017cdej chwili mo\u017cesz wrzuci\u0107 [&hellip;]<\/p>\n","protected":false},"featured_media":71908,"template":"","meta":{"inline_featured_image":false},"product_brand":[1038],"product_cat":[1037,26025,81,27908,16,343,3342],"product_tag":[],"class_list":{"0":"post-92595","1":"product","2":"type-product","3":"status-publish","4":"has-post-thumbnail","6":"product_brand-airpress","7":"product_cat-sprezarki-airpress","8":"product_cat-airpress","9":"product_cat-akcesoria-czesci","10":"product_cat-airpress-kompresory-tlokowe","11":"product_cat-nowe","12":"product_cat-sprezarki-i-kompresory1","13":"product_cat-strefa-marki","14":"ep-can-popup","16":"first","17":"instock","18":"purchasable","19":"product-type-simple"},"yoast_head":"<!-- This site is optimized with the Yoast SEO Premium plugin v27.5 (Yoast SEO v27.6) - https:\/\/yoast.com\/product\/yoast-seo-premium-wordpress\/ -->\n<title>Airpress Ma\u0142y kompresor bezolejowy H 215-6 8 bar 1.5 KM\/1.1 kW 92 l\/min 6 l BoomBox - SpawLab - Welding equipment and plasma cutters - store and service<\/title>\n<meta name=\"description\" content=\"Lider sprzeda\u017cy, Oficjalny Dystrybutor Premium i Serwis na Polsk\u0119 Migatronic, Gys, Voestalpine Bohler Welding. Nowe i u\u017cywane Spawarki, Przecinarki Plazmowe, Kompresory. Mgr in\u017c. Jaros\u0142aw Ko\u0142aski, IWE\" \/>\n<meta name=\"robots\" content=\"index, follow, max-snippet:-1, max-image-preview:large, max-video-preview:-1\" \/>\n<link rel=\"canonical\" href=\"https:\/\/spawlab.pl\/en\/produkt\/airpress-maly-kompresor-bezolejowy-h-215-6-8-bar-1-5-km-1-1-kw-92-l-min-6-l-boombox-2\/\" \/>\n<meta property=\"og:locale\" content=\"en_US\" \/>\n<meta property=\"og:type\" content=\"article\" \/>\n<meta property=\"og:title\" content=\"Airpress Ma\u0142y kompresor bezolejowy H 215-6 8 bar 1.5 KM\/1.1 kW 92 l\/min 6 l BoomBox\" \/>\n<meta property=\"og:description\" content=\"Lider sprzeda\u017cy, Oficjalny Dystrybutor Premium i Serwis na Polsk\u0119 Migatronic, Gys, Voestalpine Bohler Welding. Nowe i u\u017cywane Spawarki, Przecinarki Plazmowe, Kompresory. Mgr in\u017c. Jaros\u0142aw Ko\u0142aski, IWE\" \/>\n<meta property=\"og:url\" content=\"https:\/\/spawlab.pl\/en\/produkt\/airpress-maly-kompresor-bezolejowy-h-215-6-8-bar-1-5-km-1-1-kw-92-l-min-6-l-boombox-2\/\" \/>\n<meta property=\"og:site_name\" content=\"SpawLab - Welding equipment and plasma cutters - store and service\" \/>\n<meta property=\"article:publisher\" content=\"https:\/\/www.facebook.com\/Spawlab\/\" \/>\n<meta property=\"article:modified_time\" content=\"2026-05-16T22:05:10+00:00\" \/>\n<meta property=\"og:image\" content=\"https:\/\/spawlab.pl\/wp-content\/uploads\/2025\/12\/36943_pistol.jpg\" \/>\n\t<meta property=\"og:image:width\" content=\"1800\" \/>\n\t<meta property=\"og:image:height\" content=\"1200\" \/>\n\t<meta property=\"og:image:type\" content=\"image\/jpeg\" \/>\n<meta name=\"twitter:label1\" content=\"Price\" \/>\n\t<meta name=\"twitter:data1\" content=\"436,65&nbsp;&#122;&#322;\" \/>\n\t<meta name=\"twitter:label2\" content=\"Availability\" \/>\n\t<meta name=\"twitter:data2\" content=\"In stock\" \/>\n<script type=\"application\/ld+json\" class=\"yoast-schema-graph\">{\"@context\":\"https:\\\/\\\/schema.org\",\"@graph\":[{\"@type\":[\"WebPage\",\"ItemPage\"],\"@id\":\"https:\\\/\\\/spawlab.pl\\\/en\\\/produkt\\\/airpress-maly-kompresor-bezolejowy-h-215-6-8-bar-1-5-km-1-1-kw-92-l-min-6-l-boombox-2\\\/\",\"url\":\"https:\\\/\\\/spawlab.pl\\\/en\\\/produkt\\\/airpress-maly-kompresor-bezolejowy-h-215-6-8-bar-1-5-km-1-1-kw-92-l-min-6-l-boombox-2\\\/\",\"name\":\"Airpress Ma\u0142y kompresor bezolejowy H 215-6 8 bar 1.5 KM\\\/1.1 kW 92 l\\\/min 6 l BoomBox - SpawLab - Welding equipment and plasma cutters - store and service\",\"isPartOf\":{\"@id\":\"https:\\\/\\\/spawlab.pl\\\/en\\\/#website\"},\"primaryImageOfPage\":{\"@id\":\"https:\\\/\\\/spawlab.pl\\\/en\\\/produkt\\\/airpress-maly-kompresor-bezolejowy-h-215-6-8-bar-1-5-km-1-1-kw-92-l-min-6-l-boombox-2\\\/#primaryimage\"},\"image\":{\"@id\":\"https:\\\/\\\/spawlab.pl\\\/en\\\/produkt\\\/airpress-maly-kompresor-bezolejowy-h-215-6-8-bar-1-5-km-1-1-kw-92-l-min-6-l-boombox-2\\\/#primaryimage\"},\"thumbnailUrl\":\"https:\\\/\\\/spawlab.pl\\\/wp-content\\\/uploads\\\/2025\\\/12\\\/36943_pistol.jpg\",\"datePublished\":\"2026-05-16T22:05:03+00:00\",\"dateModified\":\"2026-05-16T22:05:10+00:00\",\"description\":\"Lider sprzeda\u017cy, Oficjalny Dystrybutor Premium i Serwis na Polsk\u0119 Migatronic, Gys, Voestalpine Bohler Welding. Nowe i u\u017cywane Spawarki, Przecinarki Plazmowe, Kompresory. Mgr in\u017c. Jaros\u0142aw Ko\u0142aski, IWE\",\"breadcrumb\":{\"@id\":\"https:\\\/\\\/spawlab.pl\\\/en\\\/produkt\\\/airpress-maly-kompresor-bezolejowy-h-215-6-8-bar-1-5-km-1-1-kw-92-l-min-6-l-boombox-2\\\/#breadcrumb\"},\"inLanguage\":\"en-US\",\"potentialAction\":[{\"@type\":\"ReadAction\",\"target\":[\"https:\\\/\\\/spawlab.pl\\\/en\\\/produkt\\\/airpress-maly-kompresor-bezolejowy-h-215-6-8-bar-1-5-km-1-1-kw-92-l-min-6-l-boombox-2\\\/\"]}]},{\"@type\":\"ImageObject\",\"inLanguage\":\"en-US\",\"@id\":\"https:\\\/\\\/spawlab.pl\\\/en\\\/produkt\\\/airpress-maly-kompresor-bezolejowy-h-215-6-8-bar-1-5-km-1-1-kw-92-l-min-6-l-boombox-2\\\/#primaryimage\",\"url\":\"https:\\\/\\\/spawlab.pl\\\/wp-content\\\/uploads\\\/2025\\\/12\\\/36943_pistol.jpg\",\"contentUrl\":\"https:\\\/\\\/spawlab.pl\\\/wp-content\\\/uploads\\\/2025\\\/12\\\/36943_pistol.jpg\",\"width\":1800,\"height\":1200},{\"@type\":\"BreadcrumbList\",\"@id\":\"https:\\\/\\\/spawlab.pl\\\/en\\\/produkt\\\/airpress-maly-kompresor-bezolejowy-h-215-6-8-bar-1-5-km-1-1-kw-92-l-min-6-l-boombox-2\\\/#breadcrumb\",\"itemListElement\":[{\"@type\":\"ListItem\",\"position\":1,\"name\":\"Strona g\u0142\u00f3wna\",\"item\":\"https:\\\/\\\/spawlab.pl\\\/en\\\/\"},{\"@type\":\"ListItem\",\"position\":2,\"name\":\"Store\",\"item\":\"https:\\\/\\\/spawlab.pl\\\/en\\\/shop\\\/\"},{\"@type\":\"ListItem\",\"position\":3,\"name\":\"Airpress Ma\u0142y kompresor bezolejowy H 215-6 8 bar 1.5 KM\\\/1.1 kW 92 l\\\/min 6 l BoomBox\"}]},{\"@type\":\"WebSite\",\"@id\":\"https:\\\/\\\/spawlab.pl\\\/en\\\/#website\",\"url\":\"https:\\\/\\\/spawlab.pl\\\/en\\\/\",\"name\":\"Spawlab.pl Lider - Spawarki, Przecinarki Plazmowe, Kompresory\",\"description\":\"Urz\u0105dzenia spawalnicze i Przecinarki plazmowe\\\/ nowe i u\u017cywane \\\/ Profesjonalny serwis\",\"publisher\":{\"@id\":\"https:\\\/\\\/spawlab.pl\\\/en\\\/#organization\"},\"alternateName\":\"Spawlab.pl - Dystrybutor Premium i Serwis na Polske Migatronic, Gys, Voestalpine Bohler Welding\",\"potentialAction\":[{\"@type\":\"SearchAction\",\"target\":{\"@type\":\"EntryPoint\",\"urlTemplate\":\"https:\\\/\\\/spawlab.pl\\\/en\\\/?s={search_term_string}\"},\"query-input\":{\"@type\":\"PropertyValueSpecification\",\"valueRequired\":true,\"valueName\":\"search_term_string\"}}],\"inLanguage\":\"en-US\"},{\"@type\":[\"Organization\",\"Place\"],\"@id\":\"https:\\\/\\\/spawlab.pl\\\/en\\\/#organization\",\"name\":\"Spawlab.pl\",\"url\":\"https:\\\/\\\/spawlab.pl\\\/en\\\/\",\"logo\":{\"@id\":\"https:\\\/\\\/spawlab.pl\\\/en\\\/produkt\\\/airpress-maly-kompresor-bezolejowy-h-215-6-8-bar-1-5-km-1-1-kw-92-l-min-6-l-boombox-2\\\/#local-main-organization-logo\"},\"image\":{\"@id\":\"https:\\\/\\\/spawlab.pl\\\/en\\\/produkt\\\/airpress-maly-kompresor-bezolejowy-h-215-6-8-bar-1-5-km-1-1-kw-92-l-min-6-l-boombox-2\\\/#local-main-organization-logo\"},\"sameAs\":[\"https:\\\/\\\/www.facebook.com\\\/Spawlab\\\/\",\"https:\\\/\\\/www.linkedin.com\\\/company\\\/spawlab\",\"https:\\\/\\\/www.instagram.com\\\/spawlab.pl\",\"https:\\\/\\\/www.tiktok.com\\\/@spawlab\"],\"description\":\"Lider sprzeda\u017cy, Oficjalny Dystrybutor Premium i Serwis na Polsk\u0119 Migatronic, Gys, Voestalpine Bohler Welding. Nowe i u\u017cywane Spawarki, Przecinarki Plazmowe, Kompresory. Mgr in\u017c. Jaros\u0142aw Ko\u0142aski, IWE\",\"hasMerchantReturnPolicy\":{\"@type\":\"MerchantReturnPolicy\",\"merchantReturnLink\":\"https:\\\/\\\/spawlab.pl\\\/polityka-prywatnosci-2\\\/\"},\"telephone\":[],\"openingHoursSpecification\":[{\"@type\":\"OpeningHoursSpecification\",\"dayOfWeek\":[\"Monday\",\"Tuesday\",\"Wednesday\",\"Thursday\",\"Friday\",\"Saturday\",\"Sunday\"],\"opens\":\"09:00\",\"closes\":\"17:00\"}]},{\"@type\":\"ImageObject\",\"inLanguage\":\"en-US\",\"@id\":\"https:\\\/\\\/spawlab.pl\\\/en\\\/produkt\\\/airpress-maly-kompresor-bezolejowy-h-215-6-8-bar-1-5-km-1-1-kw-92-l-min-6-l-boombox-2\\\/#local-main-organization-logo\",\"url\":\"https:\\\/\\\/spawlab.pl\\\/wp-content\\\/uploads\\\/2022\\\/01\\\/olx.jpg\",\"contentUrl\":\"https:\\\/\\\/spawlab.pl\\\/wp-content\\\/uploads\\\/2022\\\/01\\\/olx.jpg\",\"width\":200,\"height\":200,\"caption\":\"Spawlab.pl\"}]}<\/script>\n<meta property=\"product:price:amount\" content=\"436.65\" \/>\n<meta property=\"product:price:currency\" content=\"PLN\" \/>\n<meta property=\"og:availability\" content=\"instock\" \/>\n<meta property=\"product:availability\" content=\"instock\" \/>\n<meta property=\"product:retailer_item_id\" content=\"36943\" \/>\n<meta property=\"product:condition\" content=\"new\" \/>\n<!-- \/ Yoast SEO Premium plugin. -->","yoast_head_json":{"title":"Airpress Ma\u0142y kompresor bezolejowy H 215-6 8 bar 1.5 KM\/1.1 kW 92 l\/min 6 l BoomBox - SpawLab - Welding equipment and plasma cutters - store and service","description":"Lider sprzeda\u017cy, Oficjalny Dystrybutor Premium i Serwis na Polsk\u0119 Migatronic, Gys, Voestalpine Bohler Welding. Nowe i u\u017cywane Spawarki, Przecinarki Plazmowe, Kompresory. Mgr in\u017c. Jaros\u0142aw Ko\u0142aski, IWE","robots":{"index":"index","follow":"follow","max-snippet":"max-snippet:-1","max-image-preview":"max-image-preview:large","max-video-preview":"max-video-preview:-1"},"canonical":"https:\/\/spawlab.pl\/en\/produkt\/airpress-maly-kompresor-bezolejowy-h-215-6-8-bar-1-5-km-1-1-kw-92-l-min-6-l-boombox-2\/","og_locale":"en_US","og_type":"article","og_title":"Airpress Ma\u0142y kompresor bezolejowy H 215-6 8 bar 1.5 KM\/1.1 kW 92 l\/min 6 l BoomBox","og_description":"Lider sprzeda\u017cy, Oficjalny Dystrybutor Premium i Serwis na Polsk\u0119 Migatronic, Gys, Voestalpine Bohler Welding. Nowe i u\u017cywane Spawarki, Przecinarki Plazmowe, Kompresory. Mgr in\u017c. Jaros\u0142aw Ko\u0142aski, IWE","og_url":"https:\/\/spawlab.pl\/en\/produkt\/airpress-maly-kompresor-bezolejowy-h-215-6-8-bar-1-5-km-1-1-kw-92-l-min-6-l-boombox-2\/","og_site_name":"SpawLab - Welding equipment and plasma cutters - store and service","article_publisher":"https:\/\/www.facebook.com\/Spawlab\/","article_modified_time":"2026-05-16T22:05:10+00:00","og_image":[{"width":1800,"height":1200,"url":"https:\/\/spawlab.pl\/wp-content\/uploads\/2025\/12\/36943_pistol.jpg","type":"image\/jpeg"}],"twitter_misc":{"Price":"436,65&nbsp;&#122;&#322;","Availability":"In stock"},"schema":{"@context":"https:\/\/schema.org","@graph":[{"@type":["WebPage","ItemPage"],"@id":"https:\/\/spawlab.pl\/en\/produkt\/airpress-maly-kompresor-bezolejowy-h-215-6-8-bar-1-5-km-1-1-kw-92-l-min-6-l-boombox-2\/","url":"https:\/\/spawlab.pl\/en\/produkt\/airpress-maly-kompresor-bezolejowy-h-215-6-8-bar-1-5-km-1-1-kw-92-l-min-6-l-boombox-2\/","name":"Airpress Ma\u0142y kompresor bezolejowy H 215-6 8 bar 1.5 KM\/1.1 kW 92 l\/min 6 l BoomBox - SpawLab - Welding equipment and plasma cutters - store and service","isPartOf":{"@id":"https:\/\/spawlab.pl\/en\/#website"},"primaryImageOfPage":{"@id":"https:\/\/spawlab.pl\/en\/produkt\/airpress-maly-kompresor-bezolejowy-h-215-6-8-bar-1-5-km-1-1-kw-92-l-min-6-l-boombox-2\/#primaryimage"},"image":{"@id":"https:\/\/spawlab.pl\/en\/produkt\/airpress-maly-kompresor-bezolejowy-h-215-6-8-bar-1-5-km-1-1-kw-92-l-min-6-l-boombox-2\/#primaryimage"},"thumbnailUrl":"https:\/\/spawlab.pl\/wp-content\/uploads\/2025\/12\/36943_pistol.jpg","datePublished":"2026-05-16T22:05:03+00:00","dateModified":"2026-05-16T22:05:10+00:00","description":"Lider sprzeda\u017cy, Oficjalny Dystrybutor Premium i Serwis na Polsk\u0119 Migatronic, Gys, Voestalpine Bohler Welding. Nowe i u\u017cywane Spawarki, Przecinarki Plazmowe, Kompresory. Mgr in\u017c. Jaros\u0142aw Ko\u0142aski, IWE","breadcrumb":{"@id":"https:\/\/spawlab.pl\/en\/produkt\/airpress-maly-kompresor-bezolejowy-h-215-6-8-bar-1-5-km-1-1-kw-92-l-min-6-l-boombox-2\/#breadcrumb"},"inLanguage":"en-US","potentialAction":[{"@type":"ReadAction","target":["https:\/\/spawlab.pl\/en\/produkt\/airpress-maly-kompresor-bezolejowy-h-215-6-8-bar-1-5-km-1-1-kw-92-l-min-6-l-boombox-2\/"]}]},{"@type":"ImageObject","inLanguage":"en-US","@id":"https:\/\/spawlab.pl\/en\/produkt\/airpress-maly-kompresor-bezolejowy-h-215-6-8-bar-1-5-km-1-1-kw-92-l-min-6-l-boombox-2\/#primaryimage","url":"https:\/\/spawlab.pl\/wp-content\/uploads\/2025\/12\/36943_pistol.jpg","contentUrl":"https:\/\/spawlab.pl\/wp-content\/uploads\/2025\/12\/36943_pistol.jpg","width":1800,"height":1200},{"@type":"BreadcrumbList","@id":"https:\/\/spawlab.pl\/en\/produkt\/airpress-maly-kompresor-bezolejowy-h-215-6-8-bar-1-5-km-1-1-kw-92-l-min-6-l-boombox-2\/#breadcrumb","itemListElement":[{"@type":"ListItem","position":1,"name":"Strona g\u0142\u00f3wna","item":"https:\/\/spawlab.pl\/en\/"},{"@type":"ListItem","position":2,"name":"Store","item":"https:\/\/spawlab.pl\/en\/shop\/"},{"@type":"ListItem","position":3,"name":"Airpress Ma\u0142y kompresor bezolejowy H 215-6 8 bar 1.5 KM\/1.1 kW 92 l\/min 6 l BoomBox"}]},{"@type":"WebSite","@id":"https:\/\/spawlab.pl\/en\/#website","url":"https:\/\/spawlab.pl\/en\/","name":"Spawlab.pl Lider - Spawarki, Przecinarki Plazmowe, Kompresory","description":"Urz\u0105dzenia spawalnicze i Przecinarki plazmowe\/ nowe i u\u017cywane \/ Profesjonalny serwis","publisher":{"@id":"https:\/\/spawlab.pl\/en\/#organization"},"alternateName":"Spawlab.pl - Dystrybutor Premium i Serwis na Polske Migatronic, Gys, Voestalpine Bohler Welding","potentialAction":[{"@type":"SearchAction","target":{"@type":"EntryPoint","urlTemplate":"https:\/\/spawlab.pl\/en\/?s={search_term_string}"},"query-input":{"@type":"PropertyValueSpecification","valueRequired":true,"valueName":"search_term_string"}}],"inLanguage":"en-US"},{"@type":["Organization","Place"],"@id":"https:\/\/spawlab.pl\/en\/#organization","name":"Spawlab.pl","url":"https:\/\/spawlab.pl\/en\/","logo":{"@id":"https:\/\/spawlab.pl\/en\/produkt\/airpress-maly-kompresor-bezolejowy-h-215-6-8-bar-1-5-km-1-1-kw-92-l-min-6-l-boombox-2\/#local-main-organization-logo"},"image":{"@id":"https:\/\/spawlab.pl\/en\/produkt\/airpress-maly-kompresor-bezolejowy-h-215-6-8-bar-1-5-km-1-1-kw-92-l-min-6-l-boombox-2\/#local-main-organization-logo"},"sameAs":["https:\/\/www.facebook.com\/Spawlab\/","https:\/\/www.linkedin.com\/company\/spawlab","https:\/\/www.instagram.com\/spawlab.pl","https:\/\/www.tiktok.com\/@spawlab"],"description":"Lider sprzeda\u017cy, Oficjalny Dystrybutor Premium i Serwis na Polsk\u0119 Migatronic, Gys, Voestalpine Bohler Welding. Nowe i u\u017cywane Spawarki, Przecinarki Plazmowe, Kompresory. Mgr in\u017c. Jaros\u0142aw Ko\u0142aski, IWE","hasMerchantReturnPolicy":{"@type":"MerchantReturnPolicy","merchantReturnLink":"https:\/\/spawlab.pl\/polityka-prywatnosci-2\/"},"telephone":[],"openingHoursSpecification":[{"@type":"OpeningHoursSpecification","dayOfWeek":["Monday","Tuesday","Wednesday","Thursday","Friday","Saturday","Sunday"],"opens":"09:00","closes":"17:00"}]},{"@type":"ImageObject","inLanguage":"en-US","@id":"https:\/\/spawlab.pl\/en\/produkt\/airpress-maly-kompresor-bezolejowy-h-215-6-8-bar-1-5-km-1-1-kw-92-l-min-6-l-boombox-2\/#local-main-organization-logo","url":"https:\/\/spawlab.pl\/wp-content\/uploads\/2022\/01\/olx.jpg","contentUrl":"https:\/\/spawlab.pl\/wp-content\/uploads\/2022\/01\/olx.jpg","width":200,"height":200,"caption":"Spawlab.pl"}]},"product_price_amount":"436.65","product_price_currency":"PLN","og_availability":"instock","product_availability":"instock","product_retailer_item_id":"36943","product_condition":"new"},"_links":{"self":[{"href":"https:\/\/spawlab.pl\/en\/wp-json\/wp\/v2\/product\/92595","targetHints":{"allow":["GET"]}}],"collection":[{"href":"https:\/\/spawlab.pl\/en\/wp-json\/wp\/v2\/product"}],"about":[{"href":"https:\/\/spawlab.pl\/en\/wp-json\/wp\/v2\/types\/product"}],"wp:featuredmedia":[{"embeddable":true,"href":"https:\/\/spawlab.pl\/en\/wp-json\/wp\/v2\/media\/71908"}],"wp:attachment":[{"href":"https:\/\/spawlab.pl\/en\/wp-json\/wp\/v2\/media?parent=92595"}],"wp:term":[{"taxonomy":"product_brand","embeddable":true,"href":"https:\/\/spawlab.pl\/en\/wp-json\/wp\/v2\/product_brand?post=92595"},{"taxonomy":"product_cat","embeddable":true,"href":"https:\/\/spawlab.pl\/en\/wp-json\/wp\/v2\/product_cat?post=92595"},{"taxonomy":"product_tag","embeddable":true,"href":"https:\/\/spawlab.pl\/en\/wp-json\/wp\/v2\/product_tag?post=92595"}],"curies":[{"name":"wp","href":"https:\/\/api.w.org\/{rel}","templated":true}]}}